{"id":23080,"date":"2019-09-04T12:44:18","date_gmt":"2019-09-04T10:44:18","guid":{"rendered":"https:\/\/fit360.ee\/pood\/uncategorized\/stevia-suhkruasendaja-0-kalorit-350g\/"},"modified":"2025-09-03T19:33:50","modified_gmt":"2025-09-03T17:33:50","slug":"stevia-suhkruasendaja-0-kalorit-350g","status":"publish","type":"product","link":"https:\/\/fit360.ee\/en\/pood\/product-groups\/superfoods-health-foods-en\/stevia-en\/stevia-suhkruasendaja-0-kalorit-350g\/","title":{"rendered":"Stevia Suhkruasendaja &#8211; 0 kalorit (350g)"},"content":{"rendered":"<h1><strong>Stevia<\/strong><\/h1>\n<p>Stevia taimest toodetav stevioolg\u00fckosiid on maailma populaarseim tervislik kalorivaba suhkruasendaja. See taim on p\u00e4rit L\u00f5una-Ameerikast kus selle magusaid omadusi on kasutatud juba \u00fcle 1500 aasta. Kuna Stevia taime ekstrakt on muidu ligi 300 korda magusam tavalisest suhkrust siis t\u00e4iesti lahjendamata kujul seda kodus kasutada ei saa. Seet\u00f5ttu toimib see aga ideaalselt kombinatsioonis loodusliku er\u00fctritooliga.<\/p>\n<p><strong>Er\u00fctritool<\/strong><\/p>\n<p>Looduslikku er\u00fctritooli leidub n\u00e4iteks pirnides, arbuusides ja viinamarjades ning see n\u00e4eb oma v\u00e4ikeste kristallsete t\u00fckikestega v\u00e4lja nagu tavaline valge lauasuhkur. Magususelt on ta aga v\u00e4hem magus ning seet\u00f5ttu sobib loodusliku kombinatsioonina v\u00e4ga h\u00e4sti kokku stevia ekstraktiga asendamaks suhkrut. Er\u00fctritool on samuti kalorivaba ja kuna veresuhkrut ei t\u00f5sta siis sobib h\u00e4sti isegi diabeetikutele.<\/p>\n<p><strong>Koostisosad:\u00a0<\/strong>Looduslik er\u00fctritool , stevioolgl\u00fckosiid (Stevia taime ekstakt). Toodetud Eestis.<\/p>\n<p><strong>Kasutamine: <\/strong>ICONFIT Steviaga Suhkruasendajat kasuta nagu tavalist valget suhkrut \u2013 lisa natuke kohvi\/tee sisse, tee v\u00e4hemagusaid toite maitsvamalt magusaks ning kasuta erinevates k\u00fcpsetistes kalorivaba alternatiivina.<\/p>\n<p><strong>Pakend: <\/strong>Pakendatud looduss\u00f5bralikku ja \u00f5hukindlasse kartongpurki \u2013 ei mingit kilekotti! Purk on esialgu \u00f5hukindlalt suletud \u00f5hukese fooliumiga ning peale avamist mugavalt taassuletav kartongkaanega.<\/p>\n<p><strong>ICONFIT Steviaga Suhkruasendaja<\/strong> on Eestis toodetud kalorivaba alternatiiv tavalisele valgele suhkrule. See n\u00e4eb v\u00e4lja ning on umbes sama magus kui tavaline suhkur kuid annab magususe ilma lisakaloriteta. See koosneb looduslikust er\u00fctritoolist (leidub nt pirnides, arbuusides, viinamarjades) ja tervislikust Steevia taime ekstraktist.<\/p>\n<p><a href=\"https:\/\/iconfit.eu\/wp-content\/uploads\/2019\/08\/steviasweetener.jpg\" data-caption=\"\"><img decoding=\"async\" class=\"alignleft wp-image-25776 size-full\" src=\"https:\/\/iconfit.eu\/wp-content\/uploads\/2019\/08\/steviasweetener.jpg\" sizes=\"(max-width: 800px) 100vw, 800px\" srcset=\"https:\/\/iconfit.eu\/wp-content\/uploads\/2019\/08\/steviasweetener-200x98.jpg 200w, https:\/\/iconfit.eu\/wp-content\/uploads\/2019\/08\/steviasweetener-300x146.jpg 300w, https:\/\/iconfit.eu\/wp-content\/uploads\/2019\/08\/steviasweetener-400x195.jpg 400w, https:\/\/iconfit.eu\/wp-content\/uploads\/2019\/08\/steviasweetener-500x244.jpg 500w, https:\/\/iconfit.eu\/wp-content\/uploads\/2019\/08\/steviasweetener-600x293.jpg 600w, https:\/\/iconfit.eu\/wp-content\/uploads\/2019\/08\/steviasweetener-768x374.jpg 768w, https:\/\/iconfit.eu\/wp-content\/uploads\/2019\/08\/steviasweetener.jpg 800w\" alt=\"\" width=\"100%\" height=\"\" \/><\/a><\/p>\n<p>&nbsp;<\/p>\n<p>Soovid kaupa osta suuremas koguses? Vaata antud toodet ka meie HULGI poest\u00a0<a href=\"https:\/\/toidulisandidhulgi.ee\/product\/stevia-suhkruase\u2026a-0-kalorit-350g\/\"><strong>SIIT<\/strong><\/a>!<\/p>\n<p>&nbsp;<\/p>\n","protected":false},"excerpt":{"rendered":"<p><strong>ICONFIT Steviaga Suhkruasendaja on Eestis toodetud kalorivaba suhkruasendaja.<\/strong>\u00a0See koosneb looduslikust er\u00fctritoolist ning stevia taime ekstraktist ja on oma v\u00e4limuselt ja omadustelt v\u00e4ga sarnane tavalisele valgele suhkrule \u2013 kuid seda k\u00f5ike t\u00e4iesti kalorivabalt.<\/p>\n<ul>\n<li><strong>Eestis toodetud Steviaga kalorivaba suhkruasendaja.<\/strong> Ideaalne tavalise suhkru asendamiseks toitudes, jookides, k\u00fcpsetistes.<\/li>\n<li><strong style=\"font-size: 14.4px;\">Pakendiks looduss\u00f5bralik korduvkasutatav kartongpurk! <\/strong><span style=\"font-size: 14.4px;\">Ei mingit ebamugavat kilekotti.<\/span><\/li>\n<li>Koostisosadeks looduslikud magusained er\u00fctritool ning stevia taime ekstrakt.<\/li>\n<li>Sarnane magusus ja omadused tavalise suhkruga. Sobib ideaalselt k\u00f5ikidesse toitudesse, jookidesse, k\u00fcpsetistesse.<\/li>\n<li>Ideaalne keto dieetidega kasutamiseks kuna ei sisalda suhkrut ega s\u00fcsivesikuid kuid annab toidule magususe.<\/li>\n<\/ul>\n<p>&nbsp;<\/p>\n","protected":false},"featured_media":74489,"comment_status":"open","ping_status":"closed","template":"","meta":[],"product_brand":[],"product_cat":[1318,2392,1454,536],"product_tag":[1681,2076],"giftcard-category":[],"class_list":{"0":"post-23080","1":"product","2":"type-product","3":"status-publish","4":"has-post-thumbnail","6":"product_cat-iconfit-en","7":"product_cat-stevia-en","8":"product_cat-superfoods-health-foods-en","9":"product_cat-vitamins-and-minerals-en","10":"product_tag-iconfit-en","11":"product_tag-stevia-en","12":"pa_toidulisand-branddd-iconfit","13":"pa_tootegruppp-stevia-en","14":"pa_tootegruppp-supertoit-tervisetoit-en","15":"pa_tootegruppp-vitamins-and-minerals","17":"first","18":"instock","19":"sale","20":"taxable","21":"shipping-taxable","22":"purchasable","23":"product-type-simple"},"yoast_head":"<!-- This site is optimized with the Yoast SEO plugin v27.3 - https:\/\/yoast.com\/product\/yoast-seo-wordpress\/ -->\n<title>Stevia Suhkruasendaja - ICONFIT Stevia - 9,89\u20ac\/kg - Kiire tarne - Fit360<\/title>\n<meta name=\"description\" content=\"Steviaga Suhkruasendaja on Eestis toodetud kalorivaba suhkruasendaja.\u00a0See koosneb looduslikust er\u00fctritoolist ning stevia taime ekstraktist.\" \/>\n<meta name=\"robots\" content=\"index, follow, max-snippet:-1, max-image-preview:large, max-video-preview:-1\" \/>\n<link rel=\"canonical\" href=\"https:\/\/fit360.ee\/en\/pood\/product-groups\/superfoods-health-foods-en\/stevia-en\/stevia-suhkruasendaja-0-kalorit-350g\/\" \/>\n<meta property=\"og:locale\" content=\"en_US\" \/>\n<meta property=\"og:type\" content=\"article\" \/>\n<meta property=\"og:title\" content=\"Stevia Suhkruasendaja - ICONFIT Stevia - 9,89\u20ac\/kg - Kiire tarne - Fit360\" \/>\n<meta property=\"og:description\" content=\"Steviaga Suhkruasendaja on Eestis toodetud kalorivaba suhkruasendaja.\u00a0See koosneb looduslikust er\u00fctritoolist ning stevia taime ekstraktist.\" \/>\n<meta property=\"og:url\" content=\"https:\/\/fit360.ee\/en\/pood\/product-groups\/superfoods-health-foods-en\/stevia-en\/stevia-suhkruasendaja-0-kalorit-350g\/\" \/>\n<meta property=\"og:site_name\" content=\"Fit360\" \/>\n<meta property=\"article:modified_time\" content=\"2025-09-03T17:33:50+00:00\" \/>\n<meta property=\"og:image\" content=\"https:\/\/fit360.ee\/wp-content\/uploads\/2019\/09\/stevia-iconfit-fit360.ee_-scaled.jpg\" \/>\n\t<meta property=\"og:image:width\" content=\"2560\" \/>\n\t<meta property=\"og:image:height\" content=\"2560\" \/>\n\t<meta property=\"og:image:type\" content=\"image\/jpeg\" \/>\n<meta name=\"twitter:card\" content=\"summary_large_image\" \/>\n<meta name=\"twitter:label1\" content=\"Est. reading time\" \/>\n\t<meta name=\"twitter:data1\" content=\"2 minutes\" \/>\n<script type=\"application\/ld+json\" class=\"yoast-schema-graph\">{\"@context\":\"https:\\\/\\\/schema.org\",\"@graph\":[{\"@type\":\"WebPage\",\"@id\":\"https:\\\/\\\/fit360.ee\\\/en\\\/pood\\\/product-groups\\\/superfoods-health-foods-en\\\/stevia-en\\\/stevia-suhkruasendaja-0-kalorit-350g\\\/\",\"url\":\"https:\\\/\\\/fit360.ee\\\/en\\\/pood\\\/product-groups\\\/superfoods-health-foods-en\\\/stevia-en\\\/stevia-suhkruasendaja-0-kalorit-350g\\\/\",\"name\":\"Stevia Suhkruasendaja - ICONFIT Stevia - 9,89\u20ac\\\/kg - Kiire tarne - Fit360\",\"isPartOf\":{\"@id\":\"https:\\\/\\\/fit360.ee\\\/en\\\/#website\"},\"primaryImageOfPage\":{\"@id\":\"https:\\\/\\\/fit360.ee\\\/en\\\/pood\\\/product-groups\\\/superfoods-health-foods-en\\\/stevia-en\\\/stevia-suhkruasendaja-0-kalorit-350g\\\/#primaryimage\"},\"image\":{\"@id\":\"https:\\\/\\\/fit360.ee\\\/en\\\/pood\\\/product-groups\\\/superfoods-health-foods-en\\\/stevia-en\\\/stevia-suhkruasendaja-0-kalorit-350g\\\/#primaryimage\"},\"thumbnailUrl\":\"https:\\\/\\\/fit360.ee\\\/wp-content\\\/uploads\\\/2019\\\/09\\\/stevia-iconfit-fit360.ee_-scaled.jpg\",\"datePublished\":\"2019-09-04T10:44:18+00:00\",\"dateModified\":\"2025-09-03T17:33:50+00:00\",\"description\":\"Steviaga Suhkruasendaja on Eestis toodetud kalorivaba suhkruasendaja.\u00a0See koosneb looduslikust er\u00fctritoolist ning stevia taime ekstraktist.\",\"breadcrumb\":{\"@id\":\"https:\\\/\\\/fit360.ee\\\/en\\\/pood\\\/product-groups\\\/superfoods-health-foods-en\\\/stevia-en\\\/stevia-suhkruasendaja-0-kalorit-350g\\\/#breadcrumb\"},\"inLanguage\":\"en-US\",\"potentialAction\":[{\"@type\":\"ReadAction\",\"target\":[\"https:\\\/\\\/fit360.ee\\\/en\\\/pood\\\/product-groups\\\/superfoods-health-foods-en\\\/stevia-en\\\/stevia-suhkruasendaja-0-kalorit-350g\\\/\"]}]},{\"@type\":\"ImageObject\",\"inLanguage\":\"en-US\",\"@id\":\"https:\\\/\\\/fit360.ee\\\/en\\\/pood\\\/product-groups\\\/superfoods-health-foods-en\\\/stevia-en\\\/stevia-suhkruasendaja-0-kalorit-350g\\\/#primaryimage\",\"url\":\"https:\\\/\\\/fit360.ee\\\/wp-content\\\/uploads\\\/2019\\\/09\\\/stevia-iconfit-fit360.ee_-scaled.jpg\",\"contentUrl\":\"https:\\\/\\\/fit360.ee\\\/wp-content\\\/uploads\\\/2019\\\/09\\\/stevia-iconfit-fit360.ee_-scaled.jpg\",\"width\":2560,\"height\":2560,\"caption\":\"stevia iconfit - fit360.ee\"},{\"@type\":\"BreadcrumbList\",\"@id\":\"https:\\\/\\\/fit360.ee\\\/en\\\/pood\\\/product-groups\\\/superfoods-health-foods-en\\\/stevia-en\\\/stevia-suhkruasendaja-0-kalorit-350g\\\/#breadcrumb\",\"itemListElement\":[{\"@type\":\"ListItem\",\"position\":1,\"name\":\"Home\",\"item\":\"https:\\\/\\\/fit360.ee\\\/en\\\/\"},{\"@type\":\"ListItem\",\"position\":2,\"name\":\"Shop\",\"item\":\"https:\\\/\\\/fit360.ee\\\/en\\\/shop\\\/\"},{\"@type\":\"ListItem\",\"position\":3,\"name\":\"Stevia Suhkruasendaja &#8211; 0 kalorit (350g)\"}]},{\"@type\":\"WebSite\",\"@id\":\"https:\\\/\\\/fit360.ee\\\/en\\\/#website\",\"url\":\"https:\\\/\\\/fit360.ee\\\/en\\\/\",\"name\":\"Fit360\",\"description\":\"\",\"publisher\":{\"@id\":\"https:\\\/\\\/fit360.ee\\\/en\\\/#organization\"},\"potentialAction\":[{\"@type\":\"SearchAction\",\"target\":{\"@type\":\"EntryPoint\",\"urlTemplate\":\"https:\\\/\\\/fit360.ee\\\/en\\\/?s={search_term_string}\"},\"query-input\":{\"@type\":\"PropertyValueSpecification\",\"valueRequired\":true,\"valueName\":\"search_term_string\"}}],\"inLanguage\":\"en-US\"},{\"@type\":\"Organization\",\"@id\":\"https:\\\/\\\/fit360.ee\\\/en\\\/#organization\",\"name\":\"Fit360\",\"url\":\"https:\\\/\\\/fit360.ee\\\/en\\\/\",\"logo\":{\"@type\":\"ImageObject\",\"inLanguage\":\"en-US\",\"@id\":\"https:\\\/\\\/fit360.ee\\\/en\\\/#\\\/schema\\\/logo\\\/image\\\/\",\"url\":\"https:\\\/\\\/fit360.ee\\\/wp-content\\\/uploads\\\/2017\\\/01\\\/logo-fit360.png\",\"contentUrl\":\"https:\\\/\\\/fit360.ee\\\/wp-content\\\/uploads\\\/2017\\\/01\\\/logo-fit360.png\",\"width\":180,\"height\":66,\"caption\":\"Fit360\"},\"image\":{\"@id\":\"https:\\\/\\\/fit360.ee\\\/en\\\/#\\\/schema\\\/logo\\\/image\\\/\"}}]}<\/script>\n<!-- \/ Yoast SEO plugin. -->","yoast_head_json":{"title":"Stevia Suhkruasendaja - ICONFIT Stevia - 9,89\u20ac\/kg - Kiire tarne - Fit360","description":"Steviaga Suhkruasendaja on Eestis toodetud kalorivaba suhkruasendaja.\u00a0See koosneb looduslikust er\u00fctritoolist ning stevia taime ekstraktist.","robots":{"index":"index","follow":"follow","max-snippet":"max-snippet:-1","max-image-preview":"max-image-preview:large","max-video-preview":"max-video-preview:-1"},"canonical":"https:\/\/fit360.ee\/en\/pood\/product-groups\/superfoods-health-foods-en\/stevia-en\/stevia-suhkruasendaja-0-kalorit-350g\/","og_locale":"en_US","og_type":"article","og_title":"Stevia Suhkruasendaja - ICONFIT Stevia - 9,89\u20ac\/kg - Kiire tarne - Fit360","og_description":"Steviaga Suhkruasendaja on Eestis toodetud kalorivaba suhkruasendaja.\u00a0See koosneb looduslikust er\u00fctritoolist ning stevia taime ekstraktist.","og_url":"https:\/\/fit360.ee\/en\/pood\/product-groups\/superfoods-health-foods-en\/stevia-en\/stevia-suhkruasendaja-0-kalorit-350g\/","og_site_name":"Fit360","article_modified_time":"2025-09-03T17:33:50+00:00","og_image":[{"width":2560,"height":2560,"url":"https:\/\/fit360.ee\/wp-content\/uploads\/2019\/09\/stevia-iconfit-fit360.ee_-scaled.jpg","type":"image\/jpeg"}],"twitter_card":"summary_large_image","twitter_misc":{"Est. reading time":"2 minutes"},"schema":{"@context":"https:\/\/schema.org","@graph":[{"@type":"WebPage","@id":"https:\/\/fit360.ee\/en\/pood\/product-groups\/superfoods-health-foods-en\/stevia-en\/stevia-suhkruasendaja-0-kalorit-350g\/","url":"https:\/\/fit360.ee\/en\/pood\/product-groups\/superfoods-health-foods-en\/stevia-en\/stevia-suhkruasendaja-0-kalorit-350g\/","name":"Stevia Suhkruasendaja - ICONFIT Stevia - 9,89\u20ac\/kg - Kiire tarne - Fit360","isPartOf":{"@id":"https:\/\/fit360.ee\/en\/#website"},"primaryImageOfPage":{"@id":"https:\/\/fit360.ee\/en\/pood\/product-groups\/superfoods-health-foods-en\/stevia-en\/stevia-suhkruasendaja-0-kalorit-350g\/#primaryimage"},"image":{"@id":"https:\/\/fit360.ee\/en\/pood\/product-groups\/superfoods-health-foods-en\/stevia-en\/stevia-suhkruasendaja-0-kalorit-350g\/#primaryimage"},"thumbnailUrl":"https:\/\/fit360.ee\/wp-content\/uploads\/2019\/09\/stevia-iconfit-fit360.ee_-scaled.jpg","datePublished":"2019-09-04T10:44:18+00:00","dateModified":"2025-09-03T17:33:50+00:00","description":"Steviaga Suhkruasendaja on Eestis toodetud kalorivaba suhkruasendaja.\u00a0See koosneb looduslikust er\u00fctritoolist ning stevia taime ekstraktist.","breadcrumb":{"@id":"https:\/\/fit360.ee\/en\/pood\/product-groups\/superfoods-health-foods-en\/stevia-en\/stevia-suhkruasendaja-0-kalorit-350g\/#breadcrumb"},"inLanguage":"en-US","potentialAction":[{"@type":"ReadAction","target":["https:\/\/fit360.ee\/en\/pood\/product-groups\/superfoods-health-foods-en\/stevia-en\/stevia-suhkruasendaja-0-kalorit-350g\/"]}]},{"@type":"ImageObject","inLanguage":"en-US","@id":"https:\/\/fit360.ee\/en\/pood\/product-groups\/superfoods-health-foods-en\/stevia-en\/stevia-suhkruasendaja-0-kalorit-350g\/#primaryimage","url":"https:\/\/fit360.ee\/wp-content\/uploads\/2019\/09\/stevia-iconfit-fit360.ee_-scaled.jpg","contentUrl":"https:\/\/fit360.ee\/wp-content\/uploads\/2019\/09\/stevia-iconfit-fit360.ee_-scaled.jpg","width":2560,"height":2560,"caption":"stevia iconfit - fit360.ee"},{"@type":"BreadcrumbList","@id":"https:\/\/fit360.ee\/en\/pood\/product-groups\/superfoods-health-foods-en\/stevia-en\/stevia-suhkruasendaja-0-kalorit-350g\/#breadcrumb","itemListElement":[{"@type":"ListItem","position":1,"name":"Home","item":"https:\/\/fit360.ee\/en\/"},{"@type":"ListItem","position":2,"name":"Shop","item":"https:\/\/fit360.ee\/en\/shop\/"},{"@type":"ListItem","position":3,"name":"Stevia Suhkruasendaja &#8211; 0 kalorit (350g)"}]},{"@type":"WebSite","@id":"https:\/\/fit360.ee\/en\/#website","url":"https:\/\/fit360.ee\/en\/","name":"Fit360","description":"","publisher":{"@id":"https:\/\/fit360.ee\/en\/#organization"},"potentialAction":[{"@type":"SearchAction","target":{"@type":"EntryPoint","urlTemplate":"https:\/\/fit360.ee\/en\/?s={search_term_string}"},"query-input":{"@type":"PropertyValueSpecification","valueRequired":true,"valueName":"search_term_string"}}],"inLanguage":"en-US"},{"@type":"Organization","@id":"https:\/\/fit360.ee\/en\/#organization","name":"Fit360","url":"https:\/\/fit360.ee\/en\/","logo":{"@type":"ImageObject","inLanguage":"en-US","@id":"https:\/\/fit360.ee\/en\/#\/schema\/logo\/image\/","url":"https:\/\/fit360.ee\/wp-content\/uploads\/2017\/01\/logo-fit360.png","contentUrl":"https:\/\/fit360.ee\/wp-content\/uploads\/2017\/01\/logo-fit360.png","width":180,"height":66,"caption":"Fit360"},"image":{"@id":"https:\/\/fit360.ee\/en\/#\/schema\/logo\/image\/"}}]}},"_links":{"self":[{"href":"https:\/\/fit360.ee\/en\/wp-json\/wp\/v2\/product\/23080","targetHints":{"allow":["GET"]}}],"collection":[{"href":"https:\/\/fit360.ee\/en\/wp-json\/wp\/v2\/product"}],"about":[{"href":"https:\/\/fit360.ee\/en\/wp-json\/wp\/v2\/types\/product"}],"replies":[{"embeddable":true,"href":"https:\/\/fit360.ee\/en\/wp-json\/wp\/v2\/comments?post=23080"}],"wp:featuredmedia":[{"embeddable":true,"href":"https:\/\/fit360.ee\/en\/wp-json\/wp\/v2\/media\/74489"}],"wp:attachment":[{"href":"https:\/\/fit360.ee\/en\/wp-json\/wp\/v2\/media?parent=23080"}],"wp:term":[{"taxonomy":"product_brand","embeddable":true,"href":"https:\/\/fit360.ee\/en\/wp-json\/wp\/v2\/product_brand?post=23080"},{"taxonomy":"product_cat","embeddable":true,"href":"https:\/\/fit360.ee\/en\/wp-json\/wp\/v2\/product_cat?post=23080"},{"taxonomy":"product_tag","embeddable":true,"href":"https:\/\/fit360.ee\/en\/wp-json\/wp\/v2\/product_tag?post=23080"},{"taxonomy":"giftcard-category","embeddable":true,"href":"https:\/\/fit360.ee\/en\/wp-json\/wp\/v2\/giftcard-category?post=23080"}],"curies":[{"name":"wp","href":"https:\/\/api.w.org\/{rel}","templated":true}]}}