{"id":24127,"date":"2019-09-23T18:41:09","date_gmt":"2019-09-23T16:41:09","guid":{"rendered":"https:\/\/fit360.ee\/pood\/uncategorized\/bb-rockaway-leggings-kahvatu-roosa\/"},"modified":"2026-03-16T18:35:47","modified_gmt":"2026-03-16T16:35:47","slug":"bb-rockaway-leggings-kahvatu-roosa","status":"publish","type":"product","link":"https:\/\/fit360.ee\/en\/pood\/training-equipment-en\/fitness-clothing-en\/bb-rockaway-leggings-kahvatu-roosa\/","title":{"rendered":"BB Rockaway Leggings, Kahvatu Roosa"},"content":{"rendered":"<p><strong>V\u00f6\u00f6\u00fcmberm\u00f5\u00f5t<\/strong>:<br \/>\nCM XS: 59 S: 61 M: 63 L: 65<br \/>\nINCH XS: 23 2\/9 S: 24 M: 24 4\/5 L: 25 3\/5<\/p>\n","protected":false},"excerpt":{"rendered":"<p><strong>TUNNE ENNAST VABALT, VALI <em>ROCKAWAY<\/em> retuusid:<\/strong><\/p>\n<p>Pildil ole modell on 167 cm (5\u20196\u2033) pikk ning kannab S suurus retuuse<\/p>\n<p><strong>Oluline<\/strong>: <em>Rockaway<\/em> retuusidega ei ole soovitatav<br \/>\n<strong>Fit<\/strong>: K\u00f5rge v\u00f6\u00f6koht<br \/>\n<strong>Pikkus<\/strong>: T\u00e4ispikad<br \/>\n<strong>Tugi<\/strong>: Kerge<br \/>\n<strong>Materjali erip\u00e4rad<\/strong>: Pehmet k\u00f5rget v\u00f6\u00f6kohta on v\u00f5imalik alla voltida. Need on meie klientide lemmik-retuusid, mis toovad v\u00e4lja k\u00f5ik Sinu imeilusad kumerused.<\/p>\n<p>P\u00e4ris New Yorgi suvises stiilis <em>Rockaway<\/em> retuusid on kerged, \u00f5mblusteta ja annavad teile selle vaba tunde, et saate ainult siis, kui suvi k\u00e4es ja tuul on soe. K\u00f5rge v\u00f6\u00f6koht r\u00f5hutab ja t\u00f5stab esile teie loomulikke kurve. <em>Rockaway<\/em> retuusid sobivad suurep\u00e4raselt madala intensiivsusega treeningutele v\u00f5i lihtsalt p\u00e4ikesepaistelisel p\u00e4eval linna v\u00f5i randa jalutama.<\/p>\n","protected":false},"featured_media":24116,"comment_status":"closed","ping_status":"closed","template":"","meta":[],"product_brand":[],"product_cat":[547,538],"product_tag":[],"giftcard-category":[],"class_list":{"0":"post-24127","1":"product","2":"type-product","3":"status-publish","4":"has-post-thumbnail","6":"product_cat-fitness-clothing-en","7":"product_cat-training-equipment-en","8":"pa_brand-better-bodies-en","9":"pa_riidetuup-pants","10":"pa_sugu-for-women","11":"pa_suurus-l","12":"pa_suurus-m","13":"pa_suurus-s","14":"pa_suurus-xs","15":"pa_varustus-clothes","16":"pa_varvus-hele-roosa-en","18":"first","19":"outofstock","20":"sale","21":"taxable","22":"shipping-taxable","23":"purchasable","24":"product-type-variable"},"yoast_head":"<!-- This site is optimized with the Yoast SEO plugin v27.3 - https:\/\/yoast.com\/product\/yoast-seo-wordpress\/ -->\n<title>BB Rockaway Leggings, Kahvatu Roosa - Fit360<\/title>\n<meta name=\"robots\" content=\"index, follow, max-snippet:-1, max-image-preview:large, max-video-preview:-1\" \/>\n<link rel=\"canonical\" href=\"https:\/\/fit360.ee\/en\/pood\/training-equipment-en\/fitness-clothing-en\/bb-rockaway-leggings-kahvatu-roosa\/\" \/>\n<meta property=\"og:locale\" content=\"en_US\" \/>\n<meta property=\"og:type\" content=\"article\" \/>\n<meta property=\"og:title\" content=\"BB Rockaway Leggings, Kahvatu Roosa - Fit360\" \/>\n<meta property=\"og:description\" content=\"TUNNE ENNAST VABALT, VALI ROCKAWAY retuusid:  Pildil ole modell on 167 cm (5\u20196\u2033) pikk ning kannab S suurus retuuse  Oluline: Rockaway retuusidega ei ole soovitatav Fit: K\u00f5rge v\u00f6\u00f6koht Pikkus: T\u00e4ispikad Tugi: Kerge Materjali erip\u00e4rad: Pehmet k\u00f5rget v\u00f6\u00f6kohta on v\u00f5imalik alla voltida. Need on meie klientide lemmik-retuusid, mis toovad v\u00e4lja k\u00f5ik Sinu imeilusad kumerused.  P\u00e4ris New Yorgi suvises stiilis Rockaway retuusid on kerged, \u00f5mblusteta ja annavad teile selle vaba tunde, et saate ainult siis, kui suvi k\u00e4es ja tuul on soe. K\u00f5rge v\u00f6\u00f6koht r\u00f5hutab ja t\u00f5stab esile teie loomulikke kurve. Rockaway retuusid sobivad suurep\u00e4raselt madala intensiivsusega treeningutele v\u00f5i lihtsalt p\u00e4ikesepaistelisel p\u00e4eval linna v\u00f5i randa jalutama.\" \/>\n<meta property=\"og:url\" content=\"https:\/\/fit360.ee\/en\/pood\/training-equipment-en\/fitness-clothing-en\/bb-rockaway-leggings-kahvatu-roosa\/\" \/>\n<meta property=\"og:site_name\" content=\"Fit360\" \/>\n<meta property=\"article:modified_time\" content=\"2026-03-16T16:35:47+00:00\" \/>\n<meta property=\"og:image\" content=\"https:\/\/fit360.ee\/wp-content\/uploads\/2019\/09\/rockaway-tights-roosa-1.jpg\" \/>\n\t<meta property=\"og:image:width\" content=\"1440\" \/>\n\t<meta property=\"og:image:height\" content=\"1440\" \/>\n\t<meta property=\"og:image:type\" content=\"image\/jpeg\" \/>\n<meta name=\"twitter:card\" content=\"summary_large_image\" \/>\n<script type=\"application\/ld+json\" class=\"yoast-schema-graph\">{\"@context\":\"https:\\\/\\\/schema.org\",\"@graph\":[{\"@type\":\"WebPage\",\"@id\":\"https:\\\/\\\/fit360.ee\\\/en\\\/pood\\\/training-equipment-en\\\/fitness-clothing-en\\\/bb-rockaway-leggings-kahvatu-roosa\\\/\",\"url\":\"https:\\\/\\\/fit360.ee\\\/en\\\/pood\\\/training-equipment-en\\\/fitness-clothing-en\\\/bb-rockaway-leggings-kahvatu-roosa\\\/\",\"name\":\"BB Rockaway Leggings, Kahvatu Roosa - Fit360\",\"isPartOf\":{\"@id\":\"https:\\\/\\\/fit360.ee\\\/en\\\/#website\"},\"primaryImageOfPage\":{\"@id\":\"https:\\\/\\\/fit360.ee\\\/en\\\/pood\\\/training-equipment-en\\\/fitness-clothing-en\\\/bb-rockaway-leggings-kahvatu-roosa\\\/#primaryimage\"},\"image\":{\"@id\":\"https:\\\/\\\/fit360.ee\\\/en\\\/pood\\\/training-equipment-en\\\/fitness-clothing-en\\\/bb-rockaway-leggings-kahvatu-roosa\\\/#primaryimage\"},\"thumbnailUrl\":\"https:\\\/\\\/fit360.ee\\\/wp-content\\\/uploads\\\/2019\\\/09\\\/rockaway-tights-roosa-1.jpg\",\"datePublished\":\"2019-09-23T16:41:09+00:00\",\"dateModified\":\"2026-03-16T16:35:47+00:00\",\"breadcrumb\":{\"@id\":\"https:\\\/\\\/fit360.ee\\\/en\\\/pood\\\/training-equipment-en\\\/fitness-clothing-en\\\/bb-rockaway-leggings-kahvatu-roosa\\\/#breadcrumb\"},\"inLanguage\":\"en-US\",\"potentialAction\":[{\"@type\":\"ReadAction\",\"target\":[\"https:\\\/\\\/fit360.ee\\\/en\\\/pood\\\/training-equipment-en\\\/fitness-clothing-en\\\/bb-rockaway-leggings-kahvatu-roosa\\\/\"]}]},{\"@type\":\"ImageObject\",\"inLanguage\":\"en-US\",\"@id\":\"https:\\\/\\\/fit360.ee\\\/en\\\/pood\\\/training-equipment-en\\\/fitness-clothing-en\\\/bb-rockaway-leggings-kahvatu-roosa\\\/#primaryimage\",\"url\":\"https:\\\/\\\/fit360.ee\\\/wp-content\\\/uploads\\\/2019\\\/09\\\/rockaway-tights-roosa-1.jpg\",\"contentUrl\":\"https:\\\/\\\/fit360.ee\\\/wp-content\\\/uploads\\\/2019\\\/09\\\/rockaway-tights-roosa-1.jpg\",\"width\":1440,\"height\":1440},{\"@type\":\"BreadcrumbList\",\"@id\":\"https:\\\/\\\/fit360.ee\\\/en\\\/pood\\\/training-equipment-en\\\/fitness-clothing-en\\\/bb-rockaway-leggings-kahvatu-roosa\\\/#breadcrumb\",\"itemListElement\":[{\"@type\":\"ListItem\",\"position\":1,\"name\":\"Home\",\"item\":\"https:\\\/\\\/fit360.ee\\\/en\\\/\"},{\"@type\":\"ListItem\",\"position\":2,\"name\":\"Shop\",\"item\":\"https:\\\/\\\/fit360.ee\\\/en\\\/shop\\\/\"},{\"@type\":\"ListItem\",\"position\":3,\"name\":\"BB Rockaway Leggings, Kahvatu Roosa\"}]},{\"@type\":\"WebSite\",\"@id\":\"https:\\\/\\\/fit360.ee\\\/en\\\/#website\",\"url\":\"https:\\\/\\\/fit360.ee\\\/en\\\/\",\"name\":\"Fit360\",\"description\":\"\",\"publisher\":{\"@id\":\"https:\\\/\\\/fit360.ee\\\/en\\\/#organization\"},\"potentialAction\":[{\"@type\":\"SearchAction\",\"target\":{\"@type\":\"EntryPoint\",\"urlTemplate\":\"https:\\\/\\\/fit360.ee\\\/en\\\/?s={search_term_string}\"},\"query-input\":{\"@type\":\"PropertyValueSpecification\",\"valueRequired\":true,\"valueName\":\"search_term_string\"}}],\"inLanguage\":\"en-US\"},{\"@type\":\"Organization\",\"@id\":\"https:\\\/\\\/fit360.ee\\\/en\\\/#organization\",\"name\":\"Fit360\",\"url\":\"https:\\\/\\\/fit360.ee\\\/en\\\/\",\"logo\":{\"@type\":\"ImageObject\",\"inLanguage\":\"en-US\",\"@id\":\"https:\\\/\\\/fit360.ee\\\/en\\\/#\\\/schema\\\/logo\\\/image\\\/\",\"url\":\"https:\\\/\\\/fit360.ee\\\/wp-content\\\/uploads\\\/2017\\\/01\\\/logo-fit360.png\",\"contentUrl\":\"https:\\\/\\\/fit360.ee\\\/wp-content\\\/uploads\\\/2017\\\/01\\\/logo-fit360.png\",\"width\":180,\"height\":66,\"caption\":\"Fit360\"},\"image\":{\"@id\":\"https:\\\/\\\/fit360.ee\\\/en\\\/#\\\/schema\\\/logo\\\/image\\\/\"}}]}<\/script>\n<!-- \/ Yoast SEO plugin. -->","yoast_head_json":{"title":"BB Rockaway Leggings, Kahvatu Roosa - Fit360","robots":{"index":"index","follow":"follow","max-snippet":"max-snippet:-1","max-image-preview":"max-image-preview:large","max-video-preview":"max-video-preview:-1"},"canonical":"https:\/\/fit360.ee\/en\/pood\/training-equipment-en\/fitness-clothing-en\/bb-rockaway-leggings-kahvatu-roosa\/","og_locale":"en_US","og_type":"article","og_title":"BB Rockaway Leggings, Kahvatu Roosa - Fit360","og_description":"TUNNE ENNAST VABALT, VALI ROCKAWAY retuusid:  Pildil ole modell on 167 cm (5\u20196\u2033) pikk ning kannab S suurus retuuse  Oluline: Rockaway retuusidega ei ole soovitatav Fit: K\u00f5rge v\u00f6\u00f6koht Pikkus: T\u00e4ispikad Tugi: Kerge Materjali erip\u00e4rad: Pehmet k\u00f5rget v\u00f6\u00f6kohta on v\u00f5imalik alla voltida. Need on meie klientide lemmik-retuusid, mis toovad v\u00e4lja k\u00f5ik Sinu imeilusad kumerused.  P\u00e4ris New Yorgi suvises stiilis Rockaway retuusid on kerged, \u00f5mblusteta ja annavad teile selle vaba tunde, et saate ainult siis, kui suvi k\u00e4es ja tuul on soe. K\u00f5rge v\u00f6\u00f6koht r\u00f5hutab ja t\u00f5stab esile teie loomulikke kurve. Rockaway retuusid sobivad suurep\u00e4raselt madala intensiivsusega treeningutele v\u00f5i lihtsalt p\u00e4ikesepaistelisel p\u00e4eval linna v\u00f5i randa jalutama.","og_url":"https:\/\/fit360.ee\/en\/pood\/training-equipment-en\/fitness-clothing-en\/bb-rockaway-leggings-kahvatu-roosa\/","og_site_name":"Fit360","article_modified_time":"2026-03-16T16:35:47+00:00","og_image":[{"width":1440,"height":1440,"url":"https:\/\/fit360.ee\/wp-content\/uploads\/2019\/09\/rockaway-tights-roosa-1.jpg","type":"image\/jpeg"}],"twitter_card":"summary_large_image","schema":{"@context":"https:\/\/schema.org","@graph":[{"@type":"WebPage","@id":"https:\/\/fit360.ee\/en\/pood\/training-equipment-en\/fitness-clothing-en\/bb-rockaway-leggings-kahvatu-roosa\/","url":"https:\/\/fit360.ee\/en\/pood\/training-equipment-en\/fitness-clothing-en\/bb-rockaway-leggings-kahvatu-roosa\/","name":"BB Rockaway Leggings, Kahvatu Roosa - Fit360","isPartOf":{"@id":"https:\/\/fit360.ee\/en\/#website"},"primaryImageOfPage":{"@id":"https:\/\/fit360.ee\/en\/pood\/training-equipment-en\/fitness-clothing-en\/bb-rockaway-leggings-kahvatu-roosa\/#primaryimage"},"image":{"@id":"https:\/\/fit360.ee\/en\/pood\/training-equipment-en\/fitness-clothing-en\/bb-rockaway-leggings-kahvatu-roosa\/#primaryimage"},"thumbnailUrl":"https:\/\/fit360.ee\/wp-content\/uploads\/2019\/09\/rockaway-tights-roosa-1.jpg","datePublished":"2019-09-23T16:41:09+00:00","dateModified":"2026-03-16T16:35:47+00:00","breadcrumb":{"@id":"https:\/\/fit360.ee\/en\/pood\/training-equipment-en\/fitness-clothing-en\/bb-rockaway-leggings-kahvatu-roosa\/#breadcrumb"},"inLanguage":"en-US","potentialAction":[{"@type":"ReadAction","target":["https:\/\/fit360.ee\/en\/pood\/training-equipment-en\/fitness-clothing-en\/bb-rockaway-leggings-kahvatu-roosa\/"]}]},{"@type":"ImageObject","inLanguage":"en-US","@id":"https:\/\/fit360.ee\/en\/pood\/training-equipment-en\/fitness-clothing-en\/bb-rockaway-leggings-kahvatu-roosa\/#primaryimage","url":"https:\/\/fit360.ee\/wp-content\/uploads\/2019\/09\/rockaway-tights-roosa-1.jpg","contentUrl":"https:\/\/fit360.ee\/wp-content\/uploads\/2019\/09\/rockaway-tights-roosa-1.jpg","width":1440,"height":1440},{"@type":"BreadcrumbList","@id":"https:\/\/fit360.ee\/en\/pood\/training-equipment-en\/fitness-clothing-en\/bb-rockaway-leggings-kahvatu-roosa\/#breadcrumb","itemListElement":[{"@type":"ListItem","position":1,"name":"Home","item":"https:\/\/fit360.ee\/en\/"},{"@type":"ListItem","position":2,"name":"Shop","item":"https:\/\/fit360.ee\/en\/shop\/"},{"@type":"ListItem","position":3,"name":"BB Rockaway Leggings, Kahvatu Roosa"}]},{"@type":"WebSite","@id":"https:\/\/fit360.ee\/en\/#website","url":"https:\/\/fit360.ee\/en\/","name":"Fit360","description":"","publisher":{"@id":"https:\/\/fit360.ee\/en\/#organization"},"potentialAction":[{"@type":"SearchAction","target":{"@type":"EntryPoint","urlTemplate":"https:\/\/fit360.ee\/en\/?s={search_term_string}"},"query-input":{"@type":"PropertyValueSpecification","valueRequired":true,"valueName":"search_term_string"}}],"inLanguage":"en-US"},{"@type":"Organization","@id":"https:\/\/fit360.ee\/en\/#organization","name":"Fit360","url":"https:\/\/fit360.ee\/en\/","logo":{"@type":"ImageObject","inLanguage":"en-US","@id":"https:\/\/fit360.ee\/en\/#\/schema\/logo\/image\/","url":"https:\/\/fit360.ee\/wp-content\/uploads\/2017\/01\/logo-fit360.png","contentUrl":"https:\/\/fit360.ee\/wp-content\/uploads\/2017\/01\/logo-fit360.png","width":180,"height":66,"caption":"Fit360"},"image":{"@id":"https:\/\/fit360.ee\/en\/#\/schema\/logo\/image\/"}}]}},"_links":{"self":[{"href":"https:\/\/fit360.ee\/en\/wp-json\/wp\/v2\/product\/24127","targetHints":{"allow":["GET"]}}],"collection":[{"href":"https:\/\/fit360.ee\/en\/wp-json\/wp\/v2\/product"}],"about":[{"href":"https:\/\/fit360.ee\/en\/wp-json\/wp\/v2\/types\/product"}],"replies":[{"embeddable":true,"href":"https:\/\/fit360.ee\/en\/wp-json\/wp\/v2\/comments?post=24127"}],"wp:featuredmedia":[{"embeddable":true,"href":"https:\/\/fit360.ee\/en\/wp-json\/wp\/v2\/media\/24116"}],"wp:attachment":[{"href":"https:\/\/fit360.ee\/en\/wp-json\/wp\/v2\/media?parent=24127"}],"wp:term":[{"taxonomy":"product_brand","embeddable":true,"href":"https:\/\/fit360.ee\/en\/wp-json\/wp\/v2\/product_brand?post=24127"},{"taxonomy":"product_cat","embeddable":true,"href":"https:\/\/fit360.ee\/en\/wp-json\/wp\/v2\/product_cat?post=24127"},{"taxonomy":"product_tag","embeddable":true,"href":"https:\/\/fit360.ee\/en\/wp-json\/wp\/v2\/product_tag?post=24127"},{"taxonomy":"giftcard-category","embeddable":true,"href":"https:\/\/fit360.ee\/en\/wp-json\/wp\/v2\/giftcard-category?post=24127"}],"curies":[{"name":"wp","href":"https:\/\/api.w.org\/{rel}","templated":true}]}}