{"id":24467,"date":"2019-09-30T16:59:01","date_gmt":"2019-09-30T14:59:01","guid":{"rendered":"https:\/\/fit360.ee\/pood\/uncategorized\/crea-shortcut-complex-1kg-kreatiin-bcaa-energia\/"},"modified":"2026-02-27T15:16:01","modified_gmt":"2026-02-27T13:16:01","slug":"crea-shortcut-complex-1kg-kreatiin-bcaa-energia","status":"publish","type":"product","link":"https:\/\/fit360.ee\/en\/pood\/product-groups\/amino-acids-bcaa\/bcaa-en\/crea-shortcut-complex-1kg-kreatiin-bcaa-energia\/","title":{"rendered":"CREA Shortcut Complex (1KG, Kreatiin, BCAA, Energia)"},"content":{"rendered":"<p><strong>ICONFIT CREA SHORTCUT.<\/strong>\u00a0Eestis v\u00e4lja arendatud ja toodetud Crea Shortcut sisaldab k\u00f5ike, mida vajad oma f\u00fc\u00fcsilise arengu jaoks \u2013 t\u00e4isportsjonid mikroniseeritud kreatiini, s\u00fcsivesikud kreatiini parimaks omandamiseks ja energiaks, BCAA 2:1:1 aminohappeid ning mitmek\u00fclgset segu 23 vitamiinist ja mineraalist. T\u00f5stab sinu f\u00fc\u00fcsilist sooritusv\u00f5imet intensiivse treeningu k\u00e4igus ja aitab kaasa plahvatusliku j\u00f5u ning lihaste arengule!<\/p>\n<p><strong>KASUTAMINE:<\/strong>\u00a0Sega 40g portsjon (servani m\u00f5\u00f5dulusikas) 250-300ml veega shakeris. Tarbi 2 portsjonit p\u00e4evas \u2013 \u00fcks hommikul ja teine treeningu alguses. Hommikuse trenni puhul teine portsjon p\u00e4rastl\u00f5unal.<\/p>\n<p><strong>KOOSTISOSAD:<\/strong>\u00a0\u00a0S\u00fcsivesikute kompleks kiiresti ja aeglaselt imenduvatest allikatest (maltodekstriin ja Palatinose\u2122 isomaltuloos), mikroniseeritud kreatiin monoh\u00fcdraat, BCAA2:1:1 aminohapete kompleks (l-leutsiin, l-valiin, l-isoleutsiin), maitse- ja l\u00f5hnaaine, sidrunhape, 23 vitamiini ja mineraali kompleks katmaks 60% p\u00e4evasest soovitatavast kogusest (VitamiinA(retin\u00fc\u00fclatsetaat), vitamiin D (kolekaltsiferool), kaltsium, vask, jood, raud, magneesium, mangaan, kaalium, fosfor, seleenium, naatrium, tsink, askorbiinhape, vitamiin E, niatsiin, pantoteenhape, vitamiin B6, tiamiin, riboflaviin, vitamiin B12, foolhape, biotiin), magusaine sukraloos (E955).<\/p>\n<div class=\"table-2\">\n<table width=\"100%\">\n<thead>\n<tr>\n<th align=\"left\"><strong>TOITAINED:<\/strong><\/th>\n<th align=\"left\">\/ 40 g<\/th>\n<th align=\"left\">\/ 100 g<\/th>\n<\/tr>\n<\/thead>\n<tbody>\n<tr>\n<td align=\"left\">Energia (kJ\/kcal)<\/td>\n<td align=\"left\">451\/108<\/td>\n<td align=\"left\">1127\/269<\/td>\n<\/tr>\n<tr>\n<td align=\"left\">Valgud(g)<\/td>\n<td align=\"left\">0,0<\/td>\n<td align=\"left\">0,0<\/td>\n<\/tr>\n<tr>\n<td align=\"left\">S\u00fcsivesikud(g)<\/td>\n<td align=\"left\">25,9<\/td>\n<td align=\"left\">64,8<\/td>\n<\/tr>\n<tr>\n<td align=\"left\">..millest suhkruid(g)<\/td>\n<td align=\"left\">10,4<\/td>\n<td align=\"left\">25,9<\/td>\n<\/tr>\n<tr>\n<td align=\"left\">Rasvad(g)<\/td>\n<td align=\"left\">0,0<\/td>\n<td align=\"left\">0,0<\/td>\n<\/tr>\n<tr>\n<td align=\"left\">..millest k\u00fcllast.(g)<\/td>\n<td align=\"left\">0,0<\/td>\n<td align=\"left\">0,0<\/td>\n<\/tr>\n<tr>\n<td align=\"left\">Kreatiin (g)<\/td>\n<td align=\"left\">6,0<\/td>\n<td align=\"left\">15,0<\/td>\n<\/tr>\n<tr>\n<td align=\"left\">L-Leutsiin (g)<\/td>\n<td align=\"left\">2,4<\/td>\n<td align=\"left\">6,0<\/td>\n<\/tr>\n<tr>\n<td align=\"left\">L-Valiin (g)<\/td>\n<td align=\"left\">1,2<\/td>\n<td align=\"left\">3,0<\/td>\n<\/tr>\n<tr>\n<td align=\"left\">L-Isoleutsiin (g)<\/td>\n<td align=\"left\">1,2<\/td>\n<td align=\"left\">3,0<\/td>\n<\/tr>\n<\/tbody>\n<\/table>\n<p>Soovid kaupa osta suuremas koguses? Vaata antud toodet ka meie HULGI poest\u00a0<a href=\"https:\/\/toidulisandidhulgi.ee\/product\/crea-shortcut-co\u2026iin-bcaa-energia\/\"><strong>SIIT<\/strong><\/a>!<\/p>\n<\/div>\n","protected":false},"excerpt":{"rendered":"<p><strong>ICONFIT CREA Shortcut<\/strong>\u00a0on t\u00e4iskomplekt lisandeid, mida Sa vajad j\u00f5usaalis kiire f\u00fc\u00fcsilise arengu jaoks<\/p>\n<ul>\n<li><strong>T\u00e4isportsjon mikroniseeritud kreatiini plahvatusliku j\u00f5u arendamiseks.<\/strong><\/li>\n<li>BCAA 2:1:1 kompleks lihaste arenguks ja taastumiseks.<\/li>\n<li>Kiirete ja aeglaste s\u00fcsivesikute allikad energiaks ja kreatiini kiireks toimimiseks.<\/li>\n<li><strong style=\"font-size: 14.4px;\">Komplekt 23st vitamiinist ja mineraalist katmaks 60% p\u00e4evasest vajadusest.<\/strong><\/li>\n<\/ul>\n<p>&nbsp;<\/p>\n","protected":false},"featured_media":24464,"comment_status":"open","ping_status":"closed","template":"","meta":[],"product_brand":[],"product_cat":[520,2299,526,522,2331,1318,2335,528,531],"product_tag":[],"giftcard-category":[],"class_list":{"0":"post-24467","1":"product","2":"type-product","3":"status-publish","4":"has-post-thumbnail","6":"product_cat-amino-acids-bcaa","7":"product_cat-bcaa-en","8":"product_cat-creatine-en","9":"product_cat-energy-carbohydrates","10":"product_cat-essential-amino-acids-eaa-en","11":"product_cat-iconfit-en","12":"product_cat-leucine-en","13":"product_cat-mass-gainers-en","14":"product_cat-recovery-post-workout-en","15":"pa_maitse-apple","16":"pa_maitse-arbuus-en","17":"pa_maitse-grape","19":"first","20":"instock","21":"sale","22":"taxable","23":"shipping-taxable","24":"purchasable","25":"product-type-variable"},"yoast_head":"<!-- This site is optimized with the Yoast SEO plugin v27.3 - https:\/\/yoast.com\/product\/yoast-seo-wordpress\/ -->\n<title>CREA Shortcut Complex (1KG, Kreatiin, BCAA, Energia) - Fit360<\/title>\n<meta name=\"robots\" content=\"index, follow, max-snippet:-1, max-image-preview:large, max-video-preview:-1\" \/>\n<link rel=\"canonical\" href=\"https:\/\/fit360.ee\/en\/pood\/product-groups\/amino-acids-bcaa\/bcaa-en\/crea-shortcut-complex-1kg-kreatiin-bcaa-energia\/\" \/>\n<meta property=\"og:locale\" content=\"en_US\" \/>\n<meta property=\"og:type\" content=\"article\" \/>\n<meta property=\"og:title\" content=\"CREA Shortcut Complex (1KG, Kreatiin, BCAA, Energia) - Fit360\" \/>\n<meta property=\"og:description\" content=\"ICONFIT CREA Shortcut\u00a0on t\u00e4iskomplekt lisandeid, mida Sa vajad j\u00f5usaalis kiire f\u00fc\u00fcsilise arengu jaoks   T\u00e4isportsjon mikroniseeritud kreatiini plahvatusliku j\u00f5u arendamiseks.  BCAA 2:1:1 kompleks lihaste arenguks ja taastumiseks.  Kiirete ja aeglaste s\u00fcsivesikute allikad energiaks ja kreatiini kiireks toimimiseks.  Komplekt 23st vitamiinist ja mineraalist katmaks 60% p\u00e4evasest vajadusest.  &nbsp;\" \/>\n<meta property=\"og:url\" content=\"https:\/\/fit360.ee\/en\/pood\/product-groups\/amino-acids-bcaa\/bcaa-en\/crea-shortcut-complex-1kg-kreatiin-bcaa-energia\/\" \/>\n<meta property=\"og:site_name\" content=\"Fit360\" \/>\n<meta property=\"article:modified_time\" content=\"2026-02-27T13:16:01+00:00\" \/>\n<meta property=\"og:image\" content=\"https:\/\/fit360.ee\/wp-content\/uploads\/2019\/09\/crea-shortcut-700px.jpg\" \/>\n\t<meta property=\"og:image:width\" content=\"700\" \/>\n\t<meta property=\"og:image:height\" content=\"700\" \/>\n\t<meta property=\"og:image:type\" content=\"image\/jpeg\" \/>\n<meta name=\"twitter:card\" content=\"summary_large_image\" \/>\n<meta name=\"twitter:label1\" content=\"Est. reading time\" \/>\n\t<meta name=\"twitter:data1\" content=\"2 minutes\" \/>\n<script type=\"application\/ld+json\" class=\"yoast-schema-graph\">{\"@context\":\"https:\\\/\\\/schema.org\",\"@graph\":[{\"@type\":\"WebPage\",\"@id\":\"https:\\\/\\\/fit360.ee\\\/en\\\/pood\\\/product-groups\\\/amino-acids-bcaa\\\/bcaa-en\\\/crea-shortcut-complex-1kg-kreatiin-bcaa-energia\\\/\",\"url\":\"https:\\\/\\\/fit360.ee\\\/en\\\/pood\\\/product-groups\\\/amino-acids-bcaa\\\/bcaa-en\\\/crea-shortcut-complex-1kg-kreatiin-bcaa-energia\\\/\",\"name\":\"CREA Shortcut Complex (1KG, Kreatiin, BCAA, Energia) - Fit360\",\"isPartOf\":{\"@id\":\"https:\\\/\\\/fit360.ee\\\/en\\\/#website\"},\"primaryImageOfPage\":{\"@id\":\"https:\\\/\\\/fit360.ee\\\/en\\\/pood\\\/product-groups\\\/amino-acids-bcaa\\\/bcaa-en\\\/crea-shortcut-complex-1kg-kreatiin-bcaa-energia\\\/#primaryimage\"},\"image\":{\"@id\":\"https:\\\/\\\/fit360.ee\\\/en\\\/pood\\\/product-groups\\\/amino-acids-bcaa\\\/bcaa-en\\\/crea-shortcut-complex-1kg-kreatiin-bcaa-energia\\\/#primaryimage\"},\"thumbnailUrl\":\"https:\\\/\\\/fit360.ee\\\/wp-content\\\/uploads\\\/2019\\\/09\\\/crea-shortcut-700px.jpg\",\"datePublished\":\"2019-09-30T14:59:01+00:00\",\"dateModified\":\"2026-02-27T13:16:01+00:00\",\"breadcrumb\":{\"@id\":\"https:\\\/\\\/fit360.ee\\\/en\\\/pood\\\/product-groups\\\/amino-acids-bcaa\\\/bcaa-en\\\/crea-shortcut-complex-1kg-kreatiin-bcaa-energia\\\/#breadcrumb\"},\"inLanguage\":\"en-US\",\"potentialAction\":[{\"@type\":\"ReadAction\",\"target\":[\"https:\\\/\\\/fit360.ee\\\/en\\\/pood\\\/product-groups\\\/amino-acids-bcaa\\\/bcaa-en\\\/crea-shortcut-complex-1kg-kreatiin-bcaa-energia\\\/\"]}]},{\"@type\":\"ImageObject\",\"inLanguage\":\"en-US\",\"@id\":\"https:\\\/\\\/fit360.ee\\\/en\\\/pood\\\/product-groups\\\/amino-acids-bcaa\\\/bcaa-en\\\/crea-shortcut-complex-1kg-kreatiin-bcaa-energia\\\/#primaryimage\",\"url\":\"https:\\\/\\\/fit360.ee\\\/wp-content\\\/uploads\\\/2019\\\/09\\\/crea-shortcut-700px.jpg\",\"contentUrl\":\"https:\\\/\\\/fit360.ee\\\/wp-content\\\/uploads\\\/2019\\\/09\\\/crea-shortcut-700px.jpg\",\"width\":700,\"height\":700},{\"@type\":\"BreadcrumbList\",\"@id\":\"https:\\\/\\\/fit360.ee\\\/en\\\/pood\\\/product-groups\\\/amino-acids-bcaa\\\/bcaa-en\\\/crea-shortcut-complex-1kg-kreatiin-bcaa-energia\\\/#breadcrumb\",\"itemListElement\":[{\"@type\":\"ListItem\",\"position\":1,\"name\":\"Home\",\"item\":\"https:\\\/\\\/fit360.ee\\\/en\\\/\"},{\"@type\":\"ListItem\",\"position\":2,\"name\":\"Shop\",\"item\":\"https:\\\/\\\/fit360.ee\\\/en\\\/shop\\\/\"},{\"@type\":\"ListItem\",\"position\":3,\"name\":\"CREA Shortcut Complex (1KG, Kreatiin, BCAA, Energia)\"}]},{\"@type\":\"WebSite\",\"@id\":\"https:\\\/\\\/fit360.ee\\\/en\\\/#website\",\"url\":\"https:\\\/\\\/fit360.ee\\\/en\\\/\",\"name\":\"Fit360\",\"description\":\"\",\"publisher\":{\"@id\":\"https:\\\/\\\/fit360.ee\\\/en\\\/#organization\"},\"potentialAction\":[{\"@type\":\"SearchAction\",\"target\":{\"@type\":\"EntryPoint\",\"urlTemplate\":\"https:\\\/\\\/fit360.ee\\\/en\\\/?s={search_term_string}\"},\"query-input\":{\"@type\":\"PropertyValueSpecification\",\"valueRequired\":true,\"valueName\":\"search_term_string\"}}],\"inLanguage\":\"en-US\"},{\"@type\":\"Organization\",\"@id\":\"https:\\\/\\\/fit360.ee\\\/en\\\/#organization\",\"name\":\"Fit360\",\"url\":\"https:\\\/\\\/fit360.ee\\\/en\\\/\",\"logo\":{\"@type\":\"ImageObject\",\"inLanguage\":\"en-US\",\"@id\":\"https:\\\/\\\/fit360.ee\\\/en\\\/#\\\/schema\\\/logo\\\/image\\\/\",\"url\":\"https:\\\/\\\/fit360.ee\\\/wp-content\\\/uploads\\\/2017\\\/01\\\/logo-fit360.png\",\"contentUrl\":\"https:\\\/\\\/fit360.ee\\\/wp-content\\\/uploads\\\/2017\\\/01\\\/logo-fit360.png\",\"width\":180,\"height\":66,\"caption\":\"Fit360\"},\"image\":{\"@id\":\"https:\\\/\\\/fit360.ee\\\/en\\\/#\\\/schema\\\/logo\\\/image\\\/\"}}]}<\/script>\n<!-- \/ Yoast SEO plugin. -->","yoast_head_json":{"title":"CREA Shortcut Complex (1KG, Kreatiin, BCAA, Energia) - Fit360","robots":{"index":"index","follow":"follow","max-snippet":"max-snippet:-1","max-image-preview":"max-image-preview:large","max-video-preview":"max-video-preview:-1"},"canonical":"https:\/\/fit360.ee\/en\/pood\/product-groups\/amino-acids-bcaa\/bcaa-en\/crea-shortcut-complex-1kg-kreatiin-bcaa-energia\/","og_locale":"en_US","og_type":"article","og_title":"CREA Shortcut Complex (1KG, Kreatiin, BCAA, Energia) - Fit360","og_description":"ICONFIT CREA Shortcut\u00a0on t\u00e4iskomplekt lisandeid, mida Sa vajad j\u00f5usaalis kiire f\u00fc\u00fcsilise arengu jaoks   T\u00e4isportsjon mikroniseeritud kreatiini plahvatusliku j\u00f5u arendamiseks.  BCAA 2:1:1 kompleks lihaste arenguks ja taastumiseks.  Kiirete ja aeglaste s\u00fcsivesikute allikad energiaks ja kreatiini kiireks toimimiseks.  Komplekt 23st vitamiinist ja mineraalist katmaks 60% p\u00e4evasest vajadusest.  &nbsp;","og_url":"https:\/\/fit360.ee\/en\/pood\/product-groups\/amino-acids-bcaa\/bcaa-en\/crea-shortcut-complex-1kg-kreatiin-bcaa-energia\/","og_site_name":"Fit360","article_modified_time":"2026-02-27T13:16:01+00:00","og_image":[{"width":700,"height":700,"url":"https:\/\/fit360.ee\/wp-content\/uploads\/2019\/09\/crea-shortcut-700px.jpg","type":"image\/jpeg"}],"twitter_card":"summary_large_image","twitter_misc":{"Est. reading time":"2 minutes"},"schema":{"@context":"https:\/\/schema.org","@graph":[{"@type":"WebPage","@id":"https:\/\/fit360.ee\/en\/pood\/product-groups\/amino-acids-bcaa\/bcaa-en\/crea-shortcut-complex-1kg-kreatiin-bcaa-energia\/","url":"https:\/\/fit360.ee\/en\/pood\/product-groups\/amino-acids-bcaa\/bcaa-en\/crea-shortcut-complex-1kg-kreatiin-bcaa-energia\/","name":"CREA Shortcut Complex (1KG, Kreatiin, BCAA, Energia) - Fit360","isPartOf":{"@id":"https:\/\/fit360.ee\/en\/#website"},"primaryImageOfPage":{"@id":"https:\/\/fit360.ee\/en\/pood\/product-groups\/amino-acids-bcaa\/bcaa-en\/crea-shortcut-complex-1kg-kreatiin-bcaa-energia\/#primaryimage"},"image":{"@id":"https:\/\/fit360.ee\/en\/pood\/product-groups\/amino-acids-bcaa\/bcaa-en\/crea-shortcut-complex-1kg-kreatiin-bcaa-energia\/#primaryimage"},"thumbnailUrl":"https:\/\/fit360.ee\/wp-content\/uploads\/2019\/09\/crea-shortcut-700px.jpg","datePublished":"2019-09-30T14:59:01+00:00","dateModified":"2026-02-27T13:16:01+00:00","breadcrumb":{"@id":"https:\/\/fit360.ee\/en\/pood\/product-groups\/amino-acids-bcaa\/bcaa-en\/crea-shortcut-complex-1kg-kreatiin-bcaa-energia\/#breadcrumb"},"inLanguage":"en-US","potentialAction":[{"@type":"ReadAction","target":["https:\/\/fit360.ee\/en\/pood\/product-groups\/amino-acids-bcaa\/bcaa-en\/crea-shortcut-complex-1kg-kreatiin-bcaa-energia\/"]}]},{"@type":"ImageObject","inLanguage":"en-US","@id":"https:\/\/fit360.ee\/en\/pood\/product-groups\/amino-acids-bcaa\/bcaa-en\/crea-shortcut-complex-1kg-kreatiin-bcaa-energia\/#primaryimage","url":"https:\/\/fit360.ee\/wp-content\/uploads\/2019\/09\/crea-shortcut-700px.jpg","contentUrl":"https:\/\/fit360.ee\/wp-content\/uploads\/2019\/09\/crea-shortcut-700px.jpg","width":700,"height":700},{"@type":"BreadcrumbList","@id":"https:\/\/fit360.ee\/en\/pood\/product-groups\/amino-acids-bcaa\/bcaa-en\/crea-shortcut-complex-1kg-kreatiin-bcaa-energia\/#breadcrumb","itemListElement":[{"@type":"ListItem","position":1,"name":"Home","item":"https:\/\/fit360.ee\/en\/"},{"@type":"ListItem","position":2,"name":"Shop","item":"https:\/\/fit360.ee\/en\/shop\/"},{"@type":"ListItem","position":3,"name":"CREA Shortcut Complex (1KG, Kreatiin, BCAA, Energia)"}]},{"@type":"WebSite","@id":"https:\/\/fit360.ee\/en\/#website","url":"https:\/\/fit360.ee\/en\/","name":"Fit360","description":"","publisher":{"@id":"https:\/\/fit360.ee\/en\/#organization"},"potentialAction":[{"@type":"SearchAction","target":{"@type":"EntryPoint","urlTemplate":"https:\/\/fit360.ee\/en\/?s={search_term_string}"},"query-input":{"@type":"PropertyValueSpecification","valueRequired":true,"valueName":"search_term_string"}}],"inLanguage":"en-US"},{"@type":"Organization","@id":"https:\/\/fit360.ee\/en\/#organization","name":"Fit360","url":"https:\/\/fit360.ee\/en\/","logo":{"@type":"ImageObject","inLanguage":"en-US","@id":"https:\/\/fit360.ee\/en\/#\/schema\/logo\/image\/","url":"https:\/\/fit360.ee\/wp-content\/uploads\/2017\/01\/logo-fit360.png","contentUrl":"https:\/\/fit360.ee\/wp-content\/uploads\/2017\/01\/logo-fit360.png","width":180,"height":66,"caption":"Fit360"},"image":{"@id":"https:\/\/fit360.ee\/en\/#\/schema\/logo\/image\/"}}]}},"_links":{"self":[{"href":"https:\/\/fit360.ee\/en\/wp-json\/wp\/v2\/product\/24467","targetHints":{"allow":["GET"]}}],"collection":[{"href":"https:\/\/fit360.ee\/en\/wp-json\/wp\/v2\/product"}],"about":[{"href":"https:\/\/fit360.ee\/en\/wp-json\/wp\/v2\/types\/product"}],"replies":[{"embeddable":true,"href":"https:\/\/fit360.ee\/en\/wp-json\/wp\/v2\/comments?post=24467"}],"wp:featuredmedia":[{"embeddable":true,"href":"https:\/\/fit360.ee\/en\/wp-json\/wp\/v2\/media\/24464"}],"wp:attachment":[{"href":"https:\/\/fit360.ee\/en\/wp-json\/wp\/v2\/media?parent=24467"}],"wp:term":[{"taxonomy":"product_brand","embeddable":true,"href":"https:\/\/fit360.ee\/en\/wp-json\/wp\/v2\/product_brand?post=24467"},{"taxonomy":"product_cat","embeddable":true,"href":"https:\/\/fit360.ee\/en\/wp-json\/wp\/v2\/product_cat?post=24467"},{"taxonomy":"product_tag","embeddable":true,"href":"https:\/\/fit360.ee\/en\/wp-json\/wp\/v2\/product_tag?post=24467"},{"taxonomy":"giftcard-category","embeddable":true,"href":"https:\/\/fit360.ee\/en\/wp-json\/wp\/v2\/giftcard-category?post=24467"}],"curies":[{"name":"wp","href":"https:\/\/api.w.org\/{rel}","templated":true}]}}