{"id":24471,"date":"2019-09-30T17:03:48","date_gmt":"2019-09-30T15:03:48","guid":{"rendered":"https:\/\/fit360.ee\/pood\/uncategorized\/cla-pulber-300g\/"},"modified":"2025-08-19T19:39:40","modified_gmt":"2025-08-19T17:39:40","slug":"cla-pulber-300g","status":"publish","type":"product","link":"https:\/\/fit360.ee\/en\/pood\/product-groups\/superfoods-health-foods-en\/cla-conjugated-linoleic-acid-en\/cla-pulber-300g\/","title":{"rendered":"CLA Pulber (300g)"},"content":{"rendered":"<p><strong>ICONFIT CLA Pulber<\/strong>\u00a0on puhas konjugeerituud linoolhape pulbrilisel kujul. CLA on hinnatud toidulisand ja koostisosa kaalulangetamise eesm\u00e4rgile kaasaaitamiseks. Ta aitab p\u00f5letada kehas rasvasid ja muundada neid energiaks.<\/p>\n<p>Looduslikult leidub seda peamiselt lihas ja piimatoodetes kuid toidust on piidavat kogust raske k\u00e4tte saada. Seet\u00f5ttu on hea oma men\u00fc\u00fcd t\u00e4iendada CLAga toidulisandi kujul. Sobib segamiseks erinevatesse toitudesse ja jookidesse.<\/p>\n<h3><a href=\"https:\/\/iconfit.eu\/wp-content\/uploads\/2019\/06\/weightloss.jpg\" data-caption=\"\"><img decoding=\"async\" class=\"alignleft wp-image-19556 size-full\" src=\"https:\/\/iconfit.eu\/wp-content\/uploads\/2019\/06\/weightloss.jpg\" sizes=\"(max-width: 850px) 100vw, 850px\" srcset=\"https:\/\/iconfit.eu\/wp-content\/uploads\/2019\/06\/weightloss-200x63.jpg 200w, https:\/\/iconfit.eu\/wp-content\/uploads\/2019\/06\/weightloss-300x94.jpg 300w, https:\/\/iconfit.eu\/wp-content\/uploads\/2019\/06\/weightloss-400x126.jpg 400w, https:\/\/iconfit.eu\/wp-content\/uploads\/2019\/06\/weightloss-500x157.jpg 500w, https:\/\/iconfit.eu\/wp-content\/uploads\/2019\/06\/weightloss-600x188.jpg 600w, https:\/\/iconfit.eu\/wp-content\/uploads\/2019\/06\/weightloss-768x241.jpg 768w, https:\/\/iconfit.eu\/wp-content\/uploads\/2019\/06\/weightloss-800x251.jpg 800w, https:\/\/iconfit.eu\/wp-content\/uploads\/2019\/06\/weightloss.jpg 850w\" alt=\"\" width=\"100%\" height=\"\" \/><\/a><\/h3>\n<p>&nbsp;<\/p>\n<p><strong>KOOSTISOSAD<\/strong>: CLA 80% aktiivsete isomeeridega (konjugeeritud linoolhape).\u00a0<strong>KASUTAMINE<\/strong>: Lisa iga p\u00e4ev 1 m\u00f5\u00f5dulusikas (5g) toidule, smuutile v\u00f5i joogile. V\u00f5ib jaotada m\u00f5\u00f5dulusikas oleva koguse ka 1-3 toidukorra peale laiali. \u00c4ra \u00fcleta soovitatavaid koguseid.<\/p>\n<p>Soovid kaupa osta suuremas koguses? Vaata antud toodet ka meie HULGI poest\u00a0<a href=\"https:\/\/toidulisandidhulgi.ee\/product\/cla-pulber-300g\/\"><strong>SIIT<\/strong><\/a>!<\/p>\n","protected":false},"excerpt":{"rendered":"<p><strong>ICONFIT CLA konjugeeritud linoolhape kaalulangetamise abiks.\u00a0<\/strong><\/p>\n<ul>\n<li>Pulbrilisel kujul CLA 80% aktiivsete isomeeridega.<\/li>\n<li>On toeks kaalulagetamisel ning aitab p\u00f5letada rasvasid ja muundada neid energiaks.<\/li>\n<li>Lihtne lisada m\u00f5\u00f5dulusikaga toidule, smuutile v\u00f5i joogile.<\/li>\n<\/ul>\n<p>&nbsp;<\/p>\n","protected":false},"featured_media":74491,"comment_status":"open","ping_status":"closed","template":"","meta":[],"product_brand":[],"product_cat":[2367,525,530,1318,1454],"product_tag":[],"giftcard-category":[],"class_list":{"0":"post-24471","1":"product","2":"type-product","3":"status-publish","4":"has-post-thumbnail","6":"product_cat-cla-conjugated-linoleic-acid-en","7":"product_cat-essential-fats-en","8":"product_cat-fat-burners-en","9":"product_cat-iconfit-en","10":"product_cat-superfoods-health-foods-en","11":"pa_maitse-natural","12":"pa_toidulisand-branddd-iconfit","13":"pa_tootegruppp-cla-konjugeeritud-linoolhape-en","14":"pa_tootegruppp-supertoit-tervisetoit-en","15":"pa_tootegruppp-useful-fatty-acids","16":"pa_tootegruppp-weight-loss","18":"first","19":"instock","20":"sale","21":"taxable","22":"shipping-taxable","23":"purchasable","24":"product-type-simple"},"yoast_head":"<!-- This site is optimized with the Yoast SEO plugin v27.3 - https:\/\/yoast.com\/product\/yoast-seo-wordpress\/ -->\n<title>CLA Pulber (300g) - Fit360<\/title>\n<meta name=\"robots\" content=\"index, follow, max-snippet:-1, max-image-preview:large, max-video-preview:-1\" \/>\n<link rel=\"canonical\" href=\"https:\/\/fit360.ee\/en\/pood\/product-groups\/superfoods-health-foods-en\/cla-conjugated-linoleic-acid-en\/cla-pulber-300g\/\" \/>\n<meta property=\"og:locale\" content=\"en_US\" \/>\n<meta property=\"og:type\" content=\"article\" \/>\n<meta property=\"og:title\" content=\"CLA Pulber (300g) - Fit360\" \/>\n<meta property=\"og:description\" content=\"ICONFIT CLA konjugeeritud linoolhape kaalulangetamise abiks.\u00a0   Pulbrilisel kujul CLA 80% aktiivsete isomeeridega.  On toeks kaalulagetamisel ning aitab p\u00f5letada rasvasid ja muundada neid energiaks.  Lihtne lisada m\u00f5\u00f5dulusikaga toidule, smuutile v\u00f5i joogile.  &nbsp;\" \/>\n<meta property=\"og:url\" content=\"https:\/\/fit360.ee\/en\/pood\/product-groups\/superfoods-health-foods-en\/cla-conjugated-linoleic-acid-en\/cla-pulber-300g\/\" \/>\n<meta property=\"og:site_name\" content=\"Fit360\" \/>\n<meta property=\"article:modified_time\" content=\"2025-08-19T17:39:40+00:00\" \/>\n<meta property=\"og:image\" content=\"https:\/\/fit360.ee\/wp-content\/uploads\/2019\/09\/cla-pulber-iconfit-fit360.ee_.jpg\" \/>\n\t<meta property=\"og:image:width\" content=\"695\" \/>\n\t<meta property=\"og:image:height\" content=\"695\" \/>\n\t<meta property=\"og:image:type\" content=\"image\/jpeg\" \/>\n<meta name=\"twitter:card\" content=\"summary_large_image\" \/>\n<meta name=\"twitter:label1\" content=\"Est. reading time\" \/>\n\t<meta name=\"twitter:data1\" content=\"1 minute\" \/>\n<script type=\"application\/ld+json\" class=\"yoast-schema-graph\">{\"@context\":\"https:\\\/\\\/schema.org\",\"@graph\":[{\"@type\":\"WebPage\",\"@id\":\"https:\\\/\\\/fit360.ee\\\/en\\\/pood\\\/product-groups\\\/superfoods-health-foods-en\\\/cla-conjugated-linoleic-acid-en\\\/cla-pulber-300g\\\/\",\"url\":\"https:\\\/\\\/fit360.ee\\\/en\\\/pood\\\/product-groups\\\/superfoods-health-foods-en\\\/cla-conjugated-linoleic-acid-en\\\/cla-pulber-300g\\\/\",\"name\":\"CLA Pulber (300g) - Fit360\",\"isPartOf\":{\"@id\":\"https:\\\/\\\/fit360.ee\\\/en\\\/#website\"},\"primaryImageOfPage\":{\"@id\":\"https:\\\/\\\/fit360.ee\\\/en\\\/pood\\\/product-groups\\\/superfoods-health-foods-en\\\/cla-conjugated-linoleic-acid-en\\\/cla-pulber-300g\\\/#primaryimage\"},\"image\":{\"@id\":\"https:\\\/\\\/fit360.ee\\\/en\\\/pood\\\/product-groups\\\/superfoods-health-foods-en\\\/cla-conjugated-linoleic-acid-en\\\/cla-pulber-300g\\\/#primaryimage\"},\"thumbnailUrl\":\"https:\\\/\\\/fit360.ee\\\/wp-content\\\/uploads\\\/2019\\\/09\\\/cla-pulber-iconfit-fit360.ee_.jpg\",\"datePublished\":\"2019-09-30T15:03:48+00:00\",\"dateModified\":\"2025-08-19T17:39:40+00:00\",\"breadcrumb\":{\"@id\":\"https:\\\/\\\/fit360.ee\\\/en\\\/pood\\\/product-groups\\\/superfoods-health-foods-en\\\/cla-conjugated-linoleic-acid-en\\\/cla-pulber-300g\\\/#breadcrumb\"},\"inLanguage\":\"en-US\",\"potentialAction\":[{\"@type\":\"ReadAction\",\"target\":[\"https:\\\/\\\/fit360.ee\\\/en\\\/pood\\\/product-groups\\\/superfoods-health-foods-en\\\/cla-conjugated-linoleic-acid-en\\\/cla-pulber-300g\\\/\"]}]},{\"@type\":\"ImageObject\",\"inLanguage\":\"en-US\",\"@id\":\"https:\\\/\\\/fit360.ee\\\/en\\\/pood\\\/product-groups\\\/superfoods-health-foods-en\\\/cla-conjugated-linoleic-acid-en\\\/cla-pulber-300g\\\/#primaryimage\",\"url\":\"https:\\\/\\\/fit360.ee\\\/wp-content\\\/uploads\\\/2019\\\/09\\\/cla-pulber-iconfit-fit360.ee_.jpg\",\"contentUrl\":\"https:\\\/\\\/fit360.ee\\\/wp-content\\\/uploads\\\/2019\\\/09\\\/cla-pulber-iconfit-fit360.ee_.jpg\",\"width\":695,\"height\":695,\"caption\":\"cla pulber iconfit - fit360.ee\"},{\"@type\":\"BreadcrumbList\",\"@id\":\"https:\\\/\\\/fit360.ee\\\/en\\\/pood\\\/product-groups\\\/superfoods-health-foods-en\\\/cla-conjugated-linoleic-acid-en\\\/cla-pulber-300g\\\/#breadcrumb\",\"itemListElement\":[{\"@type\":\"ListItem\",\"position\":1,\"name\":\"Home\",\"item\":\"https:\\\/\\\/fit360.ee\\\/en\\\/\"},{\"@type\":\"ListItem\",\"position\":2,\"name\":\"Shop\",\"item\":\"https:\\\/\\\/fit360.ee\\\/en\\\/shop\\\/\"},{\"@type\":\"ListItem\",\"position\":3,\"name\":\"CLA Pulber (300g)\"}]},{\"@type\":\"WebSite\",\"@id\":\"https:\\\/\\\/fit360.ee\\\/en\\\/#website\",\"url\":\"https:\\\/\\\/fit360.ee\\\/en\\\/\",\"name\":\"Fit360\",\"description\":\"\",\"publisher\":{\"@id\":\"https:\\\/\\\/fit360.ee\\\/en\\\/#organization\"},\"potentialAction\":[{\"@type\":\"SearchAction\",\"target\":{\"@type\":\"EntryPoint\",\"urlTemplate\":\"https:\\\/\\\/fit360.ee\\\/en\\\/?s={search_term_string}\"},\"query-input\":{\"@type\":\"PropertyValueSpecification\",\"valueRequired\":true,\"valueName\":\"search_term_string\"}}],\"inLanguage\":\"en-US\"},{\"@type\":\"Organization\",\"@id\":\"https:\\\/\\\/fit360.ee\\\/en\\\/#organization\",\"name\":\"Fit360\",\"url\":\"https:\\\/\\\/fit360.ee\\\/en\\\/\",\"logo\":{\"@type\":\"ImageObject\",\"inLanguage\":\"en-US\",\"@id\":\"https:\\\/\\\/fit360.ee\\\/en\\\/#\\\/schema\\\/logo\\\/image\\\/\",\"url\":\"https:\\\/\\\/fit360.ee\\\/wp-content\\\/uploads\\\/2017\\\/01\\\/logo-fit360.png\",\"contentUrl\":\"https:\\\/\\\/fit360.ee\\\/wp-content\\\/uploads\\\/2017\\\/01\\\/logo-fit360.png\",\"width\":180,\"height\":66,\"caption\":\"Fit360\"},\"image\":{\"@id\":\"https:\\\/\\\/fit360.ee\\\/en\\\/#\\\/schema\\\/logo\\\/image\\\/\"}}]}<\/script>\n<!-- \/ Yoast SEO plugin. -->","yoast_head_json":{"title":"CLA Pulber (300g) - Fit360","robots":{"index":"index","follow":"follow","max-snippet":"max-snippet:-1","max-image-preview":"max-image-preview:large","max-video-preview":"max-video-preview:-1"},"canonical":"https:\/\/fit360.ee\/en\/pood\/product-groups\/superfoods-health-foods-en\/cla-conjugated-linoleic-acid-en\/cla-pulber-300g\/","og_locale":"en_US","og_type":"article","og_title":"CLA Pulber (300g) - Fit360","og_description":"ICONFIT CLA konjugeeritud linoolhape kaalulangetamise abiks.\u00a0   Pulbrilisel kujul CLA 80% aktiivsete isomeeridega.  On toeks kaalulagetamisel ning aitab p\u00f5letada rasvasid ja muundada neid energiaks.  Lihtne lisada m\u00f5\u00f5dulusikaga toidule, smuutile v\u00f5i joogile.  &nbsp;","og_url":"https:\/\/fit360.ee\/en\/pood\/product-groups\/superfoods-health-foods-en\/cla-conjugated-linoleic-acid-en\/cla-pulber-300g\/","og_site_name":"Fit360","article_modified_time":"2025-08-19T17:39:40+00:00","og_image":[{"width":695,"height":695,"url":"https:\/\/fit360.ee\/wp-content\/uploads\/2019\/09\/cla-pulber-iconfit-fit360.ee_.jpg","type":"image\/jpeg"}],"twitter_card":"summary_large_image","twitter_misc":{"Est. reading time":"1 minute"},"schema":{"@context":"https:\/\/schema.org","@graph":[{"@type":"WebPage","@id":"https:\/\/fit360.ee\/en\/pood\/product-groups\/superfoods-health-foods-en\/cla-conjugated-linoleic-acid-en\/cla-pulber-300g\/","url":"https:\/\/fit360.ee\/en\/pood\/product-groups\/superfoods-health-foods-en\/cla-conjugated-linoleic-acid-en\/cla-pulber-300g\/","name":"CLA Pulber (300g) - Fit360","isPartOf":{"@id":"https:\/\/fit360.ee\/en\/#website"},"primaryImageOfPage":{"@id":"https:\/\/fit360.ee\/en\/pood\/product-groups\/superfoods-health-foods-en\/cla-conjugated-linoleic-acid-en\/cla-pulber-300g\/#primaryimage"},"image":{"@id":"https:\/\/fit360.ee\/en\/pood\/product-groups\/superfoods-health-foods-en\/cla-conjugated-linoleic-acid-en\/cla-pulber-300g\/#primaryimage"},"thumbnailUrl":"https:\/\/fit360.ee\/wp-content\/uploads\/2019\/09\/cla-pulber-iconfit-fit360.ee_.jpg","datePublished":"2019-09-30T15:03:48+00:00","dateModified":"2025-08-19T17:39:40+00:00","breadcrumb":{"@id":"https:\/\/fit360.ee\/en\/pood\/product-groups\/superfoods-health-foods-en\/cla-conjugated-linoleic-acid-en\/cla-pulber-300g\/#breadcrumb"},"inLanguage":"en-US","potentialAction":[{"@type":"ReadAction","target":["https:\/\/fit360.ee\/en\/pood\/product-groups\/superfoods-health-foods-en\/cla-conjugated-linoleic-acid-en\/cla-pulber-300g\/"]}]},{"@type":"ImageObject","inLanguage":"en-US","@id":"https:\/\/fit360.ee\/en\/pood\/product-groups\/superfoods-health-foods-en\/cla-conjugated-linoleic-acid-en\/cla-pulber-300g\/#primaryimage","url":"https:\/\/fit360.ee\/wp-content\/uploads\/2019\/09\/cla-pulber-iconfit-fit360.ee_.jpg","contentUrl":"https:\/\/fit360.ee\/wp-content\/uploads\/2019\/09\/cla-pulber-iconfit-fit360.ee_.jpg","width":695,"height":695,"caption":"cla pulber iconfit - fit360.ee"},{"@type":"BreadcrumbList","@id":"https:\/\/fit360.ee\/en\/pood\/product-groups\/superfoods-health-foods-en\/cla-conjugated-linoleic-acid-en\/cla-pulber-300g\/#breadcrumb","itemListElement":[{"@type":"ListItem","position":1,"name":"Home","item":"https:\/\/fit360.ee\/en\/"},{"@type":"ListItem","position":2,"name":"Shop","item":"https:\/\/fit360.ee\/en\/shop\/"},{"@type":"ListItem","position":3,"name":"CLA Pulber (300g)"}]},{"@type":"WebSite","@id":"https:\/\/fit360.ee\/en\/#website","url":"https:\/\/fit360.ee\/en\/","name":"Fit360","description":"","publisher":{"@id":"https:\/\/fit360.ee\/en\/#organization"},"potentialAction":[{"@type":"SearchAction","target":{"@type":"EntryPoint","urlTemplate":"https:\/\/fit360.ee\/en\/?s={search_term_string}"},"query-input":{"@type":"PropertyValueSpecification","valueRequired":true,"valueName":"search_term_string"}}],"inLanguage":"en-US"},{"@type":"Organization","@id":"https:\/\/fit360.ee\/en\/#organization","name":"Fit360","url":"https:\/\/fit360.ee\/en\/","logo":{"@type":"ImageObject","inLanguage":"en-US","@id":"https:\/\/fit360.ee\/en\/#\/schema\/logo\/image\/","url":"https:\/\/fit360.ee\/wp-content\/uploads\/2017\/01\/logo-fit360.png","contentUrl":"https:\/\/fit360.ee\/wp-content\/uploads\/2017\/01\/logo-fit360.png","width":180,"height":66,"caption":"Fit360"},"image":{"@id":"https:\/\/fit360.ee\/en\/#\/schema\/logo\/image\/"}}]}},"_links":{"self":[{"href":"https:\/\/fit360.ee\/en\/wp-json\/wp\/v2\/product\/24471","targetHints":{"allow":["GET"]}}],"collection":[{"href":"https:\/\/fit360.ee\/en\/wp-json\/wp\/v2\/product"}],"about":[{"href":"https:\/\/fit360.ee\/en\/wp-json\/wp\/v2\/types\/product"}],"replies":[{"embeddable":true,"href":"https:\/\/fit360.ee\/en\/wp-json\/wp\/v2\/comments?post=24471"}],"wp:featuredmedia":[{"embeddable":true,"href":"https:\/\/fit360.ee\/en\/wp-json\/wp\/v2\/media\/74491"}],"wp:attachment":[{"href":"https:\/\/fit360.ee\/en\/wp-json\/wp\/v2\/media?parent=24471"}],"wp:term":[{"taxonomy":"product_brand","embeddable":true,"href":"https:\/\/fit360.ee\/en\/wp-json\/wp\/v2\/product_brand?post=24471"},{"taxonomy":"product_cat","embeddable":true,"href":"https:\/\/fit360.ee\/en\/wp-json\/wp\/v2\/product_cat?post=24471"},{"taxonomy":"product_tag","embeddable":true,"href":"https:\/\/fit360.ee\/en\/wp-json\/wp\/v2\/product_tag?post=24471"},{"taxonomy":"giftcard-category","embeddable":true,"href":"https:\/\/fit360.ee\/en\/wp-json\/wp\/v2\/giftcard-category?post=24471"}],"curies":[{"name":"wp","href":"https:\/\/api.w.org\/{rel}","templated":true}]}}