{"id":25168,"date":"2019-10-14T18:33:47","date_gmt":"2019-10-14T16:33:47","guid":{"rendered":"https:\/\/fit360.ee\/pood\/uncategorized\/omega-strong-60caps\/"},"modified":"2025-12-22T23:26:03","modified_gmt":"2025-12-22T21:26:03","slug":"omega-strong-60caps","status":"publish","type":"product","link":"https:\/\/fit360.ee\/en\/pood\/product-groups\/essential-fats-en\/omega-3-en\/omega-strong-60caps\/","title":{"rendered":"Omega Strong (60caps)"},"content":{"rendered":"<p><strong>Koostisosad<\/strong>: Kala\u00f5li, \u017eelatiin (kapsel).<\/p>\n<p><strong>Kasutamine<\/strong>: Tarbida 2 kapslit p\u00e4evas. Mitte \u00fcletada soovitatud p\u00e4evast annust. Toode on m\u00f5eldud t\u00e4iskasvanutele. Hoiustada kuivas ja jahedas kohas.<\/p>\n<p><strong>Suurus<\/strong>: 60 kapslit \u2013 30 serveeringut.<\/p>\n<table width=\"606\">\n<tbody>\n<tr>\n<td width=\"212\"><strong>Anal\u00fc\u00fcs<\/strong><\/td>\n<td width=\"276\"><strong>1 portsjon (1 kapsel)<\/strong><\/td>\n<td width=\"111\"><strong>RDA%<\/strong><\/td>\n<\/tr>\n<tr>\n<td width=\"212\">Kala\u00f5li (sh):<\/td>\n<td width=\"276\">1000 mg<\/td>\n<td width=\"111\">**<\/td>\n<\/tr>\n<tr>\n<td width=\"212\">EPA 50%<\/td>\n<td width=\"276\">500 mg<\/td>\n<td width=\"111\">**<\/td>\n<\/tr>\n<tr>\n<td width=\"212\">DHA 25%<\/td>\n<td width=\"276\">250 mg<\/td>\n<td width=\"111\">**<\/td>\n<\/tr>\n<\/tbody>\n<\/table>\n<p>% RDA \u2013 p\u00e4evasest soovitatavast kogusest, ** \u2013 RDA ei ole kindlaks tehtud.<\/p>\n<p>Soovid kaupa osta suuremas koguses? Vaata antud toodet ka meie HULGI poest\u00a0<a href=\"https:\/\/toidulisandidhulgi.ee\/product\/omega-strong-60caps\/\"><strong>SIIT<\/strong><\/a>!<\/p>\n","protected":false},"excerpt":{"rendered":"<p><strong>Omega STRONG:<\/strong><\/p>\n<ul>\n<li>Suurendavad rasvap\u00f5letust.<\/li>\n<li>Asendamatud rasvhapped organismile.<\/li>\n<li>T\u00f5stavad immuunsust.<\/li>\n<li>Aitavad stressi vastu.<\/li>\n<li>Suurem EPA ja DHA sisaldus, kui tavalisel Omegal<\/li>\n<\/ul>\n<p>Rasvad ja\u00a0lipiidid on t\u00e4htsad meie organismile, et ennetada s\u00fcdame- ja veresoonkonna haigusi.\u00a0<strong>Omega 3<\/strong>\u00a0rasvad kuuluvad tervislike rasvade gruppi. Need on k\u00fcllastumata rasvad.<\/p>\n<p><strong>Omega 3<\/strong>\u00a0rasvhapped m\u00e4ngivad rolli n\u00e4rvis\u00fcsteemi funktsioonis ja arengus, n\u00e4gemises, immuunsuss\u00fcsteemis ning hormonaalsetes funktsioonides.<\/p>\n","protected":false},"featured_media":25167,"comment_status":"open","ping_status":"closed","template":"","meta":[],"product_brand":[],"product_cat":[525,2438,515,536],"product_tag":[],"giftcard-category":[],"class_list":{"0":"post-25168","1":"product","2":"type-product","3":"status-publish","4":"has-post-thumbnail","6":"product_cat-essential-fats-en","7":"product_cat-omega-3-en","8":"product_cat-real-pharm","9":"product_cat-vitamins-and-minerals-en","10":"pa_toidulisand-branddd-real-pharm","11":"pa_tootegruppp-omega-3-en","12":"pa_tootegruppp-useful-fatty-acids","13":"pa_tootegruppp-vitamins-and-minerals","15":"first","16":"outofstock","17":"sale","18":"taxable","19":"shipping-taxable","20":"purchasable","21":"product-type-simple"},"yoast_head":"<!-- This site is optimized with the Yoast SEO plugin v27.3 - https:\/\/yoast.com\/product\/yoast-seo-wordpress\/ -->\n<title>Omega Strong (60caps) - Fit360<\/title>\n<meta name=\"robots\" content=\"index, follow, max-snippet:-1, max-image-preview:large, max-video-preview:-1\" \/>\n<link rel=\"canonical\" href=\"https:\/\/fit360.ee\/en\/pood\/product-groups\/essential-fats-en\/omega-3-en\/omega-strong-60caps\/\" \/>\n<meta property=\"og:locale\" content=\"en_US\" \/>\n<meta property=\"og:type\" content=\"article\" \/>\n<meta property=\"og:title\" content=\"Omega Strong (60caps) - Fit360\" \/>\n<meta property=\"og:description\" content=\"Omega STRONG:   Suurendavad rasvap\u00f5letust.  Asendamatud rasvhapped organismile.  T\u00f5stavad immuunsust.  Aitavad stressi vastu.  Suurem EPA ja DHA sisaldus, kui tavalisel Omegal  Rasvad ja\u00a0lipiidid on t\u00e4htsad meie organismile, et ennetada s\u00fcdame- ja veresoonkonna haigusi.\u00a0Omega 3\u00a0rasvad kuuluvad tervislike rasvade gruppi. Need on k\u00fcllastumata rasvad.  Omega 3\u00a0rasvhapped m\u00e4ngivad rolli n\u00e4rvis\u00fcsteemi funktsioonis ja arengus, n\u00e4gemises, immuunsuss\u00fcsteemis ning hormonaalsetes funktsioonides.\" \/>\n<meta property=\"og:url\" content=\"https:\/\/fit360.ee\/en\/pood\/product-groups\/essential-fats-en\/omega-3-en\/omega-strong-60caps\/\" \/>\n<meta property=\"og:site_name\" content=\"Fit360\" \/>\n<meta property=\"article:modified_time\" content=\"2025-12-22T21:26:03+00:00\" \/>\n<meta property=\"og:image\" content=\"https:\/\/fit360.ee\/wp-content\/uploads\/2019\/10\/Real_Pharm_Omega_Strong_60_caps-800x800.jpg\" \/>\n\t<meta property=\"og:image:width\" content=\"800\" \/>\n\t<meta property=\"og:image:height\" content=\"800\" \/>\n\t<meta property=\"og:image:type\" content=\"image\/jpeg\" \/>\n<meta name=\"twitter:card\" content=\"summary_large_image\" \/>\n<meta name=\"twitter:label1\" content=\"Est. reading time\" \/>\n\t<meta name=\"twitter:data1\" content=\"1 minute\" \/>\n<script type=\"application\/ld+json\" class=\"yoast-schema-graph\">{\"@context\":\"https:\\\/\\\/schema.org\",\"@graph\":[{\"@type\":\"WebPage\",\"@id\":\"https:\\\/\\\/fit360.ee\\\/en\\\/pood\\\/product-groups\\\/essential-fats-en\\\/omega-3-en\\\/omega-strong-60caps\\\/\",\"url\":\"https:\\\/\\\/fit360.ee\\\/en\\\/pood\\\/product-groups\\\/essential-fats-en\\\/omega-3-en\\\/omega-strong-60caps\\\/\",\"name\":\"Omega Strong (60caps) - Fit360\",\"isPartOf\":{\"@id\":\"https:\\\/\\\/fit360.ee\\\/en\\\/#website\"},\"primaryImageOfPage\":{\"@id\":\"https:\\\/\\\/fit360.ee\\\/en\\\/pood\\\/product-groups\\\/essential-fats-en\\\/omega-3-en\\\/omega-strong-60caps\\\/#primaryimage\"},\"image\":{\"@id\":\"https:\\\/\\\/fit360.ee\\\/en\\\/pood\\\/product-groups\\\/essential-fats-en\\\/omega-3-en\\\/omega-strong-60caps\\\/#primaryimage\"},\"thumbnailUrl\":\"https:\\\/\\\/fit360.ee\\\/wp-content\\\/uploads\\\/2019\\\/10\\\/Real_Pharm_Omega_Strong_60_caps-800x800.jpg\",\"datePublished\":\"2019-10-14T16:33:47+00:00\",\"dateModified\":\"2025-12-22T21:26:03+00:00\",\"breadcrumb\":{\"@id\":\"https:\\\/\\\/fit360.ee\\\/en\\\/pood\\\/product-groups\\\/essential-fats-en\\\/omega-3-en\\\/omega-strong-60caps\\\/#breadcrumb\"},\"inLanguage\":\"en-US\",\"potentialAction\":[{\"@type\":\"ReadAction\",\"target\":[\"https:\\\/\\\/fit360.ee\\\/en\\\/pood\\\/product-groups\\\/essential-fats-en\\\/omega-3-en\\\/omega-strong-60caps\\\/\"]}]},{\"@type\":\"ImageObject\",\"inLanguage\":\"en-US\",\"@id\":\"https:\\\/\\\/fit360.ee\\\/en\\\/pood\\\/product-groups\\\/essential-fats-en\\\/omega-3-en\\\/omega-strong-60caps\\\/#primaryimage\",\"url\":\"https:\\\/\\\/fit360.ee\\\/wp-content\\\/uploads\\\/2019\\\/10\\\/Real_Pharm_Omega_Strong_60_caps-800x800.jpg\",\"contentUrl\":\"https:\\\/\\\/fit360.ee\\\/wp-content\\\/uploads\\\/2019\\\/10\\\/Real_Pharm_Omega_Strong_60_caps-800x800.jpg\",\"width\":800,\"height\":800},{\"@type\":\"BreadcrumbList\",\"@id\":\"https:\\\/\\\/fit360.ee\\\/en\\\/pood\\\/product-groups\\\/essential-fats-en\\\/omega-3-en\\\/omega-strong-60caps\\\/#breadcrumb\",\"itemListElement\":[{\"@type\":\"ListItem\",\"position\":1,\"name\":\"Home\",\"item\":\"https:\\\/\\\/fit360.ee\\\/en\\\/\"},{\"@type\":\"ListItem\",\"position\":2,\"name\":\"Shop\",\"item\":\"https:\\\/\\\/fit360.ee\\\/en\\\/shop\\\/\"},{\"@type\":\"ListItem\",\"position\":3,\"name\":\"Omega Strong (60caps)\"}]},{\"@type\":\"WebSite\",\"@id\":\"https:\\\/\\\/fit360.ee\\\/en\\\/#website\",\"url\":\"https:\\\/\\\/fit360.ee\\\/en\\\/\",\"name\":\"Fit360\",\"description\":\"\",\"publisher\":{\"@id\":\"https:\\\/\\\/fit360.ee\\\/en\\\/#organization\"},\"potentialAction\":[{\"@type\":\"SearchAction\",\"target\":{\"@type\":\"EntryPoint\",\"urlTemplate\":\"https:\\\/\\\/fit360.ee\\\/en\\\/?s={search_term_string}\"},\"query-input\":{\"@type\":\"PropertyValueSpecification\",\"valueRequired\":true,\"valueName\":\"search_term_string\"}}],\"inLanguage\":\"en-US\"},{\"@type\":\"Organization\",\"@id\":\"https:\\\/\\\/fit360.ee\\\/en\\\/#organization\",\"name\":\"Fit360\",\"url\":\"https:\\\/\\\/fit360.ee\\\/en\\\/\",\"logo\":{\"@type\":\"ImageObject\",\"inLanguage\":\"en-US\",\"@id\":\"https:\\\/\\\/fit360.ee\\\/en\\\/#\\\/schema\\\/logo\\\/image\\\/\",\"url\":\"https:\\\/\\\/fit360.ee\\\/wp-content\\\/uploads\\\/2017\\\/01\\\/logo-fit360.png\",\"contentUrl\":\"https:\\\/\\\/fit360.ee\\\/wp-content\\\/uploads\\\/2017\\\/01\\\/logo-fit360.png\",\"width\":180,\"height\":66,\"caption\":\"Fit360\"},\"image\":{\"@id\":\"https:\\\/\\\/fit360.ee\\\/en\\\/#\\\/schema\\\/logo\\\/image\\\/\"}}]}<\/script>\n<!-- \/ Yoast SEO plugin. -->","yoast_head_json":{"title":"Omega Strong (60caps) - Fit360","robots":{"index":"index","follow":"follow","max-snippet":"max-snippet:-1","max-image-preview":"max-image-preview:large","max-video-preview":"max-video-preview:-1"},"canonical":"https:\/\/fit360.ee\/en\/pood\/product-groups\/essential-fats-en\/omega-3-en\/omega-strong-60caps\/","og_locale":"en_US","og_type":"article","og_title":"Omega Strong (60caps) - Fit360","og_description":"Omega STRONG:   Suurendavad rasvap\u00f5letust.  Asendamatud rasvhapped organismile.  T\u00f5stavad immuunsust.  Aitavad stressi vastu.  Suurem EPA ja DHA sisaldus, kui tavalisel Omegal  Rasvad ja\u00a0lipiidid on t\u00e4htsad meie organismile, et ennetada s\u00fcdame- ja veresoonkonna haigusi.\u00a0Omega 3\u00a0rasvad kuuluvad tervislike rasvade gruppi. Need on k\u00fcllastumata rasvad.  Omega 3\u00a0rasvhapped m\u00e4ngivad rolli n\u00e4rvis\u00fcsteemi funktsioonis ja arengus, n\u00e4gemises, immuunsuss\u00fcsteemis ning hormonaalsetes funktsioonides.","og_url":"https:\/\/fit360.ee\/en\/pood\/product-groups\/essential-fats-en\/omega-3-en\/omega-strong-60caps\/","og_site_name":"Fit360","article_modified_time":"2025-12-22T21:26:03+00:00","og_image":[{"width":800,"height":800,"url":"https:\/\/fit360.ee\/wp-content\/uploads\/2019\/10\/Real_Pharm_Omega_Strong_60_caps-800x800.jpg","type":"image\/jpeg"}],"twitter_card":"summary_large_image","twitter_misc":{"Est. reading time":"1 minute"},"schema":{"@context":"https:\/\/schema.org","@graph":[{"@type":"WebPage","@id":"https:\/\/fit360.ee\/en\/pood\/product-groups\/essential-fats-en\/omega-3-en\/omega-strong-60caps\/","url":"https:\/\/fit360.ee\/en\/pood\/product-groups\/essential-fats-en\/omega-3-en\/omega-strong-60caps\/","name":"Omega Strong (60caps) - Fit360","isPartOf":{"@id":"https:\/\/fit360.ee\/en\/#website"},"primaryImageOfPage":{"@id":"https:\/\/fit360.ee\/en\/pood\/product-groups\/essential-fats-en\/omega-3-en\/omega-strong-60caps\/#primaryimage"},"image":{"@id":"https:\/\/fit360.ee\/en\/pood\/product-groups\/essential-fats-en\/omega-3-en\/omega-strong-60caps\/#primaryimage"},"thumbnailUrl":"https:\/\/fit360.ee\/wp-content\/uploads\/2019\/10\/Real_Pharm_Omega_Strong_60_caps-800x800.jpg","datePublished":"2019-10-14T16:33:47+00:00","dateModified":"2025-12-22T21:26:03+00:00","breadcrumb":{"@id":"https:\/\/fit360.ee\/en\/pood\/product-groups\/essential-fats-en\/omega-3-en\/omega-strong-60caps\/#breadcrumb"},"inLanguage":"en-US","potentialAction":[{"@type":"ReadAction","target":["https:\/\/fit360.ee\/en\/pood\/product-groups\/essential-fats-en\/omega-3-en\/omega-strong-60caps\/"]}]},{"@type":"ImageObject","inLanguage":"en-US","@id":"https:\/\/fit360.ee\/en\/pood\/product-groups\/essential-fats-en\/omega-3-en\/omega-strong-60caps\/#primaryimage","url":"https:\/\/fit360.ee\/wp-content\/uploads\/2019\/10\/Real_Pharm_Omega_Strong_60_caps-800x800.jpg","contentUrl":"https:\/\/fit360.ee\/wp-content\/uploads\/2019\/10\/Real_Pharm_Omega_Strong_60_caps-800x800.jpg","width":800,"height":800},{"@type":"BreadcrumbList","@id":"https:\/\/fit360.ee\/en\/pood\/product-groups\/essential-fats-en\/omega-3-en\/omega-strong-60caps\/#breadcrumb","itemListElement":[{"@type":"ListItem","position":1,"name":"Home","item":"https:\/\/fit360.ee\/en\/"},{"@type":"ListItem","position":2,"name":"Shop","item":"https:\/\/fit360.ee\/en\/shop\/"},{"@type":"ListItem","position":3,"name":"Omega Strong (60caps)"}]},{"@type":"WebSite","@id":"https:\/\/fit360.ee\/en\/#website","url":"https:\/\/fit360.ee\/en\/","name":"Fit360","description":"","publisher":{"@id":"https:\/\/fit360.ee\/en\/#organization"},"potentialAction":[{"@type":"SearchAction","target":{"@type":"EntryPoint","urlTemplate":"https:\/\/fit360.ee\/en\/?s={search_term_string}"},"query-input":{"@type":"PropertyValueSpecification","valueRequired":true,"valueName":"search_term_string"}}],"inLanguage":"en-US"},{"@type":"Organization","@id":"https:\/\/fit360.ee\/en\/#organization","name":"Fit360","url":"https:\/\/fit360.ee\/en\/","logo":{"@type":"ImageObject","inLanguage":"en-US","@id":"https:\/\/fit360.ee\/en\/#\/schema\/logo\/image\/","url":"https:\/\/fit360.ee\/wp-content\/uploads\/2017\/01\/logo-fit360.png","contentUrl":"https:\/\/fit360.ee\/wp-content\/uploads\/2017\/01\/logo-fit360.png","width":180,"height":66,"caption":"Fit360"},"image":{"@id":"https:\/\/fit360.ee\/en\/#\/schema\/logo\/image\/"}}]}},"_links":{"self":[{"href":"https:\/\/fit360.ee\/en\/wp-json\/wp\/v2\/product\/25168","targetHints":{"allow":["GET"]}}],"collection":[{"href":"https:\/\/fit360.ee\/en\/wp-json\/wp\/v2\/product"}],"about":[{"href":"https:\/\/fit360.ee\/en\/wp-json\/wp\/v2\/types\/product"}],"replies":[{"embeddable":true,"href":"https:\/\/fit360.ee\/en\/wp-json\/wp\/v2\/comments?post=25168"}],"wp:featuredmedia":[{"embeddable":true,"href":"https:\/\/fit360.ee\/en\/wp-json\/wp\/v2\/media\/25167"}],"wp:attachment":[{"href":"https:\/\/fit360.ee\/en\/wp-json\/wp\/v2\/media?parent=25168"}],"wp:term":[{"taxonomy":"product_brand","embeddable":true,"href":"https:\/\/fit360.ee\/en\/wp-json\/wp\/v2\/product_brand?post=25168"},{"taxonomy":"product_cat","embeddable":true,"href":"https:\/\/fit360.ee\/en\/wp-json\/wp\/v2\/product_cat?post=25168"},{"taxonomy":"product_tag","embeddable":true,"href":"https:\/\/fit360.ee\/en\/wp-json\/wp\/v2\/product_tag?post=25168"},{"taxonomy":"giftcard-category","embeddable":true,"href":"https:\/\/fit360.ee\/en\/wp-json\/wp\/v2\/giftcard-category?post=25168"}],"curies":[{"name":"wp","href":"https:\/\/api.w.org\/{rel}","templated":true}]}}