{"id":26134,"date":"2019-11-06T18:25:00","date_gmt":"2019-11-06T16:25:00","guid":{"rendered":"https:\/\/fit360.ee\/pood\/uncategorized\/terminator-pump-extreme-500g\/"},"modified":"2025-08-13T07:36:45","modified_gmt":"2025-08-13T05:36:45","slug":"terminator-pump-extreme-500g","status":"publish","type":"product","link":"https:\/\/fit360.ee\/en\/pood\/product-groups\/pre-workout-en\/terminator-pump-extreme-500g\/","title":{"rendered":"Terminator Pump Extreme (500g)"},"content":{"rendered":"<p><img decoding=\"async\" src=\"https:\/\/centrumodzywek.net\/img\/cms\/sklepy\/70648794_2500477693519087_5289434666644799488_n.png\" \/><\/p>\n<p><strong>Kasutamine: <\/strong>Tarbi \u00fcks portsjon (12g) segatuna 250ml vees, enne treeningut. \u00c4ra \u00fcleta soovitatud p\u00e4evast kogust.<\/p>\n<p><strong>Suurus<\/strong>: 500g \u2013 41 serveeringut<\/p>\n<table>\n<tbody>\n<tr>\n<td width=\"205\"><strong>Anal\u00fc\u00fcs<\/strong><\/td>\n<td width=\"205\"><strong>1 serveering (12g)<\/strong><\/td>\n<td width=\"205\"><strong>%RDA*<\/strong><\/td>\n<\/tr>\n<tr>\n<td width=\"205\">Alfa-ketogluraadi L-arginiin<\/td>\n<td width=\"205\">2500mg<\/td>\n<td width=\"205\">\u2013<\/td>\n<\/tr>\n<tr>\n<td width=\"205\">Beeta-alaniin<\/td>\n<td width=\"205\">800mg<\/td>\n<td width=\"205\">\u2013<\/td>\n<\/tr>\n<tr>\n<td width=\"205\">T\u00fcrosiin<\/td>\n<td width=\"205\">500mg<\/td>\n<td width=\"205\">\u2013<\/td>\n<\/tr>\n<tr>\n<td width=\"205\">Kofeiin<\/td>\n<td width=\"205\">200mg<\/td>\n<td width=\"205\">\u2013<\/td>\n<\/tr>\n<tr>\n<td width=\"205\">L-tsitruliin<\/td>\n<td width=\"205\">2500mg<\/td>\n<td width=\"205\">\u2013<\/td>\n<\/tr>\n<tr>\n<td width=\"205\">Tauriin<\/td>\n<td width=\"205\">500mg<\/td>\n<td width=\"205\">\u2013<\/td>\n<\/tr>\n<tr>\n<td width=\"205\">Inositool<\/td>\n<td width=\"205\">100mg<\/td>\n<td width=\"205\">\u2013<\/td>\n<\/tr>\n<tr>\n<td width=\"205\">Gl\u00fckuronolaktoon<\/td>\n<td width=\"205\">100mg<\/td>\n<td width=\"205\">\u2013<\/td>\n<\/tr>\n<tr>\n<td width=\"205\">Magneesium<\/td>\n<td width=\"205\">140mg<\/td>\n<td width=\"205\">37%<\/td>\n<\/tr>\n<tr>\n<td width=\"205\">Kaalium<\/td>\n<td width=\"205\">360mg<\/td>\n<td width=\"205\">18%<\/td>\n<\/tr>\n<tr>\n<td width=\"205\">Tsink<\/td>\n<td width=\"205\">2,5mg<\/td>\n<td width=\"205\">25%<\/td>\n<\/tr>\n<tr>\n<td width=\"205\">Raud<\/td>\n<td width=\"205\">3,5mg<\/td>\n<td width=\"205\">25%<\/td>\n<\/tr>\n<tr>\n<td width=\"205\">Mangaan<\/td>\n<td width=\"205\">0,5mg<\/td>\n<td width=\"205\">25%<\/td>\n<\/tr>\n<tr>\n<td width=\"205\">Jood<\/td>\n<td width=\"205\">37,5\u03bcg<\/td>\n<td width=\"205\">25%<\/td>\n<\/tr>\n<tr>\n<td width=\"205\">Kroom<\/td>\n<td width=\"205\">10\u03bcg<\/td>\n<td width=\"205\">25%<\/td>\n<\/tr>\n<tr>\n<td width=\"205\">Vask<\/td>\n<td width=\"205\">0,25mg<\/td>\n<td width=\"205\">25%<\/td>\n<\/tr>\n<tr>\n<td width=\"205\">Seleen<\/td>\n<td width=\"205\">13,75\u03bcg<\/td>\n<td width=\"205\">25%<\/td>\n<\/tr>\n<\/tbody>\n<\/table>\n<p>*soovitatud p\u00e4evane kogus<\/p>\n<p>Soovid kaupa osta suuremas koguses? Vaata antud toodet ka meie HULGI poest\u00a0<a href=\"https:\/\/toidulisandidhulgi.ee\/product\/terminator-pump-extreme-500g\/\"><strong>SIIT<\/strong><\/a>!<\/p>\n","protected":false},"excerpt":{"rendered":"<p><strong>Terminator Pump Extreme (500g):<\/strong><\/p>\n<ul>\n<li>Parandab lihaste verevarustust treeningu ajal<\/li>\n<li>Teaduslikult t\u00f5estatud nn pump-efekt treeninguks<\/li>\n<li>Suurendab sooritusv\u00f5imekust treeningu ajal, kiirendades taastumist<\/li>\n<li>Soodustab valgus\u00fcnteesi treeningu ajal<\/li>\n<\/ul>\n<p><strong>Terminator Pump Extreme<\/strong> on m\u00f5eldud neile, kes soovivad saada maksimaalset lihase stimulatsiooni ning pump-efekti treeningu ajal. Lisaks pakub <strong>Terminator Pump Extreme <\/strong>treeningu ajal\u00a0pikendatud vastupidavust ning suurendatud keskendumisv\u00f5imet. Kui oled t\u00fcdinenud \u00fcksluisest treeningust ning\/v\u00f5i kannatad motivatsioonipuuduse k\u00e4es, siis see toode on kindlasti sulle m\u00f5eldud!<\/p>\n","protected":false},"featured_media":26136,"comment_status":"open","ping_status":"closed","template":"","meta":[],"product_brand":[],"product_cat":[5324,533,515],"product_tag":[],"giftcard-category":[],"class_list":{"0":"post-26134","1":"product","2":"type-product","3":"status-publish","4":"has-post-thumbnail","6":"product_cat-caffeine-en","7":"product_cat-pre-workout-en","8":"product_cat-real-pharm","9":"pa_maitse-black-currant","10":"pa_maitse-blueberry","11":"pa_maitse-kiivi-tikri-en","12":"pa_maitse-lemon-orange-en","13":"pa_maitse-minty-lemon","14":"pa_maitse-natsukommi-en","15":"pa_maitse-orange","16":"pa_maitse-viinamarja-en","18":"first","19":"outofstock","20":"sale","21":"taxable","22":"shipping-taxable","23":"purchasable","24":"product-type-variable"},"yoast_head":"<!-- This site is optimized with the Yoast SEO plugin v27.3 - https:\/\/yoast.com\/product\/yoast-seo-wordpress\/ -->\n<title>Terminator Pump Extreme (500g) - Fit360<\/title>\n<meta name=\"robots\" content=\"index, follow, max-snippet:-1, max-image-preview:large, max-video-preview:-1\" \/>\n<link rel=\"canonical\" href=\"https:\/\/fit360.ee\/en\/pood\/product-groups\/pre-workout-en\/terminator-pump-extreme-500g\/\" \/>\n<meta property=\"og:locale\" content=\"en_US\" \/>\n<meta property=\"og:type\" content=\"article\" \/>\n<meta property=\"og:title\" content=\"Terminator Pump Extreme (500g) - Fit360\" \/>\n<meta property=\"og:description\" content=\"Terminator Pump Extreme (500g):   Parandab lihaste verevarustust treeningu ajal  Teaduslikult t\u00f5estatud nn pump-efekt treeninguks  Suurendab sooritusv\u00f5imekust treeningu ajal, kiirendades taastumist  Soodustab valgus\u00fcnteesi treeningu ajal  Terminator Pump Extreme on m\u00f5eldud neile, kes soovivad saada maksimaalset lihase stimulatsiooni ning pump-efekti treeningu ajal. Lisaks pakub Terminator Pump Extreme treeningu ajal\u00a0pikendatud vastupidavust ning suurendatud keskendumisv\u00f5imet. Kui oled t\u00fcdinenud \u00fcksluisest treeningust ning\/v\u00f5i kannatad motivatsioonipuuduse k\u00e4es, siis see toode on kindlasti sulle m\u00f5eldud!\" \/>\n<meta property=\"og:url\" content=\"https:\/\/fit360.ee\/en\/pood\/product-groups\/pre-workout-en\/terminator-pump-extreme-500g\/\" \/>\n<meta property=\"og:site_name\" content=\"Fit360\" \/>\n<meta property=\"article:modified_time\" content=\"2025-08-13T05:36:45+00:00\" \/>\n<meta property=\"og:image\" content=\"https:\/\/fit360.ee\/wp-content\/uploads\/2019\/11\/5501.jpg\" \/>\n\t<meta property=\"og:image:width\" content=\"600\" \/>\n\t<meta property=\"og:image:height\" content=\"600\" \/>\n\t<meta property=\"og:image:type\" content=\"image\/jpeg\" \/>\n<meta name=\"twitter:card\" content=\"summary_large_image\" \/>\n<meta name=\"twitter:label1\" content=\"Est. reading time\" \/>\n\t<meta name=\"twitter:data1\" content=\"1 minute\" \/>\n<script type=\"application\/ld+json\" class=\"yoast-schema-graph\">{\"@context\":\"https:\\\/\\\/schema.org\",\"@graph\":[{\"@type\":\"WebPage\",\"@id\":\"https:\\\/\\\/fit360.ee\\\/en\\\/pood\\\/product-groups\\\/pre-workout-en\\\/terminator-pump-extreme-500g\\\/\",\"url\":\"https:\\\/\\\/fit360.ee\\\/en\\\/pood\\\/product-groups\\\/pre-workout-en\\\/terminator-pump-extreme-500g\\\/\",\"name\":\"Terminator Pump Extreme (500g) - Fit360\",\"isPartOf\":{\"@id\":\"https:\\\/\\\/fit360.ee\\\/en\\\/#website\"},\"primaryImageOfPage\":{\"@id\":\"https:\\\/\\\/fit360.ee\\\/en\\\/pood\\\/product-groups\\\/pre-workout-en\\\/terminator-pump-extreme-500g\\\/#primaryimage\"},\"image\":{\"@id\":\"https:\\\/\\\/fit360.ee\\\/en\\\/pood\\\/product-groups\\\/pre-workout-en\\\/terminator-pump-extreme-500g\\\/#primaryimage\"},\"thumbnailUrl\":\"https:\\\/\\\/fit360.ee\\\/wp-content\\\/uploads\\\/2019\\\/11\\\/5501.jpg\",\"datePublished\":\"2019-11-06T16:25:00+00:00\",\"dateModified\":\"2025-08-13T05:36:45+00:00\",\"breadcrumb\":{\"@id\":\"https:\\\/\\\/fit360.ee\\\/en\\\/pood\\\/product-groups\\\/pre-workout-en\\\/terminator-pump-extreme-500g\\\/#breadcrumb\"},\"inLanguage\":\"en-US\",\"potentialAction\":[{\"@type\":\"ReadAction\",\"target\":[\"https:\\\/\\\/fit360.ee\\\/en\\\/pood\\\/product-groups\\\/pre-workout-en\\\/terminator-pump-extreme-500g\\\/\"]}]},{\"@type\":\"ImageObject\",\"inLanguage\":\"en-US\",\"@id\":\"https:\\\/\\\/fit360.ee\\\/en\\\/pood\\\/product-groups\\\/pre-workout-en\\\/terminator-pump-extreme-500g\\\/#primaryimage\",\"url\":\"https:\\\/\\\/fit360.ee\\\/wp-content\\\/uploads\\\/2019\\\/11\\\/5501.jpg\",\"contentUrl\":\"https:\\\/\\\/fit360.ee\\\/wp-content\\\/uploads\\\/2019\\\/11\\\/5501.jpg\",\"width\":600,\"height\":600},{\"@type\":\"BreadcrumbList\",\"@id\":\"https:\\\/\\\/fit360.ee\\\/en\\\/pood\\\/product-groups\\\/pre-workout-en\\\/terminator-pump-extreme-500g\\\/#breadcrumb\",\"itemListElement\":[{\"@type\":\"ListItem\",\"position\":1,\"name\":\"Home\",\"item\":\"https:\\\/\\\/fit360.ee\\\/en\\\/\"},{\"@type\":\"ListItem\",\"position\":2,\"name\":\"Shop\",\"item\":\"https:\\\/\\\/fit360.ee\\\/en\\\/shop\\\/\"},{\"@type\":\"ListItem\",\"position\":3,\"name\":\"Terminator Pump Extreme (500g)\"}]},{\"@type\":\"WebSite\",\"@id\":\"https:\\\/\\\/fit360.ee\\\/en\\\/#website\",\"url\":\"https:\\\/\\\/fit360.ee\\\/en\\\/\",\"name\":\"Fit360\",\"description\":\"\",\"publisher\":{\"@id\":\"https:\\\/\\\/fit360.ee\\\/en\\\/#organization\"},\"potentialAction\":[{\"@type\":\"SearchAction\",\"target\":{\"@type\":\"EntryPoint\",\"urlTemplate\":\"https:\\\/\\\/fit360.ee\\\/en\\\/?s={search_term_string}\"},\"query-input\":{\"@type\":\"PropertyValueSpecification\",\"valueRequired\":true,\"valueName\":\"search_term_string\"}}],\"inLanguage\":\"en-US\"},{\"@type\":\"Organization\",\"@id\":\"https:\\\/\\\/fit360.ee\\\/en\\\/#organization\",\"name\":\"Fit360\",\"url\":\"https:\\\/\\\/fit360.ee\\\/en\\\/\",\"logo\":{\"@type\":\"ImageObject\",\"inLanguage\":\"en-US\",\"@id\":\"https:\\\/\\\/fit360.ee\\\/en\\\/#\\\/schema\\\/logo\\\/image\\\/\",\"url\":\"https:\\\/\\\/fit360.ee\\\/wp-content\\\/uploads\\\/2017\\\/01\\\/logo-fit360.png\",\"contentUrl\":\"https:\\\/\\\/fit360.ee\\\/wp-content\\\/uploads\\\/2017\\\/01\\\/logo-fit360.png\",\"width\":180,\"height\":66,\"caption\":\"Fit360\"},\"image\":{\"@id\":\"https:\\\/\\\/fit360.ee\\\/en\\\/#\\\/schema\\\/logo\\\/image\\\/\"}}]}<\/script>\n<!-- \/ Yoast SEO plugin. -->","yoast_head_json":{"title":"Terminator Pump Extreme (500g) - Fit360","robots":{"index":"index","follow":"follow","max-snippet":"max-snippet:-1","max-image-preview":"max-image-preview:large","max-video-preview":"max-video-preview:-1"},"canonical":"https:\/\/fit360.ee\/en\/pood\/product-groups\/pre-workout-en\/terminator-pump-extreme-500g\/","og_locale":"en_US","og_type":"article","og_title":"Terminator Pump Extreme (500g) - Fit360","og_description":"Terminator Pump Extreme (500g):   Parandab lihaste verevarustust treeningu ajal  Teaduslikult t\u00f5estatud nn pump-efekt treeninguks  Suurendab sooritusv\u00f5imekust treeningu ajal, kiirendades taastumist  Soodustab valgus\u00fcnteesi treeningu ajal  Terminator Pump Extreme on m\u00f5eldud neile, kes soovivad saada maksimaalset lihase stimulatsiooni ning pump-efekti treeningu ajal. Lisaks pakub Terminator Pump Extreme treeningu ajal\u00a0pikendatud vastupidavust ning suurendatud keskendumisv\u00f5imet. Kui oled t\u00fcdinenud \u00fcksluisest treeningust ning\/v\u00f5i kannatad motivatsioonipuuduse k\u00e4es, siis see toode on kindlasti sulle m\u00f5eldud!","og_url":"https:\/\/fit360.ee\/en\/pood\/product-groups\/pre-workout-en\/terminator-pump-extreme-500g\/","og_site_name":"Fit360","article_modified_time":"2025-08-13T05:36:45+00:00","og_image":[{"width":600,"height":600,"url":"https:\/\/fit360.ee\/wp-content\/uploads\/2019\/11\/5501.jpg","type":"image\/jpeg"}],"twitter_card":"summary_large_image","twitter_misc":{"Est. reading time":"1 minute"},"schema":{"@context":"https:\/\/schema.org","@graph":[{"@type":"WebPage","@id":"https:\/\/fit360.ee\/en\/pood\/product-groups\/pre-workout-en\/terminator-pump-extreme-500g\/","url":"https:\/\/fit360.ee\/en\/pood\/product-groups\/pre-workout-en\/terminator-pump-extreme-500g\/","name":"Terminator Pump Extreme (500g) - Fit360","isPartOf":{"@id":"https:\/\/fit360.ee\/en\/#website"},"primaryImageOfPage":{"@id":"https:\/\/fit360.ee\/en\/pood\/product-groups\/pre-workout-en\/terminator-pump-extreme-500g\/#primaryimage"},"image":{"@id":"https:\/\/fit360.ee\/en\/pood\/product-groups\/pre-workout-en\/terminator-pump-extreme-500g\/#primaryimage"},"thumbnailUrl":"https:\/\/fit360.ee\/wp-content\/uploads\/2019\/11\/5501.jpg","datePublished":"2019-11-06T16:25:00+00:00","dateModified":"2025-08-13T05:36:45+00:00","breadcrumb":{"@id":"https:\/\/fit360.ee\/en\/pood\/product-groups\/pre-workout-en\/terminator-pump-extreme-500g\/#breadcrumb"},"inLanguage":"en-US","potentialAction":[{"@type":"ReadAction","target":["https:\/\/fit360.ee\/en\/pood\/product-groups\/pre-workout-en\/terminator-pump-extreme-500g\/"]}]},{"@type":"ImageObject","inLanguage":"en-US","@id":"https:\/\/fit360.ee\/en\/pood\/product-groups\/pre-workout-en\/terminator-pump-extreme-500g\/#primaryimage","url":"https:\/\/fit360.ee\/wp-content\/uploads\/2019\/11\/5501.jpg","contentUrl":"https:\/\/fit360.ee\/wp-content\/uploads\/2019\/11\/5501.jpg","width":600,"height":600},{"@type":"BreadcrumbList","@id":"https:\/\/fit360.ee\/en\/pood\/product-groups\/pre-workout-en\/terminator-pump-extreme-500g\/#breadcrumb","itemListElement":[{"@type":"ListItem","position":1,"name":"Home","item":"https:\/\/fit360.ee\/en\/"},{"@type":"ListItem","position":2,"name":"Shop","item":"https:\/\/fit360.ee\/en\/shop\/"},{"@type":"ListItem","position":3,"name":"Terminator Pump Extreme (500g)"}]},{"@type":"WebSite","@id":"https:\/\/fit360.ee\/en\/#website","url":"https:\/\/fit360.ee\/en\/","name":"Fit360","description":"","publisher":{"@id":"https:\/\/fit360.ee\/en\/#organization"},"potentialAction":[{"@type":"SearchAction","target":{"@type":"EntryPoint","urlTemplate":"https:\/\/fit360.ee\/en\/?s={search_term_string}"},"query-input":{"@type":"PropertyValueSpecification","valueRequired":true,"valueName":"search_term_string"}}],"inLanguage":"en-US"},{"@type":"Organization","@id":"https:\/\/fit360.ee\/en\/#organization","name":"Fit360","url":"https:\/\/fit360.ee\/en\/","logo":{"@type":"ImageObject","inLanguage":"en-US","@id":"https:\/\/fit360.ee\/en\/#\/schema\/logo\/image\/","url":"https:\/\/fit360.ee\/wp-content\/uploads\/2017\/01\/logo-fit360.png","contentUrl":"https:\/\/fit360.ee\/wp-content\/uploads\/2017\/01\/logo-fit360.png","width":180,"height":66,"caption":"Fit360"},"image":{"@id":"https:\/\/fit360.ee\/en\/#\/schema\/logo\/image\/"}}]}},"_links":{"self":[{"href":"https:\/\/fit360.ee\/en\/wp-json\/wp\/v2\/product\/26134","targetHints":{"allow":["GET"]}}],"collection":[{"href":"https:\/\/fit360.ee\/en\/wp-json\/wp\/v2\/product"}],"about":[{"href":"https:\/\/fit360.ee\/en\/wp-json\/wp\/v2\/types\/product"}],"replies":[{"embeddable":true,"href":"https:\/\/fit360.ee\/en\/wp-json\/wp\/v2\/comments?post=26134"}],"wp:featuredmedia":[{"embeddable":true,"href":"https:\/\/fit360.ee\/en\/wp-json\/wp\/v2\/media\/26136"}],"wp:attachment":[{"href":"https:\/\/fit360.ee\/en\/wp-json\/wp\/v2\/media?parent=26134"}],"wp:term":[{"taxonomy":"product_brand","embeddable":true,"href":"https:\/\/fit360.ee\/en\/wp-json\/wp\/v2\/product_brand?post=26134"},{"taxonomy":"product_cat","embeddable":true,"href":"https:\/\/fit360.ee\/en\/wp-json\/wp\/v2\/product_cat?post=26134"},{"taxonomy":"product_tag","embeddable":true,"href":"https:\/\/fit360.ee\/en\/wp-json\/wp\/v2\/product_tag?post=26134"},{"taxonomy":"giftcard-category","embeddable":true,"href":"https:\/\/fit360.ee\/en\/wp-json\/wp\/v2\/giftcard-category?post=26134"}],"curies":[{"name":"wp","href":"https:\/\/api.w.org\/{rel}","templated":true}]}}