{"id":26859,"date":"2019-11-18T17:17:15","date_gmt":"2019-11-18T15:17:15","guid":{"rendered":"https:\/\/fit360.ee\/pood\/uncategorized\/taurine-300g\/"},"modified":"2025-08-18T17:58:24","modified_gmt":"2025-08-18T15:58:24","slug":"taurine-300g","status":"publish","type":"product","link":"https:\/\/fit360.ee\/en\/pood\/product-groups\/amino-acids-bcaa\/taurine-300g\/","title":{"rendered":"Tauriin (300g)"},"content":{"rendered":"<h1>Taurine &#8211; Tauriin puhtal kujul koos C-vitamiiniga.<\/h1>\n<p><strong>Tauriin<\/strong>\u00a0on \u00fcks suuremaid orgaanilise l\u00e4mmastiku hoiustajaid, takistades katabolismi teket ning soodustades rasvavaba kehamassi juurdekasvu. Samuti t\u00e4itab tauriin olulist \u00fclesannet n\u00e4rvis\u00fcsteemis, seda stimuleerides, mobliliseerides, ning v\u00e4hendades v\u00e4simustunnet. Sarnaselt insuliinile aitab tauriin kaasa kreatiini transpordile lihasrakkudesse muutes selle toime veelgi efektiivsemaks.<\/p>\n<p><strong>Koostisosad<\/strong>: Tauriin, askorbiinhape (vitamiin c)<\/p>\n<p><strong>Kasutamine<\/strong>: Tarbi 4g (1 m\u00f5\u00f5telusikas) \u00fcks kord p\u00e4evas, segatuna 130ml veega. M\u00f5\u00f5telusikas on pakendis.<\/p>\n<p><strong>Suurus:<\/strong> 300g &#8211; 75 serveeringut.<\/p>\n<table>\n<tbody>\n<tr>\n<td width=\"205\"><strong>Anal\u00fc\u00fcs<\/strong><\/td>\n<td width=\"205\"><strong>4g (1m\u00f5\u00f5telusikas)<\/strong><\/td>\n<td width=\"205\"><strong>%SPK<\/strong><\/td>\n<\/tr>\n<tr>\n<td width=\"205\">Tauriin<\/td>\n<td width=\"205\">3960mg<\/td>\n<td width=\"205\">**<\/td>\n<\/tr>\n<tr>\n<td width=\"205\">Vitamiin C<\/td>\n<td width=\"205\">40mg<\/td>\n<td width=\"205\">50%<\/td>\n<\/tr>\n<\/tbody>\n<\/table>\n<p>SPK &#8211; soovitatud p\u00e4evane kogus keskmisele t\u00e4iskasvanule. ** &#8211; SPK pole kindlaks tehtud.<\/p>\n<p>Soovid kaupa osta suuremas koguses? Vaata antud toodet ka meie HULGI poest\u00a0<a href=\"https:\/\/toidulisandidhulgi.ee\/product\/taurine-300g\/\"><strong>SIIT<\/strong><\/a>!<\/p>\n","protected":false},"excerpt":{"rendered":"<h2><b>Tauriin:<\/b><\/h2>\n<ul>\n<li>Aitab suurendada lihasrakke<\/li>\n<li>Soodustab normaalset s\u00fcdamet\u00f6\u00f6d<\/li>\n<li>T\u00e4idab olulisi metaboolseid \u00fclesandeid<\/li>\n<li>Omab v\u00e4ga olulist rolli aminohapete tranformatsiooniprotsessides.<\/li>\n<\/ul>\n<p><strong>Tauriin<\/strong>\u00a0on \u00fcks suuremaid orgaanilise l\u00e4mmastiku hoiustajaid, takistades katabolismi teket ning soodustades rasvavaba kehamassi juurdekasvu. Samuti t\u00e4itab tauriin olulist \u00fclesannet n\u00e4rvis\u00fcsteemis, seda stimuleerides, mobliliseerides, ning v\u00e4hendades v\u00e4simustunnet. Sarnaselt insuliinile aitab tauriin kaasa kreatiini transpordile lihasrakkudesse muutes selle toime veelgi efektiivsemaks.<\/p>\n","protected":false},"featured_media":37953,"comment_status":"open","ping_status":"closed","template":"","meta":[],"product_brand":[],"product_cat":[520,533,515],"product_tag":[1787,1803,1836],"giftcard-category":[],"class_list":{"0":"post-26859","1":"product","2":"type-product","3":"status-publish","4":"has-post-thumbnail","6":"product_cat-amino-acids-bcaa","7":"product_cat-pre-workout-en","8":"product_cat-real-pharm","9":"product_tag-aminohapped-en","10":"product_tag-real-pharm-en","11":"product_tag-tauriin-en","12":"pa_kogus-300g-en","13":"pa_toidulisand-branddd-real-pharm","14":"pa_tootegruppp-amino-acidsbcaa","15":"pa_tootegruppp-pre-workout","17":"first","18":"outofstock","19":"sale","20":"taxable","21":"shipping-taxable","22":"purchasable","23":"product-type-simple"},"yoast_head":"<!-- This site is optimized with the Yoast SEO plugin v27.3 - https:\/\/yoast.com\/product\/yoast-seo-wordpress\/ -->\n<title>Tauriin (300g) - Aminohapped - Taurine - Kiire tarne: 1-3p\u00e4eva - Fit360<\/title>\n<meta name=\"description\" content=\"Tauriin\u00a0on \u00fcks suuremaid orgaanilise l\u00e4mmastiku hoiustajaid, takistades katabolismi teket ning soodustades rasvavaba kehamassi juurdekasvu.\" \/>\n<meta name=\"robots\" content=\"index, follow, max-snippet:-1, max-image-preview:large, max-video-preview:-1\" \/>\n<link rel=\"canonical\" href=\"https:\/\/fit360.ee\/en\/pood\/product-groups\/amino-acids-bcaa\/taurine-300g\/\" \/>\n<meta property=\"og:locale\" content=\"en_US\" \/>\n<meta property=\"og:type\" content=\"article\" \/>\n<meta property=\"og:title\" content=\"Tauriin (300g) - Aminohapped - Taurine - Kiire tarne: 1-3p\u00e4eva - Fit360\" \/>\n<meta property=\"og:description\" content=\"Tauriin\u00a0on \u00fcks suuremaid orgaanilise l\u00e4mmastiku hoiustajaid, takistades katabolismi teket ning soodustades rasvavaba kehamassi juurdekasvu.\" \/>\n<meta property=\"og:url\" content=\"https:\/\/fit360.ee\/en\/pood\/product-groups\/amino-acids-bcaa\/taurine-300g\/\" \/>\n<meta property=\"og:site_name\" content=\"Fit360\" \/>\n<meta property=\"article:modified_time\" content=\"2025-08-18T15:58:24+00:00\" \/>\n<meta property=\"og:image\" content=\"https:\/\/fit360.ee\/wp-content\/uploads\/2019\/11\/taurine-300g-1.png\" \/>\n\t<meta property=\"og:image:width\" content=\"600\" \/>\n\t<meta property=\"og:image:height\" content=\"600\" \/>\n\t<meta property=\"og:image:type\" content=\"image\/png\" \/>\n<meta name=\"twitter:card\" content=\"summary_large_image\" \/>\n<meta name=\"twitter:label1\" content=\"Est. reading time\" \/>\n\t<meta name=\"twitter:data1\" content=\"1 minute\" \/>\n<script type=\"application\/ld+json\" class=\"yoast-schema-graph\">{\"@context\":\"https:\\\/\\\/schema.org\",\"@graph\":[{\"@type\":\"WebPage\",\"@id\":\"https:\\\/\\\/fit360.ee\\\/en\\\/pood\\\/product-groups\\\/amino-acids-bcaa\\\/taurine-300g\\\/\",\"url\":\"https:\\\/\\\/fit360.ee\\\/en\\\/pood\\\/product-groups\\\/amino-acids-bcaa\\\/taurine-300g\\\/\",\"name\":\"Tauriin (300g) - Aminohapped - Taurine - Kiire tarne: 1-3p\u00e4eva - Fit360\",\"isPartOf\":{\"@id\":\"https:\\\/\\\/fit360.ee\\\/en\\\/#website\"},\"primaryImageOfPage\":{\"@id\":\"https:\\\/\\\/fit360.ee\\\/en\\\/pood\\\/product-groups\\\/amino-acids-bcaa\\\/taurine-300g\\\/#primaryimage\"},\"image\":{\"@id\":\"https:\\\/\\\/fit360.ee\\\/en\\\/pood\\\/product-groups\\\/amino-acids-bcaa\\\/taurine-300g\\\/#primaryimage\"},\"thumbnailUrl\":\"https:\\\/\\\/fit360.ee\\\/wp-content\\\/uploads\\\/2019\\\/11\\\/taurine-300g-1.png\",\"datePublished\":\"2019-11-18T15:17:15+00:00\",\"dateModified\":\"2025-08-18T15:58:24+00:00\",\"description\":\"Tauriin\u00a0on \u00fcks suuremaid orgaanilise l\u00e4mmastiku hoiustajaid, takistades katabolismi teket ning soodustades rasvavaba kehamassi juurdekasvu.\",\"breadcrumb\":{\"@id\":\"https:\\\/\\\/fit360.ee\\\/en\\\/pood\\\/product-groups\\\/amino-acids-bcaa\\\/taurine-300g\\\/#breadcrumb\"},\"inLanguage\":\"en-US\",\"potentialAction\":[{\"@type\":\"ReadAction\",\"target\":[\"https:\\\/\\\/fit360.ee\\\/en\\\/pood\\\/product-groups\\\/amino-acids-bcaa\\\/taurine-300g\\\/\"]}]},{\"@type\":\"ImageObject\",\"inLanguage\":\"en-US\",\"@id\":\"https:\\\/\\\/fit360.ee\\\/en\\\/pood\\\/product-groups\\\/amino-acids-bcaa\\\/taurine-300g\\\/#primaryimage\",\"url\":\"https:\\\/\\\/fit360.ee\\\/wp-content\\\/uploads\\\/2019\\\/11\\\/taurine-300g-1.png\",\"contentUrl\":\"https:\\\/\\\/fit360.ee\\\/wp-content\\\/uploads\\\/2019\\\/11\\\/taurine-300g-1.png\",\"width\":600,\"height\":600,\"caption\":\"Tauriin - fit360.ee\"},{\"@type\":\"BreadcrumbList\",\"@id\":\"https:\\\/\\\/fit360.ee\\\/en\\\/pood\\\/product-groups\\\/amino-acids-bcaa\\\/taurine-300g\\\/#breadcrumb\",\"itemListElement\":[{\"@type\":\"ListItem\",\"position\":1,\"name\":\"Home\",\"item\":\"https:\\\/\\\/fit360.ee\\\/en\\\/\"},{\"@type\":\"ListItem\",\"position\":2,\"name\":\"Shop\",\"item\":\"https:\\\/\\\/fit360.ee\\\/en\\\/shop\\\/\"},{\"@type\":\"ListItem\",\"position\":3,\"name\":\"Tauriin (300g)\"}]},{\"@type\":\"WebSite\",\"@id\":\"https:\\\/\\\/fit360.ee\\\/en\\\/#website\",\"url\":\"https:\\\/\\\/fit360.ee\\\/en\\\/\",\"name\":\"Fit360\",\"description\":\"\",\"publisher\":{\"@id\":\"https:\\\/\\\/fit360.ee\\\/en\\\/#organization\"},\"potentialAction\":[{\"@type\":\"SearchAction\",\"target\":{\"@type\":\"EntryPoint\",\"urlTemplate\":\"https:\\\/\\\/fit360.ee\\\/en\\\/?s={search_term_string}\"},\"query-input\":{\"@type\":\"PropertyValueSpecification\",\"valueRequired\":true,\"valueName\":\"search_term_string\"}}],\"inLanguage\":\"en-US\"},{\"@type\":\"Organization\",\"@id\":\"https:\\\/\\\/fit360.ee\\\/en\\\/#organization\",\"name\":\"Fit360\",\"url\":\"https:\\\/\\\/fit360.ee\\\/en\\\/\",\"logo\":{\"@type\":\"ImageObject\",\"inLanguage\":\"en-US\",\"@id\":\"https:\\\/\\\/fit360.ee\\\/en\\\/#\\\/schema\\\/logo\\\/image\\\/\",\"url\":\"https:\\\/\\\/fit360.ee\\\/wp-content\\\/uploads\\\/2017\\\/01\\\/logo-fit360.png\",\"contentUrl\":\"https:\\\/\\\/fit360.ee\\\/wp-content\\\/uploads\\\/2017\\\/01\\\/logo-fit360.png\",\"width\":180,\"height\":66,\"caption\":\"Fit360\"},\"image\":{\"@id\":\"https:\\\/\\\/fit360.ee\\\/en\\\/#\\\/schema\\\/logo\\\/image\\\/\"}}]}<\/script>\n<!-- \/ Yoast SEO plugin. -->","yoast_head_json":{"title":"Tauriin (300g) - Aminohapped - Taurine - Kiire tarne: 1-3p\u00e4eva - Fit360","description":"Tauriin\u00a0on \u00fcks suuremaid orgaanilise l\u00e4mmastiku hoiustajaid, takistades katabolismi teket ning soodustades rasvavaba kehamassi juurdekasvu.","robots":{"index":"index","follow":"follow","max-snippet":"max-snippet:-1","max-image-preview":"max-image-preview:large","max-video-preview":"max-video-preview:-1"},"canonical":"https:\/\/fit360.ee\/en\/pood\/product-groups\/amino-acids-bcaa\/taurine-300g\/","og_locale":"en_US","og_type":"article","og_title":"Tauriin (300g) - Aminohapped - Taurine - Kiire tarne: 1-3p\u00e4eva - Fit360","og_description":"Tauriin\u00a0on \u00fcks suuremaid orgaanilise l\u00e4mmastiku hoiustajaid, takistades katabolismi teket ning soodustades rasvavaba kehamassi juurdekasvu.","og_url":"https:\/\/fit360.ee\/en\/pood\/product-groups\/amino-acids-bcaa\/taurine-300g\/","og_site_name":"Fit360","article_modified_time":"2025-08-18T15:58:24+00:00","og_image":[{"width":600,"height":600,"url":"https:\/\/fit360.ee\/wp-content\/uploads\/2019\/11\/taurine-300g-1.png","type":"image\/png"}],"twitter_card":"summary_large_image","twitter_misc":{"Est. reading time":"1 minute"},"schema":{"@context":"https:\/\/schema.org","@graph":[{"@type":"WebPage","@id":"https:\/\/fit360.ee\/en\/pood\/product-groups\/amino-acids-bcaa\/taurine-300g\/","url":"https:\/\/fit360.ee\/en\/pood\/product-groups\/amino-acids-bcaa\/taurine-300g\/","name":"Tauriin (300g) - Aminohapped - Taurine - Kiire tarne: 1-3p\u00e4eva - Fit360","isPartOf":{"@id":"https:\/\/fit360.ee\/en\/#website"},"primaryImageOfPage":{"@id":"https:\/\/fit360.ee\/en\/pood\/product-groups\/amino-acids-bcaa\/taurine-300g\/#primaryimage"},"image":{"@id":"https:\/\/fit360.ee\/en\/pood\/product-groups\/amino-acids-bcaa\/taurine-300g\/#primaryimage"},"thumbnailUrl":"https:\/\/fit360.ee\/wp-content\/uploads\/2019\/11\/taurine-300g-1.png","datePublished":"2019-11-18T15:17:15+00:00","dateModified":"2025-08-18T15:58:24+00:00","description":"Tauriin\u00a0on \u00fcks suuremaid orgaanilise l\u00e4mmastiku hoiustajaid, takistades katabolismi teket ning soodustades rasvavaba kehamassi juurdekasvu.","breadcrumb":{"@id":"https:\/\/fit360.ee\/en\/pood\/product-groups\/amino-acids-bcaa\/taurine-300g\/#breadcrumb"},"inLanguage":"en-US","potentialAction":[{"@type":"ReadAction","target":["https:\/\/fit360.ee\/en\/pood\/product-groups\/amino-acids-bcaa\/taurine-300g\/"]}]},{"@type":"ImageObject","inLanguage":"en-US","@id":"https:\/\/fit360.ee\/en\/pood\/product-groups\/amino-acids-bcaa\/taurine-300g\/#primaryimage","url":"https:\/\/fit360.ee\/wp-content\/uploads\/2019\/11\/taurine-300g-1.png","contentUrl":"https:\/\/fit360.ee\/wp-content\/uploads\/2019\/11\/taurine-300g-1.png","width":600,"height":600,"caption":"Tauriin - fit360.ee"},{"@type":"BreadcrumbList","@id":"https:\/\/fit360.ee\/en\/pood\/product-groups\/amino-acids-bcaa\/taurine-300g\/#breadcrumb","itemListElement":[{"@type":"ListItem","position":1,"name":"Home","item":"https:\/\/fit360.ee\/en\/"},{"@type":"ListItem","position":2,"name":"Shop","item":"https:\/\/fit360.ee\/en\/shop\/"},{"@type":"ListItem","position":3,"name":"Tauriin (300g)"}]},{"@type":"WebSite","@id":"https:\/\/fit360.ee\/en\/#website","url":"https:\/\/fit360.ee\/en\/","name":"Fit360","description":"","publisher":{"@id":"https:\/\/fit360.ee\/en\/#organization"},"potentialAction":[{"@type":"SearchAction","target":{"@type":"EntryPoint","urlTemplate":"https:\/\/fit360.ee\/en\/?s={search_term_string}"},"query-input":{"@type":"PropertyValueSpecification","valueRequired":true,"valueName":"search_term_string"}}],"inLanguage":"en-US"},{"@type":"Organization","@id":"https:\/\/fit360.ee\/en\/#organization","name":"Fit360","url":"https:\/\/fit360.ee\/en\/","logo":{"@type":"ImageObject","inLanguage":"en-US","@id":"https:\/\/fit360.ee\/en\/#\/schema\/logo\/image\/","url":"https:\/\/fit360.ee\/wp-content\/uploads\/2017\/01\/logo-fit360.png","contentUrl":"https:\/\/fit360.ee\/wp-content\/uploads\/2017\/01\/logo-fit360.png","width":180,"height":66,"caption":"Fit360"},"image":{"@id":"https:\/\/fit360.ee\/en\/#\/schema\/logo\/image\/"}}]}},"_links":{"self":[{"href":"https:\/\/fit360.ee\/en\/wp-json\/wp\/v2\/product\/26859","targetHints":{"allow":["GET"]}}],"collection":[{"href":"https:\/\/fit360.ee\/en\/wp-json\/wp\/v2\/product"}],"about":[{"href":"https:\/\/fit360.ee\/en\/wp-json\/wp\/v2\/types\/product"}],"replies":[{"embeddable":true,"href":"https:\/\/fit360.ee\/en\/wp-json\/wp\/v2\/comments?post=26859"}],"wp:featuredmedia":[{"embeddable":true,"href":"https:\/\/fit360.ee\/en\/wp-json\/wp\/v2\/media\/37953"}],"wp:attachment":[{"href":"https:\/\/fit360.ee\/en\/wp-json\/wp\/v2\/media?parent=26859"}],"wp:term":[{"taxonomy":"product_brand","embeddable":true,"href":"https:\/\/fit360.ee\/en\/wp-json\/wp\/v2\/product_brand?post=26859"},{"taxonomy":"product_cat","embeddable":true,"href":"https:\/\/fit360.ee\/en\/wp-json\/wp\/v2\/product_cat?post=26859"},{"taxonomy":"product_tag","embeddable":true,"href":"https:\/\/fit360.ee\/en\/wp-json\/wp\/v2\/product_tag?post=26859"},{"taxonomy":"giftcard-category","embeddable":true,"href":"https:\/\/fit360.ee\/en\/wp-json\/wp\/v2\/giftcard-category?post=26859"}],"curies":[{"name":"wp","href":"https:\/\/api.w.org\/{rel}","templated":true}]}}