{"id":27169,"date":"2019-11-24T21:41:40","date_gmt":"2019-11-24T19:41:40","guid":{"rendered":"https:\/\/fit360.ee\/pood\/uncategorized\/black-wolf-shot-80ml\/"},"modified":"2025-08-13T07:36:07","modified_gmt":"2025-08-13T05:36:07","slug":"black-wolf-shot-80ml","status":"publish","type":"product","link":"https:\/\/fit360.ee\/en\/pood\/product-groups\/drinks-shots\/black-wolf-shot-80ml\/","title":{"rendered":"BLACK WOLF SHOT (80ml)"},"content":{"rendered":"<p><strong>Koostisosad<\/strong>: Vesi, beeta-alaniin (2,5g\/40ml),aromaatsed aminohapped (L-fen\u00fc\u00fclalaniin, L-T\u00fcrosiin), kofeiin (200mg\/40ml), happelisuse regulaatorid (sidrunhape, naatriumtsitraadid), puuviljamahla kontsentraadid,l\u00f5hna- ja maitseained, vitamiinid ( niatsiin (B3), vitamiin B6, Vitamiin B12), magusained (atsesulfaam K, sukraloos), s\u00e4ilitusained (bensoehape ja sobriinhape).<\/p>\n<p><strong>Kasutamine<\/strong>: Tarbi 40ml (1\/2 pudelist) enne treeningut v\u00f5i treeningu ajal. Tarbi \u00fcks kord p\u00e4evas. \u00c4ra \u00fcleta seda kogust! Loksuta enne kasutamist. Tarbi 24 tunni jooksul peale avamist.<\/p>\n<p><strong>M\u00e4rkused<\/strong>: Ara kasuta, kui oled allergiline koostises m\u00e4rgitud ainete vastu. \u00c4ra sega alkoholiga. Suure kofeiini koguse t\u00f5ttu\u00a0ei ole toode sobilik diabeetikutele, kofeiinitundlikele, h\u00fcpertensiooni ja teiste s\u00fcdame- ja veresoonkonna\u00a0haiguste p\u00f5dejatele, lastele, rasedatele naistele ja imetavatele emadele. <strong>NB:<\/strong> Toode ei asenda mitmek\u00fclgset toitumist!<\/p>\n<p><strong>Hoiustada<\/strong>:\u00a0K\u00fclmas ja jahedas kohas eemal otsesest p\u00e4evavalgusest ning lastele k\u00e4ttesaamatus kohas.<\/p>\n<table>\n<tbody>\n<tr>\n<td width=\"251\"><strong>Anal\u00fc\u00fcs<\/strong><\/td>\n<td width=\"266\"><strong>40 ml<\/strong><\/td>\n<td width=\"112\"><strong>80ml<\/strong><\/td>\n<\/tr>\n<tr>\n<td width=\"251\">Beeta-alaniin<\/td>\n<td width=\"266\">2,5g<\/td>\n<td width=\"112\">5g<\/td>\n<\/tr>\n<tr>\n<td width=\"251\">L-fen\u00fc\u00fclalaiin + L-t\u00fcrosiin<\/td>\n<td width=\"266\">500mg<\/td>\n<td width=\"112\">1g<\/td>\n<\/tr>\n<tr>\n<td width=\"251\">Veevaba kofeiin<\/td>\n<td width=\"266\">200mg<\/td>\n<td width=\"112\">400mg<\/td>\n<\/tr>\n<tr>\n<td width=\"251\">Niatsiin (Vitamiin B3)<\/td>\n<td width=\"266\">16mg (100% SPK)<\/td>\n<td width=\"112\">32mg (200% SPK)<\/td>\n<\/tr>\n<tr>\n<td width=\"251\">Vitamiin B6<\/td>\n<td width=\"266\">2,1mg (150% SPK)<\/td>\n<td width=\"112\">4,2mg (300% SPK)<\/td>\n<\/tr>\n<tr>\n<td width=\"251\">Vitamiin B12<\/td>\n<td width=\"266\">5\u03bcg (200% SPK)<\/td>\n<td width=\"112\">10\u03bcg (400% SPK)<\/td>\n<\/tr>\n<\/tbody>\n<\/table>\n","protected":false},"excerpt":{"rendered":"<p>\u00dcliv\u00f5imas\u00a0treeningueelne\u00a0jook garanteerib su treeningule kvaliteedi!<\/p>\n<p><strong>Black Wolf Shot:<\/strong><\/p>\n<ul>\n<li>Tagab maksimaalse keskendumisv\u00f5ime ning annab suures koguses energiat<\/li>\n<li>Parandab lihaste varustatust hapnikuga<\/li>\n<li>Kiirendab taastumist<\/li>\n<li>Tagab treeningul maksimaalse efektiivsuse<\/li>\n<li>Parandab vere transporti<\/li>\n<li>Tekitab lihastes nn pump-efekti<\/li>\n<\/ul>\n","protected":false},"featured_media":27168,"comment_status":"open","ping_status":"closed","template":"","meta":[],"product_brand":[],"product_cat":[508,523,533],"product_tag":[],"giftcard-category":[],"class_list":{"0":"post-27169","1":"product","2":"type-product","3":"status-publish","4":"has-post-thumbnail","6":"product_cat-activlab-en","7":"product_cat-drinks-shots","8":"product_cat-pre-workout-en","9":"pa_toidulisand-branddd-activlab","10":"pa_tootegruppp-drinksshots","11":"pa_tootegruppp-pre-workout","13":"first","14":"outofstock","15":"sale","16":"taxable","17":"shipping-taxable","18":"purchasable","19":"product-type-simple"},"yoast_head":"<!-- This site is optimized with the Yoast SEO plugin v27.3 - https:\/\/yoast.com\/product\/yoast-seo-wordpress\/ -->\n<title>BLACK WOLF SHOT (80ml) - Fit360<\/title>\n<meta name=\"robots\" content=\"index, follow, max-snippet:-1, max-image-preview:large, max-video-preview:-1\" \/>\n<link rel=\"canonical\" href=\"https:\/\/fit360.ee\/en\/pood\/product-groups\/drinks-shots\/black-wolf-shot-80ml\/\" \/>\n<meta property=\"og:locale\" content=\"en_US\" \/>\n<meta property=\"og:type\" content=\"article\" \/>\n<meta property=\"og:title\" content=\"BLACK WOLF SHOT (80ml) - Fit360\" \/>\n<meta property=\"og:description\" content=\"\u00dcliv\u00f5imas\u00a0treeningueelne\u00a0jook garanteerib su treeningule kvaliteedi!  Black Wolf Shot:   Tagab maksimaalse keskendumisv\u00f5ime ning annab suures koguses energiat  Parandab lihaste varustatust hapnikuga  Kiirendab taastumist  Tagab treeningul maksimaalse efektiivsuse  Parandab vere transporti  Tekitab lihastes nn pump-efekti\" \/>\n<meta property=\"og:url\" content=\"https:\/\/fit360.ee\/en\/pood\/product-groups\/drinks-shots\/black-wolf-shot-80ml\/\" \/>\n<meta property=\"og:site_name\" content=\"Fit360\" \/>\n<meta property=\"article:modified_time\" content=\"2025-08-13T05:36:07+00:00\" \/>\n<meta property=\"og:image\" content=\"https:\/\/fit360.ee\/wp-content\/uploads\/2019\/11\/black-wolf-shot.jpg\" \/>\n\t<meta property=\"og:image:width\" content=\"715\" \/>\n\t<meta property=\"og:image:height\" content=\"663\" \/>\n\t<meta property=\"og:image:type\" content=\"image\/jpeg\" \/>\n<meta name=\"twitter:card\" content=\"summary_large_image\" \/>\n<meta name=\"twitter:label1\" content=\"Est. reading time\" \/>\n\t<meta name=\"twitter:data1\" content=\"1 minute\" \/>\n<script type=\"application\/ld+json\" class=\"yoast-schema-graph\">{\"@context\":\"https:\\\/\\\/schema.org\",\"@graph\":[{\"@type\":\"WebPage\",\"@id\":\"https:\\\/\\\/fit360.ee\\\/en\\\/pood\\\/product-groups\\\/drinks-shots\\\/black-wolf-shot-80ml\\\/\",\"url\":\"https:\\\/\\\/fit360.ee\\\/en\\\/pood\\\/product-groups\\\/drinks-shots\\\/black-wolf-shot-80ml\\\/\",\"name\":\"BLACK WOLF SHOT (80ml) - Fit360\",\"isPartOf\":{\"@id\":\"https:\\\/\\\/fit360.ee\\\/en\\\/#website\"},\"primaryImageOfPage\":{\"@id\":\"https:\\\/\\\/fit360.ee\\\/en\\\/pood\\\/product-groups\\\/drinks-shots\\\/black-wolf-shot-80ml\\\/#primaryimage\"},\"image\":{\"@id\":\"https:\\\/\\\/fit360.ee\\\/en\\\/pood\\\/product-groups\\\/drinks-shots\\\/black-wolf-shot-80ml\\\/#primaryimage\"},\"thumbnailUrl\":\"https:\\\/\\\/fit360.ee\\\/wp-content\\\/uploads\\\/2019\\\/11\\\/black-wolf-shot.jpg\",\"datePublished\":\"2019-11-24T19:41:40+00:00\",\"dateModified\":\"2025-08-13T05:36:07+00:00\",\"breadcrumb\":{\"@id\":\"https:\\\/\\\/fit360.ee\\\/en\\\/pood\\\/product-groups\\\/drinks-shots\\\/black-wolf-shot-80ml\\\/#breadcrumb\"},\"inLanguage\":\"en-US\",\"potentialAction\":[{\"@type\":\"ReadAction\",\"target\":[\"https:\\\/\\\/fit360.ee\\\/en\\\/pood\\\/product-groups\\\/drinks-shots\\\/black-wolf-shot-80ml\\\/\"]}]},{\"@type\":\"ImageObject\",\"inLanguage\":\"en-US\",\"@id\":\"https:\\\/\\\/fit360.ee\\\/en\\\/pood\\\/product-groups\\\/drinks-shots\\\/black-wolf-shot-80ml\\\/#primaryimage\",\"url\":\"https:\\\/\\\/fit360.ee\\\/wp-content\\\/uploads\\\/2019\\\/11\\\/black-wolf-shot.jpg\",\"contentUrl\":\"https:\\\/\\\/fit360.ee\\\/wp-content\\\/uploads\\\/2019\\\/11\\\/black-wolf-shot.jpg\",\"width\":715,\"height\":663},{\"@type\":\"BreadcrumbList\",\"@id\":\"https:\\\/\\\/fit360.ee\\\/en\\\/pood\\\/product-groups\\\/drinks-shots\\\/black-wolf-shot-80ml\\\/#breadcrumb\",\"itemListElement\":[{\"@type\":\"ListItem\",\"position\":1,\"name\":\"Home\",\"item\":\"https:\\\/\\\/fit360.ee\\\/en\\\/\"},{\"@type\":\"ListItem\",\"position\":2,\"name\":\"Shop\",\"item\":\"https:\\\/\\\/fit360.ee\\\/en\\\/shop\\\/\"},{\"@type\":\"ListItem\",\"position\":3,\"name\":\"BLACK WOLF SHOT (80ml)\"}]},{\"@type\":\"WebSite\",\"@id\":\"https:\\\/\\\/fit360.ee\\\/en\\\/#website\",\"url\":\"https:\\\/\\\/fit360.ee\\\/en\\\/\",\"name\":\"Fit360\",\"description\":\"\",\"publisher\":{\"@id\":\"https:\\\/\\\/fit360.ee\\\/en\\\/#organization\"},\"potentialAction\":[{\"@type\":\"SearchAction\",\"target\":{\"@type\":\"EntryPoint\",\"urlTemplate\":\"https:\\\/\\\/fit360.ee\\\/en\\\/?s={search_term_string}\"},\"query-input\":{\"@type\":\"PropertyValueSpecification\",\"valueRequired\":true,\"valueName\":\"search_term_string\"}}],\"inLanguage\":\"en-US\"},{\"@type\":\"Organization\",\"@id\":\"https:\\\/\\\/fit360.ee\\\/en\\\/#organization\",\"name\":\"Fit360\",\"url\":\"https:\\\/\\\/fit360.ee\\\/en\\\/\",\"logo\":{\"@type\":\"ImageObject\",\"inLanguage\":\"en-US\",\"@id\":\"https:\\\/\\\/fit360.ee\\\/en\\\/#\\\/schema\\\/logo\\\/image\\\/\",\"url\":\"https:\\\/\\\/fit360.ee\\\/wp-content\\\/uploads\\\/2017\\\/01\\\/logo-fit360.png\",\"contentUrl\":\"https:\\\/\\\/fit360.ee\\\/wp-content\\\/uploads\\\/2017\\\/01\\\/logo-fit360.png\",\"width\":180,\"height\":66,\"caption\":\"Fit360\"},\"image\":{\"@id\":\"https:\\\/\\\/fit360.ee\\\/en\\\/#\\\/schema\\\/logo\\\/image\\\/\"}}]}<\/script>\n<!-- \/ Yoast SEO plugin. -->","yoast_head_json":{"title":"BLACK WOLF SHOT (80ml) - Fit360","robots":{"index":"index","follow":"follow","max-snippet":"max-snippet:-1","max-image-preview":"max-image-preview:large","max-video-preview":"max-video-preview:-1"},"canonical":"https:\/\/fit360.ee\/en\/pood\/product-groups\/drinks-shots\/black-wolf-shot-80ml\/","og_locale":"en_US","og_type":"article","og_title":"BLACK WOLF SHOT (80ml) - Fit360","og_description":"\u00dcliv\u00f5imas\u00a0treeningueelne\u00a0jook garanteerib su treeningule kvaliteedi!  Black Wolf Shot:   Tagab maksimaalse keskendumisv\u00f5ime ning annab suures koguses energiat  Parandab lihaste varustatust hapnikuga  Kiirendab taastumist  Tagab treeningul maksimaalse efektiivsuse  Parandab vere transporti  Tekitab lihastes nn pump-efekti","og_url":"https:\/\/fit360.ee\/en\/pood\/product-groups\/drinks-shots\/black-wolf-shot-80ml\/","og_site_name":"Fit360","article_modified_time":"2025-08-13T05:36:07+00:00","og_image":[{"width":715,"height":663,"url":"https:\/\/fit360.ee\/wp-content\/uploads\/2019\/11\/black-wolf-shot.jpg","type":"image\/jpeg"}],"twitter_card":"summary_large_image","twitter_misc":{"Est. reading time":"1 minute"},"schema":{"@context":"https:\/\/schema.org","@graph":[{"@type":"WebPage","@id":"https:\/\/fit360.ee\/en\/pood\/product-groups\/drinks-shots\/black-wolf-shot-80ml\/","url":"https:\/\/fit360.ee\/en\/pood\/product-groups\/drinks-shots\/black-wolf-shot-80ml\/","name":"BLACK WOLF SHOT (80ml) - Fit360","isPartOf":{"@id":"https:\/\/fit360.ee\/en\/#website"},"primaryImageOfPage":{"@id":"https:\/\/fit360.ee\/en\/pood\/product-groups\/drinks-shots\/black-wolf-shot-80ml\/#primaryimage"},"image":{"@id":"https:\/\/fit360.ee\/en\/pood\/product-groups\/drinks-shots\/black-wolf-shot-80ml\/#primaryimage"},"thumbnailUrl":"https:\/\/fit360.ee\/wp-content\/uploads\/2019\/11\/black-wolf-shot.jpg","datePublished":"2019-11-24T19:41:40+00:00","dateModified":"2025-08-13T05:36:07+00:00","breadcrumb":{"@id":"https:\/\/fit360.ee\/en\/pood\/product-groups\/drinks-shots\/black-wolf-shot-80ml\/#breadcrumb"},"inLanguage":"en-US","potentialAction":[{"@type":"ReadAction","target":["https:\/\/fit360.ee\/en\/pood\/product-groups\/drinks-shots\/black-wolf-shot-80ml\/"]}]},{"@type":"ImageObject","inLanguage":"en-US","@id":"https:\/\/fit360.ee\/en\/pood\/product-groups\/drinks-shots\/black-wolf-shot-80ml\/#primaryimage","url":"https:\/\/fit360.ee\/wp-content\/uploads\/2019\/11\/black-wolf-shot.jpg","contentUrl":"https:\/\/fit360.ee\/wp-content\/uploads\/2019\/11\/black-wolf-shot.jpg","width":715,"height":663},{"@type":"BreadcrumbList","@id":"https:\/\/fit360.ee\/en\/pood\/product-groups\/drinks-shots\/black-wolf-shot-80ml\/#breadcrumb","itemListElement":[{"@type":"ListItem","position":1,"name":"Home","item":"https:\/\/fit360.ee\/en\/"},{"@type":"ListItem","position":2,"name":"Shop","item":"https:\/\/fit360.ee\/en\/shop\/"},{"@type":"ListItem","position":3,"name":"BLACK WOLF SHOT (80ml)"}]},{"@type":"WebSite","@id":"https:\/\/fit360.ee\/en\/#website","url":"https:\/\/fit360.ee\/en\/","name":"Fit360","description":"","publisher":{"@id":"https:\/\/fit360.ee\/en\/#organization"},"potentialAction":[{"@type":"SearchAction","target":{"@type":"EntryPoint","urlTemplate":"https:\/\/fit360.ee\/en\/?s={search_term_string}"},"query-input":{"@type":"PropertyValueSpecification","valueRequired":true,"valueName":"search_term_string"}}],"inLanguage":"en-US"},{"@type":"Organization","@id":"https:\/\/fit360.ee\/en\/#organization","name":"Fit360","url":"https:\/\/fit360.ee\/en\/","logo":{"@type":"ImageObject","inLanguage":"en-US","@id":"https:\/\/fit360.ee\/en\/#\/schema\/logo\/image\/","url":"https:\/\/fit360.ee\/wp-content\/uploads\/2017\/01\/logo-fit360.png","contentUrl":"https:\/\/fit360.ee\/wp-content\/uploads\/2017\/01\/logo-fit360.png","width":180,"height":66,"caption":"Fit360"},"image":{"@id":"https:\/\/fit360.ee\/en\/#\/schema\/logo\/image\/"}}]}},"_links":{"self":[{"href":"https:\/\/fit360.ee\/en\/wp-json\/wp\/v2\/product\/27169","targetHints":{"allow":["GET"]}}],"collection":[{"href":"https:\/\/fit360.ee\/en\/wp-json\/wp\/v2\/product"}],"about":[{"href":"https:\/\/fit360.ee\/en\/wp-json\/wp\/v2\/types\/product"}],"replies":[{"embeddable":true,"href":"https:\/\/fit360.ee\/en\/wp-json\/wp\/v2\/comments?post=27169"}],"wp:featuredmedia":[{"embeddable":true,"href":"https:\/\/fit360.ee\/en\/wp-json\/wp\/v2\/media\/27168"}],"wp:attachment":[{"href":"https:\/\/fit360.ee\/en\/wp-json\/wp\/v2\/media?parent=27169"}],"wp:term":[{"taxonomy":"product_brand","embeddable":true,"href":"https:\/\/fit360.ee\/en\/wp-json\/wp\/v2\/product_brand?post=27169"},{"taxonomy":"product_cat","embeddable":true,"href":"https:\/\/fit360.ee\/en\/wp-json\/wp\/v2\/product_cat?post=27169"},{"taxonomy":"product_tag","embeddable":true,"href":"https:\/\/fit360.ee\/en\/wp-json\/wp\/v2\/product_tag?post=27169"},{"taxonomy":"giftcard-category","embeddable":true,"href":"https:\/\/fit360.ee\/en\/wp-json\/wp\/v2\/giftcard-category?post=27169"}],"curies":[{"name":"wp","href":"https:\/\/api.w.org\/{rel}","templated":true}]}}