{"id":27180,"date":"2019-11-24T22:13:32","date_gmt":"2019-11-24T20:13:32","guid":{"rendered":"https:\/\/fit360.ee\/pood\/uncategorized\/vitamin-d3-2000iu-60-softgels\/"},"modified":"2025-08-13T07:37:40","modified_gmt":"2025-08-13T05:37:40","slug":"vitamin-d3-2000iu-60-softgels","status":"publish","type":"product","link":"https:\/\/fit360.ee\/en\/pood\/product-groups\/vitamins-and-minerals-en\/d-vitamin-en\/vitamin-d3-2000iu-60-softgels\/","title":{"rendered":"Vitamiin D3 2000IU (60 softgels)"},"content":{"rendered":"<p><strong>Teised koostisosad<\/strong>: P\u00e4evalille\u00f5li, <em>Extra Virgin<\/em> oliivi\u00f5li, \u017eelatiin, niisutusaine: gl\u00fctserool.<\/p>\n<p><strong>Kasutamine<\/strong>: V\u00f5ta 1-2 kapslit p\u00e4evas koos toiduga.<\/p>\n<table>\n<tbody>\n<tr>\n<td width=\"205\"><strong>Toimeaine<\/strong><\/td>\n<td width=\"205\"><strong>1 geelkapsel<\/strong><\/td>\n<td width=\"205\"><strong>% SPK<\/strong><\/td>\n<\/tr>\n<tr>\n<td width=\"205\">Vitamin D3<\/td>\n<td width=\"205\">50\u03bcg (2000IU)<\/td>\n<td width=\"205\">1000%<\/td>\n<\/tr>\n<\/tbody>\n<\/table>\n<p><strong>Hoiusta<\/strong> kuivas ja jahedas kohas, eemal otsesest p\u00e4evavalgusest.<\/p>\n<p>Soovid kaupa osta suuremas koguses? Vaata antud toodet ka meie HULGI poest\u00a0<a href=\"https:\/\/toidulisandidhulgi.ee\/product\/vitamin-d3-2000iu-60-softgels\/\"><strong>SIIT<\/strong><\/a>!<\/p>\n","protected":false},"excerpt":{"rendered":"<p><strong>REAL PHARM VITAMIN D3<\/strong>:<\/p>\n<ul>\n<li>Aitab s\u00e4ilitada tugevat luustiku<\/li>\n<li>Tugevdab immuuns\u00fcsteemi<\/li>\n<li>Annab lisaenergiat<\/li>\n<li>Geelkapsli vorm &#8211; parim imendumine<\/li>\n<\/ul>\n<p><strong>REAL PHARM Vitamiin D-3<\/strong> geelkapslid varustavad keha \u00fche k\u00f5ige olulisema vitamiiniga vedelal geelkapsli kujul. Vitamiin D k\u00e4ttesaadavus toidust ja p\u00e4ikesest j\u00e4\u00e4b tihti peale v\u00e4heseks, arvesatades inimese vajadusi.\u00a0 Vali Real Pharmi Vitamiin D ja v\u00f5id kindel olla, et Sinu keha t\u00e4nab Sind!<\/p>\n<p>&nbsp;<\/p>\n","protected":false},"featured_media":55600,"comment_status":"open","ping_status":"closed","template":"","meta":[],"product_brand":[],"product_cat":[1913,5320,527,515,536],"product_tag":[],"giftcard-category":[],"class_list":{"0":"post-27180","1":"product","2":"type-product","3":"status-publish","4":"has-post-thumbnail","6":"product_cat-d-vitamin-en","7":"product_cat-for-immunity-en","8":"product_cat-joint-support-en","9":"product_cat-real-pharm","10":"product_cat-vitamins-and-minerals-en","11":"pa_toidulisand-branddd-real-pharm","12":"pa_tootegruppp-d-vitamiin-en","13":"pa_tootegruppp-for-joints","14":"pa_tootegruppp-immuunsusteem-en","15":"pa_tootegruppp-vitamins-and-minerals","17":"first","18":"outofstock","19":"sale","20":"taxable","21":"shipping-taxable","22":"purchasable","23":"product-type-simple"},"yoast_head":"<!-- This site is optimized with the Yoast SEO plugin v27.3 - https:\/\/yoast.com\/product\/yoast-seo-wordpress\/ -->\n<title>Vitamiin D3 2000IU (60 softgels) - Fit360<\/title>\n<meta name=\"robots\" content=\"index, follow, max-snippet:-1, max-image-preview:large, max-video-preview:-1\" \/>\n<link rel=\"canonical\" href=\"https:\/\/fit360.ee\/en\/pood\/product-groups\/vitamins-and-minerals-en\/d-vitamin-en\/vitamin-d3-2000iu-60-softgels\/\" \/>\n<meta property=\"og:locale\" content=\"en_US\" \/>\n<meta property=\"og:type\" content=\"article\" \/>\n<meta property=\"og:title\" content=\"Vitamiin D3 2000IU (60 softgels) - Fit360\" \/>\n<meta property=\"og:description\" content=\"REAL PHARM VITAMIN D3:   Aitab s\u00e4ilitada tugevat luustiku  Tugevdab immuuns\u00fcsteemi  Annab lisaenergiat  Geelkapsli vorm - parim imendumine  REAL PHARM Vitamiin D-3 geelkapslid varustavad keha \u00fche k\u00f5ige olulisema vitamiiniga vedelal geelkapsli kujul. Vitamiin D k\u00e4ttesaadavus toidust ja p\u00e4ikesest j\u00e4\u00e4b tihti peale v\u00e4heseks, arvesatades inimese vajadusi.\u00a0 Vali Real Pharmi Vitamiin D ja v\u00f5id kindel olla, et Sinu keha t\u00e4nab Sind!  &nbsp;\" \/>\n<meta property=\"og:url\" content=\"https:\/\/fit360.ee\/en\/pood\/product-groups\/vitamins-and-minerals-en\/d-vitamin-en\/vitamin-d3-2000iu-60-softgels\/\" \/>\n<meta property=\"og:site_name\" content=\"Fit360\" \/>\n<meta property=\"article:modified_time\" content=\"2025-08-13T05:37:40+00:00\" \/>\n<meta property=\"og:image\" content=\"https:\/\/fit360.ee\/wp-content\/uploads\/2019\/11\/vitamiin-d-2000iu-fit360.ee_.png\" \/>\n\t<meta property=\"og:image:width\" content=\"600\" \/>\n\t<meta property=\"og:image:height\" content=\"600\" \/>\n\t<meta property=\"og:image:type\" content=\"image\/png\" \/>\n<meta name=\"twitter:card\" content=\"summary_large_image\" \/>\n<meta name=\"twitter:label1\" content=\"Est. reading time\" \/>\n\t<meta name=\"twitter:data1\" content=\"1 minute\" \/>\n<script type=\"application\/ld+json\" class=\"yoast-schema-graph\">{\"@context\":\"https:\\\/\\\/schema.org\",\"@graph\":[{\"@type\":\"WebPage\",\"@id\":\"https:\\\/\\\/fit360.ee\\\/en\\\/pood\\\/product-groups\\\/vitamins-and-minerals-en\\\/d-vitamin-en\\\/vitamin-d3-2000iu-60-softgels\\\/\",\"url\":\"https:\\\/\\\/fit360.ee\\\/en\\\/pood\\\/product-groups\\\/vitamins-and-minerals-en\\\/d-vitamin-en\\\/vitamin-d3-2000iu-60-softgels\\\/\",\"name\":\"Vitamiin D3 2000IU (60 softgels) - Fit360\",\"isPartOf\":{\"@id\":\"https:\\\/\\\/fit360.ee\\\/en\\\/#website\"},\"primaryImageOfPage\":{\"@id\":\"https:\\\/\\\/fit360.ee\\\/en\\\/pood\\\/product-groups\\\/vitamins-and-minerals-en\\\/d-vitamin-en\\\/vitamin-d3-2000iu-60-softgels\\\/#primaryimage\"},\"image\":{\"@id\":\"https:\\\/\\\/fit360.ee\\\/en\\\/pood\\\/product-groups\\\/vitamins-and-minerals-en\\\/d-vitamin-en\\\/vitamin-d3-2000iu-60-softgels\\\/#primaryimage\"},\"thumbnailUrl\":\"https:\\\/\\\/fit360.ee\\\/wp-content\\\/uploads\\\/2019\\\/11\\\/vitamiin-d-2000iu-fit360.ee_.png\",\"datePublished\":\"2019-11-24T20:13:32+00:00\",\"dateModified\":\"2025-08-13T05:37:40+00:00\",\"breadcrumb\":{\"@id\":\"https:\\\/\\\/fit360.ee\\\/en\\\/pood\\\/product-groups\\\/vitamins-and-minerals-en\\\/d-vitamin-en\\\/vitamin-d3-2000iu-60-softgels\\\/#breadcrumb\"},\"inLanguage\":\"en-US\",\"potentialAction\":[{\"@type\":\"ReadAction\",\"target\":[\"https:\\\/\\\/fit360.ee\\\/en\\\/pood\\\/product-groups\\\/vitamins-and-minerals-en\\\/d-vitamin-en\\\/vitamin-d3-2000iu-60-softgels\\\/\"]}]},{\"@type\":\"ImageObject\",\"inLanguage\":\"en-US\",\"@id\":\"https:\\\/\\\/fit360.ee\\\/en\\\/pood\\\/product-groups\\\/vitamins-and-minerals-en\\\/d-vitamin-en\\\/vitamin-d3-2000iu-60-softgels\\\/#primaryimage\",\"url\":\"https:\\\/\\\/fit360.ee\\\/wp-content\\\/uploads\\\/2019\\\/11\\\/vitamiin-d-2000iu-fit360.ee_.png\",\"contentUrl\":\"https:\\\/\\\/fit360.ee\\\/wp-content\\\/uploads\\\/2019\\\/11\\\/vitamiin-d-2000iu-fit360.ee_.png\",\"width\":600,\"height\":600,\"caption\":\"vitamiin d 2000iu - fit360.ee\"},{\"@type\":\"BreadcrumbList\",\"@id\":\"https:\\\/\\\/fit360.ee\\\/en\\\/pood\\\/product-groups\\\/vitamins-and-minerals-en\\\/d-vitamin-en\\\/vitamin-d3-2000iu-60-softgels\\\/#breadcrumb\",\"itemListElement\":[{\"@type\":\"ListItem\",\"position\":1,\"name\":\"Home\",\"item\":\"https:\\\/\\\/fit360.ee\\\/en\\\/\"},{\"@type\":\"ListItem\",\"position\":2,\"name\":\"Shop\",\"item\":\"https:\\\/\\\/fit360.ee\\\/en\\\/shop\\\/\"},{\"@type\":\"ListItem\",\"position\":3,\"name\":\"Vitamiin D3 2000IU (60 softgels)\"}]},{\"@type\":\"WebSite\",\"@id\":\"https:\\\/\\\/fit360.ee\\\/en\\\/#website\",\"url\":\"https:\\\/\\\/fit360.ee\\\/en\\\/\",\"name\":\"Fit360\",\"description\":\"\",\"publisher\":{\"@id\":\"https:\\\/\\\/fit360.ee\\\/en\\\/#organization\"},\"potentialAction\":[{\"@type\":\"SearchAction\",\"target\":{\"@type\":\"EntryPoint\",\"urlTemplate\":\"https:\\\/\\\/fit360.ee\\\/en\\\/?s={search_term_string}\"},\"query-input\":{\"@type\":\"PropertyValueSpecification\",\"valueRequired\":true,\"valueName\":\"search_term_string\"}}],\"inLanguage\":\"en-US\"},{\"@type\":\"Organization\",\"@id\":\"https:\\\/\\\/fit360.ee\\\/en\\\/#organization\",\"name\":\"Fit360\",\"url\":\"https:\\\/\\\/fit360.ee\\\/en\\\/\",\"logo\":{\"@type\":\"ImageObject\",\"inLanguage\":\"en-US\",\"@id\":\"https:\\\/\\\/fit360.ee\\\/en\\\/#\\\/schema\\\/logo\\\/image\\\/\",\"url\":\"https:\\\/\\\/fit360.ee\\\/wp-content\\\/uploads\\\/2017\\\/01\\\/logo-fit360.png\",\"contentUrl\":\"https:\\\/\\\/fit360.ee\\\/wp-content\\\/uploads\\\/2017\\\/01\\\/logo-fit360.png\",\"width\":180,\"height\":66,\"caption\":\"Fit360\"},\"image\":{\"@id\":\"https:\\\/\\\/fit360.ee\\\/en\\\/#\\\/schema\\\/logo\\\/image\\\/\"}}]}<\/script>\n<!-- \/ Yoast SEO plugin. -->","yoast_head_json":{"title":"Vitamiin D3 2000IU (60 softgels) - Fit360","robots":{"index":"index","follow":"follow","max-snippet":"max-snippet:-1","max-image-preview":"max-image-preview:large","max-video-preview":"max-video-preview:-1"},"canonical":"https:\/\/fit360.ee\/en\/pood\/product-groups\/vitamins-and-minerals-en\/d-vitamin-en\/vitamin-d3-2000iu-60-softgels\/","og_locale":"en_US","og_type":"article","og_title":"Vitamiin D3 2000IU (60 softgels) - Fit360","og_description":"REAL PHARM VITAMIN D3:   Aitab s\u00e4ilitada tugevat luustiku  Tugevdab immuuns\u00fcsteemi  Annab lisaenergiat  Geelkapsli vorm - parim imendumine  REAL PHARM Vitamiin D-3 geelkapslid varustavad keha \u00fche k\u00f5ige olulisema vitamiiniga vedelal geelkapsli kujul. Vitamiin D k\u00e4ttesaadavus toidust ja p\u00e4ikesest j\u00e4\u00e4b tihti peale v\u00e4heseks, arvesatades inimese vajadusi.\u00a0 Vali Real Pharmi Vitamiin D ja v\u00f5id kindel olla, et Sinu keha t\u00e4nab Sind!  &nbsp;","og_url":"https:\/\/fit360.ee\/en\/pood\/product-groups\/vitamins-and-minerals-en\/d-vitamin-en\/vitamin-d3-2000iu-60-softgels\/","og_site_name":"Fit360","article_modified_time":"2025-08-13T05:37:40+00:00","og_image":[{"width":600,"height":600,"url":"https:\/\/fit360.ee\/wp-content\/uploads\/2019\/11\/vitamiin-d-2000iu-fit360.ee_.png","type":"image\/png"}],"twitter_card":"summary_large_image","twitter_misc":{"Est. reading time":"1 minute"},"schema":{"@context":"https:\/\/schema.org","@graph":[{"@type":"WebPage","@id":"https:\/\/fit360.ee\/en\/pood\/product-groups\/vitamins-and-minerals-en\/d-vitamin-en\/vitamin-d3-2000iu-60-softgels\/","url":"https:\/\/fit360.ee\/en\/pood\/product-groups\/vitamins-and-minerals-en\/d-vitamin-en\/vitamin-d3-2000iu-60-softgels\/","name":"Vitamiin D3 2000IU (60 softgels) - Fit360","isPartOf":{"@id":"https:\/\/fit360.ee\/en\/#website"},"primaryImageOfPage":{"@id":"https:\/\/fit360.ee\/en\/pood\/product-groups\/vitamins-and-minerals-en\/d-vitamin-en\/vitamin-d3-2000iu-60-softgels\/#primaryimage"},"image":{"@id":"https:\/\/fit360.ee\/en\/pood\/product-groups\/vitamins-and-minerals-en\/d-vitamin-en\/vitamin-d3-2000iu-60-softgels\/#primaryimage"},"thumbnailUrl":"https:\/\/fit360.ee\/wp-content\/uploads\/2019\/11\/vitamiin-d-2000iu-fit360.ee_.png","datePublished":"2019-11-24T20:13:32+00:00","dateModified":"2025-08-13T05:37:40+00:00","breadcrumb":{"@id":"https:\/\/fit360.ee\/en\/pood\/product-groups\/vitamins-and-minerals-en\/d-vitamin-en\/vitamin-d3-2000iu-60-softgels\/#breadcrumb"},"inLanguage":"en-US","potentialAction":[{"@type":"ReadAction","target":["https:\/\/fit360.ee\/en\/pood\/product-groups\/vitamins-and-minerals-en\/d-vitamin-en\/vitamin-d3-2000iu-60-softgels\/"]}]},{"@type":"ImageObject","inLanguage":"en-US","@id":"https:\/\/fit360.ee\/en\/pood\/product-groups\/vitamins-and-minerals-en\/d-vitamin-en\/vitamin-d3-2000iu-60-softgels\/#primaryimage","url":"https:\/\/fit360.ee\/wp-content\/uploads\/2019\/11\/vitamiin-d-2000iu-fit360.ee_.png","contentUrl":"https:\/\/fit360.ee\/wp-content\/uploads\/2019\/11\/vitamiin-d-2000iu-fit360.ee_.png","width":600,"height":600,"caption":"vitamiin d 2000iu - fit360.ee"},{"@type":"BreadcrumbList","@id":"https:\/\/fit360.ee\/en\/pood\/product-groups\/vitamins-and-minerals-en\/d-vitamin-en\/vitamin-d3-2000iu-60-softgels\/#breadcrumb","itemListElement":[{"@type":"ListItem","position":1,"name":"Home","item":"https:\/\/fit360.ee\/en\/"},{"@type":"ListItem","position":2,"name":"Shop","item":"https:\/\/fit360.ee\/en\/shop\/"},{"@type":"ListItem","position":3,"name":"Vitamiin D3 2000IU (60 softgels)"}]},{"@type":"WebSite","@id":"https:\/\/fit360.ee\/en\/#website","url":"https:\/\/fit360.ee\/en\/","name":"Fit360","description":"","publisher":{"@id":"https:\/\/fit360.ee\/en\/#organization"},"potentialAction":[{"@type":"SearchAction","target":{"@type":"EntryPoint","urlTemplate":"https:\/\/fit360.ee\/en\/?s={search_term_string}"},"query-input":{"@type":"PropertyValueSpecification","valueRequired":true,"valueName":"search_term_string"}}],"inLanguage":"en-US"},{"@type":"Organization","@id":"https:\/\/fit360.ee\/en\/#organization","name":"Fit360","url":"https:\/\/fit360.ee\/en\/","logo":{"@type":"ImageObject","inLanguage":"en-US","@id":"https:\/\/fit360.ee\/en\/#\/schema\/logo\/image\/","url":"https:\/\/fit360.ee\/wp-content\/uploads\/2017\/01\/logo-fit360.png","contentUrl":"https:\/\/fit360.ee\/wp-content\/uploads\/2017\/01\/logo-fit360.png","width":180,"height":66,"caption":"Fit360"},"image":{"@id":"https:\/\/fit360.ee\/en\/#\/schema\/logo\/image\/"}}]}},"_links":{"self":[{"href":"https:\/\/fit360.ee\/en\/wp-json\/wp\/v2\/product\/27180","targetHints":{"allow":["GET"]}}],"collection":[{"href":"https:\/\/fit360.ee\/en\/wp-json\/wp\/v2\/product"}],"about":[{"href":"https:\/\/fit360.ee\/en\/wp-json\/wp\/v2\/types\/product"}],"replies":[{"embeddable":true,"href":"https:\/\/fit360.ee\/en\/wp-json\/wp\/v2\/comments?post=27180"}],"wp:featuredmedia":[{"embeddable":true,"href":"https:\/\/fit360.ee\/en\/wp-json\/wp\/v2\/media\/55600"}],"wp:attachment":[{"href":"https:\/\/fit360.ee\/en\/wp-json\/wp\/v2\/media?parent=27180"}],"wp:term":[{"taxonomy":"product_brand","embeddable":true,"href":"https:\/\/fit360.ee\/en\/wp-json\/wp\/v2\/product_brand?post=27180"},{"taxonomy":"product_cat","embeddable":true,"href":"https:\/\/fit360.ee\/en\/wp-json\/wp\/v2\/product_cat?post=27180"},{"taxonomy":"product_tag","embeddable":true,"href":"https:\/\/fit360.ee\/en\/wp-json\/wp\/v2\/product_tag?post=27180"},{"taxonomy":"giftcard-category","embeddable":true,"href":"https:\/\/fit360.ee\/en\/wp-json\/wp\/v2\/giftcard-category?post=27180"}],"curies":[{"name":"wp","href":"https:\/\/api.w.org\/{rel}","templated":true}]}}