{"id":27490,"date":"2019-02-18T17:18:29","date_gmt":"2019-02-18T15:18:29","guid":{"rendered":"https:\/\/fit360.ee\/pood\/uncategorized\/rafineerimata-kookosoli-1000g\/"},"modified":"2025-08-13T07:36:39","modified_gmt":"2025-08-13T05:36:39","slug":"rafineerimata-kookosoli-1000g","status":"publish","type":"product","link":"https:\/\/fit360.ee\/en\/pood\/product-groups\/essential-fats-en\/coconut-oil-en\/rafineerimata-kookosoli-1000g\/","title":{"rendered":"RAFINEERIMATA Kookos\u00f5li (1000g)"},"content":{"rendered":"<p><strong>Koostisosad<\/strong>: 100% rafineerimata kookose\u00f5li.<\/p>\n<p>Parim enne ja partii number: vaata pakendilt<\/p>\n<p><strong>Hoiustamine<\/strong>: hoia jahedas ja kuivas kohas, eemal p\u00e4ikesevalgusest.<\/p>\n<p>Allergeeninfo: tootes v\u00f5ib olla j\u00e4lgi p\u00e4hklist, seesamiseemnest, sojast ja v\u00e4\u00e4veldioksiidist.<\/p>\n<p>Alla 28 kraadi muutub toode tahkeks, \u00fcle selle muutub vedelaks vormiks.<\/p>\n<table>\n<tbody>\n<tr>\n<td width=\"205\"><strong>Toiteained<\/strong><\/td>\n<td width=\"205\"><strong>100g kohta<\/strong><\/td>\n<td width=\"205\"><strong>10g (1 serveering) kohta<\/strong><\/td>\n<\/tr>\n<tr>\n<td width=\"205\">Energia<\/td>\n<td width=\"205\">900 kcal \/ 3768 kJ<\/td>\n<td width=\"205\">90 kcal \/ 370 kJ<\/td>\n<\/tr>\n<tr>\n<td width=\"205\">Rasvad<\/td>\n<td width=\"205\">98g<\/td>\n<td width=\"205\">9.8 g<\/td>\n<\/tr>\n<tr>\n<td width=\"205\">Sealhulgas k\u00fcllastunud<\/td>\n<td width=\"205\">93,5g<\/td>\n<td width=\"205\">9.35g<\/td>\n<\/tr>\n<tr>\n<td width=\"205\">S\u00fcsivesikud<\/td>\n<td width=\"205\">0g<\/td>\n<td width=\"205\">0g<\/td>\n<\/tr>\n<tr>\n<td width=\"205\">Millest suhkrud<\/td>\n<td width=\"205\">0g<\/td>\n<td width=\"205\">0g<\/td>\n<\/tr>\n<tr>\n<td width=\"205\">Kiudained<\/td>\n<td width=\"205\">0g<\/td>\n<td width=\"205\">0g<\/td>\n<\/tr>\n<tr>\n<td width=\"205\">Valgud<\/td>\n<td width=\"205\">0g<\/td>\n<td width=\"205\">0g<\/td>\n<\/tr>\n<tr>\n<td width=\"205\">Soolad<\/td>\n<td width=\"205\">0g<\/td>\n<td width=\"205\">0g<\/td>\n<\/tr>\n<\/tbody>\n<\/table>\n<p>Soovid kaupa osta suuremas koguses? Vaata antud toodet ka meie HULGI poest\u00a0<a href=\"https:\/\/toidulisandidhulgi.ee\/product\/rafineerimata-kookosoli-1000g\/\"><strong>SIIT<\/strong><\/a>!<\/p>\n","protected":false},"excerpt":{"rendered":"<p><strong>REAL PHARM Kookos\u00f5li<\/strong>:<\/p>\n<ul>\n<li>Rafineerimata<\/li>\n<li>Tugevdab immuunssuss\u00fcsteemi<\/li>\n<li>Omab tugevaid antibakteriaalseid omadusi ning kaitseb keha viiruste vastu<\/li>\n<li>Omab positiivset m\u00f5ju\u00a0ainevahetusele<\/li>\n<li>Toote kalorsus \u00f5lina on ideaalne inimesele, kes soovib kaotada kaalu ning samal ajal hoolitseda oma tervise eest<\/li>\n<li>Sobib k\u00fcpsetamiseks ja kokkamiseks<\/li>\n<\/ul>\n<p><strong>Real Pharmi kookose\u00f5li<\/strong> on saadud k\u00fclmpressitud kookoseviljast. See kookose\u00f5li peaks olema iga\u00fche k\u00f6\u00f6gis, kes hoolib tervisest ning heast v\u00e4ljan\u00e4gemisest. Kookos\u00f5li on suurep\u00e4rane asendus v\u00f5ile, \u00f5lidele ning teistele m\u00e4\u00e4retele. Saab rikastada ka magustoite, koduseid pagaritooteid ning puuviljakokteile.<\/p>\n<p>Real Pharmi <em>extra virgin<\/em> kookos\u00f5li on <strong>rafineerimata kookoserasv<\/strong>, milles peitub palju tervist parendavaid ning kosmeetilisi omadusi.<\/p>\n","protected":false},"featured_media":19862,"comment_status":"open","ping_status":"closed","template":"","meta":[],"product_brand":[],"product_cat":[2446,525,515],"product_tag":[],"giftcard-category":[],"class_list":{"0":"post-27490","1":"product","2":"type-product","3":"status-publish","4":"has-post-thumbnail","6":"product_cat-coconut-oil-en","7":"product_cat-essential-fats-en","8":"product_cat-real-pharm","9":"pa_toidulisand-branddd-real-pharm","10":"pa_tootegruppp-kookosoli-en","11":"pa_tootegruppp-useful-fatty-acids","13":"first","14":"outofstock","15":"sale","16":"taxable","17":"shipping-taxable","18":"purchasable","19":"product-type-simple"},"yoast_head":"<!-- This site is optimized with the Yoast SEO plugin v27.3 - https:\/\/yoast.com\/product\/yoast-seo-wordpress\/ -->\n<title>RAFINEERIMATA Kookos\u00f5li (1000g) - Fit360<\/title>\n<meta name=\"robots\" content=\"index, follow, max-snippet:-1, max-image-preview:large, max-video-preview:-1\" \/>\n<link rel=\"canonical\" href=\"https:\/\/fit360.ee\/en\/pood\/product-groups\/essential-fats-en\/coconut-oil-en\/rafineerimata-kookosoli-1000g\/\" \/>\n<meta property=\"og:locale\" content=\"en_US\" \/>\n<meta property=\"og:type\" content=\"article\" \/>\n<meta property=\"og:title\" content=\"RAFINEERIMATA Kookos\u00f5li (1000g) - Fit360\" \/>\n<meta property=\"og:description\" content=\"REAL PHARM Kookos\u00f5li:   Rafineerimata  Tugevdab immuunssuss\u00fcsteemi  Omab tugevaid antibakteriaalseid omadusi ning kaitseb keha viiruste vastu  Omab positiivset m\u00f5ju\u00a0ainevahetusele  Toote kalorsus \u00f5lina on ideaalne inimesele, kes soovib kaotada kaalu ning samal ajal hoolitseda oma tervise eest  Sobib k\u00fcpsetamiseks ja kokkamiseks  Real Pharmi kookose\u00f5li on saadud k\u00fclmpressitud kookoseviljast. See kookose\u00f5li peaks olema iga\u00fche k\u00f6\u00f6gis, kes hoolib tervisest ning heast v\u00e4ljan\u00e4gemisest. Kookos\u00f5li on suurep\u00e4rane asendus v\u00f5ile, \u00f5lidele ning teistele m\u00e4\u00e4retele. Saab rikastada ka magustoite, koduseid pagaritooteid ning puuviljakokteile.  Real Pharmi extra virgin kookos\u00f5li on rafineerimata kookoserasv, milles peitub palju tervist parendavaid ning kosmeetilisi omadusi.\" \/>\n<meta property=\"og:url\" content=\"https:\/\/fit360.ee\/en\/pood\/product-groups\/essential-fats-en\/coconut-oil-en\/rafineerimata-kookosoli-1000g\/\" \/>\n<meta property=\"og:site_name\" content=\"Fit360\" \/>\n<meta property=\"article:modified_time\" content=\"2025-08-13T05:36:39+00:00\" \/>\n<meta property=\"og:image\" content=\"https:\/\/fit360.ee\/wp-content\/uploads\/2019\/02\/coconut-oil-600x600-1.png\" \/>\n\t<meta property=\"og:image:width\" content=\"600\" \/>\n\t<meta property=\"og:image:height\" content=\"646\" \/>\n\t<meta property=\"og:image:type\" content=\"image\/png\" \/>\n<meta name=\"twitter:card\" content=\"summary_large_image\" \/>\n<script type=\"application\/ld+json\" class=\"yoast-schema-graph\">{\"@context\":\"https:\\\/\\\/schema.org\",\"@graph\":[{\"@type\":\"WebPage\",\"@id\":\"https:\\\/\\\/fit360.ee\\\/en\\\/pood\\\/product-groups\\\/essential-fats-en\\\/coconut-oil-en\\\/rafineerimata-kookosoli-1000g\\\/\",\"url\":\"https:\\\/\\\/fit360.ee\\\/en\\\/pood\\\/product-groups\\\/essential-fats-en\\\/coconut-oil-en\\\/rafineerimata-kookosoli-1000g\\\/\",\"name\":\"RAFINEERIMATA Kookos\u00f5li (1000g) - Fit360\",\"isPartOf\":{\"@id\":\"https:\\\/\\\/fit360.ee\\\/en\\\/#website\"},\"primaryImageOfPage\":{\"@id\":\"https:\\\/\\\/fit360.ee\\\/en\\\/pood\\\/product-groups\\\/essential-fats-en\\\/coconut-oil-en\\\/rafineerimata-kookosoli-1000g\\\/#primaryimage\"},\"image\":{\"@id\":\"https:\\\/\\\/fit360.ee\\\/en\\\/pood\\\/product-groups\\\/essential-fats-en\\\/coconut-oil-en\\\/rafineerimata-kookosoli-1000g\\\/#primaryimage\"},\"thumbnailUrl\":\"https:\\\/\\\/fit360.ee\\\/wp-content\\\/uploads\\\/2019\\\/02\\\/coconut-oil-600x600-1.png\",\"datePublished\":\"2019-02-18T15:18:29+00:00\",\"dateModified\":\"2025-08-13T05:36:39+00:00\",\"breadcrumb\":{\"@id\":\"https:\\\/\\\/fit360.ee\\\/en\\\/pood\\\/product-groups\\\/essential-fats-en\\\/coconut-oil-en\\\/rafineerimata-kookosoli-1000g\\\/#breadcrumb\"},\"inLanguage\":\"en-US\",\"potentialAction\":[{\"@type\":\"ReadAction\",\"target\":[\"https:\\\/\\\/fit360.ee\\\/en\\\/pood\\\/product-groups\\\/essential-fats-en\\\/coconut-oil-en\\\/rafineerimata-kookosoli-1000g\\\/\"]}]},{\"@type\":\"ImageObject\",\"inLanguage\":\"en-US\",\"@id\":\"https:\\\/\\\/fit360.ee\\\/en\\\/pood\\\/product-groups\\\/essential-fats-en\\\/coconut-oil-en\\\/rafineerimata-kookosoli-1000g\\\/#primaryimage\",\"url\":\"https:\\\/\\\/fit360.ee\\\/wp-content\\\/uploads\\\/2019\\\/02\\\/coconut-oil-600x600-1.png\",\"contentUrl\":\"https:\\\/\\\/fit360.ee\\\/wp-content\\\/uploads\\\/2019\\\/02\\\/coconut-oil-600x600-1.png\",\"width\":600,\"height\":646},{\"@type\":\"BreadcrumbList\",\"@id\":\"https:\\\/\\\/fit360.ee\\\/en\\\/pood\\\/product-groups\\\/essential-fats-en\\\/coconut-oil-en\\\/rafineerimata-kookosoli-1000g\\\/#breadcrumb\",\"itemListElement\":[{\"@type\":\"ListItem\",\"position\":1,\"name\":\"Home\",\"item\":\"https:\\\/\\\/fit360.ee\\\/en\\\/\"},{\"@type\":\"ListItem\",\"position\":2,\"name\":\"Shop\",\"item\":\"https:\\\/\\\/fit360.ee\\\/en\\\/shop\\\/\"},{\"@type\":\"ListItem\",\"position\":3,\"name\":\"RAFINEERIMATA Kookos\u00f5li (1000g)\"}]},{\"@type\":\"WebSite\",\"@id\":\"https:\\\/\\\/fit360.ee\\\/en\\\/#website\",\"url\":\"https:\\\/\\\/fit360.ee\\\/en\\\/\",\"name\":\"Fit360\",\"description\":\"\",\"publisher\":{\"@id\":\"https:\\\/\\\/fit360.ee\\\/en\\\/#organization\"},\"potentialAction\":[{\"@type\":\"SearchAction\",\"target\":{\"@type\":\"EntryPoint\",\"urlTemplate\":\"https:\\\/\\\/fit360.ee\\\/en\\\/?s={search_term_string}\"},\"query-input\":{\"@type\":\"PropertyValueSpecification\",\"valueRequired\":true,\"valueName\":\"search_term_string\"}}],\"inLanguage\":\"en-US\"},{\"@type\":\"Organization\",\"@id\":\"https:\\\/\\\/fit360.ee\\\/en\\\/#organization\",\"name\":\"Fit360\",\"url\":\"https:\\\/\\\/fit360.ee\\\/en\\\/\",\"logo\":{\"@type\":\"ImageObject\",\"inLanguage\":\"en-US\",\"@id\":\"https:\\\/\\\/fit360.ee\\\/en\\\/#\\\/schema\\\/logo\\\/image\\\/\",\"url\":\"https:\\\/\\\/fit360.ee\\\/wp-content\\\/uploads\\\/2017\\\/01\\\/logo-fit360.png\",\"contentUrl\":\"https:\\\/\\\/fit360.ee\\\/wp-content\\\/uploads\\\/2017\\\/01\\\/logo-fit360.png\",\"width\":180,\"height\":66,\"caption\":\"Fit360\"},\"image\":{\"@id\":\"https:\\\/\\\/fit360.ee\\\/en\\\/#\\\/schema\\\/logo\\\/image\\\/\"}}]}<\/script>\n<!-- \/ Yoast SEO plugin. -->","yoast_head_json":{"title":"RAFINEERIMATA Kookos\u00f5li (1000g) - Fit360","robots":{"index":"index","follow":"follow","max-snippet":"max-snippet:-1","max-image-preview":"max-image-preview:large","max-video-preview":"max-video-preview:-1"},"canonical":"https:\/\/fit360.ee\/en\/pood\/product-groups\/essential-fats-en\/coconut-oil-en\/rafineerimata-kookosoli-1000g\/","og_locale":"en_US","og_type":"article","og_title":"RAFINEERIMATA Kookos\u00f5li (1000g) - Fit360","og_description":"REAL PHARM Kookos\u00f5li:   Rafineerimata  Tugevdab immuunssuss\u00fcsteemi  Omab tugevaid antibakteriaalseid omadusi ning kaitseb keha viiruste vastu  Omab positiivset m\u00f5ju\u00a0ainevahetusele  Toote kalorsus \u00f5lina on ideaalne inimesele, kes soovib kaotada kaalu ning samal ajal hoolitseda oma tervise eest  Sobib k\u00fcpsetamiseks ja kokkamiseks  Real Pharmi kookose\u00f5li on saadud k\u00fclmpressitud kookoseviljast. See kookose\u00f5li peaks olema iga\u00fche k\u00f6\u00f6gis, kes hoolib tervisest ning heast v\u00e4ljan\u00e4gemisest. Kookos\u00f5li on suurep\u00e4rane asendus v\u00f5ile, \u00f5lidele ning teistele m\u00e4\u00e4retele. Saab rikastada ka magustoite, koduseid pagaritooteid ning puuviljakokteile.  Real Pharmi extra virgin kookos\u00f5li on rafineerimata kookoserasv, milles peitub palju tervist parendavaid ning kosmeetilisi omadusi.","og_url":"https:\/\/fit360.ee\/en\/pood\/product-groups\/essential-fats-en\/coconut-oil-en\/rafineerimata-kookosoli-1000g\/","og_site_name":"Fit360","article_modified_time":"2025-08-13T05:36:39+00:00","og_image":[{"width":600,"height":646,"url":"https:\/\/fit360.ee\/wp-content\/uploads\/2019\/02\/coconut-oil-600x600-1.png","type":"image\/png"}],"twitter_card":"summary_large_image","schema":{"@context":"https:\/\/schema.org","@graph":[{"@type":"WebPage","@id":"https:\/\/fit360.ee\/en\/pood\/product-groups\/essential-fats-en\/coconut-oil-en\/rafineerimata-kookosoli-1000g\/","url":"https:\/\/fit360.ee\/en\/pood\/product-groups\/essential-fats-en\/coconut-oil-en\/rafineerimata-kookosoli-1000g\/","name":"RAFINEERIMATA Kookos\u00f5li (1000g) - Fit360","isPartOf":{"@id":"https:\/\/fit360.ee\/en\/#website"},"primaryImageOfPage":{"@id":"https:\/\/fit360.ee\/en\/pood\/product-groups\/essential-fats-en\/coconut-oil-en\/rafineerimata-kookosoli-1000g\/#primaryimage"},"image":{"@id":"https:\/\/fit360.ee\/en\/pood\/product-groups\/essential-fats-en\/coconut-oil-en\/rafineerimata-kookosoli-1000g\/#primaryimage"},"thumbnailUrl":"https:\/\/fit360.ee\/wp-content\/uploads\/2019\/02\/coconut-oil-600x600-1.png","datePublished":"2019-02-18T15:18:29+00:00","dateModified":"2025-08-13T05:36:39+00:00","breadcrumb":{"@id":"https:\/\/fit360.ee\/en\/pood\/product-groups\/essential-fats-en\/coconut-oil-en\/rafineerimata-kookosoli-1000g\/#breadcrumb"},"inLanguage":"en-US","potentialAction":[{"@type":"ReadAction","target":["https:\/\/fit360.ee\/en\/pood\/product-groups\/essential-fats-en\/coconut-oil-en\/rafineerimata-kookosoli-1000g\/"]}]},{"@type":"ImageObject","inLanguage":"en-US","@id":"https:\/\/fit360.ee\/en\/pood\/product-groups\/essential-fats-en\/coconut-oil-en\/rafineerimata-kookosoli-1000g\/#primaryimage","url":"https:\/\/fit360.ee\/wp-content\/uploads\/2019\/02\/coconut-oil-600x600-1.png","contentUrl":"https:\/\/fit360.ee\/wp-content\/uploads\/2019\/02\/coconut-oil-600x600-1.png","width":600,"height":646},{"@type":"BreadcrumbList","@id":"https:\/\/fit360.ee\/en\/pood\/product-groups\/essential-fats-en\/coconut-oil-en\/rafineerimata-kookosoli-1000g\/#breadcrumb","itemListElement":[{"@type":"ListItem","position":1,"name":"Home","item":"https:\/\/fit360.ee\/en\/"},{"@type":"ListItem","position":2,"name":"Shop","item":"https:\/\/fit360.ee\/en\/shop\/"},{"@type":"ListItem","position":3,"name":"RAFINEERIMATA Kookos\u00f5li (1000g)"}]},{"@type":"WebSite","@id":"https:\/\/fit360.ee\/en\/#website","url":"https:\/\/fit360.ee\/en\/","name":"Fit360","description":"","publisher":{"@id":"https:\/\/fit360.ee\/en\/#organization"},"potentialAction":[{"@type":"SearchAction","target":{"@type":"EntryPoint","urlTemplate":"https:\/\/fit360.ee\/en\/?s={search_term_string}"},"query-input":{"@type":"PropertyValueSpecification","valueRequired":true,"valueName":"search_term_string"}}],"inLanguage":"en-US"},{"@type":"Organization","@id":"https:\/\/fit360.ee\/en\/#organization","name":"Fit360","url":"https:\/\/fit360.ee\/en\/","logo":{"@type":"ImageObject","inLanguage":"en-US","@id":"https:\/\/fit360.ee\/en\/#\/schema\/logo\/image\/","url":"https:\/\/fit360.ee\/wp-content\/uploads\/2017\/01\/logo-fit360.png","contentUrl":"https:\/\/fit360.ee\/wp-content\/uploads\/2017\/01\/logo-fit360.png","width":180,"height":66,"caption":"Fit360"},"image":{"@id":"https:\/\/fit360.ee\/en\/#\/schema\/logo\/image\/"}}]}},"_links":{"self":[{"href":"https:\/\/fit360.ee\/en\/wp-json\/wp\/v2\/product\/27490","targetHints":{"allow":["GET"]}}],"collection":[{"href":"https:\/\/fit360.ee\/en\/wp-json\/wp\/v2\/product"}],"about":[{"href":"https:\/\/fit360.ee\/en\/wp-json\/wp\/v2\/types\/product"}],"replies":[{"embeddable":true,"href":"https:\/\/fit360.ee\/en\/wp-json\/wp\/v2\/comments?post=27490"}],"wp:featuredmedia":[{"embeddable":true,"href":"https:\/\/fit360.ee\/en\/wp-json\/wp\/v2\/media\/19862"}],"wp:attachment":[{"href":"https:\/\/fit360.ee\/en\/wp-json\/wp\/v2\/media?parent=27490"}],"wp:term":[{"taxonomy":"product_brand","embeddable":true,"href":"https:\/\/fit360.ee\/en\/wp-json\/wp\/v2\/product_brand?post=27490"},{"taxonomy":"product_cat","embeddable":true,"href":"https:\/\/fit360.ee\/en\/wp-json\/wp\/v2\/product_cat?post=27490"},{"taxonomy":"product_tag","embeddable":true,"href":"https:\/\/fit360.ee\/en\/wp-json\/wp\/v2\/product_tag?post=27490"},{"taxonomy":"giftcard-category","embeddable":true,"href":"https:\/\/fit360.ee\/en\/wp-json\/wp\/v2\/giftcard-category?post=27490"}],"curies":[{"name":"wp","href":"https:\/\/api.w.org\/{rel}","templated":true}]}}