{"id":28494,"date":"2019-12-11T22:31:30","date_gmt":"2019-12-11T20:31:30","guid":{"rendered":"https:\/\/fit360.ee\/pood\/uncategorized\/vege-protein-600g\/"},"modified":"2025-08-13T07:37:05","modified_gmt":"2025-08-13T05:37:05","slug":"vege-protein-600g","status":"publish","type":"product","link":"https:\/\/fit360.ee\/en\/pood\/product-groups\/protein-poweders-en\/vegan-protein-en\/vege-protein-600g\/","title":{"rendered":"Vegan Proteiin (600g)"},"content":{"rendered":"<h1>REAL PHARM Vegan Proteiin<\/h1>\n<p><strong>Vegan proteiin &#8211; taimne valk:<\/strong><\/p>\n<ul>\n<li>5 erinevat valguallikat<\/li>\n<li>Magustatud ks\u00fclitooliga<\/li>\n<li>Laktoosivaba<\/li>\n<li>Gluteenivaba<\/li>\n<li>Sobilik taimetoitlastele ja veganitele<\/li>\n<\/ul>\n<p><strong>Vege Protein<\/strong> sobib taimetoitlastele ja veganitele, kes soovivad k\u00f5rge kvaliteedilist valku.<\/p>\n<p><strong>Koostisoad<\/strong>:\u00a0 Taimevalkude kompleks 90% (Sojavalgu isolaat, hernevalk, j\u00f5hvikavalk, riisivalk, p\u00e4evalillevalk), magusaine &#8211; ks\u00fclitool 3%; kakaopulber v\u00e4hendatud rasva sisaldusega (\u0161okolaadi maitses), l\u00f5hna- ja maitseained (v\u00e4ljaarvatud naturaalses maitses), paksendajad:ksantaankumm, <span style=\"font-size: 14.4px;\">, magusaine: sukraloos, naatriumkloriid (\u0161okolaadi maitses).<\/span><\/p>\n<p><strong>Kasutamine<\/strong>: Sega 1 serveering (30g) 200-300ml vee v\u00f5i rasvatu piimaga<\/p>\n<p><strong>Maitsed<\/strong>: vanilje, \u0161okolaad<\/p>\n<p><strong>Suurus<\/strong>: 600g<\/p>\n<table>\n<tbody>\n<tr>\n<td width=\"205\"><strong>Anal\u00fc\u00fcs<\/strong><\/td>\n<td width=\"205\"><strong>30g<\/strong><\/td>\n<td width=\"205\"><strong>100g<\/strong><\/td>\n<\/tr>\n<tr>\n<td width=\"205\">Energia<\/td>\n<td width=\"205\">475kJ\/112kcal<\/td>\n<td width=\"205\">1584kJ\/374kcal<\/td>\n<\/tr>\n<tr>\n<td width=\"205\">Rasvad,<\/td>\n<td width=\"205\">1,56g<\/td>\n<td width=\"205\">5,2g<\/td>\n<\/tr>\n<tr>\n<td width=\"205\"><em>millest k\u00fcllastunud<\/em><\/td>\n<td width=\"205\">0,24g<\/td>\n<td width=\"205\">0,8g<\/td>\n<\/tr>\n<tr>\n<td width=\"205\">S\u00fcsivesikud,<\/td>\n<td width=\"205\">1.8g<\/td>\n<td width=\"205\">6g<\/td>\n<\/tr>\n<tr>\n<td width=\"205\"><em>millest suhkur<\/em><\/td>\n<td width=\"205\">1.8g<\/td>\n<td width=\"205\">6g<\/td>\n<\/tr>\n<tr>\n<td width=\"205\">Kiudained<\/td>\n<td width=\"205\">0,54g<\/td>\n<td width=\"205\">1,8g<\/td>\n<\/tr>\n<tr>\n<td width=\"205\"><strong>Valgud<\/strong><\/td>\n<td width=\"205\"><strong>22,5g<\/strong><\/td>\n<td width=\"205\"><strong>75g<\/strong><\/td>\n<\/tr>\n<tr>\n<td width=\"205\">Sool<\/td>\n<td width=\"205\">0,54g<\/td>\n<td width=\"205\">1.8g<\/td>\n<\/tr>\n<\/tbody>\n<\/table>\n<p>Soovid kaupa osta suuremas koguses? Vaata antud toodet ka meie HULGI poest\u00a0<a href=\"https:\/\/toidulisandidhulgi.ee\/product\/vege-protein-600g\/\"><strong>SIIT<\/strong><\/a>!<\/p>\n","protected":false},"excerpt":{"rendered":"<h2><strong>Vegan proteiin &#8211; taimne valk:<\/strong><\/h2>\n<ul>\n<li>5 erinevat valguallikat<\/li>\n<li>Magustatud ks\u00fclitooliga<\/li>\n<li>Laktoosivaba<\/li>\n<li>Gluteenivaba<\/li>\n<li>Sobilik taimetoitlastele ja veganitele<\/li>\n<\/ul>\n<p><strong>Vege Protein<\/strong> sobib taimetoitlastele ja veganitele, kes soovivad k\u00f5rge kvaliteedilist valku.<\/p>\n","protected":false},"featured_media":37550,"comment_status":"open","ping_status":"closed","template":"","meta":[],"product_brand":[],"product_cat":[507,535,515,2428,1201],"product_tag":[1711,1716,1717,1718,1719],"giftcard-category":[],"class_list":{"0":"post-28494","1":"product","2":"type-product","3":"status-publish","4":"has-post-thumbnail","6":"product_cat-supplements-brands-en","7":"product_cat-protein-poweders-en","8":"product_cat-real-pharm","9":"product_cat-vegan-protein-en","10":"product_cat-1201","11":"product_tag-proteiin-en","12":"product_tag-taimne-valk-en","13":"product_tag-taimsed-valgud-en","14":"product_tag-vegan-proteiin-en","15":"product_tag-vege-protein-en","16":"pa_maitse-chocolate","17":"pa_maitse-salted-caramel-en","18":"pa_maitse-strawberry","19":"pa_maitse-vanilli","21":"first","22":"instock","23":"sale","24":"taxable","25":"shipping-taxable","26":"purchasable","27":"product-type-variable"},"yoast_head":"<!-- This site is optimized with the Yoast SEO plugin v27.3 - https:\/\/yoast.com\/product\/yoast-seo-wordpress\/ -->\n<title>Vegan Proteiin (600g) - Taimne valk - Vege Protein - Tarne: 1-3 p\u00e4eva<\/title>\n<meta name=\"description\" content=\"Maitsega vegan proteiin! Taimne valk 5 erineva valguallikaga. Suurep\u00e4rane laktoosi- ja gluteenivaba valgupulber taimetoitlastele. Olematu suhkru sisaldusega\" \/>\n<meta name=\"robots\" content=\"index, follow, max-snippet:-1, max-image-preview:large, max-video-preview:-1\" \/>\n<link rel=\"canonical\" href=\"https:\/\/fit360.ee\/en\/pood\/product-groups\/protein-poweders-en\/vegan-protein-en\/vege-protein-600g\/\" \/>\n<meta property=\"og:locale\" content=\"en_US\" \/>\n<meta property=\"og:type\" content=\"article\" \/>\n<meta property=\"og:title\" content=\"Vegan Proteiin (600g) - Taimne valk - Vege Protein - Tarne: 1-3 p\u00e4eva\" \/>\n<meta property=\"og:description\" content=\"Maitsega vegan proteiin! Taimne valk 5 erineva valguallikaga. Suurep\u00e4rane laktoosi- ja gluteenivaba valgupulber taimetoitlastele. Olematu suhkru sisaldusega\" \/>\n<meta property=\"og:url\" content=\"https:\/\/fit360.ee\/en\/pood\/product-groups\/protein-poweders-en\/vegan-protein-en\/vege-protein-600g\/\" \/>\n<meta property=\"og:site_name\" content=\"Fit360\" \/>\n<meta property=\"article:modified_time\" content=\"2025-08-13T05:37:05+00:00\" \/>\n<meta property=\"og:image\" content=\"https:\/\/fit360.ee\/wp-content\/uploads\/2019\/12\/real-pharm-vege-protein-600g-1.png\" \/>\n\t<meta property=\"og:image:width\" content=\"600\" \/>\n\t<meta property=\"og:image:height\" content=\"600\" \/>\n\t<meta property=\"og:image:type\" content=\"image\/png\" \/>\n<meta name=\"twitter:card\" content=\"summary_large_image\" \/>\n<meta name=\"twitter:label1\" content=\"Est. reading time\" \/>\n\t<meta name=\"twitter:data1\" content=\"1 minute\" \/>\n<script type=\"application\/ld+json\" class=\"yoast-schema-graph\">{\"@context\":\"https:\\\/\\\/schema.org\",\"@graph\":[{\"@type\":\"WebPage\",\"@id\":\"https:\\\/\\\/fit360.ee\\\/en\\\/pood\\\/product-groups\\\/protein-poweders-en\\\/vegan-protein-en\\\/vege-protein-600g\\\/\",\"url\":\"https:\\\/\\\/fit360.ee\\\/en\\\/pood\\\/product-groups\\\/protein-poweders-en\\\/vegan-protein-en\\\/vege-protein-600g\\\/\",\"name\":\"Vegan Proteiin (600g) - Taimne valk - Vege Protein - Tarne: 1-3 p\u00e4eva\",\"isPartOf\":{\"@id\":\"https:\\\/\\\/fit360.ee\\\/en\\\/#website\"},\"primaryImageOfPage\":{\"@id\":\"https:\\\/\\\/fit360.ee\\\/en\\\/pood\\\/product-groups\\\/protein-poweders-en\\\/vegan-protein-en\\\/vege-protein-600g\\\/#primaryimage\"},\"image\":{\"@id\":\"https:\\\/\\\/fit360.ee\\\/en\\\/pood\\\/product-groups\\\/protein-poweders-en\\\/vegan-protein-en\\\/vege-protein-600g\\\/#primaryimage\"},\"thumbnailUrl\":\"https:\\\/\\\/fit360.ee\\\/wp-content\\\/uploads\\\/2019\\\/12\\\/real-pharm-vege-protein-600g-1.png\",\"datePublished\":\"2019-12-11T20:31:30+00:00\",\"dateModified\":\"2025-08-13T05:37:05+00:00\",\"description\":\"Maitsega vegan proteiin! Taimne valk 5 erineva valguallikaga. Suurep\u00e4rane laktoosi- ja gluteenivaba valgupulber taimetoitlastele. Olematu suhkru sisaldusega\",\"breadcrumb\":{\"@id\":\"https:\\\/\\\/fit360.ee\\\/en\\\/pood\\\/product-groups\\\/protein-poweders-en\\\/vegan-protein-en\\\/vege-protein-600g\\\/#breadcrumb\"},\"inLanguage\":\"en-US\",\"potentialAction\":[{\"@type\":\"ReadAction\",\"target\":[\"https:\\\/\\\/fit360.ee\\\/en\\\/pood\\\/product-groups\\\/protein-poweders-en\\\/vegan-protein-en\\\/vege-protein-600g\\\/\"]}]},{\"@type\":\"ImageObject\",\"inLanguage\":\"en-US\",\"@id\":\"https:\\\/\\\/fit360.ee\\\/en\\\/pood\\\/product-groups\\\/protein-poweders-en\\\/vegan-protein-en\\\/vege-protein-600g\\\/#primaryimage\",\"url\":\"https:\\\/\\\/fit360.ee\\\/wp-content\\\/uploads\\\/2019\\\/12\\\/real-pharm-vege-protein-600g-1.png\",\"contentUrl\":\"https:\\\/\\\/fit360.ee\\\/wp-content\\\/uploads\\\/2019\\\/12\\\/real-pharm-vege-protein-600g-1.png\",\"width\":600,\"height\":600,\"caption\":\"Vegan Proteiin - fit360.ee\"},{\"@type\":\"BreadcrumbList\",\"@id\":\"https:\\\/\\\/fit360.ee\\\/en\\\/pood\\\/product-groups\\\/protein-poweders-en\\\/vegan-protein-en\\\/vege-protein-600g\\\/#breadcrumb\",\"itemListElement\":[{\"@type\":\"ListItem\",\"position\":1,\"name\":\"Home\",\"item\":\"https:\\\/\\\/fit360.ee\\\/en\\\/\"},{\"@type\":\"ListItem\",\"position\":2,\"name\":\"Shop\",\"item\":\"https:\\\/\\\/fit360.ee\\\/en\\\/shop\\\/\"},{\"@type\":\"ListItem\",\"position\":3,\"name\":\"Vegan Proteiin (600g)\"}]},{\"@type\":\"WebSite\",\"@id\":\"https:\\\/\\\/fit360.ee\\\/en\\\/#website\",\"url\":\"https:\\\/\\\/fit360.ee\\\/en\\\/\",\"name\":\"Fit360\",\"description\":\"\",\"publisher\":{\"@id\":\"https:\\\/\\\/fit360.ee\\\/en\\\/#organization\"},\"potentialAction\":[{\"@type\":\"SearchAction\",\"target\":{\"@type\":\"EntryPoint\",\"urlTemplate\":\"https:\\\/\\\/fit360.ee\\\/en\\\/?s={search_term_string}\"},\"query-input\":{\"@type\":\"PropertyValueSpecification\",\"valueRequired\":true,\"valueName\":\"search_term_string\"}}],\"inLanguage\":\"en-US\"},{\"@type\":\"Organization\",\"@id\":\"https:\\\/\\\/fit360.ee\\\/en\\\/#organization\",\"name\":\"Fit360\",\"url\":\"https:\\\/\\\/fit360.ee\\\/en\\\/\",\"logo\":{\"@type\":\"ImageObject\",\"inLanguage\":\"en-US\",\"@id\":\"https:\\\/\\\/fit360.ee\\\/en\\\/#\\\/schema\\\/logo\\\/image\\\/\",\"url\":\"https:\\\/\\\/fit360.ee\\\/wp-content\\\/uploads\\\/2017\\\/01\\\/logo-fit360.png\",\"contentUrl\":\"https:\\\/\\\/fit360.ee\\\/wp-content\\\/uploads\\\/2017\\\/01\\\/logo-fit360.png\",\"width\":180,\"height\":66,\"caption\":\"Fit360\"},\"image\":{\"@id\":\"https:\\\/\\\/fit360.ee\\\/en\\\/#\\\/schema\\\/logo\\\/image\\\/\"}}]}<\/script>\n<!-- \/ Yoast SEO plugin. -->","yoast_head_json":{"title":"Vegan Proteiin (600g) - Taimne valk - Vege Protein - Tarne: 1-3 p\u00e4eva","description":"Maitsega vegan proteiin! Taimne valk 5 erineva valguallikaga. Suurep\u00e4rane laktoosi- ja gluteenivaba valgupulber taimetoitlastele. Olematu suhkru sisaldusega","robots":{"index":"index","follow":"follow","max-snippet":"max-snippet:-1","max-image-preview":"max-image-preview:large","max-video-preview":"max-video-preview:-1"},"canonical":"https:\/\/fit360.ee\/en\/pood\/product-groups\/protein-poweders-en\/vegan-protein-en\/vege-protein-600g\/","og_locale":"en_US","og_type":"article","og_title":"Vegan Proteiin (600g) - Taimne valk - Vege Protein - Tarne: 1-3 p\u00e4eva","og_description":"Maitsega vegan proteiin! Taimne valk 5 erineva valguallikaga. Suurep\u00e4rane laktoosi- ja gluteenivaba valgupulber taimetoitlastele. Olematu suhkru sisaldusega","og_url":"https:\/\/fit360.ee\/en\/pood\/product-groups\/protein-poweders-en\/vegan-protein-en\/vege-protein-600g\/","og_site_name":"Fit360","article_modified_time":"2025-08-13T05:37:05+00:00","og_image":[{"width":600,"height":600,"url":"https:\/\/fit360.ee\/wp-content\/uploads\/2019\/12\/real-pharm-vege-protein-600g-1.png","type":"image\/png"}],"twitter_card":"summary_large_image","twitter_misc":{"Est. reading time":"1 minute"},"schema":{"@context":"https:\/\/schema.org","@graph":[{"@type":"WebPage","@id":"https:\/\/fit360.ee\/en\/pood\/product-groups\/protein-poweders-en\/vegan-protein-en\/vege-protein-600g\/","url":"https:\/\/fit360.ee\/en\/pood\/product-groups\/protein-poweders-en\/vegan-protein-en\/vege-protein-600g\/","name":"Vegan Proteiin (600g) - Taimne valk - Vege Protein - Tarne: 1-3 p\u00e4eva","isPartOf":{"@id":"https:\/\/fit360.ee\/en\/#website"},"primaryImageOfPage":{"@id":"https:\/\/fit360.ee\/en\/pood\/product-groups\/protein-poweders-en\/vegan-protein-en\/vege-protein-600g\/#primaryimage"},"image":{"@id":"https:\/\/fit360.ee\/en\/pood\/product-groups\/protein-poweders-en\/vegan-protein-en\/vege-protein-600g\/#primaryimage"},"thumbnailUrl":"https:\/\/fit360.ee\/wp-content\/uploads\/2019\/12\/real-pharm-vege-protein-600g-1.png","datePublished":"2019-12-11T20:31:30+00:00","dateModified":"2025-08-13T05:37:05+00:00","description":"Maitsega vegan proteiin! Taimne valk 5 erineva valguallikaga. Suurep\u00e4rane laktoosi- ja gluteenivaba valgupulber taimetoitlastele. Olematu suhkru sisaldusega","breadcrumb":{"@id":"https:\/\/fit360.ee\/en\/pood\/product-groups\/protein-poweders-en\/vegan-protein-en\/vege-protein-600g\/#breadcrumb"},"inLanguage":"en-US","potentialAction":[{"@type":"ReadAction","target":["https:\/\/fit360.ee\/en\/pood\/product-groups\/protein-poweders-en\/vegan-protein-en\/vege-protein-600g\/"]}]},{"@type":"ImageObject","inLanguage":"en-US","@id":"https:\/\/fit360.ee\/en\/pood\/product-groups\/protein-poweders-en\/vegan-protein-en\/vege-protein-600g\/#primaryimage","url":"https:\/\/fit360.ee\/wp-content\/uploads\/2019\/12\/real-pharm-vege-protein-600g-1.png","contentUrl":"https:\/\/fit360.ee\/wp-content\/uploads\/2019\/12\/real-pharm-vege-protein-600g-1.png","width":600,"height":600,"caption":"Vegan Proteiin - fit360.ee"},{"@type":"BreadcrumbList","@id":"https:\/\/fit360.ee\/en\/pood\/product-groups\/protein-poweders-en\/vegan-protein-en\/vege-protein-600g\/#breadcrumb","itemListElement":[{"@type":"ListItem","position":1,"name":"Home","item":"https:\/\/fit360.ee\/en\/"},{"@type":"ListItem","position":2,"name":"Shop","item":"https:\/\/fit360.ee\/en\/shop\/"},{"@type":"ListItem","position":3,"name":"Vegan Proteiin (600g)"}]},{"@type":"WebSite","@id":"https:\/\/fit360.ee\/en\/#website","url":"https:\/\/fit360.ee\/en\/","name":"Fit360","description":"","publisher":{"@id":"https:\/\/fit360.ee\/en\/#organization"},"potentialAction":[{"@type":"SearchAction","target":{"@type":"EntryPoint","urlTemplate":"https:\/\/fit360.ee\/en\/?s={search_term_string}"},"query-input":{"@type":"PropertyValueSpecification","valueRequired":true,"valueName":"search_term_string"}}],"inLanguage":"en-US"},{"@type":"Organization","@id":"https:\/\/fit360.ee\/en\/#organization","name":"Fit360","url":"https:\/\/fit360.ee\/en\/","logo":{"@type":"ImageObject","inLanguage":"en-US","@id":"https:\/\/fit360.ee\/en\/#\/schema\/logo\/image\/","url":"https:\/\/fit360.ee\/wp-content\/uploads\/2017\/01\/logo-fit360.png","contentUrl":"https:\/\/fit360.ee\/wp-content\/uploads\/2017\/01\/logo-fit360.png","width":180,"height":66,"caption":"Fit360"},"image":{"@id":"https:\/\/fit360.ee\/en\/#\/schema\/logo\/image\/"}}]}},"_links":{"self":[{"href":"https:\/\/fit360.ee\/en\/wp-json\/wp\/v2\/product\/28494","targetHints":{"allow":["GET"]}}],"collection":[{"href":"https:\/\/fit360.ee\/en\/wp-json\/wp\/v2\/product"}],"about":[{"href":"https:\/\/fit360.ee\/en\/wp-json\/wp\/v2\/types\/product"}],"replies":[{"embeddable":true,"href":"https:\/\/fit360.ee\/en\/wp-json\/wp\/v2\/comments?post=28494"}],"wp:featuredmedia":[{"embeddable":true,"href":"https:\/\/fit360.ee\/en\/wp-json\/wp\/v2\/media\/37550"}],"wp:attachment":[{"href":"https:\/\/fit360.ee\/en\/wp-json\/wp\/v2\/media?parent=28494"}],"wp:term":[{"taxonomy":"product_brand","embeddable":true,"href":"https:\/\/fit360.ee\/en\/wp-json\/wp\/v2\/product_brand?post=28494"},{"taxonomy":"product_cat","embeddable":true,"href":"https:\/\/fit360.ee\/en\/wp-json\/wp\/v2\/product_cat?post=28494"},{"taxonomy":"product_tag","embeddable":true,"href":"https:\/\/fit360.ee\/en\/wp-json\/wp\/v2\/product_tag?post=28494"},{"taxonomy":"giftcard-category","embeddable":true,"href":"https:\/\/fit360.ee\/en\/wp-json\/wp\/v2\/giftcard-category?post=28494"}],"curies":[{"name":"wp","href":"https:\/\/api.w.org\/{rel}","templated":true}]}}