{"id":28500,"date":"2019-12-11T22:52:45","date_gmt":"2019-12-11T20:52:45","guid":{"rendered":"https:\/\/fit360.ee\/pood\/uncategorized\/mct-kookosoli-400ml\/"},"modified":"2025-12-16T16:34:19","modified_gmt":"2025-12-16T14:34:19","slug":"mct-kookosoli-400ml","status":"publish","type":"product","link":"https:\/\/fit360.ee\/en\/pood\/product-groups\/superfoods-health-foods-en\/mct-oil-en\/mct-kookosoli-400ml\/","title":{"rendered":"MCT \u00f5li palmis\u00fcdamikust (400ml)"},"content":{"rendered":"<p><strong>Koostisosad<\/strong>: Palmi\u00f5li (<strong>MCT &#8211; keskmise ahelaga trigl\u00fctseriidid<\/strong>)<\/p>\n<p><strong>Kasutamine: <\/strong>1 spl (15 ml) 1-3 korda p\u00e4evas. Maitsetut ja l\u00f5hnatut \u00f5li sobib\u00a0h\u00e4sti lisada \u00fcksk\u00f5ik millisele toidule v\u00f5i joogile. \u00d5li ei soovitata siiski kasutada\u00a0k\u00f5rgetel temperatuuridel (\u00fcle 160 kraadi), sest siis hakkab \u00f5li keemiline\u00a0struktuur lagunema ja maitse muutub m\u00f5ruks. Palju kasutatakse MCT-\u00f5li koos\u00a0kohvi v\u00f5i muude kuumade jookidega.<\/p>\n<p>S\u00e4ilitamine:\u00a0Toatemperatuuril. Avamise j\u00e4rgselt k\u00fclmkapis v\u00f5i muus jahedas\u00a0kohas.<\/p>\n<p><strong>Suurus:<\/strong>400 ml<\/p>\n<table width=\"100%\">\n<tbody>\n<tr>\n<td><strong>Aktiivsed toimeained:<\/strong><\/td>\n<td><strong>100g<\/strong><\/td>\n<td><strong>14g<\/strong><\/td>\n<\/tr>\n<tr>\n<td>Kapr\u00fc\u00fclhape (C8:0)<\/td>\n<td>55g<\/td>\n<td>8g<\/td>\n<\/tr>\n<tr>\n<td>Kapriinhape (C10:0)<\/td>\n<td>35g<\/td>\n<td>5g<\/td>\n<\/tr>\n<tr>\n<td><strong>Anal\u00fc\u00fcs<\/strong><\/td>\n<td><strong>100g<\/strong><\/td>\n<td><strong>14g<\/strong><\/td>\n<\/tr>\n<tr>\n<td>Energia (kJ\/kcal)<\/td>\n<td>3700kJ\/900kcal<\/td>\n<td>586kJ\/142kcal<\/td>\n<\/tr>\n<tr>\n<td>Rasvad<\/td>\n<td>100g<\/td>\n<td>14g<\/td>\n<\/tr>\n<tr>\n<td>mi<em>llest k\u00fcllastunud<\/em><\/td>\n<td>96g<\/td>\n<td>13g<\/td>\n<\/tr>\n<tr>\n<td>S\u00fcsivesikud<\/td>\n<td>0g<\/td>\n<td>0g<\/td>\n<\/tr>\n<tr>\n<td><em>millest suhkur<\/em><\/td>\n<td>0 g<\/td>\n<td>0g<\/td>\n<\/tr>\n<tr>\n<td>Valgud<\/td>\n<td>0g<\/td>\n<td>0g<\/td>\n<\/tr>\n<tr>\n<td>Sool<\/td>\n<td>0g<\/td>\n<td>0g<\/td>\n<\/tr>\n<\/tbody>\n<\/table>\n<p>Soovid kaupa osta suuremas koguses? Vaata antud toodet ka meie HULGI poest\u00a0<a href=\"ttps:\/\/toidulisandidhulgi.ee\/product\/mct-kookosoli-400ml\/\"><strong>SIIT<\/strong><\/a>!<\/p>\n","protected":false},"excerpt":{"rendered":"<p><strong>MCT \u00d5LI:<\/strong><\/p>\n<ul>\n<li>Soodustab rasvap\u00f5letust<\/li>\n<li>Aitab parandada seedimist<\/li>\n<li>Aitab v\u00e4hendada s\u00f6\u00f6giisu<\/li>\n<li>V\u00e4ga kasulik nahale<\/li>\n<\/ul>\n<p><strong>MCT<\/strong>\u00a0<em>(Medium Chained Triglyceride)<\/em>\u00a0on toidurasv, millel on, v\u00f5rreldes teiste toidurasvadega, erinev keemiline struktuur ja ehitus. Kui muud rasvad on oma keemilise ehitusega pika ahelaga trigl\u00fctseriidid\u00a0<em>(LCT &#8211; Long Chained Triglycerides)<\/em>, siis MCT rasv on keskmise ahelaga trigl\u00fctseriid.<\/p>\n<p>T\u00e4nu erinevale keemilisele \u00fclesehitusele, k\u00e4ituvad ka MCT rasvad teistmoodi organismis kui tavalised rasvad. Nimelt on nad kergemini seeditavamad ning neid on efektiivsem kasutada energiaks. Lisaks transporditakse MCT rasvad maksa, kus neid siis energiaks on lihtne kasutatakse.<\/p>\n","protected":false},"featured_media":28499,"comment_status":"open","ping_status":"closed","template":"","meta":[],"product_brand":[],"product_cat":[525,530,2375,515,2408,1454],"product_tag":[],"giftcard-category":[],"class_list":{"0":"post-28500","1":"product","2":"type-product","3":"status-publish","4":"has-post-thumbnail","6":"product_cat-essential-fats-en","7":"product_cat-fat-burners-en","8":"product_cat-mct-oil-en","9":"product_cat-real-pharm","10":"product_cat-stimulant-free-fat-burners-en","11":"product_cat-superfoods-health-foods-en","12":"pa_kogus-400ml-en","13":"pa_kogus-400ml-parim-enne-08-2024-en","15":"first","16":"outofstock","17":"sale","18":"taxable","19":"shipping-taxable","20":"purchasable","21":"product-type-simple"},"yoast_head":"<!-- This site is optimized with the Yoast SEO plugin v27.3 - https:\/\/yoast.com\/product\/yoast-seo-wordpress\/ -->\n<title>MCT \u00f5li palmis\u00fcdamikust (400ml) - Fit360<\/title>\n<meta name=\"robots\" content=\"index, follow, max-snippet:-1, max-image-preview:large, max-video-preview:-1\" \/>\n<link rel=\"canonical\" href=\"https:\/\/fit360.ee\/en\/pood\/product-groups\/superfoods-health-foods-en\/mct-oil-en\/mct-kookosoli-400ml\/\" \/>\n<meta property=\"og:locale\" content=\"en_US\" \/>\n<meta property=\"og:type\" content=\"article\" \/>\n<meta property=\"og:title\" content=\"MCT \u00f5li palmis\u00fcdamikust (400ml) - Fit360\" \/>\n<meta property=\"og:description\" content=\"MCT \u00d5LI:   Soodustab rasvap\u00f5letust  Aitab parandada seedimist  Aitab v\u00e4hendada s\u00f6\u00f6giisu  V\u00e4ga kasulik nahale  MCT\u00a0(Medium Chained Triglyceride)\u00a0on toidurasv, millel on, v\u00f5rreldes teiste toidurasvadega, erinev keemiline struktuur ja ehitus. Kui muud rasvad on oma keemilise ehitusega pika ahelaga trigl\u00fctseriidid\u00a0(LCT - Long Chained Triglycerides), siis MCT rasv on keskmise ahelaga trigl\u00fctseriid.  T\u00e4nu erinevale keemilisele \u00fclesehitusele, k\u00e4ituvad ka MCT rasvad teistmoodi organismis kui tavalised rasvad. Nimelt on nad kergemini seeditavamad ning neid on efektiivsem kasutada energiaks. Lisaks transporditakse MCT rasvad maksa, kus neid siis energiaks on lihtne kasutatakse.\" \/>\n<meta property=\"og:url\" content=\"https:\/\/fit360.ee\/en\/pood\/product-groups\/superfoods-health-foods-en\/mct-oil-en\/mct-kookosoli-400ml\/\" \/>\n<meta property=\"og:site_name\" content=\"Fit360\" \/>\n<meta property=\"article:modified_time\" content=\"2025-12-16T14:34:19+00:00\" \/>\n<meta property=\"og:image\" content=\"https:\/\/fit360.ee\/wp-content\/uploads\/2019\/12\/real-pharm-mct-oil-400ml.png\" \/>\n\t<meta property=\"og:image:width\" content=\"600\" \/>\n\t<meta property=\"og:image:height\" content=\"600\" \/>\n\t<meta property=\"og:image:type\" content=\"image\/png\" \/>\n<meta name=\"twitter:card\" content=\"summary_large_image\" \/>\n<meta name=\"twitter:label1\" content=\"Est. reading time\" \/>\n\t<meta name=\"twitter:data1\" content=\"1 minute\" \/>\n<script type=\"application\/ld+json\" class=\"yoast-schema-graph\">{\"@context\":\"https:\\\/\\\/schema.org\",\"@graph\":[{\"@type\":\"WebPage\",\"@id\":\"https:\\\/\\\/fit360.ee\\\/en\\\/pood\\\/product-groups\\\/superfoods-health-foods-en\\\/mct-oil-en\\\/mct-kookosoli-400ml\\\/\",\"url\":\"https:\\\/\\\/fit360.ee\\\/en\\\/pood\\\/product-groups\\\/superfoods-health-foods-en\\\/mct-oil-en\\\/mct-kookosoli-400ml\\\/\",\"name\":\"MCT \u00f5li palmis\u00fcdamikust (400ml) - Fit360\",\"isPartOf\":{\"@id\":\"https:\\\/\\\/fit360.ee\\\/en\\\/#website\"},\"primaryImageOfPage\":{\"@id\":\"https:\\\/\\\/fit360.ee\\\/en\\\/pood\\\/product-groups\\\/superfoods-health-foods-en\\\/mct-oil-en\\\/mct-kookosoli-400ml\\\/#primaryimage\"},\"image\":{\"@id\":\"https:\\\/\\\/fit360.ee\\\/en\\\/pood\\\/product-groups\\\/superfoods-health-foods-en\\\/mct-oil-en\\\/mct-kookosoli-400ml\\\/#primaryimage\"},\"thumbnailUrl\":\"https:\\\/\\\/fit360.ee\\\/wp-content\\\/uploads\\\/2019\\\/12\\\/real-pharm-mct-oil-400ml.png\",\"datePublished\":\"2019-12-11T20:52:45+00:00\",\"dateModified\":\"2025-12-16T14:34:19+00:00\",\"breadcrumb\":{\"@id\":\"https:\\\/\\\/fit360.ee\\\/en\\\/pood\\\/product-groups\\\/superfoods-health-foods-en\\\/mct-oil-en\\\/mct-kookosoli-400ml\\\/#breadcrumb\"},\"inLanguage\":\"en-US\",\"potentialAction\":[{\"@type\":\"ReadAction\",\"target\":[\"https:\\\/\\\/fit360.ee\\\/en\\\/pood\\\/product-groups\\\/superfoods-health-foods-en\\\/mct-oil-en\\\/mct-kookosoli-400ml\\\/\"]}]},{\"@type\":\"ImageObject\",\"inLanguage\":\"en-US\",\"@id\":\"https:\\\/\\\/fit360.ee\\\/en\\\/pood\\\/product-groups\\\/superfoods-health-foods-en\\\/mct-oil-en\\\/mct-kookosoli-400ml\\\/#primaryimage\",\"url\":\"https:\\\/\\\/fit360.ee\\\/wp-content\\\/uploads\\\/2019\\\/12\\\/real-pharm-mct-oil-400ml.png\",\"contentUrl\":\"https:\\\/\\\/fit360.ee\\\/wp-content\\\/uploads\\\/2019\\\/12\\\/real-pharm-mct-oil-400ml.png\",\"width\":600,\"height\":600},{\"@type\":\"BreadcrumbList\",\"@id\":\"https:\\\/\\\/fit360.ee\\\/en\\\/pood\\\/product-groups\\\/superfoods-health-foods-en\\\/mct-oil-en\\\/mct-kookosoli-400ml\\\/#breadcrumb\",\"itemListElement\":[{\"@type\":\"ListItem\",\"position\":1,\"name\":\"Home\",\"item\":\"https:\\\/\\\/fit360.ee\\\/en\\\/\"},{\"@type\":\"ListItem\",\"position\":2,\"name\":\"Shop\",\"item\":\"https:\\\/\\\/fit360.ee\\\/en\\\/shop\\\/\"},{\"@type\":\"ListItem\",\"position\":3,\"name\":\"MCT \u00f5li palmis\u00fcdamikust (400ml)\"}]},{\"@type\":\"WebSite\",\"@id\":\"https:\\\/\\\/fit360.ee\\\/en\\\/#website\",\"url\":\"https:\\\/\\\/fit360.ee\\\/en\\\/\",\"name\":\"Fit360\",\"description\":\"\",\"publisher\":{\"@id\":\"https:\\\/\\\/fit360.ee\\\/en\\\/#organization\"},\"potentialAction\":[{\"@type\":\"SearchAction\",\"target\":{\"@type\":\"EntryPoint\",\"urlTemplate\":\"https:\\\/\\\/fit360.ee\\\/en\\\/?s={search_term_string}\"},\"query-input\":{\"@type\":\"PropertyValueSpecification\",\"valueRequired\":true,\"valueName\":\"search_term_string\"}}],\"inLanguage\":\"en-US\"},{\"@type\":\"Organization\",\"@id\":\"https:\\\/\\\/fit360.ee\\\/en\\\/#organization\",\"name\":\"Fit360\",\"url\":\"https:\\\/\\\/fit360.ee\\\/en\\\/\",\"logo\":{\"@type\":\"ImageObject\",\"inLanguage\":\"en-US\",\"@id\":\"https:\\\/\\\/fit360.ee\\\/en\\\/#\\\/schema\\\/logo\\\/image\\\/\",\"url\":\"https:\\\/\\\/fit360.ee\\\/wp-content\\\/uploads\\\/2017\\\/01\\\/logo-fit360.png\",\"contentUrl\":\"https:\\\/\\\/fit360.ee\\\/wp-content\\\/uploads\\\/2017\\\/01\\\/logo-fit360.png\",\"width\":180,\"height\":66,\"caption\":\"Fit360\"},\"image\":{\"@id\":\"https:\\\/\\\/fit360.ee\\\/en\\\/#\\\/schema\\\/logo\\\/image\\\/\"}}]}<\/script>\n<!-- \/ Yoast SEO plugin. -->","yoast_head_json":{"title":"MCT \u00f5li palmis\u00fcdamikust (400ml) - Fit360","robots":{"index":"index","follow":"follow","max-snippet":"max-snippet:-1","max-image-preview":"max-image-preview:large","max-video-preview":"max-video-preview:-1"},"canonical":"https:\/\/fit360.ee\/en\/pood\/product-groups\/superfoods-health-foods-en\/mct-oil-en\/mct-kookosoli-400ml\/","og_locale":"en_US","og_type":"article","og_title":"MCT \u00f5li palmis\u00fcdamikust (400ml) - Fit360","og_description":"MCT \u00d5LI:   Soodustab rasvap\u00f5letust  Aitab parandada seedimist  Aitab v\u00e4hendada s\u00f6\u00f6giisu  V\u00e4ga kasulik nahale  MCT\u00a0(Medium Chained Triglyceride)\u00a0on toidurasv, millel on, v\u00f5rreldes teiste toidurasvadega, erinev keemiline struktuur ja ehitus. Kui muud rasvad on oma keemilise ehitusega pika ahelaga trigl\u00fctseriidid\u00a0(LCT - Long Chained Triglycerides), siis MCT rasv on keskmise ahelaga trigl\u00fctseriid.  T\u00e4nu erinevale keemilisele \u00fclesehitusele, k\u00e4ituvad ka MCT rasvad teistmoodi organismis kui tavalised rasvad. Nimelt on nad kergemini seeditavamad ning neid on efektiivsem kasutada energiaks. Lisaks transporditakse MCT rasvad maksa, kus neid siis energiaks on lihtne kasutatakse.","og_url":"https:\/\/fit360.ee\/en\/pood\/product-groups\/superfoods-health-foods-en\/mct-oil-en\/mct-kookosoli-400ml\/","og_site_name":"Fit360","article_modified_time":"2025-12-16T14:34:19+00:00","og_image":[{"width":600,"height":600,"url":"https:\/\/fit360.ee\/wp-content\/uploads\/2019\/12\/real-pharm-mct-oil-400ml.png","type":"image\/png"}],"twitter_card":"summary_large_image","twitter_misc":{"Est. reading time":"1 minute"},"schema":{"@context":"https:\/\/schema.org","@graph":[{"@type":"WebPage","@id":"https:\/\/fit360.ee\/en\/pood\/product-groups\/superfoods-health-foods-en\/mct-oil-en\/mct-kookosoli-400ml\/","url":"https:\/\/fit360.ee\/en\/pood\/product-groups\/superfoods-health-foods-en\/mct-oil-en\/mct-kookosoli-400ml\/","name":"MCT \u00f5li palmis\u00fcdamikust (400ml) - Fit360","isPartOf":{"@id":"https:\/\/fit360.ee\/en\/#website"},"primaryImageOfPage":{"@id":"https:\/\/fit360.ee\/en\/pood\/product-groups\/superfoods-health-foods-en\/mct-oil-en\/mct-kookosoli-400ml\/#primaryimage"},"image":{"@id":"https:\/\/fit360.ee\/en\/pood\/product-groups\/superfoods-health-foods-en\/mct-oil-en\/mct-kookosoli-400ml\/#primaryimage"},"thumbnailUrl":"https:\/\/fit360.ee\/wp-content\/uploads\/2019\/12\/real-pharm-mct-oil-400ml.png","datePublished":"2019-12-11T20:52:45+00:00","dateModified":"2025-12-16T14:34:19+00:00","breadcrumb":{"@id":"https:\/\/fit360.ee\/en\/pood\/product-groups\/superfoods-health-foods-en\/mct-oil-en\/mct-kookosoli-400ml\/#breadcrumb"},"inLanguage":"en-US","potentialAction":[{"@type":"ReadAction","target":["https:\/\/fit360.ee\/en\/pood\/product-groups\/superfoods-health-foods-en\/mct-oil-en\/mct-kookosoli-400ml\/"]}]},{"@type":"ImageObject","inLanguage":"en-US","@id":"https:\/\/fit360.ee\/en\/pood\/product-groups\/superfoods-health-foods-en\/mct-oil-en\/mct-kookosoli-400ml\/#primaryimage","url":"https:\/\/fit360.ee\/wp-content\/uploads\/2019\/12\/real-pharm-mct-oil-400ml.png","contentUrl":"https:\/\/fit360.ee\/wp-content\/uploads\/2019\/12\/real-pharm-mct-oil-400ml.png","width":600,"height":600},{"@type":"BreadcrumbList","@id":"https:\/\/fit360.ee\/en\/pood\/product-groups\/superfoods-health-foods-en\/mct-oil-en\/mct-kookosoli-400ml\/#breadcrumb","itemListElement":[{"@type":"ListItem","position":1,"name":"Home","item":"https:\/\/fit360.ee\/en\/"},{"@type":"ListItem","position":2,"name":"Shop","item":"https:\/\/fit360.ee\/en\/shop\/"},{"@type":"ListItem","position":3,"name":"MCT \u00f5li palmis\u00fcdamikust (400ml)"}]},{"@type":"WebSite","@id":"https:\/\/fit360.ee\/en\/#website","url":"https:\/\/fit360.ee\/en\/","name":"Fit360","description":"","publisher":{"@id":"https:\/\/fit360.ee\/en\/#organization"},"potentialAction":[{"@type":"SearchAction","target":{"@type":"EntryPoint","urlTemplate":"https:\/\/fit360.ee\/en\/?s={search_term_string}"},"query-input":{"@type":"PropertyValueSpecification","valueRequired":true,"valueName":"search_term_string"}}],"inLanguage":"en-US"},{"@type":"Organization","@id":"https:\/\/fit360.ee\/en\/#organization","name":"Fit360","url":"https:\/\/fit360.ee\/en\/","logo":{"@type":"ImageObject","inLanguage":"en-US","@id":"https:\/\/fit360.ee\/en\/#\/schema\/logo\/image\/","url":"https:\/\/fit360.ee\/wp-content\/uploads\/2017\/01\/logo-fit360.png","contentUrl":"https:\/\/fit360.ee\/wp-content\/uploads\/2017\/01\/logo-fit360.png","width":180,"height":66,"caption":"Fit360"},"image":{"@id":"https:\/\/fit360.ee\/en\/#\/schema\/logo\/image\/"}}]}},"_links":{"self":[{"href":"https:\/\/fit360.ee\/en\/wp-json\/wp\/v2\/product\/28500","targetHints":{"allow":["GET"]}}],"collection":[{"href":"https:\/\/fit360.ee\/en\/wp-json\/wp\/v2\/product"}],"about":[{"href":"https:\/\/fit360.ee\/en\/wp-json\/wp\/v2\/types\/product"}],"replies":[{"embeddable":true,"href":"https:\/\/fit360.ee\/en\/wp-json\/wp\/v2\/comments?post=28500"}],"wp:featuredmedia":[{"embeddable":true,"href":"https:\/\/fit360.ee\/en\/wp-json\/wp\/v2\/media\/28499"}],"wp:attachment":[{"href":"https:\/\/fit360.ee\/en\/wp-json\/wp\/v2\/media?parent=28500"}],"wp:term":[{"taxonomy":"product_brand","embeddable":true,"href":"https:\/\/fit360.ee\/en\/wp-json\/wp\/v2\/product_brand?post=28500"},{"taxonomy":"product_cat","embeddable":true,"href":"https:\/\/fit360.ee\/en\/wp-json\/wp\/v2\/product_cat?post=28500"},{"taxonomy":"product_tag","embeddable":true,"href":"https:\/\/fit360.ee\/en\/wp-json\/wp\/v2\/product_tag?post=28500"},{"taxonomy":"giftcard-category","embeddable":true,"href":"https:\/\/fit360.ee\/en\/wp-json\/wp\/v2\/giftcard-category?post=28500"}],"curies":[{"name":"wp","href":"https:\/\/api.w.org\/{rel}","templated":true}]}}