{"id":28691,"date":"2019-12-15T16:55:47","date_gmt":"2019-12-15T14:55:47","guid":{"rendered":"https:\/\/fit360.ee\/pood\/uncategorized\/mega-vitamin-pack-30pakki\/"},"modified":"2026-04-10T16:56:18","modified_gmt":"2026-04-10T14:56:18","slug":"mega-vitamin-pack-30pakki","status":"publish","type":"product","link":"https:\/\/fit360.ee\/en\/pood\/product-groups\/superfoods-health-foods-en\/green-tea-extract-en\/mega-vitamin-pack-30pakki\/","title":{"rendered":"Mega Vitamin Pack (30pakki)"},"content":{"rendered":"<p><strong>\u00a0<\/strong><\/p>\n<table>\n<tbody>\n<tr>\n<td width=\"205\"><strong>Aktiivsed toimeained<\/strong><\/td>\n<td width=\"205\"><strong>1 pakk (8 tabletti, 1 geelkapsel)<\/strong><\/td>\n<td width=\"205\"><strong>%SPK<\/strong><\/td>\n<\/tr>\n<tr>\n<td width=\"205\">Magneesiumtsitraat<\/td>\n<td width=\"205\">1000mg<\/td>\n<td width=\"205\">37%<\/td>\n<\/tr>\n<tr>\n<td width=\"205\">Kaaliumtsitraat<\/td>\n<td width=\"205\">1000mg<\/td>\n<td width=\"205\">18%<\/td>\n<\/tr>\n<tr>\n<td width=\"205\">Kaltsium<\/td>\n<td width=\"205\">1000mg<\/td>\n<td width=\"205\">50%<\/td>\n<\/tr>\n<tr>\n<td width=\"205\">Tsink<\/td>\n<td width=\"205\">10mg<\/td>\n<td width=\"205\">100%<\/td>\n<\/tr>\n<tr>\n<td width=\"205\">Raud<\/td>\n<td width=\"205\">14mg<\/td>\n<td width=\"205\">100%<\/td>\n<\/tr>\n<tr>\n<td width=\"205\">Mangaan<\/td>\n<td width=\"205\">2mg<\/td>\n<td width=\"205\">100%<\/td>\n<\/tr>\n<tr>\n<td width=\"205\">Jood<\/td>\n<td width=\"205\">150\u00b5g<\/td>\n<td width=\"205\">100%<\/td>\n<\/tr>\n<tr>\n<td width=\"205\">Vask<\/td>\n<td width=\"205\">1mg<\/td>\n<td width=\"205\">100%<\/td>\n<\/tr>\n<tr>\n<td width=\"205\">Seleen<\/td>\n<td width=\"205\">55\u00b5g<\/td>\n<td width=\"205\">100%<\/td>\n<\/tr>\n<tr>\n<td width=\"205\"><strong>Vitamiinid<\/strong><\/td>\n<td width=\"205\"><\/td>\n<td width=\"205\"><\/td>\n<\/tr>\n<tr>\n<td width=\"205\">Vitamiin A<\/td>\n<td width=\"205\">800\u00b5g<\/td>\n<td width=\"205\">100%<\/td>\n<\/tr>\n<tr>\n<td width=\"205\">Vitamiin B1<\/td>\n<td width=\"205\">1.1mg<\/td>\n<td width=\"205\">100%<\/td>\n<\/tr>\n<tr>\n<td width=\"205\">Vitamiin B2<\/td>\n<td width=\"205\">1.4mg<\/td>\n<td width=\"205\">100%<\/td>\n<\/tr>\n<tr>\n<td width=\"205\">Vitamiin B3<\/td>\n<td width=\"205\">16mg<\/td>\n<td width=\"205\">100%<\/td>\n<\/tr>\n<tr>\n<td width=\"205\">Vitamiin B5<\/td>\n<td width=\"205\">6mg<\/td>\n<td width=\"205\">100%<\/td>\n<\/tr>\n<tr>\n<td width=\"205\">Vitamiin B6<\/td>\n<td width=\"205\">1.4mg<\/td>\n<td width=\"205\">100%<\/td>\n<\/tr>\n<tr>\n<td width=\"205\">Vitamiin B7<\/td>\n<td width=\"205\">50\u00b5g<\/td>\n<td width=\"205\">100%<\/td>\n<\/tr>\n<tr>\n<td width=\"205\">Vitamiin B9<\/td>\n<td width=\"205\">200\u00b5g<\/td>\n<td width=\"205\">100%<\/td>\n<\/tr>\n<tr>\n<td width=\"205\">Vitamiin B12<\/td>\n<td width=\"205\">2.5\u00b5g<\/td>\n<td width=\"205\">100%<\/td>\n<\/tr>\n<tr>\n<td width=\"205\">L-karnitiin tartraat<\/td>\n<td width=\"205\">200mg<\/td>\n<td width=\"205\">**<\/td>\n<\/tr>\n<tr>\n<td width=\"205\">Koliini bitartraat<\/td>\n<td width=\"205\">100mg<\/td>\n<td width=\"205\">**<\/td>\n<\/tr>\n<tr>\n<td width=\"205\">Siberi \u017een\u0161enni juure ekstrakt<\/td>\n<td width=\"205\">200mg<\/td>\n<td width=\"205\">**<\/td>\n<\/tr>\n<tr>\n<td width=\"205\">Tauriin<\/td>\n<td width=\"205\">500mg<\/td>\n<td width=\"205\">**<\/td>\n<\/tr>\n<tr>\n<td width=\"205\">Inositool<\/td>\n<td width=\"205\">80mg<\/td>\n<td width=\"205\">**<\/td>\n<\/tr>\n<tr>\n<td width=\"205\">Gl\u00fckuronolaktoon<\/td>\n<td width=\"205\">80mg<\/td>\n<td width=\"205\">**<\/td>\n<\/tr>\n<tr>\n<td width=\"205\">Para-aminobensoehape<\/td>\n<td width=\"205\">200mg<\/td>\n<td width=\"205\">**<\/td>\n<\/tr>\n<tr>\n<td width=\"205\">Bacopa monnieri ekstrakt<\/td>\n<td width=\"205\">200mg<\/td>\n<td width=\"205\">**<\/td>\n<\/tr>\n<tr>\n<td width=\"205\">Alfa-lipoehape<\/td>\n<td width=\"205\">50mg<\/td>\n<td width=\"205\">**<\/td>\n<\/tr>\n<tr>\n<td width=\"205\">Tsitruselised bioflavonoidid<\/td>\n<td width=\"205\">500mg<\/td>\n<td width=\"205\">**<\/td>\n<\/tr>\n<tr>\n<td width=\"205\">Koens\u00fc\u00fcm Q10<\/td>\n<td width=\"205\">500mg<\/td>\n<td width=\"205\">**<\/td>\n<\/tr>\n<tr>\n<td width=\"205\">Luteiin<\/td>\n<td width=\"205\">0.5mg<\/td>\n<td width=\"205\">**<\/td>\n<\/tr>\n<tr>\n<td width=\"205\">Rohelise tee ekstrakt (50% EGCG)<\/td>\n<td width=\"205\">75mg<\/td>\n<td width=\"205\">**<\/td>\n<\/tr>\n<tr>\n<td width=\"205\">Rohelise tee ekstrakt (50% pol\u00fcfenoolid)<\/td>\n<td width=\"205\">75mg<\/td>\n<td width=\"205\">**<\/td>\n<\/tr>\n<tr>\n<td width=\"205\">Acai marjade ekstrakt<\/td>\n<td width=\"205\">100mg<\/td>\n<td width=\"205\">**<\/td>\n<\/tr>\n<tr>\n<td width=\"205\">L-Leutsiin<\/td>\n<td width=\"205\">131mg<\/td>\n<td width=\"205\">**<\/td>\n<\/tr>\n<tr>\n<td width=\"205\">L-isoleutsiin<\/td>\n<td width=\"205\">76mg<\/td>\n<td width=\"205\">**<\/td>\n<\/tr>\n<tr>\n<td width=\"205\">L-valiin<\/td>\n<td width=\"205\">71mg<\/td>\n<td width=\"205\">**<\/td>\n<\/tr>\n<tr>\n<td width=\"205\">L-glutamiin<\/td>\n<td width=\"205\">225mg<\/td>\n<td width=\"205\">**<\/td>\n<\/tr>\n<tr>\n<td width=\"205\">L-asparagiin<\/td>\n<td width=\"205\">130mg<\/td>\n<td width=\"205\">**<\/td>\n<\/tr>\n<tr>\n<td width=\"205\">L-seriin<\/td>\n<td width=\"205\">62mg<\/td>\n<td width=\"205\">**<\/td>\n<\/tr>\n<tr>\n<td width=\"205\">Gl\u00fctsiin<\/td>\n<td width=\"205\">20mg<\/td>\n<td width=\"205\">**<\/td>\n<\/tr>\n<tr>\n<td width=\"205\">L-histidiin<\/td>\n<td width=\"205\">23mg<\/td>\n<td width=\"205\">**<\/td>\n<\/tr>\n<tr>\n<td width=\"205\">L-arginiin<\/td>\n<td width=\"205\">34mg<\/td>\n<td width=\"205\">**<\/td>\n<\/tr>\n<tr>\n<td width=\"205\">L-treoniin<\/td>\n<td width=\"205\">85mg<\/td>\n<td width=\"205\">**<\/td>\n<\/tr>\n<tr>\n<td width=\"205\">L-alaniin<\/td>\n<td width=\"205\">62mg<\/td>\n<td width=\"205\">**<\/td>\n<\/tr>\n<tr>\n<td width=\"205\">L-proliin<\/td>\n<td width=\"205\">90mg<\/td>\n<td width=\"205\">**<\/td>\n<\/tr>\n<tr>\n<td width=\"205\">L-t\u00fcrosiin<\/td>\n<td width=\"205\">35mg<\/td>\n<td width=\"205\">**<\/td>\n<\/tr>\n<tr>\n<td width=\"205\">L-metioniin<\/td>\n<td width=\"205\">24mg<\/td>\n<td width=\"205\">**<\/td>\n<\/tr>\n<tr>\n<td width=\"205\">Ts\u00fcstiin<\/td>\n<td width=\"205\">20mg<\/td>\n<td width=\"205\">**<\/td>\n<\/tr>\n<tr>\n<td width=\"205\">L-fen\u00fc\u00fclalaniin<\/td>\n<td width=\"205\">39mg<\/td>\n<td width=\"205\">**<\/td>\n<\/tr>\n<tr>\n<td width=\"205\">L-l\u00fcsiin<\/td>\n<td width=\"205\">125mg<\/td>\n<td width=\"205\">**<\/td>\n<\/tr>\n<tr>\n<td width=\"205\">Omega 3 (kala\u00f5li)<\/td>\n<td width=\"205\">1000mg<\/td>\n<td width=\"205\">**<\/td>\n<\/tr>\n<\/tbody>\n<\/table>\n<p>SPK &#8211; soovitatud p\u00e4evane kogus ** &#8211; SPK pole kindlaks tehtud.<\/p>\n<p><strong>Kasutamine<\/strong>: Tarbi 1-2 kotti p\u00e4evas vastavalt f\u00fc\u00fcsilisele aktiivsusele ja vajadusele.<\/p>\n<p><strong>Suurus:<\/strong> 30 pakki<\/p>\n<p>Hoiusta kuivas ja jahedas kohas, eemal otsesest p\u00e4evavalgusest.<\/p>\n<p>Soovid kaupa osta suuremas koguses? Vaata antud toodet ka meie HULGI poest\u00a0<a href=\"https:\/\/toidulisandidhulgi.ee\/product\/mega-vitamin-pack-30pakki\/\"><strong>SIIT<\/strong><\/a>!<\/p>\n","protected":false},"excerpt":{"rendered":"<p><strong>REAL PHARM VITAMIN PACK<\/strong>:<\/p>\n<ul>\n<li>Naturaalsed ekstraktid<\/li>\n<li>Aminohapped<\/li>\n<li>Vitamiinid<\/li>\n<li>Mineraalid<\/li>\n<li>54 ERINVAT KASULIKKU TOIMEAINET<\/li>\n<li>P\u00e4eva annused v\u00e4lja m\u00f5\u00f5detud<\/li>\n<li>Tugevdab Teie tervist<\/li>\n<\/ul>\n<p><strong>Real Pharmi Vitamiini<\/strong> pakk on m\u00f5eldud neile, kes vajavad suuremas koguses vitamiine, mineraale, aminohappeid ja muid taastajaid. Sobib h\u00e4sti aktiivsetele treenijatele ja sportlastele.<\/p>\n<p><strong>Real Pharm Vitamiini<\/strong> pakk katab k\u00f5ik Sinu vitamiini vajadused!<\/p>\n","protected":false},"featured_media":28690,"comment_status":"open","ping_status":"closed","template":"","meta":[],"product_brand":[],"product_cat":[520,5311,2251,2299,2267,2279,2331,5320,2371,2665,2311,2335,1915,1917,2438,515,2244,536,2275],"product_tag":[],"giftcard-category":[],"class_list":{"0":"post-28691","1":"product","2":"type-product","3":"status-publish","4":"has-post-thumbnail","6":"product_cat-amino-acids-bcaa","7":"product_cat-antioxidants-en","8":"product_cat-b-vitamin-en","9":"product_cat-bcaa-en","10":"product_cat-calcium-en","11":"product_cat-coenzyme-q10-en","12":"product_cat-essential-amino-acids-eaa-en","13":"product_cat-for-immunity-en","14":"product_cat-green-tea-extract-en","15":"product_cat-iron-en","16":"product_cat-l-arginine-en","17":"product_cat-leucine-en","18":"product_cat-magnesium-en","19":"product_cat-multivitamins-en","20":"product_cat-omega-3-en","21":"product_cat-real-pharm","22":"product_cat-selen-en","23":"product_cat-vitamins-and-minerals-en","24":"product_cat-zinc-en","25":"pa_toidulisand-branddd-real-pharm","26":"pa_tootegruppp-amino-acidsbcaa","27":"pa_tootegruppp-antioksudandid-en","28":"pa_tootegruppp-asendamatud-aminohapped-eaa-en","29":"pa_tootegruppp-b-vitamiin-en","30":"pa_tootegruppp-bcaa-en","31":"pa_tootegruppp-immuunsusteem-en","32":"pa_tootegruppp-kaltsium-en","33":"pa_tootegruppp-koensuum-q10-en","34":"pa_tootegruppp-l-arginiin-en","35":"pa_tootegruppp-leutsiin-en","36":"pa_tootegruppp-magneesium-en","37":"pa_tootegruppp-multivitamiinid-en","38":"pa_tootegruppp-omega-3-en","39":"pa_tootegruppp-raud-en","40":"pa_tootegruppp-rohelise-tee-ekstrakt-en","41":"pa_tootegruppp-seleen-en","42":"pa_tootegruppp-tsink-en","43":"pa_tootegruppp-vitamins-and-minerals","45":"first","46":"outofstock","47":"sale","48":"taxable","49":"shipping-taxable","50":"purchasable","51":"product-type-simple"},"yoast_head":"<!-- This site is optimized with the Yoast SEO plugin v27.3 - https:\/\/yoast.com\/product\/yoast-seo-wordpress\/ -->\n<title>Mega Vitamin Pack (30pakki) - Fit360<\/title>\n<meta name=\"robots\" content=\"index, follow, max-snippet:-1, max-image-preview:large, max-video-preview:-1\" \/>\n<link rel=\"canonical\" href=\"https:\/\/fit360.ee\/en\/pood\/product-groups\/superfoods-health-foods-en\/green-tea-extract-en\/mega-vitamin-pack-30pakki\/\" \/>\n<meta property=\"og:locale\" content=\"en_US\" \/>\n<meta property=\"og:type\" content=\"article\" \/>\n<meta property=\"og:title\" content=\"Mega Vitamin Pack (30pakki) - Fit360\" \/>\n<meta property=\"og:description\" content=\"REAL PHARM VITAMIN PACK:   Naturaalsed ekstraktid  Aminohapped  Vitamiinid  Mineraalid  54 ERINVAT KASULIKKU TOIMEAINET  P\u00e4eva annused v\u00e4lja m\u00f5\u00f5detud  Tugevdab Teie tervist  Real Pharmi Vitamiini pakk on m\u00f5eldud neile, kes vajavad suuremas koguses vitamiine, mineraale, aminohappeid ja muid taastajaid. Sobib h\u00e4sti aktiivsetele treenijatele ja sportlastele.  Real Pharm Vitamiini pakk katab k\u00f5ik Sinu vitamiini vajadused!\" \/>\n<meta property=\"og:url\" content=\"https:\/\/fit360.ee\/en\/pood\/product-groups\/superfoods-health-foods-en\/green-tea-extract-en\/mega-vitamin-pack-30pakki\/\" \/>\n<meta property=\"og:site_name\" content=\"Fit360\" \/>\n<meta property=\"article:modified_time\" content=\"2026-04-10T14:56:18+00:00\" \/>\n<meta property=\"og:image\" content=\"https:\/\/fit360.ee\/wp-content\/uploads\/2019\/12\/Vitamin-600x600.png\" \/>\n\t<meta property=\"og:image:width\" content=\"600\" \/>\n\t<meta property=\"og:image:height\" content=\"600\" \/>\n\t<meta property=\"og:image:type\" content=\"image\/png\" \/>\n<meta name=\"twitter:card\" content=\"summary_large_image\" \/>\n<meta name=\"twitter:label1\" content=\"Est. reading time\" \/>\n\t<meta name=\"twitter:data1\" content=\"2 minutes\" \/>\n<script type=\"application\/ld+json\" class=\"yoast-schema-graph\">{\"@context\":\"https:\\\/\\\/schema.org\",\"@graph\":[{\"@type\":\"WebPage\",\"@id\":\"https:\\\/\\\/fit360.ee\\\/en\\\/pood\\\/product-groups\\\/superfoods-health-foods-en\\\/green-tea-extract-en\\\/mega-vitamin-pack-30pakki\\\/\",\"url\":\"https:\\\/\\\/fit360.ee\\\/en\\\/pood\\\/product-groups\\\/superfoods-health-foods-en\\\/green-tea-extract-en\\\/mega-vitamin-pack-30pakki\\\/\",\"name\":\"Mega Vitamin Pack (30pakki) - Fit360\",\"isPartOf\":{\"@id\":\"https:\\\/\\\/fit360.ee\\\/en\\\/#website\"},\"primaryImageOfPage\":{\"@id\":\"https:\\\/\\\/fit360.ee\\\/en\\\/pood\\\/product-groups\\\/superfoods-health-foods-en\\\/green-tea-extract-en\\\/mega-vitamin-pack-30pakki\\\/#primaryimage\"},\"image\":{\"@id\":\"https:\\\/\\\/fit360.ee\\\/en\\\/pood\\\/product-groups\\\/superfoods-health-foods-en\\\/green-tea-extract-en\\\/mega-vitamin-pack-30pakki\\\/#primaryimage\"},\"thumbnailUrl\":\"https:\\\/\\\/fit360.ee\\\/wp-content\\\/uploads\\\/2019\\\/12\\\/Vitamin-600x600.png\",\"datePublished\":\"2019-12-15T14:55:47+00:00\",\"dateModified\":\"2026-04-10T14:56:18+00:00\",\"breadcrumb\":{\"@id\":\"https:\\\/\\\/fit360.ee\\\/en\\\/pood\\\/product-groups\\\/superfoods-health-foods-en\\\/green-tea-extract-en\\\/mega-vitamin-pack-30pakki\\\/#breadcrumb\"},\"inLanguage\":\"en-US\",\"potentialAction\":[{\"@type\":\"ReadAction\",\"target\":[\"https:\\\/\\\/fit360.ee\\\/en\\\/pood\\\/product-groups\\\/superfoods-health-foods-en\\\/green-tea-extract-en\\\/mega-vitamin-pack-30pakki\\\/\"]}]},{\"@type\":\"ImageObject\",\"inLanguage\":\"en-US\",\"@id\":\"https:\\\/\\\/fit360.ee\\\/en\\\/pood\\\/product-groups\\\/superfoods-health-foods-en\\\/green-tea-extract-en\\\/mega-vitamin-pack-30pakki\\\/#primaryimage\",\"url\":\"https:\\\/\\\/fit360.ee\\\/wp-content\\\/uploads\\\/2019\\\/12\\\/Vitamin-600x600.png\",\"contentUrl\":\"https:\\\/\\\/fit360.ee\\\/wp-content\\\/uploads\\\/2019\\\/12\\\/Vitamin-600x600.png\",\"width\":600,\"height\":600},{\"@type\":\"BreadcrumbList\",\"@id\":\"https:\\\/\\\/fit360.ee\\\/en\\\/pood\\\/product-groups\\\/superfoods-health-foods-en\\\/green-tea-extract-en\\\/mega-vitamin-pack-30pakki\\\/#breadcrumb\",\"itemListElement\":[{\"@type\":\"ListItem\",\"position\":1,\"name\":\"Home\",\"item\":\"https:\\\/\\\/fit360.ee\\\/en\\\/\"},{\"@type\":\"ListItem\",\"position\":2,\"name\":\"Shop\",\"item\":\"https:\\\/\\\/fit360.ee\\\/en\\\/shop\\\/\"},{\"@type\":\"ListItem\",\"position\":3,\"name\":\"Mega Vitamin Pack (30pakki)\"}]},{\"@type\":\"WebSite\",\"@id\":\"https:\\\/\\\/fit360.ee\\\/en\\\/#website\",\"url\":\"https:\\\/\\\/fit360.ee\\\/en\\\/\",\"name\":\"Fit360\",\"description\":\"\",\"publisher\":{\"@id\":\"https:\\\/\\\/fit360.ee\\\/en\\\/#organization\"},\"potentialAction\":[{\"@type\":\"SearchAction\",\"target\":{\"@type\":\"EntryPoint\",\"urlTemplate\":\"https:\\\/\\\/fit360.ee\\\/en\\\/?s={search_term_string}\"},\"query-input\":{\"@type\":\"PropertyValueSpecification\",\"valueRequired\":true,\"valueName\":\"search_term_string\"}}],\"inLanguage\":\"en-US\"},{\"@type\":\"Organization\",\"@id\":\"https:\\\/\\\/fit360.ee\\\/en\\\/#organization\",\"name\":\"Fit360\",\"url\":\"https:\\\/\\\/fit360.ee\\\/en\\\/\",\"logo\":{\"@type\":\"ImageObject\",\"inLanguage\":\"en-US\",\"@id\":\"https:\\\/\\\/fit360.ee\\\/en\\\/#\\\/schema\\\/logo\\\/image\\\/\",\"url\":\"https:\\\/\\\/fit360.ee\\\/wp-content\\\/uploads\\\/2017\\\/01\\\/logo-fit360.png\",\"contentUrl\":\"https:\\\/\\\/fit360.ee\\\/wp-content\\\/uploads\\\/2017\\\/01\\\/logo-fit360.png\",\"width\":180,\"height\":66,\"caption\":\"Fit360\"},\"image\":{\"@id\":\"https:\\\/\\\/fit360.ee\\\/en\\\/#\\\/schema\\\/logo\\\/image\\\/\"}}]}<\/script>\n<!-- \/ Yoast SEO plugin. -->","yoast_head_json":{"title":"Mega Vitamin Pack (30pakki) - Fit360","robots":{"index":"index","follow":"follow","max-snippet":"max-snippet:-1","max-image-preview":"max-image-preview:large","max-video-preview":"max-video-preview:-1"},"canonical":"https:\/\/fit360.ee\/en\/pood\/product-groups\/superfoods-health-foods-en\/green-tea-extract-en\/mega-vitamin-pack-30pakki\/","og_locale":"en_US","og_type":"article","og_title":"Mega Vitamin Pack (30pakki) - Fit360","og_description":"REAL PHARM VITAMIN PACK:   Naturaalsed ekstraktid  Aminohapped  Vitamiinid  Mineraalid  54 ERINVAT KASULIKKU TOIMEAINET  P\u00e4eva annused v\u00e4lja m\u00f5\u00f5detud  Tugevdab Teie tervist  Real Pharmi Vitamiini pakk on m\u00f5eldud neile, kes vajavad suuremas koguses vitamiine, mineraale, aminohappeid ja muid taastajaid. Sobib h\u00e4sti aktiivsetele treenijatele ja sportlastele.  Real Pharm Vitamiini pakk katab k\u00f5ik Sinu vitamiini vajadused!","og_url":"https:\/\/fit360.ee\/en\/pood\/product-groups\/superfoods-health-foods-en\/green-tea-extract-en\/mega-vitamin-pack-30pakki\/","og_site_name":"Fit360","article_modified_time":"2026-04-10T14:56:18+00:00","og_image":[{"width":600,"height":600,"url":"https:\/\/fit360.ee\/wp-content\/uploads\/2019\/12\/Vitamin-600x600.png","type":"image\/png"}],"twitter_card":"summary_large_image","twitter_misc":{"Est. reading time":"2 minutes"},"schema":{"@context":"https:\/\/schema.org","@graph":[{"@type":"WebPage","@id":"https:\/\/fit360.ee\/en\/pood\/product-groups\/superfoods-health-foods-en\/green-tea-extract-en\/mega-vitamin-pack-30pakki\/","url":"https:\/\/fit360.ee\/en\/pood\/product-groups\/superfoods-health-foods-en\/green-tea-extract-en\/mega-vitamin-pack-30pakki\/","name":"Mega Vitamin Pack (30pakki) - Fit360","isPartOf":{"@id":"https:\/\/fit360.ee\/en\/#website"},"primaryImageOfPage":{"@id":"https:\/\/fit360.ee\/en\/pood\/product-groups\/superfoods-health-foods-en\/green-tea-extract-en\/mega-vitamin-pack-30pakki\/#primaryimage"},"image":{"@id":"https:\/\/fit360.ee\/en\/pood\/product-groups\/superfoods-health-foods-en\/green-tea-extract-en\/mega-vitamin-pack-30pakki\/#primaryimage"},"thumbnailUrl":"https:\/\/fit360.ee\/wp-content\/uploads\/2019\/12\/Vitamin-600x600.png","datePublished":"2019-12-15T14:55:47+00:00","dateModified":"2026-04-10T14:56:18+00:00","breadcrumb":{"@id":"https:\/\/fit360.ee\/en\/pood\/product-groups\/superfoods-health-foods-en\/green-tea-extract-en\/mega-vitamin-pack-30pakki\/#breadcrumb"},"inLanguage":"en-US","potentialAction":[{"@type":"ReadAction","target":["https:\/\/fit360.ee\/en\/pood\/product-groups\/superfoods-health-foods-en\/green-tea-extract-en\/mega-vitamin-pack-30pakki\/"]}]},{"@type":"ImageObject","inLanguage":"en-US","@id":"https:\/\/fit360.ee\/en\/pood\/product-groups\/superfoods-health-foods-en\/green-tea-extract-en\/mega-vitamin-pack-30pakki\/#primaryimage","url":"https:\/\/fit360.ee\/wp-content\/uploads\/2019\/12\/Vitamin-600x600.png","contentUrl":"https:\/\/fit360.ee\/wp-content\/uploads\/2019\/12\/Vitamin-600x600.png","width":600,"height":600},{"@type":"BreadcrumbList","@id":"https:\/\/fit360.ee\/en\/pood\/product-groups\/superfoods-health-foods-en\/green-tea-extract-en\/mega-vitamin-pack-30pakki\/#breadcrumb","itemListElement":[{"@type":"ListItem","position":1,"name":"Home","item":"https:\/\/fit360.ee\/en\/"},{"@type":"ListItem","position":2,"name":"Shop","item":"https:\/\/fit360.ee\/en\/shop\/"},{"@type":"ListItem","position":3,"name":"Mega Vitamin Pack (30pakki)"}]},{"@type":"WebSite","@id":"https:\/\/fit360.ee\/en\/#website","url":"https:\/\/fit360.ee\/en\/","name":"Fit360","description":"","publisher":{"@id":"https:\/\/fit360.ee\/en\/#organization"},"potentialAction":[{"@type":"SearchAction","target":{"@type":"EntryPoint","urlTemplate":"https:\/\/fit360.ee\/en\/?s={search_term_string}"},"query-input":{"@type":"PropertyValueSpecification","valueRequired":true,"valueName":"search_term_string"}}],"inLanguage":"en-US"},{"@type":"Organization","@id":"https:\/\/fit360.ee\/en\/#organization","name":"Fit360","url":"https:\/\/fit360.ee\/en\/","logo":{"@type":"ImageObject","inLanguage":"en-US","@id":"https:\/\/fit360.ee\/en\/#\/schema\/logo\/image\/","url":"https:\/\/fit360.ee\/wp-content\/uploads\/2017\/01\/logo-fit360.png","contentUrl":"https:\/\/fit360.ee\/wp-content\/uploads\/2017\/01\/logo-fit360.png","width":180,"height":66,"caption":"Fit360"},"image":{"@id":"https:\/\/fit360.ee\/en\/#\/schema\/logo\/image\/"}}]}},"_links":{"self":[{"href":"https:\/\/fit360.ee\/en\/wp-json\/wp\/v2\/product\/28691","targetHints":{"allow":["GET"]}}],"collection":[{"href":"https:\/\/fit360.ee\/en\/wp-json\/wp\/v2\/product"}],"about":[{"href":"https:\/\/fit360.ee\/en\/wp-json\/wp\/v2\/types\/product"}],"replies":[{"embeddable":true,"href":"https:\/\/fit360.ee\/en\/wp-json\/wp\/v2\/comments?post=28691"}],"wp:featuredmedia":[{"embeddable":true,"href":"https:\/\/fit360.ee\/en\/wp-json\/wp\/v2\/media\/28690"}],"wp:attachment":[{"href":"https:\/\/fit360.ee\/en\/wp-json\/wp\/v2\/media?parent=28691"}],"wp:term":[{"taxonomy":"product_brand","embeddable":true,"href":"https:\/\/fit360.ee\/en\/wp-json\/wp\/v2\/product_brand?post=28691"},{"taxonomy":"product_cat","embeddable":true,"href":"https:\/\/fit360.ee\/en\/wp-json\/wp\/v2\/product_cat?post=28691"},{"taxonomy":"product_tag","embeddable":true,"href":"https:\/\/fit360.ee\/en\/wp-json\/wp\/v2\/product_tag?post=28691"},{"taxonomy":"giftcard-category","embeddable":true,"href":"https:\/\/fit360.ee\/en\/wp-json\/wp\/v2\/giftcard-category?post=28691"}],"curies":[{"name":"wp","href":"https:\/\/api.w.org\/{rel}","templated":true}]}}