{"id":28706,"date":"2019-12-15T17:51:25","date_gmt":"2019-12-15T15:51:25","guid":{"rendered":"https:\/\/fit360.ee\/pood\/uncategorized\/mega-flex-liigesed-vitamiinid-pack-30-pakki\/"},"modified":"2026-04-10T16:56:19","modified_gmt":"2026-04-10T14:56:19","slug":"mega-flex-liigesed-vitamiinid-pack-30-pakki","status":"publish","type":"product","link":"https:\/\/fit360.ee\/en\/pood\/product-groups\/joint-support-en\/mega-flex-liigesed-vitamiinid-pack-30-pakki\/","title":{"rendered":"Mega Flex (Liigesed-vitamiinid) Pack (30 pakki)"},"content":{"rendered":"<table>\n<tbody>\n<tr>\n<td width=\"205\"><strong>Aktiivsed toimeained<\/strong><\/td>\n<td width=\"205\"><strong>1 pakk ( 8 tabletti)<\/strong><\/td>\n<td width=\"205\"><strong>%SPK<\/strong><\/td>\n<\/tr>\n<tr>\n<td width=\"205\">Gl\u00fckoosamiinsulfaat<\/td>\n<td width=\"205\">1200mg<\/td>\n<td width=\"205\">**<\/td>\n<\/tr>\n<tr>\n<td width=\"205\">Kondroitiinsulfaat<\/td>\n<td width=\"205\">500mg<\/td>\n<td width=\"205\">**<\/td>\n<\/tr>\n<tr>\n<td width=\"205\">MSM (met\u00fc\u00fclsulfon\u00fc\u00fclmetaan)<\/td>\n<td width=\"205\">1500mg<\/td>\n<td width=\"205\">**<\/td>\n<\/tr>\n<tr>\n<td width=\"205\">Naatriumseleniit<\/td>\n<td width=\"205\">0.1mg<\/td>\n<td width=\"205\">182%<\/td>\n<\/tr>\n<tr>\n<td width=\"205\">Askorbiinhape &#8211; Vitamiin C<\/td>\n<td width=\"205\">619mg<\/td>\n<td width=\"205\">750%<\/td>\n<\/tr>\n<tr>\n<td width=\"205\">Vitamiin D3<\/td>\n<td width=\"205\">15mg<\/td>\n<td width=\"205\">300%<\/td>\n<\/tr>\n<tr>\n<td width=\"205\">Dl-a-tokofer\u00fc\u00fclatsetaat (50%) &#8211; Vitamiin E<\/td>\n<td width=\"205\">12mg<\/td>\n<td width=\"205\">100%<\/td>\n<\/tr>\n<tr>\n<td width=\"205\">K2-vitamiin Mk7<\/td>\n<td width=\"205\">50\u00b5g<\/td>\n<td width=\"205\">**<\/td>\n<\/tr>\n<tr>\n<td width=\"205\">Tsink (zinc)<\/td>\n<td width=\"205\">10mg<\/td>\n<td width=\"205\">100%<\/td>\n<\/tr>\n<tr>\n<td width=\"205\">Raud<\/td>\n<td width=\"205\">14mg<\/td>\n<td width=\"205\">100%<\/td>\n<\/tr>\n<tr>\n<td width=\"205\">Mangaan (mangaansulfaat)<\/td>\n<td width=\"205\">2mg<\/td>\n<td width=\"205\">100%<\/td>\n<\/tr>\n<tr>\n<td width=\"205\">Jood (kaaliumjodiid)<\/td>\n<td width=\"205\">150\u00b5g<\/td>\n<td width=\"205\">100%<\/td>\n<\/tr>\n<tr>\n<td width=\"205\">Vask<\/td>\n<td width=\"205\">1mg<\/td>\n<td width=\"205\">100%<\/td>\n<\/tr>\n<tr>\n<td width=\"205\">Seleen (naatriumselenaat)<\/td>\n<td width=\"205\">55\u00b5g<\/td>\n<td width=\"205\">100%<\/td>\n<\/tr>\n<tr>\n<td width=\"205\">A-vitamiin (retin\u00fc\u00fclatsetaat)<\/td>\n<td width=\"205\">800\u00b5g<\/td>\n<td width=\"205\">100%<\/td>\n<\/tr>\n<tr>\n<td width=\"205\">B1-vitamiin (tiamiinmononitraat)<\/td>\n<td width=\"205\">1.1mg<\/td>\n<td width=\"205\">100%<\/td>\n<\/tr>\n<tr>\n<td width=\"205\">B2-vitamiin (riboflaviin)<\/td>\n<td width=\"205\">1.4mg<\/td>\n<td width=\"205\">100%<\/td>\n<\/tr>\n<tr>\n<td width=\"205\">B3-vitamiin (nikotiinamiid)<\/td>\n<td width=\"205\">16mg<\/td>\n<td width=\"205\">100%<\/td>\n<\/tr>\n<tr>\n<td width=\"205\">B5-vitamiin (pantoteenhape)<\/td>\n<td width=\"205\">6mg<\/td>\n<td width=\"205\">100%<\/td>\n<\/tr>\n<tr>\n<td width=\"205\">B6-vitamiin (p\u00fcridoksiinvesinikkloriid)<\/td>\n<td width=\"205\">1.4mg<\/td>\n<td width=\"205\">100%<\/td>\n<\/tr>\n<tr>\n<td width=\"205\">B7-vitamiin: biotiin (D-biotiin)<\/td>\n<td width=\"205\">50\u00b5g<\/td>\n<td width=\"205\">100%<\/td>\n<\/tr>\n<tr>\n<td width=\"205\">B9-vitamiin: foolhape (ptero\u00fc\u00fclmonoglutamiinhape)<\/td>\n<td width=\"205\">200\u00b5g<\/td>\n<td width=\"205\">100%<\/td>\n<\/tr>\n<tr>\n<td width=\"205\">B12-vitamiin (kobalamiin)<\/td>\n<td width=\"205\">2.5\u00b5g<\/td>\n<td width=\"205\">100%<\/td>\n<\/tr>\n<tr>\n<td width=\"205\">Kaltsiumkarbonaat<\/td>\n<td width=\"205\">1000mg<\/td>\n<td width=\"205\">**<\/td>\n<\/tr>\n<tr>\n<td width=\"205\"><em>millest<\/em> Kaltsium<\/td>\n<td width=\"205\">330mg<\/td>\n<td width=\"205\">41.3%<\/td>\n<\/tr>\n<tr>\n<td width=\"205\">H\u00fcaluroonnaatrium<\/td>\n<td width=\"205\">10mg<\/td>\n<td width=\"205\">**<\/td>\n<\/tr>\n<tr>\n<td width=\"205\">Kvertsetiin<\/td>\n<td width=\"205\">100mg<\/td>\n<td width=\"205\">**<\/td>\n<\/tr>\n<tr>\n<td width=\"205\">Ingveri juure ekstrakt<\/td>\n<td width=\"205\">450mg<\/td>\n<td width=\"205\">**<\/td>\n<\/tr>\n<tr>\n<td width=\"205\">Kurkum Longa juureekstrakt 4: 1<\/td>\n<td width=\"205\">25mg<\/td>\n<td width=\"205\">**<\/td>\n<\/tr>\n<tr>\n<td width=\"205\">Boswellia ekstrakt (60% boswellic hapet)<\/td>\n<td width=\"205\">150mg<\/td>\n<td width=\"205\">**<\/td>\n<\/tr>\n<tr>\n<td width=\"205\">Veiseliha kollageen<\/td>\n<td width=\"205\">2000mg<\/td>\n<td width=\"205\">**<\/td>\n<\/tr>\n<\/tbody>\n<\/table>\n<p>SPK &#8211; soovitatud p\u00e4evane kogus ** &#8211; SPK pole kindlaks tehtud.<\/p>\n<p><strong>Kasutamine<\/strong>: Tarbi 1-2 kotti p\u00e4evas vastavalt f\u00fc\u00fcsilisele aktiivsusele ja vajadusele.<\/p>\n<p><strong>Suurus:<\/strong> 30 pakki<\/p>\n<p>Hoiusta kuivas ja jahedas kohas, eemal otsesest p\u00e4evavalgusest.<\/p>\n<p>Soovid kaupa osta suuremas koguses? Vaata antud toodet ka meie HULGI poest\u00a0<a href=\"https:\/\/toidulisandidhulgi.ee\/product\/mega-flex-liiges\u2026id-pack-30-pakki\/\"><strong>SIIT<\/strong><\/a>!<\/p>\n","protected":false},"excerpt":{"rendered":"<p><strong>REAL PHARM FLEX-PACK<\/strong>:<\/p>\n<ul>\n<li>Vitamiinide kompleksi liigeste sidekude taastamiseks<\/li>\n<li>M\u00e4\u00e4rdeained, mis v\u00e4hendavad liigeste tundlikkust<\/li>\n<li>Vitamiine, mis v\u00e4hendavad liigeste valulikkust<\/li>\n<li>C- ja E vitamiinid, tsink, seleen ja mangaan hoiab liigeseid tervena<\/li>\n<\/ul>\n<p>Tehes j\u00f5utreeningut pead pidevalt m\u00f5tlema koormust saavatele liigestele, k\u00f5\u00f5lustele ja sidekudedele, mis toetab lihaste kasvu. <strong>REAL PHARM FLEX<\/strong>\u00a0aitab tugevdada liigeseid ja selle koostisained aitavad s\u00e4ilitada liigeste funktsioone, elastsust ja painduvust.<\/p>\n<p>Selle koostises on kasutatud looduslikke taimseid ekstrakte, et aidata v\u00e4hendada\u00a0liigesep\u00f5letikke.\u00a0Taimed nagu kurkum ja ingverijuur on suure ja tugeva p\u00f5letikuvastase toimega. Erinevalt valuvaigistitest ei ole <strong>REAL PHARM FLEX<\/strong>\u00a0eesm\u00e4rk ajutiselt \u00a0valu \u00e4ra v\u00f5tta, vaid see\u00a0pakub valusatele liigestele abi ja pikemas perspektiivis hoiab liigesed tervena.<\/p>\n","protected":false},"featured_media":28704,"comment_status":"open","ping_status":"closed","template":"","meta":[],"product_brand":[],"product_cat":[5311,527,515,1454,536],"product_tag":[],"giftcard-category":[],"class_list":{"0":"post-28706","1":"product","2":"type-product","3":"status-publish","4":"has-post-thumbnail","6":"product_cat-antioxidants-en","7":"product_cat-joint-support-en","8":"product_cat-real-pharm","9":"product_cat-superfoods-health-foods-en","10":"product_cat-vitamins-and-minerals-en","11":"pa_toidulisand-branddd-real-pharm","12":"pa_tootegruppp-antioksudandid-en","13":"pa_tootegruppp-for-joints","14":"pa_tootegruppp-supertoit-tervisetoit-en","15":"pa_tootegruppp-vitamins-and-minerals","17":"first","18":"instock","19":"sale","20":"taxable","21":"shipping-taxable","22":"purchasable","23":"product-type-simple"},"yoast_head":"<!-- This site is optimized with the Yoast SEO plugin v27.3 - https:\/\/yoast.com\/product\/yoast-seo-wordpress\/ -->\n<title>Mega Flex (Liigesed-vitamiinid) Pack (30 pakki) - Fit360<\/title>\n<meta name=\"robots\" content=\"index, follow, max-snippet:-1, max-image-preview:large, max-video-preview:-1\" \/>\n<link rel=\"canonical\" href=\"https:\/\/fit360.ee\/en\/pood\/product-groups\/joint-support-en\/mega-flex-liigesed-vitamiinid-pack-30-pakki\/\" \/>\n<meta property=\"og:locale\" content=\"en_US\" \/>\n<meta property=\"og:type\" content=\"article\" \/>\n<meta property=\"og:title\" content=\"Mega Flex (Liigesed-vitamiinid) Pack (30 pakki) - Fit360\" \/>\n<meta property=\"og:description\" content=\"REAL PHARM FLEX-PACK:   Vitamiinide kompleksi liigeste sidekude taastamiseks  M\u00e4\u00e4rdeained, mis v\u00e4hendavad liigeste tundlikkust  Vitamiine, mis v\u00e4hendavad liigeste valulikkust  C- ja E vitamiinid, tsink, seleen ja mangaan hoiab liigeseid tervena  Tehes j\u00f5utreeningut pead pidevalt m\u00f5tlema koormust saavatele liigestele, k\u00f5\u00f5lustele ja sidekudedele, mis toetab lihaste kasvu. REAL PHARM FLEX\u00a0aitab tugevdada liigeseid ja selle koostisained aitavad s\u00e4ilitada liigeste funktsioone, elastsust ja painduvust.  Selle koostises on kasutatud looduslikke taimseid ekstrakte, et aidata v\u00e4hendada\u00a0liigesep\u00f5letikke.\u00a0Taimed nagu kurkum ja ingverijuur on suure ja tugeva p\u00f5letikuvastase toimega. Erinevalt valuvaigistitest ei ole REAL PHARM FLEX\u00a0eesm\u00e4rk ajutiselt \u00a0valu \u00e4ra v\u00f5tta, vaid see\u00a0pakub valusatele liigestele abi ja pikemas perspektiivis hoiab liigesed tervena.\" \/>\n<meta property=\"og:url\" content=\"https:\/\/fit360.ee\/en\/pood\/product-groups\/joint-support-en\/mega-flex-liigesed-vitamiinid-pack-30-pakki\/\" \/>\n<meta property=\"og:site_name\" content=\"Fit360\" \/>\n<meta property=\"article:modified_time\" content=\"2026-04-10T14:56:19+00:00\" \/>\n<meta property=\"og:image\" content=\"https:\/\/fit360.ee\/wp-content\/uploads\/2019\/12\/real-pharm-flex-pack-30sasz-1.png\" \/>\n\t<meta property=\"og:image:width\" content=\"600\" \/>\n\t<meta property=\"og:image:height\" content=\"600\" \/>\n\t<meta property=\"og:image:type\" content=\"image\/png\" \/>\n<meta name=\"twitter:card\" content=\"summary_large_image\" \/>\n<meta name=\"twitter:label1\" content=\"Est. reading time\" \/>\n\t<meta name=\"twitter:data1\" content=\"1 minute\" \/>\n<script type=\"application\/ld+json\" class=\"yoast-schema-graph\">{\"@context\":\"https:\\\/\\\/schema.org\",\"@graph\":[{\"@type\":\"WebPage\",\"@id\":\"https:\\\/\\\/fit360.ee\\\/en\\\/pood\\\/product-groups\\\/joint-support-en\\\/mega-flex-liigesed-vitamiinid-pack-30-pakki\\\/\",\"url\":\"https:\\\/\\\/fit360.ee\\\/en\\\/pood\\\/product-groups\\\/joint-support-en\\\/mega-flex-liigesed-vitamiinid-pack-30-pakki\\\/\",\"name\":\"Mega Flex (Liigesed-vitamiinid) Pack (30 pakki) - Fit360\",\"isPartOf\":{\"@id\":\"https:\\\/\\\/fit360.ee\\\/en\\\/#website\"},\"primaryImageOfPage\":{\"@id\":\"https:\\\/\\\/fit360.ee\\\/en\\\/pood\\\/product-groups\\\/joint-support-en\\\/mega-flex-liigesed-vitamiinid-pack-30-pakki\\\/#primaryimage\"},\"image\":{\"@id\":\"https:\\\/\\\/fit360.ee\\\/en\\\/pood\\\/product-groups\\\/joint-support-en\\\/mega-flex-liigesed-vitamiinid-pack-30-pakki\\\/#primaryimage\"},\"thumbnailUrl\":\"https:\\\/\\\/fit360.ee\\\/wp-content\\\/uploads\\\/2019\\\/12\\\/real-pharm-flex-pack-30sasz-1.png\",\"datePublished\":\"2019-12-15T15:51:25+00:00\",\"dateModified\":\"2026-04-10T14:56:19+00:00\",\"breadcrumb\":{\"@id\":\"https:\\\/\\\/fit360.ee\\\/en\\\/pood\\\/product-groups\\\/joint-support-en\\\/mega-flex-liigesed-vitamiinid-pack-30-pakki\\\/#breadcrumb\"},\"inLanguage\":\"en-US\",\"potentialAction\":[{\"@type\":\"ReadAction\",\"target\":[\"https:\\\/\\\/fit360.ee\\\/en\\\/pood\\\/product-groups\\\/joint-support-en\\\/mega-flex-liigesed-vitamiinid-pack-30-pakki\\\/\"]}]},{\"@type\":\"ImageObject\",\"inLanguage\":\"en-US\",\"@id\":\"https:\\\/\\\/fit360.ee\\\/en\\\/pood\\\/product-groups\\\/joint-support-en\\\/mega-flex-liigesed-vitamiinid-pack-30-pakki\\\/#primaryimage\",\"url\":\"https:\\\/\\\/fit360.ee\\\/wp-content\\\/uploads\\\/2019\\\/12\\\/real-pharm-flex-pack-30sasz-1.png\",\"contentUrl\":\"https:\\\/\\\/fit360.ee\\\/wp-content\\\/uploads\\\/2019\\\/12\\\/real-pharm-flex-pack-30sasz-1.png\",\"width\":600,\"height\":600},{\"@type\":\"BreadcrumbList\",\"@id\":\"https:\\\/\\\/fit360.ee\\\/en\\\/pood\\\/product-groups\\\/joint-support-en\\\/mega-flex-liigesed-vitamiinid-pack-30-pakki\\\/#breadcrumb\",\"itemListElement\":[{\"@type\":\"ListItem\",\"position\":1,\"name\":\"Home\",\"item\":\"https:\\\/\\\/fit360.ee\\\/en\\\/\"},{\"@type\":\"ListItem\",\"position\":2,\"name\":\"Shop\",\"item\":\"https:\\\/\\\/fit360.ee\\\/en\\\/shop\\\/\"},{\"@type\":\"ListItem\",\"position\":3,\"name\":\"Mega Flex (Liigesed-vitamiinid) Pack (30 pakki)\"}]},{\"@type\":\"WebSite\",\"@id\":\"https:\\\/\\\/fit360.ee\\\/en\\\/#website\",\"url\":\"https:\\\/\\\/fit360.ee\\\/en\\\/\",\"name\":\"Fit360\",\"description\":\"\",\"publisher\":{\"@id\":\"https:\\\/\\\/fit360.ee\\\/en\\\/#organization\"},\"potentialAction\":[{\"@type\":\"SearchAction\",\"target\":{\"@type\":\"EntryPoint\",\"urlTemplate\":\"https:\\\/\\\/fit360.ee\\\/en\\\/?s={search_term_string}\"},\"query-input\":{\"@type\":\"PropertyValueSpecification\",\"valueRequired\":true,\"valueName\":\"search_term_string\"}}],\"inLanguage\":\"en-US\"},{\"@type\":\"Organization\",\"@id\":\"https:\\\/\\\/fit360.ee\\\/en\\\/#organization\",\"name\":\"Fit360\",\"url\":\"https:\\\/\\\/fit360.ee\\\/en\\\/\",\"logo\":{\"@type\":\"ImageObject\",\"inLanguage\":\"en-US\",\"@id\":\"https:\\\/\\\/fit360.ee\\\/en\\\/#\\\/schema\\\/logo\\\/image\\\/\",\"url\":\"https:\\\/\\\/fit360.ee\\\/wp-content\\\/uploads\\\/2017\\\/01\\\/logo-fit360.png\",\"contentUrl\":\"https:\\\/\\\/fit360.ee\\\/wp-content\\\/uploads\\\/2017\\\/01\\\/logo-fit360.png\",\"width\":180,\"height\":66,\"caption\":\"Fit360\"},\"image\":{\"@id\":\"https:\\\/\\\/fit360.ee\\\/en\\\/#\\\/schema\\\/logo\\\/image\\\/\"}}]}<\/script>\n<!-- \/ Yoast SEO plugin. -->","yoast_head_json":{"title":"Mega Flex (Liigesed-vitamiinid) Pack (30 pakki) - Fit360","robots":{"index":"index","follow":"follow","max-snippet":"max-snippet:-1","max-image-preview":"max-image-preview:large","max-video-preview":"max-video-preview:-1"},"canonical":"https:\/\/fit360.ee\/en\/pood\/product-groups\/joint-support-en\/mega-flex-liigesed-vitamiinid-pack-30-pakki\/","og_locale":"en_US","og_type":"article","og_title":"Mega Flex (Liigesed-vitamiinid) Pack (30 pakki) - Fit360","og_description":"REAL PHARM FLEX-PACK:   Vitamiinide kompleksi liigeste sidekude taastamiseks  M\u00e4\u00e4rdeained, mis v\u00e4hendavad liigeste tundlikkust  Vitamiine, mis v\u00e4hendavad liigeste valulikkust  C- ja E vitamiinid, tsink, seleen ja mangaan hoiab liigeseid tervena  Tehes j\u00f5utreeningut pead pidevalt m\u00f5tlema koormust saavatele liigestele, k\u00f5\u00f5lustele ja sidekudedele, mis toetab lihaste kasvu. REAL PHARM FLEX\u00a0aitab tugevdada liigeseid ja selle koostisained aitavad s\u00e4ilitada liigeste funktsioone, elastsust ja painduvust.  Selle koostises on kasutatud looduslikke taimseid ekstrakte, et aidata v\u00e4hendada\u00a0liigesep\u00f5letikke.\u00a0Taimed nagu kurkum ja ingverijuur on suure ja tugeva p\u00f5letikuvastase toimega. Erinevalt valuvaigistitest ei ole REAL PHARM FLEX\u00a0eesm\u00e4rk ajutiselt \u00a0valu \u00e4ra v\u00f5tta, vaid see\u00a0pakub valusatele liigestele abi ja pikemas perspektiivis hoiab liigesed tervena.","og_url":"https:\/\/fit360.ee\/en\/pood\/product-groups\/joint-support-en\/mega-flex-liigesed-vitamiinid-pack-30-pakki\/","og_site_name":"Fit360","article_modified_time":"2026-04-10T14:56:19+00:00","og_image":[{"width":600,"height":600,"url":"https:\/\/fit360.ee\/wp-content\/uploads\/2019\/12\/real-pharm-flex-pack-30sasz-1.png","type":"image\/png"}],"twitter_card":"summary_large_image","twitter_misc":{"Est. reading time":"1 minute"},"schema":{"@context":"https:\/\/schema.org","@graph":[{"@type":"WebPage","@id":"https:\/\/fit360.ee\/en\/pood\/product-groups\/joint-support-en\/mega-flex-liigesed-vitamiinid-pack-30-pakki\/","url":"https:\/\/fit360.ee\/en\/pood\/product-groups\/joint-support-en\/mega-flex-liigesed-vitamiinid-pack-30-pakki\/","name":"Mega Flex (Liigesed-vitamiinid) Pack (30 pakki) - Fit360","isPartOf":{"@id":"https:\/\/fit360.ee\/en\/#website"},"primaryImageOfPage":{"@id":"https:\/\/fit360.ee\/en\/pood\/product-groups\/joint-support-en\/mega-flex-liigesed-vitamiinid-pack-30-pakki\/#primaryimage"},"image":{"@id":"https:\/\/fit360.ee\/en\/pood\/product-groups\/joint-support-en\/mega-flex-liigesed-vitamiinid-pack-30-pakki\/#primaryimage"},"thumbnailUrl":"https:\/\/fit360.ee\/wp-content\/uploads\/2019\/12\/real-pharm-flex-pack-30sasz-1.png","datePublished":"2019-12-15T15:51:25+00:00","dateModified":"2026-04-10T14:56:19+00:00","breadcrumb":{"@id":"https:\/\/fit360.ee\/en\/pood\/product-groups\/joint-support-en\/mega-flex-liigesed-vitamiinid-pack-30-pakki\/#breadcrumb"},"inLanguage":"en-US","potentialAction":[{"@type":"ReadAction","target":["https:\/\/fit360.ee\/en\/pood\/product-groups\/joint-support-en\/mega-flex-liigesed-vitamiinid-pack-30-pakki\/"]}]},{"@type":"ImageObject","inLanguage":"en-US","@id":"https:\/\/fit360.ee\/en\/pood\/product-groups\/joint-support-en\/mega-flex-liigesed-vitamiinid-pack-30-pakki\/#primaryimage","url":"https:\/\/fit360.ee\/wp-content\/uploads\/2019\/12\/real-pharm-flex-pack-30sasz-1.png","contentUrl":"https:\/\/fit360.ee\/wp-content\/uploads\/2019\/12\/real-pharm-flex-pack-30sasz-1.png","width":600,"height":600},{"@type":"BreadcrumbList","@id":"https:\/\/fit360.ee\/en\/pood\/product-groups\/joint-support-en\/mega-flex-liigesed-vitamiinid-pack-30-pakki\/#breadcrumb","itemListElement":[{"@type":"ListItem","position":1,"name":"Home","item":"https:\/\/fit360.ee\/en\/"},{"@type":"ListItem","position":2,"name":"Shop","item":"https:\/\/fit360.ee\/en\/shop\/"},{"@type":"ListItem","position":3,"name":"Mega Flex (Liigesed-vitamiinid) Pack (30 pakki)"}]},{"@type":"WebSite","@id":"https:\/\/fit360.ee\/en\/#website","url":"https:\/\/fit360.ee\/en\/","name":"Fit360","description":"","publisher":{"@id":"https:\/\/fit360.ee\/en\/#organization"},"potentialAction":[{"@type":"SearchAction","target":{"@type":"EntryPoint","urlTemplate":"https:\/\/fit360.ee\/en\/?s={search_term_string}"},"query-input":{"@type":"PropertyValueSpecification","valueRequired":true,"valueName":"search_term_string"}}],"inLanguage":"en-US"},{"@type":"Organization","@id":"https:\/\/fit360.ee\/en\/#organization","name":"Fit360","url":"https:\/\/fit360.ee\/en\/","logo":{"@type":"ImageObject","inLanguage":"en-US","@id":"https:\/\/fit360.ee\/en\/#\/schema\/logo\/image\/","url":"https:\/\/fit360.ee\/wp-content\/uploads\/2017\/01\/logo-fit360.png","contentUrl":"https:\/\/fit360.ee\/wp-content\/uploads\/2017\/01\/logo-fit360.png","width":180,"height":66,"caption":"Fit360"},"image":{"@id":"https:\/\/fit360.ee\/en\/#\/schema\/logo\/image\/"}}]}},"_links":{"self":[{"href":"https:\/\/fit360.ee\/en\/wp-json\/wp\/v2\/product\/28706","targetHints":{"allow":["GET"]}}],"collection":[{"href":"https:\/\/fit360.ee\/en\/wp-json\/wp\/v2\/product"}],"about":[{"href":"https:\/\/fit360.ee\/en\/wp-json\/wp\/v2\/types\/product"}],"replies":[{"embeddable":true,"href":"https:\/\/fit360.ee\/en\/wp-json\/wp\/v2\/comments?post=28706"}],"wp:featuredmedia":[{"embeddable":true,"href":"https:\/\/fit360.ee\/en\/wp-json\/wp\/v2\/media\/28704"}],"wp:attachment":[{"href":"https:\/\/fit360.ee\/en\/wp-json\/wp\/v2\/media?parent=28706"}],"wp:term":[{"taxonomy":"product_brand","embeddable":true,"href":"https:\/\/fit360.ee\/en\/wp-json\/wp\/v2\/product_brand?post=28706"},{"taxonomy":"product_cat","embeddable":true,"href":"https:\/\/fit360.ee\/en\/wp-json\/wp\/v2\/product_cat?post=28706"},{"taxonomy":"product_tag","embeddable":true,"href":"https:\/\/fit360.ee\/en\/wp-json\/wp\/v2\/product_tag?post=28706"},{"taxonomy":"giftcard-category","embeddable":true,"href":"https:\/\/fit360.ee\/en\/wp-json\/wp\/v2\/giftcard-category?post=28706"}],"curies":[{"name":"wp","href":"https:\/\/api.w.org\/{rel}","templated":true}]}}