{"id":28788,"date":"2019-12-16T15:10:09","date_gmt":"2019-12-16T13:10:09","guid":{"rendered":"https:\/\/fit360.ee\/pood\/uncategorized\/oatwhey-pro-gainer-14kg\/"},"modified":"2026-03-16T16:50:45","modified_gmt":"2026-03-16T14:50:45","slug":"oatwhey-pro-gainer-14kg","status":"publish","type":"product","link":"https:\/\/fit360.ee\/en\/pood\/product-groups\/creatine-en\/oatwhey-pro-gainer-14kg\/","title":{"rendered":"OAT&amp;WHEY Pro Gainer (1,4KG)"},"content":{"rendered":"<p><strong>ICONFIT OAT&amp;WHEY Pro Gainer<\/strong>\u00a0on meie parim massilisaja! Kombineerisime kolm unikaalset proteiiniallikat (<strong>Vadakuvalk, Kaerajahu ja H\u00fcdrol\u00fc\u00fcsitud Kollageen<\/strong>), mis t\u00e4iendavad \u00fcksteise aminohapete profiili, lisasime massiivselt s\u00fcsivesikuid, kreatiini ning vitamiinid ja mineraalid.<\/p>\n<p><a href=\"https:\/\/iconfit.eu\/wp-content\/uploads\/2018\/01\/oatwheybanner.jpg\" data-caption=\"\"><img decoding=\"async\" class=\"alignnone size-full wp-image-2942\" src=\"https:\/\/iconfit.eu\/wp-content\/uploads\/2018\/01\/oatwheybanner.jpg\" sizes=\"(max-width: 1200px) 100vw, 1200px\" srcset=\"https:\/\/iconfit.eu\/wp-content\/uploads\/2018\/01\/oatwheybanner-200x31.jpg 200w, https:\/\/iconfit.eu\/wp-content\/uploads\/2018\/01\/oatwheybanner-300x46.jpg 300w, https:\/\/iconfit.eu\/wp-content\/uploads\/2018\/01\/oatwheybanner-400x62.jpg 400w, https:\/\/iconfit.eu\/wp-content\/uploads\/2018\/01\/oatwheybanner-500x77.jpg 500w, https:\/\/iconfit.eu\/wp-content\/uploads\/2018\/01\/oatwheybanner-600x93.jpg 600w, https:\/\/iconfit.eu\/wp-content\/uploads\/2018\/01\/oatwheybanner-768x118.jpg 768w, https:\/\/iconfit.eu\/wp-content\/uploads\/2018\/01\/oatwheybanner-800x123.jpg 800w, https:\/\/iconfit.eu\/wp-content\/uploads\/2018\/01\/oatwheybanner-1024x158.jpg 1024w, https:\/\/iconfit.eu\/wp-content\/uploads\/2018\/01\/oatwheybanner.jpg 1200w\" alt=\"\" width=\"100%\" height=\"\" \/><\/a><\/p>\n<p><strong>Proteiin<\/strong><\/p>\n<p>T\u00e4iesti unikaalne proteiinide kombinatsioon, kus on eriti peeneks jahvatatud Eestis toodetud kaerajahu kombineeritud klassikalise vadakuvalgu kontsentraadiga. Lisaks igas portsjonis teaduslikult t\u00f5estatud kasulike omadustega\u00a0<strong>10g h\u00fcdrol\u00fc\u00fcsitud kollageeni<\/strong>\u00a0(puhas proteiin). Kollageenil on hea aminohapete profiil, mis kombineerituna vadaku ja kaeraga t\u00e4iendavad \u00fcksteist. Aga veelgi rohkem on kollageen tuntud liigeseid kaitsvate ja taastavate omaduste poolest. Massi lisavad sportlased panevad tihtipeale treeningul oma liigestele suuri koormuseid ning siin on kollageen parimaks toeks.<\/p>\n<p><strong>S\u00fcsivesikud<\/strong><\/p>\n<p>Segus on 2 osa s\u00fcsivesikuid 1 osa proteiini kohta. Enamus s\u00fcsivesikuid tulevad kvaliteetsest kiiresti imenduvast energiaallikast maltodekstriinist ning v\u00e4iksem osa ka kaeraproteiinist. Soovitatavas 200g portsjonis on ~760kcal, kuid p\u00e4evas tarbitavat kogust v\u00f5id vabalt muuta vastavalt oma eesm\u00e4rkidele ja vajadustele.\u00a0<strong>NB!<\/strong>\u00a0Vaatamata massiivsele s\u00fcsivesiku kogusele on OAT&amp;WHEY eriti madala kuni 4,5% suhkrusisaldusega!<\/p>\n<p><strong>Lisaks Veel<\/strong><\/p>\n<p>Kuigi hea massilisaja aluseks on kvaliteetne proteiin ja s\u00fcsivesikud siis tippklassi jaoks lisasime veel palju kasulikku! Viime selle massilisaja maailma tippklassi korraliku 5g\/portsjon mikroniseeritud kreatiiniga ning 23 erineva vitamiini ja mineraaliga, mis katavad 50% Sinu p\u00e4evasest vajadusest.<\/p>\n<hr \/>\n<hr \/>\n<p>&nbsp;<\/p>\n<p><strong>Kasutamine<\/strong><\/p>\n<p>Soovitame korraliku 200g portsjoni, millest saad \u00fcle 720 kcal. V\u00f5id aga vastavalt oma eesm\u00e4rkidele ja vajadustele tarbimist suurendada v\u00f5i v\u00e4hendada. Sega see kogus u 800ml (0,8 L) veega (j\u00e4llegist v\u00f5id vee kogust vastavalt oma maitseeelistustele suurendada v\u00f5i v\u00e4hendada) ning tarbi peale trenni kohe v\u00f5i tunni jooksul.<\/p>\n<p>&nbsp;<\/p>\n<hr \/>\n<div class=\"table-2\">\n<table width=\"100%\">\n<thead>\n<tr>\n<th align=\"left\"><strong>Toitained: OAT &amp; WHEY<\/strong><\/th>\n<th align=\"left\"><strong>\u0160okolaadi \/ 100g<\/strong><\/th>\n<th align=\"left\"><strong>\u0160okolaadi \/200g<\/strong><\/th>\n<th align=\"left\"><strong>Teised Maitsed \/100g<\/strong><\/th>\n<th align=\"left\"><strong>Teised Maitsed \/200g<\/strong><\/th>\n<\/tr>\n<\/thead>\n<tbody>\n<tr>\n<td align=\"left\"><strong>Energia (kJ\/kcal)<\/strong><\/td>\n<td align=\"left\">1491\/356<\/td>\n<td align=\"left\">3012\/712<\/td>\n<td align=\"left\">1506\/360<\/td>\n<td align=\"left\">3012\/720<\/td>\n<\/tr>\n<tr>\n<td align=\"left\"><strong>Valgud(g)<\/strong><\/td>\n<td align=\"left\">26,9<\/td>\n<td align=\"left\">53,8<\/td>\n<td align=\"left\">27,6<\/td>\n<td align=\"left\">55,2<\/td>\n<\/tr>\n<tr>\n<td align=\"left\">S\u00fcsivesikud(g)<\/td>\n<td align=\"left\">54,0<\/td>\n<td align=\"left\">108,0<\/td>\n<td align=\"left\">55,4<\/td>\n<td align=\"left\">110,8<\/td>\n<\/tr>\n<tr>\n<td align=\"left\">..millest suhkrud(g)<\/td>\n<td align=\"left\">4,2<\/td>\n<td align=\"left\">8,4<\/td>\n<td align=\"left\">4,5<\/td>\n<td align=\"left\">9,0<\/td>\n<\/tr>\n<tr>\n<td align=\"left\">Rasvad(g)<\/td>\n<td align=\"left\">2,9<\/td>\n<td align=\"left\">5,8<\/td>\n<td align=\"left\">2,7<\/td>\n<td align=\"left\">5,4<\/td>\n<\/tr>\n<tr>\n<td align=\"left\">..millest k\u00fcllastunud(g)<\/td>\n<td align=\"left\">0,7<\/td>\n<td align=\"left\">1,4<\/td>\n<td align=\"left\">0,7<\/td>\n<td align=\"left\">1,4<\/td>\n<\/tr>\n<tr>\n<td align=\"left\">Kreatiin(g)<\/td>\n<td align=\"left\">2,5<\/td>\n<td align=\"left\">5,0<\/td>\n<td align=\"left\">2,5<\/td>\n<td align=\"left\">5,0<\/td>\n<\/tr>\n<\/tbody>\n<\/table>\n<\/div>\n<div class=\"fusion-text\">\n<p><strong>KOOSTISOSAD:\u00a0<\/strong>Maltodekstriin,\u00a0<em>vadakuvalgu kontsentraat,\u00a0eriti peeneks jahvatatud kaerajahu<\/em>, h\u00fcdrol\u00fc\u00fcsitud kollageen, kakaopulber (ainult \u0161okolaadimaitselises), vitamiinide ja mineraalide segu (VitamiinA (retin\u00fc\u00fclatsetaat), vitamiin D (kolekaltsiferool), kaltsium, vask, jood, raud, magneesium, mangaan, kaalium, fosfor, seleenium, naatrium, tsink, askorbiinhape, vitamiin E, niatsiin, pantoteenhape, vitamiin B6, tiamiin, riboflaviin, vitamiin B12, foolhape, biotiin), kakaopulber, kreatiin monoh\u00fcdraat, l\u00f5hna- ja maitseaine, magusaine sukraloos.<\/p>\n<p>Soovid teha suuremat tellimust? Vaata antud toodet meie HULGI lehelt\u00a0<a href=\"https:\/\/toidulisandidhulgi.ee\/product\/oatwhey-pro-gainer-14kg\/\"><strong>SIIT<\/strong><\/a>!<\/p>\n<\/div>\n","protected":false},"excerpt":{"rendered":"<p><strong>Eestis toodetud OAT&amp;WHEY<\/strong> on kvaliteet massilisaja, mis baseerub meie v\u00e4lja arendatud unikaalsel kolme proteiiniallika kombinatsioonil! Lisasime neile massiivselt s\u00fcsivesikuid, t\u00e4isportsjoni kreatiini ja palju muud kasulikku, mida on vaja kvaliteetseks massilisamiseks Eesti j\u00f5usaalikarudele!<\/p>\n<ul>\n<li><strong>Kolm parimat proteiiniallikat:<\/strong>\u00a0Vadakuvalk, Kaerajahu ja H\u00fcdrol\u00fc\u00fcsitud Kollageen!<\/li>\n<li><strong>Massiivselt s\u00fcsivesikuid 2:1 suhtes proteiiniga<\/strong> kuid samas \u00fclimadal (kuni 4,5%) suhkrusisaldus ning alla 2,9% rasva.<\/li>\n<li><strong style=\"font-size: 14.4px;\">10g Kollageeni<\/strong><span style=\"font-size: 14.4px;\"> proteiini kaitsmaks sportlase liigeseid suurte koormuste juures.<\/span><\/li>\n<li><span style=\"font-size: 14.4px;\">Portsjonis korralik\u00a0<\/span><strong style=\"font-size: 14.4px;\">5g kreatiini<\/strong><span style=\"font-size: 14.4px;\"> ja 50% p\u00e4evasest vitamiinidest-mineraalidest.<\/span><\/li>\n<li><span style=\"font-size: 14.4px;\">Maailma tippklassi kuuluv ja\u00a0<\/span><strong style=\"font-size: 14.4px;\">Eestis toodetud<\/strong><span style=\"font-size: 14.4px;\">\u00a0kvaliteet-massilisaja!<\/span><\/li>\n<\/ul>\n<p>&nbsp;<\/p>\n","protected":false},"featured_media":28787,"comment_status":"open","ping_status":"closed","template":"","meta":[],"product_brand":[],"product_cat":[526,1318,528,531],"product_tag":[],"giftcard-category":[],"class_list":{"0":"post-28788","1":"product","2":"type-product","3":"status-publish","4":"has-post-thumbnail","6":"product_cat-creatine-en","7":"product_cat-iconfit-en","8":"product_cat-mass-gainers-en","9":"product_cat-recovery-post-workout-en","10":"pa_maitse-chocolate","11":"pa_maitse-vanilli","13":"first","14":"instock","15":"sale","16":"taxable","17":"shipping-taxable","18":"purchasable","19":"product-type-variable"},"yoast_head":"<!-- This site is optimized with the Yoast SEO plugin v27.3 - https:\/\/yoast.com\/product\/yoast-seo-wordpress\/ -->\n<title>OAT&amp;WHEY Pro Gainer (1,4KG) - Fit360<\/title>\n<meta name=\"robots\" content=\"index, follow, max-snippet:-1, max-image-preview:large, max-video-preview:-1\" \/>\n<link rel=\"canonical\" href=\"https:\/\/fit360.ee\/en\/pood\/product-groups\/creatine-en\/oatwhey-pro-gainer-14kg\/\" \/>\n<meta property=\"og:locale\" content=\"en_US\" \/>\n<meta property=\"og:type\" content=\"article\" \/>\n<meta property=\"og:title\" content=\"OAT&amp;WHEY Pro Gainer (1,4KG) - Fit360\" \/>\n<meta property=\"og:description\" content=\"Eestis toodetud OAT&amp;WHEY on kvaliteet massilisaja, mis baseerub meie v\u00e4lja arendatud unikaalsel kolme proteiiniallika kombinatsioonil! Lisasime neile massiivselt s\u00fcsivesikuid, t\u00e4isportsjoni kreatiini ja palju muud kasulikku, mida on vaja kvaliteetseks massilisamiseks Eesti j\u00f5usaalikarudele!   Kolm parimat proteiiniallikat:\u00a0Vadakuvalk, Kaerajahu ja H\u00fcdrol\u00fc\u00fcsitud Kollageen!  Massiivselt s\u00fcsivesikuid 2:1 suhtes proteiiniga kuid samas \u00fclimadal (kuni 4,5%) suhkrusisaldus ning alla 2,9% rasva.  10g Kollageeni proteiini kaitsmaks sportlase liigeseid suurte koormuste juures.  Portsjonis korralik\u00a05g kreatiini ja 50% p\u00e4evasest vitamiinidest-mineraalidest.  Maailma tippklassi kuuluv ja\u00a0Eestis toodetud\u00a0kvaliteet-massilisaja!  &nbsp;\" \/>\n<meta property=\"og:url\" content=\"https:\/\/fit360.ee\/en\/pood\/product-groups\/creatine-en\/oatwhey-pro-gainer-14kg\/\" \/>\n<meta property=\"og:site_name\" content=\"Fit360\" \/>\n<meta property=\"article:modified_time\" content=\"2026-03-16T14:50:45+00:00\" \/>\n<meta property=\"og:image\" content=\"https:\/\/fit360.ee\/wp-content\/uploads\/2019\/12\/oat-whey-premium800px.jpg\" \/>\n\t<meta property=\"og:image:width\" content=\"800\" \/>\n\t<meta property=\"og:image:height\" content=\"800\" \/>\n\t<meta property=\"og:image:type\" content=\"image\/jpeg\" \/>\n<meta name=\"twitter:card\" content=\"summary_large_image\" \/>\n<meta name=\"twitter:label1\" content=\"Est. reading time\" \/>\n\t<meta name=\"twitter:data1\" content=\"3 minutes\" \/>\n<script type=\"application\/ld+json\" class=\"yoast-schema-graph\">{\"@context\":\"https:\\\/\\\/schema.org\",\"@graph\":[{\"@type\":\"WebPage\",\"@id\":\"https:\\\/\\\/fit360.ee\\\/en\\\/pood\\\/product-groups\\\/creatine-en\\\/oatwhey-pro-gainer-14kg\\\/\",\"url\":\"https:\\\/\\\/fit360.ee\\\/en\\\/pood\\\/product-groups\\\/creatine-en\\\/oatwhey-pro-gainer-14kg\\\/\",\"name\":\"OAT&amp;WHEY Pro Gainer (1,4KG) - Fit360\",\"isPartOf\":{\"@id\":\"https:\\\/\\\/fit360.ee\\\/en\\\/#website\"},\"primaryImageOfPage\":{\"@id\":\"https:\\\/\\\/fit360.ee\\\/en\\\/pood\\\/product-groups\\\/creatine-en\\\/oatwhey-pro-gainer-14kg\\\/#primaryimage\"},\"image\":{\"@id\":\"https:\\\/\\\/fit360.ee\\\/en\\\/pood\\\/product-groups\\\/creatine-en\\\/oatwhey-pro-gainer-14kg\\\/#primaryimage\"},\"thumbnailUrl\":\"https:\\\/\\\/fit360.ee\\\/wp-content\\\/uploads\\\/2019\\\/12\\\/oat-whey-premium800px.jpg\",\"datePublished\":\"2019-12-16T13:10:09+00:00\",\"dateModified\":\"2026-03-16T14:50:45+00:00\",\"breadcrumb\":{\"@id\":\"https:\\\/\\\/fit360.ee\\\/en\\\/pood\\\/product-groups\\\/creatine-en\\\/oatwhey-pro-gainer-14kg\\\/#breadcrumb\"},\"inLanguage\":\"en-US\",\"potentialAction\":[{\"@type\":\"ReadAction\",\"target\":[\"https:\\\/\\\/fit360.ee\\\/en\\\/pood\\\/product-groups\\\/creatine-en\\\/oatwhey-pro-gainer-14kg\\\/\"]}]},{\"@type\":\"ImageObject\",\"inLanguage\":\"en-US\",\"@id\":\"https:\\\/\\\/fit360.ee\\\/en\\\/pood\\\/product-groups\\\/creatine-en\\\/oatwhey-pro-gainer-14kg\\\/#primaryimage\",\"url\":\"https:\\\/\\\/fit360.ee\\\/wp-content\\\/uploads\\\/2019\\\/12\\\/oat-whey-premium800px.jpg\",\"contentUrl\":\"https:\\\/\\\/fit360.ee\\\/wp-content\\\/uploads\\\/2019\\\/12\\\/oat-whey-premium800px.jpg\",\"width\":800,\"height\":800},{\"@type\":\"BreadcrumbList\",\"@id\":\"https:\\\/\\\/fit360.ee\\\/en\\\/pood\\\/product-groups\\\/creatine-en\\\/oatwhey-pro-gainer-14kg\\\/#breadcrumb\",\"itemListElement\":[{\"@type\":\"ListItem\",\"position\":1,\"name\":\"Home\",\"item\":\"https:\\\/\\\/fit360.ee\\\/en\\\/\"},{\"@type\":\"ListItem\",\"position\":2,\"name\":\"Shop\",\"item\":\"https:\\\/\\\/fit360.ee\\\/en\\\/shop\\\/\"},{\"@type\":\"ListItem\",\"position\":3,\"name\":\"OAT&amp;WHEY Pro Gainer (1,4KG)\"}]},{\"@type\":\"WebSite\",\"@id\":\"https:\\\/\\\/fit360.ee\\\/en\\\/#website\",\"url\":\"https:\\\/\\\/fit360.ee\\\/en\\\/\",\"name\":\"Fit360\",\"description\":\"\",\"publisher\":{\"@id\":\"https:\\\/\\\/fit360.ee\\\/en\\\/#organization\"},\"potentialAction\":[{\"@type\":\"SearchAction\",\"target\":{\"@type\":\"EntryPoint\",\"urlTemplate\":\"https:\\\/\\\/fit360.ee\\\/en\\\/?s={search_term_string}\"},\"query-input\":{\"@type\":\"PropertyValueSpecification\",\"valueRequired\":true,\"valueName\":\"search_term_string\"}}],\"inLanguage\":\"en-US\"},{\"@type\":\"Organization\",\"@id\":\"https:\\\/\\\/fit360.ee\\\/en\\\/#organization\",\"name\":\"Fit360\",\"url\":\"https:\\\/\\\/fit360.ee\\\/en\\\/\",\"logo\":{\"@type\":\"ImageObject\",\"inLanguage\":\"en-US\",\"@id\":\"https:\\\/\\\/fit360.ee\\\/en\\\/#\\\/schema\\\/logo\\\/image\\\/\",\"url\":\"https:\\\/\\\/fit360.ee\\\/wp-content\\\/uploads\\\/2017\\\/01\\\/logo-fit360.png\",\"contentUrl\":\"https:\\\/\\\/fit360.ee\\\/wp-content\\\/uploads\\\/2017\\\/01\\\/logo-fit360.png\",\"width\":180,\"height\":66,\"caption\":\"Fit360\"},\"image\":{\"@id\":\"https:\\\/\\\/fit360.ee\\\/en\\\/#\\\/schema\\\/logo\\\/image\\\/\"}}]}<\/script>\n<!-- \/ Yoast SEO plugin. -->","yoast_head_json":{"title":"OAT&amp;WHEY Pro Gainer (1,4KG) - Fit360","robots":{"index":"index","follow":"follow","max-snippet":"max-snippet:-1","max-image-preview":"max-image-preview:large","max-video-preview":"max-video-preview:-1"},"canonical":"https:\/\/fit360.ee\/en\/pood\/product-groups\/creatine-en\/oatwhey-pro-gainer-14kg\/","og_locale":"en_US","og_type":"article","og_title":"OAT&amp;WHEY Pro Gainer (1,4KG) - Fit360","og_description":"Eestis toodetud OAT&amp;WHEY on kvaliteet massilisaja, mis baseerub meie v\u00e4lja arendatud unikaalsel kolme proteiiniallika kombinatsioonil! Lisasime neile massiivselt s\u00fcsivesikuid, t\u00e4isportsjoni kreatiini ja palju muud kasulikku, mida on vaja kvaliteetseks massilisamiseks Eesti j\u00f5usaalikarudele!   Kolm parimat proteiiniallikat:\u00a0Vadakuvalk, Kaerajahu ja H\u00fcdrol\u00fc\u00fcsitud Kollageen!  Massiivselt s\u00fcsivesikuid 2:1 suhtes proteiiniga kuid samas \u00fclimadal (kuni 4,5%) suhkrusisaldus ning alla 2,9% rasva.  10g Kollageeni proteiini kaitsmaks sportlase liigeseid suurte koormuste juures.  Portsjonis korralik\u00a05g kreatiini ja 50% p\u00e4evasest vitamiinidest-mineraalidest.  Maailma tippklassi kuuluv ja\u00a0Eestis toodetud\u00a0kvaliteet-massilisaja!  &nbsp;","og_url":"https:\/\/fit360.ee\/en\/pood\/product-groups\/creatine-en\/oatwhey-pro-gainer-14kg\/","og_site_name":"Fit360","article_modified_time":"2026-03-16T14:50:45+00:00","og_image":[{"width":800,"height":800,"url":"https:\/\/fit360.ee\/wp-content\/uploads\/2019\/12\/oat-whey-premium800px.jpg","type":"image\/jpeg"}],"twitter_card":"summary_large_image","twitter_misc":{"Est. reading time":"3 minutes"},"schema":{"@context":"https:\/\/schema.org","@graph":[{"@type":"WebPage","@id":"https:\/\/fit360.ee\/en\/pood\/product-groups\/creatine-en\/oatwhey-pro-gainer-14kg\/","url":"https:\/\/fit360.ee\/en\/pood\/product-groups\/creatine-en\/oatwhey-pro-gainer-14kg\/","name":"OAT&amp;WHEY Pro Gainer (1,4KG) - Fit360","isPartOf":{"@id":"https:\/\/fit360.ee\/en\/#website"},"primaryImageOfPage":{"@id":"https:\/\/fit360.ee\/en\/pood\/product-groups\/creatine-en\/oatwhey-pro-gainer-14kg\/#primaryimage"},"image":{"@id":"https:\/\/fit360.ee\/en\/pood\/product-groups\/creatine-en\/oatwhey-pro-gainer-14kg\/#primaryimage"},"thumbnailUrl":"https:\/\/fit360.ee\/wp-content\/uploads\/2019\/12\/oat-whey-premium800px.jpg","datePublished":"2019-12-16T13:10:09+00:00","dateModified":"2026-03-16T14:50:45+00:00","breadcrumb":{"@id":"https:\/\/fit360.ee\/en\/pood\/product-groups\/creatine-en\/oatwhey-pro-gainer-14kg\/#breadcrumb"},"inLanguage":"en-US","potentialAction":[{"@type":"ReadAction","target":["https:\/\/fit360.ee\/en\/pood\/product-groups\/creatine-en\/oatwhey-pro-gainer-14kg\/"]}]},{"@type":"ImageObject","inLanguage":"en-US","@id":"https:\/\/fit360.ee\/en\/pood\/product-groups\/creatine-en\/oatwhey-pro-gainer-14kg\/#primaryimage","url":"https:\/\/fit360.ee\/wp-content\/uploads\/2019\/12\/oat-whey-premium800px.jpg","contentUrl":"https:\/\/fit360.ee\/wp-content\/uploads\/2019\/12\/oat-whey-premium800px.jpg","width":800,"height":800},{"@type":"BreadcrumbList","@id":"https:\/\/fit360.ee\/en\/pood\/product-groups\/creatine-en\/oatwhey-pro-gainer-14kg\/#breadcrumb","itemListElement":[{"@type":"ListItem","position":1,"name":"Home","item":"https:\/\/fit360.ee\/en\/"},{"@type":"ListItem","position":2,"name":"Shop","item":"https:\/\/fit360.ee\/en\/shop\/"},{"@type":"ListItem","position":3,"name":"OAT&amp;WHEY Pro Gainer (1,4KG)"}]},{"@type":"WebSite","@id":"https:\/\/fit360.ee\/en\/#website","url":"https:\/\/fit360.ee\/en\/","name":"Fit360","description":"","publisher":{"@id":"https:\/\/fit360.ee\/en\/#organization"},"potentialAction":[{"@type":"SearchAction","target":{"@type":"EntryPoint","urlTemplate":"https:\/\/fit360.ee\/en\/?s={search_term_string}"},"query-input":{"@type":"PropertyValueSpecification","valueRequired":true,"valueName":"search_term_string"}}],"inLanguage":"en-US"},{"@type":"Organization","@id":"https:\/\/fit360.ee\/en\/#organization","name":"Fit360","url":"https:\/\/fit360.ee\/en\/","logo":{"@type":"ImageObject","inLanguage":"en-US","@id":"https:\/\/fit360.ee\/en\/#\/schema\/logo\/image\/","url":"https:\/\/fit360.ee\/wp-content\/uploads\/2017\/01\/logo-fit360.png","contentUrl":"https:\/\/fit360.ee\/wp-content\/uploads\/2017\/01\/logo-fit360.png","width":180,"height":66,"caption":"Fit360"},"image":{"@id":"https:\/\/fit360.ee\/en\/#\/schema\/logo\/image\/"}}]}},"_links":{"self":[{"href":"https:\/\/fit360.ee\/en\/wp-json\/wp\/v2\/product\/28788","targetHints":{"allow":["GET"]}}],"collection":[{"href":"https:\/\/fit360.ee\/en\/wp-json\/wp\/v2\/product"}],"about":[{"href":"https:\/\/fit360.ee\/en\/wp-json\/wp\/v2\/types\/product"}],"replies":[{"embeddable":true,"href":"https:\/\/fit360.ee\/en\/wp-json\/wp\/v2\/comments?post=28788"}],"wp:featuredmedia":[{"embeddable":true,"href":"https:\/\/fit360.ee\/en\/wp-json\/wp\/v2\/media\/28787"}],"wp:attachment":[{"href":"https:\/\/fit360.ee\/en\/wp-json\/wp\/v2\/media?parent=28788"}],"wp:term":[{"taxonomy":"product_brand","embeddable":true,"href":"https:\/\/fit360.ee\/en\/wp-json\/wp\/v2\/product_brand?post=28788"},{"taxonomy":"product_cat","embeddable":true,"href":"https:\/\/fit360.ee\/en\/wp-json\/wp\/v2\/product_cat?post=28788"},{"taxonomy":"product_tag","embeddable":true,"href":"https:\/\/fit360.ee\/en\/wp-json\/wp\/v2\/product_tag?post=28788"},{"taxonomy":"giftcard-category","embeddable":true,"href":"https:\/\/fit360.ee\/en\/wp-json\/wp\/v2\/giftcard-category?post=28788"}],"curies":[{"name":"wp","href":"https:\/\/api.w.org\/{rel}","templated":true}]}}