{"id":28815,"date":"2019-12-16T17:54:55","date_gmt":"2019-12-16T15:54:55","guid":{"rendered":"https:\/\/fit360.ee\/pood\/uncategorized\/barebells-proteiinibatoon-55g\/"},"modified":"2026-04-09T17:13:02","modified_gmt":"2026-04-09T15:13:02","slug":"barebells-proteiinibatoon-55g","status":"publish","type":"product","link":"https:\/\/fit360.ee\/en\/pood\/product-groups\/protein-bars-and-snacks\/barebells-proteiinibatoon-55g\/","title":{"rendered":"Barebells proteiinibatoon (55g)"},"content":{"rendered":"<h1><strong>BAREBELLS Proteiinibatoon<\/strong><\/h1>\n<figure id=\"attachment_38510\" aria-describedby=\"caption-attachment-38510\" style=\"width: 500px\" class=\"wp-caption alignnone\"><a href=\"https:\/\/fit360.ee\/wp-content\/uploads\/2019\/12\/unnamed-3-1.png\"><img loading=\"lazy\" decoding=\"async\" class=\"size-full wp-image-38510\" src=\"https:\/\/fit360.ee\/wp-content\/uploads\/2019\/12\/unnamed-3-1.png\" alt=\"barebells proteiinibatoon - fit360.ee\" width=\"500\" height=\"500\" srcset=\"https:\/\/fit360.ee\/wp-content\/uploads\/2019\/12\/unnamed-3-1.png 500w, https:\/\/fit360.ee\/wp-content\/uploads\/2019\/12\/unnamed-3-1-247x247.png 247w, https:\/\/fit360.ee\/wp-content\/uploads\/2019\/12\/unnamed-3-1-100x100.png 100w, https:\/\/fit360.ee\/wp-content\/uploads\/2019\/12\/unnamed-3-1-340x340.png 340w\" sizes=\"auto, (max-width: 500px) 100vw, 500px\" \/><\/a><figcaption id=\"caption-attachment-38510\" class=\"wp-caption-text\">Barebells proteiinibatoonil on 9 erinevat maitset!<\/figcaption><\/figure>\n<p><strong>Koostisosad (valge \u0161okolaadi-mandli):<\/strong> piimaproteiin, valge \u0161okolaad (magusaine (maltitool), kakaov\u00f5i, piimapulber, emulgaator (sojaletsitiin), maitseaine), gl\u00fctserool, isomalto-oligosahhariid, kollageenipeptiidid, vesi, mandel, palmirasv, sojakr\u00f5psud (sojavalk, kakaopulber, tapiokit\u00e4rklis), kakaopulber, piima\u0161okolaad (magusaine (maltitool), kakaov\u00f5i, piimapulber, kakaomass, emulgaator (sojaletsitiin), maitseaine), maitseained, sool, magusained (sukraloos, atsesulfaam K).<\/p>\n<p><strong>Koostisosad (\u0161okolaadi-p\u00e4hkli)<\/strong>: piimaproteiin, gl\u00fctserool, magustaja (maltitool), kollageenipeptiidid, isomalto-oligosahhariid, sarapuup\u00e4hklid (7,5%), vesi, kakaov\u00f5i, piimapulber, kakaomass, palmirasv, kakaopulber, maitseained, emulgaator (sojaletsitiin), magustajad (sukraloos, atsesulfaam K).<\/p>\n<p><strong>Koostisosad (Karamelli ja India p\u00e4hkli)<\/strong>: piimaproteiin, piima\u0161okolaad (18,5%) (Magusaine: maltitool, kookosv\u00f5i, t\u00e4ispiima pulber, kakaomass, emulgaator sojaletsitiin),gl\u00fctseriin, isomalto-oligosahhariid, kollageeni h\u00fcdrol\u00fcsaat, kookoshelbed (6%), vesi, india p\u00e4hklid (5,5%), valge \u0161okolaad (4,5%), p\u00e4hkli\u00f5li pasta, palmirasv, v\u00e4hendatud rasvasisaldusega kakaopulber, maitseained, magusained: sukraloos, atsesulfaam K.<\/p>\n<p><strong>Koostisosad (soolap\u00e4hkli)<\/strong>: piimaproteiin, piima\u0161okolaad (Magusaine:\u00a0 (maltitool), kakaov\u00f5i, piimapulber, kakaomass, emulgaator (sojaletsitiin), maitseaine), gl\u00fctserool, isomalto-oligosahhariid, kollageenipeptiidid, maap\u00e4hklid (4%), valge \u0161okolaad (magustaja (maltitool), kakaov\u00f5i, piimapulber, kakaomass, emulgaator (sojaletsitiin), maitseaine), sojakr\u00f5psud (sojavalk, kakaopulber, tapiokit\u00e4rklis), palmi\u00f5li, maap\u00e4hklipasta (1,3%), kakaopulber, maitseained, sool, magusained (sukraloos, atsesulfaam K).<\/p>\n<p>&nbsp;<\/p>\n<p><strong>100g kohta informatsioon*:<\/strong><\/p>\n<table class=\"attribute\">\n<tbody>\n<tr>\n<td>kcal<\/td>\n<td>364<\/td>\n<\/tr>\n<tr>\n<td>KJ<\/td>\n<td>1519<\/td>\n<\/tr>\n<tr>\n<td>Valk (g)<\/td>\n<td>36<\/td>\n<\/tr>\n<tr>\n<td>S\u00fcsivesikud<\/td>\n<td>27<\/td>\n<\/tr>\n<tr>\n<td>Millest suhkruid(g)<\/td>\n<td>2,8<\/td>\n<\/tr>\n<tr>\n<td>Rasva(g)<\/td>\n<td>15<\/td>\n<\/tr>\n<tr>\n<td>Millest k\u00fcllastunud rasvhappeid(g)<\/td>\n<td>8<\/td>\n<\/tr>\n<tr>\n<td>Kiudaineid(g)<\/td>\n<td>7,1<\/td>\n<\/tr>\n<tr>\n<td>Sool(g)<\/td>\n<td>0,46<\/td>\n<\/tr>\n<\/tbody>\n<\/table>\n<p>*Toodud on soolap\u00e4hkli maitse informatsioon, kui on soov saada informatsiooni teiste maitsete toitev\u00e4\u00e4rtuse kohta, siis palun kirjutage: info@fit360.ee<\/p>\n","protected":false},"excerpt":{"rendered":"<h2><strong>BAREBELLS proteiinibatoon<\/strong>:<\/h2>\n<ul>\n<li>36% valku<\/li>\n<li>Imemaitsev<\/li>\n<li>Pole lisatud suhkruid<\/li>\n<\/ul>\n","protected":false},"featured_media":86412,"comment_status":"open","ping_status":"closed","template":"","meta":[],"product_brand":[],"product_cat":[1559,534],"product_tag":[],"giftcard-category":[],"class_list":{"0":"post-28815","1":"product","2":"type-product","3":"status-publish","4":"has-post-thumbnail","6":"product_cat-barebells-en","7":"product_cat-protein-bars-and-snacks","8":"pa_maitse-cream-cookie","9":"pa_maitse-creamy-crisp-en","10":"pa_maitse-karamelli-india-pahkli-en","11":"pa_maitse-peppermint-bark","12":"pa_maitse-soft-bar-caramel-choco-en","13":"pa_maitse-soft-bar-chokladboll-en","14":"pa_maitse-soft-bar-coco-choco-en","15":"pa_maitse-soft-bar-lemon-cheesecake-en","16":"pa_maitse-soft-bar-peanut-caramel-en","17":"pa_maitse-soft-bar-peanut-cloud","18":"pa_maitse-soola-pahkli-en","19":"pa_maitse-valge-sokolaadi-mandli-en","21":"first","22":"instock","23":"sale","24":"taxable","25":"shipping-taxable","26":"purchasable","27":"product-type-variable"},"yoast_head":"<!-- This site is optimized with the Yoast SEO plugin v27.3 - https:\/\/yoast.com\/product\/yoast-seo-wordpress\/ -->\n<title>Barebells proteiinibatoon (55g) - Imeline maitse - Valgubatoon - Kiire tarne<\/title>\n<meta name=\"description\" content=\"Barebells proteiinibatoonid sisaldavad 36% valku ning maitsevad sama h\u00e4sti, kui tavaline \u0161okolaad. Palju erinevaid maitseid.\" \/>\n<meta name=\"robots\" content=\"index, follow, max-snippet:-1, max-image-preview:large, max-video-preview:-1\" \/>\n<link rel=\"canonical\" href=\"https:\/\/fit360.ee\/en\/pood\/product-groups\/protein-bars-and-snacks\/barebells-proteiinibatoon-55g\/\" \/>\n<meta property=\"og:locale\" content=\"en_US\" \/>\n<meta property=\"og:type\" content=\"article\" \/>\n<meta property=\"og:title\" content=\"Barebells proteiinibatoon (55g) - Imeline maitse - Valgubatoon - Kiire tarne\" \/>\n<meta property=\"og:description\" content=\"Barebells proteiinibatoonid sisaldavad 36% valku ning maitsevad sama h\u00e4sti, kui tavaline \u0161okolaad. Palju erinevaid maitseid.\" \/>\n<meta property=\"og:url\" content=\"https:\/\/fit360.ee\/en\/pood\/product-groups\/protein-bars-and-snacks\/barebells-proteiinibatoon-55g\/\" \/>\n<meta property=\"og:site_name\" content=\"Fit360\" \/>\n<meta property=\"article:modified_time\" content=\"2026-04-09T15:13:02+00:00\" \/>\n<meta property=\"og:image\" content=\"https:\/\/fit360.ee\/wp-content\/uploads\/2019\/12\/barebells-soft-bar-fit360.ee_.jpg\" \/>\n\t<meta property=\"og:image:width\" content=\"800\" \/>\n\t<meta property=\"og:image:height\" content=\"800\" \/>\n\t<meta property=\"og:image:type\" content=\"image\/jpeg\" \/>\n<meta name=\"twitter:card\" content=\"summary_large_image\" \/>\n<meta name=\"twitter:label1\" content=\"Est. reading time\" \/>\n\t<meta name=\"twitter:data1\" content=\"2 minutes\" \/>\n<script type=\"application\/ld+json\" class=\"yoast-schema-graph\">{\"@context\":\"https:\\\/\\\/schema.org\",\"@graph\":[{\"@type\":\"WebPage\",\"@id\":\"https:\\\/\\\/fit360.ee\\\/en\\\/pood\\\/product-groups\\\/protein-bars-and-snacks\\\/barebells-proteiinibatoon-55g\\\/\",\"url\":\"https:\\\/\\\/fit360.ee\\\/en\\\/pood\\\/product-groups\\\/protein-bars-and-snacks\\\/barebells-proteiinibatoon-55g\\\/\",\"name\":\"Barebells proteiinibatoon (55g) - Imeline maitse - Valgubatoon - Kiire tarne\",\"isPartOf\":{\"@id\":\"https:\\\/\\\/fit360.ee\\\/en\\\/#website\"},\"primaryImageOfPage\":{\"@id\":\"https:\\\/\\\/fit360.ee\\\/en\\\/pood\\\/product-groups\\\/protein-bars-and-snacks\\\/barebells-proteiinibatoon-55g\\\/#primaryimage\"},\"image\":{\"@id\":\"https:\\\/\\\/fit360.ee\\\/en\\\/pood\\\/product-groups\\\/protein-bars-and-snacks\\\/barebells-proteiinibatoon-55g\\\/#primaryimage\"},\"thumbnailUrl\":\"https:\\\/\\\/fit360.ee\\\/wp-content\\\/uploads\\\/2019\\\/12\\\/barebells-soft-bar-fit360.ee_.jpg\",\"datePublished\":\"2019-12-16T15:54:55+00:00\",\"dateModified\":\"2026-04-09T15:13:02+00:00\",\"description\":\"Barebells proteiinibatoonid sisaldavad 36% valku ning maitsevad sama h\u00e4sti, kui tavaline \u0161okolaad. Palju erinevaid maitseid.\",\"breadcrumb\":{\"@id\":\"https:\\\/\\\/fit360.ee\\\/en\\\/pood\\\/product-groups\\\/protein-bars-and-snacks\\\/barebells-proteiinibatoon-55g\\\/#breadcrumb\"},\"inLanguage\":\"en-US\",\"potentialAction\":[{\"@type\":\"ReadAction\",\"target\":[\"https:\\\/\\\/fit360.ee\\\/en\\\/pood\\\/product-groups\\\/protein-bars-and-snacks\\\/barebells-proteiinibatoon-55g\\\/\"]}]},{\"@type\":\"ImageObject\",\"inLanguage\":\"en-US\",\"@id\":\"https:\\\/\\\/fit360.ee\\\/en\\\/pood\\\/product-groups\\\/protein-bars-and-snacks\\\/barebells-proteiinibatoon-55g\\\/#primaryimage\",\"url\":\"https:\\\/\\\/fit360.ee\\\/wp-content\\\/uploads\\\/2019\\\/12\\\/barebells-soft-bar-fit360.ee_.jpg\",\"contentUrl\":\"https:\\\/\\\/fit360.ee\\\/wp-content\\\/uploads\\\/2019\\\/12\\\/barebells-soft-bar-fit360.ee_.jpg\",\"width\":800,\"height\":800,\"caption\":\"barebells soft bar - fit360.ee\"},{\"@type\":\"BreadcrumbList\",\"@id\":\"https:\\\/\\\/fit360.ee\\\/en\\\/pood\\\/product-groups\\\/protein-bars-and-snacks\\\/barebells-proteiinibatoon-55g\\\/#breadcrumb\",\"itemListElement\":[{\"@type\":\"ListItem\",\"position\":1,\"name\":\"Home\",\"item\":\"https:\\\/\\\/fit360.ee\\\/en\\\/\"},{\"@type\":\"ListItem\",\"position\":2,\"name\":\"Shop\",\"item\":\"https:\\\/\\\/fit360.ee\\\/en\\\/shop\\\/\"},{\"@type\":\"ListItem\",\"position\":3,\"name\":\"Barebells proteiinibatoon (55g)\"}]},{\"@type\":\"WebSite\",\"@id\":\"https:\\\/\\\/fit360.ee\\\/en\\\/#website\",\"url\":\"https:\\\/\\\/fit360.ee\\\/en\\\/\",\"name\":\"Fit360\",\"description\":\"\",\"publisher\":{\"@id\":\"https:\\\/\\\/fit360.ee\\\/en\\\/#organization\"},\"potentialAction\":[{\"@type\":\"SearchAction\",\"target\":{\"@type\":\"EntryPoint\",\"urlTemplate\":\"https:\\\/\\\/fit360.ee\\\/en\\\/?s={search_term_string}\"},\"query-input\":{\"@type\":\"PropertyValueSpecification\",\"valueRequired\":true,\"valueName\":\"search_term_string\"}}],\"inLanguage\":\"en-US\"},{\"@type\":\"Organization\",\"@id\":\"https:\\\/\\\/fit360.ee\\\/en\\\/#organization\",\"name\":\"Fit360\",\"url\":\"https:\\\/\\\/fit360.ee\\\/en\\\/\",\"logo\":{\"@type\":\"ImageObject\",\"inLanguage\":\"en-US\",\"@id\":\"https:\\\/\\\/fit360.ee\\\/en\\\/#\\\/schema\\\/logo\\\/image\\\/\",\"url\":\"https:\\\/\\\/fit360.ee\\\/wp-content\\\/uploads\\\/2017\\\/01\\\/logo-fit360.png\",\"contentUrl\":\"https:\\\/\\\/fit360.ee\\\/wp-content\\\/uploads\\\/2017\\\/01\\\/logo-fit360.png\",\"width\":180,\"height\":66,\"caption\":\"Fit360\"},\"image\":{\"@id\":\"https:\\\/\\\/fit360.ee\\\/en\\\/#\\\/schema\\\/logo\\\/image\\\/\"}}]}<\/script>\n<!-- \/ Yoast SEO plugin. -->","yoast_head_json":{"title":"Barebells proteiinibatoon (55g) - Imeline maitse - Valgubatoon - Kiire tarne","description":"Barebells proteiinibatoonid sisaldavad 36% valku ning maitsevad sama h\u00e4sti, kui tavaline \u0161okolaad. Palju erinevaid maitseid.","robots":{"index":"index","follow":"follow","max-snippet":"max-snippet:-1","max-image-preview":"max-image-preview:large","max-video-preview":"max-video-preview:-1"},"canonical":"https:\/\/fit360.ee\/en\/pood\/product-groups\/protein-bars-and-snacks\/barebells-proteiinibatoon-55g\/","og_locale":"en_US","og_type":"article","og_title":"Barebells proteiinibatoon (55g) - Imeline maitse - Valgubatoon - Kiire tarne","og_description":"Barebells proteiinibatoonid sisaldavad 36% valku ning maitsevad sama h\u00e4sti, kui tavaline \u0161okolaad. Palju erinevaid maitseid.","og_url":"https:\/\/fit360.ee\/en\/pood\/product-groups\/protein-bars-and-snacks\/barebells-proteiinibatoon-55g\/","og_site_name":"Fit360","article_modified_time":"2026-04-09T15:13:02+00:00","og_image":[{"width":800,"height":800,"url":"https:\/\/fit360.ee\/wp-content\/uploads\/2019\/12\/barebells-soft-bar-fit360.ee_.jpg","type":"image\/jpeg"}],"twitter_card":"summary_large_image","twitter_misc":{"Est. reading time":"2 minutes"},"schema":{"@context":"https:\/\/schema.org","@graph":[{"@type":"WebPage","@id":"https:\/\/fit360.ee\/en\/pood\/product-groups\/protein-bars-and-snacks\/barebells-proteiinibatoon-55g\/","url":"https:\/\/fit360.ee\/en\/pood\/product-groups\/protein-bars-and-snacks\/barebells-proteiinibatoon-55g\/","name":"Barebells proteiinibatoon (55g) - Imeline maitse - Valgubatoon - Kiire tarne","isPartOf":{"@id":"https:\/\/fit360.ee\/en\/#website"},"primaryImageOfPage":{"@id":"https:\/\/fit360.ee\/en\/pood\/product-groups\/protein-bars-and-snacks\/barebells-proteiinibatoon-55g\/#primaryimage"},"image":{"@id":"https:\/\/fit360.ee\/en\/pood\/product-groups\/protein-bars-and-snacks\/barebells-proteiinibatoon-55g\/#primaryimage"},"thumbnailUrl":"https:\/\/fit360.ee\/wp-content\/uploads\/2019\/12\/barebells-soft-bar-fit360.ee_.jpg","datePublished":"2019-12-16T15:54:55+00:00","dateModified":"2026-04-09T15:13:02+00:00","description":"Barebells proteiinibatoonid sisaldavad 36% valku ning maitsevad sama h\u00e4sti, kui tavaline \u0161okolaad. Palju erinevaid maitseid.","breadcrumb":{"@id":"https:\/\/fit360.ee\/en\/pood\/product-groups\/protein-bars-and-snacks\/barebells-proteiinibatoon-55g\/#breadcrumb"},"inLanguage":"en-US","potentialAction":[{"@type":"ReadAction","target":["https:\/\/fit360.ee\/en\/pood\/product-groups\/protein-bars-and-snacks\/barebells-proteiinibatoon-55g\/"]}]},{"@type":"ImageObject","inLanguage":"en-US","@id":"https:\/\/fit360.ee\/en\/pood\/product-groups\/protein-bars-and-snacks\/barebells-proteiinibatoon-55g\/#primaryimage","url":"https:\/\/fit360.ee\/wp-content\/uploads\/2019\/12\/barebells-soft-bar-fit360.ee_.jpg","contentUrl":"https:\/\/fit360.ee\/wp-content\/uploads\/2019\/12\/barebells-soft-bar-fit360.ee_.jpg","width":800,"height":800,"caption":"barebells soft bar - fit360.ee"},{"@type":"BreadcrumbList","@id":"https:\/\/fit360.ee\/en\/pood\/product-groups\/protein-bars-and-snacks\/barebells-proteiinibatoon-55g\/#breadcrumb","itemListElement":[{"@type":"ListItem","position":1,"name":"Home","item":"https:\/\/fit360.ee\/en\/"},{"@type":"ListItem","position":2,"name":"Shop","item":"https:\/\/fit360.ee\/en\/shop\/"},{"@type":"ListItem","position":3,"name":"Barebells proteiinibatoon (55g)"}]},{"@type":"WebSite","@id":"https:\/\/fit360.ee\/en\/#website","url":"https:\/\/fit360.ee\/en\/","name":"Fit360","description":"","publisher":{"@id":"https:\/\/fit360.ee\/en\/#organization"},"potentialAction":[{"@type":"SearchAction","target":{"@type":"EntryPoint","urlTemplate":"https:\/\/fit360.ee\/en\/?s={search_term_string}"},"query-input":{"@type":"PropertyValueSpecification","valueRequired":true,"valueName":"search_term_string"}}],"inLanguage":"en-US"},{"@type":"Organization","@id":"https:\/\/fit360.ee\/en\/#organization","name":"Fit360","url":"https:\/\/fit360.ee\/en\/","logo":{"@type":"ImageObject","inLanguage":"en-US","@id":"https:\/\/fit360.ee\/en\/#\/schema\/logo\/image\/","url":"https:\/\/fit360.ee\/wp-content\/uploads\/2017\/01\/logo-fit360.png","contentUrl":"https:\/\/fit360.ee\/wp-content\/uploads\/2017\/01\/logo-fit360.png","width":180,"height":66,"caption":"Fit360"},"image":{"@id":"https:\/\/fit360.ee\/en\/#\/schema\/logo\/image\/"}}]}},"_links":{"self":[{"href":"https:\/\/fit360.ee\/en\/wp-json\/wp\/v2\/product\/28815","targetHints":{"allow":["GET"]}}],"collection":[{"href":"https:\/\/fit360.ee\/en\/wp-json\/wp\/v2\/product"}],"about":[{"href":"https:\/\/fit360.ee\/en\/wp-json\/wp\/v2\/types\/product"}],"replies":[{"embeddable":true,"href":"https:\/\/fit360.ee\/en\/wp-json\/wp\/v2\/comments?post=28815"}],"wp:featuredmedia":[{"embeddable":true,"href":"https:\/\/fit360.ee\/en\/wp-json\/wp\/v2\/media\/86412"}],"wp:attachment":[{"href":"https:\/\/fit360.ee\/en\/wp-json\/wp\/v2\/media?parent=28815"}],"wp:term":[{"taxonomy":"product_brand","embeddable":true,"href":"https:\/\/fit360.ee\/en\/wp-json\/wp\/v2\/product_brand?post=28815"},{"taxonomy":"product_cat","embeddable":true,"href":"https:\/\/fit360.ee\/en\/wp-json\/wp\/v2\/product_cat?post=28815"},{"taxonomy":"product_tag","embeddable":true,"href":"https:\/\/fit360.ee\/en\/wp-json\/wp\/v2\/product_tag?post=28815"},{"taxonomy":"giftcard-category","embeddable":true,"href":"https:\/\/fit360.ee\/en\/wp-json\/wp\/v2\/giftcard-category?post=28815"}],"curies":[{"name":"wp","href":"https:\/\/api.w.org\/{rel}","templated":true}]}}