{"id":29161,"date":"2019-12-23T17:30:05","date_gmt":"2019-12-23T15:30:05","guid":{"rendered":"https:\/\/fit360.ee\/pood\/uncategorized\/magneesiumihelbed-vannideks-1000g\/"},"modified":"2026-04-10T16:41:24","modified_gmt":"2026-04-10T14:41:24","slug":"magneesiumihelbed-vannideks-1000g","status":"publish","type":"product","link":"https:\/\/fit360.ee\/en\/pood\/product-groups\/superfoods-health-foods-en\/magnesium-flakes-en\/magneesiumihelbed-vannideks-1000g\/","title":{"rendered":"Magneesiumihelbed Vannideks (1000g)"},"content":{"rendered":"<h1>Magneesiumihelbed<\/h1>\n<p><strong>ICONFIT Magneesiumihelbed<\/strong>\u00a0on eriti peenel ja h\u00e4stilahustuval kujul parimaks magneesiumiallikaks Sinu kehale. Magneesium imendub eriti h\u00e4sti meie organismi l\u00e4bi naha ja seet\u00f5ttu on lihtsaim moodus selle tarbimiseks teha jalavanne v\u00f5i lisada helbeid \u00fclekeha vannivette.<\/p>\n<p>Magneesium on meile h\u00e4davajalik ning seda sisaldavad eriti meie lihased ja ka veresooned. Tavatoidust seda piisavalt saada v\u00f5ib olla vahest raske ja v\u00f5ib tekkida levinud magneesiumipuudulikkus. See v\u00f5ib v\u00e4ljenduda lihaspingete, krampide, halva une ja stressi l\u00e4bi.<\/p>\n<p>Pikka aega on Eestis magneesiumihelbed olnud populaarsed kuid samas k\u00f5rge hinnaga. T\u00e4nu meie suurele kliendibaasile ja m\u00fc\u00fcgimahtudele saame pakkuda otse Euroopa p\u00e4ritolu helbeid ligi poole soodsamalt kui neid siiani Eestis m\u00fc\u00fcdud on. Lisaks on meie magneesium peenemal kujul mist\u00f5ttu on see kiirema lahustuvusega kui suured t\u00fckid.<\/p>\n<p><strong>Kvaliteedi garantii<\/strong><\/p>\n<p>ICONFIT Magneesiumihelbed on k\u00f5rgeima kvaliteediklassiga, Euroopa p\u00e4ritolu ning 47% magneesiumkloriidi sisaldusega. Meie toote kvaliteeti ja puhtust on lisaks kontrollitud laborianal\u00fc\u00fcsidega mis on t\u00f5estanud, et toode vastab isegi k\u00f5rgetele Euroopa toiduohutuse n\u00f5uetele. Meie toode on garanteeritult puhas ning selles ei ole mingeid liigseid raskemetalle nagu v\u00f5ib olla m\u00f5nes teadmata p\u00e4ritoluga magneesiumihelvestes.<\/p>\n<p><a href=\"https:\/\/iconfit.eu\/wp-content\/uploads\/2019\/11\/magnesiumflakes-in.jpg\" data-caption=\"\"><img loading=\"lazy\" decoding=\"async\" class=\"alignleft wp-image-34581 size-full\" src=\"https:\/\/iconfit.eu\/wp-content\/uploads\/2019\/11\/magnesiumflakes-in.jpg\" sizes=\"auto, (max-width: 665px) 100vw, 665px\" srcset=\"https:\/\/iconfit.eu\/wp-content\/uploads\/2019\/11\/magnesiumflakes-in-200x64.jpg 200w, https:\/\/iconfit.eu\/wp-content\/uploads\/2019\/11\/magnesiumflakes-in-300x96.jpg 300w, https:\/\/iconfit.eu\/wp-content\/uploads\/2019\/11\/magnesiumflakes-in-400x128.jpg 400w, https:\/\/iconfit.eu\/wp-content\/uploads\/2019\/11\/magnesiumflakes-in-500x160.jpg 500w, https:\/\/iconfit.eu\/wp-content\/uploads\/2019\/11\/magnesiumflakes-in-600x192.jpg 600w, https:\/\/iconfit.eu\/wp-content\/uploads\/2019\/11\/magnesiumflakes-in.jpg 665w\" alt=\"magneesiumihelbed jalavannideks - fit360.ee\" width=\"665\" height=\"213\" \/><\/a><\/p>\n<p>&nbsp;<\/p>\n<p>&nbsp;<\/p>\n<p>&nbsp;<\/p>\n<p>&nbsp;<\/p>\n<p>&nbsp;<\/p>\n<p>&nbsp;<\/p>\n<p>&nbsp;<\/p>\n<p><b>Kasutamine<\/b><br \/>\nJalavanni jaoks 4 liitri vee kohta u 150g helbeid sooja (kuid mitte tulisesse) vette segada ning hoida jalgu vannis u. 20min. \u00dclekeha vanni korral sega vannivette 500g-1000g helbeid ning ole vannis u. 20 minutit. \u00dclekeha-vanne v\u00f5ib teha maksimaalselt 1 kord p\u00e4evas. Nii jala- kui \u00fclekeha vanne v\u00f5ib teha kokku 4-7 korda n\u00e4dalas.<\/p>\n<p><b>Hoiatus<\/b><br \/>\nMitte kasutada neerupuudulikkuse, soolte ummistuse, Myasthenia gravis\u00b4e (n\u00e4rvi-lihasn\u00f5rkuse haiguse) ja v\u00e4ga aeglase pulsi korral. Mitte s\u00f6\u00f6miseks! Kasutada vaid v\u00e4lispidiselt vannidena.<\/p>\n<p>Soovid teha suuremat tellimust? Vaata antud toodet meie HULGI lehelt\u00a0<a href=\"https:\/\/toidulisandidhulgi.ee\/product\/magneesiumihelbed-vannideks-1000g\/\"><strong>SIIT<\/strong><\/a>!<\/p>\n","protected":false},"excerpt":{"rendered":"<h2><strong>ICONFIT Magneesiumihelbed:<\/strong><\/h2>\n<p>on parim moodus saada magneesiumi kuna l\u00e4bi naha omandab keha seda k\u00f5ige paremimi. Meie magneesiumihelbed on Euroopa p\u00e4ritolu ja <strong>garanteeritult puhtaima kvaliteediklassiga.\u00a0<\/strong><\/p>\n<ul class=\"fusion-checklist fusion-checklist-1\">\n<li class=\"fusion-li-item\"><i class=\"fusion-li-icon fa fa-check\"><\/i>\n<div class=\"fusion-li-item-content\"><strong>Eesti parima hinnaga ning k\u00f5rgeima kvaliteediklassiga magneesiumihelbed<\/strong>. Enam ei pea Sa maksma mujal ligi 2x rohkem.<\/div>\n<\/li>\n<li class=\"fusion-li-item\">\n<div class=\"fusion-li-item-content\">Aitab leevendada magneesiumipuudust mis v\u00f5ib muidu p\u00f5hjustada lihaskrampe, stressi ja unetust.<\/div>\n<\/li>\n<li class=\"fusion-li-item\">\n<div class=\"fusion-li-item-content\">Peenemad t\u00fckid mis tagavad kiirema lahustuvuse vees v\u00f5rreldes suurte helvestega. Sobib h\u00e4sti nii jalavannideks (u 200g helbeid) kui ka \u00fclekeha vannideks (500g-1000g).<\/div>\n<\/li>\n<li class=\"fusion-li-item\">\n<div class=\"fusion-li-item-content\">Kasuta sobivalt sooja vett (37C-41C) ning mitte liiga tulist.<\/div>\n<p>&nbsp;<\/li>\n<\/ul>\n<p>&nbsp;<\/p>\n","protected":false},"featured_media":29156,"comment_status":"open","ping_status":"closed","template":"","meta":[],"product_brand":[],"product_cat":[1318,527,1915,2396,1454,536],"product_tag":[1681,2139],"giftcard-category":[],"class_list":{"0":"post-29161","1":"product","2":"type-product","3":"status-publish","4":"has-post-thumbnail","6":"product_cat-iconfit-en","7":"product_cat-joint-support-en","8":"product_cat-magnesium-en","9":"product_cat-magnesium-flakes-en","10":"product_cat-superfoods-health-foods-en","11":"product_cat-vitamins-and-minerals-en","12":"product_tag-iconfit-en","13":"product_tag-magneesiumihelbed-en","14":"pa_toidulisand-branddd-iconfit","15":"pa_tootegruppp-for-joints","16":"pa_tootegruppp-magneesium-en","17":"pa_tootegruppp-magneesiumihelbed-en","18":"pa_tootegruppp-supertoit-tervisetoit-en","19":"pa_tootegruppp-vitamins-and-minerals","21":"first","22":"instock","23":"sale","24":"taxable","25":"shipping-taxable","26":"purchasable","27":"product-type-simple"},"yoast_head":"<!-- This site is optimized with the Yoast SEO plugin v27.3 - https:\/\/yoast.com\/product\/yoast-seo-wordpress\/ -->\n<title>Magneesiumihelbed Vannideks (1000g) - Parim hind 4,89\u20ac\/kg - Kiire tarne -<\/title>\n<meta name=\"description\" content=\"Magneesiumihelbed\u00a0on eriti peenel ja h\u00e4stilahustuval kujul parimaks magneesiumiallikaks Sinu kehale. Aitab leevendada magneesiumipuudust.\" \/>\n<meta name=\"robots\" content=\"index, follow, max-snippet:-1, max-image-preview:large, max-video-preview:-1\" \/>\n<link rel=\"canonical\" href=\"https:\/\/fit360.ee\/en\/pood\/product-groups\/superfoods-health-foods-en\/magnesium-flakes-en\/magneesiumihelbed-vannideks-1000g\/\" \/>\n<meta property=\"og:locale\" content=\"en_US\" \/>\n<meta property=\"og:type\" content=\"article\" \/>\n<meta property=\"og:title\" content=\"Magneesiumihelbed Vannideks (1000g) - Parim hind 4,89\u20ac\/kg - Kiire tarne -\" \/>\n<meta property=\"og:description\" content=\"Magneesiumihelbed\u00a0on eriti peenel ja h\u00e4stilahustuval kujul parimaks magneesiumiallikaks Sinu kehale. Aitab leevendada magneesiumipuudust.\" \/>\n<meta property=\"og:url\" content=\"https:\/\/fit360.ee\/en\/pood\/product-groups\/superfoods-health-foods-en\/magnesium-flakes-en\/magneesiumihelbed-vannideks-1000g\/\" \/>\n<meta property=\"og:site_name\" content=\"Fit360\" \/>\n<meta property=\"article:modified_time\" content=\"2026-04-10T14:41:24+00:00\" \/>\n<meta property=\"og:image\" content=\"https:\/\/fit360.ee\/wp-content\/uploads\/2019\/12\/magnesium-flakes-1000.jpg\" \/>\n\t<meta property=\"og:image:width\" content=\"1000\" \/>\n\t<meta property=\"og:image:height\" content=\"1000\" \/>\n\t<meta property=\"og:image:type\" content=\"image\/jpeg\" \/>\n<meta name=\"twitter:card\" content=\"summary_large_image\" \/>\n<meta name=\"twitter:label1\" content=\"Est. reading time\" \/>\n\t<meta name=\"twitter:data1\" content=\"2 minutes\" \/>\n<script type=\"application\/ld+json\" class=\"yoast-schema-graph\">{\"@context\":\"https:\\\/\\\/schema.org\",\"@graph\":[{\"@type\":\"WebPage\",\"@id\":\"https:\\\/\\\/fit360.ee\\\/en\\\/pood\\\/product-groups\\\/superfoods-health-foods-en\\\/magnesium-flakes-en\\\/magneesiumihelbed-vannideks-1000g\\\/\",\"url\":\"https:\\\/\\\/fit360.ee\\\/en\\\/pood\\\/product-groups\\\/superfoods-health-foods-en\\\/magnesium-flakes-en\\\/magneesiumihelbed-vannideks-1000g\\\/\",\"name\":\"Magneesiumihelbed Vannideks (1000g) - Parim hind 4,89\u20ac\\\/kg - Kiire tarne -\",\"isPartOf\":{\"@id\":\"https:\\\/\\\/fit360.ee\\\/en\\\/#website\"},\"primaryImageOfPage\":{\"@id\":\"https:\\\/\\\/fit360.ee\\\/en\\\/pood\\\/product-groups\\\/superfoods-health-foods-en\\\/magnesium-flakes-en\\\/magneesiumihelbed-vannideks-1000g\\\/#primaryimage\"},\"image\":{\"@id\":\"https:\\\/\\\/fit360.ee\\\/en\\\/pood\\\/product-groups\\\/superfoods-health-foods-en\\\/magnesium-flakes-en\\\/magneesiumihelbed-vannideks-1000g\\\/#primaryimage\"},\"thumbnailUrl\":\"https:\\\/\\\/fit360.ee\\\/wp-content\\\/uploads\\\/2019\\\/12\\\/magnesium-flakes-1000.jpg\",\"datePublished\":\"2019-12-23T15:30:05+00:00\",\"dateModified\":\"2026-04-10T14:41:24+00:00\",\"description\":\"Magneesiumihelbed\u00a0on eriti peenel ja h\u00e4stilahustuval kujul parimaks magneesiumiallikaks Sinu kehale. Aitab leevendada magneesiumipuudust.\",\"breadcrumb\":{\"@id\":\"https:\\\/\\\/fit360.ee\\\/en\\\/pood\\\/product-groups\\\/superfoods-health-foods-en\\\/magnesium-flakes-en\\\/magneesiumihelbed-vannideks-1000g\\\/#breadcrumb\"},\"inLanguage\":\"en-US\",\"potentialAction\":[{\"@type\":\"ReadAction\",\"target\":[\"https:\\\/\\\/fit360.ee\\\/en\\\/pood\\\/product-groups\\\/superfoods-health-foods-en\\\/magnesium-flakes-en\\\/magneesiumihelbed-vannideks-1000g\\\/\"]}]},{\"@type\":\"ImageObject\",\"inLanguage\":\"en-US\",\"@id\":\"https:\\\/\\\/fit360.ee\\\/en\\\/pood\\\/product-groups\\\/superfoods-health-foods-en\\\/magnesium-flakes-en\\\/magneesiumihelbed-vannideks-1000g\\\/#primaryimage\",\"url\":\"https:\\\/\\\/fit360.ee\\\/wp-content\\\/uploads\\\/2019\\\/12\\\/magnesium-flakes-1000.jpg\",\"contentUrl\":\"https:\\\/\\\/fit360.ee\\\/wp-content\\\/uploads\\\/2019\\\/12\\\/magnesium-flakes-1000.jpg\",\"width\":1000,\"height\":1000,\"caption\":\"magneesiumihelbed jalavannideks - fit360.ee\"},{\"@type\":\"BreadcrumbList\",\"@id\":\"https:\\\/\\\/fit360.ee\\\/en\\\/pood\\\/product-groups\\\/superfoods-health-foods-en\\\/magnesium-flakes-en\\\/magneesiumihelbed-vannideks-1000g\\\/#breadcrumb\",\"itemListElement\":[{\"@type\":\"ListItem\",\"position\":1,\"name\":\"Home\",\"item\":\"https:\\\/\\\/fit360.ee\\\/en\\\/\"},{\"@type\":\"ListItem\",\"position\":2,\"name\":\"Shop\",\"item\":\"https:\\\/\\\/fit360.ee\\\/en\\\/shop\\\/\"},{\"@type\":\"ListItem\",\"position\":3,\"name\":\"Magneesiumihelbed Vannideks (1000g)\"}]},{\"@type\":\"WebSite\",\"@id\":\"https:\\\/\\\/fit360.ee\\\/en\\\/#website\",\"url\":\"https:\\\/\\\/fit360.ee\\\/en\\\/\",\"name\":\"Fit360\",\"description\":\"\",\"publisher\":{\"@id\":\"https:\\\/\\\/fit360.ee\\\/en\\\/#organization\"},\"potentialAction\":[{\"@type\":\"SearchAction\",\"target\":{\"@type\":\"EntryPoint\",\"urlTemplate\":\"https:\\\/\\\/fit360.ee\\\/en\\\/?s={search_term_string}\"},\"query-input\":{\"@type\":\"PropertyValueSpecification\",\"valueRequired\":true,\"valueName\":\"search_term_string\"}}],\"inLanguage\":\"en-US\"},{\"@type\":\"Organization\",\"@id\":\"https:\\\/\\\/fit360.ee\\\/en\\\/#organization\",\"name\":\"Fit360\",\"url\":\"https:\\\/\\\/fit360.ee\\\/en\\\/\",\"logo\":{\"@type\":\"ImageObject\",\"inLanguage\":\"en-US\",\"@id\":\"https:\\\/\\\/fit360.ee\\\/en\\\/#\\\/schema\\\/logo\\\/image\\\/\",\"url\":\"https:\\\/\\\/fit360.ee\\\/wp-content\\\/uploads\\\/2017\\\/01\\\/logo-fit360.png\",\"contentUrl\":\"https:\\\/\\\/fit360.ee\\\/wp-content\\\/uploads\\\/2017\\\/01\\\/logo-fit360.png\",\"width\":180,\"height\":66,\"caption\":\"Fit360\"},\"image\":{\"@id\":\"https:\\\/\\\/fit360.ee\\\/en\\\/#\\\/schema\\\/logo\\\/image\\\/\"}}]}<\/script>\n<!-- \/ Yoast SEO plugin. -->","yoast_head_json":{"title":"Magneesiumihelbed Vannideks (1000g) - Parim hind 4,89\u20ac\/kg - Kiire tarne -","description":"Magneesiumihelbed\u00a0on eriti peenel ja h\u00e4stilahustuval kujul parimaks magneesiumiallikaks Sinu kehale. Aitab leevendada magneesiumipuudust.","robots":{"index":"index","follow":"follow","max-snippet":"max-snippet:-1","max-image-preview":"max-image-preview:large","max-video-preview":"max-video-preview:-1"},"canonical":"https:\/\/fit360.ee\/en\/pood\/product-groups\/superfoods-health-foods-en\/magnesium-flakes-en\/magneesiumihelbed-vannideks-1000g\/","og_locale":"en_US","og_type":"article","og_title":"Magneesiumihelbed Vannideks (1000g) - Parim hind 4,89\u20ac\/kg - Kiire tarne -","og_description":"Magneesiumihelbed\u00a0on eriti peenel ja h\u00e4stilahustuval kujul parimaks magneesiumiallikaks Sinu kehale. Aitab leevendada magneesiumipuudust.","og_url":"https:\/\/fit360.ee\/en\/pood\/product-groups\/superfoods-health-foods-en\/magnesium-flakes-en\/magneesiumihelbed-vannideks-1000g\/","og_site_name":"Fit360","article_modified_time":"2026-04-10T14:41:24+00:00","og_image":[{"width":1000,"height":1000,"url":"https:\/\/fit360.ee\/wp-content\/uploads\/2019\/12\/magnesium-flakes-1000.jpg","type":"image\/jpeg"}],"twitter_card":"summary_large_image","twitter_misc":{"Est. reading time":"2 minutes"},"schema":{"@context":"https:\/\/schema.org","@graph":[{"@type":"WebPage","@id":"https:\/\/fit360.ee\/en\/pood\/product-groups\/superfoods-health-foods-en\/magnesium-flakes-en\/magneesiumihelbed-vannideks-1000g\/","url":"https:\/\/fit360.ee\/en\/pood\/product-groups\/superfoods-health-foods-en\/magnesium-flakes-en\/magneesiumihelbed-vannideks-1000g\/","name":"Magneesiumihelbed Vannideks (1000g) - Parim hind 4,89\u20ac\/kg - Kiire tarne -","isPartOf":{"@id":"https:\/\/fit360.ee\/en\/#website"},"primaryImageOfPage":{"@id":"https:\/\/fit360.ee\/en\/pood\/product-groups\/superfoods-health-foods-en\/magnesium-flakes-en\/magneesiumihelbed-vannideks-1000g\/#primaryimage"},"image":{"@id":"https:\/\/fit360.ee\/en\/pood\/product-groups\/superfoods-health-foods-en\/magnesium-flakes-en\/magneesiumihelbed-vannideks-1000g\/#primaryimage"},"thumbnailUrl":"https:\/\/fit360.ee\/wp-content\/uploads\/2019\/12\/magnesium-flakes-1000.jpg","datePublished":"2019-12-23T15:30:05+00:00","dateModified":"2026-04-10T14:41:24+00:00","description":"Magneesiumihelbed\u00a0on eriti peenel ja h\u00e4stilahustuval kujul parimaks magneesiumiallikaks Sinu kehale. Aitab leevendada magneesiumipuudust.","breadcrumb":{"@id":"https:\/\/fit360.ee\/en\/pood\/product-groups\/superfoods-health-foods-en\/magnesium-flakes-en\/magneesiumihelbed-vannideks-1000g\/#breadcrumb"},"inLanguage":"en-US","potentialAction":[{"@type":"ReadAction","target":["https:\/\/fit360.ee\/en\/pood\/product-groups\/superfoods-health-foods-en\/magnesium-flakes-en\/magneesiumihelbed-vannideks-1000g\/"]}]},{"@type":"ImageObject","inLanguage":"en-US","@id":"https:\/\/fit360.ee\/en\/pood\/product-groups\/superfoods-health-foods-en\/magnesium-flakes-en\/magneesiumihelbed-vannideks-1000g\/#primaryimage","url":"https:\/\/fit360.ee\/wp-content\/uploads\/2019\/12\/magnesium-flakes-1000.jpg","contentUrl":"https:\/\/fit360.ee\/wp-content\/uploads\/2019\/12\/magnesium-flakes-1000.jpg","width":1000,"height":1000,"caption":"magneesiumihelbed jalavannideks - fit360.ee"},{"@type":"BreadcrumbList","@id":"https:\/\/fit360.ee\/en\/pood\/product-groups\/superfoods-health-foods-en\/magnesium-flakes-en\/magneesiumihelbed-vannideks-1000g\/#breadcrumb","itemListElement":[{"@type":"ListItem","position":1,"name":"Home","item":"https:\/\/fit360.ee\/en\/"},{"@type":"ListItem","position":2,"name":"Shop","item":"https:\/\/fit360.ee\/en\/shop\/"},{"@type":"ListItem","position":3,"name":"Magneesiumihelbed Vannideks (1000g)"}]},{"@type":"WebSite","@id":"https:\/\/fit360.ee\/en\/#website","url":"https:\/\/fit360.ee\/en\/","name":"Fit360","description":"","publisher":{"@id":"https:\/\/fit360.ee\/en\/#organization"},"potentialAction":[{"@type":"SearchAction","target":{"@type":"EntryPoint","urlTemplate":"https:\/\/fit360.ee\/en\/?s={search_term_string}"},"query-input":{"@type":"PropertyValueSpecification","valueRequired":true,"valueName":"search_term_string"}}],"inLanguage":"en-US"},{"@type":"Organization","@id":"https:\/\/fit360.ee\/en\/#organization","name":"Fit360","url":"https:\/\/fit360.ee\/en\/","logo":{"@type":"ImageObject","inLanguage":"en-US","@id":"https:\/\/fit360.ee\/en\/#\/schema\/logo\/image\/","url":"https:\/\/fit360.ee\/wp-content\/uploads\/2017\/01\/logo-fit360.png","contentUrl":"https:\/\/fit360.ee\/wp-content\/uploads\/2017\/01\/logo-fit360.png","width":180,"height":66,"caption":"Fit360"},"image":{"@id":"https:\/\/fit360.ee\/en\/#\/schema\/logo\/image\/"}}]}},"_links":{"self":[{"href":"https:\/\/fit360.ee\/en\/wp-json\/wp\/v2\/product\/29161","targetHints":{"allow":["GET"]}}],"collection":[{"href":"https:\/\/fit360.ee\/en\/wp-json\/wp\/v2\/product"}],"about":[{"href":"https:\/\/fit360.ee\/en\/wp-json\/wp\/v2\/types\/product"}],"replies":[{"embeddable":true,"href":"https:\/\/fit360.ee\/en\/wp-json\/wp\/v2\/comments?post=29161"}],"wp:featuredmedia":[{"embeddable":true,"href":"https:\/\/fit360.ee\/en\/wp-json\/wp\/v2\/media\/29156"}],"wp:attachment":[{"href":"https:\/\/fit360.ee\/en\/wp-json\/wp\/v2\/media?parent=29161"}],"wp:term":[{"taxonomy":"product_brand","embeddable":true,"href":"https:\/\/fit360.ee\/en\/wp-json\/wp\/v2\/product_brand?post=29161"},{"taxonomy":"product_cat","embeddable":true,"href":"https:\/\/fit360.ee\/en\/wp-json\/wp\/v2\/product_cat?post=29161"},{"taxonomy":"product_tag","embeddable":true,"href":"https:\/\/fit360.ee\/en\/wp-json\/wp\/v2\/product_tag?post=29161"},{"taxonomy":"giftcard-category","embeddable":true,"href":"https:\/\/fit360.ee\/en\/wp-json\/wp\/v2\/giftcard-category?post=29161"}],"curies":[{"name":"wp","href":"https:\/\/api.w.org\/{rel}","templated":true}]}}