{"id":30397,"date":"2020-01-15T17:19:53","date_gmt":"2020-01-15T15:19:53","guid":{"rendered":"https:\/\/fit360.ee\/pood\/uncategorized\/overnight-oats-puder-700g\/"},"modified":"2026-03-16T16:50:44","modified_gmt":"2026-03-16T14:50:44","slug":"overnight-oats-puder-1000g","status":"publish","type":"product","link":"https:\/\/fit360.ee\/en\/pood\/product-groups\/superfoods-health-foods-en\/chia-seeds-chia-products-en\/overnight-oats-puder-1000g\/","title":{"rendered":"Overnight Oats Puder (1000g)"},"content":{"rendered":"<p><strong>ICONFIT Overnight Oats on Eestis v\u00e4lja arendatud ja toodetud t\u00e4isv\u00e4\u00e4rtuslik puder, kus on esindatud k\u00f5ik vajalikud makrotoitained<\/strong>. Pudrusegus on lisaks t\u00e4istera kaerahelvestele ka v\u00e4\u00e4rtuslikke rasvhappeid t\u00e4is chia seemned, mineraaliderikas toorkakao ja lausa 10% h\u00fcdrol\u00fc\u00fcsitud kollageeni. Puder on hea valguallikas sisaldades lausa 27,8% valku. Sina lisa vaid piim ja naudi! Sobib tervislikuks hommikus\u00f6\u00f6giks nii tervele perele kui ka sportlastele.<\/p>\n<p><strong>Valmistamine<\/strong><\/p>\n<p><strong>Overnight Oats pudru on lihtne valmistada<\/strong>\u00a0\u2013\u00a0Lisa pudrusegule piim (70g pudru kohta 100g\/ml piima), sega ja pane k\u00fclmikusse. Lase seista \u00fcle\u00f6\u00f6 ja hommikul ootab sind tervislik ja maitsev hommikus\u00f6\u00f6k. Sobib s\u00fc\u00fca k\u00fclmalt v\u00f5i v\u00f5id soojendada mikrolaineahjus. Proovi valmistada ka peti, keefiri, skyri v\u00f5i m\u00f5ne taimse piimaga. Soovi korral lisa pudrule peale v\u00e4rskeid marju v\u00f5i puuvilju.<\/p>\n<p><strong>Koostisosad<\/strong><\/p>\n<p>P\u00f5hiliseks koostisosaks valisime tervislikud t\u00e4istera r\u00f6stitud kaerahelbed, mis sisaldab rohkelt kiudaineid, et k\u00f5ht p\u00fcsiks kaua t\u00e4is. Lisasime sellele kasulikud valgud h\u00fcdrol\u00fc\u00fcsitud kollageenist, vadakuvalgust ja chia seemnetest. Chia annab lisaks ka kasulikke Omega 3 rasvhappeid, vitamiine ja mineraale. Toorkakao aga annab \u0161okolaadise maitse ning rikkalikult antioks\u00fcdante, rauda, magneesiumi ja kaltsiumi.<\/p>\n<p>Overnight Oats ei sisalda grammigi lisatud suhkrut. Magusust aitavad lisada looduslikud er\u00fctritool ja stevia. S\u00fc\u00fces hommikul oma pudruportsjoni saad k\u00e4tte ka p\u00e4evase soovitatava kollageeniportsjoni (100g tootes 10g) mis on \u00e4\u00e4rmiselt kasulik liigestele, nahale, k\u00fc\u00fcntele ja juustele.<\/p>\n<p><strong>Kogused<\/strong><\/p>\n<p>Kui soovid kerget 285kcal tervislikku vahepala siis v\u00f5ta 70g pudrusegu ja lisa 100ml piima. Naistele on keskmiselt sobiv hommikus\u00f6\u00f6gi kogus 100g pudru+140ml piima (kokku 406kcal). Meestele 570kcal hommikus\u00f6\u00f6gi jaoks aga 140g pudrusegu millele lisada 200ml piima. Leia endale sobiv kogus vastavalt oma p\u00e4evasele men\u00fc\u00fcle v\u00f5i toitumiskavale.<\/p>\n<p><strong>Tervislik ja soodne!<\/strong><\/p>\n<p>Lisaks tervislikkusele ja lihtsale valmistamisele on lisaks tegemist v\u00e4ga soodsa hommikus\u00f6\u00f6giga. Olenevalt Sinu soovitud kogusest tuleb \u00fche hommikus\u00f6\u00f6gi hind vaid \u20ac0,75-\u20ac1,50. See on soodsam kui enamus s\u00f6\u00f6gikohtades pakutavad hommikupudrud, mis on \u00fcsna \u00fchek\u00fclgsed koosnedes vaid helvestest ja suhkrurikkast moosist.<\/p>\n<div class=\"table-2\">\n<table width=\"100%\">\n<thead>\n<tr>\n<th align=\"left\"><strong>Toitained: \u0160okolaadi \u2013 Maap\u00e4hkli<\/strong><\/th>\n<th align=\"left\"><strong>Puder 100g<\/strong><\/th>\n<th align=\"left\"><strong>Puder 100g + 140ml piima (2,5%)<\/strong><\/th>\n<th align=\"left\"><strong>Puder 70g<\/strong><\/th>\n<th align=\"left\"><strong>Puder 70g + 100ml piima (2,5%)<\/strong><\/th>\n<\/tr>\n<\/thead>\n<tbody>\n<tr>\n<td align=\"left\"><strong>Energia (kJ\/kcal)<\/strong><\/td>\n<td align=\"left\">1380\/329<\/td>\n<td align=\"left\">1702\/406<\/td>\n<td align=\"left\">966\/230<\/td>\n<td align=\"left\">1196\/285<\/td>\n<\/tr>\n<tr>\n<td align=\"left\"><strong>Valgud(g)<\/strong><\/td>\n<td align=\"left\">27,8<\/td>\n<td align=\"left\">32,3<\/td>\n<td align=\"left\">19,4<\/td>\n<td align=\"left\">22,6<\/td>\n<\/tr>\n<tr>\n<td align=\"left\">S\u00fcsivesikud(g)<\/td>\n<td align=\"left\">33,7<\/td>\n<td align=\"left\">40,4<\/td>\n<td align=\"left\">23,6<\/td>\n<td align=\"left\">28,4<\/td>\n<\/tr>\n<tr>\n<td align=\"left\">..millest suhkrud(g)<\/td>\n<td align=\"left\">1,5<\/td>\n<td align=\"left\">8,2<\/td>\n<td align=\"left\">1,1<\/td>\n<td align=\"left\">5,9<\/td>\n<\/tr>\n<tr>\n<td align=\"left\">Rasvad(g)<\/td>\n<td align=\"left\">7,0<\/td>\n<td align=\"left\">10,5<\/td>\n<td align=\"left\">4,9<\/td>\n<td align=\"left\">7,4<\/td>\n<\/tr>\n<tr>\n<td align=\"left\">..millest k\u00fcllastunud(g)<\/td>\n<td align=\"left\">1,1<\/td>\n<td align=\"left\">3,5<\/td>\n<td align=\"left\">0,7<\/td>\n<td align=\"left\">2,4<\/td>\n<\/tr>\n<tr>\n<td align=\"left\">Kiudained(g)<\/td>\n<td align=\"left\">9,3<\/td>\n<td align=\"left\">9,3<\/td>\n<td align=\"left\">6,5<\/td>\n<td align=\"left\">6,5<\/td>\n<\/tr>\n<tr>\n<td align=\"left\">Sool(g)<\/td>\n<td align=\"left\">0,2<\/td>\n<td align=\"left\">0,34<\/td>\n<td align=\"left\">0,14<\/td>\n<td align=\"left\">0,24<\/td>\n<\/tr>\n<\/tbody>\n<\/table>\n<\/div>\n<div class=\"fusion-text\"><\/div>\n<p><strong>KOOSTISOSAD: T\u00e4istera r\u00f6stitud kaerahelbed,<\/strong>\u00a0h\u00fcdrol\u00fc\u00fcsitud kollageen (10%),\u00a0<strong>vadakuvalgu kontsentraat<\/strong>, looduslik kalorivaba magusaine er\u00fctritool, chia seemned, toorkakao t\u00fckid, kakaopulber, maap\u00e4hkli l\u00f5hna- ja maitseaine, stevia magusaine (stevioolgl\u00fckosiid). Toodetud Eestis.<\/p>\n<p>Soovid teha suuremat tellimust? Vaata antud toodet meie HULGI lehelt\u00a0<a href=\"https:\/\/toidulisandidhulgi.ee\/product\/overnight-oats-puder-700g\/\"><strong>SIIT<\/strong><\/a>!<\/p>\n","protected":false},"excerpt":{"rendered":"<p><strong>ICONFIT Overnight Oats on Eestis v\u00e4lja arendatud ja toodetud t\u00e4isv\u00e4\u00e4rtuslik puder, kus on k\u00f5ik vajalikud makrotoitained.<\/strong>\u00a0Pudrusegus on lisaks t\u00e4istera kaerahelvestele ka chia seemned, mineraaliderikas toorkakao ja 10% h\u00fcdrol\u00fc\u00fcsitud kollageeni. Puder on hea valguallikas sisaldades lausa 27,8% valku. Sina lisa vaid piim ja naudi!<\/p>\n<ul>\n<li><strong>T\u00e4isv\u00e4\u00e4rtuslik tasakaalustatud ja tervislik hommikus\u00f6\u00f6k kogu perele.<\/strong>\u00a0Sisaldab lausa 27,8% valku, 10% h\u00fcdrol\u00fc\u00fcsitud kollageeni, t\u00e4istera kaerahelbeid ja palju muud kasulikku.<\/li>\n<li><strong>Eriti lihtne valmistada!<\/strong>\u00a0Lisa \u00f5htul piima, pane k\u00fclmikusse ning hommikul ootab Sind valmistoit. V\u00f5id s\u00fc\u00fca k\u00fclmana v\u00f5i soojendada mikrolaineahjus. Proovi ka taimse piima, peti, keefiriga.<\/li>\n<li><strong>Sobib k\u00f5igile kes soovivad tervislikult toituda v\u00f5i ka kaalu langetada.<\/strong> Toitainetelt sobib h\u00e4sti kokku ka Eesti populaarsemate toitumiskavadega.<\/li>\n<li>Soodne v\u00f5imalus tervislikult toituda. Olenevalt Sinu kogustest on\u00a0<strong style=\"font-size: 14.4px;\">\u00fche<\/strong><b style=\"font-size: 14.4px;\">\u00a0tervisliku hommikus\u00f6\u00f6gi hind vaid \u20ac0,75-\u20ac1,50<\/b><\/li>\n<\/ul>\n<p>&nbsp;<\/p>\n","protected":false},"featured_media":30396,"comment_status":"open","ping_status":"closed","template":"","meta":[],"product_brand":[],"product_cat":[2379,521,1318,2392,1454],"product_tag":[],"giftcard-category":[],"class_list":{"0":"post-30397","1":"product","2":"type-product","3":"status-publish","4":"has-post-thumbnail","6":"product_cat-chia-seeds-chia-products-en","7":"product_cat-diet-meal-replacement-en","8":"product_cat-iconfit-en","9":"product_cat-stevia-en","10":"product_cat-superfoods-health-foods-en","11":"pa_maitse-apple-cinnamon","12":"pa_maitse-peanut-butter-chocolate","13":"pa_maitse-raspberry-coconut","15":"first","16":"instock","17":"sale","18":"taxable","19":"shipping-taxable","20":"purchasable","21":"product-type-variable"},"yoast_head":"<!-- This site is optimized with the Yoast SEO plugin v27.3 - https:\/\/yoast.com\/product\/yoast-seo-wordpress\/ -->\n<title>Overnight Oats Puder (1000g) - Fit360<\/title>\n<meta name=\"robots\" content=\"index, follow, max-snippet:-1, max-image-preview:large, max-video-preview:-1\" \/>\n<link rel=\"canonical\" href=\"https:\/\/fit360.ee\/en\/pood\/product-groups\/superfoods-health-foods-en\/chia-seeds-chia-products-en\/overnight-oats-puder-1000g\/\" \/>\n<meta property=\"og:locale\" content=\"en_US\" \/>\n<meta property=\"og:type\" content=\"article\" \/>\n<meta property=\"og:title\" content=\"Overnight Oats Puder (1000g) - Fit360\" \/>\n<meta property=\"og:description\" content=\"ICONFIT Overnight Oats on Eestis v\u00e4lja arendatud ja toodetud t\u00e4isv\u00e4\u00e4rtuslik puder, kus on k\u00f5ik vajalikud makrotoitained.\u00a0Pudrusegus on lisaks t\u00e4istera kaerahelvestele ka chia seemned, mineraaliderikas toorkakao ja 10% h\u00fcdrol\u00fc\u00fcsitud kollageeni. Puder on hea valguallikas sisaldades lausa 27,8% valku. Sina lisa vaid piim ja naudi!   T\u00e4isv\u00e4\u00e4rtuslik tasakaalustatud ja tervislik hommikus\u00f6\u00f6k kogu perele.\u00a0Sisaldab lausa 27,8% valku, 10% h\u00fcdrol\u00fc\u00fcsitud kollageeni, t\u00e4istera kaerahelbeid ja palju muud kasulikku.  Eriti lihtne valmistada!\u00a0Lisa \u00f5htul piima, pane k\u00fclmikusse ning hommikul ootab Sind valmistoit. V\u00f5id s\u00fc\u00fca k\u00fclmana v\u00f5i soojendada mikrolaineahjus. Proovi ka taimse piima, peti, keefiriga.  Sobib k\u00f5igile kes soovivad tervislikult toituda v\u00f5i ka kaalu langetada. Toitainetelt sobib h\u00e4sti kokku ka Eesti populaarsemate toitumiskavadega.  Soodne v\u00f5imalus tervislikult toituda. Olenevalt Sinu kogustest on\u00a0\u00fche\u00a0tervisliku hommikus\u00f6\u00f6gi hind vaid \u20ac0,75-\u20ac1,50  &nbsp;\" \/>\n<meta property=\"og:url\" content=\"https:\/\/fit360.ee\/en\/pood\/product-groups\/superfoods-health-foods-en\/chia-seeds-chia-products-en\/overnight-oats-puder-1000g\/\" \/>\n<meta property=\"og:site_name\" content=\"Fit360\" \/>\n<meta property=\"article:modified_time\" content=\"2026-03-16T14:50:44+00:00\" \/>\n<meta property=\"og:image\" content=\"https:\/\/fit360.ee\/wp-content\/uploads\/2020\/01\/overnight-oats-750px.jpg\" \/>\n\t<meta property=\"og:image:width\" content=\"750\" \/>\n\t<meta property=\"og:image:height\" content=\"750\" \/>\n\t<meta property=\"og:image:type\" content=\"image\/jpeg\" \/>\n<meta name=\"twitter:card\" content=\"summary_large_image\" \/>\n<meta name=\"twitter:label1\" content=\"Est. reading time\" \/>\n\t<meta name=\"twitter:data1\" content=\"3 minutes\" \/>\n<script type=\"application\/ld+json\" class=\"yoast-schema-graph\">{\"@context\":\"https:\\\/\\\/schema.org\",\"@graph\":[{\"@type\":\"WebPage\",\"@id\":\"https:\\\/\\\/fit360.ee\\\/en\\\/pood\\\/product-groups\\\/superfoods-health-foods-en\\\/chia-seeds-chia-products-en\\\/overnight-oats-puder-1000g\\\/\",\"url\":\"https:\\\/\\\/fit360.ee\\\/en\\\/pood\\\/product-groups\\\/superfoods-health-foods-en\\\/chia-seeds-chia-products-en\\\/overnight-oats-puder-1000g\\\/\",\"name\":\"Overnight Oats Puder (1000g) - Fit360\",\"isPartOf\":{\"@id\":\"https:\\\/\\\/fit360.ee\\\/en\\\/#website\"},\"primaryImageOfPage\":{\"@id\":\"https:\\\/\\\/fit360.ee\\\/en\\\/pood\\\/product-groups\\\/superfoods-health-foods-en\\\/chia-seeds-chia-products-en\\\/overnight-oats-puder-1000g\\\/#primaryimage\"},\"image\":{\"@id\":\"https:\\\/\\\/fit360.ee\\\/en\\\/pood\\\/product-groups\\\/superfoods-health-foods-en\\\/chia-seeds-chia-products-en\\\/overnight-oats-puder-1000g\\\/#primaryimage\"},\"thumbnailUrl\":\"https:\\\/\\\/fit360.ee\\\/wp-content\\\/uploads\\\/2020\\\/01\\\/overnight-oats-750px.jpg\",\"datePublished\":\"2020-01-15T15:19:53+00:00\",\"dateModified\":\"2026-03-16T14:50:44+00:00\",\"breadcrumb\":{\"@id\":\"https:\\\/\\\/fit360.ee\\\/en\\\/pood\\\/product-groups\\\/superfoods-health-foods-en\\\/chia-seeds-chia-products-en\\\/overnight-oats-puder-1000g\\\/#breadcrumb\"},\"inLanguage\":\"en-US\",\"potentialAction\":[{\"@type\":\"ReadAction\",\"target\":[\"https:\\\/\\\/fit360.ee\\\/en\\\/pood\\\/product-groups\\\/superfoods-health-foods-en\\\/chia-seeds-chia-products-en\\\/overnight-oats-puder-1000g\\\/\"]}]},{\"@type\":\"ImageObject\",\"inLanguage\":\"en-US\",\"@id\":\"https:\\\/\\\/fit360.ee\\\/en\\\/pood\\\/product-groups\\\/superfoods-health-foods-en\\\/chia-seeds-chia-products-en\\\/overnight-oats-puder-1000g\\\/#primaryimage\",\"url\":\"https:\\\/\\\/fit360.ee\\\/wp-content\\\/uploads\\\/2020\\\/01\\\/overnight-oats-750px.jpg\",\"contentUrl\":\"https:\\\/\\\/fit360.ee\\\/wp-content\\\/uploads\\\/2020\\\/01\\\/overnight-oats-750px.jpg\",\"width\":750,\"height\":750},{\"@type\":\"BreadcrumbList\",\"@id\":\"https:\\\/\\\/fit360.ee\\\/en\\\/pood\\\/product-groups\\\/superfoods-health-foods-en\\\/chia-seeds-chia-products-en\\\/overnight-oats-puder-1000g\\\/#breadcrumb\",\"itemListElement\":[{\"@type\":\"ListItem\",\"position\":1,\"name\":\"Home\",\"item\":\"https:\\\/\\\/fit360.ee\\\/en\\\/\"},{\"@type\":\"ListItem\",\"position\":2,\"name\":\"Shop\",\"item\":\"https:\\\/\\\/fit360.ee\\\/en\\\/shop\\\/\"},{\"@type\":\"ListItem\",\"position\":3,\"name\":\"Overnight Oats Puder (1000g)\"}]},{\"@type\":\"WebSite\",\"@id\":\"https:\\\/\\\/fit360.ee\\\/en\\\/#website\",\"url\":\"https:\\\/\\\/fit360.ee\\\/en\\\/\",\"name\":\"Fit360\",\"description\":\"\",\"publisher\":{\"@id\":\"https:\\\/\\\/fit360.ee\\\/en\\\/#organization\"},\"potentialAction\":[{\"@type\":\"SearchAction\",\"target\":{\"@type\":\"EntryPoint\",\"urlTemplate\":\"https:\\\/\\\/fit360.ee\\\/en\\\/?s={search_term_string}\"},\"query-input\":{\"@type\":\"PropertyValueSpecification\",\"valueRequired\":true,\"valueName\":\"search_term_string\"}}],\"inLanguage\":\"en-US\"},{\"@type\":\"Organization\",\"@id\":\"https:\\\/\\\/fit360.ee\\\/en\\\/#organization\",\"name\":\"Fit360\",\"url\":\"https:\\\/\\\/fit360.ee\\\/en\\\/\",\"logo\":{\"@type\":\"ImageObject\",\"inLanguage\":\"en-US\",\"@id\":\"https:\\\/\\\/fit360.ee\\\/en\\\/#\\\/schema\\\/logo\\\/image\\\/\",\"url\":\"https:\\\/\\\/fit360.ee\\\/wp-content\\\/uploads\\\/2017\\\/01\\\/logo-fit360.png\",\"contentUrl\":\"https:\\\/\\\/fit360.ee\\\/wp-content\\\/uploads\\\/2017\\\/01\\\/logo-fit360.png\",\"width\":180,\"height\":66,\"caption\":\"Fit360\"},\"image\":{\"@id\":\"https:\\\/\\\/fit360.ee\\\/en\\\/#\\\/schema\\\/logo\\\/image\\\/\"}}]}<\/script>\n<!-- \/ Yoast SEO plugin. -->","yoast_head_json":{"title":"Overnight Oats Puder (1000g) - Fit360","robots":{"index":"index","follow":"follow","max-snippet":"max-snippet:-1","max-image-preview":"max-image-preview:large","max-video-preview":"max-video-preview:-1"},"canonical":"https:\/\/fit360.ee\/en\/pood\/product-groups\/superfoods-health-foods-en\/chia-seeds-chia-products-en\/overnight-oats-puder-1000g\/","og_locale":"en_US","og_type":"article","og_title":"Overnight Oats Puder (1000g) - Fit360","og_description":"ICONFIT Overnight Oats on Eestis v\u00e4lja arendatud ja toodetud t\u00e4isv\u00e4\u00e4rtuslik puder, kus on k\u00f5ik vajalikud makrotoitained.\u00a0Pudrusegus on lisaks t\u00e4istera kaerahelvestele ka chia seemned, mineraaliderikas toorkakao ja 10% h\u00fcdrol\u00fc\u00fcsitud kollageeni. Puder on hea valguallikas sisaldades lausa 27,8% valku. Sina lisa vaid piim ja naudi!   T\u00e4isv\u00e4\u00e4rtuslik tasakaalustatud ja tervislik hommikus\u00f6\u00f6k kogu perele.\u00a0Sisaldab lausa 27,8% valku, 10% h\u00fcdrol\u00fc\u00fcsitud kollageeni, t\u00e4istera kaerahelbeid ja palju muud kasulikku.  Eriti lihtne valmistada!\u00a0Lisa \u00f5htul piima, pane k\u00fclmikusse ning hommikul ootab Sind valmistoit. V\u00f5id s\u00fc\u00fca k\u00fclmana v\u00f5i soojendada mikrolaineahjus. Proovi ka taimse piima, peti, keefiriga.  Sobib k\u00f5igile kes soovivad tervislikult toituda v\u00f5i ka kaalu langetada. Toitainetelt sobib h\u00e4sti kokku ka Eesti populaarsemate toitumiskavadega.  Soodne v\u00f5imalus tervislikult toituda. Olenevalt Sinu kogustest on\u00a0\u00fche\u00a0tervisliku hommikus\u00f6\u00f6gi hind vaid \u20ac0,75-\u20ac1,50  &nbsp;","og_url":"https:\/\/fit360.ee\/en\/pood\/product-groups\/superfoods-health-foods-en\/chia-seeds-chia-products-en\/overnight-oats-puder-1000g\/","og_site_name":"Fit360","article_modified_time":"2026-03-16T14:50:44+00:00","og_image":[{"width":750,"height":750,"url":"https:\/\/fit360.ee\/wp-content\/uploads\/2020\/01\/overnight-oats-750px.jpg","type":"image\/jpeg"}],"twitter_card":"summary_large_image","twitter_misc":{"Est. reading time":"3 minutes"},"schema":{"@context":"https:\/\/schema.org","@graph":[{"@type":"WebPage","@id":"https:\/\/fit360.ee\/en\/pood\/product-groups\/superfoods-health-foods-en\/chia-seeds-chia-products-en\/overnight-oats-puder-1000g\/","url":"https:\/\/fit360.ee\/en\/pood\/product-groups\/superfoods-health-foods-en\/chia-seeds-chia-products-en\/overnight-oats-puder-1000g\/","name":"Overnight Oats Puder (1000g) - Fit360","isPartOf":{"@id":"https:\/\/fit360.ee\/en\/#website"},"primaryImageOfPage":{"@id":"https:\/\/fit360.ee\/en\/pood\/product-groups\/superfoods-health-foods-en\/chia-seeds-chia-products-en\/overnight-oats-puder-1000g\/#primaryimage"},"image":{"@id":"https:\/\/fit360.ee\/en\/pood\/product-groups\/superfoods-health-foods-en\/chia-seeds-chia-products-en\/overnight-oats-puder-1000g\/#primaryimage"},"thumbnailUrl":"https:\/\/fit360.ee\/wp-content\/uploads\/2020\/01\/overnight-oats-750px.jpg","datePublished":"2020-01-15T15:19:53+00:00","dateModified":"2026-03-16T14:50:44+00:00","breadcrumb":{"@id":"https:\/\/fit360.ee\/en\/pood\/product-groups\/superfoods-health-foods-en\/chia-seeds-chia-products-en\/overnight-oats-puder-1000g\/#breadcrumb"},"inLanguage":"en-US","potentialAction":[{"@type":"ReadAction","target":["https:\/\/fit360.ee\/en\/pood\/product-groups\/superfoods-health-foods-en\/chia-seeds-chia-products-en\/overnight-oats-puder-1000g\/"]}]},{"@type":"ImageObject","inLanguage":"en-US","@id":"https:\/\/fit360.ee\/en\/pood\/product-groups\/superfoods-health-foods-en\/chia-seeds-chia-products-en\/overnight-oats-puder-1000g\/#primaryimage","url":"https:\/\/fit360.ee\/wp-content\/uploads\/2020\/01\/overnight-oats-750px.jpg","contentUrl":"https:\/\/fit360.ee\/wp-content\/uploads\/2020\/01\/overnight-oats-750px.jpg","width":750,"height":750},{"@type":"BreadcrumbList","@id":"https:\/\/fit360.ee\/en\/pood\/product-groups\/superfoods-health-foods-en\/chia-seeds-chia-products-en\/overnight-oats-puder-1000g\/#breadcrumb","itemListElement":[{"@type":"ListItem","position":1,"name":"Home","item":"https:\/\/fit360.ee\/en\/"},{"@type":"ListItem","position":2,"name":"Shop","item":"https:\/\/fit360.ee\/en\/shop\/"},{"@type":"ListItem","position":3,"name":"Overnight Oats Puder (1000g)"}]},{"@type":"WebSite","@id":"https:\/\/fit360.ee\/en\/#website","url":"https:\/\/fit360.ee\/en\/","name":"Fit360","description":"","publisher":{"@id":"https:\/\/fit360.ee\/en\/#organization"},"potentialAction":[{"@type":"SearchAction","target":{"@type":"EntryPoint","urlTemplate":"https:\/\/fit360.ee\/en\/?s={search_term_string}"},"query-input":{"@type":"PropertyValueSpecification","valueRequired":true,"valueName":"search_term_string"}}],"inLanguage":"en-US"},{"@type":"Organization","@id":"https:\/\/fit360.ee\/en\/#organization","name":"Fit360","url":"https:\/\/fit360.ee\/en\/","logo":{"@type":"ImageObject","inLanguage":"en-US","@id":"https:\/\/fit360.ee\/en\/#\/schema\/logo\/image\/","url":"https:\/\/fit360.ee\/wp-content\/uploads\/2017\/01\/logo-fit360.png","contentUrl":"https:\/\/fit360.ee\/wp-content\/uploads\/2017\/01\/logo-fit360.png","width":180,"height":66,"caption":"Fit360"},"image":{"@id":"https:\/\/fit360.ee\/en\/#\/schema\/logo\/image\/"}}]}},"_links":{"self":[{"href":"https:\/\/fit360.ee\/en\/wp-json\/wp\/v2\/product\/30397","targetHints":{"allow":["GET"]}}],"collection":[{"href":"https:\/\/fit360.ee\/en\/wp-json\/wp\/v2\/product"}],"about":[{"href":"https:\/\/fit360.ee\/en\/wp-json\/wp\/v2\/types\/product"}],"replies":[{"embeddable":true,"href":"https:\/\/fit360.ee\/en\/wp-json\/wp\/v2\/comments?post=30397"}],"wp:featuredmedia":[{"embeddable":true,"href":"https:\/\/fit360.ee\/en\/wp-json\/wp\/v2\/media\/30396"}],"wp:attachment":[{"href":"https:\/\/fit360.ee\/en\/wp-json\/wp\/v2\/media?parent=30397"}],"wp:term":[{"taxonomy":"product_brand","embeddable":true,"href":"https:\/\/fit360.ee\/en\/wp-json\/wp\/v2\/product_brand?post=30397"},{"taxonomy":"product_cat","embeddable":true,"href":"https:\/\/fit360.ee\/en\/wp-json\/wp\/v2\/product_cat?post=30397"},{"taxonomy":"product_tag","embeddable":true,"href":"https:\/\/fit360.ee\/en\/wp-json\/wp\/v2\/product_tag?post=30397"},{"taxonomy":"giftcard-category","embeddable":true,"href":"https:\/\/fit360.ee\/en\/wp-json\/wp\/v2\/giftcard-category?post=30397"}],"curies":[{"name":"wp","href":"https:\/\/api.w.org\/{rel}","templated":true}]}}