{"id":30429,"date":"2020-01-15T18:02:55","date_gmt":"2020-01-15T16:02:55","guid":{"rendered":"https:\/\/fit360.ee\/pood\/uncategorized\/energiageel-40g\/"},"modified":"2025-08-13T07:38:43","modified_gmt":"2025-08-13T05:38:43","slug":"energiageel-40g","status":"publish","type":"product","link":"https:\/\/fit360.ee\/en\/pood\/product-groups\/energy-carbohydrates\/energy-gels-en\/energiageel-40g\/","title":{"rendered":"Energiageel (40g)"},"content":{"rendered":"<h5><strong>KUIDAS ON ENERGIAGEEL SULLE KASULIK?<\/strong><\/h5>\n<ul>\n<li>parandab sooritusv\u00f5imet ja sportimise efektiivsust;<\/li>\n<li>varustab organismi lisaenergiaga;<\/li>\n<li>ideaalne kasutamiseks treeningu v\u00e4ltel;<\/li>\n<li>sobib suurep\u00e4raselt kestvusalade sportlastele, tagades organismi pideva energiaga varustamise.;<\/li>\n<li>avaldab positiivset m\u00f5ju k\u00f5ikide alade sportlastele ja harrastajatele;<\/li>\n<\/ul>\n<h5><strong>Kasutamine<\/strong>:<\/h5>\n<p>tarbida kuni 4 portsjonit \u00f6\u00f6p\u00e4evas. Soovitatav tarbida 2 portsjonit iga 45 minuti j\u00e4rel enne treeningut v\u00f5i selle ajal. P\u00e4rast geeli tarbimist juua vett v\u00f5i isotoonilist jooki. Hoida lastele k\u00e4ttesaamatus kohas.<\/p>\n<h5><strong>Koostis sidrunimaitseline:<\/strong><\/h5>\n<p>Koostisosad: gl\u00fckoosisiirup, vesi, fruktoos, naatriumkloriid, happesuse regulaator (sidrunhape), s\u00e4ilitusaine (kaalimusorbaat), l\u00f5hna- ja maitseained, toiduv\u00e4rvid (beetakaroteen, kurkumiin).<\/p>\n<p><strong>Energiageel sidrun 40 g toitumisalane teave (100g):<\/strong><br \/>\n\u2013 Energia 1162.8 kj \/ 273.6 kcal;<br \/>\n\u2013 Rasvad 0 g;<br \/>\n\u2013 S\u00fcsivesikud 68.4 g (sh suhkrud 27.1 g);<br \/>\n\u2013 Kiudained 0 g;<br \/>\n\u2013 Valgud 0 g;<br \/>\n\u2013 Sool 0,3 g;<\/p>\n<h5><strong>Koostis maasikamaitseline:<\/strong><\/h5>\n<p>Koostisosad: gl\u00fckoosisiirup, vesi, fruktoos, naatriumkloriid, happesuse regulaator (sidrunhape), s\u00e4ilitusaine (kaalimusorbaat), l\u00f5hna- ja maitseained, toiduv\u00e4rv (karmiin).<\/p>\n<p><strong>Energiageel maasikas 40 g toitumisalane teave (100g):<\/strong><br \/>\n\u2013 Energia 1162.8 kj \/ 273.6 kcal;<br \/>\n\u2013 Rasvad 0 g;<br \/>\n\u2013 S\u00fcsivesikud 68.4 g (sh suhkrud 27.1 g);<br \/>\n\u2013 Kiudained 0 g;<br \/>\n\u2013 Valgud 0 g;<br \/>\n\u2013 Sool 0,3 g;<\/p>\n","protected":false},"excerpt":{"rendered":"<p><strong>365JP energiageel (40 g)<\/strong>\u00a0on s\u00fcsivesikuterikas energiageel, mis sobib kasutamiseks igale alale kus on vaja saada kiirelt lisaenergiat. Tegemist on kvaliteetse ning t\u00f5husa lisandiga iga aktiivse inimese toidule.<\/p>\n<ul>\n<li>Lihtne avada ja tarbida.<\/li>\n<li>Suurep\u00e4rane maitse.<\/li>\n<li>27.4 g s\u00fcsivesikuid.<\/li>\n<li>Mugav kaasa v\u00f5tta treeningutele, v\u00f5istlustele, jne.<\/li>\n<li>Sobib suurep\u00e4raselt kestvusalade sportlastele, tagades organismi pideva energiaga varustamise.<\/li>\n<li>Sobib ideaalselt ka j\u00f5u- ja saalialadele kui kergelt omastatav energiaallikas.<\/li>\n<li>M\u00f5istlik hind t\u00f5eliselt kvaliteetsele tootele. Toode on odavam kui analoogse kvaliteediga tooted turul.<\/li>\n<\/ul>\n","protected":false},"featured_media":30426,"comment_status":"open","ping_status":"closed","template":"","meta":[],"product_brand":[],"product_cat":[1571,2456,522,533],"product_tag":[],"giftcard-category":[],"class_list":{"0":"post-30429","1":"product","2":"type-product","3":"status-publish","4":"has-post-thumbnail","6":"product_cat-365jp-en","7":"product_cat-energy-gels-en","8":"product_cat-energy-carbohydrates","9":"product_cat-pre-workout-en","10":"pa_maitse-lemon","11":"pa_maitse-strawberry-2","13":"first","14":"instock","15":"sale","16":"taxable","17":"shipping-taxable","18":"purchasable","19":"product-type-variable"},"yoast_head":"<!-- This site is optimized with the Yoast SEO plugin v27.3 - https:\/\/yoast.com\/product\/yoast-seo-wordpress\/ -->\n<title>Energiageel (40g) - Fit360<\/title>\n<meta name=\"robots\" content=\"index, follow, max-snippet:-1, max-image-preview:large, max-video-preview:-1\" \/>\n<link rel=\"canonical\" href=\"https:\/\/fit360.ee\/en\/pood\/product-groups\/energy-carbohydrates\/energy-gels-en\/energiageel-40g\/\" \/>\n<meta property=\"og:locale\" content=\"en_US\" \/>\n<meta property=\"og:type\" content=\"article\" \/>\n<meta property=\"og:title\" content=\"Energiageel (40g) - Fit360\" \/>\n<meta property=\"og:description\" content=\"365JP energiageel (40 g)\u00a0on s\u00fcsivesikuterikas energiageel, mis sobib kasutamiseks igale alale kus on vaja saada kiirelt lisaenergiat. Tegemist on kvaliteetse ning t\u00f5husa lisandiga iga aktiivse inimese toidule.   Lihtne avada ja tarbida.  Suurep\u00e4rane maitse.  27.4 g s\u00fcsivesikuid.  Mugav kaasa v\u00f5tta treeningutele, v\u00f5istlustele, jne.  Sobib suurep\u00e4raselt kestvusalade sportlastele, tagades organismi pideva energiaga varustamise.  Sobib ideaalselt ka j\u00f5u- ja saalialadele kui kergelt omastatav energiaallikas.  M\u00f5istlik hind t\u00f5eliselt kvaliteetsele tootele. Toode on odavam kui analoogse kvaliteediga tooted turul.\" \/>\n<meta property=\"og:url\" content=\"https:\/\/fit360.ee\/en\/pood\/product-groups\/energy-carbohydrates\/energy-gels-en\/energiageel-40g\/\" \/>\n<meta property=\"og:site_name\" content=\"Fit360\" \/>\n<meta property=\"article:modified_time\" content=\"2025-08-13T05:38:43+00:00\" \/>\n<meta property=\"og:image\" content=\"https:\/\/fit360.ee\/wp-content\/uploads\/2020\/01\/Energy-gel_STRAWBERRY-1.gif\" \/>\n\t<meta property=\"og:image:width\" content=\"1200\" \/>\n\t<meta property=\"og:image:height\" content=\"577\" \/>\n\t<meta property=\"og:image:type\" content=\"image\/gif\" \/>\n<meta name=\"twitter:card\" content=\"summary_large_image\" \/>\n<meta name=\"twitter:label1\" content=\"Est. reading time\" \/>\n\t<meta name=\"twitter:data1\" content=\"1 minute\" \/>\n<script type=\"application\/ld+json\" class=\"yoast-schema-graph\">{\"@context\":\"https:\\\/\\\/schema.org\",\"@graph\":[{\"@type\":\"WebPage\",\"@id\":\"https:\\\/\\\/fit360.ee\\\/en\\\/pood\\\/product-groups\\\/energy-carbohydrates\\\/energy-gels-en\\\/energiageel-40g\\\/\",\"url\":\"https:\\\/\\\/fit360.ee\\\/en\\\/pood\\\/product-groups\\\/energy-carbohydrates\\\/energy-gels-en\\\/energiageel-40g\\\/\",\"name\":\"Energiageel (40g) - Fit360\",\"isPartOf\":{\"@id\":\"https:\\\/\\\/fit360.ee\\\/en\\\/#website\"},\"primaryImageOfPage\":{\"@id\":\"https:\\\/\\\/fit360.ee\\\/en\\\/pood\\\/product-groups\\\/energy-carbohydrates\\\/energy-gels-en\\\/energiageel-40g\\\/#primaryimage\"},\"image\":{\"@id\":\"https:\\\/\\\/fit360.ee\\\/en\\\/pood\\\/product-groups\\\/energy-carbohydrates\\\/energy-gels-en\\\/energiageel-40g\\\/#primaryimage\"},\"thumbnailUrl\":\"https:\\\/\\\/fit360.ee\\\/wp-content\\\/uploads\\\/2020\\\/01\\\/Energy-gel_STRAWBERRY-1.gif\",\"datePublished\":\"2020-01-15T16:02:55+00:00\",\"dateModified\":\"2025-08-13T05:38:43+00:00\",\"breadcrumb\":{\"@id\":\"https:\\\/\\\/fit360.ee\\\/en\\\/pood\\\/product-groups\\\/energy-carbohydrates\\\/energy-gels-en\\\/energiageel-40g\\\/#breadcrumb\"},\"inLanguage\":\"en-US\",\"potentialAction\":[{\"@type\":\"ReadAction\",\"target\":[\"https:\\\/\\\/fit360.ee\\\/en\\\/pood\\\/product-groups\\\/energy-carbohydrates\\\/energy-gels-en\\\/energiageel-40g\\\/\"]}]},{\"@type\":\"ImageObject\",\"inLanguage\":\"en-US\",\"@id\":\"https:\\\/\\\/fit360.ee\\\/en\\\/pood\\\/product-groups\\\/energy-carbohydrates\\\/energy-gels-en\\\/energiageel-40g\\\/#primaryimage\",\"url\":\"https:\\\/\\\/fit360.ee\\\/wp-content\\\/uploads\\\/2020\\\/01\\\/Energy-gel_STRAWBERRY-1.gif\",\"contentUrl\":\"https:\\\/\\\/fit360.ee\\\/wp-content\\\/uploads\\\/2020\\\/01\\\/Energy-gel_STRAWBERRY-1.gif\",\"width\":1200,\"height\":577},{\"@type\":\"BreadcrumbList\",\"@id\":\"https:\\\/\\\/fit360.ee\\\/en\\\/pood\\\/product-groups\\\/energy-carbohydrates\\\/energy-gels-en\\\/energiageel-40g\\\/#breadcrumb\",\"itemListElement\":[{\"@type\":\"ListItem\",\"position\":1,\"name\":\"Home\",\"item\":\"https:\\\/\\\/fit360.ee\\\/en\\\/\"},{\"@type\":\"ListItem\",\"position\":2,\"name\":\"Shop\",\"item\":\"https:\\\/\\\/fit360.ee\\\/en\\\/shop\\\/\"},{\"@type\":\"ListItem\",\"position\":3,\"name\":\"Energiageel (40g)\"}]},{\"@type\":\"WebSite\",\"@id\":\"https:\\\/\\\/fit360.ee\\\/en\\\/#website\",\"url\":\"https:\\\/\\\/fit360.ee\\\/en\\\/\",\"name\":\"Fit360\",\"description\":\"\",\"publisher\":{\"@id\":\"https:\\\/\\\/fit360.ee\\\/en\\\/#organization\"},\"potentialAction\":[{\"@type\":\"SearchAction\",\"target\":{\"@type\":\"EntryPoint\",\"urlTemplate\":\"https:\\\/\\\/fit360.ee\\\/en\\\/?s={search_term_string}\"},\"query-input\":{\"@type\":\"PropertyValueSpecification\",\"valueRequired\":true,\"valueName\":\"search_term_string\"}}],\"inLanguage\":\"en-US\"},{\"@type\":\"Organization\",\"@id\":\"https:\\\/\\\/fit360.ee\\\/en\\\/#organization\",\"name\":\"Fit360\",\"url\":\"https:\\\/\\\/fit360.ee\\\/en\\\/\",\"logo\":{\"@type\":\"ImageObject\",\"inLanguage\":\"en-US\",\"@id\":\"https:\\\/\\\/fit360.ee\\\/en\\\/#\\\/schema\\\/logo\\\/image\\\/\",\"url\":\"https:\\\/\\\/fit360.ee\\\/wp-content\\\/uploads\\\/2017\\\/01\\\/logo-fit360.png\",\"contentUrl\":\"https:\\\/\\\/fit360.ee\\\/wp-content\\\/uploads\\\/2017\\\/01\\\/logo-fit360.png\",\"width\":180,\"height\":66,\"caption\":\"Fit360\"},\"image\":{\"@id\":\"https:\\\/\\\/fit360.ee\\\/en\\\/#\\\/schema\\\/logo\\\/image\\\/\"}}]}<\/script>\n<!-- \/ Yoast SEO plugin. -->","yoast_head_json":{"title":"Energiageel (40g) - Fit360","robots":{"index":"index","follow":"follow","max-snippet":"max-snippet:-1","max-image-preview":"max-image-preview:large","max-video-preview":"max-video-preview:-1"},"canonical":"https:\/\/fit360.ee\/en\/pood\/product-groups\/energy-carbohydrates\/energy-gels-en\/energiageel-40g\/","og_locale":"en_US","og_type":"article","og_title":"Energiageel (40g) - Fit360","og_description":"365JP energiageel (40 g)\u00a0on s\u00fcsivesikuterikas energiageel, mis sobib kasutamiseks igale alale kus on vaja saada kiirelt lisaenergiat. Tegemist on kvaliteetse ning t\u00f5husa lisandiga iga aktiivse inimese toidule.   Lihtne avada ja tarbida.  Suurep\u00e4rane maitse.  27.4 g s\u00fcsivesikuid.  Mugav kaasa v\u00f5tta treeningutele, v\u00f5istlustele, jne.  Sobib suurep\u00e4raselt kestvusalade sportlastele, tagades organismi pideva energiaga varustamise.  Sobib ideaalselt ka j\u00f5u- ja saalialadele kui kergelt omastatav energiaallikas.  M\u00f5istlik hind t\u00f5eliselt kvaliteetsele tootele. Toode on odavam kui analoogse kvaliteediga tooted turul.","og_url":"https:\/\/fit360.ee\/en\/pood\/product-groups\/energy-carbohydrates\/energy-gels-en\/energiageel-40g\/","og_site_name":"Fit360","article_modified_time":"2025-08-13T05:38:43+00:00","og_image":[{"width":1200,"height":577,"url":"https:\/\/fit360.ee\/wp-content\/uploads\/2020\/01\/Energy-gel_STRAWBERRY-1.gif","type":"image\/gif"}],"twitter_card":"summary_large_image","twitter_misc":{"Est. reading time":"1 minute"},"schema":{"@context":"https:\/\/schema.org","@graph":[{"@type":"WebPage","@id":"https:\/\/fit360.ee\/en\/pood\/product-groups\/energy-carbohydrates\/energy-gels-en\/energiageel-40g\/","url":"https:\/\/fit360.ee\/en\/pood\/product-groups\/energy-carbohydrates\/energy-gels-en\/energiageel-40g\/","name":"Energiageel (40g) - Fit360","isPartOf":{"@id":"https:\/\/fit360.ee\/en\/#website"},"primaryImageOfPage":{"@id":"https:\/\/fit360.ee\/en\/pood\/product-groups\/energy-carbohydrates\/energy-gels-en\/energiageel-40g\/#primaryimage"},"image":{"@id":"https:\/\/fit360.ee\/en\/pood\/product-groups\/energy-carbohydrates\/energy-gels-en\/energiageel-40g\/#primaryimage"},"thumbnailUrl":"https:\/\/fit360.ee\/wp-content\/uploads\/2020\/01\/Energy-gel_STRAWBERRY-1.gif","datePublished":"2020-01-15T16:02:55+00:00","dateModified":"2025-08-13T05:38:43+00:00","breadcrumb":{"@id":"https:\/\/fit360.ee\/en\/pood\/product-groups\/energy-carbohydrates\/energy-gels-en\/energiageel-40g\/#breadcrumb"},"inLanguage":"en-US","potentialAction":[{"@type":"ReadAction","target":["https:\/\/fit360.ee\/en\/pood\/product-groups\/energy-carbohydrates\/energy-gels-en\/energiageel-40g\/"]}]},{"@type":"ImageObject","inLanguage":"en-US","@id":"https:\/\/fit360.ee\/en\/pood\/product-groups\/energy-carbohydrates\/energy-gels-en\/energiageel-40g\/#primaryimage","url":"https:\/\/fit360.ee\/wp-content\/uploads\/2020\/01\/Energy-gel_STRAWBERRY-1.gif","contentUrl":"https:\/\/fit360.ee\/wp-content\/uploads\/2020\/01\/Energy-gel_STRAWBERRY-1.gif","width":1200,"height":577},{"@type":"BreadcrumbList","@id":"https:\/\/fit360.ee\/en\/pood\/product-groups\/energy-carbohydrates\/energy-gels-en\/energiageel-40g\/#breadcrumb","itemListElement":[{"@type":"ListItem","position":1,"name":"Home","item":"https:\/\/fit360.ee\/en\/"},{"@type":"ListItem","position":2,"name":"Shop","item":"https:\/\/fit360.ee\/en\/shop\/"},{"@type":"ListItem","position":3,"name":"Energiageel (40g)"}]},{"@type":"WebSite","@id":"https:\/\/fit360.ee\/en\/#website","url":"https:\/\/fit360.ee\/en\/","name":"Fit360","description":"","publisher":{"@id":"https:\/\/fit360.ee\/en\/#organization"},"potentialAction":[{"@type":"SearchAction","target":{"@type":"EntryPoint","urlTemplate":"https:\/\/fit360.ee\/en\/?s={search_term_string}"},"query-input":{"@type":"PropertyValueSpecification","valueRequired":true,"valueName":"search_term_string"}}],"inLanguage":"en-US"},{"@type":"Organization","@id":"https:\/\/fit360.ee\/en\/#organization","name":"Fit360","url":"https:\/\/fit360.ee\/en\/","logo":{"@type":"ImageObject","inLanguage":"en-US","@id":"https:\/\/fit360.ee\/en\/#\/schema\/logo\/image\/","url":"https:\/\/fit360.ee\/wp-content\/uploads\/2017\/01\/logo-fit360.png","contentUrl":"https:\/\/fit360.ee\/wp-content\/uploads\/2017\/01\/logo-fit360.png","width":180,"height":66,"caption":"Fit360"},"image":{"@id":"https:\/\/fit360.ee\/en\/#\/schema\/logo\/image\/"}}]}},"_links":{"self":[{"href":"https:\/\/fit360.ee\/en\/wp-json\/wp\/v2\/product\/30429","targetHints":{"allow":["GET"]}}],"collection":[{"href":"https:\/\/fit360.ee\/en\/wp-json\/wp\/v2\/product"}],"about":[{"href":"https:\/\/fit360.ee\/en\/wp-json\/wp\/v2\/types\/product"}],"replies":[{"embeddable":true,"href":"https:\/\/fit360.ee\/en\/wp-json\/wp\/v2\/comments?post=30429"}],"wp:featuredmedia":[{"embeddable":true,"href":"https:\/\/fit360.ee\/en\/wp-json\/wp\/v2\/media\/30426"}],"wp:attachment":[{"href":"https:\/\/fit360.ee\/en\/wp-json\/wp\/v2\/media?parent=30429"}],"wp:term":[{"taxonomy":"product_brand","embeddable":true,"href":"https:\/\/fit360.ee\/en\/wp-json\/wp\/v2\/product_brand?post=30429"},{"taxonomy":"product_cat","embeddable":true,"href":"https:\/\/fit360.ee\/en\/wp-json\/wp\/v2\/product_cat?post=30429"},{"taxonomy":"product_tag","embeddable":true,"href":"https:\/\/fit360.ee\/en\/wp-json\/wp\/v2\/product_tag?post=30429"},{"taxonomy":"giftcard-category","embeddable":true,"href":"https:\/\/fit360.ee\/en\/wp-json\/wp\/v2\/giftcard-category?post=30429"}],"curies":[{"name":"wp","href":"https:\/\/api.w.org\/{rel}","templated":true}]}}