{"id":31643,"date":"2020-02-05T18:39:41","date_gmt":"2020-02-05T16:39:41","guid":{"rendered":"https:\/\/fit360.ee\/pood\/uncategorized\/proactive-vitamin-supreme-30-tbl\/"},"modified":"2025-09-26T15:43:18","modified_gmt":"2025-09-26T13:43:18","slug":"proactive-vitamin-supreme-30-tbl","status":"publish","type":"product","link":"https:\/\/fit360.ee\/en\/pood\/product-groups\/vitamins-and-minerals-en\/multivitamins-en\/proactive-vitamin-supreme-30-tbl\/","title":{"rendered":"ProActive Vitamiin Supreme (30tab)"},"content":{"rendered":"<p><strong>Kasutamine<\/strong>: 1 tabletti p\u00e4evas, peale hommikus\u00f6\u00f6ki. Mitte \u00fcletada soovitatud p\u00e4evast kogust. Hoiustada kuivas ja jahedas kohas, eemal otsesest p\u00e4evavalgusest.<\/p>\n<p><strong>Suurus<\/strong>: 30 tabletti \u2013 30 serveeringut<\/p>\n<table width=\"610\">\n<tbody>\n<tr>\n<td width=\"222\"><strong>Aktiivsed toimeained<\/strong><\/td>\n<td><strong>1 tabletti<\/strong><\/td>\n<td><strong>% SPK<\/strong><\/td>\n<\/tr>\n<tr>\n<td width=\"222\">Tsink<\/td>\n<td>5 mg<\/td>\n<td>50%<\/td>\n<\/tr>\n<tr>\n<td width=\"222\">Raud<\/td>\n<td>7 mg<\/td>\n<td>50%<\/td>\n<\/tr>\n<tr>\n<td width=\"222\">Mangaan<\/td>\n<td>1 mg<\/td>\n<td>50%<\/td>\n<\/tr>\n<tr>\n<td width=\"222\">Jood<\/td>\n<td>75 \u00b5g<\/td>\n<td>50%<\/td>\n<\/tr>\n<tr>\n<td width=\"222\">Vask<\/td>\n<td>0,5 mg<\/td>\n<td>50%<\/td>\n<\/tr>\n<tr>\n<td width=\"222\">Seleen<\/td>\n<td>28 \u00b5g<\/td>\n<td>50%<\/td>\n<\/tr>\n<tr>\n<td width=\"222\">C-vitamiin<\/td>\n<td>40 mg<\/td>\n<td>50%<\/td>\n<\/tr>\n<tr>\n<td width=\"222\">E-vitamiin<\/td>\n<td>6 mg<\/td>\n<td>50%<\/td>\n<\/tr>\n<tr>\n<td width=\"222\">Tiamiin<\/td>\n<td>0,55 mg<\/td>\n<td>50%<\/td>\n<\/tr>\n<tr>\n<td width=\"222\">Riboflaviin<\/td>\n<td>0,7 mg<\/td>\n<td>50%<\/td>\n<\/tr>\n<tr>\n<td width=\"222\">Niatsiin<\/td>\n<td>8 mg<\/td>\n<td>50%<\/td>\n<\/tr>\n<tr>\n<td width=\"222\">Pantoteenhape<\/td>\n<td>3 mg<\/td>\n<td>50%<\/td>\n<\/tr>\n<tr>\n<td width=\"222\">Vitamiin B6<\/td>\n<td>0,7 mg<\/td>\n<td>50%<\/td>\n<\/tr>\n<tr>\n<td width=\"222\">Vitamiin B12<\/td>\n<td>1,25 \u00b5g<\/td>\n<td>50%<\/td>\n<\/tr>\n<tr>\n<td width=\"222\">Biotiin<\/td>\n<td>25 \u00b5g<\/td>\n<td>50%<\/td>\n<\/tr>\n<\/tbody>\n<\/table>\n<p><strong>SPK<\/strong>-soovitatud p\u00e4evane kous<\/p>\n<p>Soovid kaupa osta suuremas koguses? Vaata antud toodet ka meie HULGI poest\u00a0<a href=\"https:\/\/toidulisandidhulgi.ee\/product\/proactive-vitamin-supreme-30-tbl\/\"><strong>SIIT<\/strong><\/a>!<\/p>\n","protected":false},"excerpt":{"rendered":"<p><strong>Vitamin Supreme<\/strong> tagab kehale h\u00e4davajalikud mikroelemendid, mis aitavad p\u00fcsida tervena ja \u00f5nnelikuna. <strong>Vitamin Supreme<\/strong> sobib suurep\u00e4raselt ka lastele tarbimiseks.<\/p>\n<p><strong>Vitamin Supreme:<\/strong><\/p>\n<ul>\n<li>Aitab reguleerida ainevahetust.<\/li>\n<li>T\u00f5stab energia taset organismis.<\/li>\n<li>Toetab immuunsuss\u00fcsteemi.<\/li>\n<li>Osaleb rakujagunemise protsessis.<\/li>\n<li>V\u00e4hendab stressi, parandab meeleolu.<\/li>\n<li>Kontrollib s\u00f6\u00f6giisu.<\/li>\n<\/ul>\n","protected":false},"featured_media":31642,"comment_status":"open","ping_status":"closed","template":"","meta":[],"product_brand":[],"product_cat":[1917,1326,536],"product_tag":[],"giftcard-category":[],"class_list":{"0":"post-31643","1":"product","2":"type-product","3":"status-publish","4":"has-post-thumbnail","6":"product_cat-multivitamins-en","7":"product_cat-proactive-en","8":"product_cat-vitamins-and-minerals-en","9":"pa_toidulisand-branddd-proactive","10":"pa_tootegruppp-multivitamiinid-en","11":"pa_tootegruppp-vitamins-and-minerals","13":"first","14":"instock","15":"sale","16":"taxable","17":"shipping-taxable","18":"purchasable","19":"product-type-simple"},"yoast_head":"<!-- This site is optimized with the Yoast SEO plugin v27.3 - https:\/\/yoast.com\/product\/yoast-seo-wordpress\/ -->\n<title>ProActive Vitamiin Supreme (30tab) - Fit360<\/title>\n<meta name=\"robots\" content=\"index, follow, max-snippet:-1, max-image-preview:large, max-video-preview:-1\" \/>\n<link rel=\"canonical\" href=\"https:\/\/fit360.ee\/en\/pood\/product-groups\/vitamins-and-minerals-en\/multivitamins-en\/proactive-vitamin-supreme-30-tbl\/\" \/>\n<meta property=\"og:locale\" content=\"en_US\" \/>\n<meta property=\"og:type\" content=\"article\" \/>\n<meta property=\"og:title\" content=\"ProActive Vitamiin Supreme (30tab) - Fit360\" \/>\n<meta property=\"og:description\" content=\"Vitamin Supreme tagab kehale h\u00e4davajalikud mikroelemendid, mis aitavad p\u00fcsida tervena ja \u00f5nnelikuna. Vitamin Supreme sobib suurep\u00e4raselt ka lastele tarbimiseks.  Vitamin Supreme:   Aitab reguleerida ainevahetust.  T\u00f5stab energia taset organismis.  Toetab immuunsuss\u00fcsteemi.  Osaleb rakujagunemise protsessis.  V\u00e4hendab stressi, parandab meeleolu.  Kontrollib s\u00f6\u00f6giisu.\" \/>\n<meta property=\"og:url\" content=\"https:\/\/fit360.ee\/en\/pood\/product-groups\/vitamins-and-minerals-en\/multivitamins-en\/proactive-vitamin-supreme-30-tbl\/\" \/>\n<meta property=\"og:site_name\" content=\"Fit360\" \/>\n<meta property=\"article:modified_time\" content=\"2025-09-26T13:43:18+00:00\" \/>\n<meta property=\"og:image\" content=\"https:\/\/fit360.ee\/wp-content\/uploads\/2020\/02\/vitamin-supreme.jpg\" \/>\n\t<meta property=\"og:image:width\" content=\"800\" \/>\n\t<meta property=\"og:image:height\" content=\"800\" \/>\n\t<meta property=\"og:image:type\" content=\"image\/jpeg\" \/>\n<meta name=\"twitter:card\" content=\"summary_large_image\" \/>\n<meta name=\"twitter:label1\" content=\"Est. reading time\" \/>\n\t<meta name=\"twitter:data1\" content=\"1 minute\" \/>\n<script type=\"application\/ld+json\" class=\"yoast-schema-graph\">{\"@context\":\"https:\\\/\\\/schema.org\",\"@graph\":[{\"@type\":\"WebPage\",\"@id\":\"https:\\\/\\\/fit360.ee\\\/en\\\/pood\\\/product-groups\\\/vitamins-and-minerals-en\\\/multivitamins-en\\\/proactive-vitamin-supreme-30-tbl\\\/\",\"url\":\"https:\\\/\\\/fit360.ee\\\/en\\\/pood\\\/product-groups\\\/vitamins-and-minerals-en\\\/multivitamins-en\\\/proactive-vitamin-supreme-30-tbl\\\/\",\"name\":\"ProActive Vitamiin Supreme (30tab) - Fit360\",\"isPartOf\":{\"@id\":\"https:\\\/\\\/fit360.ee\\\/en\\\/#website\"},\"primaryImageOfPage\":{\"@id\":\"https:\\\/\\\/fit360.ee\\\/en\\\/pood\\\/product-groups\\\/vitamins-and-minerals-en\\\/multivitamins-en\\\/proactive-vitamin-supreme-30-tbl\\\/#primaryimage\"},\"image\":{\"@id\":\"https:\\\/\\\/fit360.ee\\\/en\\\/pood\\\/product-groups\\\/vitamins-and-minerals-en\\\/multivitamins-en\\\/proactive-vitamin-supreme-30-tbl\\\/#primaryimage\"},\"thumbnailUrl\":\"https:\\\/\\\/fit360.ee\\\/wp-content\\\/uploads\\\/2020\\\/02\\\/vitamin-supreme.jpg\",\"datePublished\":\"2020-02-05T16:39:41+00:00\",\"dateModified\":\"2025-09-26T13:43:18+00:00\",\"breadcrumb\":{\"@id\":\"https:\\\/\\\/fit360.ee\\\/en\\\/pood\\\/product-groups\\\/vitamins-and-minerals-en\\\/multivitamins-en\\\/proactive-vitamin-supreme-30-tbl\\\/#breadcrumb\"},\"inLanguage\":\"en-US\",\"potentialAction\":[{\"@type\":\"ReadAction\",\"target\":[\"https:\\\/\\\/fit360.ee\\\/en\\\/pood\\\/product-groups\\\/vitamins-and-minerals-en\\\/multivitamins-en\\\/proactive-vitamin-supreme-30-tbl\\\/\"]}]},{\"@type\":\"ImageObject\",\"inLanguage\":\"en-US\",\"@id\":\"https:\\\/\\\/fit360.ee\\\/en\\\/pood\\\/product-groups\\\/vitamins-and-minerals-en\\\/multivitamins-en\\\/proactive-vitamin-supreme-30-tbl\\\/#primaryimage\",\"url\":\"https:\\\/\\\/fit360.ee\\\/wp-content\\\/uploads\\\/2020\\\/02\\\/vitamin-supreme.jpg\",\"contentUrl\":\"https:\\\/\\\/fit360.ee\\\/wp-content\\\/uploads\\\/2020\\\/02\\\/vitamin-supreme.jpg\",\"width\":800,\"height\":800},{\"@type\":\"BreadcrumbList\",\"@id\":\"https:\\\/\\\/fit360.ee\\\/en\\\/pood\\\/product-groups\\\/vitamins-and-minerals-en\\\/multivitamins-en\\\/proactive-vitamin-supreme-30-tbl\\\/#breadcrumb\",\"itemListElement\":[{\"@type\":\"ListItem\",\"position\":1,\"name\":\"Home\",\"item\":\"https:\\\/\\\/fit360.ee\\\/en\\\/\"},{\"@type\":\"ListItem\",\"position\":2,\"name\":\"Shop\",\"item\":\"https:\\\/\\\/fit360.ee\\\/en\\\/shop\\\/\"},{\"@type\":\"ListItem\",\"position\":3,\"name\":\"ProActive Vitamiin Supreme (30tab)\"}]},{\"@type\":\"WebSite\",\"@id\":\"https:\\\/\\\/fit360.ee\\\/en\\\/#website\",\"url\":\"https:\\\/\\\/fit360.ee\\\/en\\\/\",\"name\":\"Fit360\",\"description\":\"\",\"publisher\":{\"@id\":\"https:\\\/\\\/fit360.ee\\\/en\\\/#organization\"},\"potentialAction\":[{\"@type\":\"SearchAction\",\"target\":{\"@type\":\"EntryPoint\",\"urlTemplate\":\"https:\\\/\\\/fit360.ee\\\/en\\\/?s={search_term_string}\"},\"query-input\":{\"@type\":\"PropertyValueSpecification\",\"valueRequired\":true,\"valueName\":\"search_term_string\"}}],\"inLanguage\":\"en-US\"},{\"@type\":\"Organization\",\"@id\":\"https:\\\/\\\/fit360.ee\\\/en\\\/#organization\",\"name\":\"Fit360\",\"url\":\"https:\\\/\\\/fit360.ee\\\/en\\\/\",\"logo\":{\"@type\":\"ImageObject\",\"inLanguage\":\"en-US\",\"@id\":\"https:\\\/\\\/fit360.ee\\\/en\\\/#\\\/schema\\\/logo\\\/image\\\/\",\"url\":\"https:\\\/\\\/fit360.ee\\\/wp-content\\\/uploads\\\/2017\\\/01\\\/logo-fit360.png\",\"contentUrl\":\"https:\\\/\\\/fit360.ee\\\/wp-content\\\/uploads\\\/2017\\\/01\\\/logo-fit360.png\",\"width\":180,\"height\":66,\"caption\":\"Fit360\"},\"image\":{\"@id\":\"https:\\\/\\\/fit360.ee\\\/en\\\/#\\\/schema\\\/logo\\\/image\\\/\"}}]}<\/script>\n<!-- \/ Yoast SEO plugin. -->","yoast_head_json":{"title":"ProActive Vitamiin Supreme (30tab) - Fit360","robots":{"index":"index","follow":"follow","max-snippet":"max-snippet:-1","max-image-preview":"max-image-preview:large","max-video-preview":"max-video-preview:-1"},"canonical":"https:\/\/fit360.ee\/en\/pood\/product-groups\/vitamins-and-minerals-en\/multivitamins-en\/proactive-vitamin-supreme-30-tbl\/","og_locale":"en_US","og_type":"article","og_title":"ProActive Vitamiin Supreme (30tab) - Fit360","og_description":"Vitamin Supreme tagab kehale h\u00e4davajalikud mikroelemendid, mis aitavad p\u00fcsida tervena ja \u00f5nnelikuna. Vitamin Supreme sobib suurep\u00e4raselt ka lastele tarbimiseks.  Vitamin Supreme:   Aitab reguleerida ainevahetust.  T\u00f5stab energia taset organismis.  Toetab immuunsuss\u00fcsteemi.  Osaleb rakujagunemise protsessis.  V\u00e4hendab stressi, parandab meeleolu.  Kontrollib s\u00f6\u00f6giisu.","og_url":"https:\/\/fit360.ee\/en\/pood\/product-groups\/vitamins-and-minerals-en\/multivitamins-en\/proactive-vitamin-supreme-30-tbl\/","og_site_name":"Fit360","article_modified_time":"2025-09-26T13:43:18+00:00","og_image":[{"width":800,"height":800,"url":"https:\/\/fit360.ee\/wp-content\/uploads\/2020\/02\/vitamin-supreme.jpg","type":"image\/jpeg"}],"twitter_card":"summary_large_image","twitter_misc":{"Est. reading time":"1 minute"},"schema":{"@context":"https:\/\/schema.org","@graph":[{"@type":"WebPage","@id":"https:\/\/fit360.ee\/en\/pood\/product-groups\/vitamins-and-minerals-en\/multivitamins-en\/proactive-vitamin-supreme-30-tbl\/","url":"https:\/\/fit360.ee\/en\/pood\/product-groups\/vitamins-and-minerals-en\/multivitamins-en\/proactive-vitamin-supreme-30-tbl\/","name":"ProActive Vitamiin Supreme (30tab) - Fit360","isPartOf":{"@id":"https:\/\/fit360.ee\/en\/#website"},"primaryImageOfPage":{"@id":"https:\/\/fit360.ee\/en\/pood\/product-groups\/vitamins-and-minerals-en\/multivitamins-en\/proactive-vitamin-supreme-30-tbl\/#primaryimage"},"image":{"@id":"https:\/\/fit360.ee\/en\/pood\/product-groups\/vitamins-and-minerals-en\/multivitamins-en\/proactive-vitamin-supreme-30-tbl\/#primaryimage"},"thumbnailUrl":"https:\/\/fit360.ee\/wp-content\/uploads\/2020\/02\/vitamin-supreme.jpg","datePublished":"2020-02-05T16:39:41+00:00","dateModified":"2025-09-26T13:43:18+00:00","breadcrumb":{"@id":"https:\/\/fit360.ee\/en\/pood\/product-groups\/vitamins-and-minerals-en\/multivitamins-en\/proactive-vitamin-supreme-30-tbl\/#breadcrumb"},"inLanguage":"en-US","potentialAction":[{"@type":"ReadAction","target":["https:\/\/fit360.ee\/en\/pood\/product-groups\/vitamins-and-minerals-en\/multivitamins-en\/proactive-vitamin-supreme-30-tbl\/"]}]},{"@type":"ImageObject","inLanguage":"en-US","@id":"https:\/\/fit360.ee\/en\/pood\/product-groups\/vitamins-and-minerals-en\/multivitamins-en\/proactive-vitamin-supreme-30-tbl\/#primaryimage","url":"https:\/\/fit360.ee\/wp-content\/uploads\/2020\/02\/vitamin-supreme.jpg","contentUrl":"https:\/\/fit360.ee\/wp-content\/uploads\/2020\/02\/vitamin-supreme.jpg","width":800,"height":800},{"@type":"BreadcrumbList","@id":"https:\/\/fit360.ee\/en\/pood\/product-groups\/vitamins-and-minerals-en\/multivitamins-en\/proactive-vitamin-supreme-30-tbl\/#breadcrumb","itemListElement":[{"@type":"ListItem","position":1,"name":"Home","item":"https:\/\/fit360.ee\/en\/"},{"@type":"ListItem","position":2,"name":"Shop","item":"https:\/\/fit360.ee\/en\/shop\/"},{"@type":"ListItem","position":3,"name":"ProActive Vitamiin Supreme (30tab)"}]},{"@type":"WebSite","@id":"https:\/\/fit360.ee\/en\/#website","url":"https:\/\/fit360.ee\/en\/","name":"Fit360","description":"","publisher":{"@id":"https:\/\/fit360.ee\/en\/#organization"},"potentialAction":[{"@type":"SearchAction","target":{"@type":"EntryPoint","urlTemplate":"https:\/\/fit360.ee\/en\/?s={search_term_string}"},"query-input":{"@type":"PropertyValueSpecification","valueRequired":true,"valueName":"search_term_string"}}],"inLanguage":"en-US"},{"@type":"Organization","@id":"https:\/\/fit360.ee\/en\/#organization","name":"Fit360","url":"https:\/\/fit360.ee\/en\/","logo":{"@type":"ImageObject","inLanguage":"en-US","@id":"https:\/\/fit360.ee\/en\/#\/schema\/logo\/image\/","url":"https:\/\/fit360.ee\/wp-content\/uploads\/2017\/01\/logo-fit360.png","contentUrl":"https:\/\/fit360.ee\/wp-content\/uploads\/2017\/01\/logo-fit360.png","width":180,"height":66,"caption":"Fit360"},"image":{"@id":"https:\/\/fit360.ee\/en\/#\/schema\/logo\/image\/"}}]}},"_links":{"self":[{"href":"https:\/\/fit360.ee\/en\/wp-json\/wp\/v2\/product\/31643","targetHints":{"allow":["GET"]}}],"collection":[{"href":"https:\/\/fit360.ee\/en\/wp-json\/wp\/v2\/product"}],"about":[{"href":"https:\/\/fit360.ee\/en\/wp-json\/wp\/v2\/types\/product"}],"replies":[{"embeddable":true,"href":"https:\/\/fit360.ee\/en\/wp-json\/wp\/v2\/comments?post=31643"}],"wp:featuredmedia":[{"embeddable":true,"href":"https:\/\/fit360.ee\/en\/wp-json\/wp\/v2\/media\/31642"}],"wp:attachment":[{"href":"https:\/\/fit360.ee\/en\/wp-json\/wp\/v2\/media?parent=31643"}],"wp:term":[{"taxonomy":"product_brand","embeddable":true,"href":"https:\/\/fit360.ee\/en\/wp-json\/wp\/v2\/product_brand?post=31643"},{"taxonomy":"product_cat","embeddable":true,"href":"https:\/\/fit360.ee\/en\/wp-json\/wp\/v2\/product_cat?post=31643"},{"taxonomy":"product_tag","embeddable":true,"href":"https:\/\/fit360.ee\/en\/wp-json\/wp\/v2\/product_tag?post=31643"},{"taxonomy":"giftcard-category","embeddable":true,"href":"https:\/\/fit360.ee\/en\/wp-json\/wp\/v2\/giftcard-category?post=31643"}],"curies":[{"name":"wp","href":"https:\/\/api.w.org\/{rel}","templated":true}]}}