{"id":34756,"date":"2020-04-01T18:40:21","date_gmt":"2020-04-01T16:40:21","guid":{"rendered":"https:\/\/fit360.ee\/pood\/uncategorized\/kaalium-magneesium-b6-90tbl\/"},"modified":"2026-04-10T15:42:14","modified_gmt":"2026-04-10T13:42:14","slug":"kaalium-magneesium-b6-90tbl","status":"publish","type":"product","link":"https:\/\/fit360.ee\/en\/pood\/product-groups\/vitamins-and-minerals-en\/magnesium-en\/kaalium-magneesium-b6-90tbl\/","title":{"rendered":"Kaalium + Magneesium +B6 (90tbl)"},"content":{"rendered":"<h1>Kaalium + Magneesium B6<\/h1>\n<p>Kaaliumi ja Magneesiumi kaod suurenevad tugeva pingutuse v\u00f5i f\u00fc\u00fcsilise koormuse korral. Seda aitab leevendada Kaalium + Magneesium Real Pharmi poolt.<\/p>\n<p><strong>Magneesiumist<\/strong>\u00a0s\u00f5ltub\u00a0ATP tootmine (rakuenergeetika), nukleiinhapete ja valkude s\u00fcntees. K\u00f5ige rohkem magneesiumi on aktiivseima ainevahetusega elundeis, nagu peaajus, s\u00fcdames, maksas ja neerudes. Magneesiumi vajab lihaskoe l\u00f5\u00f5gastus ja n\u00e4rvitalitlus. Magneesium suurendab veresoonte l\u00f5\u00f5gastust. Ta on oluline s\u00fcdamelihase h\u00e4ireteta t\u00f6\u00f6ks. Kui magneesiumi on v\u00e4he, on kaaliumi kanal avatud ja kaalium lahkub selle kaudu rakust. Magneesiumi v\u00e4hesus p\u00f5hjustab kaltsiumi ja naatriumi kuhjumist organismis, mis vereringet h\u00e4irides t\u00f5stab verer\u00f5hku. Viimane viib omakorda magneesiumi hulga v\u00e4henemisele ning edasi s\u00fcdamear\u00fctmia ja -rabanduseni.<\/p>\n<p><strong>Kaalium<\/strong>\u00a0on vajalik lihaste ja n\u00e4rvide korralikuks funktsioneerimiseks, reguleerib ka s\u00fcdame r\u00fctmi ja vedeliku tasakaalu organismis. Kaaliumi puudus tingib v\u00e4simust, lihasten\u00f5rkust, turseid, k\u00f5hukinnisust ja neerude puudulikkust<\/p>\n<p><strong>Kaaliumi toime:<\/strong><\/p>\n<ul>\n<li>Vee hulga reguleerimine kudedes ja verer\u00f5hu langetamine<\/li>\n<li>Lihaste t\u00f6\u00f6 tagamine, valkude ja s\u00fcsivesikute ainevahetuse paranemine<\/li>\n<li>S\u00fcdamelihaste t\u00f6\u00f6 ja vereringe reguleerimine<\/li>\n<li>Energia vabastamine ning n\u00e4rvide ja lihaste toimimine<\/li>\n<\/ul>\n<p><strong>Koostisosad<\/strong>: kaaliumtsitraat, magneesiumtsitraat, vitamiin B6, t\u00e4iteained: mikrokristalliline tselluloos, t\u00e4rklis; paakumisvastased ained: magneesiumstearaat, r\u00e4nidioksiid, kaltsiumkarbonaat.<\/p>\n<p><strong>Kasutamine<\/strong>: V\u00f5ta 2 tabletti p\u00e4evas koos veega.<\/p>\n<p><strong>NB<\/strong>: Toidulisandid ei asenda mitmek\u00fclgeset toitumist. Hoiustada kuivas ja jahedas kohas, eemal otsest p\u00e4evavalgusest.<\/p>\n<p><strong>Suurus<\/strong>: 90 tabletti \u2013 45 serveeringut<\/p>\n<table width=\"282\">\n<tbody>\n<tr>\n<td width=\"151\"><strong>Anal\u00fc\u00fcs<\/strong><\/td>\n<td width=\"66\"><strong>2 tabletti<\/strong><\/td>\n<td width=\"64\"><strong>SPK%<\/strong><\/td>\n<\/tr>\n<tr>\n<td width=\"151\">Kaalium (kaaliumtsitraat)<\/td>\n<td width=\"66\">300mg<\/td>\n<td width=\"64\">15%<\/td>\n<\/tr>\n<tr>\n<td width=\"151\">Magneesium (magneesiumtsitraat)<\/td>\n<td width=\"66\">140mg<\/td>\n<td width=\"64\">37,3%<\/td>\n<\/tr>\n<tr>\n<td width=\"151\">Vitamiin B6<\/td>\n<td width=\"66\">10 mg<\/td>\n<td width=\"64\">357%<\/td>\n<\/tr>\n<\/tbody>\n<\/table>\n<p>SPK \u2013 Soovitatud p\u00e4evane kogus<\/p>\n<p>Soovid kaupa osta suuremas koguses? Vaata antud toodet ka meie HULGI poest\u00a0<a href=\"https:\/\/toidulisandidhulgi.ee\/product\/kaalium-magneesium-b6-90tbl\/\"><strong>SIIT<\/strong><\/a>!<\/p>\n","protected":false},"excerpt":{"rendered":"<p><strong>Potassium ( Kaalium):<\/strong><\/p>\n<ul>\n<li>Aitab s\u00e4ilitada neuromuskulaarse s\u00fcsteemi korrektset toimimist<\/li>\n<li>Aitab verer\u00f5hku hoida tasakaalus<\/li>\n<\/ul>\n<p><strong>Magneesium + B6:<\/strong><\/p>\n<ul>\n<li>Aitab lihaskrampide vastu.<\/li>\n<li>Toetab n\u00e4rvis\u00fcsteemi t\u00f6\u00f6d.<\/li>\n<li>Aitab lihasv\u00e4simuse vastu.<\/li>\n<li>Hea taastaja peale rasket f\u00fc\u00fcsilist t\u00f6\u00f6d v\u00f5i treeningut.<\/li>\n<\/ul>\n","protected":false},"featured_media":39707,"comment_status":"open","ping_status":"closed","template":"","meta":[],"product_brand":[],"product_cat":[527,1915,2271,515,536],"product_tag":[2185,2189,2190,1803],"giftcard-category":[],"class_list":{"0":"post-34756","1":"product","2":"type-product","3":"status-publish","4":"has-post-thumbnail","6":"product_cat-joint-support-en","7":"product_cat-magnesium-en","8":"product_cat-potassium-en","9":"product_cat-real-pharm","10":"product_cat-vitamins-and-minerals-en","11":"product_tag-kaalium-en","12":"product_tag-kaalium-magneesium-en","13":"product_tag-magneesium-en","14":"product_tag-real-pharm-en","15":"pa_toidulisand-branddd-real-pharm","16":"pa_tootegruppp-for-joints","17":"pa_tootegruppp-kaalium-en","18":"pa_tootegruppp-magneesium-en","19":"pa_tootegruppp-vitamins-and-minerals","21":"first","22":"instock","23":"sale","24":"taxable","25":"shipping-taxable","26":"purchasable","27":"product-type-simple"},"yoast_head":"<!-- This site is optimized with the Yoast SEO plugin v27.3 - https:\/\/yoast.com\/product\/yoast-seo-wordpress\/ -->\n<title>Kaalium + Magneesium +B6 (90tbl) - Kiire tarne - Parimad hinnad - Fit360<\/title>\n<meta name=\"description\" content=\"Kaalium + Magneesium aitab lihaskrampide vastu, toetab n\u00e4rvis\u00fcsteemi t\u00f6\u00f6d ning s\u00e4ilitab neuromuskulaarse s\u00fcsteemi korrektset toimimist.\" \/>\n<meta name=\"robots\" content=\"index, follow, max-snippet:-1, max-image-preview:large, max-video-preview:-1\" \/>\n<link rel=\"canonical\" href=\"https:\/\/fit360.ee\/en\/pood\/product-groups\/vitamins-and-minerals-en\/magnesium-en\/kaalium-magneesium-b6-90tbl\/\" \/>\n<meta property=\"og:locale\" content=\"en_US\" \/>\n<meta property=\"og:type\" content=\"article\" \/>\n<meta property=\"og:title\" content=\"Kaalium + Magneesium +B6 (90tbl) - Kiire tarne - Parimad hinnad - Fit360\" \/>\n<meta property=\"og:description\" content=\"Kaalium + Magneesium aitab lihaskrampide vastu, toetab n\u00e4rvis\u00fcsteemi t\u00f6\u00f6d ning s\u00e4ilitab neuromuskulaarse s\u00fcsteemi korrektset toimimist.\" \/>\n<meta property=\"og:url\" content=\"https:\/\/fit360.ee\/en\/pood\/product-groups\/vitamins-and-minerals-en\/magnesium-en\/kaalium-magneesium-b6-90tbl\/\" \/>\n<meta property=\"og:site_name\" content=\"Fit360\" \/>\n<meta property=\"article:modified_time\" content=\"2026-04-10T13:42:14+00:00\" \/>\n<meta property=\"og:image\" content=\"https:\/\/fit360.ee\/wp-content\/uploads\/2020\/04\/Kaalium-Magneesium-B6-fit360.ee_.png\" \/>\n\t<meta property=\"og:image:width\" content=\"800\" \/>\n\t<meta property=\"og:image:height\" content=\"800\" \/>\n\t<meta property=\"og:image:type\" content=\"image\/png\" \/>\n<meta name=\"twitter:card\" content=\"summary_large_image\" \/>\n<meta name=\"twitter:label1\" content=\"Est. reading time\" \/>\n\t<meta name=\"twitter:data1\" content=\"2 minutes\" \/>\n<script type=\"application\/ld+json\" class=\"yoast-schema-graph\">{\"@context\":\"https:\\\/\\\/schema.org\",\"@graph\":[{\"@type\":\"WebPage\",\"@id\":\"https:\\\/\\\/fit360.ee\\\/en\\\/pood\\\/product-groups\\\/vitamins-and-minerals-en\\\/magnesium-en\\\/kaalium-magneesium-b6-90tbl\\\/\",\"url\":\"https:\\\/\\\/fit360.ee\\\/en\\\/pood\\\/product-groups\\\/vitamins-and-minerals-en\\\/magnesium-en\\\/kaalium-magneesium-b6-90tbl\\\/\",\"name\":\"Kaalium + Magneesium +B6 (90tbl) - Kiire tarne - Parimad hinnad - Fit360\",\"isPartOf\":{\"@id\":\"https:\\\/\\\/fit360.ee\\\/en\\\/#website\"},\"primaryImageOfPage\":{\"@id\":\"https:\\\/\\\/fit360.ee\\\/en\\\/pood\\\/product-groups\\\/vitamins-and-minerals-en\\\/magnesium-en\\\/kaalium-magneesium-b6-90tbl\\\/#primaryimage\"},\"image\":{\"@id\":\"https:\\\/\\\/fit360.ee\\\/en\\\/pood\\\/product-groups\\\/vitamins-and-minerals-en\\\/magnesium-en\\\/kaalium-magneesium-b6-90tbl\\\/#primaryimage\"},\"thumbnailUrl\":\"https:\\\/\\\/fit360.ee\\\/wp-content\\\/uploads\\\/2020\\\/04\\\/Kaalium-Magneesium-B6-fit360.ee_.png\",\"datePublished\":\"2020-04-01T16:40:21+00:00\",\"dateModified\":\"2026-04-10T13:42:14+00:00\",\"description\":\"Kaalium + Magneesium aitab lihaskrampide vastu, toetab n\u00e4rvis\u00fcsteemi t\u00f6\u00f6d ning s\u00e4ilitab neuromuskulaarse s\u00fcsteemi korrektset toimimist.\",\"breadcrumb\":{\"@id\":\"https:\\\/\\\/fit360.ee\\\/en\\\/pood\\\/product-groups\\\/vitamins-and-minerals-en\\\/magnesium-en\\\/kaalium-magneesium-b6-90tbl\\\/#breadcrumb\"},\"inLanguage\":\"en-US\",\"potentialAction\":[{\"@type\":\"ReadAction\",\"target\":[\"https:\\\/\\\/fit360.ee\\\/en\\\/pood\\\/product-groups\\\/vitamins-and-minerals-en\\\/magnesium-en\\\/kaalium-magneesium-b6-90tbl\\\/\"]}]},{\"@type\":\"ImageObject\",\"inLanguage\":\"en-US\",\"@id\":\"https:\\\/\\\/fit360.ee\\\/en\\\/pood\\\/product-groups\\\/vitamins-and-minerals-en\\\/magnesium-en\\\/kaalium-magneesium-b6-90tbl\\\/#primaryimage\",\"url\":\"https:\\\/\\\/fit360.ee\\\/wp-content\\\/uploads\\\/2020\\\/04\\\/Kaalium-Magneesium-B6-fit360.ee_.png\",\"contentUrl\":\"https:\\\/\\\/fit360.ee\\\/wp-content\\\/uploads\\\/2020\\\/04\\\/Kaalium-Magneesium-B6-fit360.ee_.png\",\"width\":800,\"height\":800,\"caption\":\"Kaalium Magneesium B6 - fit360.ee\"},{\"@type\":\"BreadcrumbList\",\"@id\":\"https:\\\/\\\/fit360.ee\\\/en\\\/pood\\\/product-groups\\\/vitamins-and-minerals-en\\\/magnesium-en\\\/kaalium-magneesium-b6-90tbl\\\/#breadcrumb\",\"itemListElement\":[{\"@type\":\"ListItem\",\"position\":1,\"name\":\"Home\",\"item\":\"https:\\\/\\\/fit360.ee\\\/en\\\/\"},{\"@type\":\"ListItem\",\"position\":2,\"name\":\"Shop\",\"item\":\"https:\\\/\\\/fit360.ee\\\/en\\\/shop\\\/\"},{\"@type\":\"ListItem\",\"position\":3,\"name\":\"Kaalium + Magneesium +B6 (90tbl)\"}]},{\"@type\":\"WebSite\",\"@id\":\"https:\\\/\\\/fit360.ee\\\/en\\\/#website\",\"url\":\"https:\\\/\\\/fit360.ee\\\/en\\\/\",\"name\":\"Fit360\",\"description\":\"\",\"publisher\":{\"@id\":\"https:\\\/\\\/fit360.ee\\\/en\\\/#organization\"},\"potentialAction\":[{\"@type\":\"SearchAction\",\"target\":{\"@type\":\"EntryPoint\",\"urlTemplate\":\"https:\\\/\\\/fit360.ee\\\/en\\\/?s={search_term_string}\"},\"query-input\":{\"@type\":\"PropertyValueSpecification\",\"valueRequired\":true,\"valueName\":\"search_term_string\"}}],\"inLanguage\":\"en-US\"},{\"@type\":\"Organization\",\"@id\":\"https:\\\/\\\/fit360.ee\\\/en\\\/#organization\",\"name\":\"Fit360\",\"url\":\"https:\\\/\\\/fit360.ee\\\/en\\\/\",\"logo\":{\"@type\":\"ImageObject\",\"inLanguage\":\"en-US\",\"@id\":\"https:\\\/\\\/fit360.ee\\\/en\\\/#\\\/schema\\\/logo\\\/image\\\/\",\"url\":\"https:\\\/\\\/fit360.ee\\\/wp-content\\\/uploads\\\/2017\\\/01\\\/logo-fit360.png\",\"contentUrl\":\"https:\\\/\\\/fit360.ee\\\/wp-content\\\/uploads\\\/2017\\\/01\\\/logo-fit360.png\",\"width\":180,\"height\":66,\"caption\":\"Fit360\"},\"image\":{\"@id\":\"https:\\\/\\\/fit360.ee\\\/en\\\/#\\\/schema\\\/logo\\\/image\\\/\"}}]}<\/script>\n<!-- \/ Yoast SEO plugin. -->","yoast_head_json":{"title":"Kaalium + Magneesium +B6 (90tbl) - Kiire tarne - Parimad hinnad - Fit360","description":"Kaalium + Magneesium aitab lihaskrampide vastu, toetab n\u00e4rvis\u00fcsteemi t\u00f6\u00f6d ning s\u00e4ilitab neuromuskulaarse s\u00fcsteemi korrektset toimimist.","robots":{"index":"index","follow":"follow","max-snippet":"max-snippet:-1","max-image-preview":"max-image-preview:large","max-video-preview":"max-video-preview:-1"},"canonical":"https:\/\/fit360.ee\/en\/pood\/product-groups\/vitamins-and-minerals-en\/magnesium-en\/kaalium-magneesium-b6-90tbl\/","og_locale":"en_US","og_type":"article","og_title":"Kaalium + Magneesium +B6 (90tbl) - Kiire tarne - Parimad hinnad - Fit360","og_description":"Kaalium + Magneesium aitab lihaskrampide vastu, toetab n\u00e4rvis\u00fcsteemi t\u00f6\u00f6d ning s\u00e4ilitab neuromuskulaarse s\u00fcsteemi korrektset toimimist.","og_url":"https:\/\/fit360.ee\/en\/pood\/product-groups\/vitamins-and-minerals-en\/magnesium-en\/kaalium-magneesium-b6-90tbl\/","og_site_name":"Fit360","article_modified_time":"2026-04-10T13:42:14+00:00","og_image":[{"width":800,"height":800,"url":"https:\/\/fit360.ee\/wp-content\/uploads\/2020\/04\/Kaalium-Magneesium-B6-fit360.ee_.png","type":"image\/png"}],"twitter_card":"summary_large_image","twitter_misc":{"Est. reading time":"2 minutes"},"schema":{"@context":"https:\/\/schema.org","@graph":[{"@type":"WebPage","@id":"https:\/\/fit360.ee\/en\/pood\/product-groups\/vitamins-and-minerals-en\/magnesium-en\/kaalium-magneesium-b6-90tbl\/","url":"https:\/\/fit360.ee\/en\/pood\/product-groups\/vitamins-and-minerals-en\/magnesium-en\/kaalium-magneesium-b6-90tbl\/","name":"Kaalium + Magneesium +B6 (90tbl) - Kiire tarne - Parimad hinnad - Fit360","isPartOf":{"@id":"https:\/\/fit360.ee\/en\/#website"},"primaryImageOfPage":{"@id":"https:\/\/fit360.ee\/en\/pood\/product-groups\/vitamins-and-minerals-en\/magnesium-en\/kaalium-magneesium-b6-90tbl\/#primaryimage"},"image":{"@id":"https:\/\/fit360.ee\/en\/pood\/product-groups\/vitamins-and-minerals-en\/magnesium-en\/kaalium-magneesium-b6-90tbl\/#primaryimage"},"thumbnailUrl":"https:\/\/fit360.ee\/wp-content\/uploads\/2020\/04\/Kaalium-Magneesium-B6-fit360.ee_.png","datePublished":"2020-04-01T16:40:21+00:00","dateModified":"2026-04-10T13:42:14+00:00","description":"Kaalium + Magneesium aitab lihaskrampide vastu, toetab n\u00e4rvis\u00fcsteemi t\u00f6\u00f6d ning s\u00e4ilitab neuromuskulaarse s\u00fcsteemi korrektset toimimist.","breadcrumb":{"@id":"https:\/\/fit360.ee\/en\/pood\/product-groups\/vitamins-and-minerals-en\/magnesium-en\/kaalium-magneesium-b6-90tbl\/#breadcrumb"},"inLanguage":"en-US","potentialAction":[{"@type":"ReadAction","target":["https:\/\/fit360.ee\/en\/pood\/product-groups\/vitamins-and-minerals-en\/magnesium-en\/kaalium-magneesium-b6-90tbl\/"]}]},{"@type":"ImageObject","inLanguage":"en-US","@id":"https:\/\/fit360.ee\/en\/pood\/product-groups\/vitamins-and-minerals-en\/magnesium-en\/kaalium-magneesium-b6-90tbl\/#primaryimage","url":"https:\/\/fit360.ee\/wp-content\/uploads\/2020\/04\/Kaalium-Magneesium-B6-fit360.ee_.png","contentUrl":"https:\/\/fit360.ee\/wp-content\/uploads\/2020\/04\/Kaalium-Magneesium-B6-fit360.ee_.png","width":800,"height":800,"caption":"Kaalium Magneesium B6 - fit360.ee"},{"@type":"BreadcrumbList","@id":"https:\/\/fit360.ee\/en\/pood\/product-groups\/vitamins-and-minerals-en\/magnesium-en\/kaalium-magneesium-b6-90tbl\/#breadcrumb","itemListElement":[{"@type":"ListItem","position":1,"name":"Home","item":"https:\/\/fit360.ee\/en\/"},{"@type":"ListItem","position":2,"name":"Shop","item":"https:\/\/fit360.ee\/en\/shop\/"},{"@type":"ListItem","position":3,"name":"Kaalium + Magneesium +B6 (90tbl)"}]},{"@type":"WebSite","@id":"https:\/\/fit360.ee\/en\/#website","url":"https:\/\/fit360.ee\/en\/","name":"Fit360","description":"","publisher":{"@id":"https:\/\/fit360.ee\/en\/#organization"},"potentialAction":[{"@type":"SearchAction","target":{"@type":"EntryPoint","urlTemplate":"https:\/\/fit360.ee\/en\/?s={search_term_string}"},"query-input":{"@type":"PropertyValueSpecification","valueRequired":true,"valueName":"search_term_string"}}],"inLanguage":"en-US"},{"@type":"Organization","@id":"https:\/\/fit360.ee\/en\/#organization","name":"Fit360","url":"https:\/\/fit360.ee\/en\/","logo":{"@type":"ImageObject","inLanguage":"en-US","@id":"https:\/\/fit360.ee\/en\/#\/schema\/logo\/image\/","url":"https:\/\/fit360.ee\/wp-content\/uploads\/2017\/01\/logo-fit360.png","contentUrl":"https:\/\/fit360.ee\/wp-content\/uploads\/2017\/01\/logo-fit360.png","width":180,"height":66,"caption":"Fit360"},"image":{"@id":"https:\/\/fit360.ee\/en\/#\/schema\/logo\/image\/"}}]}},"_links":{"self":[{"href":"https:\/\/fit360.ee\/en\/wp-json\/wp\/v2\/product\/34756","targetHints":{"allow":["GET"]}}],"collection":[{"href":"https:\/\/fit360.ee\/en\/wp-json\/wp\/v2\/product"}],"about":[{"href":"https:\/\/fit360.ee\/en\/wp-json\/wp\/v2\/types\/product"}],"replies":[{"embeddable":true,"href":"https:\/\/fit360.ee\/en\/wp-json\/wp\/v2\/comments?post=34756"}],"wp:featuredmedia":[{"embeddable":true,"href":"https:\/\/fit360.ee\/en\/wp-json\/wp\/v2\/media\/39707"}],"wp:attachment":[{"href":"https:\/\/fit360.ee\/en\/wp-json\/wp\/v2\/media?parent=34756"}],"wp:term":[{"taxonomy":"product_brand","embeddable":true,"href":"https:\/\/fit360.ee\/en\/wp-json\/wp\/v2\/product_brand?post=34756"},{"taxonomy":"product_cat","embeddable":true,"href":"https:\/\/fit360.ee\/en\/wp-json\/wp\/v2\/product_cat?post=34756"},{"taxonomy":"product_tag","embeddable":true,"href":"https:\/\/fit360.ee\/en\/wp-json\/wp\/v2\/product_tag?post=34756"},{"taxonomy":"giftcard-category","embeddable":true,"href":"https:\/\/fit360.ee\/en\/wp-json\/wp\/v2\/giftcard-category?post=34756"}],"curies":[{"name":"wp","href":"https:\/\/api.w.org\/{rel}","templated":true}]}}