{"id":34770,"date":"2020-04-01T19:53:10","date_gmt":"2020-04-01T17:53:10","guid":{"rendered":"https:\/\/fit360.ee\/pood\/uncategorized\/vitamax-men-60-tabletti\/"},"modified":"2025-09-13T20:31:00","modified_gmt":"2025-09-13T18:31:00","slug":"vitamax-men-60-tabletti","status":"publish","type":"product","link":"https:\/\/fit360.ee\/en\/pood\/product-groups\/vitamins-and-minerals-en\/multivitamins-en\/vitamax-men-60-tabletti\/","title":{"rendered":"VITAMAX Men (60 tabletti)"},"content":{"rendered":"<p><strong>Teised koostisosad: <\/strong>T\u00e4iteained: mikrokristalliline tselluloos; t\u00e4rklis, paakumisvastased ained: magneesiumstearaat, r\u00e4nidioksiid.<\/p>\n<p><strong>Kasutamine<\/strong>: V\u00f5ta 1 tablett, 2 korda p\u00e4evas koos veega. Mitte \u00fcletada soovitatud p\u00e4evast kogust. Hoiustada kuivas ja jahedas kohas, eemal otsesest p\u00e4evavalgusest.<\/p>\n<p><strong>Suurus<\/strong>: 60 tabletti<\/p>\n<table width=\"610\">\n<tbody>\n<tr>\n<td width=\"222\"><strong>Anal\u00fc\u00fcs<\/strong><\/td>\n<td><strong>2 tabletti<\/strong><\/td>\n<td><strong>% SPK<\/strong><\/td>\n<\/tr>\n<tr>\n<td width=\"222\">Magneesium (magneesiumtsitraat)<\/td>\n<td>120mg<\/td>\n<td>32%<\/td>\n<\/tr>\n<tr>\n<td width=\"222\">Kaltsium (kaltsiumkarbonaat)<\/td>\n<td>240 mg<\/td>\n<td>30%<\/td>\n<\/tr>\n<tr>\n<td width=\"222\">Vitamiin C (askorbiinhape)<\/td>\n<td>80mg<\/td>\n<td>100%<\/td>\n<\/tr>\n<tr>\n<td width=\"222\">Siberi \u017een\u0161enni juure ekstrakt 4:1<\/td>\n<td>50mg<\/td>\n<td>*<\/td>\n<\/tr>\n<tr>\n<td width=\"222\">Tribulus Terrestis puuviljaekstrakt<\/td>\n<td>50mg<\/td>\n<td>**<\/td>\n<\/tr>\n<tr>\n<td width=\"222\">Letsitiin<\/td>\n<td>25mg<\/td>\n<td>**<\/td>\n<\/tr>\n<tr>\n<td width=\"222\">Trigonella juure ekstrakt (<em>Trigonella foenum- graceum L<\/em>)<\/td>\n<td>25mg<\/td>\n<td>**<\/td>\n<\/tr>\n<tr>\n<td width=\"222\">Palmetto puu<\/td>\n<td>25mg<\/td>\n<td>**<\/td>\n<\/tr>\n<tr>\n<td width=\"222\">Vitamiin B3 \u2013 Nikotiinamiid<\/td>\n<td>16mg<\/td>\n<td>100%<\/td>\n<\/tr>\n<tr>\n<td width=\"222\">Raud (raudlaktaat)<\/td>\n<td>14mg<\/td>\n<td>100%<\/td>\n<\/tr>\n<tr>\n<td width=\"222\">Vitamiin E \u2013 D-alfa tokoferool<\/td>\n<td>12mg<\/td>\n<td>100%<\/td>\n<\/tr>\n<tr>\n<td width=\"222\">Tsink \u2013 tsinksulfaat<\/td>\n<td>10mg<\/td>\n<td>100%<\/td>\n<\/tr>\n<tr>\n<td width=\"222\">Vitamiin B5 \u2013 pantoteenhape<\/td>\n<td>6mg<\/td>\n<td>100%<\/td>\n<\/tr>\n<tr>\n<td width=\"222\">Piperine<\/td>\n<td>2mg<\/td>\n<td>**<\/td>\n<\/tr>\n<tr>\n<td width=\"222\">Mangaan \u2013 mangaansulfaat<\/td>\n<td>2mg<\/td>\n<td>100%<\/td>\n<\/tr>\n<tr>\n<td width=\"222\">Vitamiin B2 \u2013 riboflavin<\/td>\n<td>1.4mg<\/td>\n<td>100%<\/td>\n<\/tr>\n<tr>\n<td width=\"222\">Vitamiin B6 \u2013 p\u00fcridoksiinvesinikkloriid<\/td>\n<td>1.4mg<\/td>\n<td>100%<\/td>\n<\/tr>\n<tr>\n<td width=\"222\">Vitamiin B1 \u2013 Tiamiin mononitraat<\/td>\n<td>1.1mg<\/td>\n<td>100%<\/td>\n<\/tr>\n<tr>\n<td width=\"222\">Vask<\/td>\n<td>1mg<\/td>\n<td>100%<\/td>\n<\/tr>\n<tr>\n<td width=\"222\">Vitamiin A \u2013 retin\u00fc\u00fclatsetaat<\/td>\n<td>800\u00b5g<\/td>\n<td>100%<\/td>\n<\/tr>\n<tr>\n<td width=\"222\">Foolhape<\/td>\n<td>200\u00b5g<\/td>\n<td>100%<\/td>\n<\/tr>\n<tr>\n<td width=\"222\">Jood<\/td>\n<td>150\u00b5g<\/td>\n<td>100%<\/td>\n<\/tr>\n<tr>\n<td width=\"222\">Seleen<\/td>\n<td>55\u00b5g<\/td>\n<td>100%<\/td>\n<\/tr>\n<tr>\n<td width=\"222\">Biotiin<\/td>\n<td>50\u00b5g<\/td>\n<td>100%<\/td>\n<\/tr>\n<tr>\n<td width=\"222\">Vitamiin D<\/td>\n<td>5\u00b5g<\/td>\n<td>100%<\/td>\n<\/tr>\n<tr>\n<td width=\"222\">Vitamiin B12 \u2013 kobalamiin<\/td>\n<td>2.5\u00b5g<\/td>\n<td>100%<\/td>\n<\/tr>\n<\/tbody>\n<\/table>\n<p><strong>SPK \u2013 soovitatud p\u00e4evane kogus<\/strong>.<\/p>\n<p>Soovid kaupa osta suuremas koguses? Vaata antud toodet ka meie HULGI poest\u00a0<a href=\"https:\/\/toidulisandidhulgi.ee\/product\/vitamax-men-60-tabletti\/\"><strong>SIIT<\/strong><\/a>!<\/p>\n","protected":false},"excerpt":{"rendered":"<p><strong>VITAMAX Men vitamiini- ja mineraalikompleks:<\/strong><\/p>\n<ul>\n<li>Aitab reguleerida ainevahetust.<\/li>\n<li>T\u00f5stab energia taset organismis.<\/li>\n<li>Toetab immuunsuss\u00fcsteemi.<\/li>\n<li>T\u00f5stab testosterooni taset<\/li>\n<li>Osaleb rakujagunemise protsessis.<\/li>\n<li>V\u00e4hendab stressi, parandab meeleolu.<\/li>\n<\/ul>\n<p><strong>VITAMAX Mex <\/strong>kompleks on loodud spetsiaalselt meestele &#8211; see on kombinatsioon vitamiinidest, mineraalidest ning spetsiaalsetest toidulisanditest, mis aitavad s\u00e4ilitada mehelikkust.<\/p>\n","protected":false},"featured_media":34769,"comment_status":"open","ping_status":"closed","template":"","meta":[],"product_brand":[],"product_cat":[5311,5320,1917,515,532,536],"product_tag":[],"giftcard-category":[],"class_list":{"0":"post-34770","1":"product","2":"type-product","3":"status-publish","4":"has-post-thumbnail","6":"product_cat-antioxidants-en","7":"product_cat-for-immunity-en","8":"product_cat-multivitamins-en","9":"product_cat-real-pharm","10":"product_cat-testosterone-boosters-en","11":"product_cat-vitamins-and-minerals-en","12":"pa_toidulisand-branddd-real-pharm","13":"pa_tootegruppp-antioksudandid-en","14":"pa_tootegruppp-immuunsusteem-en","15":"pa_tootegruppp-multivitamiinid-en","16":"pa_tootegruppp-testosterone-enhancers","17":"pa_tootegruppp-vitamins-and-minerals","19":"first","20":"instock","21":"sale","22":"taxable","23":"shipping-taxable","24":"purchasable","25":"product-type-simple"},"yoast_head":"<!-- This site is optimized with the Yoast SEO plugin v27.3 - https:\/\/yoast.com\/product\/yoast-seo-wordpress\/ -->\n<title>VITAMAX Men (60 tabletti) - Fit360<\/title>\n<meta name=\"description\" content=\"Aitab reguleerida ainevahetust.T\u00f5stab energia taset organismis.Toetab immuunsuss\u00fcsteemi.T\u00f5stab testosterooni taset. Osaleb rakujagunemise protsessis.V\u00e4hendab stressi, parandab meeleolu.\" \/>\n<meta name=\"robots\" content=\"index, follow, max-snippet:-1, max-image-preview:large, max-video-preview:-1\" \/>\n<link rel=\"canonical\" href=\"https:\/\/fit360.ee\/en\/pood\/product-groups\/vitamins-and-minerals-en\/multivitamins-en\/vitamax-men-60-tabletti\/\" \/>\n<meta property=\"og:locale\" content=\"en_US\" \/>\n<meta property=\"og:type\" content=\"article\" \/>\n<meta property=\"og:title\" content=\"VITAMAX Men (60 tabletti) - Fit360\" \/>\n<meta property=\"og:description\" content=\"Aitab reguleerida ainevahetust.T\u00f5stab energia taset organismis.Toetab immuunsuss\u00fcsteemi.T\u00f5stab testosterooni taset. Osaleb rakujagunemise protsessis.V\u00e4hendab stressi, parandab meeleolu.\" \/>\n<meta property=\"og:url\" content=\"https:\/\/fit360.ee\/en\/pood\/product-groups\/vitamins-and-minerals-en\/multivitamins-en\/vitamax-men-60-tabletti\/\" \/>\n<meta property=\"og:site_name\" content=\"Fit360\" \/>\n<meta property=\"article:modified_time\" content=\"2025-09-13T18:31:00+00:00\" \/>\n<meta property=\"og:image\" content=\"https:\/\/fit360.ee\/wp-content\/uploads\/2020\/04\/real-pharm-vitamax-men-60tabl.png\" \/>\n\t<meta property=\"og:image:width\" content=\"800\" \/>\n\t<meta property=\"og:image:height\" content=\"800\" \/>\n\t<meta property=\"og:image:type\" content=\"image\/png\" \/>\n<meta name=\"twitter:card\" content=\"summary_large_image\" \/>\n<meta name=\"twitter:label1\" content=\"Est. reading time\" \/>\n\t<meta name=\"twitter:data1\" content=\"1 minute\" \/>\n<script type=\"application\/ld+json\" class=\"yoast-schema-graph\">{\"@context\":\"https:\\\/\\\/schema.org\",\"@graph\":[{\"@type\":\"WebPage\",\"@id\":\"https:\\\/\\\/fit360.ee\\\/en\\\/pood\\\/product-groups\\\/vitamins-and-minerals-en\\\/multivitamins-en\\\/vitamax-men-60-tabletti\\\/\",\"url\":\"https:\\\/\\\/fit360.ee\\\/en\\\/pood\\\/product-groups\\\/vitamins-and-minerals-en\\\/multivitamins-en\\\/vitamax-men-60-tabletti\\\/\",\"name\":\"VITAMAX Men (60 tabletti) - Fit360\",\"isPartOf\":{\"@id\":\"https:\\\/\\\/fit360.ee\\\/en\\\/#website\"},\"primaryImageOfPage\":{\"@id\":\"https:\\\/\\\/fit360.ee\\\/en\\\/pood\\\/product-groups\\\/vitamins-and-minerals-en\\\/multivitamins-en\\\/vitamax-men-60-tabletti\\\/#primaryimage\"},\"image\":{\"@id\":\"https:\\\/\\\/fit360.ee\\\/en\\\/pood\\\/product-groups\\\/vitamins-and-minerals-en\\\/multivitamins-en\\\/vitamax-men-60-tabletti\\\/#primaryimage\"},\"thumbnailUrl\":\"https:\\\/\\\/fit360.ee\\\/wp-content\\\/uploads\\\/2020\\\/04\\\/real-pharm-vitamax-men-60tabl.png\",\"datePublished\":\"2020-04-01T17:53:10+00:00\",\"dateModified\":\"2025-09-13T18:31:00+00:00\",\"description\":\"Aitab reguleerida ainevahetust.T\u00f5stab energia taset organismis.Toetab immuunsuss\u00fcsteemi.T\u00f5stab testosterooni taset. Osaleb rakujagunemise protsessis.V\u00e4hendab stressi, parandab meeleolu.\",\"breadcrumb\":{\"@id\":\"https:\\\/\\\/fit360.ee\\\/en\\\/pood\\\/product-groups\\\/vitamins-and-minerals-en\\\/multivitamins-en\\\/vitamax-men-60-tabletti\\\/#breadcrumb\"},\"inLanguage\":\"en-US\",\"potentialAction\":[{\"@type\":\"ReadAction\",\"target\":[\"https:\\\/\\\/fit360.ee\\\/en\\\/pood\\\/product-groups\\\/vitamins-and-minerals-en\\\/multivitamins-en\\\/vitamax-men-60-tabletti\\\/\"]}]},{\"@type\":\"ImageObject\",\"inLanguage\":\"en-US\",\"@id\":\"https:\\\/\\\/fit360.ee\\\/en\\\/pood\\\/product-groups\\\/vitamins-and-minerals-en\\\/multivitamins-en\\\/vitamax-men-60-tabletti\\\/#primaryimage\",\"url\":\"https:\\\/\\\/fit360.ee\\\/wp-content\\\/uploads\\\/2020\\\/04\\\/real-pharm-vitamax-men-60tabl.png\",\"contentUrl\":\"https:\\\/\\\/fit360.ee\\\/wp-content\\\/uploads\\\/2020\\\/04\\\/real-pharm-vitamax-men-60tabl.png\",\"width\":800,\"height\":800},{\"@type\":\"BreadcrumbList\",\"@id\":\"https:\\\/\\\/fit360.ee\\\/en\\\/pood\\\/product-groups\\\/vitamins-and-minerals-en\\\/multivitamins-en\\\/vitamax-men-60-tabletti\\\/#breadcrumb\",\"itemListElement\":[{\"@type\":\"ListItem\",\"position\":1,\"name\":\"Home\",\"item\":\"https:\\\/\\\/fit360.ee\\\/en\\\/\"},{\"@type\":\"ListItem\",\"position\":2,\"name\":\"Shop\",\"item\":\"https:\\\/\\\/fit360.ee\\\/en\\\/shop\\\/\"},{\"@type\":\"ListItem\",\"position\":3,\"name\":\"VITAMAX Men (60 tabletti)\"}]},{\"@type\":\"WebSite\",\"@id\":\"https:\\\/\\\/fit360.ee\\\/en\\\/#website\",\"url\":\"https:\\\/\\\/fit360.ee\\\/en\\\/\",\"name\":\"Fit360\",\"description\":\"\",\"publisher\":{\"@id\":\"https:\\\/\\\/fit360.ee\\\/en\\\/#organization\"},\"potentialAction\":[{\"@type\":\"SearchAction\",\"target\":{\"@type\":\"EntryPoint\",\"urlTemplate\":\"https:\\\/\\\/fit360.ee\\\/en\\\/?s={search_term_string}\"},\"query-input\":{\"@type\":\"PropertyValueSpecification\",\"valueRequired\":true,\"valueName\":\"search_term_string\"}}],\"inLanguage\":\"en-US\"},{\"@type\":\"Organization\",\"@id\":\"https:\\\/\\\/fit360.ee\\\/en\\\/#organization\",\"name\":\"Fit360\",\"url\":\"https:\\\/\\\/fit360.ee\\\/en\\\/\",\"logo\":{\"@type\":\"ImageObject\",\"inLanguage\":\"en-US\",\"@id\":\"https:\\\/\\\/fit360.ee\\\/en\\\/#\\\/schema\\\/logo\\\/image\\\/\",\"url\":\"https:\\\/\\\/fit360.ee\\\/wp-content\\\/uploads\\\/2017\\\/01\\\/logo-fit360.png\",\"contentUrl\":\"https:\\\/\\\/fit360.ee\\\/wp-content\\\/uploads\\\/2017\\\/01\\\/logo-fit360.png\",\"width\":180,\"height\":66,\"caption\":\"Fit360\"},\"image\":{\"@id\":\"https:\\\/\\\/fit360.ee\\\/en\\\/#\\\/schema\\\/logo\\\/image\\\/\"}}]}<\/script>\n<!-- \/ Yoast SEO plugin. -->","yoast_head_json":{"title":"VITAMAX Men (60 tabletti) - Fit360","description":"Aitab reguleerida ainevahetust.T\u00f5stab energia taset organismis.Toetab immuunsuss\u00fcsteemi.T\u00f5stab testosterooni taset. Osaleb rakujagunemise protsessis.V\u00e4hendab stressi, parandab meeleolu.","robots":{"index":"index","follow":"follow","max-snippet":"max-snippet:-1","max-image-preview":"max-image-preview:large","max-video-preview":"max-video-preview:-1"},"canonical":"https:\/\/fit360.ee\/en\/pood\/product-groups\/vitamins-and-minerals-en\/multivitamins-en\/vitamax-men-60-tabletti\/","og_locale":"en_US","og_type":"article","og_title":"VITAMAX Men (60 tabletti) - Fit360","og_description":"Aitab reguleerida ainevahetust.T\u00f5stab energia taset organismis.Toetab immuunsuss\u00fcsteemi.T\u00f5stab testosterooni taset. Osaleb rakujagunemise protsessis.V\u00e4hendab stressi, parandab meeleolu.","og_url":"https:\/\/fit360.ee\/en\/pood\/product-groups\/vitamins-and-minerals-en\/multivitamins-en\/vitamax-men-60-tabletti\/","og_site_name":"Fit360","article_modified_time":"2025-09-13T18:31:00+00:00","og_image":[{"width":800,"height":800,"url":"https:\/\/fit360.ee\/wp-content\/uploads\/2020\/04\/real-pharm-vitamax-men-60tabl.png","type":"image\/png"}],"twitter_card":"summary_large_image","twitter_misc":{"Est. reading time":"1 minute"},"schema":{"@context":"https:\/\/schema.org","@graph":[{"@type":"WebPage","@id":"https:\/\/fit360.ee\/en\/pood\/product-groups\/vitamins-and-minerals-en\/multivitamins-en\/vitamax-men-60-tabletti\/","url":"https:\/\/fit360.ee\/en\/pood\/product-groups\/vitamins-and-minerals-en\/multivitamins-en\/vitamax-men-60-tabletti\/","name":"VITAMAX Men (60 tabletti) - Fit360","isPartOf":{"@id":"https:\/\/fit360.ee\/en\/#website"},"primaryImageOfPage":{"@id":"https:\/\/fit360.ee\/en\/pood\/product-groups\/vitamins-and-minerals-en\/multivitamins-en\/vitamax-men-60-tabletti\/#primaryimage"},"image":{"@id":"https:\/\/fit360.ee\/en\/pood\/product-groups\/vitamins-and-minerals-en\/multivitamins-en\/vitamax-men-60-tabletti\/#primaryimage"},"thumbnailUrl":"https:\/\/fit360.ee\/wp-content\/uploads\/2020\/04\/real-pharm-vitamax-men-60tabl.png","datePublished":"2020-04-01T17:53:10+00:00","dateModified":"2025-09-13T18:31:00+00:00","description":"Aitab reguleerida ainevahetust.T\u00f5stab energia taset organismis.Toetab immuunsuss\u00fcsteemi.T\u00f5stab testosterooni taset. Osaleb rakujagunemise protsessis.V\u00e4hendab stressi, parandab meeleolu.","breadcrumb":{"@id":"https:\/\/fit360.ee\/en\/pood\/product-groups\/vitamins-and-minerals-en\/multivitamins-en\/vitamax-men-60-tabletti\/#breadcrumb"},"inLanguage":"en-US","potentialAction":[{"@type":"ReadAction","target":["https:\/\/fit360.ee\/en\/pood\/product-groups\/vitamins-and-minerals-en\/multivitamins-en\/vitamax-men-60-tabletti\/"]}]},{"@type":"ImageObject","inLanguage":"en-US","@id":"https:\/\/fit360.ee\/en\/pood\/product-groups\/vitamins-and-minerals-en\/multivitamins-en\/vitamax-men-60-tabletti\/#primaryimage","url":"https:\/\/fit360.ee\/wp-content\/uploads\/2020\/04\/real-pharm-vitamax-men-60tabl.png","contentUrl":"https:\/\/fit360.ee\/wp-content\/uploads\/2020\/04\/real-pharm-vitamax-men-60tabl.png","width":800,"height":800},{"@type":"BreadcrumbList","@id":"https:\/\/fit360.ee\/en\/pood\/product-groups\/vitamins-and-minerals-en\/multivitamins-en\/vitamax-men-60-tabletti\/#breadcrumb","itemListElement":[{"@type":"ListItem","position":1,"name":"Home","item":"https:\/\/fit360.ee\/en\/"},{"@type":"ListItem","position":2,"name":"Shop","item":"https:\/\/fit360.ee\/en\/shop\/"},{"@type":"ListItem","position":3,"name":"VITAMAX Men (60 tabletti)"}]},{"@type":"WebSite","@id":"https:\/\/fit360.ee\/en\/#website","url":"https:\/\/fit360.ee\/en\/","name":"Fit360","description":"","publisher":{"@id":"https:\/\/fit360.ee\/en\/#organization"},"potentialAction":[{"@type":"SearchAction","target":{"@type":"EntryPoint","urlTemplate":"https:\/\/fit360.ee\/en\/?s={search_term_string}"},"query-input":{"@type":"PropertyValueSpecification","valueRequired":true,"valueName":"search_term_string"}}],"inLanguage":"en-US"},{"@type":"Organization","@id":"https:\/\/fit360.ee\/en\/#organization","name":"Fit360","url":"https:\/\/fit360.ee\/en\/","logo":{"@type":"ImageObject","inLanguage":"en-US","@id":"https:\/\/fit360.ee\/en\/#\/schema\/logo\/image\/","url":"https:\/\/fit360.ee\/wp-content\/uploads\/2017\/01\/logo-fit360.png","contentUrl":"https:\/\/fit360.ee\/wp-content\/uploads\/2017\/01\/logo-fit360.png","width":180,"height":66,"caption":"Fit360"},"image":{"@id":"https:\/\/fit360.ee\/en\/#\/schema\/logo\/image\/"}}]}},"_links":{"self":[{"href":"https:\/\/fit360.ee\/en\/wp-json\/wp\/v2\/product\/34770","targetHints":{"allow":["GET"]}}],"collection":[{"href":"https:\/\/fit360.ee\/en\/wp-json\/wp\/v2\/product"}],"about":[{"href":"https:\/\/fit360.ee\/en\/wp-json\/wp\/v2\/types\/product"}],"replies":[{"embeddable":true,"href":"https:\/\/fit360.ee\/en\/wp-json\/wp\/v2\/comments?post=34770"}],"wp:featuredmedia":[{"embeddable":true,"href":"https:\/\/fit360.ee\/en\/wp-json\/wp\/v2\/media\/34769"}],"wp:attachment":[{"href":"https:\/\/fit360.ee\/en\/wp-json\/wp\/v2\/media?parent=34770"}],"wp:term":[{"taxonomy":"product_brand","embeddable":true,"href":"https:\/\/fit360.ee\/en\/wp-json\/wp\/v2\/product_brand?post=34770"},{"taxonomy":"product_cat","embeddable":true,"href":"https:\/\/fit360.ee\/en\/wp-json\/wp\/v2\/product_cat?post=34770"},{"taxonomy":"product_tag","embeddable":true,"href":"https:\/\/fit360.ee\/en\/wp-json\/wp\/v2\/product_tag?post=34770"},{"taxonomy":"giftcard-category","embeddable":true,"href":"https:\/\/fit360.ee\/en\/wp-json\/wp\/v2\/giftcard-category?post=34770"}],"curies":[{"name":"wp","href":"https:\/\/api.w.org\/{rel}","templated":true}]}}