{"id":34782,"date":"2020-04-01T20:07:39","date_gmt":"2020-04-01T18:07:39","guid":{"rendered":"https:\/\/fit360.ee\/pood\/uncategorized\/kollageen-vitamiin-c-vitamiin-d3-60tab\/"},"modified":"2026-04-10T15:42:08","modified_gmt":"2026-04-10T13:42:08","slug":"kollageen-vitamiin-c-vitamiin-d3-60tab","status":"publish","type":"product","link":"https:\/\/fit360.ee\/en\/pood\/product-groups\/vitamins-and-minerals-en\/c-vitamin-en\/kollageen-vitamiin-c-vitamiin-d3-60tab\/","title":{"rendered":"Kolagen+ (Kollageen+ Vitamiin C + Vitamiin D3, 60tab)"},"content":{"rendered":"<p><strong>Koostisosad<\/strong>: h\u00fcdrol\u00fc\u00fcsitud veise kollageen, vitamiin C, vitamiin D3,\u00a0 t\u00e4iteained \u2013 tselluloos, riisit\u00e4rklis, paakumisvastased ained &#8211; magneesiumisooladel rasvhapped, r\u00e4nidioksiid.<\/p>\n<p><strong>Kasutamine<\/strong>:\u00a0 V\u00f5ta 1 tablett p\u00e4evas koos veega.<\/p>\n<p><strong>Pakendi suurus<\/strong> 60 tabletti \u2013 60 serveeringut<\/p>\n<p>Hoiusta kuivas ja jahedas kohas, eemal otsesest p\u00e4evavalgusest.<\/p>\n<table width=\"610\">\n<tbody>\n<tr>\n<td width=\"222\"><strong>Anal\u00fc\u00fcs<\/strong><\/td>\n<td><strong>1 tablett<\/strong><\/td>\n<td><strong>% SPK<\/strong><\/td>\n<\/tr>\n<tr>\n<td width=\"222\">Veise kollageen<\/td>\n<td>500mg<\/td>\n<td>**<\/td>\n<\/tr>\n<tr>\n<td width=\"222\">Vitamiin C<\/td>\n<td>200mg<\/td>\n<td>250%<\/td>\n<\/tr>\n<tr>\n<td width=\"222\">Vitamiin D3<\/td>\n<td>50\u03bcg<\/td>\n<td>1000%<\/td>\n<\/tr>\n<\/tbody>\n<\/table>\n<p><strong>SPK \u2013 soovitatud p\u00e4evane kogus<\/strong>.\u00a0 ** &#8211; p\u00e4evane kogus pole kindlaks tehtud.<\/p>\n<p>Soovid kaupa osta suuremas koguses? Vaata antud toodet ka meie HULGI poest\u00a0<a href=\"https:\/\/toidulisandidhulgi.ee\/product\/kollageen-vitami\u2026itamiin-d3-60tab\/\"><strong>SIIT<\/strong><\/a>!<\/p>\n","protected":false},"excerpt":{"rendered":"<p><strong>KOLLAGEEN:<\/strong><\/p>\n<ul>\n<li>Tugevdab luustikku<\/li>\n<li>Peamine valk inimkeha sidekoes<\/li>\n<li>Tugevdab juukseid ja k\u00fc\u00fcsi<\/li>\n<\/ul>\n<p><strong>VITAMIIN C<\/strong>:<\/p>\n<ul>\n<li>Toetab immuuns\u00fcsteemi tugevdamist.<\/li>\n<li>Aitab kaitsta keharakke oks\u00fcdatiivse stressi eest.<\/li>\n<li>Aitab kaasa ainevahetuse toimimisele.<\/li>\n<\/ul>\n<p><strong>VITAMIIN D3<\/strong>:<\/p>\n<ul>\n<li>Aitab s\u00e4ilitada tugevat luustiku<\/li>\n<li>Tugevdab immuuns\u00fcsteemi<\/li>\n<li>Annab lisaenergiat<\/li>\n<\/ul>\n<p><strong>Kollageen<\/strong> \u2013 on peamine valk inimkeha sidekoes, seda leidub rakkudes ja rakkudevahelises koes. Samuti kuulub ta k\u00f5hrede, k\u00f5\u00f5luste, sidemete ja luude koostisesse. Kollageen on spiraalne, kiuline valk, selle molekulid sisaldavad suhkrut ja palju gl\u00fctsiini, proliini, h\u00fcdroks\u00fcproliini \u2013 tema osakaal naha p\u00f5hielemendina on 70-80 %. Kollageen on omamoodi karkassiks, t\u00e4nu millele on nahk toonuses ja h\u00e4sti niisutatud. Tekitades naha pinnale kihi, mis seob endasse niiskust, takistab ka selle aurustumist.<\/p>\n<p><strong>C-vitamiin<\/strong>\u00a0on keha k\u00f5ige n\u00f5utum vitamiin. See\u00a0on levinud looduses ning k\u00f5ige sagedamini leidub seda tsitruseviljades, kuigi selle k\u00f5rgeim kontsentratsioon on n\u00e4iteks kibuvitsas. C-vitamiin\u00a0on oluline, sest kuigi inimkeha n\u00f5uab seda vitamiini, ei suuda ta ise seda s\u00fcnteesida. C-vitamiin m\u00f5jutab immunsuss\u00fcsteemi ning ainevahetusprotsesse.<\/p>\n<p><strong>Vitamiin D3<\/strong> (kolekaltsiferool) tugevdab luid ja liigeseid ning omab olulist rolli rakkude ainevahetuses. Samuti kaitseb ja toidab D3 vitamiin eluskudet ning muudab naha kaunimaks ja nooremaks. Vitamiin D3 regulaarne kasutamine parandab kaltsiumi ja magneesiumi ainevahetust ja imendumist.<\/p>\n","protected":false},"featured_media":34777,"comment_status":"open","ping_status":"closed","template":"","meta":[],"product_brand":[],"product_cat":[5311,1911,1636,1913,507,5320,527,515,536],"product_tag":[],"giftcard-category":[],"class_list":{"0":"post-34782","1":"product","2":"type-product","3":"status-publish","4":"has-post-thumbnail","6":"product_cat-antioxidants-en","7":"product_cat-c-vitamin-en","8":"product_cat-collagen-en","9":"product_cat-d-vitamin-en","10":"product_cat-supplements-brands-en","11":"product_cat-for-immunity-en","12":"product_cat-joint-support-en","13":"product_cat-real-pharm","14":"product_cat-vitamins-and-minerals-en","15":"pa_toidulisand-branddd-real-pharm","16":"pa_tootegruppp-antioksudandid-en","17":"pa_tootegruppp-c-vitamiin-en","18":"pa_tootegruppp-d-vitamiin-en","19":"pa_tootegruppp-for-joints","20":"pa_tootegruppp-immuunsusteem-en","21":"pa_tootegruppp-kollageenid-en","22":"pa_tootegruppp-vitamins-and-minerals","24":"first","25":"outofstock","26":"sale","27":"taxable","28":"shipping-taxable","29":"purchasable","30":"product-type-simple"},"yoast_head":"<!-- This site is optimized with the Yoast SEO plugin v27.3 - https:\/\/yoast.com\/product\/yoast-seo-wordpress\/ -->\n<title>Kolagen+ (Kollageen+ Vitamiin C + Vitamiin D3, 60tab) - Fit360<\/title>\n<meta name=\"robots\" content=\"index, follow, max-snippet:-1, max-image-preview:large, max-video-preview:-1\" \/>\n<link rel=\"canonical\" href=\"https:\/\/fit360.ee\/en\/pood\/product-groups\/vitamins-and-minerals-en\/c-vitamin-en\/kollageen-vitamiin-c-vitamiin-d3-60tab\/\" \/>\n<meta property=\"og:locale\" content=\"en_US\" \/>\n<meta property=\"og:type\" content=\"article\" \/>\n<meta property=\"og:title\" content=\"Kolagen+ (Kollageen+ Vitamiin C + Vitamiin D3, 60tab) - Fit360\" \/>\n<meta property=\"og:description\" content=\"KOLLAGEEN:   Tugevdab luustikku  Peamine valk inimkeha sidekoes  Tugevdab juukseid ja k\u00fc\u00fcsi  VITAMIIN C:   Toetab immuuns\u00fcsteemi tugevdamist.  Aitab kaitsta keharakke oks\u00fcdatiivse stressi eest.  Aitab kaasa ainevahetuse toimimisele.  VITAMIIN D3:   Aitab s\u00e4ilitada tugevat luustiku  Tugevdab immuuns\u00fcsteemi  Annab lisaenergiat  Kollageen \u2013 on peamine valk inimkeha sidekoes, seda leidub rakkudes ja rakkudevahelises koes. Samuti kuulub ta k\u00f5hrede, k\u00f5\u00f5luste, sidemete ja luude koostisesse. Kollageen on spiraalne, kiuline valk, selle molekulid sisaldavad suhkrut ja palju gl\u00fctsiini, proliini, h\u00fcdroks\u00fcproliini \u2013 tema osakaal naha p\u00f5hielemendina on 70-80 %. Kollageen on omamoodi karkassiks, t\u00e4nu millele on nahk toonuses ja h\u00e4sti niisutatud. Tekitades naha pinnale kihi, mis seob endasse niiskust, takistab ka selle aurustumist.  C-vitamiin\u00a0on keha k\u00f5ige n\u00f5utum vitamiin. See\u00a0on levinud looduses ning k\u00f5ige sagedamini leidub seda tsitruseviljades, kuigi selle k\u00f5rgeim kontsentratsioon on n\u00e4iteks kibuvitsas. C-vitamiin\u00a0on oluline, sest kuigi inimkeha n\u00f5uab seda vitamiini, ei suuda ta ise seda s\u00fcnteesida. C-vitamiin m\u00f5jutab immunsuss\u00fcsteemi ning ainevahetusprotsesse.  Vitamiin D3 (kolekaltsiferool) tugevdab luid ja liigeseid ning omab olulist rolli rakkude ainevahetuses. Samuti kaitseb ja toidab D3 vitamiin eluskudet ning muudab naha kaunimaks ja nooremaks. Vitamiin D3 regulaarne kasutamine parandab kaltsiumi ja magneesiumi ainevahetust ja imendumist.\" \/>\n<meta property=\"og:url\" content=\"https:\/\/fit360.ee\/en\/pood\/product-groups\/vitamins-and-minerals-en\/c-vitamin-en\/kollageen-vitamiin-c-vitamiin-d3-60tab\/\" \/>\n<meta property=\"og:site_name\" content=\"Fit360\" \/>\n<meta property=\"article:modified_time\" content=\"2026-04-10T13:42:08+00:00\" \/>\n<meta property=\"og:image\" content=\"https:\/\/fit360.ee\/wp-content\/uploads\/2020\/04\/real-pharm-kolagen-60-tab.jpg\" \/>\n\t<meta property=\"og:image:width\" content=\"800\" \/>\n\t<meta property=\"og:image:height\" content=\"800\" \/>\n\t<meta property=\"og:image:type\" content=\"image\/jpeg\" \/>\n<meta name=\"twitter:card\" content=\"summary_large_image\" \/>\n<meta name=\"twitter:label1\" content=\"Est. reading time\" \/>\n\t<meta name=\"twitter:data1\" content=\"1 minute\" \/>\n<script type=\"application\/ld+json\" class=\"yoast-schema-graph\">{\"@context\":\"https:\\\/\\\/schema.org\",\"@graph\":[{\"@type\":\"WebPage\",\"@id\":\"https:\\\/\\\/fit360.ee\\\/en\\\/pood\\\/product-groups\\\/vitamins-and-minerals-en\\\/c-vitamin-en\\\/kollageen-vitamiin-c-vitamiin-d3-60tab\\\/\",\"url\":\"https:\\\/\\\/fit360.ee\\\/en\\\/pood\\\/product-groups\\\/vitamins-and-minerals-en\\\/c-vitamin-en\\\/kollageen-vitamiin-c-vitamiin-d3-60tab\\\/\",\"name\":\"Kolagen+ (Kollageen+ Vitamiin C + Vitamiin D3, 60tab) - Fit360\",\"isPartOf\":{\"@id\":\"https:\\\/\\\/fit360.ee\\\/en\\\/#website\"},\"primaryImageOfPage\":{\"@id\":\"https:\\\/\\\/fit360.ee\\\/en\\\/pood\\\/product-groups\\\/vitamins-and-minerals-en\\\/c-vitamin-en\\\/kollageen-vitamiin-c-vitamiin-d3-60tab\\\/#primaryimage\"},\"image\":{\"@id\":\"https:\\\/\\\/fit360.ee\\\/en\\\/pood\\\/product-groups\\\/vitamins-and-minerals-en\\\/c-vitamin-en\\\/kollageen-vitamiin-c-vitamiin-d3-60tab\\\/#primaryimage\"},\"thumbnailUrl\":\"https:\\\/\\\/fit360.ee\\\/wp-content\\\/uploads\\\/2020\\\/04\\\/real-pharm-kolagen-60-tab.jpg\",\"datePublished\":\"2020-04-01T18:07:39+00:00\",\"dateModified\":\"2026-04-10T13:42:08+00:00\",\"breadcrumb\":{\"@id\":\"https:\\\/\\\/fit360.ee\\\/en\\\/pood\\\/product-groups\\\/vitamins-and-minerals-en\\\/c-vitamin-en\\\/kollageen-vitamiin-c-vitamiin-d3-60tab\\\/#breadcrumb\"},\"inLanguage\":\"en-US\",\"potentialAction\":[{\"@type\":\"ReadAction\",\"target\":[\"https:\\\/\\\/fit360.ee\\\/en\\\/pood\\\/product-groups\\\/vitamins-and-minerals-en\\\/c-vitamin-en\\\/kollageen-vitamiin-c-vitamiin-d3-60tab\\\/\"]}]},{\"@type\":\"ImageObject\",\"inLanguage\":\"en-US\",\"@id\":\"https:\\\/\\\/fit360.ee\\\/en\\\/pood\\\/product-groups\\\/vitamins-and-minerals-en\\\/c-vitamin-en\\\/kollageen-vitamiin-c-vitamiin-d3-60tab\\\/#primaryimage\",\"url\":\"https:\\\/\\\/fit360.ee\\\/wp-content\\\/uploads\\\/2020\\\/04\\\/real-pharm-kolagen-60-tab.jpg\",\"contentUrl\":\"https:\\\/\\\/fit360.ee\\\/wp-content\\\/uploads\\\/2020\\\/04\\\/real-pharm-kolagen-60-tab.jpg\",\"width\":800,\"height\":800},{\"@type\":\"BreadcrumbList\",\"@id\":\"https:\\\/\\\/fit360.ee\\\/en\\\/pood\\\/product-groups\\\/vitamins-and-minerals-en\\\/c-vitamin-en\\\/kollageen-vitamiin-c-vitamiin-d3-60tab\\\/#breadcrumb\",\"itemListElement\":[{\"@type\":\"ListItem\",\"position\":1,\"name\":\"Home\",\"item\":\"https:\\\/\\\/fit360.ee\\\/en\\\/\"},{\"@type\":\"ListItem\",\"position\":2,\"name\":\"Shop\",\"item\":\"https:\\\/\\\/fit360.ee\\\/en\\\/shop\\\/\"},{\"@type\":\"ListItem\",\"position\":3,\"name\":\"Kolagen+ (Kollageen+ Vitamiin C + Vitamiin D3, 60tab)\"}]},{\"@type\":\"WebSite\",\"@id\":\"https:\\\/\\\/fit360.ee\\\/en\\\/#website\",\"url\":\"https:\\\/\\\/fit360.ee\\\/en\\\/\",\"name\":\"Fit360\",\"description\":\"\",\"publisher\":{\"@id\":\"https:\\\/\\\/fit360.ee\\\/en\\\/#organization\"},\"potentialAction\":[{\"@type\":\"SearchAction\",\"target\":{\"@type\":\"EntryPoint\",\"urlTemplate\":\"https:\\\/\\\/fit360.ee\\\/en\\\/?s={search_term_string}\"},\"query-input\":{\"@type\":\"PropertyValueSpecification\",\"valueRequired\":true,\"valueName\":\"search_term_string\"}}],\"inLanguage\":\"en-US\"},{\"@type\":\"Organization\",\"@id\":\"https:\\\/\\\/fit360.ee\\\/en\\\/#organization\",\"name\":\"Fit360\",\"url\":\"https:\\\/\\\/fit360.ee\\\/en\\\/\",\"logo\":{\"@type\":\"ImageObject\",\"inLanguage\":\"en-US\",\"@id\":\"https:\\\/\\\/fit360.ee\\\/en\\\/#\\\/schema\\\/logo\\\/image\\\/\",\"url\":\"https:\\\/\\\/fit360.ee\\\/wp-content\\\/uploads\\\/2017\\\/01\\\/logo-fit360.png\",\"contentUrl\":\"https:\\\/\\\/fit360.ee\\\/wp-content\\\/uploads\\\/2017\\\/01\\\/logo-fit360.png\",\"width\":180,\"height\":66,\"caption\":\"Fit360\"},\"image\":{\"@id\":\"https:\\\/\\\/fit360.ee\\\/en\\\/#\\\/schema\\\/logo\\\/image\\\/\"}}]}<\/script>\n<!-- \/ Yoast SEO plugin. -->","yoast_head_json":{"title":"Kolagen+ (Kollageen+ Vitamiin C + Vitamiin D3, 60tab) - Fit360","robots":{"index":"index","follow":"follow","max-snippet":"max-snippet:-1","max-image-preview":"max-image-preview:large","max-video-preview":"max-video-preview:-1"},"canonical":"https:\/\/fit360.ee\/en\/pood\/product-groups\/vitamins-and-minerals-en\/c-vitamin-en\/kollageen-vitamiin-c-vitamiin-d3-60tab\/","og_locale":"en_US","og_type":"article","og_title":"Kolagen+ (Kollageen+ Vitamiin C + Vitamiin D3, 60tab) - Fit360","og_description":"KOLLAGEEN:   Tugevdab luustikku  Peamine valk inimkeha sidekoes  Tugevdab juukseid ja k\u00fc\u00fcsi  VITAMIIN C:   Toetab immuuns\u00fcsteemi tugevdamist.  Aitab kaitsta keharakke oks\u00fcdatiivse stressi eest.  Aitab kaasa ainevahetuse toimimisele.  VITAMIIN D3:   Aitab s\u00e4ilitada tugevat luustiku  Tugevdab immuuns\u00fcsteemi  Annab lisaenergiat  Kollageen \u2013 on peamine valk inimkeha sidekoes, seda leidub rakkudes ja rakkudevahelises koes. Samuti kuulub ta k\u00f5hrede, k\u00f5\u00f5luste, sidemete ja luude koostisesse. Kollageen on spiraalne, kiuline valk, selle molekulid sisaldavad suhkrut ja palju gl\u00fctsiini, proliini, h\u00fcdroks\u00fcproliini \u2013 tema osakaal naha p\u00f5hielemendina on 70-80 %. Kollageen on omamoodi karkassiks, t\u00e4nu millele on nahk toonuses ja h\u00e4sti niisutatud. Tekitades naha pinnale kihi, mis seob endasse niiskust, takistab ka selle aurustumist.  C-vitamiin\u00a0on keha k\u00f5ige n\u00f5utum vitamiin. See\u00a0on levinud looduses ning k\u00f5ige sagedamini leidub seda tsitruseviljades, kuigi selle k\u00f5rgeim kontsentratsioon on n\u00e4iteks kibuvitsas. C-vitamiin\u00a0on oluline, sest kuigi inimkeha n\u00f5uab seda vitamiini, ei suuda ta ise seda s\u00fcnteesida. C-vitamiin m\u00f5jutab immunsuss\u00fcsteemi ning ainevahetusprotsesse.  Vitamiin D3 (kolekaltsiferool) tugevdab luid ja liigeseid ning omab olulist rolli rakkude ainevahetuses. Samuti kaitseb ja toidab D3 vitamiin eluskudet ning muudab naha kaunimaks ja nooremaks. Vitamiin D3 regulaarne kasutamine parandab kaltsiumi ja magneesiumi ainevahetust ja imendumist.","og_url":"https:\/\/fit360.ee\/en\/pood\/product-groups\/vitamins-and-minerals-en\/c-vitamin-en\/kollageen-vitamiin-c-vitamiin-d3-60tab\/","og_site_name":"Fit360","article_modified_time":"2026-04-10T13:42:08+00:00","og_image":[{"width":800,"height":800,"url":"https:\/\/fit360.ee\/wp-content\/uploads\/2020\/04\/real-pharm-kolagen-60-tab.jpg","type":"image\/jpeg"}],"twitter_card":"summary_large_image","twitter_misc":{"Est. reading time":"1 minute"},"schema":{"@context":"https:\/\/schema.org","@graph":[{"@type":"WebPage","@id":"https:\/\/fit360.ee\/en\/pood\/product-groups\/vitamins-and-minerals-en\/c-vitamin-en\/kollageen-vitamiin-c-vitamiin-d3-60tab\/","url":"https:\/\/fit360.ee\/en\/pood\/product-groups\/vitamins-and-minerals-en\/c-vitamin-en\/kollageen-vitamiin-c-vitamiin-d3-60tab\/","name":"Kolagen+ (Kollageen+ Vitamiin C + Vitamiin D3, 60tab) - Fit360","isPartOf":{"@id":"https:\/\/fit360.ee\/en\/#website"},"primaryImageOfPage":{"@id":"https:\/\/fit360.ee\/en\/pood\/product-groups\/vitamins-and-minerals-en\/c-vitamin-en\/kollageen-vitamiin-c-vitamiin-d3-60tab\/#primaryimage"},"image":{"@id":"https:\/\/fit360.ee\/en\/pood\/product-groups\/vitamins-and-minerals-en\/c-vitamin-en\/kollageen-vitamiin-c-vitamiin-d3-60tab\/#primaryimage"},"thumbnailUrl":"https:\/\/fit360.ee\/wp-content\/uploads\/2020\/04\/real-pharm-kolagen-60-tab.jpg","datePublished":"2020-04-01T18:07:39+00:00","dateModified":"2026-04-10T13:42:08+00:00","breadcrumb":{"@id":"https:\/\/fit360.ee\/en\/pood\/product-groups\/vitamins-and-minerals-en\/c-vitamin-en\/kollageen-vitamiin-c-vitamiin-d3-60tab\/#breadcrumb"},"inLanguage":"en-US","potentialAction":[{"@type":"ReadAction","target":["https:\/\/fit360.ee\/en\/pood\/product-groups\/vitamins-and-minerals-en\/c-vitamin-en\/kollageen-vitamiin-c-vitamiin-d3-60tab\/"]}]},{"@type":"ImageObject","inLanguage":"en-US","@id":"https:\/\/fit360.ee\/en\/pood\/product-groups\/vitamins-and-minerals-en\/c-vitamin-en\/kollageen-vitamiin-c-vitamiin-d3-60tab\/#primaryimage","url":"https:\/\/fit360.ee\/wp-content\/uploads\/2020\/04\/real-pharm-kolagen-60-tab.jpg","contentUrl":"https:\/\/fit360.ee\/wp-content\/uploads\/2020\/04\/real-pharm-kolagen-60-tab.jpg","width":800,"height":800},{"@type":"BreadcrumbList","@id":"https:\/\/fit360.ee\/en\/pood\/product-groups\/vitamins-and-minerals-en\/c-vitamin-en\/kollageen-vitamiin-c-vitamiin-d3-60tab\/#breadcrumb","itemListElement":[{"@type":"ListItem","position":1,"name":"Home","item":"https:\/\/fit360.ee\/en\/"},{"@type":"ListItem","position":2,"name":"Shop","item":"https:\/\/fit360.ee\/en\/shop\/"},{"@type":"ListItem","position":3,"name":"Kolagen+ (Kollageen+ Vitamiin C + Vitamiin D3, 60tab)"}]},{"@type":"WebSite","@id":"https:\/\/fit360.ee\/en\/#website","url":"https:\/\/fit360.ee\/en\/","name":"Fit360","description":"","publisher":{"@id":"https:\/\/fit360.ee\/en\/#organization"},"potentialAction":[{"@type":"SearchAction","target":{"@type":"EntryPoint","urlTemplate":"https:\/\/fit360.ee\/en\/?s={search_term_string}"},"query-input":{"@type":"PropertyValueSpecification","valueRequired":true,"valueName":"search_term_string"}}],"inLanguage":"en-US"},{"@type":"Organization","@id":"https:\/\/fit360.ee\/en\/#organization","name":"Fit360","url":"https:\/\/fit360.ee\/en\/","logo":{"@type":"ImageObject","inLanguage":"en-US","@id":"https:\/\/fit360.ee\/en\/#\/schema\/logo\/image\/","url":"https:\/\/fit360.ee\/wp-content\/uploads\/2017\/01\/logo-fit360.png","contentUrl":"https:\/\/fit360.ee\/wp-content\/uploads\/2017\/01\/logo-fit360.png","width":180,"height":66,"caption":"Fit360"},"image":{"@id":"https:\/\/fit360.ee\/en\/#\/schema\/logo\/image\/"}}]}},"_links":{"self":[{"href":"https:\/\/fit360.ee\/en\/wp-json\/wp\/v2\/product\/34782","targetHints":{"allow":["GET"]}}],"collection":[{"href":"https:\/\/fit360.ee\/en\/wp-json\/wp\/v2\/product"}],"about":[{"href":"https:\/\/fit360.ee\/en\/wp-json\/wp\/v2\/types\/product"}],"replies":[{"embeddable":true,"href":"https:\/\/fit360.ee\/en\/wp-json\/wp\/v2\/comments?post=34782"}],"wp:featuredmedia":[{"embeddable":true,"href":"https:\/\/fit360.ee\/en\/wp-json\/wp\/v2\/media\/34777"}],"wp:attachment":[{"href":"https:\/\/fit360.ee\/en\/wp-json\/wp\/v2\/media?parent=34782"}],"wp:term":[{"taxonomy":"product_brand","embeddable":true,"href":"https:\/\/fit360.ee\/en\/wp-json\/wp\/v2\/product_brand?post=34782"},{"taxonomy":"product_cat","embeddable":true,"href":"https:\/\/fit360.ee\/en\/wp-json\/wp\/v2\/product_cat?post=34782"},{"taxonomy":"product_tag","embeddable":true,"href":"https:\/\/fit360.ee\/en\/wp-json\/wp\/v2\/product_tag?post=34782"},{"taxonomy":"giftcard-category","embeddable":true,"href":"https:\/\/fit360.ee\/en\/wp-json\/wp\/v2\/giftcard-category?post=34782"}],"curies":[{"name":"wp","href":"https:\/\/api.w.org\/{rel}","templated":true}]}}