{"id":36180,"date":"2020-04-23T15:31:50","date_gmt":"2020-04-23T13:31:50","guid":{"rendered":"https:\/\/fit360.ee\/pood\/uncategorized\/vitamiin-c-forte-1000-kibuvitsa-ekstrakt-90tab\/"},"modified":"2026-04-13T13:56:48","modified_gmt":"2026-04-13T11:56:48","slug":"vitamiin-c-forte-1000-kibuvitsa-ekstrakt-90tab","status":"publish","type":"product","link":"https:\/\/fit360.ee\/en\/pood\/product-groups\/vitamins-and-minerals-en\/c-vitamin-en\/vitamiin-c-forte-1000-kibuvitsa-ekstrakt-90tab\/","title":{"rendered":"Vitamiin C Forte 1000 + kibuvitsa ekstrakt (90tab)"},"content":{"rendered":"<p><strong>Koostisosad<\/strong>: L-askorbiinhappe (vitamiin C), tsitruselised bioflavonoidid, kibuvitsa ekstrakt t\u00e4iteaine &#8211; tselluloos,\u00a0 mikrokristalne tselluloos, paakumisvastane aine &#8211; magneesiumisoolade stearhape, r\u00e4nidioksiid.<\/p>\n<p><strong>Kasutusjuhend<\/strong>: V\u00f5ta 1 tablett p\u00e4evas koos s\u00f6\u00f6giga.<\/p>\n<p><strong>Suurus<\/strong>: 90 tabletti<\/p>\n<p>Tableti netokaal: 1350mg<\/p>\n<table width=\"637\">\n<tbody>\n<tr>\n<td width=\"276\"><strong>Toimeained:<\/strong><\/td>\n<td width=\"195\"><strong>1 tablett<\/strong><\/td>\n<td width=\"158\"><strong>SPK%<\/strong><\/td>\n<\/tr>\n<tr>\n<td width=\"276\">C-vitamiin<\/td>\n<td width=\"195\">1000 mg<\/td>\n<td width=\"158\">1250%<\/td>\n<\/tr>\n<tr>\n<td width=\"276\">Bioflavonoidid 60%<\/td>\n<td width=\"195\">50mg<\/td>\n<td width=\"158\">**<\/td>\n<\/tr>\n<tr>\n<td width=\"276\">Kibuvitsa ekstrakt 4:1<\/td>\n<td width=\"195\">50mg<\/td>\n<td width=\"158\">**<\/td>\n<\/tr>\n<\/tbody>\n<\/table>\n<p>Soovid kaupa osta suuremas koguses? Vaata antud toodet ka meie HULGI poest\u00a0<a href=\"https:\/\/toidulisandidhulgi.ee\/product\/vitamiin-c-forte\u2026a-ekstrakt-90tab\/\"><strong>SIIT<\/strong><\/a>!<\/p>\n","protected":false},"excerpt":{"rendered":"<p><strong>Vitamiin C<\/strong>:<\/p>\n<ul>\n<li>Aitab v\u00e4hi vastu<\/li>\n<li>Naha ja sidekudede tervise jaoks h\u00e4davajalik<\/li>\n<li>Aitab ennetada insulti ja infarkti<\/li>\n<li>Tugevdab keha kaitsev\u00f5imet haiguste vastu<\/li>\n<\/ul>\n<p>C-vitamiini puudus tekitab v\u00e4simust, sageli esinevaid infektsioonhaigusi, isutust ja aneemiat. Pikalt kestnud C-vitamiini puudus tekitab skorbuuti. Inimese keha C-vitamiini ei tooda, nii et saame seda veeslahustuvat vitamiini igap\u00e4evaselt koos toiduga. Suitsetajatel on v\u00f5rreldes teistega suurem C-vitamiini vajadus. Samuti vajavad suuremaid koguseid rasedad ja imetavad emad. Raseduse ajal ebapiisav C-vitamiini tarvitamine v\u00f5ib p\u00f5hjustada loote aju arenguh\u00e4lvet.<\/p>\n","protected":false},"featured_media":36179,"comment_status":"open","ping_status":"closed","template":"","meta":[],"product_brand":[],"product_cat":[5311,1911,5320,515,536],"product_tag":[],"giftcard-category":[],"class_list":{"0":"post-36180","1":"product","2":"type-product","3":"status-publish","4":"has-post-thumbnail","6":"product_cat-antioxidants-en","7":"product_cat-c-vitamin-en","8":"product_cat-for-immunity-en","9":"product_cat-real-pharm","10":"product_cat-vitamins-and-minerals-en","11":"pa_toidulisand-branddd-real-pharm","12":"pa_tootegruppp-antioksudandid-en","13":"pa_tootegruppp-c-vitamiin-en","14":"pa_tootegruppp-immuunsusteem-en","15":"pa_tootegruppp-vitamins-and-minerals","17":"first","18":"outofstock","19":"sale","20":"taxable","21":"shipping-taxable","22":"purchasable","23":"product-type-simple"},"yoast_head":"<!-- This site is optimized with the Yoast SEO plugin v27.5 - https:\/\/yoast.com\/product\/yoast-seo-wordpress\/ -->\n<title>Vitamiin C Forte 1000 + kibuvitsa ekstrakt (90tab) - Fit360<\/title>\n<meta name=\"robots\" content=\"index, follow, max-snippet:-1, max-image-preview:large, max-video-preview:-1\" \/>\n<link rel=\"canonical\" href=\"https:\/\/fit360.ee\/en\/pood\/product-groups\/vitamins-and-minerals-en\/c-vitamin-en\/vitamiin-c-forte-1000-kibuvitsa-ekstrakt-90tab\/\" \/>\n<meta property=\"og:locale\" content=\"en_US\" \/>\n<meta property=\"og:type\" content=\"article\" \/>\n<meta property=\"og:title\" content=\"Vitamiin C Forte 1000 + kibuvitsa ekstrakt (90tab) - Fit360\" \/>\n<meta property=\"og:description\" content=\"Vitamiin C:   Aitab v\u00e4hi vastu  Naha ja sidekudede tervise jaoks h\u00e4davajalik  Aitab ennetada insulti ja infarkti  Tugevdab keha kaitsev\u00f5imet haiguste vastu  C-vitamiini puudus tekitab v\u00e4simust, sageli esinevaid infektsioonhaigusi, isutust ja aneemiat. Pikalt kestnud C-vitamiini puudus tekitab skorbuuti. Inimese keha C-vitamiini ei tooda, nii et saame seda veeslahustuvat vitamiini igap\u00e4evaselt koos toiduga. Suitsetajatel on v\u00f5rreldes teistega suurem C-vitamiini vajadus. Samuti vajavad suuremaid koguseid rasedad ja imetavad emad. Raseduse ajal ebapiisav C-vitamiini tarvitamine v\u00f5ib p\u00f5hjustada loote aju arenguh\u00e4lvet.\" \/>\n<meta property=\"og:url\" content=\"https:\/\/fit360.ee\/en\/pood\/product-groups\/vitamins-and-minerals-en\/c-vitamin-en\/vitamiin-c-forte-1000-kibuvitsa-ekstrakt-90tab\/\" \/>\n<meta property=\"og:site_name\" content=\"Fit360\" \/>\n<meta property=\"article:modified_time\" content=\"2026-04-13T11:56:48+00:00\" \/>\n<meta property=\"og:image\" content=\"https:\/\/fit360.ee\/wp-content\/uploads\/2020\/04\/real-pharm-vitamin-c-forte-90tabl.jpg\" \/>\n\t<meta property=\"og:image:width\" content=\"800\" \/>\n\t<meta property=\"og:image:height\" content=\"800\" \/>\n\t<meta property=\"og:image:type\" content=\"image\/jpeg\" \/>\n<meta name=\"twitter:card\" content=\"summary_large_image\" \/>\n<meta name=\"twitter:label1\" content=\"Est. reading time\" \/>\n\t<meta name=\"twitter:data1\" content=\"1 minute\" \/>\n<script type=\"application\/ld+json\" class=\"yoast-schema-graph\">{\"@context\":\"https:\\\/\\\/schema.org\",\"@graph\":[{\"@type\":\"WebPage\",\"@id\":\"https:\\\/\\\/fit360.ee\\\/en\\\/pood\\\/product-groups\\\/vitamins-and-minerals-en\\\/c-vitamin-en\\\/vitamiin-c-forte-1000-kibuvitsa-ekstrakt-90tab\\\/\",\"url\":\"https:\\\/\\\/fit360.ee\\\/en\\\/pood\\\/product-groups\\\/vitamins-and-minerals-en\\\/c-vitamin-en\\\/vitamiin-c-forte-1000-kibuvitsa-ekstrakt-90tab\\\/\",\"name\":\"Vitamiin C Forte 1000 + kibuvitsa ekstrakt (90tab) - Fit360\",\"isPartOf\":{\"@id\":\"https:\\\/\\\/fit360.ee\\\/en\\\/#website\"},\"primaryImageOfPage\":{\"@id\":\"https:\\\/\\\/fit360.ee\\\/en\\\/pood\\\/product-groups\\\/vitamins-and-minerals-en\\\/c-vitamin-en\\\/vitamiin-c-forte-1000-kibuvitsa-ekstrakt-90tab\\\/#primaryimage\"},\"image\":{\"@id\":\"https:\\\/\\\/fit360.ee\\\/en\\\/pood\\\/product-groups\\\/vitamins-and-minerals-en\\\/c-vitamin-en\\\/vitamiin-c-forte-1000-kibuvitsa-ekstrakt-90tab\\\/#primaryimage\"},\"thumbnailUrl\":\"https:\\\/\\\/fit360.ee\\\/wp-content\\\/uploads\\\/2020\\\/04\\\/real-pharm-vitamin-c-forte-90tabl.jpg\",\"datePublished\":\"2020-04-23T13:31:50+00:00\",\"dateModified\":\"2026-04-13T11:56:48+00:00\",\"breadcrumb\":{\"@id\":\"https:\\\/\\\/fit360.ee\\\/en\\\/pood\\\/product-groups\\\/vitamins-and-minerals-en\\\/c-vitamin-en\\\/vitamiin-c-forte-1000-kibuvitsa-ekstrakt-90tab\\\/#breadcrumb\"},\"inLanguage\":\"en-US\",\"potentialAction\":[{\"@type\":\"ReadAction\",\"target\":[\"https:\\\/\\\/fit360.ee\\\/en\\\/pood\\\/product-groups\\\/vitamins-and-minerals-en\\\/c-vitamin-en\\\/vitamiin-c-forte-1000-kibuvitsa-ekstrakt-90tab\\\/\"]}]},{\"@type\":\"ImageObject\",\"inLanguage\":\"en-US\",\"@id\":\"https:\\\/\\\/fit360.ee\\\/en\\\/pood\\\/product-groups\\\/vitamins-and-minerals-en\\\/c-vitamin-en\\\/vitamiin-c-forte-1000-kibuvitsa-ekstrakt-90tab\\\/#primaryimage\",\"url\":\"https:\\\/\\\/fit360.ee\\\/wp-content\\\/uploads\\\/2020\\\/04\\\/real-pharm-vitamin-c-forte-90tabl.jpg\",\"contentUrl\":\"https:\\\/\\\/fit360.ee\\\/wp-content\\\/uploads\\\/2020\\\/04\\\/real-pharm-vitamin-c-forte-90tabl.jpg\",\"width\":800,\"height\":800},{\"@type\":\"BreadcrumbList\",\"@id\":\"https:\\\/\\\/fit360.ee\\\/en\\\/pood\\\/product-groups\\\/vitamins-and-minerals-en\\\/c-vitamin-en\\\/vitamiin-c-forte-1000-kibuvitsa-ekstrakt-90tab\\\/#breadcrumb\",\"itemListElement\":[{\"@type\":\"ListItem\",\"position\":1,\"name\":\"Home\",\"item\":\"https:\\\/\\\/fit360.ee\\\/en\\\/\"},{\"@type\":\"ListItem\",\"position\":2,\"name\":\"Shop\",\"item\":\"https:\\\/\\\/fit360.ee\\\/en\\\/shop\\\/\"},{\"@type\":\"ListItem\",\"position\":3,\"name\":\"Vitamiin C Forte 1000 + kibuvitsa ekstrakt (90tab)\"}]},{\"@type\":\"WebSite\",\"@id\":\"https:\\\/\\\/fit360.ee\\\/en\\\/#website\",\"url\":\"https:\\\/\\\/fit360.ee\\\/en\\\/\",\"name\":\"Fit360\",\"description\":\"\",\"publisher\":{\"@id\":\"https:\\\/\\\/fit360.ee\\\/en\\\/#organization\"},\"potentialAction\":[{\"@type\":\"SearchAction\",\"target\":{\"@type\":\"EntryPoint\",\"urlTemplate\":\"https:\\\/\\\/fit360.ee\\\/en\\\/?s={search_term_string}\"},\"query-input\":{\"@type\":\"PropertyValueSpecification\",\"valueRequired\":true,\"valueName\":\"search_term_string\"}}],\"inLanguage\":\"en-US\"},{\"@type\":\"Organization\",\"@id\":\"https:\\\/\\\/fit360.ee\\\/en\\\/#organization\",\"name\":\"Fit360\",\"url\":\"https:\\\/\\\/fit360.ee\\\/en\\\/\",\"logo\":{\"@type\":\"ImageObject\",\"inLanguage\":\"en-US\",\"@id\":\"https:\\\/\\\/fit360.ee\\\/en\\\/#\\\/schema\\\/logo\\\/image\\\/\",\"url\":\"https:\\\/\\\/fit360.ee\\\/wp-content\\\/uploads\\\/2017\\\/01\\\/logo-fit360.png\",\"contentUrl\":\"https:\\\/\\\/fit360.ee\\\/wp-content\\\/uploads\\\/2017\\\/01\\\/logo-fit360.png\",\"width\":180,\"height\":66,\"caption\":\"Fit360\"},\"image\":{\"@id\":\"https:\\\/\\\/fit360.ee\\\/en\\\/#\\\/schema\\\/logo\\\/image\\\/\"}}]}<\/script>\n<!-- \/ Yoast SEO plugin. -->","yoast_head_json":{"title":"Vitamiin C Forte 1000 + kibuvitsa ekstrakt (90tab) - Fit360","robots":{"index":"index","follow":"follow","max-snippet":"max-snippet:-1","max-image-preview":"max-image-preview:large","max-video-preview":"max-video-preview:-1"},"canonical":"https:\/\/fit360.ee\/en\/pood\/product-groups\/vitamins-and-minerals-en\/c-vitamin-en\/vitamiin-c-forte-1000-kibuvitsa-ekstrakt-90tab\/","og_locale":"en_US","og_type":"article","og_title":"Vitamiin C Forte 1000 + kibuvitsa ekstrakt (90tab) - Fit360","og_description":"Vitamiin C:   Aitab v\u00e4hi vastu  Naha ja sidekudede tervise jaoks h\u00e4davajalik  Aitab ennetada insulti ja infarkti  Tugevdab keha kaitsev\u00f5imet haiguste vastu  C-vitamiini puudus tekitab v\u00e4simust, sageli esinevaid infektsioonhaigusi, isutust ja aneemiat. Pikalt kestnud C-vitamiini puudus tekitab skorbuuti. Inimese keha C-vitamiini ei tooda, nii et saame seda veeslahustuvat vitamiini igap\u00e4evaselt koos toiduga. Suitsetajatel on v\u00f5rreldes teistega suurem C-vitamiini vajadus. Samuti vajavad suuremaid koguseid rasedad ja imetavad emad. Raseduse ajal ebapiisav C-vitamiini tarvitamine v\u00f5ib p\u00f5hjustada loote aju arenguh\u00e4lvet.","og_url":"https:\/\/fit360.ee\/en\/pood\/product-groups\/vitamins-and-minerals-en\/c-vitamin-en\/vitamiin-c-forte-1000-kibuvitsa-ekstrakt-90tab\/","og_site_name":"Fit360","article_modified_time":"2026-04-13T11:56:48+00:00","og_image":[{"width":800,"height":800,"url":"https:\/\/fit360.ee\/wp-content\/uploads\/2020\/04\/real-pharm-vitamin-c-forte-90tabl.jpg","type":"image\/jpeg"}],"twitter_card":"summary_large_image","twitter_misc":{"Est. reading time":"1 minute"},"schema":{"@context":"https:\/\/schema.org","@graph":[{"@type":"WebPage","@id":"https:\/\/fit360.ee\/en\/pood\/product-groups\/vitamins-and-minerals-en\/c-vitamin-en\/vitamiin-c-forte-1000-kibuvitsa-ekstrakt-90tab\/","url":"https:\/\/fit360.ee\/en\/pood\/product-groups\/vitamins-and-minerals-en\/c-vitamin-en\/vitamiin-c-forte-1000-kibuvitsa-ekstrakt-90tab\/","name":"Vitamiin C Forte 1000 + kibuvitsa ekstrakt (90tab) - Fit360","isPartOf":{"@id":"https:\/\/fit360.ee\/en\/#website"},"primaryImageOfPage":{"@id":"https:\/\/fit360.ee\/en\/pood\/product-groups\/vitamins-and-minerals-en\/c-vitamin-en\/vitamiin-c-forte-1000-kibuvitsa-ekstrakt-90tab\/#primaryimage"},"image":{"@id":"https:\/\/fit360.ee\/en\/pood\/product-groups\/vitamins-and-minerals-en\/c-vitamin-en\/vitamiin-c-forte-1000-kibuvitsa-ekstrakt-90tab\/#primaryimage"},"thumbnailUrl":"https:\/\/fit360.ee\/wp-content\/uploads\/2020\/04\/real-pharm-vitamin-c-forte-90tabl.jpg","datePublished":"2020-04-23T13:31:50+00:00","dateModified":"2026-04-13T11:56:48+00:00","breadcrumb":{"@id":"https:\/\/fit360.ee\/en\/pood\/product-groups\/vitamins-and-minerals-en\/c-vitamin-en\/vitamiin-c-forte-1000-kibuvitsa-ekstrakt-90tab\/#breadcrumb"},"inLanguage":"en-US","potentialAction":[{"@type":"ReadAction","target":["https:\/\/fit360.ee\/en\/pood\/product-groups\/vitamins-and-minerals-en\/c-vitamin-en\/vitamiin-c-forte-1000-kibuvitsa-ekstrakt-90tab\/"]}]},{"@type":"ImageObject","inLanguage":"en-US","@id":"https:\/\/fit360.ee\/en\/pood\/product-groups\/vitamins-and-minerals-en\/c-vitamin-en\/vitamiin-c-forte-1000-kibuvitsa-ekstrakt-90tab\/#primaryimage","url":"https:\/\/fit360.ee\/wp-content\/uploads\/2020\/04\/real-pharm-vitamin-c-forte-90tabl.jpg","contentUrl":"https:\/\/fit360.ee\/wp-content\/uploads\/2020\/04\/real-pharm-vitamin-c-forte-90tabl.jpg","width":800,"height":800},{"@type":"BreadcrumbList","@id":"https:\/\/fit360.ee\/en\/pood\/product-groups\/vitamins-and-minerals-en\/c-vitamin-en\/vitamiin-c-forte-1000-kibuvitsa-ekstrakt-90tab\/#breadcrumb","itemListElement":[{"@type":"ListItem","position":1,"name":"Home","item":"https:\/\/fit360.ee\/en\/"},{"@type":"ListItem","position":2,"name":"Shop","item":"https:\/\/fit360.ee\/en\/shop\/"},{"@type":"ListItem","position":3,"name":"Vitamiin C Forte 1000 + kibuvitsa ekstrakt (90tab)"}]},{"@type":"WebSite","@id":"https:\/\/fit360.ee\/en\/#website","url":"https:\/\/fit360.ee\/en\/","name":"Fit360","description":"","publisher":{"@id":"https:\/\/fit360.ee\/en\/#organization"},"potentialAction":[{"@type":"SearchAction","target":{"@type":"EntryPoint","urlTemplate":"https:\/\/fit360.ee\/en\/?s={search_term_string}"},"query-input":{"@type":"PropertyValueSpecification","valueRequired":true,"valueName":"search_term_string"}}],"inLanguage":"en-US"},{"@type":"Organization","@id":"https:\/\/fit360.ee\/en\/#organization","name":"Fit360","url":"https:\/\/fit360.ee\/en\/","logo":{"@type":"ImageObject","inLanguage":"en-US","@id":"https:\/\/fit360.ee\/en\/#\/schema\/logo\/image\/","url":"https:\/\/fit360.ee\/wp-content\/uploads\/2017\/01\/logo-fit360.png","contentUrl":"https:\/\/fit360.ee\/wp-content\/uploads\/2017\/01\/logo-fit360.png","width":180,"height":66,"caption":"Fit360"},"image":{"@id":"https:\/\/fit360.ee\/en\/#\/schema\/logo\/image\/"}}]}},"_links":{"self":[{"href":"https:\/\/fit360.ee\/en\/wp-json\/wp\/v2\/product\/36180","targetHints":{"allow":["GET"]}}],"collection":[{"href":"https:\/\/fit360.ee\/en\/wp-json\/wp\/v2\/product"}],"about":[{"href":"https:\/\/fit360.ee\/en\/wp-json\/wp\/v2\/types\/product"}],"replies":[{"embeddable":true,"href":"https:\/\/fit360.ee\/en\/wp-json\/wp\/v2\/comments?post=36180"}],"wp:featuredmedia":[{"embeddable":true,"href":"https:\/\/fit360.ee\/en\/wp-json\/wp\/v2\/media\/36179"}],"wp:attachment":[{"href":"https:\/\/fit360.ee\/en\/wp-json\/wp\/v2\/media?parent=36180"}],"wp:term":[{"taxonomy":"product_brand","embeddable":true,"href":"https:\/\/fit360.ee\/en\/wp-json\/wp\/v2\/product_brand?post=36180"},{"taxonomy":"product_cat","embeddable":true,"href":"https:\/\/fit360.ee\/en\/wp-json\/wp\/v2\/product_cat?post=36180"},{"taxonomy":"product_tag","embeddable":true,"href":"https:\/\/fit360.ee\/en\/wp-json\/wp\/v2\/product_tag?post=36180"},{"taxonomy":"giftcard-category","embeddable":true,"href":"https:\/\/fit360.ee\/en\/wp-json\/wp\/v2\/giftcard-category?post=36180"}],"curies":[{"name":"wp","href":"https:\/\/api.w.org\/{rel}","templated":true}]}}