{"id":36501,"date":"2020-04-29T13:40:29","date_gmt":"2020-04-29T11:40:29","guid":{"rendered":"https:\/\/fit360.ee\/pood\/uncategorized\/evolite-gaba-180caps\/"},"modified":"2026-04-11T10:42:27","modified_gmt":"2026-04-11T08:42:27","slug":"evolite-gaba-180caps","status":"publish","type":"product","link":"https:\/\/fit360.ee\/en\/pood\/product-groups\/amino-acids-bcaa\/gaba-en\/evolite-gaba-180caps\/","title":{"rendered":"Evolite GABA (180caps)"},"content":{"rendered":"<h2><strong>GABA kapslid puhtal kujul<\/strong><\/h2>\n<p><strong>GABA kapslid &#8211; GABA (gammaaminobut\u00fc\u00fcrhape)<\/strong> on naturaalne aminohape, mis esineb suurimas konsentratsioonis inimese ajus ja silmades. Tegemist on neurotransmitteriga, mis reguleerib aju- ja n\u00e4rvirakkude aktiivsust. GABA on tuntud kui \u201caju naturaalne rahustaja,\u201d sest p\u00e4rsib aju \u00fclestimuleerimist, mis toimub stressi, vihastamise jms tagaj\u00e4rjel. Arvukad kliinilised uuringud on n\u00e4idanud, et GABA manustamine soodustab kasvuhormoon eritumist.<\/p>\n<p>Lisaks \u00e4rrituse rahustamisele aitab <strong>GABA<\/strong> ka paremini magama j\u00e4\u00e4da, \u00e4revust ja stressi v\u00e4hendada, v\u00f5ib aidata depressiooni v\u00e4hendada ning parandab m\u00e4lu.<\/p>\n<ul>\n<li>V\u00e4hendab \u00e4revust<\/li>\n<li>Parandab und<\/li>\n<li>V\u00e4hendab depressioonis\u00fcmptomeid<\/li>\n<li>P\u00f5letikuvastane toime<\/li>\n<li>Parandab keskendumist<\/li>\n<li>Suurendab kasvuhormooni taset<\/li>\n<\/ul>\n<p><strong>Koostisosad<\/strong>: GABA (gammaaminobut\u00fc\u00fcrhape), kapsli koostisained: h\u00fcpromelloos, v\u00e4rvaine: kollane raudoksiid, must raudoksiid, lakksinine V.<\/p>\n<p><strong>Kasutamine:\u00a0<\/strong>neelake 2 kapslit umbes 45 minutit peale viimast toidukorda. GABA v\u00f5tmine enne magamaminekut reguleerib kasvuhormooni tootmist ja kiirendab taastumist. Toidulisand ei asenda mitmekesist toitumist ega tervislikku eluviisi.<\/p>\n<p><strong>Serveeringu suurus: 2 kapslit<\/strong><\/p>\n<p><strong>Serveeringuid \u00fche purgi kohta: 90<\/strong><\/p>\n<table>\n<tbody>\n<tr>\n<td width=\"205\"><strong>Toimeained<\/strong><\/td>\n<td width=\"205\"><strong>1 serveering (2 kapslit)<\/strong><\/td>\n<td width=\"205\"><strong>%SPK<\/strong><\/td>\n<\/tr>\n<tr>\n<td width=\"205\">GABA (gammaaminobut\u00fc\u00fcrhape)<\/td>\n<td width=\"205\">750mg<\/td>\n<td width=\"205\">*<\/td>\n<\/tr>\n<\/tbody>\n<\/table>\n<p>SPK &#8211; soovitatud p\u00e4evane kogus.<\/p>\n<p>* P\u00e4evane kogus pole kindlaks tehtud<\/p>\n<p>Vaata ka meie teisi GABA tooteid <a href=\"https:\/\/fit360.ee\/en\/product-category\/product-groups\/amino-acids-bcaa\/gaba-en\/\"><strong>SIIT<\/strong><\/a> v\u00f5i Aminohappeid <a href=\"https:\/\/fit360.ee\/en\/product-category\/product-groups\/amino-acids-bcaa\/\"><strong>SIIT<\/strong><\/a>!<\/p>\n<p>Soovid teha suuremat tellimust? Vaata antud toodet meie HULGI lehelt\u00a0<a href=\"https:\/\/toidulisandidhulgi.ee\/product\/evolite-gaba-180caps\/\"><strong>SIIT<\/strong><\/a>!<\/p>\n","protected":false},"excerpt":{"rendered":"<ul>\n<li>V\u00e4hendab \u00e4revust<\/li>\n<li>Parandab und<\/li>\n<li>V\u00e4hendab depressioonis\u00fcmptomeid<\/li>\n<li>P\u00f5letikuvastane toime<\/li>\n<li>Parandab keskendumist<\/li>\n<li>Suurendab kasvuhormooni taset<\/li>\n<\/ul>\n","protected":false},"featured_media":85296,"comment_status":"open","ping_status":"closed","template":"","meta":[],"product_brand":[],"product_cat":[520,1618,2319,2476,532,536],"product_tag":[1787,1773,1842,5435],"giftcard-category":[],"class_list":{"0":"post-36501","1":"product","2":"type-product","3":"status-publish","4":"has-post-thumbnail","6":"product_cat-amino-acids-bcaa","7":"product_cat-evolite-en","8":"product_cat-gaba-en","9":"product_cat-sleep-enhancers-en","10":"product_cat-testosterone-boosters-en","11":"product_cat-vitamins-and-minerals-en","12":"product_tag-aminohapped-en","13":"product_tag-evolite-en","14":"product_tag-gaba-en","15":"product_tag-gaba-kapslid-en","16":"pa_toidulisand-branddd-evolite","17":"pa_tootegruppp-amino-acidsbcaa","18":"pa_tootegruppp-gaba-en","19":"pa_tootegruppp-testosterone-enhancers","20":"pa_tootegruppp-uni-en","21":"pa_tootegruppp-vitamins-and-minerals","23":"first","24":"instock","25":"sale","26":"taxable","27":"shipping-taxable","28":"purchasable","29":"product-type-simple"},"yoast_head":"<!-- This site is optimized with the Yoast SEO plugin v27.3 - https:\/\/yoast.com\/product\/yoast-seo-wordpress\/ -->\n<title>Gaba kapslid (180caps) - Aminohapped - Kiire tarne: 1-3 p\u00e4eva - Fit360<\/title>\n<meta name=\"description\" content=\"GABA kapslid - naturaalne aminohape, mis esineb suurimas konsentratsioonis inimese ajus ja silmades. GABA aitab reguleerida aju- ja n\u00e4rvirakkude aktiivsust.\" \/>\n<meta name=\"robots\" content=\"index, follow, max-snippet:-1, max-image-preview:large, max-video-preview:-1\" \/>\n<link rel=\"canonical\" href=\"https:\/\/fit360.ee\/en\/pood\/product-groups\/amino-acids-bcaa\/gaba-en\/evolite-gaba-180caps\/\" \/>\n<meta property=\"og:locale\" content=\"en_US\" \/>\n<meta property=\"og:type\" content=\"article\" \/>\n<meta property=\"og:title\" content=\"Gaba kapslid (180caps) - Aminohapped - Kiire tarne: 1-3 p\u00e4eva - Fit360\" \/>\n<meta property=\"og:description\" content=\"GABA kapslid - naturaalne aminohape, mis esineb suurimas konsentratsioonis inimese ajus ja silmades. GABA aitab reguleerida aju- ja n\u00e4rvirakkude aktiivsust.\" \/>\n<meta property=\"og:url\" content=\"https:\/\/fit360.ee\/en\/pood\/product-groups\/amino-acids-bcaa\/gaba-en\/evolite-gaba-180caps\/\" \/>\n<meta property=\"og:site_name\" content=\"Fit360\" \/>\n<meta property=\"article:modified_time\" content=\"2026-04-11T08:42:27+00:00\" \/>\n<meta property=\"og:image\" content=\"https:\/\/fit360.ee\/wp-content\/uploads\/2020\/04\/gaba-kapslid-fit360.ee_.jpg\" \/>\n\t<meta property=\"og:image:width\" content=\"700\" \/>\n\t<meta property=\"og:image:height\" content=\"700\" \/>\n\t<meta property=\"og:image:type\" content=\"image\/jpeg\" \/>\n<meta name=\"twitter:card\" content=\"summary_large_image\" \/>\n<meta name=\"twitter:label1\" content=\"Est. reading time\" \/>\n\t<meta name=\"twitter:data1\" content=\"1 minute\" \/>\n<script type=\"application\/ld+json\" class=\"yoast-schema-graph\">{\"@context\":\"https:\\\/\\\/schema.org\",\"@graph\":[{\"@type\":\"WebPage\",\"@id\":\"https:\\\/\\\/fit360.ee\\\/en\\\/pood\\\/product-groups\\\/amino-acids-bcaa\\\/gaba-en\\\/evolite-gaba-180caps\\\/\",\"url\":\"https:\\\/\\\/fit360.ee\\\/en\\\/pood\\\/product-groups\\\/amino-acids-bcaa\\\/gaba-en\\\/evolite-gaba-180caps\\\/\",\"name\":\"Gaba kapslid (180caps) - Aminohapped - Kiire tarne: 1-3 p\u00e4eva - Fit360\",\"isPartOf\":{\"@id\":\"https:\\\/\\\/fit360.ee\\\/en\\\/#website\"},\"primaryImageOfPage\":{\"@id\":\"https:\\\/\\\/fit360.ee\\\/en\\\/pood\\\/product-groups\\\/amino-acids-bcaa\\\/gaba-en\\\/evolite-gaba-180caps\\\/#primaryimage\"},\"image\":{\"@id\":\"https:\\\/\\\/fit360.ee\\\/en\\\/pood\\\/product-groups\\\/amino-acids-bcaa\\\/gaba-en\\\/evolite-gaba-180caps\\\/#primaryimage\"},\"thumbnailUrl\":\"https:\\\/\\\/fit360.ee\\\/wp-content\\\/uploads\\\/2020\\\/04\\\/gaba-kapslid-fit360.ee_.jpg\",\"datePublished\":\"2020-04-29T11:40:29+00:00\",\"dateModified\":\"2026-04-11T08:42:27+00:00\",\"description\":\"GABA kapslid - naturaalne aminohape, mis esineb suurimas konsentratsioonis inimese ajus ja silmades. GABA aitab reguleerida aju- ja n\u00e4rvirakkude aktiivsust.\",\"breadcrumb\":{\"@id\":\"https:\\\/\\\/fit360.ee\\\/en\\\/pood\\\/product-groups\\\/amino-acids-bcaa\\\/gaba-en\\\/evolite-gaba-180caps\\\/#breadcrumb\"},\"inLanguage\":\"en-US\",\"potentialAction\":[{\"@type\":\"ReadAction\",\"target\":[\"https:\\\/\\\/fit360.ee\\\/en\\\/pood\\\/product-groups\\\/amino-acids-bcaa\\\/gaba-en\\\/evolite-gaba-180caps\\\/\"]}]},{\"@type\":\"ImageObject\",\"inLanguage\":\"en-US\",\"@id\":\"https:\\\/\\\/fit360.ee\\\/en\\\/pood\\\/product-groups\\\/amino-acids-bcaa\\\/gaba-en\\\/evolite-gaba-180caps\\\/#primaryimage\",\"url\":\"https:\\\/\\\/fit360.ee\\\/wp-content\\\/uploads\\\/2020\\\/04\\\/gaba-kapslid-fit360.ee_.jpg\",\"contentUrl\":\"https:\\\/\\\/fit360.ee\\\/wp-content\\\/uploads\\\/2020\\\/04\\\/gaba-kapslid-fit360.ee_.jpg\",\"width\":700,\"height\":700,\"caption\":\"gaba kapslid - fit360.ee\"},{\"@type\":\"BreadcrumbList\",\"@id\":\"https:\\\/\\\/fit360.ee\\\/en\\\/pood\\\/product-groups\\\/amino-acids-bcaa\\\/gaba-en\\\/evolite-gaba-180caps\\\/#breadcrumb\",\"itemListElement\":[{\"@type\":\"ListItem\",\"position\":1,\"name\":\"Home\",\"item\":\"https:\\\/\\\/fit360.ee\\\/en\\\/\"},{\"@type\":\"ListItem\",\"position\":2,\"name\":\"Shop\",\"item\":\"https:\\\/\\\/fit360.ee\\\/en\\\/shop\\\/\"},{\"@type\":\"ListItem\",\"position\":3,\"name\":\"Evolite GABA (180caps)\"}]},{\"@type\":\"WebSite\",\"@id\":\"https:\\\/\\\/fit360.ee\\\/en\\\/#website\",\"url\":\"https:\\\/\\\/fit360.ee\\\/en\\\/\",\"name\":\"Fit360\",\"description\":\"\",\"publisher\":{\"@id\":\"https:\\\/\\\/fit360.ee\\\/en\\\/#organization\"},\"potentialAction\":[{\"@type\":\"SearchAction\",\"target\":{\"@type\":\"EntryPoint\",\"urlTemplate\":\"https:\\\/\\\/fit360.ee\\\/en\\\/?s={search_term_string}\"},\"query-input\":{\"@type\":\"PropertyValueSpecification\",\"valueRequired\":true,\"valueName\":\"search_term_string\"}}],\"inLanguage\":\"en-US\"},{\"@type\":\"Organization\",\"@id\":\"https:\\\/\\\/fit360.ee\\\/en\\\/#organization\",\"name\":\"Fit360\",\"url\":\"https:\\\/\\\/fit360.ee\\\/en\\\/\",\"logo\":{\"@type\":\"ImageObject\",\"inLanguage\":\"en-US\",\"@id\":\"https:\\\/\\\/fit360.ee\\\/en\\\/#\\\/schema\\\/logo\\\/image\\\/\",\"url\":\"https:\\\/\\\/fit360.ee\\\/wp-content\\\/uploads\\\/2017\\\/01\\\/logo-fit360.png\",\"contentUrl\":\"https:\\\/\\\/fit360.ee\\\/wp-content\\\/uploads\\\/2017\\\/01\\\/logo-fit360.png\",\"width\":180,\"height\":66,\"caption\":\"Fit360\"},\"image\":{\"@id\":\"https:\\\/\\\/fit360.ee\\\/en\\\/#\\\/schema\\\/logo\\\/image\\\/\"}}]}<\/script>\n<!-- \/ Yoast SEO plugin. -->","yoast_head_json":{"title":"Gaba kapslid (180caps) - Aminohapped - Kiire tarne: 1-3 p\u00e4eva - Fit360","description":"GABA kapslid - naturaalne aminohape, mis esineb suurimas konsentratsioonis inimese ajus ja silmades. GABA aitab reguleerida aju- ja n\u00e4rvirakkude aktiivsust.","robots":{"index":"index","follow":"follow","max-snippet":"max-snippet:-1","max-image-preview":"max-image-preview:large","max-video-preview":"max-video-preview:-1"},"canonical":"https:\/\/fit360.ee\/en\/pood\/product-groups\/amino-acids-bcaa\/gaba-en\/evolite-gaba-180caps\/","og_locale":"en_US","og_type":"article","og_title":"Gaba kapslid (180caps) - Aminohapped - Kiire tarne: 1-3 p\u00e4eva - Fit360","og_description":"GABA kapslid - naturaalne aminohape, mis esineb suurimas konsentratsioonis inimese ajus ja silmades. GABA aitab reguleerida aju- ja n\u00e4rvirakkude aktiivsust.","og_url":"https:\/\/fit360.ee\/en\/pood\/product-groups\/amino-acids-bcaa\/gaba-en\/evolite-gaba-180caps\/","og_site_name":"Fit360","article_modified_time":"2026-04-11T08:42:27+00:00","og_image":[{"width":700,"height":700,"url":"https:\/\/fit360.ee\/wp-content\/uploads\/2020\/04\/gaba-kapslid-fit360.ee_.jpg","type":"image\/jpeg"}],"twitter_card":"summary_large_image","twitter_misc":{"Est. reading time":"1 minute"},"schema":{"@context":"https:\/\/schema.org","@graph":[{"@type":"WebPage","@id":"https:\/\/fit360.ee\/en\/pood\/product-groups\/amino-acids-bcaa\/gaba-en\/evolite-gaba-180caps\/","url":"https:\/\/fit360.ee\/en\/pood\/product-groups\/amino-acids-bcaa\/gaba-en\/evolite-gaba-180caps\/","name":"Gaba kapslid (180caps) - Aminohapped - Kiire tarne: 1-3 p\u00e4eva - Fit360","isPartOf":{"@id":"https:\/\/fit360.ee\/en\/#website"},"primaryImageOfPage":{"@id":"https:\/\/fit360.ee\/en\/pood\/product-groups\/amino-acids-bcaa\/gaba-en\/evolite-gaba-180caps\/#primaryimage"},"image":{"@id":"https:\/\/fit360.ee\/en\/pood\/product-groups\/amino-acids-bcaa\/gaba-en\/evolite-gaba-180caps\/#primaryimage"},"thumbnailUrl":"https:\/\/fit360.ee\/wp-content\/uploads\/2020\/04\/gaba-kapslid-fit360.ee_.jpg","datePublished":"2020-04-29T11:40:29+00:00","dateModified":"2026-04-11T08:42:27+00:00","description":"GABA kapslid - naturaalne aminohape, mis esineb suurimas konsentratsioonis inimese ajus ja silmades. GABA aitab reguleerida aju- ja n\u00e4rvirakkude aktiivsust.","breadcrumb":{"@id":"https:\/\/fit360.ee\/en\/pood\/product-groups\/amino-acids-bcaa\/gaba-en\/evolite-gaba-180caps\/#breadcrumb"},"inLanguage":"en-US","potentialAction":[{"@type":"ReadAction","target":["https:\/\/fit360.ee\/en\/pood\/product-groups\/amino-acids-bcaa\/gaba-en\/evolite-gaba-180caps\/"]}]},{"@type":"ImageObject","inLanguage":"en-US","@id":"https:\/\/fit360.ee\/en\/pood\/product-groups\/amino-acids-bcaa\/gaba-en\/evolite-gaba-180caps\/#primaryimage","url":"https:\/\/fit360.ee\/wp-content\/uploads\/2020\/04\/gaba-kapslid-fit360.ee_.jpg","contentUrl":"https:\/\/fit360.ee\/wp-content\/uploads\/2020\/04\/gaba-kapslid-fit360.ee_.jpg","width":700,"height":700,"caption":"gaba kapslid - fit360.ee"},{"@type":"BreadcrumbList","@id":"https:\/\/fit360.ee\/en\/pood\/product-groups\/amino-acids-bcaa\/gaba-en\/evolite-gaba-180caps\/#breadcrumb","itemListElement":[{"@type":"ListItem","position":1,"name":"Home","item":"https:\/\/fit360.ee\/en\/"},{"@type":"ListItem","position":2,"name":"Shop","item":"https:\/\/fit360.ee\/en\/shop\/"},{"@type":"ListItem","position":3,"name":"Evolite GABA (180caps)"}]},{"@type":"WebSite","@id":"https:\/\/fit360.ee\/en\/#website","url":"https:\/\/fit360.ee\/en\/","name":"Fit360","description":"","publisher":{"@id":"https:\/\/fit360.ee\/en\/#organization"},"potentialAction":[{"@type":"SearchAction","target":{"@type":"EntryPoint","urlTemplate":"https:\/\/fit360.ee\/en\/?s={search_term_string}"},"query-input":{"@type":"PropertyValueSpecification","valueRequired":true,"valueName":"search_term_string"}}],"inLanguage":"en-US"},{"@type":"Organization","@id":"https:\/\/fit360.ee\/en\/#organization","name":"Fit360","url":"https:\/\/fit360.ee\/en\/","logo":{"@type":"ImageObject","inLanguage":"en-US","@id":"https:\/\/fit360.ee\/en\/#\/schema\/logo\/image\/","url":"https:\/\/fit360.ee\/wp-content\/uploads\/2017\/01\/logo-fit360.png","contentUrl":"https:\/\/fit360.ee\/wp-content\/uploads\/2017\/01\/logo-fit360.png","width":180,"height":66,"caption":"Fit360"},"image":{"@id":"https:\/\/fit360.ee\/en\/#\/schema\/logo\/image\/"}}]}},"_links":{"self":[{"href":"https:\/\/fit360.ee\/en\/wp-json\/wp\/v2\/product\/36501","targetHints":{"allow":["GET"]}}],"collection":[{"href":"https:\/\/fit360.ee\/en\/wp-json\/wp\/v2\/product"}],"about":[{"href":"https:\/\/fit360.ee\/en\/wp-json\/wp\/v2\/types\/product"}],"replies":[{"embeddable":true,"href":"https:\/\/fit360.ee\/en\/wp-json\/wp\/v2\/comments?post=36501"}],"wp:featuredmedia":[{"embeddable":true,"href":"https:\/\/fit360.ee\/en\/wp-json\/wp\/v2\/media\/85296"}],"wp:attachment":[{"href":"https:\/\/fit360.ee\/en\/wp-json\/wp\/v2\/media?parent=36501"}],"wp:term":[{"taxonomy":"product_brand","embeddable":true,"href":"https:\/\/fit360.ee\/en\/wp-json\/wp\/v2\/product_brand?post=36501"},{"taxonomy":"product_cat","embeddable":true,"href":"https:\/\/fit360.ee\/en\/wp-json\/wp\/v2\/product_cat?post=36501"},{"taxonomy":"product_tag","embeddable":true,"href":"https:\/\/fit360.ee\/en\/wp-json\/wp\/v2\/product_tag?post=36501"},{"taxonomy":"giftcard-category","embeddable":true,"href":"https:\/\/fit360.ee\/en\/wp-json\/wp\/v2\/giftcard-category?post=36501"}],"curies":[{"name":"wp","href":"https:\/\/api.w.org\/{rel}","templated":true}]}}