{"id":36508,"date":"2020-04-29T13:46:39","date_gmt":"2020-04-29T11:46:39","guid":{"rendered":"https:\/\/fit360.ee\/pood\/uncategorized\/evolite-maca-100caps\/"},"modified":"2025-08-13T07:36:43","modified_gmt":"2025-08-13T05:36:43","slug":"evolite-maca-100caps","status":"publish","type":"product","link":"https:\/\/fit360.ee\/en\/pood\/product-groups\/superfoods-health-foods-en\/maca-en\/evolite-maca-100caps\/","title":{"rendered":"Evolite Maca (100caps)"},"content":{"rendered":"<h2><strong>Maca<\/strong><\/h2>\n<p>Maca taime juur on p\u00e4rit Peruu k\u00f5rgetelt m\u00e4gialadelt ja on ajalooliselt olnud t\u00e4htsal kohal iidsete Inkade men\u00fc\u00fcs. Maca juures on palju kasulikke toitaineid nagu Omega3 ja Omega9 rasvhapped, aminohapped, vitamiinid ja mineraalid.<\/p>\n<h4><strong>Maca kasulikud omadused<\/strong>:<\/h4>\n<ul>\n<li>Maca sisaldab aminohapet nimega t\u00fcrosiin, mis aitab uuendada endokriins\u00fcsteemi nii naistel kui meestel. T\u00fcrosiini s\u00fcnteesitakse fen\u00fc\u00fclalaniinist inimkehas mis toetab ka n\u00e4rvis\u00fcsteemi t\u00f6\u00f6d.<\/li>\n<li>Aitab taastada neerupeliste t\u00f6\u00f6d, olles suureka abiks neerupeliste kurnatuse korral.<\/li>\n<li>T\u00f5stab efektiivselt libiidot ja viljakust nii naistel kui meestel.<\/li>\n<li>Parandab sportlikku v\u00f5imekust ja vastupidavust ning sisaldab taimseid steroole, olles seega asendamatu toitaine sportlaste men\u00fc\u00fcs.<\/li>\n<li>T\u00f5stab vitaalsust ja annab j\u00f5udu ka vanematele inimestele.<\/li>\n<li>Stimuleerib ja reguleerib endokriins\u00fcsteemi<\/li>\n<li>Toetab immuuns\u00fcsteemi.<\/li>\n<li>T\u00f5stab raua taset veres.<\/li>\n<li>Maca annab palju energiat, mis v\u00f5ib tuleneda tema v\u00f5imest t\u00f5sta kasvuhormooni taset seerumis.<\/li>\n<\/ul>\n<p><strong>Maca juurt<\/strong>\u00a0on kasutatud aastatuhandeid Andide p\u00f5liselanike poolt toidu ja ravimina ning maca on siiani \u00fcks maailma k\u00f5ige v\u00f5imsamad supertoite. Maca on k\u00f5ige k\u00f5rgemal kasvav s\u00f6\u00f6dav taim maakeral. Just oma kasvukoha t\u00f5ttu keerulistes ja rasketes tingimustes k\u00f5rgel Andides on see taim kujunenud vintskeks, vastupidavaks ja h\u00e4sti kohanevaks ja seda mitte vaid elluj\u00e4\u00e4mise tarbeks vaid ka h\u00e4sti ja j\u00f5udsalt kasvamiseks.<\/p>\n<p><a href=\"https:\/\/iconfit.eu\/wp-content\/uploads\/2019\/05\/maca.jpg\" data-caption=\"\"><img decoding=\"async\" class=\"alignleft size-full wp-image-18303\" src=\"https:\/\/iconfit.eu\/wp-content\/uploads\/2019\/05\/maca.jpg\" sizes=\"(max-width: 700px) 100vw, 700px\" srcset=\"https:\/\/iconfit.eu\/wp-content\/uploads\/2019\/05\/maca-200x67.jpg 200w, https:\/\/iconfit.eu\/wp-content\/uploads\/2019\/05\/maca-300x100.jpg 300w, https:\/\/iconfit.eu\/wp-content\/uploads\/2019\/05\/maca-400x133.jpg 400w, https:\/\/iconfit.eu\/wp-content\/uploads\/2019\/05\/maca-500x166.jpg 500w, https:\/\/iconfit.eu\/wp-content\/uploads\/2019\/05\/maca-600x200.jpg 600w, https:\/\/iconfit.eu\/wp-content\/uploads\/2019\/05\/maca.jpg 700w\" alt=\"\" width=\"100%\" height=\"\" \/><\/a><\/p>\n<table>\n<tbody>\n<tr>\n<td width=\"205\"><strong>Anal\u00fc\u00fcs<\/strong><\/td>\n<td width=\"205\"><strong>1 kapsel<\/strong><\/td>\n<td width=\"205\"><strong>3 kapslit<\/strong><\/td>\n<\/tr>\n<tr>\n<td width=\"205\">Maca juure ekstrakt<\/td>\n<td width=\"205\">500 mg<\/td>\n<td width=\"205\">1500 mg<\/td>\n<\/tr>\n<\/tbody>\n<\/table>\n<p><strong>Koostisosad: <\/strong>maca juureekstrakt (Lepidium meyenii), \u017eelatiin (kapsli \u00fcmbris).<\/p>\n<p><strong>Kasutamine: <\/strong>1 tablett 3 korda p\u00e4evas koos einega. \u00e4ra \u00fcleta soovitatud p\u00e4evast kogust (3 kapslit)<\/p>\n<p><strong>Hoiustamine: <\/strong>Hoia eemal otsesest p\u00e4ikesevalgusest, kuivas ja jahedas kohas, Hoia lastele k\u00e4ttesaamatus kohas.<\/p>\n<p><strong>Suurus: <\/strong>100 kapslit &#8211; 33 serveeringut<\/p>\n<p>Vaata ka meie Teisi Supertoite <a href=\"https:\/\/fit360.ee\/en\/product-category\/product-groups\/superfoods-health-foods-en\/\"><strong>SIIT<\/strong><\/a> v\u00f5i Maca tooteid <a href=\"https:\/\/fit360.ee\/en\/product-category\/product-groups\/superfoods-health-foods-en\/maca-en\/\"><strong>SIIT<\/strong><\/a>!<\/p>\n<p>Soovid teha suuremat tellimust? Vaata antud toodet meie HULGI lehelt\u00a0<a href=\"https:\/\/toidulisandidhulgi.ee\/product\/evolite-maca-100caps\/\"><strong>SIIT<\/strong><\/a>!<\/p>\n","protected":false},"excerpt":{"rendered":"<ul>\n<li>Maca sisaldab aminohapet nimega t\u00fcrosiin, mis aitab uuendada endokriins\u00fcsteemi nii naistel kui meestel. T\u00fcrosiini s\u00fcnteesitakse fen\u00fc\u00fclalaniinist inimkehas mis toetab ka n\u00e4rvis\u00fcsteemi t\u00f6\u00f6d.<\/li>\n<li>Aitab taastada neerupeliste t\u00f6\u00f6d, olles suureka abiks neerupeliste kurnatuse korral.<\/li>\n<li>T\u00f5stab efektiivselt libiidot ja viljakust nii naistel kui meestel.<\/li>\n<li>Parandab sportlikku v\u00f5imekust ja vastupidavust ning sisaldab taimseid steroole, olles seega asendamatu toitaine sportlaste men\u00fc\u00fcs.<\/li>\n<li>T\u00f5stab vitaalsust ja annab j\u00f5udu ka vanematele inimestele.<\/li>\n<li>Stimuleerib ja reguleerib endokriins\u00fcsteemi<\/li>\n<li>Toetab immuuns\u00fcsteemi.<\/li>\n<li>T\u00f5stab raua taset veres.<\/li>\n<li>Maca annab palju energiat, mis v\u00f5ib tuleneda tema v\u00f5imest t\u00f5sta kasvuhormooni taset seerumis.<\/li>\n<\/ul>\n<p>&nbsp;<\/p>\n<p>&nbsp;<\/p>\n","protected":false},"featured_media":85298,"comment_status":"open","ping_status":"closed","template":"","meta":[],"product_brand":[],"product_cat":[1618,2358,1454,532,536],"product_tag":[1773,2057,5437],"giftcard-category":[],"class_list":{"0":"post-36508","1":"product","2":"type-product","3":"status-publish","4":"has-post-thumbnail","6":"product_cat-evolite-en","7":"product_cat-maca-en","8":"product_cat-superfoods-health-foods-en","9":"product_cat-testosterone-boosters-en","10":"product_cat-vitamins-and-minerals-en","11":"product_tag-evolite-en","12":"product_tag-maca-en","13":"product_tag-maca-kapslid-en","14":"pa_toidulisand-branddd-evolite","15":"pa_tootegruppp-maca-en","16":"pa_tootegruppp-supertoit-tervisetoit-en","17":"pa_tootegruppp-testosterone-enhancers","18":"pa_tootegruppp-vitamins-and-minerals","20":"first","21":"outofstock","22":"sale","23":"taxable","24":"shipping-taxable","25":"purchasable","26":"product-type-simple"},"yoast_head":"<!-- This site is optimized with the Yoast SEO plugin v27.3 - https:\/\/yoast.com\/product\/yoast-seo-wordpress\/ -->\n<title>Maca (100caps) - Maca juur - Kiire tarne: 1-3 p\u00e4eva - Parim hind - Fit360<\/title>\n<meta name=\"description\" content=\"Maca - T\u00f5stab vitaalsust ja annab j\u00f5udu ka vanematele inimestele. Samuti toetab immuuns\u00fcsteemi ja t\u00f5stab raua taset veres.\" \/>\n<meta name=\"robots\" content=\"index, follow, max-snippet:-1, max-image-preview:large, max-video-preview:-1\" \/>\n<link rel=\"canonical\" href=\"https:\/\/fit360.ee\/en\/pood\/product-groups\/superfoods-health-foods-en\/maca-en\/evolite-maca-100caps\/\" \/>\n<meta property=\"og:locale\" content=\"en_US\" \/>\n<meta property=\"og:type\" content=\"article\" \/>\n<meta property=\"og:title\" content=\"Maca (100caps) - Maca juur - Kiire tarne: 1-3 p\u00e4eva - Parim hind - Fit360\" \/>\n<meta property=\"og:description\" content=\"Maca - T\u00f5stab vitaalsust ja annab j\u00f5udu ka vanematele inimestele. Samuti toetab immuuns\u00fcsteemi ja t\u00f5stab raua taset veres.\" \/>\n<meta property=\"og:url\" content=\"https:\/\/fit360.ee\/en\/pood\/product-groups\/superfoods-health-foods-en\/maca-en\/evolite-maca-100caps\/\" \/>\n<meta property=\"og:site_name\" content=\"Fit360\" \/>\n<meta property=\"article:modified_time\" content=\"2025-08-13T05:36:43+00:00\" \/>\n<meta property=\"og:image\" content=\"https:\/\/fit360.ee\/wp-content\/uploads\/2020\/04\/evolite-maca-kapslid-fit360.ee_.jpg\" \/>\n\t<meta property=\"og:image:width\" content=\"700\" \/>\n\t<meta property=\"og:image:height\" content=\"700\" \/>\n\t<meta property=\"og:image:type\" content=\"image\/jpeg\" \/>\n<meta name=\"twitter:card\" content=\"summary_large_image\" \/>\n<meta name=\"twitter:label1\" content=\"Est. reading time\" \/>\n\t<meta name=\"twitter:data1\" content=\"1 minute\" \/>\n<script type=\"application\/ld+json\" class=\"yoast-schema-graph\">{\"@context\":\"https:\\\/\\\/schema.org\",\"@graph\":[{\"@type\":\"WebPage\",\"@id\":\"https:\\\/\\\/fit360.ee\\\/en\\\/pood\\\/product-groups\\\/superfoods-health-foods-en\\\/maca-en\\\/evolite-maca-100caps\\\/\",\"url\":\"https:\\\/\\\/fit360.ee\\\/en\\\/pood\\\/product-groups\\\/superfoods-health-foods-en\\\/maca-en\\\/evolite-maca-100caps\\\/\",\"name\":\"Maca (100caps) - Maca juur - Kiire tarne: 1-3 p\u00e4eva - Parim hind - Fit360\",\"isPartOf\":{\"@id\":\"https:\\\/\\\/fit360.ee\\\/en\\\/#website\"},\"primaryImageOfPage\":{\"@id\":\"https:\\\/\\\/fit360.ee\\\/en\\\/pood\\\/product-groups\\\/superfoods-health-foods-en\\\/maca-en\\\/evolite-maca-100caps\\\/#primaryimage\"},\"image\":{\"@id\":\"https:\\\/\\\/fit360.ee\\\/en\\\/pood\\\/product-groups\\\/superfoods-health-foods-en\\\/maca-en\\\/evolite-maca-100caps\\\/#primaryimage\"},\"thumbnailUrl\":\"https:\\\/\\\/fit360.ee\\\/wp-content\\\/uploads\\\/2020\\\/04\\\/evolite-maca-kapslid-fit360.ee_.jpg\",\"datePublished\":\"2020-04-29T11:46:39+00:00\",\"dateModified\":\"2025-08-13T05:36:43+00:00\",\"description\":\"Maca - T\u00f5stab vitaalsust ja annab j\u00f5udu ka vanematele inimestele. Samuti toetab immuuns\u00fcsteemi ja t\u00f5stab raua taset veres.\",\"breadcrumb\":{\"@id\":\"https:\\\/\\\/fit360.ee\\\/en\\\/pood\\\/product-groups\\\/superfoods-health-foods-en\\\/maca-en\\\/evolite-maca-100caps\\\/#breadcrumb\"},\"inLanguage\":\"en-US\",\"potentialAction\":[{\"@type\":\"ReadAction\",\"target\":[\"https:\\\/\\\/fit360.ee\\\/en\\\/pood\\\/product-groups\\\/superfoods-health-foods-en\\\/maca-en\\\/evolite-maca-100caps\\\/\"]}]},{\"@type\":\"ImageObject\",\"inLanguage\":\"en-US\",\"@id\":\"https:\\\/\\\/fit360.ee\\\/en\\\/pood\\\/product-groups\\\/superfoods-health-foods-en\\\/maca-en\\\/evolite-maca-100caps\\\/#primaryimage\",\"url\":\"https:\\\/\\\/fit360.ee\\\/wp-content\\\/uploads\\\/2020\\\/04\\\/evolite-maca-kapslid-fit360.ee_.jpg\",\"contentUrl\":\"https:\\\/\\\/fit360.ee\\\/wp-content\\\/uploads\\\/2020\\\/04\\\/evolite-maca-kapslid-fit360.ee_.jpg\",\"width\":700,\"height\":700,\"caption\":\"evolite maca kapslid - fit360.ee\"},{\"@type\":\"BreadcrumbList\",\"@id\":\"https:\\\/\\\/fit360.ee\\\/en\\\/pood\\\/product-groups\\\/superfoods-health-foods-en\\\/maca-en\\\/evolite-maca-100caps\\\/#breadcrumb\",\"itemListElement\":[{\"@type\":\"ListItem\",\"position\":1,\"name\":\"Home\",\"item\":\"https:\\\/\\\/fit360.ee\\\/en\\\/\"},{\"@type\":\"ListItem\",\"position\":2,\"name\":\"Shop\",\"item\":\"https:\\\/\\\/fit360.ee\\\/en\\\/shop\\\/\"},{\"@type\":\"ListItem\",\"position\":3,\"name\":\"Evolite Maca (100caps)\"}]},{\"@type\":\"WebSite\",\"@id\":\"https:\\\/\\\/fit360.ee\\\/en\\\/#website\",\"url\":\"https:\\\/\\\/fit360.ee\\\/en\\\/\",\"name\":\"Fit360\",\"description\":\"\",\"publisher\":{\"@id\":\"https:\\\/\\\/fit360.ee\\\/en\\\/#organization\"},\"potentialAction\":[{\"@type\":\"SearchAction\",\"target\":{\"@type\":\"EntryPoint\",\"urlTemplate\":\"https:\\\/\\\/fit360.ee\\\/en\\\/?s={search_term_string}\"},\"query-input\":{\"@type\":\"PropertyValueSpecification\",\"valueRequired\":true,\"valueName\":\"search_term_string\"}}],\"inLanguage\":\"en-US\"},{\"@type\":\"Organization\",\"@id\":\"https:\\\/\\\/fit360.ee\\\/en\\\/#organization\",\"name\":\"Fit360\",\"url\":\"https:\\\/\\\/fit360.ee\\\/en\\\/\",\"logo\":{\"@type\":\"ImageObject\",\"inLanguage\":\"en-US\",\"@id\":\"https:\\\/\\\/fit360.ee\\\/en\\\/#\\\/schema\\\/logo\\\/image\\\/\",\"url\":\"https:\\\/\\\/fit360.ee\\\/wp-content\\\/uploads\\\/2017\\\/01\\\/logo-fit360.png\",\"contentUrl\":\"https:\\\/\\\/fit360.ee\\\/wp-content\\\/uploads\\\/2017\\\/01\\\/logo-fit360.png\",\"width\":180,\"height\":66,\"caption\":\"Fit360\"},\"image\":{\"@id\":\"https:\\\/\\\/fit360.ee\\\/en\\\/#\\\/schema\\\/logo\\\/image\\\/\"}}]}<\/script>\n<!-- \/ Yoast SEO plugin. -->","yoast_head_json":{"title":"Maca (100caps) - Maca juur - Kiire tarne: 1-3 p\u00e4eva - Parim hind - Fit360","description":"Maca - T\u00f5stab vitaalsust ja annab j\u00f5udu ka vanematele inimestele. Samuti toetab immuuns\u00fcsteemi ja t\u00f5stab raua taset veres.","robots":{"index":"index","follow":"follow","max-snippet":"max-snippet:-1","max-image-preview":"max-image-preview:large","max-video-preview":"max-video-preview:-1"},"canonical":"https:\/\/fit360.ee\/en\/pood\/product-groups\/superfoods-health-foods-en\/maca-en\/evolite-maca-100caps\/","og_locale":"en_US","og_type":"article","og_title":"Maca (100caps) - Maca juur - Kiire tarne: 1-3 p\u00e4eva - Parim hind - Fit360","og_description":"Maca - T\u00f5stab vitaalsust ja annab j\u00f5udu ka vanematele inimestele. Samuti toetab immuuns\u00fcsteemi ja t\u00f5stab raua taset veres.","og_url":"https:\/\/fit360.ee\/en\/pood\/product-groups\/superfoods-health-foods-en\/maca-en\/evolite-maca-100caps\/","og_site_name":"Fit360","article_modified_time":"2025-08-13T05:36:43+00:00","og_image":[{"width":700,"height":700,"url":"https:\/\/fit360.ee\/wp-content\/uploads\/2020\/04\/evolite-maca-kapslid-fit360.ee_.jpg","type":"image\/jpeg"}],"twitter_card":"summary_large_image","twitter_misc":{"Est. reading time":"1 minute"},"schema":{"@context":"https:\/\/schema.org","@graph":[{"@type":"WebPage","@id":"https:\/\/fit360.ee\/en\/pood\/product-groups\/superfoods-health-foods-en\/maca-en\/evolite-maca-100caps\/","url":"https:\/\/fit360.ee\/en\/pood\/product-groups\/superfoods-health-foods-en\/maca-en\/evolite-maca-100caps\/","name":"Maca (100caps) - Maca juur - Kiire tarne: 1-3 p\u00e4eva - Parim hind - Fit360","isPartOf":{"@id":"https:\/\/fit360.ee\/en\/#website"},"primaryImageOfPage":{"@id":"https:\/\/fit360.ee\/en\/pood\/product-groups\/superfoods-health-foods-en\/maca-en\/evolite-maca-100caps\/#primaryimage"},"image":{"@id":"https:\/\/fit360.ee\/en\/pood\/product-groups\/superfoods-health-foods-en\/maca-en\/evolite-maca-100caps\/#primaryimage"},"thumbnailUrl":"https:\/\/fit360.ee\/wp-content\/uploads\/2020\/04\/evolite-maca-kapslid-fit360.ee_.jpg","datePublished":"2020-04-29T11:46:39+00:00","dateModified":"2025-08-13T05:36:43+00:00","description":"Maca - T\u00f5stab vitaalsust ja annab j\u00f5udu ka vanematele inimestele. Samuti toetab immuuns\u00fcsteemi ja t\u00f5stab raua taset veres.","breadcrumb":{"@id":"https:\/\/fit360.ee\/en\/pood\/product-groups\/superfoods-health-foods-en\/maca-en\/evolite-maca-100caps\/#breadcrumb"},"inLanguage":"en-US","potentialAction":[{"@type":"ReadAction","target":["https:\/\/fit360.ee\/en\/pood\/product-groups\/superfoods-health-foods-en\/maca-en\/evolite-maca-100caps\/"]}]},{"@type":"ImageObject","inLanguage":"en-US","@id":"https:\/\/fit360.ee\/en\/pood\/product-groups\/superfoods-health-foods-en\/maca-en\/evolite-maca-100caps\/#primaryimage","url":"https:\/\/fit360.ee\/wp-content\/uploads\/2020\/04\/evolite-maca-kapslid-fit360.ee_.jpg","contentUrl":"https:\/\/fit360.ee\/wp-content\/uploads\/2020\/04\/evolite-maca-kapslid-fit360.ee_.jpg","width":700,"height":700,"caption":"evolite maca kapslid - fit360.ee"},{"@type":"BreadcrumbList","@id":"https:\/\/fit360.ee\/en\/pood\/product-groups\/superfoods-health-foods-en\/maca-en\/evolite-maca-100caps\/#breadcrumb","itemListElement":[{"@type":"ListItem","position":1,"name":"Home","item":"https:\/\/fit360.ee\/en\/"},{"@type":"ListItem","position":2,"name":"Shop","item":"https:\/\/fit360.ee\/en\/shop\/"},{"@type":"ListItem","position":3,"name":"Evolite Maca (100caps)"}]},{"@type":"WebSite","@id":"https:\/\/fit360.ee\/en\/#website","url":"https:\/\/fit360.ee\/en\/","name":"Fit360","description":"","publisher":{"@id":"https:\/\/fit360.ee\/en\/#organization"},"potentialAction":[{"@type":"SearchAction","target":{"@type":"EntryPoint","urlTemplate":"https:\/\/fit360.ee\/en\/?s={search_term_string}"},"query-input":{"@type":"PropertyValueSpecification","valueRequired":true,"valueName":"search_term_string"}}],"inLanguage":"en-US"},{"@type":"Organization","@id":"https:\/\/fit360.ee\/en\/#organization","name":"Fit360","url":"https:\/\/fit360.ee\/en\/","logo":{"@type":"ImageObject","inLanguage":"en-US","@id":"https:\/\/fit360.ee\/en\/#\/schema\/logo\/image\/","url":"https:\/\/fit360.ee\/wp-content\/uploads\/2017\/01\/logo-fit360.png","contentUrl":"https:\/\/fit360.ee\/wp-content\/uploads\/2017\/01\/logo-fit360.png","width":180,"height":66,"caption":"Fit360"},"image":{"@id":"https:\/\/fit360.ee\/en\/#\/schema\/logo\/image\/"}}]}},"_links":{"self":[{"href":"https:\/\/fit360.ee\/en\/wp-json\/wp\/v2\/product\/36508","targetHints":{"allow":["GET"]}}],"collection":[{"href":"https:\/\/fit360.ee\/en\/wp-json\/wp\/v2\/product"}],"about":[{"href":"https:\/\/fit360.ee\/en\/wp-json\/wp\/v2\/types\/product"}],"replies":[{"embeddable":true,"href":"https:\/\/fit360.ee\/en\/wp-json\/wp\/v2\/comments?post=36508"}],"wp:featuredmedia":[{"embeddable":true,"href":"https:\/\/fit360.ee\/en\/wp-json\/wp\/v2\/media\/85298"}],"wp:attachment":[{"href":"https:\/\/fit360.ee\/en\/wp-json\/wp\/v2\/media?parent=36508"}],"wp:term":[{"taxonomy":"product_brand","embeddable":true,"href":"https:\/\/fit360.ee\/en\/wp-json\/wp\/v2\/product_brand?post=36508"},{"taxonomy":"product_cat","embeddable":true,"href":"https:\/\/fit360.ee\/en\/wp-json\/wp\/v2\/product_cat?post=36508"},{"taxonomy":"product_tag","embeddable":true,"href":"https:\/\/fit360.ee\/en\/wp-json\/wp\/v2\/product_tag?post=36508"},{"taxonomy":"giftcard-category","embeddable":true,"href":"https:\/\/fit360.ee\/en\/wp-json\/wp\/v2\/giftcard-category?post=36508"}],"curies":[{"name":"wp","href":"https:\/\/api.w.org\/{rel}","templated":true}]}}