{"id":36513,"date":"2020-04-29T14:00:03","date_gmt":"2020-04-29T12:00:03","guid":{"rendered":"https:\/\/fit360.ee\/pood\/uncategorized\/evolite-msm-180caps\/"},"modified":"2026-04-11T10:42:16","modified_gmt":"2026-04-11T08:42:16","slug":"evolite-msm-180caps","status":"publish","type":"product","link":"https:\/\/fit360.ee\/en\/pood\/product-groups\/superfoods-health-foods-en\/msm-en\/evolite-msm-180caps\/","title":{"rendered":"Evolite MSM (180caps)"},"content":{"rendered":"<p><strong>MSM-i kasulikud omadused<\/strong>:<\/p>\n<div class=\"page-layout--block\">\n<div class=\"page-layout--content\">\n<div class=\"page-layout--inner\">\n<div class=\"article-main--content formatted--content \">\n<ul>\n<li>Suurendab liigeste painduvust.<\/li>\n<li>Suurep\u00e4rane abivahend spordivigastustest paranemisel.<\/li>\n<li>V\u00e4hendab lihasevalusid. N\u00e4iteks Oregoni \u00fclikooli teadlased uurisid rohkem kui 18 000 lihasvalude k\u00e4es vaevelnud inimest ning selgus, et MSM-i kasutamisel v\u00e4henesid 70%-l valud v\u00f5i kadusid sootuks. Sama lugu on ka lihaskrampidega \u2013 need v\u00e4henevad.<\/li>\n<li>Kaitseb oks\u00fcdatiivse stressi ja toksiinidest tulenevate kahjulike m\u00f5jude eest.<\/li>\n<li>Hea naha, k\u00fc\u00fcnte ja juuste heaolule. Kuiv ja kortsus nahk on v\u00e4hese kollageeni tulemus, MSM on aga oluline kollageeni tootmisel.<\/li>\n<li>Kasulik k\u00f5\u00f5lusep\u00f5letiku ja artriidi korral.<\/li>\n<li>Leevendab allergiat. Uuringud on andnud t\u00f5estust, et MSM leevendab t\u00e4nap\u00e4eval sedav\u00f5rd sagedasi toiduallergiaid.<\/li>\n<li>V\u00f5itleb parasiitide vastu. \u00dcks parimaid MSMi avastatud toimeid on see, et ta v\u00f5itleb mitmete soolestikuparasiitide vastu. Tulemused p\u00f5hinesid laboratooriumis uuritud hiirtel, millel olid ussid. Hiirtele s\u00f6\u00f6deti 17 p\u00e4eva jooksul koos toiduga v\u00e4ikeses koguses MSM-i. P\u00e4rast katset l\u00f5ppu ei leidunud n\u00e4riliste v\u00e4ljaheidetes enam parasiitidest m\u00e4rke<\/li>\n<li>Viib kehast m\u00fcrkaineid v\u00e4lja. MSM-il on v\u00f5ime rakkudest v\u00e4lja viia ainevahetuse j\u00e4\u00e4ke, suurendades vajalike toitainete omastamist, vee ja hapniku sisselaskvust.<\/li>\n<li>V\u00e4hendab stressi. Teadlased lasid 14 inimesel tarbida MSM-I erinevatel perioodidel seitsmest kuust \u00fche aastani. Selle perioodi jooksul ei haigestunud keegi ning inimesed tundsid end paremini.<\/li>\n<\/ul>\n<\/div>\n<\/div>\n<\/div>\n<\/div>\n<p>&nbsp;<\/p>\n<p><b>MSM<\/b><br \/>\nToidulisand liigestele(Met\u00fc\u00fclSulfon\u00fc\u00fclMetaan).<\/p>\n<p><strong>MSM ehk met\u00fc\u00fclsulfon\u00fc\u00fclmetaan<\/strong>\u00a0on v\u00e4\u00e4vli\u00fchend, mida leidub meie kehas\u00a0looduslikult. Puhtal kujul on see l\u00f5hnatu valge kristalliline pulber, millel on\u00a0natuke kibe maitse. \u00a0MSM-pulber sobib eriti h\u00e4sti oma naha ja sidekoe seisundist hoolivatele\u00a0inimestele ning rohket paindlikkust n\u00f5udvate spordialade (n\u00e4iteks jooga,\u00a0v\u00f5itluskunstid) harrastajatele.<\/p>\n<p><strong>Koostisosad<\/strong>:\u00a0 Met\u00fc\u00fclsulfon\u00fc\u00fclmetan (MSM), \u017eelatiin ( kapsli \u00fcmbris).<\/p>\n<p><strong>Kasutamine<\/strong>: V\u00f5ta kuni 2 kapslit p\u00e4evas. \u00c4ra \u00fcleta soovitatud kogust.<\/p>\n<p><strong>Suurus<\/strong>: 180 kapslit &#8211; 90 serveeringut<\/p>\n<p><strong>Hoiusta<\/strong> kuivas ja jahedas kohas, eemal otsesest pe\u00e4vavalgusest.<\/p>\n<p><strong>Hoiatus<\/strong>: seda toidulisandit ei tohiks tarbida asendusena tervislikule ning balanseeritud dieedile, hoida lastele k\u00e4ttesaamatus kohas. \u00c4ra tarbi soovitatud kogusest enam.<\/p>\n<table>\n<tbody>\n<tr>\n<td width=\"214\"><strong>Aktiivsed toimeained<\/strong><\/td>\n<td width=\"221\"><strong>1 kapsel<\/strong><\/td>\n<td width=\"185\"><strong>2 kapslit<\/strong><\/td>\n<\/tr>\n<tr>\n<td width=\"214\">Met\u00fc\u00fclsulfon\u00fc\u00fclmetan (MSM)<\/td>\n<td width=\"221\">500mg<\/td>\n<td width=\"185\">1000mg<\/td>\n<\/tr>\n<\/tbody>\n<\/table>\n<p>Vaata ka meie teisi toidulisandeid Liigestele <a href=\"https:\/\/fit360.ee\/en\/product-category\/product-groups\/joint-support-en\/\"><strong>SIIT<\/strong><\/a> v\u00f5i MSM tooteid <a href=\"https:\/\/fit360.ee\/en\/product-category\/product-groups\/superfoods-health-foods-en\/msm-en\/\"><strong>SIIT<\/strong><\/a>!<\/p>\n<p>Soovid teha suuremat tellimust? Vaata antud toodet meie HULGI lehelt\u00a0<a href=\"https:\/\/toidulisandidhulgi.ee\/product\/evolite-msm-180caps\/\"><strong>SIIT<\/strong><\/a>!<\/p>\n","protected":false},"excerpt":{"rendered":"<ul>\n<li>Suurendab liigeste painduvust.<\/li>\n<li>Suurep\u00e4rane abivahend spordivigastustest paranemisel.<\/li>\n<li>V\u00e4hendab lihasevalusid. N\u00e4iteks Oregoni \u00fclikooli teadlased uurisid rohkem kui 18 000 lihasvalude k\u00e4es vaevelnud inimest ning selgus, et MSM-i kasutamisel v\u00e4henesid 70%-l valud v\u00f5i kadusid sootuks. Sama lugu on ka lihaskrampidega \u2013 need v\u00e4henevad.<\/li>\n<li>Kaitseb oks\u00fcdatiivse stressi ja toksiinidest tulenevate kahjulike m\u00f5jude eest.<\/li>\n<li>Hea naha, k\u00fc\u00fcnte ja juuste heaolule. Kuiv ja kortsus nahk on v\u00e4hese kollageeni tulemus, MSM on aga oluline kollageeni tootmisel.<\/li>\n<\/ul>\n","protected":false},"featured_media":85300,"comment_status":"open","ping_status":"closed","template":"","meta":[],"product_brand":[],"product_cat":[1618,527,2342,1454,536],"product_tag":[1773,3363,3701],"giftcard-category":[],"class_list":{"0":"post-36513","1":"product","2":"type-product","3":"status-publish","4":"has-post-thumbnail","6":"product_cat-evolite-en","7":"product_cat-joint-support-en","8":"product_cat-msm-en","9":"product_cat-superfoods-health-foods-en","10":"product_cat-vitamins-and-minerals-en","11":"product_tag-evolite-en","12":"product_tag-msm-en","13":"product_tag-msm-kapslid-en","14":"pa_toidulisand-branddd-evolite","15":"pa_tootegruppp-for-joints","16":"pa_tootegruppp-msm-en","17":"pa_tootegruppp-supertoit-tervisetoit-en","18":"pa_tootegruppp-vitamins-and-minerals","20":"first","21":"instock","22":"sale","23":"taxable","24":"shipping-taxable","25":"purchasable","26":"product-type-simple"},"yoast_head":"<!-- This site is optimized with the Yoast SEO plugin v27.3 - https:\/\/yoast.com\/product\/yoast-seo-wordpress\/ -->\n<title>Evolite MSM (180caps) - Fit360<\/title>\n<meta name=\"robots\" content=\"index, follow, max-snippet:-1, max-image-preview:large, max-video-preview:-1\" \/>\n<link rel=\"canonical\" href=\"https:\/\/fit360.ee\/en\/pood\/product-groups\/superfoods-health-foods-en\/msm-en\/evolite-msm-180caps\/\" \/>\n<meta property=\"og:locale\" content=\"en_US\" \/>\n<meta property=\"og:type\" content=\"article\" \/>\n<meta property=\"og:title\" content=\"Evolite MSM (180caps) - Fit360\" \/>\n<meta property=\"og:description\" content=\"Suurendab liigeste painduvust.  Suurep\u00e4rane abivahend spordivigastustest paranemisel.  V\u00e4hendab lihasevalusid. N\u00e4iteks Oregoni \u00fclikooli teadlased uurisid rohkem kui 18 000 lihasvalude k\u00e4es vaevelnud inimest ning selgus, et MSM-i kasutamisel v\u00e4henesid 70%-l valud v\u00f5i kadusid sootuks. Sama lugu on ka lihaskrampidega \u2013 need v\u00e4henevad.  Kaitseb oks\u00fcdatiivse stressi ja toksiinidest tulenevate kahjulike m\u00f5jude eest.  Hea naha, k\u00fc\u00fcnte ja juuste heaolule. Kuiv ja kortsus nahk on v\u00e4hese kollageeni tulemus, MSM on aga oluline kollageeni tootmisel.\" \/>\n<meta property=\"og:url\" content=\"https:\/\/fit360.ee\/en\/pood\/product-groups\/superfoods-health-foods-en\/msm-en\/evolite-msm-180caps\/\" \/>\n<meta property=\"og:site_name\" content=\"Fit360\" \/>\n<meta property=\"article:modified_time\" content=\"2026-04-11T08:42:16+00:00\" \/>\n<meta property=\"og:image\" content=\"https:\/\/fit360.ee\/wp-content\/uploads\/2020\/04\/evolite-msm-fit360.ee_.jpg\" \/>\n\t<meta property=\"og:image:width\" content=\"800\" \/>\n\t<meta property=\"og:image:height\" content=\"800\" \/>\n\t<meta property=\"og:image:type\" content=\"image\/jpeg\" \/>\n<meta name=\"twitter:card\" content=\"summary_large_image\" \/>\n<meta name=\"twitter:label1\" content=\"Est. reading time\" \/>\n\t<meta name=\"twitter:data1\" content=\"2 minutes\" \/>\n<script type=\"application\/ld+json\" class=\"yoast-schema-graph\">{\"@context\":\"https:\\\/\\\/schema.org\",\"@graph\":[{\"@type\":\"WebPage\",\"@id\":\"https:\\\/\\\/fit360.ee\\\/en\\\/pood\\\/product-groups\\\/superfoods-health-foods-en\\\/msm-en\\\/evolite-msm-180caps\\\/\",\"url\":\"https:\\\/\\\/fit360.ee\\\/en\\\/pood\\\/product-groups\\\/superfoods-health-foods-en\\\/msm-en\\\/evolite-msm-180caps\\\/\",\"name\":\"Evolite MSM (180caps) - Fit360\",\"isPartOf\":{\"@id\":\"https:\\\/\\\/fit360.ee\\\/en\\\/#website\"},\"primaryImageOfPage\":{\"@id\":\"https:\\\/\\\/fit360.ee\\\/en\\\/pood\\\/product-groups\\\/superfoods-health-foods-en\\\/msm-en\\\/evolite-msm-180caps\\\/#primaryimage\"},\"image\":{\"@id\":\"https:\\\/\\\/fit360.ee\\\/en\\\/pood\\\/product-groups\\\/superfoods-health-foods-en\\\/msm-en\\\/evolite-msm-180caps\\\/#primaryimage\"},\"thumbnailUrl\":\"https:\\\/\\\/fit360.ee\\\/wp-content\\\/uploads\\\/2020\\\/04\\\/evolite-msm-fit360.ee_.jpg\",\"datePublished\":\"2020-04-29T12:00:03+00:00\",\"dateModified\":\"2026-04-11T08:42:16+00:00\",\"breadcrumb\":{\"@id\":\"https:\\\/\\\/fit360.ee\\\/en\\\/pood\\\/product-groups\\\/superfoods-health-foods-en\\\/msm-en\\\/evolite-msm-180caps\\\/#breadcrumb\"},\"inLanguage\":\"en-US\",\"potentialAction\":[{\"@type\":\"ReadAction\",\"target\":[\"https:\\\/\\\/fit360.ee\\\/en\\\/pood\\\/product-groups\\\/superfoods-health-foods-en\\\/msm-en\\\/evolite-msm-180caps\\\/\"]}]},{\"@type\":\"ImageObject\",\"inLanguage\":\"en-US\",\"@id\":\"https:\\\/\\\/fit360.ee\\\/en\\\/pood\\\/product-groups\\\/superfoods-health-foods-en\\\/msm-en\\\/evolite-msm-180caps\\\/#primaryimage\",\"url\":\"https:\\\/\\\/fit360.ee\\\/wp-content\\\/uploads\\\/2020\\\/04\\\/evolite-msm-fit360.ee_.jpg\",\"contentUrl\":\"https:\\\/\\\/fit360.ee\\\/wp-content\\\/uploads\\\/2020\\\/04\\\/evolite-msm-fit360.ee_.jpg\",\"width\":800,\"height\":800,\"caption\":\"evolite msm - fit360.ee\"},{\"@type\":\"BreadcrumbList\",\"@id\":\"https:\\\/\\\/fit360.ee\\\/en\\\/pood\\\/product-groups\\\/superfoods-health-foods-en\\\/msm-en\\\/evolite-msm-180caps\\\/#breadcrumb\",\"itemListElement\":[{\"@type\":\"ListItem\",\"position\":1,\"name\":\"Home\",\"item\":\"https:\\\/\\\/fit360.ee\\\/en\\\/\"},{\"@type\":\"ListItem\",\"position\":2,\"name\":\"Shop\",\"item\":\"https:\\\/\\\/fit360.ee\\\/en\\\/shop\\\/\"},{\"@type\":\"ListItem\",\"position\":3,\"name\":\"Evolite MSM (180caps)\"}]},{\"@type\":\"WebSite\",\"@id\":\"https:\\\/\\\/fit360.ee\\\/en\\\/#website\",\"url\":\"https:\\\/\\\/fit360.ee\\\/en\\\/\",\"name\":\"Fit360\",\"description\":\"\",\"publisher\":{\"@id\":\"https:\\\/\\\/fit360.ee\\\/en\\\/#organization\"},\"potentialAction\":[{\"@type\":\"SearchAction\",\"target\":{\"@type\":\"EntryPoint\",\"urlTemplate\":\"https:\\\/\\\/fit360.ee\\\/en\\\/?s={search_term_string}\"},\"query-input\":{\"@type\":\"PropertyValueSpecification\",\"valueRequired\":true,\"valueName\":\"search_term_string\"}}],\"inLanguage\":\"en-US\"},{\"@type\":\"Organization\",\"@id\":\"https:\\\/\\\/fit360.ee\\\/en\\\/#organization\",\"name\":\"Fit360\",\"url\":\"https:\\\/\\\/fit360.ee\\\/en\\\/\",\"logo\":{\"@type\":\"ImageObject\",\"inLanguage\":\"en-US\",\"@id\":\"https:\\\/\\\/fit360.ee\\\/en\\\/#\\\/schema\\\/logo\\\/image\\\/\",\"url\":\"https:\\\/\\\/fit360.ee\\\/wp-content\\\/uploads\\\/2017\\\/01\\\/logo-fit360.png\",\"contentUrl\":\"https:\\\/\\\/fit360.ee\\\/wp-content\\\/uploads\\\/2017\\\/01\\\/logo-fit360.png\",\"width\":180,\"height\":66,\"caption\":\"Fit360\"},\"image\":{\"@id\":\"https:\\\/\\\/fit360.ee\\\/en\\\/#\\\/schema\\\/logo\\\/image\\\/\"}}]}<\/script>\n<!-- \/ Yoast SEO plugin. -->","yoast_head_json":{"title":"Evolite MSM (180caps) - Fit360","robots":{"index":"index","follow":"follow","max-snippet":"max-snippet:-1","max-image-preview":"max-image-preview:large","max-video-preview":"max-video-preview:-1"},"canonical":"https:\/\/fit360.ee\/en\/pood\/product-groups\/superfoods-health-foods-en\/msm-en\/evolite-msm-180caps\/","og_locale":"en_US","og_type":"article","og_title":"Evolite MSM (180caps) - Fit360","og_description":"Suurendab liigeste painduvust.  Suurep\u00e4rane abivahend spordivigastustest paranemisel.  V\u00e4hendab lihasevalusid. N\u00e4iteks Oregoni \u00fclikooli teadlased uurisid rohkem kui 18 000 lihasvalude k\u00e4es vaevelnud inimest ning selgus, et MSM-i kasutamisel v\u00e4henesid 70%-l valud v\u00f5i kadusid sootuks. Sama lugu on ka lihaskrampidega \u2013 need v\u00e4henevad.  Kaitseb oks\u00fcdatiivse stressi ja toksiinidest tulenevate kahjulike m\u00f5jude eest.  Hea naha, k\u00fc\u00fcnte ja juuste heaolule. Kuiv ja kortsus nahk on v\u00e4hese kollageeni tulemus, MSM on aga oluline kollageeni tootmisel.","og_url":"https:\/\/fit360.ee\/en\/pood\/product-groups\/superfoods-health-foods-en\/msm-en\/evolite-msm-180caps\/","og_site_name":"Fit360","article_modified_time":"2026-04-11T08:42:16+00:00","og_image":[{"width":800,"height":800,"url":"https:\/\/fit360.ee\/wp-content\/uploads\/2020\/04\/evolite-msm-fit360.ee_.jpg","type":"image\/jpeg"}],"twitter_card":"summary_large_image","twitter_misc":{"Est. reading time":"2 minutes"},"schema":{"@context":"https:\/\/schema.org","@graph":[{"@type":"WebPage","@id":"https:\/\/fit360.ee\/en\/pood\/product-groups\/superfoods-health-foods-en\/msm-en\/evolite-msm-180caps\/","url":"https:\/\/fit360.ee\/en\/pood\/product-groups\/superfoods-health-foods-en\/msm-en\/evolite-msm-180caps\/","name":"Evolite MSM (180caps) - Fit360","isPartOf":{"@id":"https:\/\/fit360.ee\/en\/#website"},"primaryImageOfPage":{"@id":"https:\/\/fit360.ee\/en\/pood\/product-groups\/superfoods-health-foods-en\/msm-en\/evolite-msm-180caps\/#primaryimage"},"image":{"@id":"https:\/\/fit360.ee\/en\/pood\/product-groups\/superfoods-health-foods-en\/msm-en\/evolite-msm-180caps\/#primaryimage"},"thumbnailUrl":"https:\/\/fit360.ee\/wp-content\/uploads\/2020\/04\/evolite-msm-fit360.ee_.jpg","datePublished":"2020-04-29T12:00:03+00:00","dateModified":"2026-04-11T08:42:16+00:00","breadcrumb":{"@id":"https:\/\/fit360.ee\/en\/pood\/product-groups\/superfoods-health-foods-en\/msm-en\/evolite-msm-180caps\/#breadcrumb"},"inLanguage":"en-US","potentialAction":[{"@type":"ReadAction","target":["https:\/\/fit360.ee\/en\/pood\/product-groups\/superfoods-health-foods-en\/msm-en\/evolite-msm-180caps\/"]}]},{"@type":"ImageObject","inLanguage":"en-US","@id":"https:\/\/fit360.ee\/en\/pood\/product-groups\/superfoods-health-foods-en\/msm-en\/evolite-msm-180caps\/#primaryimage","url":"https:\/\/fit360.ee\/wp-content\/uploads\/2020\/04\/evolite-msm-fit360.ee_.jpg","contentUrl":"https:\/\/fit360.ee\/wp-content\/uploads\/2020\/04\/evolite-msm-fit360.ee_.jpg","width":800,"height":800,"caption":"evolite msm - fit360.ee"},{"@type":"BreadcrumbList","@id":"https:\/\/fit360.ee\/en\/pood\/product-groups\/superfoods-health-foods-en\/msm-en\/evolite-msm-180caps\/#breadcrumb","itemListElement":[{"@type":"ListItem","position":1,"name":"Home","item":"https:\/\/fit360.ee\/en\/"},{"@type":"ListItem","position":2,"name":"Shop","item":"https:\/\/fit360.ee\/en\/shop\/"},{"@type":"ListItem","position":3,"name":"Evolite MSM (180caps)"}]},{"@type":"WebSite","@id":"https:\/\/fit360.ee\/en\/#website","url":"https:\/\/fit360.ee\/en\/","name":"Fit360","description":"","publisher":{"@id":"https:\/\/fit360.ee\/en\/#organization"},"potentialAction":[{"@type":"SearchAction","target":{"@type":"EntryPoint","urlTemplate":"https:\/\/fit360.ee\/en\/?s={search_term_string}"},"query-input":{"@type":"PropertyValueSpecification","valueRequired":true,"valueName":"search_term_string"}}],"inLanguage":"en-US"},{"@type":"Organization","@id":"https:\/\/fit360.ee\/en\/#organization","name":"Fit360","url":"https:\/\/fit360.ee\/en\/","logo":{"@type":"ImageObject","inLanguage":"en-US","@id":"https:\/\/fit360.ee\/en\/#\/schema\/logo\/image\/","url":"https:\/\/fit360.ee\/wp-content\/uploads\/2017\/01\/logo-fit360.png","contentUrl":"https:\/\/fit360.ee\/wp-content\/uploads\/2017\/01\/logo-fit360.png","width":180,"height":66,"caption":"Fit360"},"image":{"@id":"https:\/\/fit360.ee\/en\/#\/schema\/logo\/image\/"}}]}},"_links":{"self":[{"href":"https:\/\/fit360.ee\/en\/wp-json\/wp\/v2\/product\/36513","targetHints":{"allow":["GET"]}}],"collection":[{"href":"https:\/\/fit360.ee\/en\/wp-json\/wp\/v2\/product"}],"about":[{"href":"https:\/\/fit360.ee\/en\/wp-json\/wp\/v2\/types\/product"}],"replies":[{"embeddable":true,"href":"https:\/\/fit360.ee\/en\/wp-json\/wp\/v2\/comments?post=36513"}],"wp:featuredmedia":[{"embeddable":true,"href":"https:\/\/fit360.ee\/en\/wp-json\/wp\/v2\/media\/85300"}],"wp:attachment":[{"href":"https:\/\/fit360.ee\/en\/wp-json\/wp\/v2\/media?parent=36513"}],"wp:term":[{"taxonomy":"product_brand","embeddable":true,"href":"https:\/\/fit360.ee\/en\/wp-json\/wp\/v2\/product_brand?post=36513"},{"taxonomy":"product_cat","embeddable":true,"href":"https:\/\/fit360.ee\/en\/wp-json\/wp\/v2\/product_cat?post=36513"},{"taxonomy":"product_tag","embeddable":true,"href":"https:\/\/fit360.ee\/en\/wp-json\/wp\/v2\/product_tag?post=36513"},{"taxonomy":"giftcard-category","embeddable":true,"href":"https:\/\/fit360.ee\/en\/wp-json\/wp\/v2\/giftcard-category?post=36513"}],"curies":[{"name":"wp","href":"https:\/\/api.w.org\/{rel}","templated":true}]}}