{"id":36526,"date":"2020-04-29T14:06:29","date_gmt":"2020-04-29T12:06:29","guid":{"rendered":"https:\/\/fit360.ee\/pood\/uncategorized\/evolite-creatine-natural500g\/"},"modified":"2026-04-11T10:42:16","modified_gmt":"2026-04-11T08:42:16","slug":"evolite-creatine-natural500g","status":"publish","type":"product","link":"https:\/\/fit360.ee\/en\/pood\/product-groups\/creatine-en\/creatine-monohydrate-en\/evolite-creatine-natural500g\/","title":{"rendered":"Evolite Creatine (500g)"},"content":{"rendered":"<p><strong>Koostisosad<\/strong>: Kreatiinmonoh\u00fcdraat, L-tauriin.<\/p>\n<p><strong>Kasutamine<\/strong>: 5g \u00fcks kord p\u00e4evas 200ml vee v\u00f5i mahlaga.\u00a0Kreatiini v\u00f5tmist alustatakse tavaliselt 5-p\u00e4evase laadimisperioodiga, mille ajal seda\u00a0v\u00f5etakse 20g p\u00e4evas. Laadimisperioodi ajal v\u00f5ta: 5g hommikul, 10g l\u00f5unal v\u00f5i 5g enne ja p\u00e4rast trenni, 5g \u00f5htul. Peale laadimisperioodi j\u00e4tka kreatiini manustamist 5\u201310g p\u00e4evas kuni 3 kuud. Seej\u00e4rel tee v\u00e4hemalt \u00fcks kuu pausi ning seej\u00e4rel v\u00f5id j\u00e4tkata\u00a0kreatiini manustamist.<\/p>\n<p><strong>Suurus<\/strong>: 500g \u2013 100 serveeringut. Hoiustada kuivas ja jahedas kohas.<\/p>\n<p><strong><b>NB! Toode ei asenda mitmek\u00fclgset toitumist. Hoida lastele k\u00e4ttesaamatus kohas.<\/b><\/strong><\/p>\n<p>5g = 2 m\u00f5\u00f5telusikat\u00e4it<\/p>\n<table style=\"width: 430px;\">\n<tbody>\n<tr>\n<td style=\"width: 236px;\"><strong>Toimeained<\/strong><\/td>\n<td style=\"width: 121px;\"><strong>1 portsjon (5g)<\/strong><\/td>\n<td style=\"width: 61px;\"><strong>% SPK<\/strong><\/td>\n<\/tr>\n<tr>\n<td style=\"width: 236px;\">Kreatiinmonoh\u00fcdraat<\/td>\n<td style=\"width: 121px;\">4750 mg<\/td>\n<td style=\"width: 61px;\">**<\/td>\n<\/tr>\n<tr>\n<td style=\"width: 236px;\">L-tauriin<\/td>\n<td style=\"width: 121px;\">250 mg<\/td>\n<td style=\"width: 61px;\">**<\/td>\n<\/tr>\n<\/tbody>\n<\/table>\n<p>% SPK \u2013 p\u00e4evasest soovitatavast kogusest, ** \u2013 SPK ei ole kindlaks tehtud<\/p>\n<p>Soovid teha suuremat tellimust? Vaata antud toodet meie HULGI lehelt\u00a0<a href=\"https:\/\/toidulisandidhulgi.ee\/product\/evolite-creatine-natural500g\/\"><strong>SIIT<\/strong><\/a>!<\/p>\n","protected":false},"excerpt":{"rendered":"<p><strong>Kreatiinmonoh\u00fcdraat:<\/strong><\/p>\n<ul>\n<li>Kasvatab puhast lihasmassi.<\/li>\n<li>Kiirendab taastumist treeningutest.<\/li>\n<li>Lisab plahvatuslikku j\u00f5udu.<\/li>\n<li>Suurendab valgus\u00fcnteesi.<\/li>\n<\/ul>\n<p><strong>Kreatiinmonoh\u00fcdraat<\/strong> on maailma \u00fcks populaarseimaid toidulisandeid, mis aitab lisada j\u00f5udu, v\u00f5imsust (plahvatuslikku j\u00f5udu) ja lihasmassi. Mitmed teadust\u00f6\u00f6d on n\u00e4idanud, et kreatiin v\u00e4hendab treeningul vajaminevat taastusaega. Kreatiinmonoh\u00fcdraat imendub k\u00f5ige paremini, kui seda tarbida koos s\u00fcsivesikurikka joogiga.<\/p>\n","protected":false},"featured_media":67067,"comment_status":"open","ping_status":"closed","template":"","meta":[],"product_brand":[],"product_cat":[526,2412,1618],"product_tag":[],"giftcard-category":[],"class_list":{"0":"post-36526","1":"product","2":"type-product","3":"status-publish","4":"has-post-thumbnail","6":"product_cat-creatine-en","7":"product_cat-creatine-monohydrate-en","8":"product_cat-evolite-en","9":"pa_maitse-apple","10":"pa_maitse-blueberry","11":"pa_maitse-lemon","12":"pa_maitse-natural","13":"pa_maitse-orange","15":"first","16":"outofstock","17":"sale","18":"taxable","19":"shipping-taxable","20":"purchasable","21":"product-type-variable"},"yoast_head":"<!-- This site is optimized with the Yoast SEO plugin v27.3 - https:\/\/yoast.com\/product\/yoast-seo-wordpress\/ -->\n<title>Evolite Creatine (500g) - Fit360<\/title>\n<meta name=\"robots\" content=\"index, follow, max-snippet:-1, max-image-preview:large, max-video-preview:-1\" \/>\n<link rel=\"canonical\" href=\"https:\/\/fit360.ee\/en\/pood\/product-groups\/creatine-en\/creatine-monohydrate-en\/evolite-creatine-natural500g\/\" \/>\n<meta property=\"og:locale\" content=\"en_US\" \/>\n<meta property=\"og:type\" content=\"article\" \/>\n<meta property=\"og:title\" content=\"Evolite Creatine (500g) - Fit360\" \/>\n<meta property=\"og:description\" content=\"Kreatiinmonoh\u00fcdraat:   Kasvatab puhast lihasmassi.  Kiirendab taastumist treeningutest.  Lisab plahvatuslikku j\u00f5udu.  Suurendab valgus\u00fcnteesi.  Kreatiinmonoh\u00fcdraat on maailma \u00fcks populaarseimaid toidulisandeid, mis aitab lisada j\u00f5udu, v\u00f5imsust (plahvatuslikku j\u00f5udu) ja lihasmassi. Mitmed teadust\u00f6\u00f6d on n\u00e4idanud, et kreatiin v\u00e4hendab treeningul vajaminevat taastusaega. Kreatiinmonoh\u00fcdraat imendub k\u00f5ige paremini, kui seda tarbida koos s\u00fcsivesikurikka joogiga.\" \/>\n<meta property=\"og:url\" content=\"https:\/\/fit360.ee\/en\/pood\/product-groups\/creatine-en\/creatine-monohydrate-en\/evolite-creatine-natural500g\/\" \/>\n<meta property=\"og:site_name\" content=\"Fit360\" \/>\n<meta property=\"article:modified_time\" content=\"2026-04-11T08:42:16+00:00\" \/>\n<meta property=\"og:image\" content=\"https:\/\/fit360.ee\/wp-content\/uploads\/2020\/04\/pol_pm_Evolite-Creatine-Monohydrate-500g-Cytrynowy-11105_1-1.png\" \/>\n\t<meta property=\"og:image:width\" content=\"500\" \/>\n\t<meta property=\"og:image:height\" content=\"500\" \/>\n\t<meta property=\"og:image:type\" content=\"image\/png\" \/>\n<meta name=\"twitter:card\" content=\"summary_large_image\" \/>\n<meta name=\"twitter:label1\" content=\"Est. reading time\" \/>\n\t<meta name=\"twitter:data1\" content=\"1 minute\" \/>\n<script type=\"application\/ld+json\" class=\"yoast-schema-graph\">{\"@context\":\"https:\\\/\\\/schema.org\",\"@graph\":[{\"@type\":\"WebPage\",\"@id\":\"https:\\\/\\\/fit360.ee\\\/en\\\/pood\\\/product-groups\\\/creatine-en\\\/creatine-monohydrate-en\\\/evolite-creatine-natural500g\\\/\",\"url\":\"https:\\\/\\\/fit360.ee\\\/en\\\/pood\\\/product-groups\\\/creatine-en\\\/creatine-monohydrate-en\\\/evolite-creatine-natural500g\\\/\",\"name\":\"Evolite Creatine (500g) - Fit360\",\"isPartOf\":{\"@id\":\"https:\\\/\\\/fit360.ee\\\/en\\\/#website\"},\"primaryImageOfPage\":{\"@id\":\"https:\\\/\\\/fit360.ee\\\/en\\\/pood\\\/product-groups\\\/creatine-en\\\/creatine-monohydrate-en\\\/evolite-creatine-natural500g\\\/#primaryimage\"},\"image\":{\"@id\":\"https:\\\/\\\/fit360.ee\\\/en\\\/pood\\\/product-groups\\\/creatine-en\\\/creatine-monohydrate-en\\\/evolite-creatine-natural500g\\\/#primaryimage\"},\"thumbnailUrl\":\"https:\\\/\\\/fit360.ee\\\/wp-content\\\/uploads\\\/2020\\\/04\\\/pol_pm_Evolite-Creatine-Monohydrate-500g-Cytrynowy-11105_1-1.png\",\"datePublished\":\"2020-04-29T12:06:29+00:00\",\"dateModified\":\"2026-04-11T08:42:16+00:00\",\"breadcrumb\":{\"@id\":\"https:\\\/\\\/fit360.ee\\\/en\\\/pood\\\/product-groups\\\/creatine-en\\\/creatine-monohydrate-en\\\/evolite-creatine-natural500g\\\/#breadcrumb\"},\"inLanguage\":\"en-US\",\"potentialAction\":[{\"@type\":\"ReadAction\",\"target\":[\"https:\\\/\\\/fit360.ee\\\/en\\\/pood\\\/product-groups\\\/creatine-en\\\/creatine-monohydrate-en\\\/evolite-creatine-natural500g\\\/\"]}]},{\"@type\":\"ImageObject\",\"inLanguage\":\"en-US\",\"@id\":\"https:\\\/\\\/fit360.ee\\\/en\\\/pood\\\/product-groups\\\/creatine-en\\\/creatine-monohydrate-en\\\/evolite-creatine-natural500g\\\/#primaryimage\",\"url\":\"https:\\\/\\\/fit360.ee\\\/wp-content\\\/uploads\\\/2020\\\/04\\\/pol_pm_Evolite-Creatine-Monohydrate-500g-Cytrynowy-11105_1-1.png\",\"contentUrl\":\"https:\\\/\\\/fit360.ee\\\/wp-content\\\/uploads\\\/2020\\\/04\\\/pol_pm_Evolite-Creatine-Monohydrate-500g-Cytrynowy-11105_1-1.png\",\"width\":500,\"height\":500,\"caption\":\"evolite creatine - fit360.ee\"},{\"@type\":\"BreadcrumbList\",\"@id\":\"https:\\\/\\\/fit360.ee\\\/en\\\/pood\\\/product-groups\\\/creatine-en\\\/creatine-monohydrate-en\\\/evolite-creatine-natural500g\\\/#breadcrumb\",\"itemListElement\":[{\"@type\":\"ListItem\",\"position\":1,\"name\":\"Home\",\"item\":\"https:\\\/\\\/fit360.ee\\\/en\\\/\"},{\"@type\":\"ListItem\",\"position\":2,\"name\":\"Shop\",\"item\":\"https:\\\/\\\/fit360.ee\\\/en\\\/shop\\\/\"},{\"@type\":\"ListItem\",\"position\":3,\"name\":\"Evolite Creatine (500g)\"}]},{\"@type\":\"WebSite\",\"@id\":\"https:\\\/\\\/fit360.ee\\\/en\\\/#website\",\"url\":\"https:\\\/\\\/fit360.ee\\\/en\\\/\",\"name\":\"Fit360\",\"description\":\"\",\"publisher\":{\"@id\":\"https:\\\/\\\/fit360.ee\\\/en\\\/#organization\"},\"potentialAction\":[{\"@type\":\"SearchAction\",\"target\":{\"@type\":\"EntryPoint\",\"urlTemplate\":\"https:\\\/\\\/fit360.ee\\\/en\\\/?s={search_term_string}\"},\"query-input\":{\"@type\":\"PropertyValueSpecification\",\"valueRequired\":true,\"valueName\":\"search_term_string\"}}],\"inLanguage\":\"en-US\"},{\"@type\":\"Organization\",\"@id\":\"https:\\\/\\\/fit360.ee\\\/en\\\/#organization\",\"name\":\"Fit360\",\"url\":\"https:\\\/\\\/fit360.ee\\\/en\\\/\",\"logo\":{\"@type\":\"ImageObject\",\"inLanguage\":\"en-US\",\"@id\":\"https:\\\/\\\/fit360.ee\\\/en\\\/#\\\/schema\\\/logo\\\/image\\\/\",\"url\":\"https:\\\/\\\/fit360.ee\\\/wp-content\\\/uploads\\\/2017\\\/01\\\/logo-fit360.png\",\"contentUrl\":\"https:\\\/\\\/fit360.ee\\\/wp-content\\\/uploads\\\/2017\\\/01\\\/logo-fit360.png\",\"width\":180,\"height\":66,\"caption\":\"Fit360\"},\"image\":{\"@id\":\"https:\\\/\\\/fit360.ee\\\/en\\\/#\\\/schema\\\/logo\\\/image\\\/\"}}]}<\/script>\n<!-- \/ Yoast SEO plugin. -->","yoast_head_json":{"title":"Evolite Creatine (500g) - Fit360","robots":{"index":"index","follow":"follow","max-snippet":"max-snippet:-1","max-image-preview":"max-image-preview:large","max-video-preview":"max-video-preview:-1"},"canonical":"https:\/\/fit360.ee\/en\/pood\/product-groups\/creatine-en\/creatine-monohydrate-en\/evolite-creatine-natural500g\/","og_locale":"en_US","og_type":"article","og_title":"Evolite Creatine (500g) - Fit360","og_description":"Kreatiinmonoh\u00fcdraat:   Kasvatab puhast lihasmassi.  Kiirendab taastumist treeningutest.  Lisab plahvatuslikku j\u00f5udu.  Suurendab valgus\u00fcnteesi.  Kreatiinmonoh\u00fcdraat on maailma \u00fcks populaarseimaid toidulisandeid, mis aitab lisada j\u00f5udu, v\u00f5imsust (plahvatuslikku j\u00f5udu) ja lihasmassi. Mitmed teadust\u00f6\u00f6d on n\u00e4idanud, et kreatiin v\u00e4hendab treeningul vajaminevat taastusaega. Kreatiinmonoh\u00fcdraat imendub k\u00f5ige paremini, kui seda tarbida koos s\u00fcsivesikurikka joogiga.","og_url":"https:\/\/fit360.ee\/en\/pood\/product-groups\/creatine-en\/creatine-monohydrate-en\/evolite-creatine-natural500g\/","og_site_name":"Fit360","article_modified_time":"2026-04-11T08:42:16+00:00","og_image":[{"width":500,"height":500,"url":"https:\/\/fit360.ee\/wp-content\/uploads\/2020\/04\/pol_pm_Evolite-Creatine-Monohydrate-500g-Cytrynowy-11105_1-1.png","type":"image\/png"}],"twitter_card":"summary_large_image","twitter_misc":{"Est. reading time":"1 minute"},"schema":{"@context":"https:\/\/schema.org","@graph":[{"@type":"WebPage","@id":"https:\/\/fit360.ee\/en\/pood\/product-groups\/creatine-en\/creatine-monohydrate-en\/evolite-creatine-natural500g\/","url":"https:\/\/fit360.ee\/en\/pood\/product-groups\/creatine-en\/creatine-monohydrate-en\/evolite-creatine-natural500g\/","name":"Evolite Creatine (500g) - Fit360","isPartOf":{"@id":"https:\/\/fit360.ee\/en\/#website"},"primaryImageOfPage":{"@id":"https:\/\/fit360.ee\/en\/pood\/product-groups\/creatine-en\/creatine-monohydrate-en\/evolite-creatine-natural500g\/#primaryimage"},"image":{"@id":"https:\/\/fit360.ee\/en\/pood\/product-groups\/creatine-en\/creatine-monohydrate-en\/evolite-creatine-natural500g\/#primaryimage"},"thumbnailUrl":"https:\/\/fit360.ee\/wp-content\/uploads\/2020\/04\/pol_pm_Evolite-Creatine-Monohydrate-500g-Cytrynowy-11105_1-1.png","datePublished":"2020-04-29T12:06:29+00:00","dateModified":"2026-04-11T08:42:16+00:00","breadcrumb":{"@id":"https:\/\/fit360.ee\/en\/pood\/product-groups\/creatine-en\/creatine-monohydrate-en\/evolite-creatine-natural500g\/#breadcrumb"},"inLanguage":"en-US","potentialAction":[{"@type":"ReadAction","target":["https:\/\/fit360.ee\/en\/pood\/product-groups\/creatine-en\/creatine-monohydrate-en\/evolite-creatine-natural500g\/"]}]},{"@type":"ImageObject","inLanguage":"en-US","@id":"https:\/\/fit360.ee\/en\/pood\/product-groups\/creatine-en\/creatine-monohydrate-en\/evolite-creatine-natural500g\/#primaryimage","url":"https:\/\/fit360.ee\/wp-content\/uploads\/2020\/04\/pol_pm_Evolite-Creatine-Monohydrate-500g-Cytrynowy-11105_1-1.png","contentUrl":"https:\/\/fit360.ee\/wp-content\/uploads\/2020\/04\/pol_pm_Evolite-Creatine-Monohydrate-500g-Cytrynowy-11105_1-1.png","width":500,"height":500,"caption":"evolite creatine - fit360.ee"},{"@type":"BreadcrumbList","@id":"https:\/\/fit360.ee\/en\/pood\/product-groups\/creatine-en\/creatine-monohydrate-en\/evolite-creatine-natural500g\/#breadcrumb","itemListElement":[{"@type":"ListItem","position":1,"name":"Home","item":"https:\/\/fit360.ee\/en\/"},{"@type":"ListItem","position":2,"name":"Shop","item":"https:\/\/fit360.ee\/en\/shop\/"},{"@type":"ListItem","position":3,"name":"Evolite Creatine (500g)"}]},{"@type":"WebSite","@id":"https:\/\/fit360.ee\/en\/#website","url":"https:\/\/fit360.ee\/en\/","name":"Fit360","description":"","publisher":{"@id":"https:\/\/fit360.ee\/en\/#organization"},"potentialAction":[{"@type":"SearchAction","target":{"@type":"EntryPoint","urlTemplate":"https:\/\/fit360.ee\/en\/?s={search_term_string}"},"query-input":{"@type":"PropertyValueSpecification","valueRequired":true,"valueName":"search_term_string"}}],"inLanguage":"en-US"},{"@type":"Organization","@id":"https:\/\/fit360.ee\/en\/#organization","name":"Fit360","url":"https:\/\/fit360.ee\/en\/","logo":{"@type":"ImageObject","inLanguage":"en-US","@id":"https:\/\/fit360.ee\/en\/#\/schema\/logo\/image\/","url":"https:\/\/fit360.ee\/wp-content\/uploads\/2017\/01\/logo-fit360.png","contentUrl":"https:\/\/fit360.ee\/wp-content\/uploads\/2017\/01\/logo-fit360.png","width":180,"height":66,"caption":"Fit360"},"image":{"@id":"https:\/\/fit360.ee\/en\/#\/schema\/logo\/image\/"}}]}},"_links":{"self":[{"href":"https:\/\/fit360.ee\/en\/wp-json\/wp\/v2\/product\/36526","targetHints":{"allow":["GET"]}}],"collection":[{"href":"https:\/\/fit360.ee\/en\/wp-json\/wp\/v2\/product"}],"about":[{"href":"https:\/\/fit360.ee\/en\/wp-json\/wp\/v2\/types\/product"}],"replies":[{"embeddable":true,"href":"https:\/\/fit360.ee\/en\/wp-json\/wp\/v2\/comments?post=36526"}],"wp:featuredmedia":[{"embeddable":true,"href":"https:\/\/fit360.ee\/en\/wp-json\/wp\/v2\/media\/67067"}],"wp:attachment":[{"href":"https:\/\/fit360.ee\/en\/wp-json\/wp\/v2\/media?parent=36526"}],"wp:term":[{"taxonomy":"product_brand","embeddable":true,"href":"https:\/\/fit360.ee\/en\/wp-json\/wp\/v2\/product_brand?post=36526"},{"taxonomy":"product_cat","embeddable":true,"href":"https:\/\/fit360.ee\/en\/wp-json\/wp\/v2\/product_cat?post=36526"},{"taxonomy":"product_tag","embeddable":true,"href":"https:\/\/fit360.ee\/en\/wp-json\/wp\/v2\/product_tag?post=36526"},{"taxonomy":"giftcard-category","embeddable":true,"href":"https:\/\/fit360.ee\/en\/wp-json\/wp\/v2\/giftcard-category?post=36526"}],"curies":[{"name":"wp","href":"https:\/\/api.w.org\/{rel}","templated":true}]}}