{"id":37156,"date":"2020-05-24T13:03:34","date_gmt":"2020-05-24T11:03:34","guid":{"rendered":"https:\/\/fit360.ee\/pood\/uncategorized\/evolite-vitamiin-b-complex-90caps\/"},"modified":"2026-04-11T10:42:23","modified_gmt":"2026-04-11T08:42:23","slug":"evolite-vitamiin-b-complex-90caps","status":"publish","type":"product","link":"https:\/\/fit360.ee\/en\/pood\/product-groups\/vitamins-and-minerals-en\/b-vitamin-en\/evolite-vitamiin-b-complex-90caps\/","title":{"rendered":"Evolite Vitamiin B Complex (90caps)"},"content":{"rendered":"<h2><strong>B vitamiin kompleks<\/strong><\/h2>\n<p>B Vitamiin Kompleks on kvaliteetne toidulisand, mis on <a href=\"https:\/\/fit360.ee\/en\/product-category\/product-groups\/vitamins-and-minerals-en\/b-vitamin-en\/\"><strong>B-vitamiinide<\/strong><\/a> allikas. Preparaati rikastati ka C- ja E-vitamiiniga. See on kergesti neelatavate kapslitena saadaval olev toode, mis on loodud inimestele, kes hoolivad igak\u00fclgsest keha toetamisest.<\/p>\n<section class=\"cm__section\">\n<ul class=\"cm__list\">\n<li><strong>Kontsentreeritud B-vitamiinide allikas<\/strong>\u00a0\u2013 preparaat varustab organismi 1,1 mg tiamiini, 1,4 mg riboflaviini, 16 mg niatsiini, 6 mg pantoteenhappe, 1,4 mg B6-vitamiini, 50 \u00b5g biotiiniga. , samuti 200 \u03bcg foolhapet ja 2,5 \u03bcg vitamiini B12.<\/li>\n<li><strong>Rikastatud C- ja E-vitamiiniga<\/strong>\u00a0\u2013 toidulisand sisaldab 80 mg L-askorbiinhapet ja 12 mg E-vitamiini.<\/li>\n<li><strong>1 portsjon = 1 tablett<\/strong>\u00a0.<\/li>\n<li><strong>Toimivus<\/strong>\u00a0\u2013 toote pakendist piisab kolmeks kuuks regulaarseks toidulisandiks.<\/li>\n<li><strong>Mugav vorm<\/strong>\u00a0\u2013 preparaat saadaval kergesti neelatavate tablettidena.<\/li>\n<\/ul>\n<h4 class=\"cm__heading\"><strong>Evolite B-vitamiini kompleks \u2013 v\u00e4\u00e4rtuslike mikroelementide rikkus<\/strong><\/h4>\n<p><strong>B1-vitamiin<\/strong>\u00a0aitab gl\u00fckoosi energiaks muundada ning toetab n\u00e4rvirakkude funktsioneerimist. Puuduse peamiseks s\u00fcmptomiks on v\u00e4simus. Lisaks toetab s\u00fcdant ja veresoonkonda ning seedetrakti tegevust.<\/p>\n<p><strong>B2-vitamiin<\/strong>\u00a0annab uriinile erekollase v\u00e4rvuse. B2 \u00a0on vajalik n\u00e4gemisele, k\u00fc\u00fcnte, naha ja limaskestade terviseks. Samuti juuste normaalseks kasvuks. Ka punaseid vereliblesid ja rauaainevahetust reguleeriva vitamiini funktsioon on just B2-l.<\/p>\n<p><strong>B6-vitamiini<\/strong>\u00a0puudus takistab kehas \u00f5nnehormoonina tuntud serontoniini tootmist, \u00a0v\u00f5tmeroll hormoonide tasakaalu ja immuunfunktsiooni s\u00e4ilitamisel.<\/p>\n<p><strong>H-vitamiin ehk biotiin (B7<\/strong>) on t\u00e4htis koens\u00fc\u00fcm, mis osaleb rasva ainevahetuses. Vajalik rasvhapete ja gl\u00fckoosi energiaks muutmiseks, aminohapete ja valkude s\u00fcnteesis ja vitamiinide B1 ja C omandamiseks. Organism vajab biotiini rakkude kasvamise tagamiseks. Sellel on oluline roll naha, juuste ja k\u00fc\u00fcnte tervise toetamises.<\/p>\n<p><strong>B6, B12 ja foolhape B9<\/strong>\u00a0toetavad kehas toimuvat olulist protsessi met\u00fc\u00fclimist, mis on vajalik k\u00f5ikide n\u00e4rvivahendusainete tootmisel. Foolhape aitab kaasa kudede kasvule ja osaleb rakujagunemisprotsessides. Kui inimesel on foolhappest puudus, on m\u00e4luh\u00e4ired kerged tulema, seega lastele, \u00f5ppuritele ja aktiivselt ajut\u00f6\u00f6d tegevatele inimestele \u00e4\u00e4rmiselt t\u00e4htis element!<\/p>\n<p class=\"cm__text\"><strong>B-vitamiinid<\/strong>\u00a0on vees lahustuvad \u00fchendid, millega tuleb organismi pidevalt varustada, kuna organism ei ole v\u00f5imeline neid s\u00fcnteesima.\u00a0Neid leidub tavaliselt toidus, nii loomses kui ka taimses toidus.\u00a0Nii v\u00f5ib B-vitamiine leida muu hulgas kaunviljadest, piimast ja piimatoodetest, aga ka munadest, p\u00e4hklitest, puuviljadest, k\u00f6\u00f6giviljadest ja p\u00e4rmist.<\/p>\n<p>B-vitamiinide hulka kuuluvad sellised \u00fchendid nagu tiamiin (vitamiin B1), riboflaviin (vitamiin B2), niatsiin (vitamiin B3), pantoteenhape (vitamiin B5), p\u00fcridoksiin (vitamiin B6),\u00a0<a href=\"https:\/\/fit360.ee\/en\/product-category\/product-groups\/vitamins-and-minerals-en\/biotin-en\/\"><strong>biotiin (vitamiin B7)<\/strong><\/a>,\u00a0<a href=\"https:\/\/fit360.ee\/en\/product-category\/product-groups\/vitamins-and-minerals-en\/folic-acid-en\/\"><strong>foolhape (vitamiin B9)<\/strong><\/a>, ja kobalamiin (vitamiin B12).<\/p>\n<p>Preparaadist Evolite Vitamin B Complex v\u00f5ib lisaks B-vitamiinidele leida ka <strong>C-vitamiini<\/strong>\u00a0, vees lahustuvat eksogeenset \u00fchendit, mida nimetatakse askorbiinhappeks.\u00a0See on orgaaniline aine pol\u00fch\u00fcdroks\u00fcalkoholide r\u00fchmast, mida leidub looduslikult puu- ja juurviljades, sealhulgas acerolas, musts\u00f5stras, sidrunis, nuikapsas, petersellis v\u00f5i punases pipras.<\/p>\n<p>Toidulisand on ka\u00a0<strong>E-vitamiini<\/strong>\u00a0allikas DL-alfa-tokofer\u00fc\u00fclatsetaadi kujul.\u00a0See on rasvlahustuv vitamiin, mis t\u00e4hendab, et selle \u00f5igeks imendumiseks on vajalik ka rasvavaru.\u00a0See on peamiselt rasvkoes ja neerupealistes ladestuv aine, mida nimetatakse \u201cnooruse vitamiiniks\u201d.\u00a0E-vitamiini saab organismi varustada igap\u00e4evase toiduga \u2013 koostisosa leidub muuhulgas taime\u00f5lides, nagu oliivi\u00f5li, p\u00e4evalille\u00f5li ja maisi\u00f5li, aga ka p\u00e4hklites ja teraviljaseemneid.<\/p>\n<p>Evolite Vitamin B Complex on inimorganismile igak\u00fclgset tuge pakkuv preparaat, varustades organismi nii B-vitamiini kui ka C- v\u00f5i E-vitamiiniga. Tegemist on kvaliteetse tootega, mis aitab tagada piisava varu v\u00e4\u00e4rtuslike mikroelementidega.<\/p>\n<h4 class=\"cm__heading\"><strong>Evolite B-vitamiini kompleksis sisalduvate koostisosade omadused<\/strong><\/h4>\n<p><strong>B-vitamiinid<\/strong>\u00a0aitavad lisaks foolhappele kaasa normaalse energiavahetuse s\u00e4ilitamisele.\u00a0Lisaks aitab enamik selle r\u00fchma \u00fchendeid n\u00e4rvis\u00fcsteemi n\u00f5uetekohasel toimimisel.\u00a0Vitamiinid nagu tiamiin, niatsiin v\u00f5i kobalamiin toetavad optimaalsete ps\u00fchholoogiliste funktsioonide s\u00e4ilimist ja riboflaviin toetab rakkude kaitset oks\u00fcdatiivse stressi eest.<\/p>\n<p><strong>B1-vitamiin<\/strong>\u00a0toetab normaalset s\u00fcdametalitlust ning\u00a0<strong>B2-vitamiin<\/strong>\u00a0aitab s\u00e4ilitada normaalset limaskestade ja punaste vereliblede t\u00f6\u00f6d ning toetab terve naha ja normaalse n\u00e4gemise s\u00e4ilitamist.\u00a0Lisaks aitavad nii riboflaviin kui ka niatsiin v\u00e4hendada v\u00e4simust ja kurnatust.<\/p>\n<p><strong>Preparaadis sisalduv pantoteenhape<\/strong>\u00a0m\u00f5jutab steroidhormoonide, D-vitamiini ja m\u00f5nede neurotransmitterite \u00f5iget s\u00fcnteesi ja ainevahetust ning aitab s\u00e4ilitada ka vaimset j\u00f5udlust sobival tasemel.\u00a0<strong>Vitamiin B6<\/strong>\u00a0aitab omakorda\u00a0kaasa normaalse valkude ja gl\u00fckogeeni ainevahetuse s\u00e4ilitamisele, samuti aitab kaasa immuuns\u00fcsteemi \u00f5igele talitlusele ning toetab hormonaalse aktiivsuse reguleerimist.<\/p>\n<p>Toidulisandis kasutatav biotiin aitab s\u00e4ilitada optimaalset makrotoitainete ainevahetust ning aitab s\u00e4ilitada terveid juukseid ja\u00a0nahka\u00a0<strong>.\u00a0<\/strong>Teisest k\u00fcljest m\u00e4ngib\u00a0<strong>vitamiin B12<\/strong>\u00a0rolli rakkude jagunemise protsessis ja aitab s\u00e4ilitada normaalset homots\u00fcsteiini metabolismi.<\/p>\n<p>Toode sisaldab ka\u00a0<a href=\"https:\/\/fit360.ee\/en\/product-category\/product-groups\/vitamins-and-minerals-en\/c-vitamin-en\/\"><strong>C-vitamiini<\/strong><\/a>\u00a0, mis aitab kaasa kollageeni \u00f5igele tootmisele, et tagada veresoonte, luude, k\u00f5hrede ja igemete, aga ka naha ja hammaste n\u00f5uetekohane funktsioneerimine ning lisaks suurendab raua imendumist ja soodustab luude taastumist. E-vitamiini v\u00e4hendatud vorm. Veelgi enam, see aitab s\u00e4ilitada immuuns\u00fcsteemi n\u00f5uetekohast toimimist intensiivse f\u00fc\u00fcsilise koormuse ajal ja p\u00e4rast seda.\u00a0Preparaadis kasutatav\u00a0<a href=\"https:\/\/fit360.ee\/en\/product-category\/product-groups\/vitamins-and-minerals-en\/e-vitamin-en\/\"><strong>E-vitamiin<\/strong><\/a>\u00a0aitab omakorda kaasa rakkude kaitsmisele oks\u00fcdatiivse stressi eest.<\/p>\n<p><strong><b>Teised koostisosad: <\/b><\/strong>t\u00e4iteaine: mikrokristalne tselluloos, kapsli koostisosad; h\u00fcpromelloos, v\u00e4rvained: kollane raudoksiid, must raudoksiid, lakksinine V<\/p>\n<\/section>\n<p><strong>Kasutamine<\/strong>: V\u00f5ta 2 kapslit p\u00e4evas koos hommikus\u00f6\u00f6giga.<\/p>\n<p><strong>Suurus<\/strong>: 90 kapslit<\/p>\n<p><strong>Purgi neto kaa<\/strong>l: 45g<\/p>\n<table width=\"322\">\n<tbody>\n<tr>\n<td width=\"129\"><strong>Toimeaine<\/strong><\/td>\n<td width=\"96\"><strong>1 kapsel<\/strong><\/td>\n<td width=\"97\"><strong>2 kapslit<\/strong><\/td>\n<\/tr>\n<tr>\n<td width=\"129\">B1-vitamiin<\/td>\n<td width=\"96\">1,1mg (100%)<\/td>\n<td width=\"97\">2,2mg (200%)<\/td>\n<\/tr>\n<tr>\n<td width=\"129\">B2-vitamiin<\/td>\n<td width=\"96\">1,4mg (100%)<\/td>\n<td width=\"97\">2,8mg (200%)<\/td>\n<\/tr>\n<tr>\n<td width=\"129\">Niatsiin<\/td>\n<td width=\"96\">16mg (100%)<\/td>\n<td width=\"97\">32mg (200%)<\/td>\n<\/tr>\n<tr>\n<td width=\"129\">Pantoteenhappe<\/td>\n<td width=\"96\">6mg (100%)<\/td>\n<td width=\"97\">12mg (200%)<\/td>\n<\/tr>\n<tr>\n<td width=\"129\">Vitamiin B6<\/td>\n<td width=\"96\">1,4mg (100%)<\/td>\n<td width=\"97\">2,8mg (200%)<\/td>\n<\/tr>\n<tr>\n<td width=\"129\">Foolhape<\/td>\n<td width=\"96\">200\u03bcg (100%)<\/td>\n<td width=\"97\">400\u03bcg (200%)<\/td>\n<\/tr>\n<tr>\n<td width=\"129\">Vitamiin B12<\/td>\n<td width=\"96\">2,5\u03bcg (100%)<\/td>\n<td width=\"97\">5\u03bcg (200%)<\/td>\n<\/tr>\n<tr>\n<td width=\"129\">Biotiin<\/td>\n<td width=\"96\">50\u03bcg (100%)<\/td>\n<td width=\"97\">100\u03bcg(200%)<\/td>\n<\/tr>\n<tr>\n<td width=\"129\">C-vitamiin<\/td>\n<td width=\"96\">80mg (100%)<\/td>\n<td width=\"97\">160mg (200%)<\/td>\n<\/tr>\n<\/tbody>\n<\/table>\n<p>Vaata ka meie teisi B-Vitamiine <a href=\"https:\/\/fit360.ee\/en\/product-category\/product-groups\/vitamins-and-minerals-en\/b-vitamin-en\/\"><strong>SIIT<\/strong><\/a> v\u00f5i k\u00f5iki Vitamiine\/mineraale <a href=\"https:\/\/fit360.ee\/en\/product-category\/product-groups\/vitamins-and-minerals-en\/\"><strong>SIIT<\/strong><\/a>!<\/p>\n<p>Soovid teha suuremat tellimust? Vaata antud toodet meie HULGI lehelt\u00a0<a href=\"https:\/\/toidulisandidhulgi.ee\/product\/evolite-vitamiin-b-complex-90caps\/\"><strong>SIIT<\/strong><\/a>!<\/p>\n","protected":false},"excerpt":{"rendered":"<p><strong>B-grupi vitamiinide \u00fclesanded on:<\/strong><\/p>\n<ul>\n<li>Organismi varustamine energiaga.<\/li>\n<li>Asendamatud n\u00e4rvis\u00fcsteemi normaalseks funktsioneerimiseks.<\/li>\n<li>Vajalikud seedeelundkonna lihaste toonuse s\u00e4ilitamisel.<\/li>\n<li>T\u00e4htsad naha, juuste, silmade, suu ja maksa tervise tagamisel.<\/li>\n<\/ul>\n<p>&nbsp;<\/p>\n","protected":false},"featured_media":85306,"comment_status":"open","ping_status":"closed","template":"","meta":[],"product_brand":[],"product_cat":[2251,1618,5320,536],"product_tag":[4441,5442,1773],"giftcard-category":[],"class_list":{"0":"post-37156","1":"product","2":"type-product","3":"status-publish","4":"has-post-thumbnail","6":"product_cat-b-vitamin-en","7":"product_cat-evolite-en","8":"product_cat-for-immunity-en","9":"product_cat-vitamins-and-minerals-en","10":"product_tag-b-vitamiinide-kompleks-en","11":"product_tag-b-vititamiin-en","12":"product_tag-evolite-en","13":"pa_toidulisand-branddd-evolite","14":"pa_tootegruppp-b-vitamiin-en","15":"pa_tootegruppp-immuunsusteem-en","16":"pa_tootegruppp-vitamins-and-minerals","18":"first","19":"instock","20":"sale","21":"taxable","22":"shipping-taxable","23":"purchasable","24":"product-type-simple"},"yoast_head":"<!-- This site is optimized with the Yoast SEO plugin v27.3 - https:\/\/yoast.com\/product\/yoast-seo-wordpress\/ -->\n<title>Evolite Vitamiin B Complex (90caps) - Fit360<\/title>\n<meta name=\"description\" content=\"B Vitamiin Kompleks on kvaliteetne toidulisand, mis on B-vitamiinide allikas. Preparaati rikastati ka C- ja E-vitamiiniga. See on kergesti neelatavate kap..\" \/>\n<meta name=\"robots\" content=\"index, follow, max-snippet:-1, max-image-preview:large, max-video-preview:-1\" \/>\n<link rel=\"canonical\" href=\"https:\/\/fit360.ee\/en\/pood\/product-groups\/vitamins-and-minerals-en\/b-vitamin-en\/evolite-vitamiin-b-complex-90caps\/\" \/>\n<meta property=\"og:locale\" content=\"en_US\" \/>\n<meta property=\"og:type\" content=\"article\" \/>\n<meta property=\"og:title\" content=\"Evolite Vitamiin B Complex (90caps) - Fit360\" \/>\n<meta property=\"og:description\" content=\"B Vitamiin Kompleks on kvaliteetne toidulisand, mis on B-vitamiinide allikas. Preparaati rikastati ka C- ja E-vitamiiniga. See on kergesti neelatavate kap..\" \/>\n<meta property=\"og:url\" content=\"https:\/\/fit360.ee\/en\/pood\/product-groups\/vitamins-and-minerals-en\/b-vitamin-en\/evolite-vitamiin-b-complex-90caps\/\" \/>\n<meta property=\"og:site_name\" content=\"Fit360\" \/>\n<meta property=\"article:modified_time\" content=\"2026-04-11T08:42:23+00:00\" \/>\n<meta property=\"og:image\" content=\"https:\/\/fit360.ee\/wp-content\/uploads\/2020\/05\/b-vitamiin-kompleks-fit360.ee_.jpg\" \/>\n\t<meta property=\"og:image:width\" content=\"800\" \/>\n\t<meta property=\"og:image:height\" content=\"800\" \/>\n\t<meta property=\"og:image:type\" content=\"image\/jpeg\" \/>\n<meta name=\"twitter:card\" content=\"summary_large_image\" \/>\n<meta name=\"twitter:label1\" content=\"Est. reading time\" \/>\n\t<meta name=\"twitter:data1\" content=\"1 minute\" \/>\n<script type=\"application\/ld+json\" class=\"yoast-schema-graph\">{\"@context\":\"https:\\\/\\\/schema.org\",\"@graph\":[{\"@type\":\"WebPage\",\"@id\":\"https:\\\/\\\/fit360.ee\\\/en\\\/pood\\\/product-groups\\\/vitamins-and-minerals-en\\\/b-vitamin-en\\\/evolite-vitamiin-b-complex-90caps\\\/\",\"url\":\"https:\\\/\\\/fit360.ee\\\/en\\\/pood\\\/product-groups\\\/vitamins-and-minerals-en\\\/b-vitamin-en\\\/evolite-vitamiin-b-complex-90caps\\\/\",\"name\":\"Evolite Vitamiin B Complex (90caps) - Fit360\",\"isPartOf\":{\"@id\":\"https:\\\/\\\/fit360.ee\\\/en\\\/#website\"},\"primaryImageOfPage\":{\"@id\":\"https:\\\/\\\/fit360.ee\\\/en\\\/pood\\\/product-groups\\\/vitamins-and-minerals-en\\\/b-vitamin-en\\\/evolite-vitamiin-b-complex-90caps\\\/#primaryimage\"},\"image\":{\"@id\":\"https:\\\/\\\/fit360.ee\\\/en\\\/pood\\\/product-groups\\\/vitamins-and-minerals-en\\\/b-vitamin-en\\\/evolite-vitamiin-b-complex-90caps\\\/#primaryimage\"},\"thumbnailUrl\":\"https:\\\/\\\/fit360.ee\\\/wp-content\\\/uploads\\\/2020\\\/05\\\/b-vitamiin-kompleks-fit360.ee_.jpg\",\"datePublished\":\"2020-05-24T11:03:34+00:00\",\"dateModified\":\"2026-04-11T08:42:23+00:00\",\"description\":\"B Vitamiin Kompleks on kvaliteetne toidulisand, mis on B-vitamiinide allikas. Preparaati rikastati ka C- ja E-vitamiiniga. See on kergesti neelatavate kap..\",\"breadcrumb\":{\"@id\":\"https:\\\/\\\/fit360.ee\\\/en\\\/pood\\\/product-groups\\\/vitamins-and-minerals-en\\\/b-vitamin-en\\\/evolite-vitamiin-b-complex-90caps\\\/#breadcrumb\"},\"inLanguage\":\"en-US\",\"potentialAction\":[{\"@type\":\"ReadAction\",\"target\":[\"https:\\\/\\\/fit360.ee\\\/en\\\/pood\\\/product-groups\\\/vitamins-and-minerals-en\\\/b-vitamin-en\\\/evolite-vitamiin-b-complex-90caps\\\/\"]}]},{\"@type\":\"ImageObject\",\"inLanguage\":\"en-US\",\"@id\":\"https:\\\/\\\/fit360.ee\\\/en\\\/pood\\\/product-groups\\\/vitamins-and-minerals-en\\\/b-vitamin-en\\\/evolite-vitamiin-b-complex-90caps\\\/#primaryimage\",\"url\":\"https:\\\/\\\/fit360.ee\\\/wp-content\\\/uploads\\\/2020\\\/05\\\/b-vitamiin-kompleks-fit360.ee_.jpg\",\"contentUrl\":\"https:\\\/\\\/fit360.ee\\\/wp-content\\\/uploads\\\/2020\\\/05\\\/b-vitamiin-kompleks-fit360.ee_.jpg\",\"width\":800,\"height\":800,\"caption\":\"b vitamiin kompleks - fit360.ee\"},{\"@type\":\"BreadcrumbList\",\"@id\":\"https:\\\/\\\/fit360.ee\\\/en\\\/pood\\\/product-groups\\\/vitamins-and-minerals-en\\\/b-vitamin-en\\\/evolite-vitamiin-b-complex-90caps\\\/#breadcrumb\",\"itemListElement\":[{\"@type\":\"ListItem\",\"position\":1,\"name\":\"Home\",\"item\":\"https:\\\/\\\/fit360.ee\\\/en\\\/\"},{\"@type\":\"ListItem\",\"position\":2,\"name\":\"Shop\",\"item\":\"https:\\\/\\\/fit360.ee\\\/en\\\/shop\\\/\"},{\"@type\":\"ListItem\",\"position\":3,\"name\":\"Evolite Vitamiin B Complex (90caps)\"}]},{\"@type\":\"WebSite\",\"@id\":\"https:\\\/\\\/fit360.ee\\\/en\\\/#website\",\"url\":\"https:\\\/\\\/fit360.ee\\\/en\\\/\",\"name\":\"Fit360\",\"description\":\"\",\"publisher\":{\"@id\":\"https:\\\/\\\/fit360.ee\\\/en\\\/#organization\"},\"potentialAction\":[{\"@type\":\"SearchAction\",\"target\":{\"@type\":\"EntryPoint\",\"urlTemplate\":\"https:\\\/\\\/fit360.ee\\\/en\\\/?s={search_term_string}\"},\"query-input\":{\"@type\":\"PropertyValueSpecification\",\"valueRequired\":true,\"valueName\":\"search_term_string\"}}],\"inLanguage\":\"en-US\"},{\"@type\":\"Organization\",\"@id\":\"https:\\\/\\\/fit360.ee\\\/en\\\/#organization\",\"name\":\"Fit360\",\"url\":\"https:\\\/\\\/fit360.ee\\\/en\\\/\",\"logo\":{\"@type\":\"ImageObject\",\"inLanguage\":\"en-US\",\"@id\":\"https:\\\/\\\/fit360.ee\\\/en\\\/#\\\/schema\\\/logo\\\/image\\\/\",\"url\":\"https:\\\/\\\/fit360.ee\\\/wp-content\\\/uploads\\\/2017\\\/01\\\/logo-fit360.png\",\"contentUrl\":\"https:\\\/\\\/fit360.ee\\\/wp-content\\\/uploads\\\/2017\\\/01\\\/logo-fit360.png\",\"width\":180,\"height\":66,\"caption\":\"Fit360\"},\"image\":{\"@id\":\"https:\\\/\\\/fit360.ee\\\/en\\\/#\\\/schema\\\/logo\\\/image\\\/\"}}]}<\/script>\n<!-- \/ Yoast SEO plugin. -->","yoast_head_json":{"title":"Evolite Vitamiin B Complex (90caps) - Fit360","description":"B Vitamiin Kompleks on kvaliteetne toidulisand, mis on B-vitamiinide allikas. Preparaati rikastati ka C- ja E-vitamiiniga. See on kergesti neelatavate kap..","robots":{"index":"index","follow":"follow","max-snippet":"max-snippet:-1","max-image-preview":"max-image-preview:large","max-video-preview":"max-video-preview:-1"},"canonical":"https:\/\/fit360.ee\/en\/pood\/product-groups\/vitamins-and-minerals-en\/b-vitamin-en\/evolite-vitamiin-b-complex-90caps\/","og_locale":"en_US","og_type":"article","og_title":"Evolite Vitamiin B Complex (90caps) - Fit360","og_description":"B Vitamiin Kompleks on kvaliteetne toidulisand, mis on B-vitamiinide allikas. Preparaati rikastati ka C- ja E-vitamiiniga. See on kergesti neelatavate kap..","og_url":"https:\/\/fit360.ee\/en\/pood\/product-groups\/vitamins-and-minerals-en\/b-vitamin-en\/evolite-vitamiin-b-complex-90caps\/","og_site_name":"Fit360","article_modified_time":"2026-04-11T08:42:23+00:00","og_image":[{"width":800,"height":800,"url":"https:\/\/fit360.ee\/wp-content\/uploads\/2020\/05\/b-vitamiin-kompleks-fit360.ee_.jpg","type":"image\/jpeg"}],"twitter_card":"summary_large_image","twitter_misc":{"Est. reading time":"1 minute"},"schema":{"@context":"https:\/\/schema.org","@graph":[{"@type":"WebPage","@id":"https:\/\/fit360.ee\/en\/pood\/product-groups\/vitamins-and-minerals-en\/b-vitamin-en\/evolite-vitamiin-b-complex-90caps\/","url":"https:\/\/fit360.ee\/en\/pood\/product-groups\/vitamins-and-minerals-en\/b-vitamin-en\/evolite-vitamiin-b-complex-90caps\/","name":"Evolite Vitamiin B Complex (90caps) - Fit360","isPartOf":{"@id":"https:\/\/fit360.ee\/en\/#website"},"primaryImageOfPage":{"@id":"https:\/\/fit360.ee\/en\/pood\/product-groups\/vitamins-and-minerals-en\/b-vitamin-en\/evolite-vitamiin-b-complex-90caps\/#primaryimage"},"image":{"@id":"https:\/\/fit360.ee\/en\/pood\/product-groups\/vitamins-and-minerals-en\/b-vitamin-en\/evolite-vitamiin-b-complex-90caps\/#primaryimage"},"thumbnailUrl":"https:\/\/fit360.ee\/wp-content\/uploads\/2020\/05\/b-vitamiin-kompleks-fit360.ee_.jpg","datePublished":"2020-05-24T11:03:34+00:00","dateModified":"2026-04-11T08:42:23+00:00","description":"B Vitamiin Kompleks on kvaliteetne toidulisand, mis on B-vitamiinide allikas. Preparaati rikastati ka C- ja E-vitamiiniga. See on kergesti neelatavate kap..","breadcrumb":{"@id":"https:\/\/fit360.ee\/en\/pood\/product-groups\/vitamins-and-minerals-en\/b-vitamin-en\/evolite-vitamiin-b-complex-90caps\/#breadcrumb"},"inLanguage":"en-US","potentialAction":[{"@type":"ReadAction","target":["https:\/\/fit360.ee\/en\/pood\/product-groups\/vitamins-and-minerals-en\/b-vitamin-en\/evolite-vitamiin-b-complex-90caps\/"]}]},{"@type":"ImageObject","inLanguage":"en-US","@id":"https:\/\/fit360.ee\/en\/pood\/product-groups\/vitamins-and-minerals-en\/b-vitamin-en\/evolite-vitamiin-b-complex-90caps\/#primaryimage","url":"https:\/\/fit360.ee\/wp-content\/uploads\/2020\/05\/b-vitamiin-kompleks-fit360.ee_.jpg","contentUrl":"https:\/\/fit360.ee\/wp-content\/uploads\/2020\/05\/b-vitamiin-kompleks-fit360.ee_.jpg","width":800,"height":800,"caption":"b vitamiin kompleks - fit360.ee"},{"@type":"BreadcrumbList","@id":"https:\/\/fit360.ee\/en\/pood\/product-groups\/vitamins-and-minerals-en\/b-vitamin-en\/evolite-vitamiin-b-complex-90caps\/#breadcrumb","itemListElement":[{"@type":"ListItem","position":1,"name":"Home","item":"https:\/\/fit360.ee\/en\/"},{"@type":"ListItem","position":2,"name":"Shop","item":"https:\/\/fit360.ee\/en\/shop\/"},{"@type":"ListItem","position":3,"name":"Evolite Vitamiin B Complex (90caps)"}]},{"@type":"WebSite","@id":"https:\/\/fit360.ee\/en\/#website","url":"https:\/\/fit360.ee\/en\/","name":"Fit360","description":"","publisher":{"@id":"https:\/\/fit360.ee\/en\/#organization"},"potentialAction":[{"@type":"SearchAction","target":{"@type":"EntryPoint","urlTemplate":"https:\/\/fit360.ee\/en\/?s={search_term_string}"},"query-input":{"@type":"PropertyValueSpecification","valueRequired":true,"valueName":"search_term_string"}}],"inLanguage":"en-US"},{"@type":"Organization","@id":"https:\/\/fit360.ee\/en\/#organization","name":"Fit360","url":"https:\/\/fit360.ee\/en\/","logo":{"@type":"ImageObject","inLanguage":"en-US","@id":"https:\/\/fit360.ee\/en\/#\/schema\/logo\/image\/","url":"https:\/\/fit360.ee\/wp-content\/uploads\/2017\/01\/logo-fit360.png","contentUrl":"https:\/\/fit360.ee\/wp-content\/uploads\/2017\/01\/logo-fit360.png","width":180,"height":66,"caption":"Fit360"},"image":{"@id":"https:\/\/fit360.ee\/en\/#\/schema\/logo\/image\/"}}]}},"_links":{"self":[{"href":"https:\/\/fit360.ee\/en\/wp-json\/wp\/v2\/product\/37156","targetHints":{"allow":["GET"]}}],"collection":[{"href":"https:\/\/fit360.ee\/en\/wp-json\/wp\/v2\/product"}],"about":[{"href":"https:\/\/fit360.ee\/en\/wp-json\/wp\/v2\/types\/product"}],"replies":[{"embeddable":true,"href":"https:\/\/fit360.ee\/en\/wp-json\/wp\/v2\/comments?post=37156"}],"wp:featuredmedia":[{"embeddable":true,"href":"https:\/\/fit360.ee\/en\/wp-json\/wp\/v2\/media\/85306"}],"wp:attachment":[{"href":"https:\/\/fit360.ee\/en\/wp-json\/wp\/v2\/media?parent=37156"}],"wp:term":[{"taxonomy":"product_brand","embeddable":true,"href":"https:\/\/fit360.ee\/en\/wp-json\/wp\/v2\/product_brand?post=37156"},{"taxonomy":"product_cat","embeddable":true,"href":"https:\/\/fit360.ee\/en\/wp-json\/wp\/v2\/product_cat?post=37156"},{"taxonomy":"product_tag","embeddable":true,"href":"https:\/\/fit360.ee\/en\/wp-json\/wp\/v2\/product_tag?post=37156"},{"taxonomy":"giftcard-category","embeddable":true,"href":"https:\/\/fit360.ee\/en\/wp-json\/wp\/v2\/giftcard-category?post=37156"}],"curies":[{"name":"wp","href":"https:\/\/api.w.org\/{rel}","templated":true}]}}