{"id":37161,"date":"2020-05-24T13:27:22","date_gmt":"2020-05-24T11:27:22","guid":{"rendered":"https:\/\/fit360.ee\/pood\/uncategorized\/evolite-magneesium-citrate-180caps\/"},"modified":"2026-01-15T00:50:41","modified_gmt":"2026-01-14T22:50:41","slug":"evolite-magneesium-citrate-180caps","status":"publish","type":"product","link":"https:\/\/fit360.ee\/en\/pood\/product-groups\/%d0%b2%d0%b5%d0%b3%d0%b0%d0%bd\/vegan-capsules-en\/evolite-magneesium-citrate-180caps\/","title":{"rendered":"Evolite Magneesium Citrate (180caps)"},"content":{"rendered":"<p><strong>Koostisosad<\/strong>: magneesiumtsitraat, \u017eelatiin (kapsli \u00fcmbris)<\/p>\n<p><strong>Kasutamine<\/strong>: V\u00f5ta 2 kapslit p\u00e4evas.<\/p>\n<p><strong>NB<\/strong>: Toidulisandid ei asenda mitmek\u00fclgeset toitumist. Hoiustada kuivas ja jahedas kohas, eemal otsest p\u00e4evavalgusest.<\/p>\n<p><strong>Suurus<\/strong>: 180 kapslit &#8211; 90 serveeringut<\/p>\n<table width=\"273\">\n<tbody>\n<tr>\n<td width=\"148\"><strong>Anal\u00fc\u00fcs<\/strong><\/td>\n<td width=\"63\"><strong>2 tabletti<\/strong><\/td>\n<td width=\"62\"><strong>SPK%<\/strong><\/td>\n<\/tr>\n<tr>\n<td width=\"148\">Magneesiumtsitraat,<\/td>\n<td width=\"63\">1400 mg<\/td>\n<td width=\"62\">*<\/td>\n<\/tr>\n<tr>\n<td width=\"148\">millest magneesiumi<\/td>\n<td width=\"63\">225 mg<\/td>\n<td width=\"62\">60%<\/td>\n<\/tr>\n<\/tbody>\n<\/table>\n<p><strong>SPK<\/strong> &#8211; soovitatud p\u00e4evane kogus.<\/p>\n","protected":false},"excerpt":{"rendered":"<p><strong>Magneesiumtsitraat:<\/strong><\/p>\n<ul>\n<li>Aitab lihaskrampide vastu.<\/li>\n<li>Toetab n\u00e4rvis\u00fcsteemi t\u00f6\u00f6d.<\/li>\n<li>Aitab lihasv\u00e4simuse vastu.<\/li>\n<li>Hea taastaja peale rasket f\u00fc\u00fcsilist t\u00f6\u00f6d v\u00f5i treeningut.<\/li>\n<\/ul>\n<div class=\"woocommerce-container\">\n<section id=\"content\" class=\"\">\n<div id=\"product-23019\" class=\"product type-product post-23019 status-publish first instock product_cat-enne-treeningut product_cat-magneesium product_cat-mineraalained product_cat-mineraalained-veganitele product_cat-peale-treeningut product_cat-sporditooted product_cat-taimetoitlastele-ja-veganitele product_cat-treeningu-ajal product_cat-vasimus product_tag-lihaskrambid product_tag-lihasvasimus product_tag-magasorb product_tag-magneesium product_tag-magneesiumi-pulber product_tag-magneesiumtsitraat product_tag-pulber product_tag-vasimus has-post-thumbnail taxable shipping-taxable purchasable product-type-simple\">\n<div class=\"post-content woocommerce-product-details__short-description\">\n<p><strong>Magneesium<\/strong> on oluline mineraalaine luustiku arenguks, n\u00e4rvi- ja lihasfunktsioonide korrap\u00e4raseks funktsioneerimiseks, rasvhapete ja rakkude tootmiseks ning elektrol\u00fc\u00fctide tasakaalu s\u00e4ilitamiseks. Lisaks aitab magneesium toetada energia tootmist, on vastutav \u00fcle 300 ens\u00fc\u00fcm-reaktsiooni eest kehas, aktiveerib B-grupi vitamiine, l\u00f5\u00f5gastab lihaseid ning aitab kaasa insuliini sekretsioonile ja toimimisele.<\/p>\n<\/div>\n<\/div>\n<\/section>\n<\/div>\n<aside id=\"sidebar\" class=\"sidebar fusion-widget-area fusion-content-widget-area fusion-sidebar-left fusion-productssidebar\" role=\"complementary\">\n<div id=\"yith_wc_category_accordion-3\" class=\"widget widget_yith_wc_category_accordion\">\n<div class=\"ywcca_container ywcca_widget_container_style_2\">\n<p>&nbsp;<\/p>\n<\/div>\n<\/div>\n<\/aside>\n","protected":false},"featured_media":85308,"comment_status":"open","ping_status":"closed","template":"","meta":[],"product_brand":[],"product_cat":[1618,527,1915,2664,536,1201],"product_tag":[1773,2190,1895],"giftcard-category":[],"class_list":{"0":"post-37161","1":"product","2":"type-product","3":"status-publish","4":"has-post-thumbnail","6":"product_cat-evolite-en","7":"product_cat-joint-support-en","8":"product_cat-magnesium-en","9":"product_cat-vegan-capsules-en","10":"product_cat-vitamins-and-minerals-en","11":"product_cat-1201","12":"product_tag-evolite-en","13":"product_tag-magneesium-en","14":"product_tag-magneesiumtsitraat-en","15":"pa_toidulisand-branddd-evolite","16":"pa_tootegruppp-for-joints","17":"pa_tootegruppp-magneesium-en","18":"pa_tootegruppp-vcaps-vegan-kapslid-en","19":"pa_tootegruppp-vegan-en","20":"pa_tootegruppp-vitamins-and-minerals","22":"first","23":"instock","24":"sale","25":"taxable","26":"shipping-taxable","27":"purchasable","28":"product-type-simple"},"yoast_head":"<!-- This site is optimized with the Yoast SEO plugin v27.3 - https:\/\/yoast.com\/product\/yoast-seo-wordpress\/ -->\n<title>Evolite Magneesium Citrate (180caps) - Fit360<\/title>\n<meta name=\"robots\" content=\"index, follow, max-snippet:-1, max-image-preview:large, max-video-preview:-1\" \/>\n<link rel=\"canonical\" href=\"https:\/\/fit360.ee\/en\/pood\/product-groups\/\u0432\u0435\u0433\u0430\u043d\/vegan-capsules-en\/evolite-magneesium-citrate-180caps\/\" \/>\n<meta property=\"og:locale\" content=\"en_US\" \/>\n<meta property=\"og:type\" content=\"article\" \/>\n<meta property=\"og:title\" content=\"Evolite Magneesium Citrate (180caps) - Fit360\" \/>\n<meta property=\"og:description\" content=\"Magneesiumtsitraat:   Aitab lihaskrampide vastu.  Toetab n\u00e4rvis\u00fcsteemi t\u00f6\u00f6d.  Aitab lihasv\u00e4simuse vastu.  Hea taastaja peale rasket f\u00fc\u00fcsilist t\u00f6\u00f6d v\u00f5i treeningut.      Magneesium on oluline mineraalaine luustiku arenguks, n\u00e4rvi- ja lihasfunktsioonide korrap\u00e4raseks funktsioneerimiseks, rasvhapete ja rakkude tootmiseks ning elektrol\u00fc\u00fctide tasakaalu s\u00e4ilitamiseks. Lisaks aitab magneesium toetada energia tootmist, on vastutav \u00fcle 300 ens\u00fc\u00fcm-reaktsiooni eest kehas, aktiveerib B-grupi vitamiine, l\u00f5\u00f5gastab lihaseid ning aitab kaasa insuliini sekretsioonile ja toimimisele.         &nbsp;\" \/>\n<meta property=\"og:url\" content=\"https:\/\/fit360.ee\/en\/pood\/product-groups\/\u0432\u0435\u0433\u0430\u043d\/vegan-capsules-en\/evolite-magneesium-citrate-180caps\/\" \/>\n<meta property=\"og:site_name\" content=\"Fit360\" \/>\n<meta property=\"article:modified_time\" content=\"2026-01-14T22:50:41+00:00\" \/>\n<meta property=\"og:image\" content=\"https:\/\/fit360.ee\/wp-content\/uploads\/2020\/05\/magnessiumitsitraat-magneesiumi-kapslid-fit360.ee_.jpg\" \/>\n\t<meta property=\"og:image:width\" content=\"800\" \/>\n\t<meta property=\"og:image:height\" content=\"800\" \/>\n\t<meta property=\"og:image:type\" content=\"image\/jpeg\" \/>\n<meta name=\"twitter:card\" content=\"summary_large_image\" \/>\n<script type=\"application\/ld+json\" class=\"yoast-schema-graph\">{\"@context\":\"https:\\\/\\\/schema.org\",\"@graph\":[{\"@type\":\"WebPage\",\"@id\":\"https:\\\/\\\/fit360.ee\\\/en\\\/pood\\\/product-groups\\\/%d0%b2%d0%b5%d0%b3%d0%b0%d0%bd\\\/vegan-capsules-en\\\/evolite-magneesium-citrate-180caps\\\/\",\"url\":\"https:\\\/\\\/fit360.ee\\\/en\\\/pood\\\/product-groups\\\/%d0%b2%d0%b5%d0%b3%d0%b0%d0%bd\\\/vegan-capsules-en\\\/evolite-magneesium-citrate-180caps\\\/\",\"name\":\"Evolite Magneesium Citrate (180caps) - Fit360\",\"isPartOf\":{\"@id\":\"https:\\\/\\\/fit360.ee\\\/en\\\/#website\"},\"primaryImageOfPage\":{\"@id\":\"https:\\\/\\\/fit360.ee\\\/en\\\/pood\\\/product-groups\\\/%d0%b2%d0%b5%d0%b3%d0%b0%d0%bd\\\/vegan-capsules-en\\\/evolite-magneesium-citrate-180caps\\\/#primaryimage\"},\"image\":{\"@id\":\"https:\\\/\\\/fit360.ee\\\/en\\\/pood\\\/product-groups\\\/%d0%b2%d0%b5%d0%b3%d0%b0%d0%bd\\\/vegan-capsules-en\\\/evolite-magneesium-citrate-180caps\\\/#primaryimage\"},\"thumbnailUrl\":\"https:\\\/\\\/fit360.ee\\\/wp-content\\\/uploads\\\/2020\\\/05\\\/magnessiumitsitraat-magneesiumi-kapslid-fit360.ee_.jpg\",\"datePublished\":\"2020-05-24T11:27:22+00:00\",\"dateModified\":\"2026-01-14T22:50:41+00:00\",\"breadcrumb\":{\"@id\":\"https:\\\/\\\/fit360.ee\\\/en\\\/pood\\\/product-groups\\\/%d0%b2%d0%b5%d0%b3%d0%b0%d0%bd\\\/vegan-capsules-en\\\/evolite-magneesium-citrate-180caps\\\/#breadcrumb\"},\"inLanguage\":\"en-US\",\"potentialAction\":[{\"@type\":\"ReadAction\",\"target\":[\"https:\\\/\\\/fit360.ee\\\/en\\\/pood\\\/product-groups\\\/%d0%b2%d0%b5%d0%b3%d0%b0%d0%bd\\\/vegan-capsules-en\\\/evolite-magneesium-citrate-180caps\\\/\"]}]},{\"@type\":\"ImageObject\",\"inLanguage\":\"en-US\",\"@id\":\"https:\\\/\\\/fit360.ee\\\/en\\\/pood\\\/product-groups\\\/%d0%b2%d0%b5%d0%b3%d0%b0%d0%bd\\\/vegan-capsules-en\\\/evolite-magneesium-citrate-180caps\\\/#primaryimage\",\"url\":\"https:\\\/\\\/fit360.ee\\\/wp-content\\\/uploads\\\/2020\\\/05\\\/magnessiumitsitraat-magneesiumi-kapslid-fit360.ee_.jpg\",\"contentUrl\":\"https:\\\/\\\/fit360.ee\\\/wp-content\\\/uploads\\\/2020\\\/05\\\/magnessiumitsitraat-magneesiumi-kapslid-fit360.ee_.jpg\",\"width\":800,\"height\":800,\"caption\":\"magnessiumitsitraat magneesiumi kapslid - fit360.ee\"},{\"@type\":\"BreadcrumbList\",\"@id\":\"https:\\\/\\\/fit360.ee\\\/en\\\/pood\\\/product-groups\\\/%d0%b2%d0%b5%d0%b3%d0%b0%d0%bd\\\/vegan-capsules-en\\\/evolite-magneesium-citrate-180caps\\\/#breadcrumb\",\"itemListElement\":[{\"@type\":\"ListItem\",\"position\":1,\"name\":\"Home\",\"item\":\"https:\\\/\\\/fit360.ee\\\/en\\\/\"},{\"@type\":\"ListItem\",\"position\":2,\"name\":\"Shop\",\"item\":\"https:\\\/\\\/fit360.ee\\\/en\\\/shop\\\/\"},{\"@type\":\"ListItem\",\"position\":3,\"name\":\"Evolite Magneesium Citrate (180caps)\"}]},{\"@type\":\"WebSite\",\"@id\":\"https:\\\/\\\/fit360.ee\\\/en\\\/#website\",\"url\":\"https:\\\/\\\/fit360.ee\\\/en\\\/\",\"name\":\"Fit360\",\"description\":\"\",\"publisher\":{\"@id\":\"https:\\\/\\\/fit360.ee\\\/en\\\/#organization\"},\"potentialAction\":[{\"@type\":\"SearchAction\",\"target\":{\"@type\":\"EntryPoint\",\"urlTemplate\":\"https:\\\/\\\/fit360.ee\\\/en\\\/?s={search_term_string}\"},\"query-input\":{\"@type\":\"PropertyValueSpecification\",\"valueRequired\":true,\"valueName\":\"search_term_string\"}}],\"inLanguage\":\"en-US\"},{\"@type\":\"Organization\",\"@id\":\"https:\\\/\\\/fit360.ee\\\/en\\\/#organization\",\"name\":\"Fit360\",\"url\":\"https:\\\/\\\/fit360.ee\\\/en\\\/\",\"logo\":{\"@type\":\"ImageObject\",\"inLanguage\":\"en-US\",\"@id\":\"https:\\\/\\\/fit360.ee\\\/en\\\/#\\\/schema\\\/logo\\\/image\\\/\",\"url\":\"https:\\\/\\\/fit360.ee\\\/wp-content\\\/uploads\\\/2017\\\/01\\\/logo-fit360.png\",\"contentUrl\":\"https:\\\/\\\/fit360.ee\\\/wp-content\\\/uploads\\\/2017\\\/01\\\/logo-fit360.png\",\"width\":180,\"height\":66,\"caption\":\"Fit360\"},\"image\":{\"@id\":\"https:\\\/\\\/fit360.ee\\\/en\\\/#\\\/schema\\\/logo\\\/image\\\/\"}}]}<\/script>\n<!-- \/ Yoast SEO plugin. -->","yoast_head_json":{"title":"Evolite Magneesium Citrate (180caps) - Fit360","robots":{"index":"index","follow":"follow","max-snippet":"max-snippet:-1","max-image-preview":"max-image-preview:large","max-video-preview":"max-video-preview:-1"},"canonical":"https:\/\/fit360.ee\/en\/pood\/product-groups\/\u0432\u0435\u0433\u0430\u043d\/vegan-capsules-en\/evolite-magneesium-citrate-180caps\/","og_locale":"en_US","og_type":"article","og_title":"Evolite Magneesium Citrate (180caps) - Fit360","og_description":"Magneesiumtsitraat:   Aitab lihaskrampide vastu.  Toetab n\u00e4rvis\u00fcsteemi t\u00f6\u00f6d.  Aitab lihasv\u00e4simuse vastu.  Hea taastaja peale rasket f\u00fc\u00fcsilist t\u00f6\u00f6d v\u00f5i treeningut.      Magneesium on oluline mineraalaine luustiku arenguks, n\u00e4rvi- ja lihasfunktsioonide korrap\u00e4raseks funktsioneerimiseks, rasvhapete ja rakkude tootmiseks ning elektrol\u00fc\u00fctide tasakaalu s\u00e4ilitamiseks. Lisaks aitab magneesium toetada energia tootmist, on vastutav \u00fcle 300 ens\u00fc\u00fcm-reaktsiooni eest kehas, aktiveerib B-grupi vitamiine, l\u00f5\u00f5gastab lihaseid ning aitab kaasa insuliini sekretsioonile ja toimimisele.         &nbsp;","og_url":"https:\/\/fit360.ee\/en\/pood\/product-groups\/\u0432\u0435\u0433\u0430\u043d\/vegan-capsules-en\/evolite-magneesium-citrate-180caps\/","og_site_name":"Fit360","article_modified_time":"2026-01-14T22:50:41+00:00","og_image":[{"width":800,"height":800,"url":"https:\/\/fit360.ee\/wp-content\/uploads\/2020\/05\/magnessiumitsitraat-magneesiumi-kapslid-fit360.ee_.jpg","type":"image\/jpeg"}],"twitter_card":"summary_large_image","schema":{"@context":"https:\/\/schema.org","@graph":[{"@type":"WebPage","@id":"https:\/\/fit360.ee\/en\/pood\/product-groups\/%d0%b2%d0%b5%d0%b3%d0%b0%d0%bd\/vegan-capsules-en\/evolite-magneesium-citrate-180caps\/","url":"https:\/\/fit360.ee\/en\/pood\/product-groups\/%d0%b2%d0%b5%d0%b3%d0%b0%d0%bd\/vegan-capsules-en\/evolite-magneesium-citrate-180caps\/","name":"Evolite Magneesium Citrate (180caps) - Fit360","isPartOf":{"@id":"https:\/\/fit360.ee\/en\/#website"},"primaryImageOfPage":{"@id":"https:\/\/fit360.ee\/en\/pood\/product-groups\/%d0%b2%d0%b5%d0%b3%d0%b0%d0%bd\/vegan-capsules-en\/evolite-magneesium-citrate-180caps\/#primaryimage"},"image":{"@id":"https:\/\/fit360.ee\/en\/pood\/product-groups\/%d0%b2%d0%b5%d0%b3%d0%b0%d0%bd\/vegan-capsules-en\/evolite-magneesium-citrate-180caps\/#primaryimage"},"thumbnailUrl":"https:\/\/fit360.ee\/wp-content\/uploads\/2020\/05\/magnessiumitsitraat-magneesiumi-kapslid-fit360.ee_.jpg","datePublished":"2020-05-24T11:27:22+00:00","dateModified":"2026-01-14T22:50:41+00:00","breadcrumb":{"@id":"https:\/\/fit360.ee\/en\/pood\/product-groups\/%d0%b2%d0%b5%d0%b3%d0%b0%d0%bd\/vegan-capsules-en\/evolite-magneesium-citrate-180caps\/#breadcrumb"},"inLanguage":"en-US","potentialAction":[{"@type":"ReadAction","target":["https:\/\/fit360.ee\/en\/pood\/product-groups\/%d0%b2%d0%b5%d0%b3%d0%b0%d0%bd\/vegan-capsules-en\/evolite-magneesium-citrate-180caps\/"]}]},{"@type":"ImageObject","inLanguage":"en-US","@id":"https:\/\/fit360.ee\/en\/pood\/product-groups\/%d0%b2%d0%b5%d0%b3%d0%b0%d0%bd\/vegan-capsules-en\/evolite-magneesium-citrate-180caps\/#primaryimage","url":"https:\/\/fit360.ee\/wp-content\/uploads\/2020\/05\/magnessiumitsitraat-magneesiumi-kapslid-fit360.ee_.jpg","contentUrl":"https:\/\/fit360.ee\/wp-content\/uploads\/2020\/05\/magnessiumitsitraat-magneesiumi-kapslid-fit360.ee_.jpg","width":800,"height":800,"caption":"magnessiumitsitraat magneesiumi kapslid - fit360.ee"},{"@type":"BreadcrumbList","@id":"https:\/\/fit360.ee\/en\/pood\/product-groups\/%d0%b2%d0%b5%d0%b3%d0%b0%d0%bd\/vegan-capsules-en\/evolite-magneesium-citrate-180caps\/#breadcrumb","itemListElement":[{"@type":"ListItem","position":1,"name":"Home","item":"https:\/\/fit360.ee\/en\/"},{"@type":"ListItem","position":2,"name":"Shop","item":"https:\/\/fit360.ee\/en\/shop\/"},{"@type":"ListItem","position":3,"name":"Evolite Magneesium Citrate (180caps)"}]},{"@type":"WebSite","@id":"https:\/\/fit360.ee\/en\/#website","url":"https:\/\/fit360.ee\/en\/","name":"Fit360","description":"","publisher":{"@id":"https:\/\/fit360.ee\/en\/#organization"},"potentialAction":[{"@type":"SearchAction","target":{"@type":"EntryPoint","urlTemplate":"https:\/\/fit360.ee\/en\/?s={search_term_string}"},"query-input":{"@type":"PropertyValueSpecification","valueRequired":true,"valueName":"search_term_string"}}],"inLanguage":"en-US"},{"@type":"Organization","@id":"https:\/\/fit360.ee\/en\/#organization","name":"Fit360","url":"https:\/\/fit360.ee\/en\/","logo":{"@type":"ImageObject","inLanguage":"en-US","@id":"https:\/\/fit360.ee\/en\/#\/schema\/logo\/image\/","url":"https:\/\/fit360.ee\/wp-content\/uploads\/2017\/01\/logo-fit360.png","contentUrl":"https:\/\/fit360.ee\/wp-content\/uploads\/2017\/01\/logo-fit360.png","width":180,"height":66,"caption":"Fit360"},"image":{"@id":"https:\/\/fit360.ee\/en\/#\/schema\/logo\/image\/"}}]}},"_links":{"self":[{"href":"https:\/\/fit360.ee\/en\/wp-json\/wp\/v2\/product\/37161","targetHints":{"allow":["GET"]}}],"collection":[{"href":"https:\/\/fit360.ee\/en\/wp-json\/wp\/v2\/product"}],"about":[{"href":"https:\/\/fit360.ee\/en\/wp-json\/wp\/v2\/types\/product"}],"replies":[{"embeddable":true,"href":"https:\/\/fit360.ee\/en\/wp-json\/wp\/v2\/comments?post=37161"}],"wp:featuredmedia":[{"embeddable":true,"href":"https:\/\/fit360.ee\/en\/wp-json\/wp\/v2\/media\/85308"}],"wp:attachment":[{"href":"https:\/\/fit360.ee\/en\/wp-json\/wp\/v2\/media?parent=37161"}],"wp:term":[{"taxonomy":"product_brand","embeddable":true,"href":"https:\/\/fit360.ee\/en\/wp-json\/wp\/v2\/product_brand?post=37161"},{"taxonomy":"product_cat","embeddable":true,"href":"https:\/\/fit360.ee\/en\/wp-json\/wp\/v2\/product_cat?post=37161"},{"taxonomy":"product_tag","embeddable":true,"href":"https:\/\/fit360.ee\/en\/wp-json\/wp\/v2\/product_tag?post=37161"},{"taxonomy":"giftcard-category","embeddable":true,"href":"https:\/\/fit360.ee\/en\/wp-json\/wp\/v2\/giftcard-category?post=37161"}],"curies":[{"name":"wp","href":"https:\/\/api.w.org\/{rel}","templated":true}]}}