{"id":37177,"date":"2020-05-25T21:00:34","date_gmt":"2020-05-25T19:00:34","guid":{"rendered":"https:\/\/fit360.ee\/pood\/uncategorized\/evolite-daily-dose-vitamiini-ja-mineraalikompleks-60-caps\/"},"modified":"2022-09-14T12:42:59","modified_gmt":"2022-09-14T10:42:59","slug":"evolite-daily-dose-vitamiini-ja-mineraalikompleks-60-caps","status":"publish","type":"product","link":"https:\/\/fit360.ee\/en\/pood\/product-groups\/vitamins-and-minerals-en\/multivitamins-en\/evolite-daily-dose-vitamiini-ja-mineraalikompleks-60-caps\/","title":{"rendered":"Evolite Daily Dose vitamiini- ja mineraalikompleks (60 caps)"},"content":{"rendered":"<p><strong>Teised Koostisosad:<\/strong> \u017eelatiin (kapsli \u00fcmbris)<\/p>\n<p><strong>Kasutamine<\/strong>: 1-2 kapslit p\u00e4evas koos hommilkus\u00f6\u00f6giga v\u00f5i vahetult peale seda.<\/p>\n<p><strong>Suurus<\/strong>: 60 kapslit \u2013 30-60 serveeringut<\/p>\n<p><strong>Vitamiinid:<\/strong><\/p>\n<table width=\"610\">\n<tbody>\n<tr>\n<td width=\"222\"><strong>Anal\u00fc\u00fcs<\/strong><\/td>\n<td><strong>1 kapsel<\/strong><\/td>\n<td><strong>% SPK<\/strong><\/td>\n<\/tr>\n<tr>\n<td width=\"222\">A-vitamiin<\/td>\n<td>800 \u00b5g<\/td>\n<td>100%<\/td>\n<\/tr>\n<tr>\n<td width=\"222\">D-vitamiin<\/td>\n<td>5 ug<\/td>\n<td>100%<\/td>\n<\/tr>\n<tr>\n<td width=\"222\">E-vitamiin<\/td>\n<td>12 mg<\/td>\n<td>100%<\/td>\n<\/tr>\n<tr>\n<td width=\"222\">K-vitamiin<\/td>\n<td>75 \u00b5g<\/td>\n<td>100%<\/td>\n<\/tr>\n<tr>\n<td width=\"222\">C-vitamiin<\/td>\n<td>80 mg<\/td>\n<td>100%<\/td>\n<\/tr>\n<tr>\n<td width=\"222\">B1-vitamiin<\/td>\n<td>1,1 mg<\/td>\n<td>100%<\/td>\n<\/tr>\n<tr>\n<td width=\"222\">B2-vitamiin<\/td>\n<td>1,4 mg<\/td>\n<td>100%<\/td>\n<\/tr>\n<tr>\n<td width=\"222\">Niatsiin<\/td>\n<td>16 mg<\/td>\n<td>100%<\/td>\n<\/tr>\n<tr>\n<td width=\"222\">Pantoteenhape<\/td>\n<td>6 mg<\/td>\n<td>100%<\/td>\n<\/tr>\n<tr>\n<td width=\"222\">Vitamiin B6<\/td>\n<td>1,4 mg<\/td>\n<td>100%<\/td>\n<\/tr>\n<tr>\n<td width=\"222\">Biotiin<\/td>\n<td>50 \u00b5g<\/td>\n<td>100%<\/td>\n<\/tr>\n<tr>\n<td width=\"222\">Foolhape<\/td>\n<td>200 \u00b5g<\/td>\n<td>100%<\/td>\n<\/tr>\n<tr>\n<td width=\"222\">Vitamiin B12<\/td>\n<td>2,5 mikrogrammi<\/td>\n<td>100%<\/td>\n<\/tr>\n<\/tbody>\n<\/table>\n<p>&nbsp;<\/p>\n<p><strong>Mineraalid<\/strong>:<\/p>\n<table width=\"610\">\n<tbody>\n<tr>\n<td width=\"222\"><strong>Anal\u00fc\u00fcs<\/strong><\/td>\n<td><strong>1 kapsel<\/strong><\/td>\n<td><strong>% SPK<\/strong><\/td>\n<\/tr>\n<tr>\n<td width=\"222\">Magneesium<\/td>\n<td>72 mg<\/td>\n<td>19%<\/td>\n<\/tr>\n<tr>\n<td width=\"222\">Raud<\/td>\n<td>14 mg<\/td>\n<td>100%<\/td>\n<\/tr>\n<tr>\n<td width=\"222\">Tsink<\/td>\n<td>15 mg<\/td>\n<td>100%<\/td>\n<\/tr>\n<tr>\n<td width=\"222\">Mangaan<\/td>\n<td>2 mg<\/td>\n<td>100%<\/td>\n<\/tr>\n<tr>\n<td width=\"222\">Vask<\/td>\n<td>1 mg<\/td>\n<td>100%<\/td>\n<\/tr>\n<tr>\n<td width=\"222\">Jood<\/td>\n<td>150 \u00b5g<\/td>\n<td>100%<\/td>\n<\/tr>\n<tr>\n<td width=\"222\">Seleen<\/td>\n<td>55 \u00b5g<\/td>\n<td>100%<\/td>\n<\/tr>\n<tr>\n<td width=\"222\">Mol\u00fcbdeen<\/td>\n<td>50 \u00b5g<\/td>\n<td>100%<\/td>\n<\/tr>\n<tr>\n<td width=\"222\">Kroom<\/td>\n<td>40 \u00b5g<\/td>\n<td>100%<\/td>\n<\/tr>\n<\/tbody>\n<\/table>\n","protected":false},"excerpt":{"rendered":"<p><strong>Daily Dose vitamiini- ja mineraalikompleks:<\/strong><\/p>\n<ul>\n<li>Aitab reguleerida ainevahetust.<\/li>\n<li>T\u00f5stab energia taset organismis.<\/li>\n<li>Aitab s\u00e4ilitada viljakust.<\/li>\n<li>Toetab immuunsuss\u00fcsteemi.<\/li>\n<li>Osaleb rakujagunemise protsessis.<\/li>\n<li>V\u00e4hendab stressi, parandab meeleolu.<\/li>\n<li>Kontrollib s\u00f6\u00f6giisu.<\/li>\n<\/ul>\n<p><strong>Daily Dose<\/strong>\u00a0on kapsli kujul toidulisand, mis sobib nii kutse- kui ka amat\u00f6\u00f6rsportlastele. Daily Dose tagab kehale h\u00e4davajalikud mikroelemendid, mis aitavad p\u00fcsida tervena ja \u00f5nnelikuna.<\/p>\n","protected":false},"featured_media":37176,"comment_status":"open","ping_status":"closed","template":"","meta":[],"product_brand":[],"product_cat":[1618,1917,536],"product_tag":[],"giftcard-category":[],"class_list":{"0":"post-37177","1":"product","2":"type-product","3":"status-publish","4":"has-post-thumbnail","6":"product_cat-evolite-en","7":"product_cat-multivitamins-en","8":"product_cat-vitamins-and-minerals-en","9":"pa_kogus-60-capsules","10":"pa_toidulisand-branddd-evolite","11":"pa_tootegruppp-multivitamiinid-en","12":"pa_tootegruppp-vitamins-and-minerals","14":"first","15":"outofstock","16":"sale","17":"taxable","18":"shipping-taxable","19":"purchasable","20":"product-type-simple"},"yoast_head":"<!-- This site is optimized with the Yoast SEO plugin v27.3 - https:\/\/yoast.com\/product\/yoast-seo-wordpress\/ -->\n<title>Evolite Daily Dose vitamiini- ja mineraalikompleks (60 caps) - Fit360<\/title>\n<meta name=\"robots\" content=\"index, follow, max-snippet:-1, max-image-preview:large, max-video-preview:-1\" \/>\n<link rel=\"canonical\" href=\"https:\/\/fit360.ee\/en\/pood\/product-groups\/vitamins-and-minerals-en\/multivitamins-en\/evolite-daily-dose-vitamiini-ja-mineraalikompleks-60-caps\/\" \/>\n<meta property=\"og:locale\" content=\"en_US\" \/>\n<meta property=\"og:type\" content=\"article\" \/>\n<meta property=\"og:title\" content=\"Evolite Daily Dose vitamiini- ja mineraalikompleks (60 caps) - Fit360\" \/>\n<meta property=\"og:description\" content=\"Daily Dose vitamiini- ja mineraalikompleks:   Aitab reguleerida ainevahetust.  T\u00f5stab energia taset organismis.  Aitab s\u00e4ilitada viljakust.  Toetab immuunsuss\u00fcsteemi.  Osaleb rakujagunemise protsessis.  V\u00e4hendab stressi, parandab meeleolu.  Kontrollib s\u00f6\u00f6giisu.  Daily Dose\u00a0on kapsli kujul toidulisand, mis sobib nii kutse- kui ka amat\u00f6\u00f6rsportlastele. Daily Dose tagab kehale h\u00e4davajalikud mikroelemendid, mis aitavad p\u00fcsida tervena ja \u00f5nnelikuna.\" \/>\n<meta property=\"og:url\" content=\"https:\/\/fit360.ee\/en\/pood\/product-groups\/vitamins-and-minerals-en\/multivitamins-en\/evolite-daily-dose-vitamiini-ja-mineraalikompleks-60-caps\/\" \/>\n<meta property=\"og:site_name\" content=\"Fit360\" \/>\n<meta property=\"article:modified_time\" content=\"2022-09-14T10:42:59+00:00\" \/>\n<meta property=\"og:image\" content=\"https:\/\/fit360.ee\/wp-content\/uploads\/2020\/05\/eng_pl_Evolite-Daily-Dose-180-caps-608_1.jpg\" \/>\n\t<meta property=\"og:image:width\" content=\"700\" \/>\n\t<meta property=\"og:image:height\" content=\"800\" \/>\n\t<meta property=\"og:image:type\" content=\"image\/jpeg\" \/>\n<meta name=\"twitter:card\" content=\"summary_large_image\" \/>\n<script type=\"application\/ld+json\" class=\"yoast-schema-graph\">{\"@context\":\"https:\\\/\\\/schema.org\",\"@graph\":[{\"@type\":\"WebPage\",\"@id\":\"https:\\\/\\\/fit360.ee\\\/en\\\/pood\\\/product-groups\\\/vitamins-and-minerals-en\\\/multivitamins-en\\\/evolite-daily-dose-vitamiini-ja-mineraalikompleks-60-caps\\\/\",\"url\":\"https:\\\/\\\/fit360.ee\\\/en\\\/pood\\\/product-groups\\\/vitamins-and-minerals-en\\\/multivitamins-en\\\/evolite-daily-dose-vitamiini-ja-mineraalikompleks-60-caps\\\/\",\"name\":\"Evolite Daily Dose vitamiini- ja mineraalikompleks (60 caps) - Fit360\",\"isPartOf\":{\"@id\":\"https:\\\/\\\/fit360.ee\\\/en\\\/#website\"},\"primaryImageOfPage\":{\"@id\":\"https:\\\/\\\/fit360.ee\\\/en\\\/pood\\\/product-groups\\\/vitamins-and-minerals-en\\\/multivitamins-en\\\/evolite-daily-dose-vitamiini-ja-mineraalikompleks-60-caps\\\/#primaryimage\"},\"image\":{\"@id\":\"https:\\\/\\\/fit360.ee\\\/en\\\/pood\\\/product-groups\\\/vitamins-and-minerals-en\\\/multivitamins-en\\\/evolite-daily-dose-vitamiini-ja-mineraalikompleks-60-caps\\\/#primaryimage\"},\"thumbnailUrl\":\"https:\\\/\\\/fit360.ee\\\/wp-content\\\/uploads\\\/2020\\\/05\\\/eng_pl_Evolite-Daily-Dose-180-caps-608_1.jpg\",\"datePublished\":\"2020-05-25T19:00:34+00:00\",\"dateModified\":\"2022-09-14T10:42:59+00:00\",\"breadcrumb\":{\"@id\":\"https:\\\/\\\/fit360.ee\\\/en\\\/pood\\\/product-groups\\\/vitamins-and-minerals-en\\\/multivitamins-en\\\/evolite-daily-dose-vitamiini-ja-mineraalikompleks-60-caps\\\/#breadcrumb\"},\"inLanguage\":\"en-US\",\"potentialAction\":[{\"@type\":\"ReadAction\",\"target\":[\"https:\\\/\\\/fit360.ee\\\/en\\\/pood\\\/product-groups\\\/vitamins-and-minerals-en\\\/multivitamins-en\\\/evolite-daily-dose-vitamiini-ja-mineraalikompleks-60-caps\\\/\"]}]},{\"@type\":\"ImageObject\",\"inLanguage\":\"en-US\",\"@id\":\"https:\\\/\\\/fit360.ee\\\/en\\\/pood\\\/product-groups\\\/vitamins-and-minerals-en\\\/multivitamins-en\\\/evolite-daily-dose-vitamiini-ja-mineraalikompleks-60-caps\\\/#primaryimage\",\"url\":\"https:\\\/\\\/fit360.ee\\\/wp-content\\\/uploads\\\/2020\\\/05\\\/eng_pl_Evolite-Daily-Dose-180-caps-608_1.jpg\",\"contentUrl\":\"https:\\\/\\\/fit360.ee\\\/wp-content\\\/uploads\\\/2020\\\/05\\\/eng_pl_Evolite-Daily-Dose-180-caps-608_1.jpg\",\"width\":700,\"height\":800},{\"@type\":\"BreadcrumbList\",\"@id\":\"https:\\\/\\\/fit360.ee\\\/en\\\/pood\\\/product-groups\\\/vitamins-and-minerals-en\\\/multivitamins-en\\\/evolite-daily-dose-vitamiini-ja-mineraalikompleks-60-caps\\\/#breadcrumb\",\"itemListElement\":[{\"@type\":\"ListItem\",\"position\":1,\"name\":\"Home\",\"item\":\"https:\\\/\\\/fit360.ee\\\/en\\\/\"},{\"@type\":\"ListItem\",\"position\":2,\"name\":\"Shop\",\"item\":\"https:\\\/\\\/fit360.ee\\\/en\\\/shop\\\/\"},{\"@type\":\"ListItem\",\"position\":3,\"name\":\"Evolite Daily Dose vitamiini- ja mineraalikompleks (60 caps)\"}]},{\"@type\":\"WebSite\",\"@id\":\"https:\\\/\\\/fit360.ee\\\/en\\\/#website\",\"url\":\"https:\\\/\\\/fit360.ee\\\/en\\\/\",\"name\":\"Fit360\",\"description\":\"\",\"publisher\":{\"@id\":\"https:\\\/\\\/fit360.ee\\\/en\\\/#organization\"},\"potentialAction\":[{\"@type\":\"SearchAction\",\"target\":{\"@type\":\"EntryPoint\",\"urlTemplate\":\"https:\\\/\\\/fit360.ee\\\/en\\\/?s={search_term_string}\"},\"query-input\":{\"@type\":\"PropertyValueSpecification\",\"valueRequired\":true,\"valueName\":\"search_term_string\"}}],\"inLanguage\":\"en-US\"},{\"@type\":\"Organization\",\"@id\":\"https:\\\/\\\/fit360.ee\\\/en\\\/#organization\",\"name\":\"Fit360\",\"url\":\"https:\\\/\\\/fit360.ee\\\/en\\\/\",\"logo\":{\"@type\":\"ImageObject\",\"inLanguage\":\"en-US\",\"@id\":\"https:\\\/\\\/fit360.ee\\\/en\\\/#\\\/schema\\\/logo\\\/image\\\/\",\"url\":\"https:\\\/\\\/fit360.ee\\\/wp-content\\\/uploads\\\/2017\\\/01\\\/logo-fit360.png\",\"contentUrl\":\"https:\\\/\\\/fit360.ee\\\/wp-content\\\/uploads\\\/2017\\\/01\\\/logo-fit360.png\",\"width\":180,\"height\":66,\"caption\":\"Fit360\"},\"image\":{\"@id\":\"https:\\\/\\\/fit360.ee\\\/en\\\/#\\\/schema\\\/logo\\\/image\\\/\"}}]}<\/script>\n<!-- \/ Yoast SEO plugin. -->","yoast_head_json":{"title":"Evolite Daily Dose vitamiini- ja mineraalikompleks (60 caps) - Fit360","robots":{"index":"index","follow":"follow","max-snippet":"max-snippet:-1","max-image-preview":"max-image-preview:large","max-video-preview":"max-video-preview:-1"},"canonical":"https:\/\/fit360.ee\/en\/pood\/product-groups\/vitamins-and-minerals-en\/multivitamins-en\/evolite-daily-dose-vitamiini-ja-mineraalikompleks-60-caps\/","og_locale":"en_US","og_type":"article","og_title":"Evolite Daily Dose vitamiini- ja mineraalikompleks (60 caps) - Fit360","og_description":"Daily Dose vitamiini- ja mineraalikompleks:   Aitab reguleerida ainevahetust.  T\u00f5stab energia taset organismis.  Aitab s\u00e4ilitada viljakust.  Toetab immuunsuss\u00fcsteemi.  Osaleb rakujagunemise protsessis.  V\u00e4hendab stressi, parandab meeleolu.  Kontrollib s\u00f6\u00f6giisu.  Daily Dose\u00a0on kapsli kujul toidulisand, mis sobib nii kutse- kui ka amat\u00f6\u00f6rsportlastele. Daily Dose tagab kehale h\u00e4davajalikud mikroelemendid, mis aitavad p\u00fcsida tervena ja \u00f5nnelikuna.","og_url":"https:\/\/fit360.ee\/en\/pood\/product-groups\/vitamins-and-minerals-en\/multivitamins-en\/evolite-daily-dose-vitamiini-ja-mineraalikompleks-60-caps\/","og_site_name":"Fit360","article_modified_time":"2022-09-14T10:42:59+00:00","og_image":[{"width":700,"height":800,"url":"https:\/\/fit360.ee\/wp-content\/uploads\/2020\/05\/eng_pl_Evolite-Daily-Dose-180-caps-608_1.jpg","type":"image\/jpeg"}],"twitter_card":"summary_large_image","schema":{"@context":"https:\/\/schema.org","@graph":[{"@type":"WebPage","@id":"https:\/\/fit360.ee\/en\/pood\/product-groups\/vitamins-and-minerals-en\/multivitamins-en\/evolite-daily-dose-vitamiini-ja-mineraalikompleks-60-caps\/","url":"https:\/\/fit360.ee\/en\/pood\/product-groups\/vitamins-and-minerals-en\/multivitamins-en\/evolite-daily-dose-vitamiini-ja-mineraalikompleks-60-caps\/","name":"Evolite Daily Dose vitamiini- ja mineraalikompleks (60 caps) - Fit360","isPartOf":{"@id":"https:\/\/fit360.ee\/en\/#website"},"primaryImageOfPage":{"@id":"https:\/\/fit360.ee\/en\/pood\/product-groups\/vitamins-and-minerals-en\/multivitamins-en\/evolite-daily-dose-vitamiini-ja-mineraalikompleks-60-caps\/#primaryimage"},"image":{"@id":"https:\/\/fit360.ee\/en\/pood\/product-groups\/vitamins-and-minerals-en\/multivitamins-en\/evolite-daily-dose-vitamiini-ja-mineraalikompleks-60-caps\/#primaryimage"},"thumbnailUrl":"https:\/\/fit360.ee\/wp-content\/uploads\/2020\/05\/eng_pl_Evolite-Daily-Dose-180-caps-608_1.jpg","datePublished":"2020-05-25T19:00:34+00:00","dateModified":"2022-09-14T10:42:59+00:00","breadcrumb":{"@id":"https:\/\/fit360.ee\/en\/pood\/product-groups\/vitamins-and-minerals-en\/multivitamins-en\/evolite-daily-dose-vitamiini-ja-mineraalikompleks-60-caps\/#breadcrumb"},"inLanguage":"en-US","potentialAction":[{"@type":"ReadAction","target":["https:\/\/fit360.ee\/en\/pood\/product-groups\/vitamins-and-minerals-en\/multivitamins-en\/evolite-daily-dose-vitamiini-ja-mineraalikompleks-60-caps\/"]}]},{"@type":"ImageObject","inLanguage":"en-US","@id":"https:\/\/fit360.ee\/en\/pood\/product-groups\/vitamins-and-minerals-en\/multivitamins-en\/evolite-daily-dose-vitamiini-ja-mineraalikompleks-60-caps\/#primaryimage","url":"https:\/\/fit360.ee\/wp-content\/uploads\/2020\/05\/eng_pl_Evolite-Daily-Dose-180-caps-608_1.jpg","contentUrl":"https:\/\/fit360.ee\/wp-content\/uploads\/2020\/05\/eng_pl_Evolite-Daily-Dose-180-caps-608_1.jpg","width":700,"height":800},{"@type":"BreadcrumbList","@id":"https:\/\/fit360.ee\/en\/pood\/product-groups\/vitamins-and-minerals-en\/multivitamins-en\/evolite-daily-dose-vitamiini-ja-mineraalikompleks-60-caps\/#breadcrumb","itemListElement":[{"@type":"ListItem","position":1,"name":"Home","item":"https:\/\/fit360.ee\/en\/"},{"@type":"ListItem","position":2,"name":"Shop","item":"https:\/\/fit360.ee\/en\/shop\/"},{"@type":"ListItem","position":3,"name":"Evolite Daily Dose vitamiini- ja mineraalikompleks (60 caps)"}]},{"@type":"WebSite","@id":"https:\/\/fit360.ee\/en\/#website","url":"https:\/\/fit360.ee\/en\/","name":"Fit360","description":"","publisher":{"@id":"https:\/\/fit360.ee\/en\/#organization"},"potentialAction":[{"@type":"SearchAction","target":{"@type":"EntryPoint","urlTemplate":"https:\/\/fit360.ee\/en\/?s={search_term_string}"},"query-input":{"@type":"PropertyValueSpecification","valueRequired":true,"valueName":"search_term_string"}}],"inLanguage":"en-US"},{"@type":"Organization","@id":"https:\/\/fit360.ee\/en\/#organization","name":"Fit360","url":"https:\/\/fit360.ee\/en\/","logo":{"@type":"ImageObject","inLanguage":"en-US","@id":"https:\/\/fit360.ee\/en\/#\/schema\/logo\/image\/","url":"https:\/\/fit360.ee\/wp-content\/uploads\/2017\/01\/logo-fit360.png","contentUrl":"https:\/\/fit360.ee\/wp-content\/uploads\/2017\/01\/logo-fit360.png","width":180,"height":66,"caption":"Fit360"},"image":{"@id":"https:\/\/fit360.ee\/en\/#\/schema\/logo\/image\/"}}]}},"_links":{"self":[{"href":"https:\/\/fit360.ee\/en\/wp-json\/wp\/v2\/product\/37177","targetHints":{"allow":["GET"]}}],"collection":[{"href":"https:\/\/fit360.ee\/en\/wp-json\/wp\/v2\/product"}],"about":[{"href":"https:\/\/fit360.ee\/en\/wp-json\/wp\/v2\/types\/product"}],"replies":[{"embeddable":true,"href":"https:\/\/fit360.ee\/en\/wp-json\/wp\/v2\/comments?post=37177"}],"wp:featuredmedia":[{"embeddable":true,"href":"https:\/\/fit360.ee\/en\/wp-json\/wp\/v2\/media\/37176"}],"wp:attachment":[{"href":"https:\/\/fit360.ee\/en\/wp-json\/wp\/v2\/media?parent=37177"}],"wp:term":[{"taxonomy":"product_brand","embeddable":true,"href":"https:\/\/fit360.ee\/en\/wp-json\/wp\/v2\/product_brand?post=37177"},{"taxonomy":"product_cat","embeddable":true,"href":"https:\/\/fit360.ee\/en\/wp-json\/wp\/v2\/product_cat?post=37177"},{"taxonomy":"product_tag","embeddable":true,"href":"https:\/\/fit360.ee\/en\/wp-json\/wp\/v2\/product_tag?post=37177"},{"taxonomy":"giftcard-category","embeddable":true,"href":"https:\/\/fit360.ee\/en\/wp-json\/wp\/v2\/giftcard-category?post=37177"}],"curies":[{"name":"wp","href":"https:\/\/api.w.org\/{rel}","templated":true}]}}