{"id":37180,"date":"2020-05-25T21:32:51","date_gmt":"2020-05-25T19:32:51","guid":{"rendered":"https:\/\/fit360.ee\/pood\/uncategorized\/evolite-daily-dose-vitamiini-ja-mineraalikompleks-180-caps\/"},"modified":"2025-08-13T07:38:54","modified_gmt":"2025-08-13T05:38:54","slug":"evolite-daily-dose-vitamiini-ja-mineraalikompleks-120-caps","status":"publish","type":"product","link":"https:\/\/fit360.ee\/en\/pood\/product-groups\/%d0%b2%d0%b5%d0%b3%d0%b0%d0%bd\/vegan-capsules-en\/evolite-daily-dose-vitamiini-ja-mineraalikompleks-120-caps\/","title":{"rendered":"Evolite Daily Dose vitamiini- ja mineraalikompleks (120 caps)"},"content":{"rendered":"<h2><strong>Daily Dose<\/strong><\/h2>\n<p>Evolite Daily Dose 120 Vegan kapslit<\/p>\n<ul>\n<li>Kvaliteetne\u00a0<strong>vitamiinide ja mineraalainete<\/strong>\u00a0komplekt<\/li>\n<li>T\u00e4iuslik tugi teie kehale<\/li>\n<li>See toetab eluprotsesside \u00f5iget kulgu<\/li>\n<li>See aitab tugevdada immuuns\u00fcsteemi<\/li>\n<li>Toetab n\u00e4rvis\u00fcsteemi talitlust (C-vitamiin, tiamiin, riboflaviin, B6\u00a0<sub>,\u00a0<\/sub>B12\u00a0<sub>,\u00a0<\/sub>biotiin, niatsiin, magneesium, vask)<\/li>\n<li>Toetab\u00a0<strong>regeneratsiooni<\/strong>\u00a0(tsink, magneesium, vitamiin B6)<\/li>\n<li>See v\u00e4hendab v\u00e4simustunnet<\/li>\n<li>Ideaalne naistele ja meestele<\/li>\n<li><strong>Vegan kapsel<\/strong><\/li>\n<\/ul>\n<p><strong>Evolite Daily Dose<\/strong>\u00a0on k\u00f5ige olulisemate vitamiinide ja mineraalide kompleks,\u00a0mis on vajalik\u00a0\u00a0tugeva ja terve keha s\u00e4ilitamiseks.\u00a0See toidulisand on suurep\u00e4rane lahendus inimestele, kes soovivad oma toidus vitamiinide ja mineraalainete puudust t\u00e4iendada ning aktiivsetele inimestele, kes vajavad oma kehale pidevat tuge.<\/p>\n<p><strong>D-vitamiin\u00a0<\/strong>\u00a0toetab kaltsiumi ja fosfori omastamist \u2013 kaks elementi, mis on vajalikud\u00a0\u00a0skeleti ja hammaste n\u00f5uetekohaseks toimimiseks\u00a0.\u00a0Samuti aitab see\u00a0kaasa lihaste n\u00f5uetekohasele toimimisele ja aitab kaasa immuuns\u00fcsteemi n\u00f5uetekohasele toimimisele.<\/p>\n<p><strong>E-vitamiin\u00a0<\/strong>\u00a0on\u00a0antioks\u00fcdant, mille p\u00f5hi\u00fclesanne on kaitsta inimese rakke vananemise eest.\u00a0Lisaks toetab E-vitamiin punaseid vereliblesid, kaitseb lagunemise eest ja toetab hapniku transporti.<\/p>\n<p><strong>A-vitamiin<\/strong>\u00a0m\u00f5jutab n\u00e4gemisprotsessi, tugevdab immuuns\u00fcsteemi, osaleb punaste vereliblede tootmises ning avaldab positiivset m\u00f5ju naha, juuste ja k\u00fc\u00fcnte seisundile.<\/p>\n<p><strong>C-vitamiin\u00a0<\/strong>\u00a0vastutab muu hulgas kollageeni tootmise eest organismis, mis on kehakudede kasvu- ja taastumisprotsesside eest vastutav tegur ning v\u00f5ib m\u00f5jutada naha vananemisprotsessi edasil\u00fckkamist.\u00a0See m\u00f5jutab normaalse kolesteroolitaseme s\u00e4ilitamist veres ja kaitseb siseorganeid kahjulike ainete m\u00f5ju eest.<\/p>\n<p><strong>K-vitamiin<\/strong>\u00a0suurendab D-vitamiini toimet ja selle imendumist.\u00a0See vastutab \u00f5ige vere h\u00fc\u00fcbimise eest ning toetab tervete luude s\u00e4ilimist ja haavade paranemist<\/p>\n<p><strong>B1-vitamiin<\/strong>\u00a0\u00a0osaleb energia- ja neurof\u00fcsioloogilistes protsessides.<\/p>\n<p><strong>Vitamiin B2<\/strong>\u00a0\u00a0m\u00e4ngib rolli valkude, rasvade ja s\u00fcsivesikute ainevahetuses.\u00a0Samuti v\u00e4hendab see v\u00e4simustunnet ning avaldab positiivset m\u00f5ju naha, juuste ja k\u00fc\u00fcnte seisundile.<\/p>\n<p><strong>Vitamiin B3<\/strong>\u00a0\u00a0toetab n\u00e4rvis\u00fcsteemi n\u00f5uetekohast talitlust ja toetab ps\u00fchholoogiliste funktsioonide s\u00e4ilimist.<\/p>\n<p><strong>Vitamiin B5 (pantoteenhape)<\/strong>\u00a0\u00a0toetab normaalset energiavahetust ning aitab kaasa steroidhormoonide, D-vitamiini ja m\u00f5nede neurotransmitterite s\u00fcnteesile ja ainevahetusele.<\/p>\n<p><strong>B6-vitamiin<\/strong>\u00a0\u00a0toetab energia t\u00f6\u00f6tlemist ja osaleb antikehade tootmises<\/p>\n<p><strong>Vitamiin B9<\/strong>\u00a0\u00a0(foolhape) osaleb rakkude jagunemise protsessis<\/p>\n<p><strong>Vitamiin B12<\/strong>\u00a0\u00a0osaleb punaste vereliblede tootmises<\/p>\n<p><strong>Magneesium\u00a0<\/strong>\u00a0on mikroelement ja element, mis m\u00e4ngib rolli paljudes ainevahetusprotsessides, nt\u00a0katal\u00fc\u00fcsib s\u00fcsivesikute, valkude ja rasvade reaktsioone.\u00a0T\u00e4nu sellele on v\u00f5imalik v\u00e4hendada riski haigestuda ainevahetushaigustesse ning see m\u00f5jutab ka s\u00fcdame-veresoonkonna s\u00fcsteemi.<\/p>\n<p><strong>Tsink<\/strong>\u00a0aitab kaasa ka veretaseme reguleerimisele ja v\u00f5ib\u00a0\u00a0vereringes\u00fcsteemi stabiliseerides ennetada veenilaiendeid.\u00a0Samuti toetab see siseorganite n\u00f5uetekohast toimimist nagu\u00a0k\u00f5hun\u00e4\u00e4re, mis toetab normaalse insuliinitaseme s\u00e4ilitamist.<\/p>\n<p><strong>Seleen<\/strong>\u00a0m\u00f5jutab kilpn\u00e4\u00e4rme talitlust ja immuuns\u00fcsteemi<\/p>\n<p><strong>Kroom<\/strong>\u00a0osaleb paljudes bioloogilistes funktsioonides ning toetab ka salenemisprotsessi, v\u00e4hendades magusaisu ja k\u00f5rvaldades n\u00e4ljatunde<\/p>\n<p><strong>Raud\u00a0<\/strong>on vajalik \u00f5igeks kasvuks ja kudede taastumiseks.\u00a0See m\u00f5jutab organismi immuunsust ning tagab s\u00fcdame ja lihaste korraliku toimimise<strong>\u00a0<\/strong><\/p>\n<p><strong>Jood<\/strong>\u00a0on vajalik kilpn\u00e4\u00e4rmehormoonide \u2013 t\u00fcroksiini T4 ja trijodot\u00fcroniini T3 tootmiseks ning seega kogu organismi n\u00f5uetekohaseks toimimiseks.<\/p>\n<p><strong>Vask\u00a0\u00a0<\/strong>osaleb raua imendumise ja vabade radikaalide deaktiveerimise protsessis.\u00a0See m\u00f5jutab ka energia tootmist rakus ja teatud neurotransmitterite tootmist<\/p>\n<p>&nbsp;<\/p>\n<p><strong>Koostisosad: <\/strong>\u00a0c-vitamiin (l-askorbiinhape), magneesium\u00a0(magneesiumoksiid), tselluloos, niatsiin (nikotiinamiid), raud (raudsulfaat),\u00a0vitamiin E (dl-alfa-tokofer\u00fc\u00fclatsetaat), tsink (tsinksulfaat), happeline pantoteenhape\u00a0(kaltsium-d-pantotenaat), mangaan (magnaansulfaat), vitamiin B6 (p\u00fcridoksiinvesinikkloriid),\u00a0vitamiin B (riboflaviin), vitamiin B (tiamiinmononitraat), vask\u00a0(vasksulfaat), vitamiin A (retin\u00fc\u00fclatsetaat), foolhape, jood (kaaliumjodiid),\u00a0K-vitamiin (f\u00fclokinoon), seleen (naatriumselenaat), biotiin (d-biotiin), mol\u00fcbdeen (\u00a0naatriummol\u00fcbdaat), kroom (kroom III kloriid), vitamiin D (kolekaltsiferool),\u00a0kapsli koostisained\u00a0: h\u00fcpromelloosv\u00e4rvid: raud oksiidkollane, raudoksiid must, lakksinine v;<\/p>\n<p><strong>Soovitatav p\u00e4evane kasutamine:<\/strong>\u00a0tarbida 1 kapsel \u00fcks kord p\u00e4evas.\u00a0Toidulisandit ei saa kasutada mitmek\u00fclgse toitumise asendajana (asendajana).\u00a0\u00c4rge \u00fcletage soovitatavat \u00f6\u00f6p\u00e4evast kogust!\u00a0Tasakaalustatud toitumine ja tervislik eluviis on organismi korraliku toimimise aluseks.<\/p>\n<p><strong>Parim enne l\u00f5pp (kuu\/aasta) ja partii number:\u00a0<\/strong>\u00a0vt pakendi p\u00f5hja.<\/p>\n<p><strong>S\u00e4ilitamistingimused:<\/strong>\u00a0hoida tihedalt suletuna, kuivas kohas, p\u00fcsival temperatuuril kuni 25 \u2103.\u00a0Kaitsta otsese p\u00e4ikesevalguse eest.\u00a0Hoida v\u00e4ikelastele k\u00e4ttesaamatus kohas!<\/p>\n<p><strong>Suurus<\/strong>: 120 <a href=\"https:\/\/fit360.ee\/en\/product-category\/product-groups\/vegan-en\/vegan-capsules-en\/\"><strong>vCaps &#8211; Vegan kapslit<\/strong><\/a> \u2013 90-180 serveeringut<\/p>\n<p><strong>Vitamiinid:<\/strong><\/p>\n<table width=\"610\">\n<tbody>\n<tr>\n<td width=\"222\"><strong>Anal\u00fc\u00fcs<\/strong><\/td>\n<td><strong>1 kapsel<\/strong><\/td>\n<td><strong>% SPK<\/strong><\/td>\n<\/tr>\n<tr>\n<td width=\"222\">A-vitamiin<\/td>\n<td>800 \u00b5g<\/td>\n<td>100%<\/td>\n<\/tr>\n<tr>\n<td width=\"222\">D-vitamiin<\/td>\n<td>5 ug<\/td>\n<td>100%<\/td>\n<\/tr>\n<tr>\n<td width=\"222\">E-vitamiin<\/td>\n<td>12 mg<\/td>\n<td>100%<\/td>\n<\/tr>\n<tr>\n<td width=\"222\">K-vitamiin<\/td>\n<td>75 \u00b5g<\/td>\n<td>100%<\/td>\n<\/tr>\n<tr>\n<td width=\"222\">C-vitamiin<\/td>\n<td>80 mg<\/td>\n<td>100%<\/td>\n<\/tr>\n<tr>\n<td width=\"222\">B1-vitamiin<\/td>\n<td>1,1 mg<\/td>\n<td>100%<\/td>\n<\/tr>\n<tr>\n<td width=\"222\">B2-vitamiin<\/td>\n<td>1,4 mg<\/td>\n<td>100%<\/td>\n<\/tr>\n<tr>\n<td width=\"222\">Niatsiin<\/td>\n<td>16 mg<\/td>\n<td>100%<\/td>\n<\/tr>\n<tr>\n<td width=\"222\">Pantoteenhape<\/td>\n<td>6 mg<\/td>\n<td>100%<\/td>\n<\/tr>\n<tr>\n<td width=\"222\">Vitamiin B6<\/td>\n<td>1,4 mg<\/td>\n<td>100%<\/td>\n<\/tr>\n<tr>\n<td width=\"222\">Biotiin<\/td>\n<td>50 \u00b5g<\/td>\n<td>100%<\/td>\n<\/tr>\n<tr>\n<td width=\"222\">Foolhape<\/td>\n<td>200 \u00b5g<\/td>\n<td>100%<\/td>\n<\/tr>\n<tr>\n<td width=\"222\">Vitamiin B12<\/td>\n<td>2,5 mikrogrammi<\/td>\n<td>100%<\/td>\n<\/tr>\n<\/tbody>\n<\/table>\n<p>&nbsp;<\/p>\n<p><strong>Mineraalid<\/strong>:<\/p>\n<table width=\"610\">\n<tbody>\n<tr>\n<td width=\"222\"><strong>Anal\u00fc\u00fcs<\/strong><\/td>\n<td><strong>1 kapsel<\/strong><\/td>\n<td><strong>% SPK<\/strong><\/td>\n<\/tr>\n<tr>\n<td width=\"222\">Magneesium<\/td>\n<td>72 mg<\/td>\n<td>19%<\/td>\n<\/tr>\n<tr>\n<td width=\"222\">Raud<\/td>\n<td>14 mg<\/td>\n<td>100%<\/td>\n<\/tr>\n<tr>\n<td width=\"222\">Tsink<\/td>\n<td>15 mg<\/td>\n<td>100%<\/td>\n<\/tr>\n<tr>\n<td width=\"222\">Mangaan<\/td>\n<td>2 mg<\/td>\n<td>100%<\/td>\n<\/tr>\n<tr>\n<td width=\"222\">Vask<\/td>\n<td>1 mg<\/td>\n<td>100%<\/td>\n<\/tr>\n<tr>\n<td width=\"222\">Jood<\/td>\n<td>150 \u00b5g<\/td>\n<td>100%<\/td>\n<\/tr>\n<tr>\n<td width=\"222\">Seleen<\/td>\n<td>55 \u00b5g<\/td>\n<td>100%<\/td>\n<\/tr>\n<tr>\n<td width=\"222\">Mol\u00fcbdeen<\/td>\n<td>50 \u00b5g<\/td>\n<td>100%<\/td>\n<\/tr>\n<tr>\n<td width=\"222\">Kroom<\/td>\n<td>40 \u00b5g<\/td>\n<td>100%<\/td>\n<\/tr>\n<\/tbody>\n<\/table>\n<p>Vaata ka meie teisi Multivitamiine <a href=\"https:\/\/fit360.ee\/en\/product-category\/product-groups\/vitamins-and-minerals-en\/multivitamins-en\/\"><strong>SIIT<\/strong><\/a>!<\/p>\n<p>Soovid teha suuremat tellimust? Vaata antud toodet meie HULGI lehelt\u00a0<a href=\"https:\/\/toidulisandidhulgi.ee\/product\/evolite-daily-do\u2026ompleks-180-caps\/\"><strong>SIIT<\/strong><\/a>!<\/p>\n","protected":false},"excerpt":{"rendered":"<p><strong>Daily Dose vitamiini- ja mineraalikompleks:<\/strong><\/p>\n<ul>\n<li>Aitab reguleerida ainevahetust.<\/li>\n<li>T\u00f5stab energia taset organismis.<\/li>\n<li>Aitab s\u00e4ilitada viljakust.<\/li>\n<li>Toetab immuunsuss\u00fcsteemi.<\/li>\n<li>Osaleb rakujagunemise protsessis.<\/li>\n<li>V\u00e4hendab stressi, parandab meeleolu.<\/li>\n<li>Kontrollib s\u00f6\u00f6giisu.<\/li>\n<\/ul>\n<p><strong>Daily Dose<\/strong>\u00a0on kapsli kujul toidulisand, mis sobib nii kutse- kui ka amat\u00f6\u00f6rsportlastele. Daily Dose tagab kehale h\u00e4davajalikud mikroelemendid, mis aitavad p\u00fcsida tervena ja \u00f5nnelikuna.<\/p>\n","protected":false},"featured_media":71346,"comment_status":"open","ping_status":"closed","template":"","meta":[],"product_brand":[],"product_cat":[5311,1618,5320,1917,2664,536,1201],"product_tag":[4405,1773],"giftcard-category":[],"class_list":{"0":"post-37180","1":"product","2":"type-product","3":"status-publish","4":"has-post-thumbnail","6":"product_cat-antioxidants-en","7":"product_cat-evolite-en","8":"product_cat-for-immunity-en","9":"product_cat-multivitamins-en","10":"product_cat-vegan-capsules-en","11":"product_cat-vitamins-and-minerals-en","12":"product_cat-1201","13":"product_tag-daily-dose-en","14":"product_tag-evolite-en","15":"pa_toidulisand-branddd-evolite","16":"pa_tootegruppp-antioksudandid-en","17":"pa_tootegruppp-immuunsusteem-en","18":"pa_tootegruppp-multivitamiinid-en","19":"pa_tootegruppp-vcaps-vegan-kapslid-en","20":"pa_tootegruppp-vegan-en","21":"pa_tootegruppp-vitamins-and-minerals","23":"first","24":"instock","25":"sale","26":"taxable","27":"shipping-taxable","28":"purchasable","29":"product-type-simple"},"yoast_head":"<!-- This site is optimized with the Yoast SEO plugin v27.3 - https:\/\/yoast.com\/product\/yoast-seo-wordpress\/ -->\n<title>Evolite Daily Dose vitamiini- ja mineraalikompleks (120 caps) - Fit360<\/title>\n<meta name=\"description\" content=\"Evolite Daily Dose\u00a0on k\u00f5ige olulisemate vitamiinide ja mineraalide kompleks,\u00a0mis on vajalik\u00a0\u00a0tugeva ja terve keha s\u00e4ilitamiseks.\u00a0See toidulisand on suurep...\" \/>\n<meta name=\"robots\" content=\"index, follow, max-snippet:-1, max-image-preview:large, max-video-preview:-1\" \/>\n<link rel=\"canonical\" href=\"https:\/\/fit360.ee\/en\/pood\/product-groups\/\u0432\u0435\u0433\u0430\u043d\/vegan-capsules-en\/evolite-daily-dose-vitamiini-ja-mineraalikompleks-120-caps\/\" \/>\n<meta property=\"og:locale\" content=\"en_US\" \/>\n<meta property=\"og:type\" content=\"article\" \/>\n<meta property=\"og:title\" content=\"Evolite Daily Dose vitamiini- ja mineraalikompleks (120 caps) - Fit360\" \/>\n<meta property=\"og:description\" content=\"Evolite Daily Dose\u00a0on k\u00f5ige olulisemate vitamiinide ja mineraalide kompleks,\u00a0mis on vajalik\u00a0\u00a0tugeva ja terve keha s\u00e4ilitamiseks.\u00a0See toidulisand on suurep...\" \/>\n<meta property=\"og:url\" content=\"https:\/\/fit360.ee\/en\/pood\/product-groups\/\u0432\u0435\u0433\u0430\u043d\/vegan-capsules-en\/evolite-daily-dose-vitamiini-ja-mineraalikompleks-120-caps\/\" \/>\n<meta property=\"og:site_name\" content=\"Fit360\" \/>\n<meta property=\"article:modified_time\" content=\"2025-08-13T05:38:54+00:00\" \/>\n<meta property=\"og:image\" content=\"https:\/\/fit360.ee\/wp-content\/uploads\/2020\/05\/daily-dose-fit360.ee_.jpg\" \/>\n\t<meta property=\"og:image:width\" content=\"500\" \/>\n\t<meta property=\"og:image:height\" content=\"500\" \/>\n\t<meta property=\"og:image:type\" content=\"image\/jpeg\" \/>\n<meta name=\"twitter:card\" content=\"summary_large_image\" \/>\n<meta name=\"twitter:label1\" content=\"Est. reading time\" \/>\n\t<meta name=\"twitter:data1\" content=\"4 minutes\" \/>\n<script type=\"application\/ld+json\" class=\"yoast-schema-graph\">{\"@context\":\"https:\\\/\\\/schema.org\",\"@graph\":[{\"@type\":\"WebPage\",\"@id\":\"https:\\\/\\\/fit360.ee\\\/en\\\/pood\\\/product-groups\\\/%d0%b2%d0%b5%d0%b3%d0%b0%d0%bd\\\/vegan-capsules-en\\\/evolite-daily-dose-vitamiini-ja-mineraalikompleks-120-caps\\\/\",\"url\":\"https:\\\/\\\/fit360.ee\\\/en\\\/pood\\\/product-groups\\\/%d0%b2%d0%b5%d0%b3%d0%b0%d0%bd\\\/vegan-capsules-en\\\/evolite-daily-dose-vitamiini-ja-mineraalikompleks-120-caps\\\/\",\"name\":\"Evolite Daily Dose vitamiini- ja mineraalikompleks (120 caps) - Fit360\",\"isPartOf\":{\"@id\":\"https:\\\/\\\/fit360.ee\\\/en\\\/#website\"},\"primaryImageOfPage\":{\"@id\":\"https:\\\/\\\/fit360.ee\\\/en\\\/pood\\\/product-groups\\\/%d0%b2%d0%b5%d0%b3%d0%b0%d0%bd\\\/vegan-capsules-en\\\/evolite-daily-dose-vitamiini-ja-mineraalikompleks-120-caps\\\/#primaryimage\"},\"image\":{\"@id\":\"https:\\\/\\\/fit360.ee\\\/en\\\/pood\\\/product-groups\\\/%d0%b2%d0%b5%d0%b3%d0%b0%d0%bd\\\/vegan-capsules-en\\\/evolite-daily-dose-vitamiini-ja-mineraalikompleks-120-caps\\\/#primaryimage\"},\"thumbnailUrl\":\"https:\\\/\\\/fit360.ee\\\/wp-content\\\/uploads\\\/2020\\\/05\\\/daily-dose-fit360.ee_.jpg\",\"datePublished\":\"2020-05-25T19:32:51+00:00\",\"dateModified\":\"2025-08-13T05:38:54+00:00\",\"description\":\"Evolite Daily Dose\u00a0on k\u00f5ige olulisemate vitamiinide ja mineraalide kompleks,\u00a0mis on vajalik\u00a0\u00a0tugeva ja terve keha s\u00e4ilitamiseks.\u00a0See toidulisand on suurep...\",\"breadcrumb\":{\"@id\":\"https:\\\/\\\/fit360.ee\\\/en\\\/pood\\\/product-groups\\\/%d0%b2%d0%b5%d0%b3%d0%b0%d0%bd\\\/vegan-capsules-en\\\/evolite-daily-dose-vitamiini-ja-mineraalikompleks-120-caps\\\/#breadcrumb\"},\"inLanguage\":\"en-US\",\"potentialAction\":[{\"@type\":\"ReadAction\",\"target\":[\"https:\\\/\\\/fit360.ee\\\/en\\\/pood\\\/product-groups\\\/%d0%b2%d0%b5%d0%b3%d0%b0%d0%bd\\\/vegan-capsules-en\\\/evolite-daily-dose-vitamiini-ja-mineraalikompleks-120-caps\\\/\"]}]},{\"@type\":\"ImageObject\",\"inLanguage\":\"en-US\",\"@id\":\"https:\\\/\\\/fit360.ee\\\/en\\\/pood\\\/product-groups\\\/%d0%b2%d0%b5%d0%b3%d0%b0%d0%bd\\\/vegan-capsules-en\\\/evolite-daily-dose-vitamiini-ja-mineraalikompleks-120-caps\\\/#primaryimage\",\"url\":\"https:\\\/\\\/fit360.ee\\\/wp-content\\\/uploads\\\/2020\\\/05\\\/daily-dose-fit360.ee_.jpg\",\"contentUrl\":\"https:\\\/\\\/fit360.ee\\\/wp-content\\\/uploads\\\/2020\\\/05\\\/daily-dose-fit360.ee_.jpg\",\"width\":500,\"height\":500,\"caption\":\"daily dose - fit360.ee\"},{\"@type\":\"BreadcrumbList\",\"@id\":\"https:\\\/\\\/fit360.ee\\\/en\\\/pood\\\/product-groups\\\/%d0%b2%d0%b5%d0%b3%d0%b0%d0%bd\\\/vegan-capsules-en\\\/evolite-daily-dose-vitamiini-ja-mineraalikompleks-120-caps\\\/#breadcrumb\",\"itemListElement\":[{\"@type\":\"ListItem\",\"position\":1,\"name\":\"Home\",\"item\":\"https:\\\/\\\/fit360.ee\\\/en\\\/\"},{\"@type\":\"ListItem\",\"position\":2,\"name\":\"Shop\",\"item\":\"https:\\\/\\\/fit360.ee\\\/en\\\/shop\\\/\"},{\"@type\":\"ListItem\",\"position\":3,\"name\":\"Evolite Daily Dose vitamiini- ja mineraalikompleks (120 caps)\"}]},{\"@type\":\"WebSite\",\"@id\":\"https:\\\/\\\/fit360.ee\\\/en\\\/#website\",\"url\":\"https:\\\/\\\/fit360.ee\\\/en\\\/\",\"name\":\"Fit360\",\"description\":\"\",\"publisher\":{\"@id\":\"https:\\\/\\\/fit360.ee\\\/en\\\/#organization\"},\"potentialAction\":[{\"@type\":\"SearchAction\",\"target\":{\"@type\":\"EntryPoint\",\"urlTemplate\":\"https:\\\/\\\/fit360.ee\\\/en\\\/?s={search_term_string}\"},\"query-input\":{\"@type\":\"PropertyValueSpecification\",\"valueRequired\":true,\"valueName\":\"search_term_string\"}}],\"inLanguage\":\"en-US\"},{\"@type\":\"Organization\",\"@id\":\"https:\\\/\\\/fit360.ee\\\/en\\\/#organization\",\"name\":\"Fit360\",\"url\":\"https:\\\/\\\/fit360.ee\\\/en\\\/\",\"logo\":{\"@type\":\"ImageObject\",\"inLanguage\":\"en-US\",\"@id\":\"https:\\\/\\\/fit360.ee\\\/en\\\/#\\\/schema\\\/logo\\\/image\\\/\",\"url\":\"https:\\\/\\\/fit360.ee\\\/wp-content\\\/uploads\\\/2017\\\/01\\\/logo-fit360.png\",\"contentUrl\":\"https:\\\/\\\/fit360.ee\\\/wp-content\\\/uploads\\\/2017\\\/01\\\/logo-fit360.png\",\"width\":180,\"height\":66,\"caption\":\"Fit360\"},\"image\":{\"@id\":\"https:\\\/\\\/fit360.ee\\\/en\\\/#\\\/schema\\\/logo\\\/image\\\/\"}}]}<\/script>\n<!-- \/ Yoast SEO plugin. -->","yoast_head_json":{"title":"Evolite Daily Dose vitamiini- ja mineraalikompleks (120 caps) - Fit360","description":"Evolite Daily Dose\u00a0on k\u00f5ige olulisemate vitamiinide ja mineraalide kompleks,\u00a0mis on vajalik\u00a0\u00a0tugeva ja terve keha s\u00e4ilitamiseks.\u00a0See toidulisand on suurep...","robots":{"index":"index","follow":"follow","max-snippet":"max-snippet:-1","max-image-preview":"max-image-preview:large","max-video-preview":"max-video-preview:-1"},"canonical":"https:\/\/fit360.ee\/en\/pood\/product-groups\/\u0432\u0435\u0433\u0430\u043d\/vegan-capsules-en\/evolite-daily-dose-vitamiini-ja-mineraalikompleks-120-caps\/","og_locale":"en_US","og_type":"article","og_title":"Evolite Daily Dose vitamiini- ja mineraalikompleks (120 caps) - Fit360","og_description":"Evolite Daily Dose\u00a0on k\u00f5ige olulisemate vitamiinide ja mineraalide kompleks,\u00a0mis on vajalik\u00a0\u00a0tugeva ja terve keha s\u00e4ilitamiseks.\u00a0See toidulisand on suurep...","og_url":"https:\/\/fit360.ee\/en\/pood\/product-groups\/\u0432\u0435\u0433\u0430\u043d\/vegan-capsules-en\/evolite-daily-dose-vitamiini-ja-mineraalikompleks-120-caps\/","og_site_name":"Fit360","article_modified_time":"2025-08-13T05:38:54+00:00","og_image":[{"width":500,"height":500,"url":"https:\/\/fit360.ee\/wp-content\/uploads\/2020\/05\/daily-dose-fit360.ee_.jpg","type":"image\/jpeg"}],"twitter_card":"summary_large_image","twitter_misc":{"Est. reading time":"4 minutes"},"schema":{"@context":"https:\/\/schema.org","@graph":[{"@type":"WebPage","@id":"https:\/\/fit360.ee\/en\/pood\/product-groups\/%d0%b2%d0%b5%d0%b3%d0%b0%d0%bd\/vegan-capsules-en\/evolite-daily-dose-vitamiini-ja-mineraalikompleks-120-caps\/","url":"https:\/\/fit360.ee\/en\/pood\/product-groups\/%d0%b2%d0%b5%d0%b3%d0%b0%d0%bd\/vegan-capsules-en\/evolite-daily-dose-vitamiini-ja-mineraalikompleks-120-caps\/","name":"Evolite Daily Dose vitamiini- ja mineraalikompleks (120 caps) - Fit360","isPartOf":{"@id":"https:\/\/fit360.ee\/en\/#website"},"primaryImageOfPage":{"@id":"https:\/\/fit360.ee\/en\/pood\/product-groups\/%d0%b2%d0%b5%d0%b3%d0%b0%d0%bd\/vegan-capsules-en\/evolite-daily-dose-vitamiini-ja-mineraalikompleks-120-caps\/#primaryimage"},"image":{"@id":"https:\/\/fit360.ee\/en\/pood\/product-groups\/%d0%b2%d0%b5%d0%b3%d0%b0%d0%bd\/vegan-capsules-en\/evolite-daily-dose-vitamiini-ja-mineraalikompleks-120-caps\/#primaryimage"},"thumbnailUrl":"https:\/\/fit360.ee\/wp-content\/uploads\/2020\/05\/daily-dose-fit360.ee_.jpg","datePublished":"2020-05-25T19:32:51+00:00","dateModified":"2025-08-13T05:38:54+00:00","description":"Evolite Daily Dose\u00a0on k\u00f5ige olulisemate vitamiinide ja mineraalide kompleks,\u00a0mis on vajalik\u00a0\u00a0tugeva ja terve keha s\u00e4ilitamiseks.\u00a0See toidulisand on suurep...","breadcrumb":{"@id":"https:\/\/fit360.ee\/en\/pood\/product-groups\/%d0%b2%d0%b5%d0%b3%d0%b0%d0%bd\/vegan-capsules-en\/evolite-daily-dose-vitamiini-ja-mineraalikompleks-120-caps\/#breadcrumb"},"inLanguage":"en-US","potentialAction":[{"@type":"ReadAction","target":["https:\/\/fit360.ee\/en\/pood\/product-groups\/%d0%b2%d0%b5%d0%b3%d0%b0%d0%bd\/vegan-capsules-en\/evolite-daily-dose-vitamiini-ja-mineraalikompleks-120-caps\/"]}]},{"@type":"ImageObject","inLanguage":"en-US","@id":"https:\/\/fit360.ee\/en\/pood\/product-groups\/%d0%b2%d0%b5%d0%b3%d0%b0%d0%bd\/vegan-capsules-en\/evolite-daily-dose-vitamiini-ja-mineraalikompleks-120-caps\/#primaryimage","url":"https:\/\/fit360.ee\/wp-content\/uploads\/2020\/05\/daily-dose-fit360.ee_.jpg","contentUrl":"https:\/\/fit360.ee\/wp-content\/uploads\/2020\/05\/daily-dose-fit360.ee_.jpg","width":500,"height":500,"caption":"daily dose - fit360.ee"},{"@type":"BreadcrumbList","@id":"https:\/\/fit360.ee\/en\/pood\/product-groups\/%d0%b2%d0%b5%d0%b3%d0%b0%d0%bd\/vegan-capsules-en\/evolite-daily-dose-vitamiini-ja-mineraalikompleks-120-caps\/#breadcrumb","itemListElement":[{"@type":"ListItem","position":1,"name":"Home","item":"https:\/\/fit360.ee\/en\/"},{"@type":"ListItem","position":2,"name":"Shop","item":"https:\/\/fit360.ee\/en\/shop\/"},{"@type":"ListItem","position":3,"name":"Evolite Daily Dose vitamiini- ja mineraalikompleks (120 caps)"}]},{"@type":"WebSite","@id":"https:\/\/fit360.ee\/en\/#website","url":"https:\/\/fit360.ee\/en\/","name":"Fit360","description":"","publisher":{"@id":"https:\/\/fit360.ee\/en\/#organization"},"potentialAction":[{"@type":"SearchAction","target":{"@type":"EntryPoint","urlTemplate":"https:\/\/fit360.ee\/en\/?s={search_term_string}"},"query-input":{"@type":"PropertyValueSpecification","valueRequired":true,"valueName":"search_term_string"}}],"inLanguage":"en-US"},{"@type":"Organization","@id":"https:\/\/fit360.ee\/en\/#organization","name":"Fit360","url":"https:\/\/fit360.ee\/en\/","logo":{"@type":"ImageObject","inLanguage":"en-US","@id":"https:\/\/fit360.ee\/en\/#\/schema\/logo\/image\/","url":"https:\/\/fit360.ee\/wp-content\/uploads\/2017\/01\/logo-fit360.png","contentUrl":"https:\/\/fit360.ee\/wp-content\/uploads\/2017\/01\/logo-fit360.png","width":180,"height":66,"caption":"Fit360"},"image":{"@id":"https:\/\/fit360.ee\/en\/#\/schema\/logo\/image\/"}}]}},"_links":{"self":[{"href":"https:\/\/fit360.ee\/en\/wp-json\/wp\/v2\/product\/37180","targetHints":{"allow":["GET"]}}],"collection":[{"href":"https:\/\/fit360.ee\/en\/wp-json\/wp\/v2\/product"}],"about":[{"href":"https:\/\/fit360.ee\/en\/wp-json\/wp\/v2\/types\/product"}],"replies":[{"embeddable":true,"href":"https:\/\/fit360.ee\/en\/wp-json\/wp\/v2\/comments?post=37180"}],"wp:featuredmedia":[{"embeddable":true,"href":"https:\/\/fit360.ee\/en\/wp-json\/wp\/v2\/media\/71346"}],"wp:attachment":[{"href":"https:\/\/fit360.ee\/en\/wp-json\/wp\/v2\/media?parent=37180"}],"wp:term":[{"taxonomy":"product_brand","embeddable":true,"href":"https:\/\/fit360.ee\/en\/wp-json\/wp\/v2\/product_brand?post=37180"},{"taxonomy":"product_cat","embeddable":true,"href":"https:\/\/fit360.ee\/en\/wp-json\/wp\/v2\/product_cat?post=37180"},{"taxonomy":"product_tag","embeddable":true,"href":"https:\/\/fit360.ee\/en\/wp-json\/wp\/v2\/product_tag?post=37180"},{"taxonomy":"giftcard-category","embeddable":true,"href":"https:\/\/fit360.ee\/en\/wp-json\/wp\/v2\/giftcard-category?post=37180"}],"curies":[{"name":"wp","href":"https:\/\/api.w.org\/{rel}","templated":true}]}}