{"id":37247,"date":"2020-05-29T14:19:21","date_gmt":"2020-05-29T12:19:21","guid":{"rendered":"https:\/\/fit360.ee\/pood\/uncategorized\/evolite-protein-pancakes-1kg\/"},"modified":"2026-04-11T10:42:20","modified_gmt":"2026-04-11T08:42:20","slug":"evolite-protein-pancakes-1kg","status":"publish","type":"product","link":"https:\/\/fit360.ee\/en\/pood\/product-groups\/protein-bars-and-snacks\/evolite-protein-pancakes-1kg\/","title":{"rendered":"Evolite Protein Pancakes (1kg)"},"content":{"rendered":"<h1>Protein pancakes &#8211; proteiini pannkoogid<\/h1>\n<p>Protein pancakes &#8211; naturaalsest kaerajahust.<\/p>\n<p><strong>Koostisosad<\/strong>: naturaalne kaerajahu, vadakuvalgu kontsentraat (piimast), v\u00e4hendatud rasva sisaldusega kookosjahu, petipiim, naatriumvesinikkarbonaat, l\u00f5hna- ja maitseained, magusaine: sukraloos.<\/p>\n<p><strong>Kasutamine<\/strong>: Sega 3 m\u00f5\u00f5telusikat\u00e4it pulbrit (70g) 140ml vee v\u00f5i piimaga. Sega kuni pulber on \u00fchtlane. Kui on liiga paks, siis lisa natuke vedelikku. Oota 3 minutit. K\u00fcpseta pannkooke ainult kuumal pannil\/ahjuplaadil. Serveeri kuumalt koos maitsvate lisadega<\/p>\n<p><strong>NB! Toode ei asenda mitmek\u00fclgset toitumist. Hoida lastele k\u00e4ttesaamatus kohas.<\/strong><\/p>\n<p><strong>Suurus<\/strong>: 1kg<\/p>\n<table>\n<tbody>\n<tr>\n<td width=\"205\"><strong>Anal\u00fc\u00fcs<\/strong><\/td>\n<td width=\"205\"><strong>100g<\/strong><\/td>\n<td width=\"205\"><strong>70g (\u00fcks serveering, kolm kulbit\u00e4it) (%SPK)<\/strong><\/td>\n<\/tr>\n<tr>\n<td width=\"205\">Energia<\/td>\n<td width=\"205\">1540kJ\/367kcal<\/td>\n<td width=\"205\">1078kJ\/257kcal(13%)<\/td>\n<\/tr>\n<tr>\n<td width=\"205\">Rasv<\/td>\n<td width=\"205\">7,96g<\/td>\n<td width=\"205\">5,57g(8%)<\/td>\n<\/tr>\n<tr>\n<td width=\"205\">Millest k\u00fcllastunud rasvhapped<\/td>\n<td width=\"205\">4,02g<\/td>\n<td width=\"205\">2,81g(14%)<\/td>\n<\/tr>\n<tr>\n<td width=\"205\">S\u00fcsivesikud<\/td>\n<td width=\"205\">34,67g<\/td>\n<td width=\"205\">24,27g(9%)<\/td>\n<\/tr>\n<tr>\n<td width=\"205\">Millest suhkur<\/td>\n<td width=\"205\">13,28g<\/td>\n<td width=\"205\">9,3g(10%)<\/td>\n<\/tr>\n<tr>\n<td width=\"205\">Kiudained<\/td>\n<td width=\"205\">2,84g<\/td>\n<td width=\"205\">2,27g<\/td>\n<\/tr>\n<tr>\n<td width=\"205\"><strong>Valgud<\/strong><\/td>\n<td width=\"205\"><strong>34,02g<\/strong><\/td>\n<td width=\"205\"><strong>23,81g(48%)<\/strong><\/td>\n<\/tr>\n<tr>\n<td width=\"205\">Sool<\/td>\n<td width=\"205\">0,37g<\/td>\n<td width=\"205\">0,26g(4%)<\/td>\n<\/tr>\n<\/tbody>\n<\/table>\n<p>SPK- P\u00e4evane soovitatud kogus. V\u00f5ttes aluseks keskmise t\u00e4iskasvanu (8400KJ\/2000Kcal)<\/p>\n<p>Soovid teha suuremat tellimust? Vaata antud toodet meie HULGI lehelt\u00a0<a href=\"https:\/\/toidulisandidhulgi.ee\/product\/evolite-protein-pancakes-1kg\/\"><strong>SIIT<\/strong><\/a>!<\/p>\n","protected":false},"excerpt":{"rendered":"<h2><strong>Evolite Protein PANCAKES<\/strong>:<\/h2>\n<ul>\n<li>Tehtud naturaalsest kaerajahust<\/li>\n<li>V\u00e4hendatud rasvasisaldusega<\/li>\n<li>V\u00e4ga hea ja laia maitsevalikuga<\/li>\n<li>Perfektne sn\u00e4kk dieedil olles<\/li>\n<li><strong>34% valku<\/strong><\/li>\n<\/ul>\n<p>S\u00f6\u00f6 neid millal iganes soovid ning Sinu keha t\u00e4nab Sind!<\/p>\n","protected":false},"featured_media":37252,"comment_status":"open","ping_status":"closed","template":"","meta":[],"product_brand":[],"product_cat":[1618,534,535],"product_tag":[1758,1759],"giftcard-category":[],"class_list":{"0":"post-37247","1":"product","2":"type-product","3":"status-publish","4":"has-post-thumbnail","6":"product_cat-evolite-en","7":"product_cat-protein-bars-and-snacks","8":"product_cat-protein-poweders-en","9":"product_tag-proteiini-pannkoogid-en","10":"product_tag-protein-pancakes-en","11":"pa_maitse-banana","12":"pa_maitse-chocolate","13":"pa_maitse-coconut","14":"pa_maitse-lemon-pie-en","15":"pa_maitse-natural","16":"pa_maitse-ounapirukas-en","18":"first","19":"outofstock","20":"sale","21":"taxable","22":"shipping-taxable","23":"purchasable","24":"product-type-variable"},"yoast_head":"<!-- This site is optimized with the Yoast SEO plugin v27.3 - https:\/\/yoast.com\/product\/yoast-seo-wordpress\/ -->\n<title>Protein Pancakes (1kg)- Proteiini pannkoogid - \u00dclikiire tarne: 1-3 p\u00e4eva<\/title>\n<meta name=\"description\" content=\"Protein pancakes - tervislikud proteiini pannkoogid. M\u00f5nus pannkoogisegu naturaalsest kaerajahust ja vadakuvalgu konsentraadist. Hea sn\u00e4kk dieedi ajal!\" \/>\n<meta name=\"robots\" content=\"index, follow, max-snippet:-1, max-image-preview:large, max-video-preview:-1\" \/>\n<link rel=\"canonical\" href=\"https:\/\/fit360.ee\/en\/pood\/product-groups\/protein-bars-and-snacks\/evolite-protein-pancakes-1kg\/\" \/>\n<meta property=\"og:locale\" content=\"en_US\" \/>\n<meta property=\"og:type\" content=\"article\" \/>\n<meta property=\"og:title\" content=\"Protein Pancakes (1kg)- Proteiini pannkoogid - \u00dclikiire tarne: 1-3 p\u00e4eva\" \/>\n<meta property=\"og:description\" content=\"Protein pancakes - tervislikud proteiini pannkoogid. M\u00f5nus pannkoogisegu naturaalsest kaerajahust ja vadakuvalgu konsentraadist. Hea sn\u00e4kk dieedi ajal!\" \/>\n<meta property=\"og:url\" content=\"https:\/\/fit360.ee\/en\/pood\/product-groups\/protein-bars-and-snacks\/evolite-protein-pancakes-1kg\/\" \/>\n<meta property=\"og:site_name\" content=\"Fit360\" \/>\n<meta property=\"article:modified_time\" content=\"2026-04-11T08:42:20+00:00\" \/>\n<meta property=\"og:image\" content=\"https:\/\/fit360.ee\/wp-content\/uploads\/2020\/05\/pol_pl_Evolite-Protein-Pancakes-1000g-Coconut-10878_1-1.png\" \/>\n\t<meta property=\"og:image:width\" content=\"800\" \/>\n\t<meta property=\"og:image:height\" content=\"800\" \/>\n\t<meta property=\"og:image:type\" content=\"image\/png\" \/>\n<meta name=\"twitter:card\" content=\"summary_large_image\" \/>\n<meta name=\"twitter:label1\" content=\"Est. reading time\" \/>\n\t<meta name=\"twitter:data1\" content=\"1 minute\" \/>\n<script type=\"application\/ld+json\" class=\"yoast-schema-graph\">{\"@context\":\"https:\\\/\\\/schema.org\",\"@graph\":[{\"@type\":\"WebPage\",\"@id\":\"https:\\\/\\\/fit360.ee\\\/en\\\/pood\\\/product-groups\\\/protein-bars-and-snacks\\\/evolite-protein-pancakes-1kg\\\/\",\"url\":\"https:\\\/\\\/fit360.ee\\\/en\\\/pood\\\/product-groups\\\/protein-bars-and-snacks\\\/evolite-protein-pancakes-1kg\\\/\",\"name\":\"Protein Pancakes (1kg)- Proteiini pannkoogid - \u00dclikiire tarne: 1-3 p\u00e4eva\",\"isPartOf\":{\"@id\":\"https:\\\/\\\/fit360.ee\\\/en\\\/#website\"},\"primaryImageOfPage\":{\"@id\":\"https:\\\/\\\/fit360.ee\\\/en\\\/pood\\\/product-groups\\\/protein-bars-and-snacks\\\/evolite-protein-pancakes-1kg\\\/#primaryimage\"},\"image\":{\"@id\":\"https:\\\/\\\/fit360.ee\\\/en\\\/pood\\\/product-groups\\\/protein-bars-and-snacks\\\/evolite-protein-pancakes-1kg\\\/#primaryimage\"},\"thumbnailUrl\":\"https:\\\/\\\/fit360.ee\\\/wp-content\\\/uploads\\\/2020\\\/05\\\/pol_pl_Evolite-Protein-Pancakes-1000g-Coconut-10878_1-1.png\",\"datePublished\":\"2020-05-29T12:19:21+00:00\",\"dateModified\":\"2026-04-11T08:42:20+00:00\",\"description\":\"Protein pancakes - tervislikud proteiini pannkoogid. M\u00f5nus pannkoogisegu naturaalsest kaerajahust ja vadakuvalgu konsentraadist. Hea sn\u00e4kk dieedi ajal!\",\"breadcrumb\":{\"@id\":\"https:\\\/\\\/fit360.ee\\\/en\\\/pood\\\/product-groups\\\/protein-bars-and-snacks\\\/evolite-protein-pancakes-1kg\\\/#breadcrumb\"},\"inLanguage\":\"en-US\",\"potentialAction\":[{\"@type\":\"ReadAction\",\"target\":[\"https:\\\/\\\/fit360.ee\\\/en\\\/pood\\\/product-groups\\\/protein-bars-and-snacks\\\/evolite-protein-pancakes-1kg\\\/\"]}]},{\"@type\":\"ImageObject\",\"inLanguage\":\"en-US\",\"@id\":\"https:\\\/\\\/fit360.ee\\\/en\\\/pood\\\/product-groups\\\/protein-bars-and-snacks\\\/evolite-protein-pancakes-1kg\\\/#primaryimage\",\"url\":\"https:\\\/\\\/fit360.ee\\\/wp-content\\\/uploads\\\/2020\\\/05\\\/pol_pl_Evolite-Protein-Pancakes-1000g-Coconut-10878_1-1.png\",\"contentUrl\":\"https:\\\/\\\/fit360.ee\\\/wp-content\\\/uploads\\\/2020\\\/05\\\/pol_pl_Evolite-Protein-Pancakes-1000g-Coconut-10878_1-1.png\",\"width\":800,\"height\":800,\"caption\":\"proteiini pannkoogid - m\u00f5nus ja maitsev vahepala\"},{\"@type\":\"BreadcrumbList\",\"@id\":\"https:\\\/\\\/fit360.ee\\\/en\\\/pood\\\/product-groups\\\/protein-bars-and-snacks\\\/evolite-protein-pancakes-1kg\\\/#breadcrumb\",\"itemListElement\":[{\"@type\":\"ListItem\",\"position\":1,\"name\":\"Home\",\"item\":\"https:\\\/\\\/fit360.ee\\\/en\\\/\"},{\"@type\":\"ListItem\",\"position\":2,\"name\":\"Shop\",\"item\":\"https:\\\/\\\/fit360.ee\\\/en\\\/shop\\\/\"},{\"@type\":\"ListItem\",\"position\":3,\"name\":\"Evolite Protein Pancakes (1kg)\"}]},{\"@type\":\"WebSite\",\"@id\":\"https:\\\/\\\/fit360.ee\\\/en\\\/#website\",\"url\":\"https:\\\/\\\/fit360.ee\\\/en\\\/\",\"name\":\"Fit360\",\"description\":\"\",\"publisher\":{\"@id\":\"https:\\\/\\\/fit360.ee\\\/en\\\/#organization\"},\"potentialAction\":[{\"@type\":\"SearchAction\",\"target\":{\"@type\":\"EntryPoint\",\"urlTemplate\":\"https:\\\/\\\/fit360.ee\\\/en\\\/?s={search_term_string}\"},\"query-input\":{\"@type\":\"PropertyValueSpecification\",\"valueRequired\":true,\"valueName\":\"search_term_string\"}}],\"inLanguage\":\"en-US\"},{\"@type\":\"Organization\",\"@id\":\"https:\\\/\\\/fit360.ee\\\/en\\\/#organization\",\"name\":\"Fit360\",\"url\":\"https:\\\/\\\/fit360.ee\\\/en\\\/\",\"logo\":{\"@type\":\"ImageObject\",\"inLanguage\":\"en-US\",\"@id\":\"https:\\\/\\\/fit360.ee\\\/en\\\/#\\\/schema\\\/logo\\\/image\\\/\",\"url\":\"https:\\\/\\\/fit360.ee\\\/wp-content\\\/uploads\\\/2017\\\/01\\\/logo-fit360.png\",\"contentUrl\":\"https:\\\/\\\/fit360.ee\\\/wp-content\\\/uploads\\\/2017\\\/01\\\/logo-fit360.png\",\"width\":180,\"height\":66,\"caption\":\"Fit360\"},\"image\":{\"@id\":\"https:\\\/\\\/fit360.ee\\\/en\\\/#\\\/schema\\\/logo\\\/image\\\/\"}}]}<\/script>\n<!-- \/ Yoast SEO plugin. -->","yoast_head_json":{"title":"Protein Pancakes (1kg)- Proteiini pannkoogid - \u00dclikiire tarne: 1-3 p\u00e4eva","description":"Protein pancakes - tervislikud proteiini pannkoogid. M\u00f5nus pannkoogisegu naturaalsest kaerajahust ja vadakuvalgu konsentraadist. Hea sn\u00e4kk dieedi ajal!","robots":{"index":"index","follow":"follow","max-snippet":"max-snippet:-1","max-image-preview":"max-image-preview:large","max-video-preview":"max-video-preview:-1"},"canonical":"https:\/\/fit360.ee\/en\/pood\/product-groups\/protein-bars-and-snacks\/evolite-protein-pancakes-1kg\/","og_locale":"en_US","og_type":"article","og_title":"Protein Pancakes (1kg)- Proteiini pannkoogid - \u00dclikiire tarne: 1-3 p\u00e4eva","og_description":"Protein pancakes - tervislikud proteiini pannkoogid. M\u00f5nus pannkoogisegu naturaalsest kaerajahust ja vadakuvalgu konsentraadist. Hea sn\u00e4kk dieedi ajal!","og_url":"https:\/\/fit360.ee\/en\/pood\/product-groups\/protein-bars-and-snacks\/evolite-protein-pancakes-1kg\/","og_site_name":"Fit360","article_modified_time":"2026-04-11T08:42:20+00:00","og_image":[{"width":800,"height":800,"url":"https:\/\/fit360.ee\/wp-content\/uploads\/2020\/05\/pol_pl_Evolite-Protein-Pancakes-1000g-Coconut-10878_1-1.png","type":"image\/png"}],"twitter_card":"summary_large_image","twitter_misc":{"Est. reading time":"1 minute"},"schema":{"@context":"https:\/\/schema.org","@graph":[{"@type":"WebPage","@id":"https:\/\/fit360.ee\/en\/pood\/product-groups\/protein-bars-and-snacks\/evolite-protein-pancakes-1kg\/","url":"https:\/\/fit360.ee\/en\/pood\/product-groups\/protein-bars-and-snacks\/evolite-protein-pancakes-1kg\/","name":"Protein Pancakes (1kg)- Proteiini pannkoogid - \u00dclikiire tarne: 1-3 p\u00e4eva","isPartOf":{"@id":"https:\/\/fit360.ee\/en\/#website"},"primaryImageOfPage":{"@id":"https:\/\/fit360.ee\/en\/pood\/product-groups\/protein-bars-and-snacks\/evolite-protein-pancakes-1kg\/#primaryimage"},"image":{"@id":"https:\/\/fit360.ee\/en\/pood\/product-groups\/protein-bars-and-snacks\/evolite-protein-pancakes-1kg\/#primaryimage"},"thumbnailUrl":"https:\/\/fit360.ee\/wp-content\/uploads\/2020\/05\/pol_pl_Evolite-Protein-Pancakes-1000g-Coconut-10878_1-1.png","datePublished":"2020-05-29T12:19:21+00:00","dateModified":"2026-04-11T08:42:20+00:00","description":"Protein pancakes - tervislikud proteiini pannkoogid. M\u00f5nus pannkoogisegu naturaalsest kaerajahust ja vadakuvalgu konsentraadist. Hea sn\u00e4kk dieedi ajal!","breadcrumb":{"@id":"https:\/\/fit360.ee\/en\/pood\/product-groups\/protein-bars-and-snacks\/evolite-protein-pancakes-1kg\/#breadcrumb"},"inLanguage":"en-US","potentialAction":[{"@type":"ReadAction","target":["https:\/\/fit360.ee\/en\/pood\/product-groups\/protein-bars-and-snacks\/evolite-protein-pancakes-1kg\/"]}]},{"@type":"ImageObject","inLanguage":"en-US","@id":"https:\/\/fit360.ee\/en\/pood\/product-groups\/protein-bars-and-snacks\/evolite-protein-pancakes-1kg\/#primaryimage","url":"https:\/\/fit360.ee\/wp-content\/uploads\/2020\/05\/pol_pl_Evolite-Protein-Pancakes-1000g-Coconut-10878_1-1.png","contentUrl":"https:\/\/fit360.ee\/wp-content\/uploads\/2020\/05\/pol_pl_Evolite-Protein-Pancakes-1000g-Coconut-10878_1-1.png","width":800,"height":800,"caption":"proteiini pannkoogid - m\u00f5nus ja maitsev vahepala"},{"@type":"BreadcrumbList","@id":"https:\/\/fit360.ee\/en\/pood\/product-groups\/protein-bars-and-snacks\/evolite-protein-pancakes-1kg\/#breadcrumb","itemListElement":[{"@type":"ListItem","position":1,"name":"Home","item":"https:\/\/fit360.ee\/en\/"},{"@type":"ListItem","position":2,"name":"Shop","item":"https:\/\/fit360.ee\/en\/shop\/"},{"@type":"ListItem","position":3,"name":"Evolite Protein Pancakes (1kg)"}]},{"@type":"WebSite","@id":"https:\/\/fit360.ee\/en\/#website","url":"https:\/\/fit360.ee\/en\/","name":"Fit360","description":"","publisher":{"@id":"https:\/\/fit360.ee\/en\/#organization"},"potentialAction":[{"@type":"SearchAction","target":{"@type":"EntryPoint","urlTemplate":"https:\/\/fit360.ee\/en\/?s={search_term_string}"},"query-input":{"@type":"PropertyValueSpecification","valueRequired":true,"valueName":"search_term_string"}}],"inLanguage":"en-US"},{"@type":"Organization","@id":"https:\/\/fit360.ee\/en\/#organization","name":"Fit360","url":"https:\/\/fit360.ee\/en\/","logo":{"@type":"ImageObject","inLanguage":"en-US","@id":"https:\/\/fit360.ee\/en\/#\/schema\/logo\/image\/","url":"https:\/\/fit360.ee\/wp-content\/uploads\/2017\/01\/logo-fit360.png","contentUrl":"https:\/\/fit360.ee\/wp-content\/uploads\/2017\/01\/logo-fit360.png","width":180,"height":66,"caption":"Fit360"},"image":{"@id":"https:\/\/fit360.ee\/en\/#\/schema\/logo\/image\/"}}]}},"_links":{"self":[{"href":"https:\/\/fit360.ee\/en\/wp-json\/wp\/v2\/product\/37247","targetHints":{"allow":["GET"]}}],"collection":[{"href":"https:\/\/fit360.ee\/en\/wp-json\/wp\/v2\/product"}],"about":[{"href":"https:\/\/fit360.ee\/en\/wp-json\/wp\/v2\/types\/product"}],"replies":[{"embeddable":true,"href":"https:\/\/fit360.ee\/en\/wp-json\/wp\/v2\/comments?post=37247"}],"wp:featuredmedia":[{"embeddable":true,"href":"https:\/\/fit360.ee\/en\/wp-json\/wp\/v2\/media\/37252"}],"wp:attachment":[{"href":"https:\/\/fit360.ee\/en\/wp-json\/wp\/v2\/media?parent=37247"}],"wp:term":[{"taxonomy":"product_brand","embeddable":true,"href":"https:\/\/fit360.ee\/en\/wp-json\/wp\/v2\/product_brand?post=37247"},{"taxonomy":"product_cat","embeddable":true,"href":"https:\/\/fit360.ee\/en\/wp-json\/wp\/v2\/product_cat?post=37247"},{"taxonomy":"product_tag","embeddable":true,"href":"https:\/\/fit360.ee\/en\/wp-json\/wp\/v2\/product_tag?post=37247"},{"taxonomy":"giftcard-category","embeddable":true,"href":"https:\/\/fit360.ee\/en\/wp-json\/wp\/v2\/giftcard-category?post=37247"}],"curies":[{"name":"wp","href":"https:\/\/api.w.org\/{rel}","templated":true}]}}