{"id":37302,"date":"2020-06-04T15:58:49","date_gmt":"2020-06-04T13:58:49","guid":{"rendered":"https:\/\/fit360.ee\/pood\/uncategorized\/evolite-ultratest-hardcore-am-pm-formula-180caps\/"},"modified":"2026-04-11T10:42:24","modified_gmt":"2026-04-11T08:42:24","slug":"evolite-ultratest-hardcore-am-pm-formula-180caps","status":"publish","type":"product","link":"https:\/\/fit360.ee\/en\/pood\/product-groups\/testosterone-boosters-en\/evolite-ultratest-hardcore-am-pm-formula-180caps\/","title":{"rendered":"Evolite Ultratest Hardcore AM\/PM Formula (180caps)"},"content":{"rendered":"<h2><strong>Ultratest Testosterooni T\u00f5stja<\/strong><\/h2>\n<p>Evolite Ultratest testosterooni t\u00f5stja sisaldab v\u00f5imalikult suurel m\u00e4\u00e4ral just neid koostisosi, mis t\u00f5esti toimivad! Iga portsjon sisaldab 10 tugevat ja kliiniliselt t\u00f5estatud tulemustega koostisosa, mis m\u00f5juvad omavahel s\u00fcnegias ning garanteerivad testosteroonitaseme t\u00f5usu.<\/p>\n<ul>\n<li>Auhinnatud testosteroonit\u00f5stja<\/li>\n<li>Sisaldab 95% Tribulus protodiostsiini (suurendab libiidot ja erektsiooni)<\/li>\n<li>Parandab j\u00f5udlust<\/li>\n<li>Toetab tervist, annab energiat ja eluj\u00f5ulisust<\/li>\n<\/ul>\n<p><strong>Ultratest testosterooni t\u00f5stja<\/strong> maksimeerib ja kaitseb sinu testosteroonitaset esmaklassilise kahetoimelise meetodi abil: A) aromataasi inhibeerimine ja B) testosterooni DHT-ks (dih\u00fcdroks\u00fctestosteroon \u2013 negatiivsete androgeensete k\u00f5rvaltoimetega seostatav meessuguhormoon) muundamise minimeerimine. Aromataasikompleksi inhibeerimise abil hoiab Ultratest \u00e4ra aromatiseerumise ning testosterooni muundumise \u00f6strogeeniks, minimeerides seel\u00e4bi soovimatute k\u00f5rvaltoimete, nagu tursed ja g\u00fcnekomastia. Teiseks v\u00f5itleb Ultratest seej\u00e4rel sinu testosteroonitaseme s\u00e4ilitamise eest, inhibeerides testosterooni h\u00e4vitava ja soovimatut metaboliiti DHT tootva 5\u03b1-reduktaasi.<\/p>\n<h4><strong>Ultratest koostisosade omadused<\/strong>:<\/h4>\n<ul>\n<li>Suurep\u00e4rane kooslus laboratoorselt\u00a0t\u00f5estatud koostisosadest<\/li>\n<li>Suurendab lihas- ja v\u00e4hendab rasvamassi<\/li>\n<li>Parandab vaimset suutlikkust<\/li>\n<li>V\u00e4hendab v\u00e4simustunnet<\/li>\n<li>Optimeerib hormonaaltasakaalu<\/li>\n<li>V\u00e4hendab p\u00f5letikulisi protsesse<\/li>\n<li>Panustab s\u00fcdame veresoonkonna tervisesse.<\/li>\n<\/ul>\n<p><strong>D -asparagiinhape<\/strong> suurendab\u00a0<strong>testosteroon<\/strong>i ja\u00a0<strong>luteiniseeriva hormoon<\/strong>i (testosterooni reguleeriv hormoon) taset. Luteiniseeriv hormoon stimuleerib Leydigi rakke, mis p\u00f5hjustab testosterooni teket.<\/p>\n<p><strong>Lambal\u00e4\u00e4tsel<\/strong> on kliiniliste uuringutega leitud kehakompositsiooni parandav, insuliinitundlikkust suurendav ning vaba testosterooni hulka t\u00f5stev toime.<\/p>\n<p><strong>Maca<\/strong> parandadab sportlikke saavutusi, t\u00f5stab vitaalsust.\u00a0Maca\u00a0tugevdab immuuns\u00fcsteemi, m\u00f5jub antioks\u00fcdatiivselt ning\u00a0 t\u00f5stab toonust ehk\u00a0m\u00f5jub kroonilise v\u00e4simuse vastu v\u00e4ga h\u00e4sti.<\/p>\n<p><strong>Maca<\/strong>\u00a0juur on \u00fclimalt rikas erinevate mineraalainete poolest. Ta sisaldab peaaegu k\u00f5iki vitamiine, aga ka flavonoide, eeterlikke \u00f5lisid ja teisi organismile v\u00e4ga kasulikke aineid.<\/p>\n<p><strong>Tsink<\/strong> on oluline mineraal, mis osaleb paljudes organismide protsessides. See\u00a0on t\u00e4htis tervislikuks ens\u00fc\u00fcmifunktsiooniks ning m\u00e4ngib rolli ka valgus\u00fcnteesis. Tsink on samuti oluline inimkeas naturaalse testosteroonitaseme hoidmisel. Mitmed uuringud on n\u00e4idanud, et tsingip\u00f5hised toidulisandid v\u00f5ivad t\u00f5sta testosteroonitaset kuni 40%.<\/p>\n<p><strong>Spetsiaalne hommikune ja \u00f5htune retsept, mis on v\u00e4ga hoolikalt l\u00e4bi m\u00f5eldud toetamaks tervislikku eluviisi.<\/strong><\/p>\n<p><strong>Koostisosad hommiku (AM) formulas<\/strong>: D-aspargiinhape (DAA), tribulus terrestis ekstrakt ( <em>Tribulus terrestis<\/em>) standardiseeritud 95% saponiinile, lambal\u00e4\u00e4te ekstrakt (<span style=\"color: #333333; font-size: 14.4px;\"><em>trigonella<\/em> <em>foenum-graceum<\/em>)<\/span>, Maca juure ekstrakt (<em>Lepidium meyenii<\/em>), <em>Coleus Forskohlii<\/em> juureekstrakt ( sisaldab 20% forskolinit), \u017eelatiin (kapsli \u00fcmbris), n\u00f5geselehe ekstrakt (<em>Urtica Dioica<\/em>), musta k\u00f6\u00f6mne seemne ekstrakt (<em>Nigella Sativa<\/em>), <em>Knotweed<\/em> juure ekstrakt ( <em>Polygonum cuspidatum<\/em>; sisaldab 30% resveratrooli), Rhodiola juure ekstrakt (<em>Rhodiola Rosea<\/em>), Magneesiumtsitraat (sisaldab 16% magneesiumi), Niatsiin (Vitamiin B3), musta pipra puuviljaekstrakt (<em>Piper Nigrum<\/em>) standardiseeritud 95% piperiinile, Vitamiin B6.<\/p>\n<p><strong>Koostisosad \u00f5htu (PM) formulas<\/strong>:\u00a0 D-aspargiinhape (DAA), tribulus terrestis ekstrakt ( <em>Tribulus terrestis<\/em>) standardiseeritud 95% saponiinile, <em>Saw Palmetto<\/em> puuviljaekstrakt (<em>Serenda Repens<\/em>), Maca juure ekstrakt (<em>Lepidium meyenii<\/em>), lambal\u00e4\u00e4te ekstrakt (<span style=\"color: #333333; font-size: 14.4px;\"><em>trigonella<\/em> <em>foenum-graceum<\/em>), n\u00f5geselehe ekstrakt (<em>Urtica Dioica<\/em>), k\u00f5rvitsaseemne ekstrakt (<em>Cucurbita Moschata<\/em>), Rohelise kaera \u00fcrdiekstrakt (<em>Avena Sativa<\/em>; sisaldab flavonoide 7%), granaat\u00f5una seemne ekstrakt (<em>Punica Granatum<\/em>), Magneesiumtsitraat (sisaldab 16% magneesiumi), Tsinktsitraat (sisaldab 30% tsinki).<\/span><\/p>\n<p><strong>Kasutamine<\/strong>: V\u00f5ta 3 punast (hommiku &#8211; AM) kapslit hommikul ja 3 musta (\u00f5htu &#8211; PM) kapslit \u00f5htul. \u00c4ra \u00fcleta soovitatud p\u00e4eva kogust(6 kapslit).<\/p>\n<p><strong>Pakendi suurus<\/strong> 180 kapslit \u2013 30 serveeringut<\/p>\n<p>Hoiusta kuivas ja jahedas kohas, eemal otsesest p\u00e4evavalgusest. NB! Toode ei asenda mitmek\u00fclgset toitumist. Hoida lastele k\u00e4ttesaamatus kohas.<\/p>\n<p><strong>Netokaal<\/strong>: 230g<\/p>\n<table width=\"676\">\n<tbody>\n<tr>\n<td width=\"215\"><strong>Aktiivsed toimeained<\/strong><\/td>\n<td width=\"154\"><strong>Hommiku (AM) formula<\/strong><\/td>\n<td width=\"154\"><strong>\u00d5htu (PM) formula<\/strong><\/td>\n<td width=\"154\"><strong>Hommiku\/\u00f5htu kokku<\/strong><\/td>\n<\/tr>\n<tr>\n<td width=\"215\">D-aspargiinhape (DAA)<\/td>\n<td width=\"154\">1225mg<\/td>\n<td width=\"154\">1225mg<\/td>\n<td width=\"154\">2450mg<\/td>\n<\/tr>\n<tr>\n<td width=\"215\">Tribulus Terrestis ekstrakt ( <em>Tribulus terrestis<\/em>) standardiseeritud 95% saponiinile<\/td>\n<td width=\"154\">500mg<\/td>\n<td width=\"154\">500mg<\/td>\n<td width=\"154\">1000mg<\/td>\n<\/tr>\n<tr>\n<td width=\"215\">Maca juure ekstrakt<\/td>\n<td width=\"154\">425mg<\/td>\n<td width=\"154\">425mg<\/td>\n<td width=\"154\">850mg<\/td>\n<\/tr>\n<tr>\n<td width=\"215\">Lambal\u00e4\u00e4te ekstrakt<\/td>\n<td width=\"154\">500mg<\/td>\n<td width=\"154\">300mg<\/td>\n<td width=\"154\">800mg<\/td>\n<\/tr>\n<tr>\n<td width=\"215\"><em>Saw Palmetto<\/em> puuviljaekstrakt<\/td>\n<td width=\"154\">&#8211;<\/td>\n<td width=\"154\">450mg<\/td>\n<td width=\"154\">450mg<\/td>\n<\/tr>\n<tr>\n<td width=\"215\">N\u00f5geselehe ekstrakt<\/td>\n<td width=\"154\">125mg<\/td>\n<td width=\"154\">125mg<\/td>\n<td width=\"154\">250mg<\/td>\n<\/tr>\n<tr>\n<td width=\"215\"><em>Coleus Forskohlii<\/em> juureekstrakt<\/td>\n<td width=\"154\">200mg<\/td>\n<td width=\"154\">&#8211;<\/td>\n<td width=\"154\">200mg<\/td>\n<\/tr>\n<tr>\n<td width=\"215\">Musta k\u00f6\u00f6mne seemne ekstrakt<\/td>\n<td width=\"154\">100mg<\/td>\n<td width=\"154\">&#8211;<\/td>\n<td width=\"154\">100mg<\/td>\n<\/tr>\n<tr>\n<td width=\"215\">Rohelise kaera \u00fcrdiekstrakt<\/td>\n<td width=\"154\">&#8211;<\/td>\n<td width=\"154\">100mg<\/td>\n<td width=\"154\">100mg<\/td>\n<\/tr>\n<tr>\n<td width=\"215\"><em>Knotweed<\/em> juure ekstrakt<\/td>\n<td width=\"154\">100mg<\/td>\n<td width=\"154\">&#8211;<\/td>\n<td width=\"154\">100mg<\/td>\n<\/tr>\n<tr>\n<td width=\"215\">Magneesiumtsitraat<\/td>\n<td width=\"154\">50mg<\/td>\n<td width=\"154\">50mg<\/td>\n<td width=\"154\">100mg<\/td>\n<\/tr>\n<tr>\n<td width=\"215\">K\u00f5rvitsaseemne ekstrakt<\/td>\n<td width=\"154\">&#8211;<\/td>\n<td width=\"154\">100mg<\/td>\n<td width=\"154\">100mg<\/td>\n<\/tr>\n<tr>\n<td width=\"215\">Rhodiola juure ekstrakt<\/td>\n<td width=\"154\">100mg<\/td>\n<td width=\"154\">&#8211;<\/td>\n<td width=\"154\">100mg<\/td>\n<\/tr>\n<tr>\n<td width=\"215\">Granaat\u00f5una seemne ekstrakt<\/td>\n<td width=\"154\">&#8211;<\/td>\n<td width=\"154\">50mg<\/td>\n<td width=\"154\">50mg<\/td>\n<\/tr>\n<tr>\n<td width=\"215\">Tsinktsitraat<\/td>\n<td width=\"154\">&#8211;<\/td>\n<td width=\"154\">45mg<\/td>\n<td width=\"154\">45mg<\/td>\n<\/tr>\n<tr>\n<td width=\"215\">Niatsiin (Vitamiin B3)<\/td>\n<td width=\"154\">16mg<\/td>\n<td width=\"154\">&#8211;<\/td>\n<td width=\"154\">16mg (100% SPK)<\/td>\n<\/tr>\n<tr>\n<td width=\"215\">Musta Pipra puuviljaekstrakt<\/td>\n<td width=\"154\">5mg<\/td>\n<td width=\"154\">&#8211;<\/td>\n<td width=\"154\">5mg<\/td>\n<\/tr>\n<tr>\n<td width=\"215\">Vitamiin B6<\/td>\n<td width=\"154\">1,4mg<\/td>\n<td width=\"154\">&#8211;<\/td>\n<td width=\"154\">1,4mg (100% SPK)<\/td>\n<\/tr>\n<\/tbody>\n<\/table>\n<p><strong>SPK \u2013 soovitatud p\u00e4eva kogus.<\/strong><\/p>\n<p>Vaata ka meie Teisi Testosterooni T\u00f5stjaid <a href=\"https:\/\/fit360.ee\/en\/product-category\/product-groups\/testosterone-boosters-en\/\"><strong>SIIT<\/strong><\/a>!<\/p>\n<p>Soovid teha suuremat tellimust? Vaata antud toodet meie HULGI lehelt\u00a0<a href=\"https:\/\/toidulisandidhulgi.ee\/product\/evolite-ultrates\u2026-formula-180caps\/\"><strong>SIIT<\/strong><\/a>!<\/p>\n","protected":false},"excerpt":{"rendered":"<p><strong>Evolite UltraTest<\/strong>:<\/p>\n<ul>\n<li>Suurep\u00e4rane kooslus laboratoorselt\u00a0t\u00f5estatud koostisosadest<\/li>\n<li>Suurendab lihas- ja v\u00e4hendab rasvamassi<\/li>\n<li>Parandab vaimset suutlikkust<\/li>\n<li>V\u00e4hendab v\u00e4simustunnet<\/li>\n<li>Optimeerib hormonaaltasakaalu<\/li>\n<li>V\u00e4hendab p\u00f5letikulisi protsesse<\/li>\n<li>Panustab s\u00fcdame veresoonkonna tervisesse.<\/li>\n<\/ul>\n","protected":false},"featured_media":85348,"comment_status":"open","ping_status":"closed","template":"","meta":[],"product_brand":[],"product_cat":[1618,532],"product_tag":[1773,5449],"giftcard-category":[],"class_list":{"0":"post-37302","1":"product","2":"type-product","3":"status-publish","4":"has-post-thumbnail","6":"product_cat-evolite-en","7":"product_cat-testosterone-boosters-en","8":"product_tag-evolite-en","9":"product_tag-ultratest-en","10":"pa_toidulisand-branddd-evolite","11":"pa_tootegruppp-testosterone-enhancers","13":"first","14":"outofstock","15":"sale","16":"taxable","17":"shipping-taxable","18":"purchasable","19":"product-type-simple"},"yoast_head":"<!-- This site is optimized with the Yoast SEO plugin v27.3 - https:\/\/yoast.com\/product\/yoast-seo-wordpress\/ -->\n<title>Evolite Ultratest Hardcore AM\/PM Formula (180caps) - Kiire Tarne - Fit360<\/title>\n<meta name=\"description\" content=\"Evolite Ultratest testosterooni t\u00f5stja sisaldab v\u00f5imalikult suurel m\u00e4\u00e4ral just neid koostisosi, mis t\u00f5esti toimivad! Iga portsjon sisaldab 10 tuge...\" \/>\n<meta name=\"robots\" content=\"index, follow, max-snippet:-1, max-image-preview:large, max-video-preview:-1\" \/>\n<link rel=\"canonical\" href=\"https:\/\/fit360.ee\/en\/pood\/product-groups\/testosterone-boosters-en\/evolite-ultratest-hardcore-am-pm-formula-180caps\/\" \/>\n<meta property=\"og:locale\" content=\"en_US\" \/>\n<meta property=\"og:type\" content=\"article\" \/>\n<meta property=\"og:title\" content=\"Evolite Ultratest Hardcore AM\/PM Formula (180caps) - Kiire Tarne - Fit360\" \/>\n<meta property=\"og:description\" content=\"Evolite Ultratest testosterooni t\u00f5stja sisaldab v\u00f5imalikult suurel m\u00e4\u00e4ral just neid koostisosi, mis t\u00f5esti toimivad! Iga portsjon sisaldab 10 tuge...\" \/>\n<meta property=\"og:url\" content=\"https:\/\/fit360.ee\/en\/pood\/product-groups\/testosterone-boosters-en\/evolite-ultratest-hardcore-am-pm-formula-180caps\/\" \/>\n<meta property=\"og:site_name\" content=\"Fit360\" \/>\n<meta property=\"article:modified_time\" content=\"2026-04-11T08:42:24+00:00\" \/>\n<meta property=\"og:image\" content=\"https:\/\/fit360.ee\/wp-content\/uploads\/2020\/06\/ultratest-testosterooni-tostja-fit360.ee_.jpg\" \/>\n\t<meta property=\"og:image:width\" content=\"800\" \/>\n\t<meta property=\"og:image:height\" content=\"800\" \/>\n\t<meta property=\"og:image:type\" content=\"image\/jpeg\" \/>\n<meta name=\"twitter:card\" content=\"summary_large_image\" \/>\n<meta name=\"twitter:label1\" content=\"Est. reading time\" \/>\n\t<meta name=\"twitter:data1\" content=\"2 minutes\" \/>\n<script type=\"application\/ld+json\" class=\"yoast-schema-graph\">{\"@context\":\"https:\\\/\\\/schema.org\",\"@graph\":[{\"@type\":\"WebPage\",\"@id\":\"https:\\\/\\\/fit360.ee\\\/en\\\/pood\\\/product-groups\\\/testosterone-boosters-en\\\/evolite-ultratest-hardcore-am-pm-formula-180caps\\\/\",\"url\":\"https:\\\/\\\/fit360.ee\\\/en\\\/pood\\\/product-groups\\\/testosterone-boosters-en\\\/evolite-ultratest-hardcore-am-pm-formula-180caps\\\/\",\"name\":\"Evolite Ultratest Hardcore AM\\\/PM Formula (180caps) - Kiire Tarne - Fit360\",\"isPartOf\":{\"@id\":\"https:\\\/\\\/fit360.ee\\\/en\\\/#website\"},\"primaryImageOfPage\":{\"@id\":\"https:\\\/\\\/fit360.ee\\\/en\\\/pood\\\/product-groups\\\/testosterone-boosters-en\\\/evolite-ultratest-hardcore-am-pm-formula-180caps\\\/#primaryimage\"},\"image\":{\"@id\":\"https:\\\/\\\/fit360.ee\\\/en\\\/pood\\\/product-groups\\\/testosterone-boosters-en\\\/evolite-ultratest-hardcore-am-pm-formula-180caps\\\/#primaryimage\"},\"thumbnailUrl\":\"https:\\\/\\\/fit360.ee\\\/wp-content\\\/uploads\\\/2020\\\/06\\\/ultratest-testosterooni-tostja-fit360.ee_.jpg\",\"datePublished\":\"2020-06-04T13:58:49+00:00\",\"dateModified\":\"2026-04-11T08:42:24+00:00\",\"description\":\"Evolite Ultratest testosterooni t\u00f5stja sisaldab v\u00f5imalikult suurel m\u00e4\u00e4ral just neid koostisosi, mis t\u00f5esti toimivad! Iga portsjon sisaldab 10 tuge...\",\"breadcrumb\":{\"@id\":\"https:\\\/\\\/fit360.ee\\\/en\\\/pood\\\/product-groups\\\/testosterone-boosters-en\\\/evolite-ultratest-hardcore-am-pm-formula-180caps\\\/#breadcrumb\"},\"inLanguage\":\"en-US\",\"potentialAction\":[{\"@type\":\"ReadAction\",\"target\":[\"https:\\\/\\\/fit360.ee\\\/en\\\/pood\\\/product-groups\\\/testosterone-boosters-en\\\/evolite-ultratest-hardcore-am-pm-formula-180caps\\\/\"]}]},{\"@type\":\"ImageObject\",\"inLanguage\":\"en-US\",\"@id\":\"https:\\\/\\\/fit360.ee\\\/en\\\/pood\\\/product-groups\\\/testosterone-boosters-en\\\/evolite-ultratest-hardcore-am-pm-formula-180caps\\\/#primaryimage\",\"url\":\"https:\\\/\\\/fit360.ee\\\/wp-content\\\/uploads\\\/2020\\\/06\\\/ultratest-testosterooni-tostja-fit360.ee_.jpg\",\"contentUrl\":\"https:\\\/\\\/fit360.ee\\\/wp-content\\\/uploads\\\/2020\\\/06\\\/ultratest-testosterooni-tostja-fit360.ee_.jpg\",\"width\":800,\"height\":800,\"caption\":\"c9ddd5bec5e935646c6ffe25ad1be257a2eda8c22a5a7eddcd79e26232ca9ba28a18a565a6d490f5fbf4372ebc459285e81684bb34b0b4aed498d9a3ff73d51a90dd02d0a329b8c3de958667abc7c87c\"},{\"@type\":\"BreadcrumbList\",\"@id\":\"https:\\\/\\\/fit360.ee\\\/en\\\/pood\\\/product-groups\\\/testosterone-boosters-en\\\/evolite-ultratest-hardcore-am-pm-formula-180caps\\\/#breadcrumb\",\"itemListElement\":[{\"@type\":\"ListItem\",\"position\":1,\"name\":\"Home\",\"item\":\"https:\\\/\\\/fit360.ee\\\/en\\\/\"},{\"@type\":\"ListItem\",\"position\":2,\"name\":\"Shop\",\"item\":\"https:\\\/\\\/fit360.ee\\\/en\\\/shop\\\/\"},{\"@type\":\"ListItem\",\"position\":3,\"name\":\"Evolite Ultratest Hardcore AM\\\/PM Formula (180caps)\"}]},{\"@type\":\"WebSite\",\"@id\":\"https:\\\/\\\/fit360.ee\\\/en\\\/#website\",\"url\":\"https:\\\/\\\/fit360.ee\\\/en\\\/\",\"name\":\"Fit360\",\"description\":\"\",\"publisher\":{\"@id\":\"https:\\\/\\\/fit360.ee\\\/en\\\/#organization\"},\"potentialAction\":[{\"@type\":\"SearchAction\",\"target\":{\"@type\":\"EntryPoint\",\"urlTemplate\":\"https:\\\/\\\/fit360.ee\\\/en\\\/?s={search_term_string}\"},\"query-input\":{\"@type\":\"PropertyValueSpecification\",\"valueRequired\":true,\"valueName\":\"search_term_string\"}}],\"inLanguage\":\"en-US\"},{\"@type\":\"Organization\",\"@id\":\"https:\\\/\\\/fit360.ee\\\/en\\\/#organization\",\"name\":\"Fit360\",\"url\":\"https:\\\/\\\/fit360.ee\\\/en\\\/\",\"logo\":{\"@type\":\"ImageObject\",\"inLanguage\":\"en-US\",\"@id\":\"https:\\\/\\\/fit360.ee\\\/en\\\/#\\\/schema\\\/logo\\\/image\\\/\",\"url\":\"https:\\\/\\\/fit360.ee\\\/wp-content\\\/uploads\\\/2017\\\/01\\\/logo-fit360.png\",\"contentUrl\":\"https:\\\/\\\/fit360.ee\\\/wp-content\\\/uploads\\\/2017\\\/01\\\/logo-fit360.png\",\"width\":180,\"height\":66,\"caption\":\"Fit360\"},\"image\":{\"@id\":\"https:\\\/\\\/fit360.ee\\\/en\\\/#\\\/schema\\\/logo\\\/image\\\/\"}}]}<\/script>\n<!-- \/ Yoast SEO plugin. -->","yoast_head_json":{"title":"Evolite Ultratest Hardcore AM\/PM Formula (180caps) - Kiire Tarne - Fit360","description":"Evolite Ultratest testosterooni t\u00f5stja sisaldab v\u00f5imalikult suurel m\u00e4\u00e4ral just neid koostisosi, mis t\u00f5esti toimivad! Iga portsjon sisaldab 10 tuge...","robots":{"index":"index","follow":"follow","max-snippet":"max-snippet:-1","max-image-preview":"max-image-preview:large","max-video-preview":"max-video-preview:-1"},"canonical":"https:\/\/fit360.ee\/en\/pood\/product-groups\/testosterone-boosters-en\/evolite-ultratest-hardcore-am-pm-formula-180caps\/","og_locale":"en_US","og_type":"article","og_title":"Evolite Ultratest Hardcore AM\/PM Formula (180caps) - Kiire Tarne - Fit360","og_description":"Evolite Ultratest testosterooni t\u00f5stja sisaldab v\u00f5imalikult suurel m\u00e4\u00e4ral just neid koostisosi, mis t\u00f5esti toimivad! Iga portsjon sisaldab 10 tuge...","og_url":"https:\/\/fit360.ee\/en\/pood\/product-groups\/testosterone-boosters-en\/evolite-ultratest-hardcore-am-pm-formula-180caps\/","og_site_name":"Fit360","article_modified_time":"2026-04-11T08:42:24+00:00","og_image":[{"width":800,"height":800,"url":"https:\/\/fit360.ee\/wp-content\/uploads\/2020\/06\/ultratest-testosterooni-tostja-fit360.ee_.jpg","type":"image\/jpeg"}],"twitter_card":"summary_large_image","twitter_misc":{"Est. reading time":"2 minutes"},"schema":{"@context":"https:\/\/schema.org","@graph":[{"@type":"WebPage","@id":"https:\/\/fit360.ee\/en\/pood\/product-groups\/testosterone-boosters-en\/evolite-ultratest-hardcore-am-pm-formula-180caps\/","url":"https:\/\/fit360.ee\/en\/pood\/product-groups\/testosterone-boosters-en\/evolite-ultratest-hardcore-am-pm-formula-180caps\/","name":"Evolite Ultratest Hardcore AM\/PM Formula (180caps) - Kiire Tarne - Fit360","isPartOf":{"@id":"https:\/\/fit360.ee\/en\/#website"},"primaryImageOfPage":{"@id":"https:\/\/fit360.ee\/en\/pood\/product-groups\/testosterone-boosters-en\/evolite-ultratest-hardcore-am-pm-formula-180caps\/#primaryimage"},"image":{"@id":"https:\/\/fit360.ee\/en\/pood\/product-groups\/testosterone-boosters-en\/evolite-ultratest-hardcore-am-pm-formula-180caps\/#primaryimage"},"thumbnailUrl":"https:\/\/fit360.ee\/wp-content\/uploads\/2020\/06\/ultratest-testosterooni-tostja-fit360.ee_.jpg","datePublished":"2020-06-04T13:58:49+00:00","dateModified":"2026-04-11T08:42:24+00:00","description":"Evolite Ultratest testosterooni t\u00f5stja sisaldab v\u00f5imalikult suurel m\u00e4\u00e4ral just neid koostisosi, mis t\u00f5esti toimivad! Iga portsjon sisaldab 10 tuge...","breadcrumb":{"@id":"https:\/\/fit360.ee\/en\/pood\/product-groups\/testosterone-boosters-en\/evolite-ultratest-hardcore-am-pm-formula-180caps\/#breadcrumb"},"inLanguage":"en-US","potentialAction":[{"@type":"ReadAction","target":["https:\/\/fit360.ee\/en\/pood\/product-groups\/testosterone-boosters-en\/evolite-ultratest-hardcore-am-pm-formula-180caps\/"]}]},{"@type":"ImageObject","inLanguage":"en-US","@id":"https:\/\/fit360.ee\/en\/pood\/product-groups\/testosterone-boosters-en\/evolite-ultratest-hardcore-am-pm-formula-180caps\/#primaryimage","url":"https:\/\/fit360.ee\/wp-content\/uploads\/2020\/06\/ultratest-testosterooni-tostja-fit360.ee_.jpg","contentUrl":"https:\/\/fit360.ee\/wp-content\/uploads\/2020\/06\/ultratest-testosterooni-tostja-fit360.ee_.jpg","width":800,"height":800,"caption":"c9ddd5bec5e935646c6ffe25ad1be257a2eda8c22a5a7eddcd79e26232ca9ba28a18a565a6d490f5fbf4372ebc459285e81684bb34b0b4aed498d9a3ff73d51a90dd02d0a329b8c3de958667abc7c87c"},{"@type":"BreadcrumbList","@id":"https:\/\/fit360.ee\/en\/pood\/product-groups\/testosterone-boosters-en\/evolite-ultratest-hardcore-am-pm-formula-180caps\/#breadcrumb","itemListElement":[{"@type":"ListItem","position":1,"name":"Home","item":"https:\/\/fit360.ee\/en\/"},{"@type":"ListItem","position":2,"name":"Shop","item":"https:\/\/fit360.ee\/en\/shop\/"},{"@type":"ListItem","position":3,"name":"Evolite Ultratest Hardcore AM\/PM Formula (180caps)"}]},{"@type":"WebSite","@id":"https:\/\/fit360.ee\/en\/#website","url":"https:\/\/fit360.ee\/en\/","name":"Fit360","description":"","publisher":{"@id":"https:\/\/fit360.ee\/en\/#organization"},"potentialAction":[{"@type":"SearchAction","target":{"@type":"EntryPoint","urlTemplate":"https:\/\/fit360.ee\/en\/?s={search_term_string}"},"query-input":{"@type":"PropertyValueSpecification","valueRequired":true,"valueName":"search_term_string"}}],"inLanguage":"en-US"},{"@type":"Organization","@id":"https:\/\/fit360.ee\/en\/#organization","name":"Fit360","url":"https:\/\/fit360.ee\/en\/","logo":{"@type":"ImageObject","inLanguage":"en-US","@id":"https:\/\/fit360.ee\/en\/#\/schema\/logo\/image\/","url":"https:\/\/fit360.ee\/wp-content\/uploads\/2017\/01\/logo-fit360.png","contentUrl":"https:\/\/fit360.ee\/wp-content\/uploads\/2017\/01\/logo-fit360.png","width":180,"height":66,"caption":"Fit360"},"image":{"@id":"https:\/\/fit360.ee\/en\/#\/schema\/logo\/image\/"}}]}},"_links":{"self":[{"href":"https:\/\/fit360.ee\/en\/wp-json\/wp\/v2\/product\/37302","targetHints":{"allow":["GET"]}}],"collection":[{"href":"https:\/\/fit360.ee\/en\/wp-json\/wp\/v2\/product"}],"about":[{"href":"https:\/\/fit360.ee\/en\/wp-json\/wp\/v2\/types\/product"}],"replies":[{"embeddable":true,"href":"https:\/\/fit360.ee\/en\/wp-json\/wp\/v2\/comments?post=37302"}],"wp:featuredmedia":[{"embeddable":true,"href":"https:\/\/fit360.ee\/en\/wp-json\/wp\/v2\/media\/85348"}],"wp:attachment":[{"href":"https:\/\/fit360.ee\/en\/wp-json\/wp\/v2\/media?parent=37302"}],"wp:term":[{"taxonomy":"product_brand","embeddable":true,"href":"https:\/\/fit360.ee\/en\/wp-json\/wp\/v2\/product_brand?post=37302"},{"taxonomy":"product_cat","embeddable":true,"href":"https:\/\/fit360.ee\/en\/wp-json\/wp\/v2\/product_cat?post=37302"},{"taxonomy":"product_tag","embeddable":true,"href":"https:\/\/fit360.ee\/en\/wp-json\/wp\/v2\/product_tag?post=37302"},{"taxonomy":"giftcard-category","embeddable":true,"href":"https:\/\/fit360.ee\/en\/wp-json\/wp\/v2\/giftcard-category?post=37302"}],"curies":[{"name":"wp","href":"https:\/\/api.w.org\/{rel}","templated":true}]}}