{"id":37354,"date":"2020-06-12T19:10:14","date_gmt":"2020-06-12T17:10:14","guid":{"rendered":"https:\/\/fit360.ee\/pood\/uncategorized\/biotiin-vege-90caps\/"},"modified":"2025-08-19T09:07:33","modified_gmt":"2025-08-19T07:07:33","slug":"biotiin-kapslid-vege-90caps","status":"publish","type":"product","link":"https:\/\/fit360.ee\/en\/pood\/product-groups\/%d0%b2%d0%b5%d0%b3%d0%b0%d0%bd\/vegan-capsules-en\/biotiin-kapslid-vege-90caps\/","title":{"rendered":"Biotiin Vege (90caps)"},"content":{"rendered":"<h1>BIOTIIN &#8211; Vegan kapsli kujul<\/h1>\n<p><b>Biotiin kapslid\u00a0<\/b> ehk <b>H-vitamiin<\/b> ehk <b>B<sub>7<\/sub>-vitamiin<\/b> ehk <b>B<sub>8<\/sub>-vitamiin<\/b> ehk <b>koens\u00fc\u00fcm R<\/b> on valdavalt endogeenne vesilahustuv B-r\u00fchma vitamiin, mis on mikrokogustes igap\u00e4evaselt vajalik nii pro- kui ka eukar\u00fcootsete organismide f\u00fcsioloogiliste protsesside normaalseks toimimiseks. Biotine on paljude bakterite jaoks asendamatu kasvufaktor. Vitamiin B7 ja selle isomeerid on ka bioaktiivsed biomikromolekulid ja asendamatud koens\u00fc\u00fcmid. Biotiini leidub paljudes taimsetes ja loomsetes toitainetes ning normaalse f\u00fcsioloogiaga loomadel toimub biotiinis\u00fcntees mikroorganismidekaudu soolestikus. Seda kasutatakse ka ravimipreparaatide, s\u00f6\u00f6dalisandite, vitamiinipreparaatide ja kosmeetikatoodete oluline koostisosa. Biotiin kapslid hoiavad korras ja tugevdavad Sinu juukseid, k\u00fc\u00fcsi ja nahka.<\/p>\n<p><strong>Biotiini<\/strong> on vaja:<\/p>\n<ul>\n<li>Rasvhapete ja gl\u00fckoosi s\u00fcnteesis ning osade aminohapete ainevahetuses,<\/li>\n<li>valkude, foolhappe, pantoteenhappe ja B<sub>12<\/sub>-vitamiini ainevahetuses.<\/li>\n<li>Hoiab korras ja tugevdab Sinu juukseid, k\u00fc\u00fcsi ja nahka<\/li>\n<\/ul>\n<p>Biotiini t\u00e4ielik puudumine (ka bioaktiivsuse minetanuna) toidus v\u00f5i kestev vaegus v\u00f5ib olla organismile kahjulik ja koguni ohtlik<\/p>\n<p><strong>Koostisosad<\/strong>: Maltodekstriin, kapsli kest (mahuaine: h\u00fcdroks\u00fcprop\u00fc\u00fclmet\u00fc\u00fcltselluloos), D-biotiin (biotiin).<\/p>\n<p><strong>Kasutamine<\/strong>: V\u00f5ta 1 kapsel p\u00e4evas veega.<\/p>\n<p><strong>Suurus<\/strong>: 90 <a href=\"https:\/\/fit360.ee\/en\/product-category\/product-groups\/vegan-en\/vegan-capsules-en\/\"><strong>vegan kapslid<\/strong><\/a><\/p>\n<table>\n<tbody>\n<tr>\n<td width=\"205\"><strong>Aktiivsed toimeained<\/strong><\/td>\n<td width=\"205\"><strong>1 tablett<\/strong><\/td>\n<td width=\"205\"><strong>%SPK<\/strong><\/td>\n<\/tr>\n<tr>\n<td width=\"205\">Biotiin<\/td>\n<td width=\"205\">2500\u00b5g<\/td>\n<td width=\"205\">5000%<\/td>\n<\/tr>\n<\/tbody>\n<\/table>\n<p>Vaata ka meie teisi Vitamiine ja Mineraale <a href=\"https:\/\/fit360.ee\/en\/product-category\/product-groups\/vitamins-and-minerals-en\/\"><strong>SIIT<\/strong><\/a> v\u00f5i Biotiine <a href=\"https:\/\/fit360.ee\/en\/product-category\/product-groups\/vitamins-and-minerals-en\/biotin-en\/\"><strong>SIIT<\/strong><\/a>!<\/p>\n<p>Soovid kaupa osta suuremas koguses? Vaata antud toodet ka meie HULGI poest\u00a0<a href=\"https:\/\/toidulisandidhulgi.ee\/product\/biotiin-vege-90caps\/\"><strong>SIIT<\/strong><\/a>!<\/p>\n","protected":false},"excerpt":{"rendered":"<h2><strong>Biotiini<\/strong> on vaja:<\/h2>\n<ul>\n<li>Rasvhapete ja gl\u00fckoosi s\u00fcnteesis ning osade aminohapete ainevahetuses,<\/li>\n<li>valkude, foolhappe, pantoteenhappe ja B<sub>12<\/sub>-vitamiini ainevahetuses.<\/li>\n<li>Hoiab korras ja tugevdab Sinu juukseid, k\u00fc\u00fcsi ja nahka<\/li>\n<\/ul>\n<p><strong>Biotiin<\/strong> on elutegevuseks oluline k\u00f5igile tuntud organismidele ning seda s\u00fcnteesivad taimed ja mikroorganismid, kuid loomadel, sh inimesel, on biotiini s\u00fcntees puudulik. Toidus leidub biotiini vabas v\u00f5i valguga seotud vormis.<\/p>\n<p>Biotiini puhul soovituslikud kogused puuduvad, kuid hinnanguline p\u00e4evane vajadus on orienteeruvalt 30 \u00b5g.<\/p>\n<p>Biotiini t\u00e4ielik puudumine (ka bioaktiivsuse minetanuna) toidus v\u00f5i kestev vaegus v\u00f5ib olla organismile kahjulik ja koguni ohtlik<\/p>\n<p>N\u00fc\u00fcd ka Vegan kapslites<\/p>\n","protected":false},"featured_media":84354,"comment_status":"open","ping_status":"closed","template":"","meta":[],"product_brand":[],"product_cat":[2251,2255,1329,1454,2664,536,1201],"product_tag":[2099,2153,1924],"giftcard-category":[],"class_list":{"0":"post-37354","1":"product","2":"type-product","3":"status-publish","4":"has-post-thumbnail","6":"product_cat-b-vitamin-en","7":"product_cat-biotin-en","8":"product_cat-ostrovit-en","9":"product_cat-superfoods-health-foods-en","10":"product_cat-vegan-capsules-en","11":"product_cat-vitamins-and-minerals-en","12":"product_cat-1201","13":"product_tag-biotiin-en","14":"product_tag-biotiin-kapslid-en","15":"product_tag-ostrovit-en","16":"pa_toidulisand-branddd-ostrovit","17":"pa_tootegruppp-b-vitamiin-en","18":"pa_tootegruppp-biotiin-en","19":"pa_tootegruppp-supertoit-tervisetoit-en","20":"pa_tootegruppp-vcaps-vegan-kapslid-en","21":"pa_tootegruppp-vegan-en","22":"pa_tootegruppp-vitamins-and-minerals","24":"first","25":"outofstock","26":"sale","27":"taxable","28":"shipping-taxable","29":"purchasable","30":"product-type-simple"},"yoast_head":"<!-- This site is optimized with the Yoast SEO plugin v27.3 - https:\/\/yoast.com\/product\/yoast-seo-wordpress\/ -->\n<title>Biotiin kapslid (vegan kapslid) - Biotiin - Biotiin juustele - Kiire tarne - Fit360<\/title>\n<meta name=\"description\" content=\"Biotiin kapslid - elutegevuseks vajalik k\u00f5igile organismidele. Biotiin hoiab korras ja tugevdab Sinu juukseid, k\u00fc\u00fcsi ja nahka. Kiire tarne!\" \/>\n<meta name=\"robots\" content=\"index, follow, max-snippet:-1, max-image-preview:large, max-video-preview:-1\" \/>\n<link rel=\"canonical\" href=\"https:\/\/fit360.ee\/en\/pood\/product-groups\/\u0432\u0435\u0433\u0430\u043d\/vegan-capsules-en\/biotiin-kapslid-vege-90caps\/\" \/>\n<meta property=\"og:locale\" content=\"en_US\" \/>\n<meta property=\"og:type\" content=\"article\" \/>\n<meta property=\"og:title\" content=\"Biotiin kapslid (vegan kapslid) - Biotiin - Biotiin juustele - Kiire tarne - Fit360\" \/>\n<meta property=\"og:description\" content=\"Biotiin kapslid - elutegevuseks vajalik k\u00f5igile organismidele. Biotiin hoiab korras ja tugevdab Sinu juukseid, k\u00fc\u00fcsi ja nahka. Kiire tarne!\" \/>\n<meta property=\"og:url\" content=\"https:\/\/fit360.ee\/en\/pood\/product-groups\/\u0432\u0435\u0433\u0430\u043d\/vegan-capsules-en\/biotiin-kapslid-vege-90caps\/\" \/>\n<meta property=\"og:site_name\" content=\"Fit360\" \/>\n<meta property=\"article:modified_time\" content=\"2025-08-19T07:07:33+00:00\" \/>\n<meta property=\"og:image\" content=\"https:\/\/fit360.ee\/wp-content\/uploads\/2020\/06\/Biotiin-kapslid-vegan-fit360.ee-1.png\" \/>\n\t<meta property=\"og:image:width\" content=\"450\" \/>\n\t<meta property=\"og:image:height\" content=\"450\" \/>\n\t<meta property=\"og:image:type\" content=\"image\/png\" \/>\n<meta name=\"twitter:card\" content=\"summary_large_image\" \/>\n<meta name=\"twitter:label1\" content=\"Est. reading time\" \/>\n\t<meta name=\"twitter:data1\" content=\"2 minutes\" \/>\n<script type=\"application\/ld+json\" class=\"yoast-schema-graph\">{\"@context\":\"https:\\\/\\\/schema.org\",\"@graph\":[{\"@type\":\"WebPage\",\"@id\":\"https:\\\/\\\/fit360.ee\\\/en\\\/pood\\\/product-groups\\\/%d0%b2%d0%b5%d0%b3%d0%b0%d0%bd\\\/vegan-capsules-en\\\/biotiin-kapslid-vege-90caps\\\/\",\"url\":\"https:\\\/\\\/fit360.ee\\\/en\\\/pood\\\/product-groups\\\/%d0%b2%d0%b5%d0%b3%d0%b0%d0%bd\\\/vegan-capsules-en\\\/biotiin-kapslid-vege-90caps\\\/\",\"name\":\"Biotiin kapslid (vegan kapslid) - Biotiin - Biotiin juustele - Kiire tarne - Fit360\",\"isPartOf\":{\"@id\":\"https:\\\/\\\/fit360.ee\\\/en\\\/#website\"},\"primaryImageOfPage\":{\"@id\":\"https:\\\/\\\/fit360.ee\\\/en\\\/pood\\\/product-groups\\\/%d0%b2%d0%b5%d0%b3%d0%b0%d0%bd\\\/vegan-capsules-en\\\/biotiin-kapslid-vege-90caps\\\/#primaryimage\"},\"image\":{\"@id\":\"https:\\\/\\\/fit360.ee\\\/en\\\/pood\\\/product-groups\\\/%d0%b2%d0%b5%d0%b3%d0%b0%d0%bd\\\/vegan-capsules-en\\\/biotiin-kapslid-vege-90caps\\\/#primaryimage\"},\"thumbnailUrl\":\"https:\\\/\\\/fit360.ee\\\/wp-content\\\/uploads\\\/2020\\\/06\\\/Biotiin-kapslid-vegan-fit360.ee-1.png\",\"datePublished\":\"2020-06-12T17:10:14+00:00\",\"dateModified\":\"2025-08-19T07:07:33+00:00\",\"description\":\"Biotiin kapslid - elutegevuseks vajalik k\u00f5igile organismidele. Biotiin hoiab korras ja tugevdab Sinu juukseid, k\u00fc\u00fcsi ja nahka. Kiire tarne!\",\"breadcrumb\":{\"@id\":\"https:\\\/\\\/fit360.ee\\\/en\\\/pood\\\/product-groups\\\/%d0%b2%d0%b5%d0%b3%d0%b0%d0%bd\\\/vegan-capsules-en\\\/biotiin-kapslid-vege-90caps\\\/#breadcrumb\"},\"inLanguage\":\"en-US\",\"potentialAction\":[{\"@type\":\"ReadAction\",\"target\":[\"https:\\\/\\\/fit360.ee\\\/en\\\/pood\\\/product-groups\\\/%d0%b2%d0%b5%d0%b3%d0%b0%d0%bd\\\/vegan-capsules-en\\\/biotiin-kapslid-vege-90caps\\\/\"]}]},{\"@type\":\"ImageObject\",\"inLanguage\":\"en-US\",\"@id\":\"https:\\\/\\\/fit360.ee\\\/en\\\/pood\\\/product-groups\\\/%d0%b2%d0%b5%d0%b3%d0%b0%d0%bd\\\/vegan-capsules-en\\\/biotiin-kapslid-vege-90caps\\\/#primaryimage\",\"url\":\"https:\\\/\\\/fit360.ee\\\/wp-content\\\/uploads\\\/2020\\\/06\\\/Biotiin-kapslid-vegan-fit360.ee-1.png\",\"contentUrl\":\"https:\\\/\\\/fit360.ee\\\/wp-content\\\/uploads\\\/2020\\\/06\\\/Biotiin-kapslid-vegan-fit360.ee-1.png\",\"width\":450,\"height\":450,\"caption\":\"Biotiin kapslid vegan - fit360.ee\"},{\"@type\":\"BreadcrumbList\",\"@id\":\"https:\\\/\\\/fit360.ee\\\/en\\\/pood\\\/product-groups\\\/%d0%b2%d0%b5%d0%b3%d0%b0%d0%bd\\\/vegan-capsules-en\\\/biotiin-kapslid-vege-90caps\\\/#breadcrumb\",\"itemListElement\":[{\"@type\":\"ListItem\",\"position\":1,\"name\":\"Home\",\"item\":\"https:\\\/\\\/fit360.ee\\\/en\\\/\"},{\"@type\":\"ListItem\",\"position\":2,\"name\":\"Shop\",\"item\":\"https:\\\/\\\/fit360.ee\\\/en\\\/shop\\\/\"},{\"@type\":\"ListItem\",\"position\":3,\"name\":\"Biotiin Vege (90caps)\"}]},{\"@type\":\"WebSite\",\"@id\":\"https:\\\/\\\/fit360.ee\\\/en\\\/#website\",\"url\":\"https:\\\/\\\/fit360.ee\\\/en\\\/\",\"name\":\"Fit360\",\"description\":\"\",\"publisher\":{\"@id\":\"https:\\\/\\\/fit360.ee\\\/en\\\/#organization\"},\"potentialAction\":[{\"@type\":\"SearchAction\",\"target\":{\"@type\":\"EntryPoint\",\"urlTemplate\":\"https:\\\/\\\/fit360.ee\\\/en\\\/?s={search_term_string}\"},\"query-input\":{\"@type\":\"PropertyValueSpecification\",\"valueRequired\":true,\"valueName\":\"search_term_string\"}}],\"inLanguage\":\"en-US\"},{\"@type\":\"Organization\",\"@id\":\"https:\\\/\\\/fit360.ee\\\/en\\\/#organization\",\"name\":\"Fit360\",\"url\":\"https:\\\/\\\/fit360.ee\\\/en\\\/\",\"logo\":{\"@type\":\"ImageObject\",\"inLanguage\":\"en-US\",\"@id\":\"https:\\\/\\\/fit360.ee\\\/en\\\/#\\\/schema\\\/logo\\\/image\\\/\",\"url\":\"https:\\\/\\\/fit360.ee\\\/wp-content\\\/uploads\\\/2017\\\/01\\\/logo-fit360.png\",\"contentUrl\":\"https:\\\/\\\/fit360.ee\\\/wp-content\\\/uploads\\\/2017\\\/01\\\/logo-fit360.png\",\"width\":180,\"height\":66,\"caption\":\"Fit360\"},\"image\":{\"@id\":\"https:\\\/\\\/fit360.ee\\\/en\\\/#\\\/schema\\\/logo\\\/image\\\/\"}}]}<\/script>\n<!-- \/ Yoast SEO plugin. -->","yoast_head_json":{"title":"Biotiin kapslid (vegan kapslid) - Biotiin - Biotiin juustele - Kiire tarne - Fit360","description":"Biotiin kapslid - elutegevuseks vajalik k\u00f5igile organismidele. Biotiin hoiab korras ja tugevdab Sinu juukseid, k\u00fc\u00fcsi ja nahka. Kiire tarne!","robots":{"index":"index","follow":"follow","max-snippet":"max-snippet:-1","max-image-preview":"max-image-preview:large","max-video-preview":"max-video-preview:-1"},"canonical":"https:\/\/fit360.ee\/en\/pood\/product-groups\/\u0432\u0435\u0433\u0430\u043d\/vegan-capsules-en\/biotiin-kapslid-vege-90caps\/","og_locale":"en_US","og_type":"article","og_title":"Biotiin kapslid (vegan kapslid) - Biotiin - Biotiin juustele - Kiire tarne - Fit360","og_description":"Biotiin kapslid - elutegevuseks vajalik k\u00f5igile organismidele. Biotiin hoiab korras ja tugevdab Sinu juukseid, k\u00fc\u00fcsi ja nahka. Kiire tarne!","og_url":"https:\/\/fit360.ee\/en\/pood\/product-groups\/\u0432\u0435\u0433\u0430\u043d\/vegan-capsules-en\/biotiin-kapslid-vege-90caps\/","og_site_name":"Fit360","article_modified_time":"2025-08-19T07:07:33+00:00","og_image":[{"width":450,"height":450,"url":"https:\/\/fit360.ee\/wp-content\/uploads\/2020\/06\/Biotiin-kapslid-vegan-fit360.ee-1.png","type":"image\/png"}],"twitter_card":"summary_large_image","twitter_misc":{"Est. reading time":"2 minutes"},"schema":{"@context":"https:\/\/schema.org","@graph":[{"@type":"WebPage","@id":"https:\/\/fit360.ee\/en\/pood\/product-groups\/%d0%b2%d0%b5%d0%b3%d0%b0%d0%bd\/vegan-capsules-en\/biotiin-kapslid-vege-90caps\/","url":"https:\/\/fit360.ee\/en\/pood\/product-groups\/%d0%b2%d0%b5%d0%b3%d0%b0%d0%bd\/vegan-capsules-en\/biotiin-kapslid-vege-90caps\/","name":"Biotiin kapslid (vegan kapslid) - Biotiin - Biotiin juustele - Kiire tarne - Fit360","isPartOf":{"@id":"https:\/\/fit360.ee\/en\/#website"},"primaryImageOfPage":{"@id":"https:\/\/fit360.ee\/en\/pood\/product-groups\/%d0%b2%d0%b5%d0%b3%d0%b0%d0%bd\/vegan-capsules-en\/biotiin-kapslid-vege-90caps\/#primaryimage"},"image":{"@id":"https:\/\/fit360.ee\/en\/pood\/product-groups\/%d0%b2%d0%b5%d0%b3%d0%b0%d0%bd\/vegan-capsules-en\/biotiin-kapslid-vege-90caps\/#primaryimage"},"thumbnailUrl":"https:\/\/fit360.ee\/wp-content\/uploads\/2020\/06\/Biotiin-kapslid-vegan-fit360.ee-1.png","datePublished":"2020-06-12T17:10:14+00:00","dateModified":"2025-08-19T07:07:33+00:00","description":"Biotiin kapslid - elutegevuseks vajalik k\u00f5igile organismidele. Biotiin hoiab korras ja tugevdab Sinu juukseid, k\u00fc\u00fcsi ja nahka. Kiire tarne!","breadcrumb":{"@id":"https:\/\/fit360.ee\/en\/pood\/product-groups\/%d0%b2%d0%b5%d0%b3%d0%b0%d0%bd\/vegan-capsules-en\/biotiin-kapslid-vege-90caps\/#breadcrumb"},"inLanguage":"en-US","potentialAction":[{"@type":"ReadAction","target":["https:\/\/fit360.ee\/en\/pood\/product-groups\/%d0%b2%d0%b5%d0%b3%d0%b0%d0%bd\/vegan-capsules-en\/biotiin-kapslid-vege-90caps\/"]}]},{"@type":"ImageObject","inLanguage":"en-US","@id":"https:\/\/fit360.ee\/en\/pood\/product-groups\/%d0%b2%d0%b5%d0%b3%d0%b0%d0%bd\/vegan-capsules-en\/biotiin-kapslid-vege-90caps\/#primaryimage","url":"https:\/\/fit360.ee\/wp-content\/uploads\/2020\/06\/Biotiin-kapslid-vegan-fit360.ee-1.png","contentUrl":"https:\/\/fit360.ee\/wp-content\/uploads\/2020\/06\/Biotiin-kapslid-vegan-fit360.ee-1.png","width":450,"height":450,"caption":"Biotiin kapslid vegan - fit360.ee"},{"@type":"BreadcrumbList","@id":"https:\/\/fit360.ee\/en\/pood\/product-groups\/%d0%b2%d0%b5%d0%b3%d0%b0%d0%bd\/vegan-capsules-en\/biotiin-kapslid-vege-90caps\/#breadcrumb","itemListElement":[{"@type":"ListItem","position":1,"name":"Home","item":"https:\/\/fit360.ee\/en\/"},{"@type":"ListItem","position":2,"name":"Shop","item":"https:\/\/fit360.ee\/en\/shop\/"},{"@type":"ListItem","position":3,"name":"Biotiin Vege (90caps)"}]},{"@type":"WebSite","@id":"https:\/\/fit360.ee\/en\/#website","url":"https:\/\/fit360.ee\/en\/","name":"Fit360","description":"","publisher":{"@id":"https:\/\/fit360.ee\/en\/#organization"},"potentialAction":[{"@type":"SearchAction","target":{"@type":"EntryPoint","urlTemplate":"https:\/\/fit360.ee\/en\/?s={search_term_string}"},"query-input":{"@type":"PropertyValueSpecification","valueRequired":true,"valueName":"search_term_string"}}],"inLanguage":"en-US"},{"@type":"Organization","@id":"https:\/\/fit360.ee\/en\/#organization","name":"Fit360","url":"https:\/\/fit360.ee\/en\/","logo":{"@type":"ImageObject","inLanguage":"en-US","@id":"https:\/\/fit360.ee\/en\/#\/schema\/logo\/image\/","url":"https:\/\/fit360.ee\/wp-content\/uploads\/2017\/01\/logo-fit360.png","contentUrl":"https:\/\/fit360.ee\/wp-content\/uploads\/2017\/01\/logo-fit360.png","width":180,"height":66,"caption":"Fit360"},"image":{"@id":"https:\/\/fit360.ee\/en\/#\/schema\/logo\/image\/"}}]}},"_links":{"self":[{"href":"https:\/\/fit360.ee\/en\/wp-json\/wp\/v2\/product\/37354","targetHints":{"allow":["GET"]}}],"collection":[{"href":"https:\/\/fit360.ee\/en\/wp-json\/wp\/v2\/product"}],"about":[{"href":"https:\/\/fit360.ee\/en\/wp-json\/wp\/v2\/types\/product"}],"replies":[{"embeddable":true,"href":"https:\/\/fit360.ee\/en\/wp-json\/wp\/v2\/comments?post=37354"}],"wp:featuredmedia":[{"embeddable":true,"href":"https:\/\/fit360.ee\/en\/wp-json\/wp\/v2\/media\/84354"}],"wp:attachment":[{"href":"https:\/\/fit360.ee\/en\/wp-json\/wp\/v2\/media?parent=37354"}],"wp:term":[{"taxonomy":"product_brand","embeddable":true,"href":"https:\/\/fit360.ee\/en\/wp-json\/wp\/v2\/product_brand?post=37354"},{"taxonomy":"product_cat","embeddable":true,"href":"https:\/\/fit360.ee\/en\/wp-json\/wp\/v2\/product_cat?post=37354"},{"taxonomy":"product_tag","embeddable":true,"href":"https:\/\/fit360.ee\/en\/wp-json\/wp\/v2\/product_tag?post=37354"},{"taxonomy":"giftcard-category","embeddable":true,"href":"https:\/\/fit360.ee\/en\/wp-json\/wp\/v2\/giftcard-category?post=37354"}],"curies":[{"name":"wp","href":"https:\/\/api.w.org\/{rel}","templated":true}]}}