{"id":37368,"date":"2020-06-12T19:52:08","date_gmt":"2020-06-12T17:52:08","guid":{"rendered":"https:\/\/fit360.ee\/pood\/uncategorized\/swanson-vitamiin-b-12-250caps\/"},"modified":"2025-08-13T07:37:44","modified_gmt":"2025-08-13T05:37:44","slug":"swanson-vitamiin-b-12-100caps","status":"publish","type":"product","link":"https:\/\/fit360.ee\/en\/pood\/product-groups\/vitamins-and-minerals-en\/b-vitamin-en\/swanson-vitamiin-b-12-100caps\/","title":{"rendered":"Swanson Vitamiin B-12 (100caps)"},"content":{"rendered":"<h1><strong>B-12 Vitamiin<\/strong><\/h1>\n<h4><strong>B-12 vitamiini aitab<\/strong>:<\/h4>\n<ul>\n<li>aminohapete ainevahetust reguleeridanormaalseks ainevahetuseks,<\/li>\n<li>erinevaid aneemiaid ennetada (nt er\u00fctrots\u00fc\u00fctide valmimise protsessiks koos folaatidega),<\/li>\n<li>n\u00e4rvikoe normaalselt areneda<\/li>\n<\/ul>\n<p><strong>B12-vitamiini<\/strong> puudused v\u00f5ivad ilmneda alles 5-7 aasta p\u00e4rast.\u00a0 Puuduj\u00e4\u00e4k v\u00f5ib esineda ebapiisava imendumise puhul ja taimetoitlastel. <strong>B12-vitamiini<\/strong> toodetakse mingil m\u00e4\u00e4ral ka organismi mikrofloora poolt, selle omastumine organismis on k\u00fcsitav. Samuti on teada vetikatest tehtud spirulina, mis sisaldab <strong>B12-vitamiini<\/strong> erinevaid vorme, mis kahjuks ei ole organismis aktiivsed.<\/p>\n<p><strong>Taimetoitlased<\/strong>, kes ei tarbi \u00fcldse loomse p\u00e4ritoluga toite, vajavad seet\u00f5ttu <strong>B12-vitamiini<\/strong> toidulisandina. M\u00f5ned taimep\u00f5hised piimaasendajad (nt sojajook, kaerajook ja riisijook) v\u00f5ivad olla B12-vitamiiniga rikastatud ning olla seet\u00f5ttu veganite men\u00fc\u00fcs olulisteks B12-vitamiini allikateks. B12-vitamiini puuduse kliinilised s\u00fcmptomid kujunevad \u00fcldiselt v\u00e4lja alles p\u00e4rast mitmeid aastaid kestnud puudulikku toitumuslikku tarbimist v\u00f5i v\u00e4henenud imendumist. B12-vitamiini piisav saamine on \u00e4\u00e4rmiselt oluline normaalseks vereloomeks ja neuroloogiliseks talitluseks. Vitamiini puudus toob seljaaju, aju ning optilise ja perifeersete n\u00e4rvide mandumise t\u00f5ttu kaasa makrots\u00fc\u00fctilise, megaloblastilise aneemia ja\/v\u00f5i neuroloogilised s\u00fcmptomid.<\/p>\n<p><strong>Kasutamine<\/strong>: V\u00f5ta 1-2 kapslit p\u00e4evas koos veega<\/p>\n<p><strong>Suurus<\/strong>: 100 kapslit<\/p>\n<p><strong>Teised koostisosad<\/strong>: riisijahu, \u017eelatiin (kapsli \u00fcmbris)<\/p>\n<table width=\"322\">\n<tbody>\n<tr>\n<td width=\"127\"><strong>Toimeaine<\/strong><\/td>\n<td width=\"93\"><strong>1 kapsel<\/strong><\/td>\n<td width=\"94\"><strong>SPK %<\/strong><\/td>\n<\/tr>\n<tr>\n<td width=\"127\">Vitamiin B12<\/td>\n<td width=\"93\">500\u03bcg<\/td>\n<td width=\"94\">20833%<\/td>\n<\/tr>\n<\/tbody>\n<\/table>\n<p>SPK &#8211; Soovitatud p\u00e4evane kogus.<\/p>\n<p>Soovid kaupa osta suuremas koguses? Vaata antud toodet ka meie HULGI poest\u00a0<a href=\"https:\/\/toidulisandidhulgi.ee\/product\/swanson-vitamiin-b-12-250caps\/\"><strong>SIIT<\/strong><\/a>!<\/p>\n","protected":false},"excerpt":{"rendered":"<h4><strong>B-12 vitamiini aitab<\/strong>:<\/h4>\n<ul>\n<li>aminohapete ainevahetust reguleeridanormaalseks ainevahetuseks,<\/li>\n<li>erinevaid aneemiaid ennetada (nt er\u00fctrots\u00fc\u00fctide valmimise protsessiks koos folaatidega),<\/li>\n<li>n\u00e4rvikoe normaalselt areneda<\/li>\n<\/ul>\n<p><strong>B12-vitamiini<\/strong> puudused v\u00f5ivad ilmneda alles 5-7 aasta p\u00e4rast.\u00a0 Puuduj\u00e4\u00e4k v\u00f5ib esineda ebapiisava imendumise puhul ja taimetoitlastel. <strong>B12-vitamiini<\/strong> toodetakse mingil m\u00e4\u00e4ral ka organismi mikrofloora poolt, selle omastumine organismis on k\u00fcsitav. Samuti on teada vetikatest tehtud spirulina, mis sisaldab <strong>B12-vitamiini<\/strong> erinevaid vorme, mis kahjuks ei ole organismis aktiivsed.<\/p>\n<p><strong>Taimetoitlased<\/strong>, kes ei tarbi \u00fcldse loomse p\u00e4ritoluga toite, vajavad seet\u00f5ttu <strong>B12-vitamiini<\/strong> toidulisandina. M\u00f5ned taimep\u00f5hised piimaasendajad (nt sojajook, kaerajook ja riisijook) v\u00f5ivad olla B12-vitamiiniga rikastatud ning olla seet\u00f5ttu veganite men\u00fc\u00fcs olulisteks B12-vitamiini allikateks. B12-vitamiini puuduse kliinilised s\u00fcmptomid kujunevad \u00fcldiselt v\u00e4lja alles p\u00e4rast mitmeid aastaid kestnud puudulikku toitumuslikku tarbimist v\u00f5i v\u00e4henenud imendumist. B12-vitamiini piisav saamine on \u00e4\u00e4rmiselt oluline normaalseks vereloomeks ja neuroloogiliseks talitluseks. Vitamiini puudus toob seljaaju, aju ning optilise ja perifeersete n\u00e4rvide mandumise t\u00f5ttu kaasa makrots\u00fc\u00fctilise, megaloblastilise aneemia ja\/v\u00f5i neuroloogilised s\u00fcmptomid.<\/p>\n","protected":false},"featured_media":37367,"comment_status":"open","ping_status":"closed","template":"","meta":[],"product_brand":[],"product_cat":[2251,1651,536],"product_tag":[],"giftcard-category":[],"class_list":{"0":"post-37368","1":"product","2":"type-product","3":"status-publish","4":"has-post-thumbnail","6":"product_cat-b-vitamin-en","7":"product_cat-swanson-en","8":"product_cat-vitamins-and-minerals-en","9":"pa_toidulisand-branddd-swanson","10":"pa_tootegruppp-b-vitamiin-en","11":"pa_tootegruppp-vitamins-and-minerals","13":"first","14":"instock","15":"sale","16":"taxable","17":"shipping-taxable","18":"purchasable","19":"product-type-simple"},"yoast_head":"<!-- This site is optimized with the Yoast SEO plugin v27.3 - https:\/\/yoast.com\/product\/yoast-seo-wordpress\/ -->\n<title>Swanson Vitamiin B-12 (100caps) - Fit360<\/title>\n<meta name=\"robots\" content=\"index, follow, max-snippet:-1, max-image-preview:large, max-video-preview:-1\" \/>\n<link rel=\"canonical\" href=\"https:\/\/fit360.ee\/en\/pood\/product-groups\/vitamins-and-minerals-en\/b-vitamin-en\/swanson-vitamiin-b-12-100caps\/\" \/>\n<meta property=\"og:locale\" content=\"en_US\" \/>\n<meta property=\"og:type\" content=\"article\" \/>\n<meta property=\"og:title\" content=\"Swanson Vitamiin B-12 (100caps) - Fit360\" \/>\n<meta property=\"og:description\" content=\"B-12 vitamiini aitab:   aminohapete ainevahetust reguleeridanormaalseks ainevahetuseks,  erinevaid aneemiaid ennetada (nt er\u00fctrots\u00fc\u00fctide valmimise protsessiks koos folaatidega),  n\u00e4rvikoe normaalselt areneda  B12-vitamiini puudused v\u00f5ivad ilmneda alles 5-7 aasta p\u00e4rast.\u00a0 Puuduj\u00e4\u00e4k v\u00f5ib esineda ebapiisava imendumise puhul ja taimetoitlastel. B12-vitamiini toodetakse mingil m\u00e4\u00e4ral ka organismi mikrofloora poolt, selle omastumine organismis on k\u00fcsitav. Samuti on teada vetikatest tehtud spirulina, mis sisaldab B12-vitamiini erinevaid vorme, mis kahjuks ei ole organismis aktiivsed.  Taimetoitlased, kes ei tarbi \u00fcldse loomse p\u00e4ritoluga toite, vajavad seet\u00f5ttu B12-vitamiini toidulisandina. M\u00f5ned taimep\u00f5hised piimaasendajad (nt sojajook, kaerajook ja riisijook) v\u00f5ivad olla B12-vitamiiniga rikastatud ning olla seet\u00f5ttu veganite men\u00fc\u00fcs olulisteks B12-vitamiini allikateks. B12-vitamiini puuduse kliinilised s\u00fcmptomid kujunevad \u00fcldiselt v\u00e4lja alles p\u00e4rast mitmeid aastaid kestnud puudulikku toitumuslikku tarbimist v\u00f5i v\u00e4henenud imendumist. B12-vitamiini piisav saamine on \u00e4\u00e4rmiselt oluline normaalseks vereloomeks ja neuroloogiliseks talitluseks. Vitamiini puudus toob seljaaju, aju ning optilise ja perifeersete n\u00e4rvide mandumise t\u00f5ttu kaasa makrots\u00fc\u00fctilise, megaloblastilise aneemia ja\/v\u00f5i neuroloogilised s\u00fcmptomid.\" \/>\n<meta property=\"og:url\" content=\"https:\/\/fit360.ee\/en\/pood\/product-groups\/vitamins-and-minerals-en\/b-vitamin-en\/swanson-vitamiin-b-12-100caps\/\" \/>\n<meta property=\"og:site_name\" content=\"Fit360\" \/>\n<meta property=\"article:modified_time\" content=\"2025-08-13T05:37:44+00:00\" \/>\n<meta property=\"og:image\" content=\"https:\/\/fit360.ee\/wp-content\/uploads\/2020\/06\/swanson-vitamin-b-12-500mcg-250-kapslit.jpg\" \/>\n\t<meta property=\"og:image:width\" content=\"458\" \/>\n\t<meta property=\"og:image:height\" content=\"458\" \/>\n\t<meta property=\"og:image:type\" content=\"image\/jpeg\" \/>\n<meta name=\"twitter:card\" content=\"summary_large_image\" \/>\n<meta name=\"twitter:label1\" content=\"Est. reading time\" \/>\n\t<meta name=\"twitter:data1\" content=\"2 minutes\" \/>\n<script type=\"application\/ld+json\" class=\"yoast-schema-graph\">{\"@context\":\"https:\\\/\\\/schema.org\",\"@graph\":[{\"@type\":\"WebPage\",\"@id\":\"https:\\\/\\\/fit360.ee\\\/en\\\/pood\\\/product-groups\\\/vitamins-and-minerals-en\\\/b-vitamin-en\\\/swanson-vitamiin-b-12-100caps\\\/\",\"url\":\"https:\\\/\\\/fit360.ee\\\/en\\\/pood\\\/product-groups\\\/vitamins-and-minerals-en\\\/b-vitamin-en\\\/swanson-vitamiin-b-12-100caps\\\/\",\"name\":\"Swanson Vitamiin B-12 (100caps) - Fit360\",\"isPartOf\":{\"@id\":\"https:\\\/\\\/fit360.ee\\\/en\\\/#website\"},\"primaryImageOfPage\":{\"@id\":\"https:\\\/\\\/fit360.ee\\\/en\\\/pood\\\/product-groups\\\/vitamins-and-minerals-en\\\/b-vitamin-en\\\/swanson-vitamiin-b-12-100caps\\\/#primaryimage\"},\"image\":{\"@id\":\"https:\\\/\\\/fit360.ee\\\/en\\\/pood\\\/product-groups\\\/vitamins-and-minerals-en\\\/b-vitamin-en\\\/swanson-vitamiin-b-12-100caps\\\/#primaryimage\"},\"thumbnailUrl\":\"https:\\\/\\\/fit360.ee\\\/wp-content\\\/uploads\\\/2020\\\/06\\\/swanson-vitamin-b-12-500mcg-250-kapslit.jpg\",\"datePublished\":\"2020-06-12T17:52:08+00:00\",\"dateModified\":\"2025-08-13T05:37:44+00:00\",\"breadcrumb\":{\"@id\":\"https:\\\/\\\/fit360.ee\\\/en\\\/pood\\\/product-groups\\\/vitamins-and-minerals-en\\\/b-vitamin-en\\\/swanson-vitamiin-b-12-100caps\\\/#breadcrumb\"},\"inLanguage\":\"en-US\",\"potentialAction\":[{\"@type\":\"ReadAction\",\"target\":[\"https:\\\/\\\/fit360.ee\\\/en\\\/pood\\\/product-groups\\\/vitamins-and-minerals-en\\\/b-vitamin-en\\\/swanson-vitamiin-b-12-100caps\\\/\"]}]},{\"@type\":\"ImageObject\",\"inLanguage\":\"en-US\",\"@id\":\"https:\\\/\\\/fit360.ee\\\/en\\\/pood\\\/product-groups\\\/vitamins-and-minerals-en\\\/b-vitamin-en\\\/swanson-vitamiin-b-12-100caps\\\/#primaryimage\",\"url\":\"https:\\\/\\\/fit360.ee\\\/wp-content\\\/uploads\\\/2020\\\/06\\\/swanson-vitamin-b-12-500mcg-250-kapslit.jpg\",\"contentUrl\":\"https:\\\/\\\/fit360.ee\\\/wp-content\\\/uploads\\\/2020\\\/06\\\/swanson-vitamin-b-12-500mcg-250-kapslit.jpg\",\"width\":458,\"height\":458},{\"@type\":\"BreadcrumbList\",\"@id\":\"https:\\\/\\\/fit360.ee\\\/en\\\/pood\\\/product-groups\\\/vitamins-and-minerals-en\\\/b-vitamin-en\\\/swanson-vitamiin-b-12-100caps\\\/#breadcrumb\",\"itemListElement\":[{\"@type\":\"ListItem\",\"position\":1,\"name\":\"Home\",\"item\":\"https:\\\/\\\/fit360.ee\\\/en\\\/\"},{\"@type\":\"ListItem\",\"position\":2,\"name\":\"Shop\",\"item\":\"https:\\\/\\\/fit360.ee\\\/en\\\/shop\\\/\"},{\"@type\":\"ListItem\",\"position\":3,\"name\":\"Swanson Vitamiin B-12 (100caps)\"}]},{\"@type\":\"WebSite\",\"@id\":\"https:\\\/\\\/fit360.ee\\\/en\\\/#website\",\"url\":\"https:\\\/\\\/fit360.ee\\\/en\\\/\",\"name\":\"Fit360\",\"description\":\"\",\"publisher\":{\"@id\":\"https:\\\/\\\/fit360.ee\\\/en\\\/#organization\"},\"potentialAction\":[{\"@type\":\"SearchAction\",\"target\":{\"@type\":\"EntryPoint\",\"urlTemplate\":\"https:\\\/\\\/fit360.ee\\\/en\\\/?s={search_term_string}\"},\"query-input\":{\"@type\":\"PropertyValueSpecification\",\"valueRequired\":true,\"valueName\":\"search_term_string\"}}],\"inLanguage\":\"en-US\"},{\"@type\":\"Organization\",\"@id\":\"https:\\\/\\\/fit360.ee\\\/en\\\/#organization\",\"name\":\"Fit360\",\"url\":\"https:\\\/\\\/fit360.ee\\\/en\\\/\",\"logo\":{\"@type\":\"ImageObject\",\"inLanguage\":\"en-US\",\"@id\":\"https:\\\/\\\/fit360.ee\\\/en\\\/#\\\/schema\\\/logo\\\/image\\\/\",\"url\":\"https:\\\/\\\/fit360.ee\\\/wp-content\\\/uploads\\\/2017\\\/01\\\/logo-fit360.png\",\"contentUrl\":\"https:\\\/\\\/fit360.ee\\\/wp-content\\\/uploads\\\/2017\\\/01\\\/logo-fit360.png\",\"width\":180,\"height\":66,\"caption\":\"Fit360\"},\"image\":{\"@id\":\"https:\\\/\\\/fit360.ee\\\/en\\\/#\\\/schema\\\/logo\\\/image\\\/\"}}]}<\/script>\n<!-- \/ Yoast SEO plugin. -->","yoast_head_json":{"title":"Swanson Vitamiin B-12 (100caps) - Fit360","robots":{"index":"index","follow":"follow","max-snippet":"max-snippet:-1","max-image-preview":"max-image-preview:large","max-video-preview":"max-video-preview:-1"},"canonical":"https:\/\/fit360.ee\/en\/pood\/product-groups\/vitamins-and-minerals-en\/b-vitamin-en\/swanson-vitamiin-b-12-100caps\/","og_locale":"en_US","og_type":"article","og_title":"Swanson Vitamiin B-12 (100caps) - Fit360","og_description":"B-12 vitamiini aitab:   aminohapete ainevahetust reguleeridanormaalseks ainevahetuseks,  erinevaid aneemiaid ennetada (nt er\u00fctrots\u00fc\u00fctide valmimise protsessiks koos folaatidega),  n\u00e4rvikoe normaalselt areneda  B12-vitamiini puudused v\u00f5ivad ilmneda alles 5-7 aasta p\u00e4rast.\u00a0 Puuduj\u00e4\u00e4k v\u00f5ib esineda ebapiisava imendumise puhul ja taimetoitlastel. B12-vitamiini toodetakse mingil m\u00e4\u00e4ral ka organismi mikrofloora poolt, selle omastumine organismis on k\u00fcsitav. Samuti on teada vetikatest tehtud spirulina, mis sisaldab B12-vitamiini erinevaid vorme, mis kahjuks ei ole organismis aktiivsed.  Taimetoitlased, kes ei tarbi \u00fcldse loomse p\u00e4ritoluga toite, vajavad seet\u00f5ttu B12-vitamiini toidulisandina. M\u00f5ned taimep\u00f5hised piimaasendajad (nt sojajook, kaerajook ja riisijook) v\u00f5ivad olla B12-vitamiiniga rikastatud ning olla seet\u00f5ttu veganite men\u00fc\u00fcs olulisteks B12-vitamiini allikateks. B12-vitamiini puuduse kliinilised s\u00fcmptomid kujunevad \u00fcldiselt v\u00e4lja alles p\u00e4rast mitmeid aastaid kestnud puudulikku toitumuslikku tarbimist v\u00f5i v\u00e4henenud imendumist. B12-vitamiini piisav saamine on \u00e4\u00e4rmiselt oluline normaalseks vereloomeks ja neuroloogiliseks talitluseks. Vitamiini puudus toob seljaaju, aju ning optilise ja perifeersete n\u00e4rvide mandumise t\u00f5ttu kaasa makrots\u00fc\u00fctilise, megaloblastilise aneemia ja\/v\u00f5i neuroloogilised s\u00fcmptomid.","og_url":"https:\/\/fit360.ee\/en\/pood\/product-groups\/vitamins-and-minerals-en\/b-vitamin-en\/swanson-vitamiin-b-12-100caps\/","og_site_name":"Fit360","article_modified_time":"2025-08-13T05:37:44+00:00","og_image":[{"width":458,"height":458,"url":"https:\/\/fit360.ee\/wp-content\/uploads\/2020\/06\/swanson-vitamin-b-12-500mcg-250-kapslit.jpg","type":"image\/jpeg"}],"twitter_card":"summary_large_image","twitter_misc":{"Est. reading time":"2 minutes"},"schema":{"@context":"https:\/\/schema.org","@graph":[{"@type":"WebPage","@id":"https:\/\/fit360.ee\/en\/pood\/product-groups\/vitamins-and-minerals-en\/b-vitamin-en\/swanson-vitamiin-b-12-100caps\/","url":"https:\/\/fit360.ee\/en\/pood\/product-groups\/vitamins-and-minerals-en\/b-vitamin-en\/swanson-vitamiin-b-12-100caps\/","name":"Swanson Vitamiin B-12 (100caps) - Fit360","isPartOf":{"@id":"https:\/\/fit360.ee\/en\/#website"},"primaryImageOfPage":{"@id":"https:\/\/fit360.ee\/en\/pood\/product-groups\/vitamins-and-minerals-en\/b-vitamin-en\/swanson-vitamiin-b-12-100caps\/#primaryimage"},"image":{"@id":"https:\/\/fit360.ee\/en\/pood\/product-groups\/vitamins-and-minerals-en\/b-vitamin-en\/swanson-vitamiin-b-12-100caps\/#primaryimage"},"thumbnailUrl":"https:\/\/fit360.ee\/wp-content\/uploads\/2020\/06\/swanson-vitamin-b-12-500mcg-250-kapslit.jpg","datePublished":"2020-06-12T17:52:08+00:00","dateModified":"2025-08-13T05:37:44+00:00","breadcrumb":{"@id":"https:\/\/fit360.ee\/en\/pood\/product-groups\/vitamins-and-minerals-en\/b-vitamin-en\/swanson-vitamiin-b-12-100caps\/#breadcrumb"},"inLanguage":"en-US","potentialAction":[{"@type":"ReadAction","target":["https:\/\/fit360.ee\/en\/pood\/product-groups\/vitamins-and-minerals-en\/b-vitamin-en\/swanson-vitamiin-b-12-100caps\/"]}]},{"@type":"ImageObject","inLanguage":"en-US","@id":"https:\/\/fit360.ee\/en\/pood\/product-groups\/vitamins-and-minerals-en\/b-vitamin-en\/swanson-vitamiin-b-12-100caps\/#primaryimage","url":"https:\/\/fit360.ee\/wp-content\/uploads\/2020\/06\/swanson-vitamin-b-12-500mcg-250-kapslit.jpg","contentUrl":"https:\/\/fit360.ee\/wp-content\/uploads\/2020\/06\/swanson-vitamin-b-12-500mcg-250-kapslit.jpg","width":458,"height":458},{"@type":"BreadcrumbList","@id":"https:\/\/fit360.ee\/en\/pood\/product-groups\/vitamins-and-minerals-en\/b-vitamin-en\/swanson-vitamiin-b-12-100caps\/#breadcrumb","itemListElement":[{"@type":"ListItem","position":1,"name":"Home","item":"https:\/\/fit360.ee\/en\/"},{"@type":"ListItem","position":2,"name":"Shop","item":"https:\/\/fit360.ee\/en\/shop\/"},{"@type":"ListItem","position":3,"name":"Swanson Vitamiin B-12 (100caps)"}]},{"@type":"WebSite","@id":"https:\/\/fit360.ee\/en\/#website","url":"https:\/\/fit360.ee\/en\/","name":"Fit360","description":"","publisher":{"@id":"https:\/\/fit360.ee\/en\/#organization"},"potentialAction":[{"@type":"SearchAction","target":{"@type":"EntryPoint","urlTemplate":"https:\/\/fit360.ee\/en\/?s={search_term_string}"},"query-input":{"@type":"PropertyValueSpecification","valueRequired":true,"valueName":"search_term_string"}}],"inLanguage":"en-US"},{"@type":"Organization","@id":"https:\/\/fit360.ee\/en\/#organization","name":"Fit360","url":"https:\/\/fit360.ee\/en\/","logo":{"@type":"ImageObject","inLanguage":"en-US","@id":"https:\/\/fit360.ee\/en\/#\/schema\/logo\/image\/","url":"https:\/\/fit360.ee\/wp-content\/uploads\/2017\/01\/logo-fit360.png","contentUrl":"https:\/\/fit360.ee\/wp-content\/uploads\/2017\/01\/logo-fit360.png","width":180,"height":66,"caption":"Fit360"},"image":{"@id":"https:\/\/fit360.ee\/en\/#\/schema\/logo\/image\/"}}]}},"_links":{"self":[{"href":"https:\/\/fit360.ee\/en\/wp-json\/wp\/v2\/product\/37368","targetHints":{"allow":["GET"]}}],"collection":[{"href":"https:\/\/fit360.ee\/en\/wp-json\/wp\/v2\/product"}],"about":[{"href":"https:\/\/fit360.ee\/en\/wp-json\/wp\/v2\/types\/product"}],"replies":[{"embeddable":true,"href":"https:\/\/fit360.ee\/en\/wp-json\/wp\/v2\/comments?post=37368"}],"wp:featuredmedia":[{"embeddable":true,"href":"https:\/\/fit360.ee\/en\/wp-json\/wp\/v2\/media\/37367"}],"wp:attachment":[{"href":"https:\/\/fit360.ee\/en\/wp-json\/wp\/v2\/media?parent=37368"}],"wp:term":[{"taxonomy":"product_brand","embeddable":true,"href":"https:\/\/fit360.ee\/en\/wp-json\/wp\/v2\/product_brand?post=37368"},{"taxonomy":"product_cat","embeddable":true,"href":"https:\/\/fit360.ee\/en\/wp-json\/wp\/v2\/product_cat?post=37368"},{"taxonomy":"product_tag","embeddable":true,"href":"https:\/\/fit360.ee\/en\/wp-json\/wp\/v2\/product_tag?post=37368"},{"taxonomy":"giftcard-category","embeddable":true,"href":"https:\/\/fit360.ee\/en\/wp-json\/wp\/v2\/giftcard-category?post=37368"}],"curies":[{"name":"wp","href":"https:\/\/api.w.org\/{rel}","templated":true}]}}