{"id":37373,"date":"2020-06-12T20:12:43","date_gmt":"2020-06-12T18:12:43","guid":{"rendered":"https:\/\/fit360.ee\/pood\/uncategorized\/swanson-l-truptofaan-60caps\/"},"modified":"2025-08-13T07:38:02","modified_gmt":"2025-08-13T05:38:02","slug":"l-truptofaan-swanson-60caps","status":"publish","type":"product","link":"https:\/\/fit360.ee\/en\/pood\/product-groups\/amino-acids-bcaa\/tryptophan-en\/l-truptofaan-swanson-60caps\/","title":{"rendered":"L-Tr\u00fcptofaan Swanson (60caps)"},"content":{"rendered":"<h1>L-Tr\u00fcptofaan kapsli kujul<\/h1>\n<p><strong>L-tr\u00fcptofaan<\/strong> on aminohape, mis on vajalik serotoniini \u2013 nn \u00f5nnehormooni tootmiseks, mis uuringute alusel m\u00f5jutab hooajalisi meeleoluh\u00e4ireid<strong>. L-tr\u00fcptofaan<\/strong>\u00a0on asendamatu aminohape. Asendamatuid aminohappeid ei suuda keha ise toota ning neid peab saama toidust. L-tr\u00fcptofaan on serotoniini eelaine. Serotoniin m\u00e4ngib t\u00e4htsat rolli l\u00f5dvestumises, s\u00fcgavas unes ja positiivses meeleolus.<\/p>\n<p><strong>Teised Koostisosad<\/strong>: \u017eelatiin, riisijahu, h\u00fcdroks\u00fcprop\u00fc\u00fcltselluloos, magneesiumstearaat<\/p>\n<p><strong>Kasutamine<\/strong>: 1 kapsel p\u00e4evas koos vega<\/p>\n<p><strong>Suurus<\/strong>: 60 kapsli &#8211; 60 serveeringut<\/p>\n<table>\n<tbody>\n<tr>\n<td width=\"307\"><strong>Anal\u00fc\u00fcs<\/strong><\/td>\n<td width=\"307\"><strong>1 kapsel<\/strong><\/td>\n<\/tr>\n<tr>\n<td width=\"307\">L-Tr\u00fcptofaan<\/td>\n<td width=\"307\">500mg<\/td>\n<\/tr>\n<\/tbody>\n<\/table>\n<p>Soovid kaupa osta suuremas koguses? Vaata antud toodet ka meie HULGI poest\u00a0<a href=\"https:\/\/toidulisandidhulgi.ee\/product\/swanson-l-truptofaan-60caps\/\"><strong>SIIT<\/strong><\/a>!<\/p>\n","protected":false},"excerpt":{"rendered":"<h2><strong>Tr\u00fcptofaan:<\/strong><\/h2>\n<ul>\n<li>Parandab une kvaliteeti<\/li>\n<li>Aitab parandada meeleolu<\/li>\n<li>Aitab treeningutest taastuda<\/li>\n<\/ul>\n<p><strong>L-tr\u00fcptofaan<\/strong> on aminohape, mis on vajalik serotoniini \u2013 nn \u00f5nnehormooni tootmiseks, mis uuringute alusel m\u00f5jutab hooajalisi meeleoluh\u00e4ireid<strong>. L-tr\u00fcptofaan<\/strong>\u00a0on asendamatu aminohape. Asendamatuid aminohappeid ei suuda keha ise toota ning neid peab saama toidust. L-tr\u00fcptofaan on serotoniini eelaine. Serotoniin m\u00e4ngib t\u00e4htsat rolli l\u00f5dvestumises, s\u00fcgavas unes ja positiivses meeleolus.<\/p>\n","protected":false},"featured_media":37372,"comment_status":"open","ping_status":"closed","template":"","meta":[],"product_brand":[],"product_cat":[520,2331,2476,1651,2323,536],"product_tag":[1787,1847,1848,1849],"giftcard-category":[],"class_list":{"0":"post-37373","1":"product","2":"type-product","3":"status-publish","4":"has-post-thumbnail","6":"product_cat-amino-acids-bcaa","7":"product_cat-essential-amino-acids-eaa-en","8":"product_cat-sleep-enhancers-en","9":"product_cat-swanson-en","10":"product_cat-tryptophan-en","11":"product_cat-vitamins-and-minerals-en","12":"product_tag-aminohapped-en","13":"product_tag-l-truptofaan-en","14":"product_tag-swanson-en","15":"product_tag-truptofaan-en","16":"pa_toidulisand-branddd-swanson","17":"pa_tootegruppp-amino-acidsbcaa","18":"pa_tootegruppp-asendamatud-aminohapped-eaa-en","19":"pa_tootegruppp-truptofaan-en","20":"pa_tootegruppp-uni-en","21":"pa_tootegruppp-vitamins-and-minerals","23":"first","24":"instock","25":"sale","26":"taxable","27":"shipping-taxable","28":"purchasable","29":"product-type-simple"},"yoast_head":"<!-- This site is optimized with the Yoast SEO plugin v27.3 - https:\/\/yoast.com\/product\/yoast-seo-wordpress\/ -->\n<title>L-Tr\u00fcptofaan Swanson (60caps) - Tr\u00fcptofaan - L-Tryptophan - Fit360<\/title>\n<meta name=\"description\" content=\"L-tr\u00fcptofaan on aminohape, mis on vajalik serotoniini \u2013 nn. \u00f5nnehormooni tootmiseks, mis uuringute alusel m\u00f5jutab meeleoluh\u00e4ireid. Tarne: 1-3 p\u00e4eva.\" \/>\n<meta name=\"robots\" content=\"index, follow, max-snippet:-1, max-image-preview:large, max-video-preview:-1\" \/>\n<link rel=\"canonical\" href=\"https:\/\/fit360.ee\/en\/pood\/product-groups\/amino-acids-bcaa\/tryptophan-en\/l-truptofaan-swanson-60caps\/\" \/>\n<meta property=\"og:locale\" content=\"en_US\" \/>\n<meta property=\"og:type\" content=\"article\" \/>\n<meta property=\"og:title\" content=\"L-Tr\u00fcptofaan Swanson (60caps) - Tr\u00fcptofaan - L-Tryptophan - Fit360\" \/>\n<meta property=\"og:description\" content=\"L-tr\u00fcptofaan on aminohape, mis on vajalik serotoniini \u2013 nn. \u00f5nnehormooni tootmiseks, mis uuringute alusel m\u00f5jutab meeleoluh\u00e4ireid. Tarne: 1-3 p\u00e4eva.\" \/>\n<meta property=\"og:url\" content=\"https:\/\/fit360.ee\/en\/pood\/product-groups\/amino-acids-bcaa\/tryptophan-en\/l-truptofaan-swanson-60caps\/\" \/>\n<meta property=\"og:site_name\" content=\"Fit360\" \/>\n<meta property=\"article:modified_time\" content=\"2025-08-13T05:38:02+00:00\" \/>\n<meta property=\"og:image\" content=\"https:\/\/fit360.ee\/wp-content\/uploads\/2020\/06\/SW1502-L-Tryptophan-60-caps.jpg\" \/>\n\t<meta property=\"og:image:width\" content=\"1000\" \/>\n\t<meta property=\"og:image:height\" content=\"1000\" \/>\n\t<meta property=\"og:image:type\" content=\"image\/jpeg\" \/>\n<meta name=\"twitter:card\" content=\"summary_large_image\" \/>\n<meta name=\"twitter:label1\" content=\"Est. reading time\" \/>\n\t<meta name=\"twitter:data1\" content=\"1 minute\" \/>\n<script type=\"application\/ld+json\" class=\"yoast-schema-graph\">{\"@context\":\"https:\\\/\\\/schema.org\",\"@graph\":[{\"@type\":\"WebPage\",\"@id\":\"https:\\\/\\\/fit360.ee\\\/en\\\/pood\\\/product-groups\\\/amino-acids-bcaa\\\/tryptophan-en\\\/l-truptofaan-swanson-60caps\\\/\",\"url\":\"https:\\\/\\\/fit360.ee\\\/en\\\/pood\\\/product-groups\\\/amino-acids-bcaa\\\/tryptophan-en\\\/l-truptofaan-swanson-60caps\\\/\",\"name\":\"L-Tr\u00fcptofaan Swanson (60caps) - Tr\u00fcptofaan - L-Tryptophan - Fit360\",\"isPartOf\":{\"@id\":\"https:\\\/\\\/fit360.ee\\\/en\\\/#website\"},\"primaryImageOfPage\":{\"@id\":\"https:\\\/\\\/fit360.ee\\\/en\\\/pood\\\/product-groups\\\/amino-acids-bcaa\\\/tryptophan-en\\\/l-truptofaan-swanson-60caps\\\/#primaryimage\"},\"image\":{\"@id\":\"https:\\\/\\\/fit360.ee\\\/en\\\/pood\\\/product-groups\\\/amino-acids-bcaa\\\/tryptophan-en\\\/l-truptofaan-swanson-60caps\\\/#primaryimage\"},\"thumbnailUrl\":\"https:\\\/\\\/fit360.ee\\\/wp-content\\\/uploads\\\/2020\\\/06\\\/SW1502-L-Tryptophan-60-caps.jpg\",\"datePublished\":\"2020-06-12T18:12:43+00:00\",\"dateModified\":\"2025-08-13T05:38:02+00:00\",\"description\":\"L-tr\u00fcptofaan on aminohape, mis on vajalik serotoniini \u2013 nn. \u00f5nnehormooni tootmiseks, mis uuringute alusel m\u00f5jutab meeleoluh\u00e4ireid. Tarne: 1-3 p\u00e4eva.\",\"breadcrumb\":{\"@id\":\"https:\\\/\\\/fit360.ee\\\/en\\\/pood\\\/product-groups\\\/amino-acids-bcaa\\\/tryptophan-en\\\/l-truptofaan-swanson-60caps\\\/#breadcrumb\"},\"inLanguage\":\"en-US\",\"potentialAction\":[{\"@type\":\"ReadAction\",\"target\":[\"https:\\\/\\\/fit360.ee\\\/en\\\/pood\\\/product-groups\\\/amino-acids-bcaa\\\/tryptophan-en\\\/l-truptofaan-swanson-60caps\\\/\"]}]},{\"@type\":\"ImageObject\",\"inLanguage\":\"en-US\",\"@id\":\"https:\\\/\\\/fit360.ee\\\/en\\\/pood\\\/product-groups\\\/amino-acids-bcaa\\\/tryptophan-en\\\/l-truptofaan-swanson-60caps\\\/#primaryimage\",\"url\":\"https:\\\/\\\/fit360.ee\\\/wp-content\\\/uploads\\\/2020\\\/06\\\/SW1502-L-Tryptophan-60-caps.jpg\",\"contentUrl\":\"https:\\\/\\\/fit360.ee\\\/wp-content\\\/uploads\\\/2020\\\/06\\\/SW1502-L-Tryptophan-60-caps.jpg\",\"width\":1000,\"height\":1000,\"caption\":\"L-Tr\u00fcptofaan Swanson - fit360.ee\"},{\"@type\":\"BreadcrumbList\",\"@id\":\"https:\\\/\\\/fit360.ee\\\/en\\\/pood\\\/product-groups\\\/amino-acids-bcaa\\\/tryptophan-en\\\/l-truptofaan-swanson-60caps\\\/#breadcrumb\",\"itemListElement\":[{\"@type\":\"ListItem\",\"position\":1,\"name\":\"Home\",\"item\":\"https:\\\/\\\/fit360.ee\\\/en\\\/\"},{\"@type\":\"ListItem\",\"position\":2,\"name\":\"Shop\",\"item\":\"https:\\\/\\\/fit360.ee\\\/en\\\/shop\\\/\"},{\"@type\":\"ListItem\",\"position\":3,\"name\":\"L-Tr\u00fcptofaan Swanson (60caps)\"}]},{\"@type\":\"WebSite\",\"@id\":\"https:\\\/\\\/fit360.ee\\\/en\\\/#website\",\"url\":\"https:\\\/\\\/fit360.ee\\\/en\\\/\",\"name\":\"Fit360\",\"description\":\"\",\"publisher\":{\"@id\":\"https:\\\/\\\/fit360.ee\\\/en\\\/#organization\"},\"potentialAction\":[{\"@type\":\"SearchAction\",\"target\":{\"@type\":\"EntryPoint\",\"urlTemplate\":\"https:\\\/\\\/fit360.ee\\\/en\\\/?s={search_term_string}\"},\"query-input\":{\"@type\":\"PropertyValueSpecification\",\"valueRequired\":true,\"valueName\":\"search_term_string\"}}],\"inLanguage\":\"en-US\"},{\"@type\":\"Organization\",\"@id\":\"https:\\\/\\\/fit360.ee\\\/en\\\/#organization\",\"name\":\"Fit360\",\"url\":\"https:\\\/\\\/fit360.ee\\\/en\\\/\",\"logo\":{\"@type\":\"ImageObject\",\"inLanguage\":\"en-US\",\"@id\":\"https:\\\/\\\/fit360.ee\\\/en\\\/#\\\/schema\\\/logo\\\/image\\\/\",\"url\":\"https:\\\/\\\/fit360.ee\\\/wp-content\\\/uploads\\\/2017\\\/01\\\/logo-fit360.png\",\"contentUrl\":\"https:\\\/\\\/fit360.ee\\\/wp-content\\\/uploads\\\/2017\\\/01\\\/logo-fit360.png\",\"width\":180,\"height\":66,\"caption\":\"Fit360\"},\"image\":{\"@id\":\"https:\\\/\\\/fit360.ee\\\/en\\\/#\\\/schema\\\/logo\\\/image\\\/\"}}]}<\/script>\n<!-- \/ Yoast SEO plugin. -->","yoast_head_json":{"title":"L-Tr\u00fcptofaan Swanson (60caps) - Tr\u00fcptofaan - L-Tryptophan - Fit360","description":"L-tr\u00fcptofaan on aminohape, mis on vajalik serotoniini \u2013 nn. \u00f5nnehormooni tootmiseks, mis uuringute alusel m\u00f5jutab meeleoluh\u00e4ireid. Tarne: 1-3 p\u00e4eva.","robots":{"index":"index","follow":"follow","max-snippet":"max-snippet:-1","max-image-preview":"max-image-preview:large","max-video-preview":"max-video-preview:-1"},"canonical":"https:\/\/fit360.ee\/en\/pood\/product-groups\/amino-acids-bcaa\/tryptophan-en\/l-truptofaan-swanson-60caps\/","og_locale":"en_US","og_type":"article","og_title":"L-Tr\u00fcptofaan Swanson (60caps) - Tr\u00fcptofaan - L-Tryptophan - Fit360","og_description":"L-tr\u00fcptofaan on aminohape, mis on vajalik serotoniini \u2013 nn. \u00f5nnehormooni tootmiseks, mis uuringute alusel m\u00f5jutab meeleoluh\u00e4ireid. Tarne: 1-3 p\u00e4eva.","og_url":"https:\/\/fit360.ee\/en\/pood\/product-groups\/amino-acids-bcaa\/tryptophan-en\/l-truptofaan-swanson-60caps\/","og_site_name":"Fit360","article_modified_time":"2025-08-13T05:38:02+00:00","og_image":[{"width":1000,"height":1000,"url":"https:\/\/fit360.ee\/wp-content\/uploads\/2020\/06\/SW1502-L-Tryptophan-60-caps.jpg","type":"image\/jpeg"}],"twitter_card":"summary_large_image","twitter_misc":{"Est. reading time":"1 minute"},"schema":{"@context":"https:\/\/schema.org","@graph":[{"@type":"WebPage","@id":"https:\/\/fit360.ee\/en\/pood\/product-groups\/amino-acids-bcaa\/tryptophan-en\/l-truptofaan-swanson-60caps\/","url":"https:\/\/fit360.ee\/en\/pood\/product-groups\/amino-acids-bcaa\/tryptophan-en\/l-truptofaan-swanson-60caps\/","name":"L-Tr\u00fcptofaan Swanson (60caps) - Tr\u00fcptofaan - L-Tryptophan - Fit360","isPartOf":{"@id":"https:\/\/fit360.ee\/en\/#website"},"primaryImageOfPage":{"@id":"https:\/\/fit360.ee\/en\/pood\/product-groups\/amino-acids-bcaa\/tryptophan-en\/l-truptofaan-swanson-60caps\/#primaryimage"},"image":{"@id":"https:\/\/fit360.ee\/en\/pood\/product-groups\/amino-acids-bcaa\/tryptophan-en\/l-truptofaan-swanson-60caps\/#primaryimage"},"thumbnailUrl":"https:\/\/fit360.ee\/wp-content\/uploads\/2020\/06\/SW1502-L-Tryptophan-60-caps.jpg","datePublished":"2020-06-12T18:12:43+00:00","dateModified":"2025-08-13T05:38:02+00:00","description":"L-tr\u00fcptofaan on aminohape, mis on vajalik serotoniini \u2013 nn. \u00f5nnehormooni tootmiseks, mis uuringute alusel m\u00f5jutab meeleoluh\u00e4ireid. Tarne: 1-3 p\u00e4eva.","breadcrumb":{"@id":"https:\/\/fit360.ee\/en\/pood\/product-groups\/amino-acids-bcaa\/tryptophan-en\/l-truptofaan-swanson-60caps\/#breadcrumb"},"inLanguage":"en-US","potentialAction":[{"@type":"ReadAction","target":["https:\/\/fit360.ee\/en\/pood\/product-groups\/amino-acids-bcaa\/tryptophan-en\/l-truptofaan-swanson-60caps\/"]}]},{"@type":"ImageObject","inLanguage":"en-US","@id":"https:\/\/fit360.ee\/en\/pood\/product-groups\/amino-acids-bcaa\/tryptophan-en\/l-truptofaan-swanson-60caps\/#primaryimage","url":"https:\/\/fit360.ee\/wp-content\/uploads\/2020\/06\/SW1502-L-Tryptophan-60-caps.jpg","contentUrl":"https:\/\/fit360.ee\/wp-content\/uploads\/2020\/06\/SW1502-L-Tryptophan-60-caps.jpg","width":1000,"height":1000,"caption":"L-Tr\u00fcptofaan Swanson - fit360.ee"},{"@type":"BreadcrumbList","@id":"https:\/\/fit360.ee\/en\/pood\/product-groups\/amino-acids-bcaa\/tryptophan-en\/l-truptofaan-swanson-60caps\/#breadcrumb","itemListElement":[{"@type":"ListItem","position":1,"name":"Home","item":"https:\/\/fit360.ee\/en\/"},{"@type":"ListItem","position":2,"name":"Shop","item":"https:\/\/fit360.ee\/en\/shop\/"},{"@type":"ListItem","position":3,"name":"L-Tr\u00fcptofaan Swanson (60caps)"}]},{"@type":"WebSite","@id":"https:\/\/fit360.ee\/en\/#website","url":"https:\/\/fit360.ee\/en\/","name":"Fit360","description":"","publisher":{"@id":"https:\/\/fit360.ee\/en\/#organization"},"potentialAction":[{"@type":"SearchAction","target":{"@type":"EntryPoint","urlTemplate":"https:\/\/fit360.ee\/en\/?s={search_term_string}"},"query-input":{"@type":"PropertyValueSpecification","valueRequired":true,"valueName":"search_term_string"}}],"inLanguage":"en-US"},{"@type":"Organization","@id":"https:\/\/fit360.ee\/en\/#organization","name":"Fit360","url":"https:\/\/fit360.ee\/en\/","logo":{"@type":"ImageObject","inLanguage":"en-US","@id":"https:\/\/fit360.ee\/en\/#\/schema\/logo\/image\/","url":"https:\/\/fit360.ee\/wp-content\/uploads\/2017\/01\/logo-fit360.png","contentUrl":"https:\/\/fit360.ee\/wp-content\/uploads\/2017\/01\/logo-fit360.png","width":180,"height":66,"caption":"Fit360"},"image":{"@id":"https:\/\/fit360.ee\/en\/#\/schema\/logo\/image\/"}}]}},"_links":{"self":[{"href":"https:\/\/fit360.ee\/en\/wp-json\/wp\/v2\/product\/37373","targetHints":{"allow":["GET"]}}],"collection":[{"href":"https:\/\/fit360.ee\/en\/wp-json\/wp\/v2\/product"}],"about":[{"href":"https:\/\/fit360.ee\/en\/wp-json\/wp\/v2\/types\/product"}],"replies":[{"embeddable":true,"href":"https:\/\/fit360.ee\/en\/wp-json\/wp\/v2\/comments?post=37373"}],"wp:featuredmedia":[{"embeddable":true,"href":"https:\/\/fit360.ee\/en\/wp-json\/wp\/v2\/media\/37372"}],"wp:attachment":[{"href":"https:\/\/fit360.ee\/en\/wp-json\/wp\/v2\/media?parent=37373"}],"wp:term":[{"taxonomy":"product_brand","embeddable":true,"href":"https:\/\/fit360.ee\/en\/wp-json\/wp\/v2\/product_brand?post=37373"},{"taxonomy":"product_cat","embeddable":true,"href":"https:\/\/fit360.ee\/en\/wp-json\/wp\/v2\/product_cat?post=37373"},{"taxonomy":"product_tag","embeddable":true,"href":"https:\/\/fit360.ee\/en\/wp-json\/wp\/v2\/product_tag?post=37373"},{"taxonomy":"giftcard-category","embeddable":true,"href":"https:\/\/fit360.ee\/en\/wp-json\/wp\/v2\/giftcard-category?post=37373"}],"curies":[{"name":"wp","href":"https:\/\/api.w.org\/{rel}","templated":true}]}}