{"id":37457,"date":"2020-06-19T15:07:02","date_gmt":"2020-06-19T13:07:02","guid":{"rendered":"https:\/\/fit360.ee\/pood\/uncategorized\/big-z-power-500g\/"},"modified":"2025-08-13T07:37:39","modified_gmt":"2025-08-13T05:37:39","slug":"big-z-power-500g","status":"publish","type":"product","link":"https:\/\/fit360.ee\/en\/pood\/product-groups\/pre-workout-en\/big-z-power-500g\/","title":{"rendered":"Big Z Power (500g)"},"content":{"rendered":"<p><strong>Kasutamine: <\/strong>Tarbi \u00fcks portsjon 2 kulpi (12g) segatuna 250ml vees, enne treeningut. \u00c4ra \u00fcleta soovitatud p\u00e4evast kogust.<\/p>\n<p><strong>Suurus<\/strong>: 500g \u2013 41 serveeringut<\/p>\n<table>\n<tbody>\n<tr>\n<td width=\"201\"><strong>Toimeained<\/strong><\/td>\n<td width=\"201\"><strong>1 serveering (12g)<\/strong><\/td>\n<td width=\"200\"><strong>%SPK*<\/strong><\/td>\n<\/tr>\n<tr>\n<td width=\"201\">Alfa-ketogluraadi L-arginiin<\/td>\n<td width=\"201\">3000mg<\/td>\n<td width=\"200\">**<\/td>\n<\/tr>\n<tr>\n<td width=\"201\">Beeta alaniin<\/td>\n<td width=\"201\">800mg<\/td>\n<td width=\"200\">**<\/td>\n<\/tr>\n<tr>\n<td width=\"201\">T\u00fcrosiin<\/td>\n<td width=\"201\">500mg<\/td>\n<td width=\"200\">**<\/td>\n<\/tr>\n<tr>\n<td width=\"201\">Kofeiin<\/td>\n<td width=\"201\">300mg<\/td>\n<td width=\"200\">**<\/td>\n<\/tr>\n<tr>\n<td width=\"201\">Guaraana<\/td>\n<td width=\"201\">100mg<\/td>\n<td width=\"200\">**<\/td>\n<\/tr>\n<tr>\n<td width=\"201\">L-tsitruliin<\/td>\n<td width=\"201\">3000mg<\/td>\n<td width=\"200\">**<\/td>\n<\/tr>\n<tr>\n<td width=\"201\">Tauriin<\/td>\n<td width=\"201\">2000mg<\/td>\n<td width=\"200\">**<\/td>\n<\/tr>\n<tr>\n<td width=\"201\">Inositool<\/td>\n<td width=\"201\">100mg<\/td>\n<td width=\"200\">**<\/td>\n<\/tr>\n<tr>\n<td width=\"201\">Alfa Lipoonhape<\/td>\n<td width=\"201\">200mg<\/td>\n<td width=\"200\">**<\/td>\n<\/tr>\n<tr>\n<td width=\"201\">L-Teaniin<\/td>\n<td width=\"201\">150mg<\/td>\n<td width=\"200\">**<\/td>\n<\/tr>\n<tr>\n<td width=\"201\">\u017den\u0161enni ekstrakt<\/td>\n<td width=\"201\">150mg<\/td>\n<td width=\"200\">\u2013<\/td>\n<\/tr>\n<tr>\n<td width=\"201\">Magneesium<\/td>\n<td width=\"201\">150mg<\/td>\n<td width=\"200\">40%<\/td>\n<\/tr>\n<tr>\n<td width=\"201\">Niatsiin<\/td>\n<td width=\"201\">50mg<\/td>\n<td width=\"200\">313%<\/td>\n<\/tr>\n<tr>\n<td width=\"201\">Vitamiin B6<\/td>\n<td width=\"201\">10mg<\/td>\n<td width=\"200\">714%<\/td>\n<\/tr>\n<tr>\n<td width=\"201\">Tsink<\/td>\n<td width=\"201\">5mg<\/td>\n<td width=\"200\">50%<\/td>\n<\/tr>\n<tr>\n<td width=\"201\">Kaalium<\/td>\n<td width=\"201\">360mg<\/td>\n<td width=\"200\">18%<\/td>\n<\/tr>\n<\/tbody>\n<\/table>\n<p>*Soovitatud p\u00e4evane kogus ** P\u00e4evane kogus pole kindlaks tehtud<\/p>\n<p>Soovid kaupa osta suuremas koguses? Vaata antud toodet ka meie HULGI poest\u00a0<a href=\"https:\/\/toidulisandidhulgi.ee\/product\/big-z-power-500g\/\"><strong>SIIT<\/strong><\/a>!<\/p>\n","protected":false},"excerpt":{"rendered":"<p><strong>BIG Z POWER:<\/strong><\/p>\n<ul>\n<li>Parandab lihaste verevarustust treeningu ajal<\/li>\n<li>Teaduslikult t\u00f5estatud nn pump-efekt treeninguks<\/li>\n<li>Suurendab sooritusv\u00f5imekust treeningu ajal, kiirendades taastumist<\/li>\n<li>Soodustab valgus\u00fcnteesi treeningu ajal<\/li>\n<\/ul>\n<p><strong>BIG Z POWER<\/strong> retseptile on oma j\u00e4lje j\u00e4tnud maailma \u00fcks tugevaim STRONGMAN \u017dydrunas Savickase &#8211; h\u00fc\u00fcdnmiega Big Z.\u00a0 Kui tahad kasutada sama pre-workouti, mida Big Z kasutab, siis n\u00fc\u00fcd on Sinu v\u00f5imalus!<\/p>\n<p><strong>BIG Z POWER<\/strong> on m\u00f5eldud neile, kes soovivad saada maksimaalset lihase stimulatsiooni ning pump-efekti treeningu ajal. Lisaks pakub <strong>BIG Z POWER\u00a0<\/strong>treeningu ajal\u00a0pikendatud vastupidavust ning suurendatud keskendumisv\u00f5imet. Kui oled t\u00fcdinenud \u00fcksluisest treeningust ning\/v\u00f5i kannatad motivatsioonipuuduse k\u00e4es, siis see toode on kindlasti sulle m\u00f5eldud!<\/p>\n","protected":false},"featured_media":37456,"comment_status":"open","ping_status":"closed","template":"","meta":[],"product_brand":[],"product_cat":[5324,533,515],"product_tag":[],"giftcard-category":[],"class_list":{"0":"post-37457","1":"product","2":"type-product","3":"status-publish","4":"has-post-thumbnail","6":"product_cat-caffeine-en","7":"product_cat-pre-workout-en","8":"product_cat-real-pharm","9":"pa_kogus-500g-en","10":"pa_maitse-cola-kirsi-en","11":"pa_maitse-exotic-en","12":"pa_maitse-lemon-orange-en","13":"pa_maitse-mojito-en","14":"pa_maitse-natsukommi-en","15":"pa_maitse-peach-mango","16":"pa_toidulisand-branddd-real-pharm","17":"pa_tootegruppp-kofeiin-en","18":"pa_tootegruppp-pre-workout","20":"first","21":"outofstock","22":"sale","23":"taxable","24":"shipping-taxable","25":"purchasable","26":"product-type-variable"},"yoast_head":"<!-- This site is optimized with the Yoast SEO plugin v27.3 - https:\/\/yoast.com\/product\/yoast-seo-wordpress\/ -->\n<title>Big Z Power (500g) - Fit360<\/title>\n<meta name=\"robots\" content=\"index, follow, max-snippet:-1, max-image-preview:large, max-video-preview:-1\" \/>\n<link rel=\"canonical\" href=\"https:\/\/fit360.ee\/en\/pood\/product-groups\/pre-workout-en\/big-z-power-500g\/\" \/>\n<meta property=\"og:locale\" content=\"en_US\" \/>\n<meta property=\"og:type\" content=\"article\" \/>\n<meta property=\"og:title\" content=\"Big Z Power (500g) - Fit360\" \/>\n<meta property=\"og:description\" content=\"BIG Z POWER:   Parandab lihaste verevarustust treeningu ajal  Teaduslikult t\u00f5estatud nn pump-efekt treeninguks  Suurendab sooritusv\u00f5imekust treeningu ajal, kiirendades taastumist  Soodustab valgus\u00fcnteesi treeningu ajal  BIG Z POWER retseptile on oma j\u00e4lje j\u00e4tnud maailma \u00fcks tugevaim STRONGMAN \u017dydrunas Savickase - h\u00fc\u00fcdnmiega Big Z.\u00a0 Kui tahad kasutada sama pre-workouti, mida Big Z kasutab, siis n\u00fc\u00fcd on Sinu v\u00f5imalus!  BIG Z POWER on m\u00f5eldud neile, kes soovivad saada maksimaalset lihase stimulatsiooni ning pump-efekti treeningu ajal. Lisaks pakub BIG Z POWER\u00a0treeningu ajal\u00a0pikendatud vastupidavust ning suurendatud keskendumisv\u00f5imet. Kui oled t\u00fcdinenud \u00fcksluisest treeningust ning\/v\u00f5i kannatad motivatsioonipuuduse k\u00e4es, siis see toode on kindlasti sulle m\u00f5eldud!\" \/>\n<meta property=\"og:url\" content=\"https:\/\/fit360.ee\/en\/pood\/product-groups\/pre-workout-en\/big-z-power-500g\/\" \/>\n<meta property=\"og:site_name\" content=\"Fit360\" \/>\n<meta property=\"article:modified_time\" content=\"2025-08-13T05:37:39+00:00\" \/>\n<meta property=\"og:image\" content=\"https:\/\/fit360.ee\/wp-content\/uploads\/2020\/06\/real-pharm-big-z-power-pre-workout-500g-1.png\" \/>\n\t<meta property=\"og:image:width\" content=\"800\" \/>\n\t<meta property=\"og:image:height\" content=\"800\" \/>\n\t<meta property=\"og:image:type\" content=\"image\/png\" \/>\n<meta name=\"twitter:card\" content=\"summary_large_image\" \/>\n<meta name=\"twitter:label1\" content=\"Est. reading time\" \/>\n\t<meta name=\"twitter:data1\" content=\"1 minute\" \/>\n<script type=\"application\/ld+json\" class=\"yoast-schema-graph\">{\"@context\":\"https:\\\/\\\/schema.org\",\"@graph\":[{\"@type\":\"WebPage\",\"@id\":\"https:\\\/\\\/fit360.ee\\\/en\\\/pood\\\/product-groups\\\/pre-workout-en\\\/big-z-power-500g\\\/\",\"url\":\"https:\\\/\\\/fit360.ee\\\/en\\\/pood\\\/product-groups\\\/pre-workout-en\\\/big-z-power-500g\\\/\",\"name\":\"Big Z Power (500g) - Fit360\",\"isPartOf\":{\"@id\":\"https:\\\/\\\/fit360.ee\\\/en\\\/#website\"},\"primaryImageOfPage\":{\"@id\":\"https:\\\/\\\/fit360.ee\\\/en\\\/pood\\\/product-groups\\\/pre-workout-en\\\/big-z-power-500g\\\/#primaryimage\"},\"image\":{\"@id\":\"https:\\\/\\\/fit360.ee\\\/en\\\/pood\\\/product-groups\\\/pre-workout-en\\\/big-z-power-500g\\\/#primaryimage\"},\"thumbnailUrl\":\"https:\\\/\\\/fit360.ee\\\/wp-content\\\/uploads\\\/2020\\\/06\\\/real-pharm-big-z-power-pre-workout-500g-1.png\",\"datePublished\":\"2020-06-19T13:07:02+00:00\",\"dateModified\":\"2025-08-13T05:37:39+00:00\",\"breadcrumb\":{\"@id\":\"https:\\\/\\\/fit360.ee\\\/en\\\/pood\\\/product-groups\\\/pre-workout-en\\\/big-z-power-500g\\\/#breadcrumb\"},\"inLanguage\":\"en-US\",\"potentialAction\":[{\"@type\":\"ReadAction\",\"target\":[\"https:\\\/\\\/fit360.ee\\\/en\\\/pood\\\/product-groups\\\/pre-workout-en\\\/big-z-power-500g\\\/\"]}]},{\"@type\":\"ImageObject\",\"inLanguage\":\"en-US\",\"@id\":\"https:\\\/\\\/fit360.ee\\\/en\\\/pood\\\/product-groups\\\/pre-workout-en\\\/big-z-power-500g\\\/#primaryimage\",\"url\":\"https:\\\/\\\/fit360.ee\\\/wp-content\\\/uploads\\\/2020\\\/06\\\/real-pharm-big-z-power-pre-workout-500g-1.png\",\"contentUrl\":\"https:\\\/\\\/fit360.ee\\\/wp-content\\\/uploads\\\/2020\\\/06\\\/real-pharm-big-z-power-pre-workout-500g-1.png\",\"width\":800,\"height\":800},{\"@type\":\"BreadcrumbList\",\"@id\":\"https:\\\/\\\/fit360.ee\\\/en\\\/pood\\\/product-groups\\\/pre-workout-en\\\/big-z-power-500g\\\/#breadcrumb\",\"itemListElement\":[{\"@type\":\"ListItem\",\"position\":1,\"name\":\"Home\",\"item\":\"https:\\\/\\\/fit360.ee\\\/en\\\/\"},{\"@type\":\"ListItem\",\"position\":2,\"name\":\"Shop\",\"item\":\"https:\\\/\\\/fit360.ee\\\/en\\\/shop\\\/\"},{\"@type\":\"ListItem\",\"position\":3,\"name\":\"Big Z Power (500g)\"}]},{\"@type\":\"WebSite\",\"@id\":\"https:\\\/\\\/fit360.ee\\\/en\\\/#website\",\"url\":\"https:\\\/\\\/fit360.ee\\\/en\\\/\",\"name\":\"Fit360\",\"description\":\"\",\"publisher\":{\"@id\":\"https:\\\/\\\/fit360.ee\\\/en\\\/#organization\"},\"potentialAction\":[{\"@type\":\"SearchAction\",\"target\":{\"@type\":\"EntryPoint\",\"urlTemplate\":\"https:\\\/\\\/fit360.ee\\\/en\\\/?s={search_term_string}\"},\"query-input\":{\"@type\":\"PropertyValueSpecification\",\"valueRequired\":true,\"valueName\":\"search_term_string\"}}],\"inLanguage\":\"en-US\"},{\"@type\":\"Organization\",\"@id\":\"https:\\\/\\\/fit360.ee\\\/en\\\/#organization\",\"name\":\"Fit360\",\"url\":\"https:\\\/\\\/fit360.ee\\\/en\\\/\",\"logo\":{\"@type\":\"ImageObject\",\"inLanguage\":\"en-US\",\"@id\":\"https:\\\/\\\/fit360.ee\\\/en\\\/#\\\/schema\\\/logo\\\/image\\\/\",\"url\":\"https:\\\/\\\/fit360.ee\\\/wp-content\\\/uploads\\\/2017\\\/01\\\/logo-fit360.png\",\"contentUrl\":\"https:\\\/\\\/fit360.ee\\\/wp-content\\\/uploads\\\/2017\\\/01\\\/logo-fit360.png\",\"width\":180,\"height\":66,\"caption\":\"Fit360\"},\"image\":{\"@id\":\"https:\\\/\\\/fit360.ee\\\/en\\\/#\\\/schema\\\/logo\\\/image\\\/\"}}]}<\/script>\n<!-- \/ Yoast SEO plugin. -->","yoast_head_json":{"title":"Big Z Power (500g) - Fit360","robots":{"index":"index","follow":"follow","max-snippet":"max-snippet:-1","max-image-preview":"max-image-preview:large","max-video-preview":"max-video-preview:-1"},"canonical":"https:\/\/fit360.ee\/en\/pood\/product-groups\/pre-workout-en\/big-z-power-500g\/","og_locale":"en_US","og_type":"article","og_title":"Big Z Power (500g) - Fit360","og_description":"BIG Z POWER:   Parandab lihaste verevarustust treeningu ajal  Teaduslikult t\u00f5estatud nn pump-efekt treeninguks  Suurendab sooritusv\u00f5imekust treeningu ajal, kiirendades taastumist  Soodustab valgus\u00fcnteesi treeningu ajal  BIG Z POWER retseptile on oma j\u00e4lje j\u00e4tnud maailma \u00fcks tugevaim STRONGMAN \u017dydrunas Savickase - h\u00fc\u00fcdnmiega Big Z.\u00a0 Kui tahad kasutada sama pre-workouti, mida Big Z kasutab, siis n\u00fc\u00fcd on Sinu v\u00f5imalus!  BIG Z POWER on m\u00f5eldud neile, kes soovivad saada maksimaalset lihase stimulatsiooni ning pump-efekti treeningu ajal. Lisaks pakub BIG Z POWER\u00a0treeningu ajal\u00a0pikendatud vastupidavust ning suurendatud keskendumisv\u00f5imet. Kui oled t\u00fcdinenud \u00fcksluisest treeningust ning\/v\u00f5i kannatad motivatsioonipuuduse k\u00e4es, siis see toode on kindlasti sulle m\u00f5eldud!","og_url":"https:\/\/fit360.ee\/en\/pood\/product-groups\/pre-workout-en\/big-z-power-500g\/","og_site_name":"Fit360","article_modified_time":"2025-08-13T05:37:39+00:00","og_image":[{"width":800,"height":800,"url":"https:\/\/fit360.ee\/wp-content\/uploads\/2020\/06\/real-pharm-big-z-power-pre-workout-500g-1.png","type":"image\/png"}],"twitter_card":"summary_large_image","twitter_misc":{"Est. reading time":"1 minute"},"schema":{"@context":"https:\/\/schema.org","@graph":[{"@type":"WebPage","@id":"https:\/\/fit360.ee\/en\/pood\/product-groups\/pre-workout-en\/big-z-power-500g\/","url":"https:\/\/fit360.ee\/en\/pood\/product-groups\/pre-workout-en\/big-z-power-500g\/","name":"Big Z Power (500g) - Fit360","isPartOf":{"@id":"https:\/\/fit360.ee\/en\/#website"},"primaryImageOfPage":{"@id":"https:\/\/fit360.ee\/en\/pood\/product-groups\/pre-workout-en\/big-z-power-500g\/#primaryimage"},"image":{"@id":"https:\/\/fit360.ee\/en\/pood\/product-groups\/pre-workout-en\/big-z-power-500g\/#primaryimage"},"thumbnailUrl":"https:\/\/fit360.ee\/wp-content\/uploads\/2020\/06\/real-pharm-big-z-power-pre-workout-500g-1.png","datePublished":"2020-06-19T13:07:02+00:00","dateModified":"2025-08-13T05:37:39+00:00","breadcrumb":{"@id":"https:\/\/fit360.ee\/en\/pood\/product-groups\/pre-workout-en\/big-z-power-500g\/#breadcrumb"},"inLanguage":"en-US","potentialAction":[{"@type":"ReadAction","target":["https:\/\/fit360.ee\/en\/pood\/product-groups\/pre-workout-en\/big-z-power-500g\/"]}]},{"@type":"ImageObject","inLanguage":"en-US","@id":"https:\/\/fit360.ee\/en\/pood\/product-groups\/pre-workout-en\/big-z-power-500g\/#primaryimage","url":"https:\/\/fit360.ee\/wp-content\/uploads\/2020\/06\/real-pharm-big-z-power-pre-workout-500g-1.png","contentUrl":"https:\/\/fit360.ee\/wp-content\/uploads\/2020\/06\/real-pharm-big-z-power-pre-workout-500g-1.png","width":800,"height":800},{"@type":"BreadcrumbList","@id":"https:\/\/fit360.ee\/en\/pood\/product-groups\/pre-workout-en\/big-z-power-500g\/#breadcrumb","itemListElement":[{"@type":"ListItem","position":1,"name":"Home","item":"https:\/\/fit360.ee\/en\/"},{"@type":"ListItem","position":2,"name":"Shop","item":"https:\/\/fit360.ee\/en\/shop\/"},{"@type":"ListItem","position":3,"name":"Big Z Power (500g)"}]},{"@type":"WebSite","@id":"https:\/\/fit360.ee\/en\/#website","url":"https:\/\/fit360.ee\/en\/","name":"Fit360","description":"","publisher":{"@id":"https:\/\/fit360.ee\/en\/#organization"},"potentialAction":[{"@type":"SearchAction","target":{"@type":"EntryPoint","urlTemplate":"https:\/\/fit360.ee\/en\/?s={search_term_string}"},"query-input":{"@type":"PropertyValueSpecification","valueRequired":true,"valueName":"search_term_string"}}],"inLanguage":"en-US"},{"@type":"Organization","@id":"https:\/\/fit360.ee\/en\/#organization","name":"Fit360","url":"https:\/\/fit360.ee\/en\/","logo":{"@type":"ImageObject","inLanguage":"en-US","@id":"https:\/\/fit360.ee\/en\/#\/schema\/logo\/image\/","url":"https:\/\/fit360.ee\/wp-content\/uploads\/2017\/01\/logo-fit360.png","contentUrl":"https:\/\/fit360.ee\/wp-content\/uploads\/2017\/01\/logo-fit360.png","width":180,"height":66,"caption":"Fit360"},"image":{"@id":"https:\/\/fit360.ee\/en\/#\/schema\/logo\/image\/"}}]}},"_links":{"self":[{"href":"https:\/\/fit360.ee\/en\/wp-json\/wp\/v2\/product\/37457","targetHints":{"allow":["GET"]}}],"collection":[{"href":"https:\/\/fit360.ee\/en\/wp-json\/wp\/v2\/product"}],"about":[{"href":"https:\/\/fit360.ee\/en\/wp-json\/wp\/v2\/types\/product"}],"replies":[{"embeddable":true,"href":"https:\/\/fit360.ee\/en\/wp-json\/wp\/v2\/comments?post=37457"}],"wp:featuredmedia":[{"embeddable":true,"href":"https:\/\/fit360.ee\/en\/wp-json\/wp\/v2\/media\/37456"}],"wp:attachment":[{"href":"https:\/\/fit360.ee\/en\/wp-json\/wp\/v2\/media?parent=37457"}],"wp:term":[{"taxonomy":"product_brand","embeddable":true,"href":"https:\/\/fit360.ee\/en\/wp-json\/wp\/v2\/product_brand?post=37457"},{"taxonomy":"product_cat","embeddable":true,"href":"https:\/\/fit360.ee\/en\/wp-json\/wp\/v2\/product_cat?post=37457"},{"taxonomy":"product_tag","embeddable":true,"href":"https:\/\/fit360.ee\/en\/wp-json\/wp\/v2\/product_tag?post=37457"},{"taxonomy":"giftcard-category","embeddable":true,"href":"https:\/\/fit360.ee\/en\/wp-json\/wp\/v2\/giftcard-category?post=37457"}],"curies":[{"name":"wp","href":"https:\/\/api.w.org\/{rel}","templated":true}]}}