{"id":37482,"date":"2020-06-20T15:18:37","date_gmt":"2020-06-20T13:18:37","guid":{"rendered":"https:\/\/fit360.ee\/pood\/uncategorized\/evolite-ultra-flex-liigese-tugevdamise-kompleks-2-x-90-caps\/"},"modified":"2026-04-11T10:42:22","modified_gmt":"2026-04-11T08:42:22","slug":"evolite-ultra-flex-liigese-tugevdamise-kompleks-2-x-90-caps","status":"publish","type":"product","link":"https:\/\/fit360.ee\/en\/pood\/product-groups\/superfoods-health-foods-en\/glucosamine-en\/evolite-ultra-flex-liigese-tugevdamise-kompleks-2-x-90-caps\/","title":{"rendered":"Evolite Ultra Flex liigese tugevdamise kompleks (2 x 90 caps)"},"content":{"rendered":"<h2><strong>ULTRA FLEX liigese tugevdaja:<\/strong><\/h2>\n<ul>\n<li>Teaduslikult uuritud ja toimivad koostisosad<\/li>\n<li>Kaitseb ja taastab liigeseid, k\u00f5\u00f5luseid, liigese kapsleid, k\u00f5hresi ja luukude<\/li>\n<li>Aitab leevendada valu<\/li>\n<\/ul>\n<p><strong>Ultra Flex <\/strong>on tipptasemel toidulisand.Toode on hoolikalt valitud koostisega: gl\u00fckoosamiin, kondroitiin, met\u00fc\u00fclsulfon\u00fc\u00fclmetaan (MSM), Boswellia serrata ekstrakt ja h\u00fcaluronaan \u2013 k\u00f5ik selleks, et tagada soovitud m\u00f5ju ja kaitse sinu liigestele.<\/p>\n<p><strong>Ultra Flex<\/strong>i eesm\u00e4rk on kaitsta ja taastada organismi sidekude: liigesed, k\u00f5hred, k\u00f5\u00f5lused, liigeste kapslid ja luukude. Toode parandab liikuvust, kaitseb sidekude kahjustuste eest, v\u00e4hendab valu ja aitab v\u00e4ltida luudel katlakivi tekkimist. Toode on loodud nii f\u00fc\u00fcsiliselt aktiivsetele kui ka vigastatud v\u00f5i haigete liigestega inimestele.<\/p>\n<p><strong>Ultra Flexis<\/strong> sisalduv gl\u00fckosamiin pidurdab liigestes toimivaid kataboolseid protsesse ning aitab luua liigesv\u00f5iet. Kondroitiin taastab sidekoe kaitses k\u00f5hre degeneratsiooni. MSM loob kiududest kollageeni ja h\u00fcaluronaani peetakse t\u00e4htsaks osaks s\u00fcnoviaalvedeliku loomisel. K\u00f5ike seda toetab lisaks C-vitamiin, mis on oluline ens\u00fcmaatilistel protsessidel. See toode rahuldab k\u00f5iki neid, kes p\u00fc\u00fcavad taastada oma \u00fclekoormatud ja kahjustatud liigeseid!<\/p>\n<p><strong>KOOSTISOSAD<\/strong>:<\/p>\n<p><strong>Violett kapsel<\/strong>: H\u00fcdrol\u00fc\u00fcsitud kollageeni peptiidid (<em>OmniCol<\/em>\u2122), \u017eelatiin (kapsli \u00fcmbris).<\/p>\n<p><strong>Must kapsel<\/strong>: <strong>D-gl\u00fckosamiinsulfaat 2kcl (koorikloomast)<\/strong>, met\u00fc\u00fclsulfon\u00fc\u00fclmetaan (MSM),kondroitiinsulfaat,<em> boswellia serrata<\/em> vaigu ekstrakt (<em> boswella carterii birdw<\/em>.; kaasaarvatud 20% <em>Boswellic<\/em> hape), \u017eelatiin ( kapsli \u00fcmbris), kurkum risoomiekstrakt ( <em>Curcuma Longa<\/em>; kaasaarvatud 95% kurkumiin), ingveri juure ekstrakt (<em>zingiber officinale roscoe<\/em>; kaasaarvatud 5% <em>gingerols<\/em>), L-askorbiinhape ( C-vitamiin), kvertsetiiniseemne ekstrakt (<em>Sophora Japonica<\/em>), magneesiumtsitraat (kaasaarvatud 16% magneesium), tsinktsitraat ( kaasaarvatud 30% tsink), bromelain, h\u00fcaluroonhape.<\/p>\n<p><strong>Soovitaud kasutamine<\/strong>: V\u00f5ta 3 violett ja 3 musta kapslit \u00fcks kord p\u00e4evas korraga. \u00c4ra \u00fcleta soovitatud kogust.<\/p>\n<p><strong>Suurus:<\/strong> 2 x 90 kapslit = 180 kapslit<\/p>\n<table>\n<tbody>\n<tr>\n<td width=\"213\"><strong>Aktiivsed toimeained<\/strong><\/td>\n<td width=\"213\"><strong>\u00dcks serveering ( 3 + 3 kapslit)<\/strong><\/td>\n<\/tr>\n<tr>\n<td width=\"213\">H\u00fcdrol\u00fc\u00fcsitud kollageeni peptiidid (<em>OmniCol<\/em>\u2122)<\/td>\n<td width=\"213\">2550mg<\/td>\n<\/tr>\n<tr>\n<td width=\"213\"><strong>D-gl\u00fckosamiinsulfaat 2kcl (koorikloomast)<\/strong><\/td>\n<td width=\"213\">1150mg<\/td>\n<\/tr>\n<tr>\n<td width=\"213\">met\u00fc\u00fclsulfon\u00fc\u00fclmetaan (MSM)<\/td>\n<td width=\"213\">1000mg<\/td>\n<\/tr>\n<tr>\n<td width=\"213\">Kondroitiinsulfaat<\/td>\n<td width=\"213\">900mg<\/td>\n<\/tr>\n<tr>\n<td width=\"213\"><em>boswellia serrata<\/em> vaigu ekstrakt (<em> boswella carterii birdw<\/em>.)<\/td>\n<td width=\"213\">250mg<\/td>\n<\/tr>\n<tr>\n<td width=\"213\">kurkum risoomiekstrakt ( <em>Curcuma Longa)<\/em><\/td>\n<td width=\"213\">150mg<\/td>\n<\/tr>\n<tr>\n<td width=\"213\">ingveri juure ekstrakt (<em>zingiber officinale roscoe)<\/em><\/td>\n<td width=\"213\">100mg<\/td>\n<\/tr>\n<tr>\n<td width=\"213\">L-askorbiinhape ( C-vitamiin)<\/td>\n<td width=\"213\">100mg \/125%*<\/td>\n<\/tr>\n<tr>\n<td width=\"213\">kvertsetiiniseemne ekstrakt (<em>Sophora Japonica<\/em>)<\/td>\n<td width=\"213\">50mg<\/td>\n<\/tr>\n<tr>\n<td width=\"213\">Magneesiumtsitraat<\/td>\n<td width=\"213\">50mg<\/td>\n<\/tr>\n<tr>\n<td width=\"213\">Tsinktsitraat<\/td>\n<td width=\"213\">30mg<\/td>\n<\/tr>\n<tr>\n<td width=\"213\">Bromelain<\/td>\n<td width=\"213\">25mg<\/td>\n<\/tr>\n<tr>\n<td width=\"213\">H\u00fcaluroonhape<\/td>\n<td width=\"213\">20mg<\/td>\n<\/tr>\n<\/tbody>\n<\/table>\n<p>Vaata ka meie Teisi Toidulisandeid Liigestele <a href=\"https:\/\/fit360.ee\/en\/product-category\/product-groups\/joint-support-en\/\"><strong>SIIT<\/strong><\/a>!<\/p>\n<p>Soovid teha suuremat tellimust? Vaata antud toodet meie HULGI lehelt\u00a0<a href=\"https:\/\/toidulisandidhulgi.ee\/product\/evolite-ultra-fl\u2026leks-2-x-90-caps\/\"><strong>SIIT<\/strong><\/a>!<\/p>\n","protected":false},"excerpt":{"rendered":"<ul>\n<li>Teaduslikult uuritud ja toimivad koostisosad<\/li>\n<li>Kaitseb ja taastab liigeseid, k\u00f5\u00f5luseid, liigese kapsleid, k\u00f5hresi ja luukude<\/li>\n<li>Aitab leevendada valu<\/li>\n<\/ul>\n<p>&nbsp;<\/p>\n","protected":false},"featured_media":85373,"comment_status":"open","ping_status":"closed","template":"","meta":[],"product_brand":[],"product_cat":[1636,1618,2341,5317,527,2342,1454,536],"product_tag":[1773,5456,5457],"giftcard-category":[],"class_list":{"0":"post-37482","1":"product","2":"type-product","3":"status-publish","4":"has-post-thumbnail","6":"product_cat-collagen-en","7":"product_cat-evolite-en","8":"product_cat-glucosamine-en","9":"product_cat-hyaluronic-acid-en","10":"product_cat-joint-support-en","11":"product_cat-msm-en","12":"product_cat-superfoods-health-foods-en","13":"product_cat-vitamins-and-minerals-en","14":"product_tag-evolite-en","15":"product_tag-liigese-tugevedaja-en","16":"product_tag-ultra-flex-en","17":"pa_toidulisand-branddd-evolite","18":"pa_tootegruppp-for-joints","19":"pa_tootegruppp-glukosamiin-en","20":"pa_tootegruppp-hualuroonhape-en","21":"pa_tootegruppp-kollageenid-en","22":"pa_tootegruppp-msm-en","23":"pa_tootegruppp-supertoit-tervisetoit-en","24":"pa_tootegruppp-vitamins-and-minerals","26":"first","27":"outofstock","28":"sale","29":"taxable","30":"shipping-taxable","31":"purchasable","32":"product-type-simple"},"yoast_head":"<!-- This site is optimized with the Yoast SEO plugin v27.3 - https:\/\/yoast.com\/product\/yoast-seo-wordpress\/ -->\n<title>Evolite Ultra Flex liigese tugevdamise kompleks (2 x 90 caps) - Fit360<\/title>\n<meta name=\"description\" content=\"Ultra Flex on tipptasemel toidulisand liigestele.Toode on hoolikalt valitud koostisega: gl\u00fckoosamiin, kondroitiin, met\u00fc\u00fclsulfon\u00fc...\" \/>\n<meta name=\"robots\" content=\"index, follow, max-snippet:-1, max-image-preview:large, max-video-preview:-1\" \/>\n<link rel=\"canonical\" href=\"https:\/\/fit360.ee\/en\/pood\/product-groups\/superfoods-health-foods-en\/glucosamine-en\/evolite-ultra-flex-liigese-tugevdamise-kompleks-2-x-90-caps\/\" \/>\n<meta property=\"og:locale\" content=\"en_US\" \/>\n<meta property=\"og:type\" content=\"article\" \/>\n<meta property=\"og:title\" content=\"Evolite Ultra Flex liigese tugevdamise kompleks (2 x 90 caps) - Fit360\" \/>\n<meta property=\"og:description\" content=\"Ultra Flex on tipptasemel toidulisand liigestele.Toode on hoolikalt valitud koostisega: gl\u00fckoosamiin, kondroitiin, met\u00fc\u00fclsulfon\u00fc...\" \/>\n<meta property=\"og:url\" content=\"https:\/\/fit360.ee\/en\/pood\/product-groups\/superfoods-health-foods-en\/glucosamine-en\/evolite-ultra-flex-liigese-tugevdamise-kompleks-2-x-90-caps\/\" \/>\n<meta property=\"og:site_name\" content=\"Fit360\" \/>\n<meta property=\"article:modified_time\" content=\"2026-04-11T08:42:22+00:00\" \/>\n<meta property=\"og:image\" content=\"https:\/\/fit360.ee\/wp-content\/uploads\/2020\/06\/ultra-flex-liigese-tugevdaja-fit360.ee_.jpg\" \/>\n\t<meta property=\"og:image:width\" content=\"800\" \/>\n\t<meta property=\"og:image:height\" content=\"800\" \/>\n\t<meta property=\"og:image:type\" content=\"image\/jpeg\" \/>\n<meta name=\"twitter:card\" content=\"summary_large_image\" \/>\n<meta name=\"twitter:label1\" content=\"Est. reading time\" \/>\n\t<meta name=\"twitter:data1\" content=\"2 minutes\" \/>\n<script type=\"application\/ld+json\" class=\"yoast-schema-graph\">{\"@context\":\"https:\\\/\\\/schema.org\",\"@graph\":[{\"@type\":\"WebPage\",\"@id\":\"https:\\\/\\\/fit360.ee\\\/en\\\/pood\\\/product-groups\\\/superfoods-health-foods-en\\\/glucosamine-en\\\/evolite-ultra-flex-liigese-tugevdamise-kompleks-2-x-90-caps\\\/\",\"url\":\"https:\\\/\\\/fit360.ee\\\/en\\\/pood\\\/product-groups\\\/superfoods-health-foods-en\\\/glucosamine-en\\\/evolite-ultra-flex-liigese-tugevdamise-kompleks-2-x-90-caps\\\/\",\"name\":\"Evolite Ultra Flex liigese tugevdamise kompleks (2 x 90 caps) - Fit360\",\"isPartOf\":{\"@id\":\"https:\\\/\\\/fit360.ee\\\/en\\\/#website\"},\"primaryImageOfPage\":{\"@id\":\"https:\\\/\\\/fit360.ee\\\/en\\\/pood\\\/product-groups\\\/superfoods-health-foods-en\\\/glucosamine-en\\\/evolite-ultra-flex-liigese-tugevdamise-kompleks-2-x-90-caps\\\/#primaryimage\"},\"image\":{\"@id\":\"https:\\\/\\\/fit360.ee\\\/en\\\/pood\\\/product-groups\\\/superfoods-health-foods-en\\\/glucosamine-en\\\/evolite-ultra-flex-liigese-tugevdamise-kompleks-2-x-90-caps\\\/#primaryimage\"},\"thumbnailUrl\":\"https:\\\/\\\/fit360.ee\\\/wp-content\\\/uploads\\\/2020\\\/06\\\/ultra-flex-liigese-tugevdaja-fit360.ee_.jpg\",\"datePublished\":\"2020-06-20T13:18:37+00:00\",\"dateModified\":\"2026-04-11T08:42:22+00:00\",\"description\":\"Ultra Flex on tipptasemel toidulisand liigestele.Toode on hoolikalt valitud koostisega: gl\u00fckoosamiin, kondroitiin, met\u00fc\u00fclsulfon\u00fc...\",\"breadcrumb\":{\"@id\":\"https:\\\/\\\/fit360.ee\\\/en\\\/pood\\\/product-groups\\\/superfoods-health-foods-en\\\/glucosamine-en\\\/evolite-ultra-flex-liigese-tugevdamise-kompleks-2-x-90-caps\\\/#breadcrumb\"},\"inLanguage\":\"en-US\",\"potentialAction\":[{\"@type\":\"ReadAction\",\"target\":[\"https:\\\/\\\/fit360.ee\\\/en\\\/pood\\\/product-groups\\\/superfoods-health-foods-en\\\/glucosamine-en\\\/evolite-ultra-flex-liigese-tugevdamise-kompleks-2-x-90-caps\\\/\"]}]},{\"@type\":\"ImageObject\",\"inLanguage\":\"en-US\",\"@id\":\"https:\\\/\\\/fit360.ee\\\/en\\\/pood\\\/product-groups\\\/superfoods-health-foods-en\\\/glucosamine-en\\\/evolite-ultra-flex-liigese-tugevdamise-kompleks-2-x-90-caps\\\/#primaryimage\",\"url\":\"https:\\\/\\\/fit360.ee\\\/wp-content\\\/uploads\\\/2020\\\/06\\\/ultra-flex-liigese-tugevdaja-fit360.ee_.jpg\",\"contentUrl\":\"https:\\\/\\\/fit360.ee\\\/wp-content\\\/uploads\\\/2020\\\/06\\\/ultra-flex-liigese-tugevdaja-fit360.ee_.jpg\",\"width\":800,\"height\":800,\"caption\":\"ultra flex liigese tugevdaja - fit360.ee\"},{\"@type\":\"BreadcrumbList\",\"@id\":\"https:\\\/\\\/fit360.ee\\\/en\\\/pood\\\/product-groups\\\/superfoods-health-foods-en\\\/glucosamine-en\\\/evolite-ultra-flex-liigese-tugevdamise-kompleks-2-x-90-caps\\\/#breadcrumb\",\"itemListElement\":[{\"@type\":\"ListItem\",\"position\":1,\"name\":\"Home\",\"item\":\"https:\\\/\\\/fit360.ee\\\/en\\\/\"},{\"@type\":\"ListItem\",\"position\":2,\"name\":\"Shop\",\"item\":\"https:\\\/\\\/fit360.ee\\\/en\\\/shop\\\/\"},{\"@type\":\"ListItem\",\"position\":3,\"name\":\"Evolite Ultra Flex liigese tugevdamise kompleks (2 x 90 caps)\"}]},{\"@type\":\"WebSite\",\"@id\":\"https:\\\/\\\/fit360.ee\\\/en\\\/#website\",\"url\":\"https:\\\/\\\/fit360.ee\\\/en\\\/\",\"name\":\"Fit360\",\"description\":\"\",\"publisher\":{\"@id\":\"https:\\\/\\\/fit360.ee\\\/en\\\/#organization\"},\"potentialAction\":[{\"@type\":\"SearchAction\",\"target\":{\"@type\":\"EntryPoint\",\"urlTemplate\":\"https:\\\/\\\/fit360.ee\\\/en\\\/?s={search_term_string}\"},\"query-input\":{\"@type\":\"PropertyValueSpecification\",\"valueRequired\":true,\"valueName\":\"search_term_string\"}}],\"inLanguage\":\"en-US\"},{\"@type\":\"Organization\",\"@id\":\"https:\\\/\\\/fit360.ee\\\/en\\\/#organization\",\"name\":\"Fit360\",\"url\":\"https:\\\/\\\/fit360.ee\\\/en\\\/\",\"logo\":{\"@type\":\"ImageObject\",\"inLanguage\":\"en-US\",\"@id\":\"https:\\\/\\\/fit360.ee\\\/en\\\/#\\\/schema\\\/logo\\\/image\\\/\",\"url\":\"https:\\\/\\\/fit360.ee\\\/wp-content\\\/uploads\\\/2017\\\/01\\\/logo-fit360.png\",\"contentUrl\":\"https:\\\/\\\/fit360.ee\\\/wp-content\\\/uploads\\\/2017\\\/01\\\/logo-fit360.png\",\"width\":180,\"height\":66,\"caption\":\"Fit360\"},\"image\":{\"@id\":\"https:\\\/\\\/fit360.ee\\\/en\\\/#\\\/schema\\\/logo\\\/image\\\/\"}}]}<\/script>\n<!-- \/ Yoast SEO plugin. -->","yoast_head_json":{"title":"Evolite Ultra Flex liigese tugevdamise kompleks (2 x 90 caps) - Fit360","description":"Ultra Flex on tipptasemel toidulisand liigestele.Toode on hoolikalt valitud koostisega: gl\u00fckoosamiin, kondroitiin, met\u00fc\u00fclsulfon\u00fc...","robots":{"index":"index","follow":"follow","max-snippet":"max-snippet:-1","max-image-preview":"max-image-preview:large","max-video-preview":"max-video-preview:-1"},"canonical":"https:\/\/fit360.ee\/en\/pood\/product-groups\/superfoods-health-foods-en\/glucosamine-en\/evolite-ultra-flex-liigese-tugevdamise-kompleks-2-x-90-caps\/","og_locale":"en_US","og_type":"article","og_title":"Evolite Ultra Flex liigese tugevdamise kompleks (2 x 90 caps) - Fit360","og_description":"Ultra Flex on tipptasemel toidulisand liigestele.Toode on hoolikalt valitud koostisega: gl\u00fckoosamiin, kondroitiin, met\u00fc\u00fclsulfon\u00fc...","og_url":"https:\/\/fit360.ee\/en\/pood\/product-groups\/superfoods-health-foods-en\/glucosamine-en\/evolite-ultra-flex-liigese-tugevdamise-kompleks-2-x-90-caps\/","og_site_name":"Fit360","article_modified_time":"2026-04-11T08:42:22+00:00","og_image":[{"width":800,"height":800,"url":"https:\/\/fit360.ee\/wp-content\/uploads\/2020\/06\/ultra-flex-liigese-tugevdaja-fit360.ee_.jpg","type":"image\/jpeg"}],"twitter_card":"summary_large_image","twitter_misc":{"Est. reading time":"2 minutes"},"schema":{"@context":"https:\/\/schema.org","@graph":[{"@type":"WebPage","@id":"https:\/\/fit360.ee\/en\/pood\/product-groups\/superfoods-health-foods-en\/glucosamine-en\/evolite-ultra-flex-liigese-tugevdamise-kompleks-2-x-90-caps\/","url":"https:\/\/fit360.ee\/en\/pood\/product-groups\/superfoods-health-foods-en\/glucosamine-en\/evolite-ultra-flex-liigese-tugevdamise-kompleks-2-x-90-caps\/","name":"Evolite Ultra Flex liigese tugevdamise kompleks (2 x 90 caps) - Fit360","isPartOf":{"@id":"https:\/\/fit360.ee\/en\/#website"},"primaryImageOfPage":{"@id":"https:\/\/fit360.ee\/en\/pood\/product-groups\/superfoods-health-foods-en\/glucosamine-en\/evolite-ultra-flex-liigese-tugevdamise-kompleks-2-x-90-caps\/#primaryimage"},"image":{"@id":"https:\/\/fit360.ee\/en\/pood\/product-groups\/superfoods-health-foods-en\/glucosamine-en\/evolite-ultra-flex-liigese-tugevdamise-kompleks-2-x-90-caps\/#primaryimage"},"thumbnailUrl":"https:\/\/fit360.ee\/wp-content\/uploads\/2020\/06\/ultra-flex-liigese-tugevdaja-fit360.ee_.jpg","datePublished":"2020-06-20T13:18:37+00:00","dateModified":"2026-04-11T08:42:22+00:00","description":"Ultra Flex on tipptasemel toidulisand liigestele.Toode on hoolikalt valitud koostisega: gl\u00fckoosamiin, kondroitiin, met\u00fc\u00fclsulfon\u00fc...","breadcrumb":{"@id":"https:\/\/fit360.ee\/en\/pood\/product-groups\/superfoods-health-foods-en\/glucosamine-en\/evolite-ultra-flex-liigese-tugevdamise-kompleks-2-x-90-caps\/#breadcrumb"},"inLanguage":"en-US","potentialAction":[{"@type":"ReadAction","target":["https:\/\/fit360.ee\/en\/pood\/product-groups\/superfoods-health-foods-en\/glucosamine-en\/evolite-ultra-flex-liigese-tugevdamise-kompleks-2-x-90-caps\/"]}]},{"@type":"ImageObject","inLanguage":"en-US","@id":"https:\/\/fit360.ee\/en\/pood\/product-groups\/superfoods-health-foods-en\/glucosamine-en\/evolite-ultra-flex-liigese-tugevdamise-kompleks-2-x-90-caps\/#primaryimage","url":"https:\/\/fit360.ee\/wp-content\/uploads\/2020\/06\/ultra-flex-liigese-tugevdaja-fit360.ee_.jpg","contentUrl":"https:\/\/fit360.ee\/wp-content\/uploads\/2020\/06\/ultra-flex-liigese-tugevdaja-fit360.ee_.jpg","width":800,"height":800,"caption":"ultra flex liigese tugevdaja - fit360.ee"},{"@type":"BreadcrumbList","@id":"https:\/\/fit360.ee\/en\/pood\/product-groups\/superfoods-health-foods-en\/glucosamine-en\/evolite-ultra-flex-liigese-tugevdamise-kompleks-2-x-90-caps\/#breadcrumb","itemListElement":[{"@type":"ListItem","position":1,"name":"Home","item":"https:\/\/fit360.ee\/en\/"},{"@type":"ListItem","position":2,"name":"Shop","item":"https:\/\/fit360.ee\/en\/shop\/"},{"@type":"ListItem","position":3,"name":"Evolite Ultra Flex liigese tugevdamise kompleks (2 x 90 caps)"}]},{"@type":"WebSite","@id":"https:\/\/fit360.ee\/en\/#website","url":"https:\/\/fit360.ee\/en\/","name":"Fit360","description":"","publisher":{"@id":"https:\/\/fit360.ee\/en\/#organization"},"potentialAction":[{"@type":"SearchAction","target":{"@type":"EntryPoint","urlTemplate":"https:\/\/fit360.ee\/en\/?s={search_term_string}"},"query-input":{"@type":"PropertyValueSpecification","valueRequired":true,"valueName":"search_term_string"}}],"inLanguage":"en-US"},{"@type":"Organization","@id":"https:\/\/fit360.ee\/en\/#organization","name":"Fit360","url":"https:\/\/fit360.ee\/en\/","logo":{"@type":"ImageObject","inLanguage":"en-US","@id":"https:\/\/fit360.ee\/en\/#\/schema\/logo\/image\/","url":"https:\/\/fit360.ee\/wp-content\/uploads\/2017\/01\/logo-fit360.png","contentUrl":"https:\/\/fit360.ee\/wp-content\/uploads\/2017\/01\/logo-fit360.png","width":180,"height":66,"caption":"Fit360"},"image":{"@id":"https:\/\/fit360.ee\/en\/#\/schema\/logo\/image\/"}}]}},"_links":{"self":[{"href":"https:\/\/fit360.ee\/en\/wp-json\/wp\/v2\/product\/37482","targetHints":{"allow":["GET"]}}],"collection":[{"href":"https:\/\/fit360.ee\/en\/wp-json\/wp\/v2\/product"}],"about":[{"href":"https:\/\/fit360.ee\/en\/wp-json\/wp\/v2\/types\/product"}],"replies":[{"embeddable":true,"href":"https:\/\/fit360.ee\/en\/wp-json\/wp\/v2\/comments?post=37482"}],"wp:featuredmedia":[{"embeddable":true,"href":"https:\/\/fit360.ee\/en\/wp-json\/wp\/v2\/media\/85373"}],"wp:attachment":[{"href":"https:\/\/fit360.ee\/en\/wp-json\/wp\/v2\/media?parent=37482"}],"wp:term":[{"taxonomy":"product_brand","embeddable":true,"href":"https:\/\/fit360.ee\/en\/wp-json\/wp\/v2\/product_brand?post=37482"},{"taxonomy":"product_cat","embeddable":true,"href":"https:\/\/fit360.ee\/en\/wp-json\/wp\/v2\/product_cat?post=37482"},{"taxonomy":"product_tag","embeddable":true,"href":"https:\/\/fit360.ee\/en\/wp-json\/wp\/v2\/product_tag?post=37482"},{"taxonomy":"giftcard-category","embeddable":true,"href":"https:\/\/fit360.ee\/en\/wp-json\/wp\/v2\/giftcard-category?post=37482"}],"curies":[{"name":"wp","href":"https:\/\/api.w.org\/{rel}","templated":true}]}}