{"id":37570,"date":"2020-07-03T14:03:16","date_gmt":"2020-07-03T12:03:16","guid":{"rendered":"https:\/\/fit360.ee\/pood\/uncategorized\/kollagen-ja-lisa\/"},"modified":"2026-04-10T15:42:10","modified_gmt":"2026-04-10T13:42:10","slug":"kollagen-ja-lisa","status":"publish","type":"product","link":"https:\/\/fit360.ee\/en\/pood\/product-groups\/superfoods-health-foods-en\/glucosamine-en\/kollagen-ja-lisa\/","title":{"rendered":"Kollageen &amp; Lisa (400g)"},"content":{"rendered":"<h1>Kollageen &amp; Lisa &#8211; Collagen &amp; More<\/h1>\n<p><strong>Koostisosad<\/strong>: h\u00fcdrol\u00fc\u00fcsitud kollageen, met\u00fc\u00fclsulfon\u00fc\u00fclmetaan (MSM), l\u00f5hna- ja maitseained, kaltsiumkarbonaat ( kaltsium ), gl\u00fckosamiinsulfaat, L-askorbiinhape (vitamiin C),\u00a0 kondroitiinsulfaat, masgusaine &#8211; ts\u00fclamiinhape, sahhariin, atsesulfaami kaalium, \u00f5unhape, happelisuse regulaator &#8211; sidrunhape, v\u00e4rvained.<\/p>\n<p><strong>Soovitatud kasutamine<\/strong>: Tarbi 15g pulbrit segatuna 200ml veega \u00fcks kord p\u00e4evas. M\u00f5\u00f5telusikas on pakendis.<\/p>\n<p><strong>Suurus<\/strong>: 400g &#8211; 26 serveeringut.<\/p>\n<table>\n<tbody>\n<tr>\n<td width=\"205\"><strong>Aktiivsed toimeained<\/strong><\/td>\n<td width=\"205\"><strong>1 serveering &#8211; 15g<\/strong><\/td>\n<td width=\"205\"><strong>%SPK*<\/strong><\/td>\n<\/tr>\n<tr>\n<td width=\"205\">H\u00fcdrol\u00fc\u00fcsitud veise kollageen<\/td>\n<td width=\"205\">10g<\/td>\n<td width=\"205\">&#8211;<\/td>\n<\/tr>\n<tr>\n<td width=\"205\">MSM<\/td>\n<td width=\"205\">1g<\/td>\n<td width=\"205\">&#8211;<\/td>\n<\/tr>\n<tr>\n<td width=\"205\">Gl\u00fckosamiin<\/td>\n<td width=\"205\">200mg<\/td>\n<td width=\"205\">&#8211;<\/td>\n<\/tr>\n<tr>\n<td width=\"205\">Kaltsium<\/td>\n<td width=\"205\">720mg<\/td>\n<td width=\"205\">90%<\/td>\n<\/tr>\n<tr>\n<td width=\"205\">Kondroitiin<\/td>\n<td width=\"205\">20mg<\/td>\n<td width=\"205\">&#8211;<\/td>\n<\/tr>\n<tr>\n<td width=\"205\">Vitamiin C<\/td>\n<td width=\"205\">160mg<\/td>\n<td width=\"205\">200%<\/td>\n<\/tr>\n<\/tbody>\n<\/table>\n<p>SPK &#8211; soovitatud p\u00e4evane kogus.<\/p>\n<p><a href=\"https:\/\/fit360.ee\/wp-content\/uploads\/2020\/07\/kollageen-_liigesravi.jpg\"><img loading=\"lazy\" decoding=\"async\" class=\"alignnone size-medium wp-image-37568\" src=\"https:\/\/fit360.ee\/wp-content\/uploads\/2020\/07\/kollageen-_liigesravi.jpg\" alt=\"H\u00fcdrol\u00fc\u00fcsitud kollageen\" width=\"800\" height=\"800\" srcset=\"https:\/\/fit360.ee\/wp-content\/uploads\/2020\/07\/kollageen-_liigesravi.jpg 960w, https:\/\/fit360.ee\/wp-content\/uploads\/2020\/07\/kollageen-_liigesravi-247x247.jpg 247w, https:\/\/fit360.ee\/wp-content\/uploads\/2020\/07\/kollageen-_liigesravi-100x100.jpg 100w, https:\/\/fit360.ee\/wp-content\/uploads\/2020\/07\/kollageen-_liigesravi-510x510.jpg 510w\" sizes=\"auto, (max-width: 800px) 100vw, 800px\" \/><\/a><\/p>\n<p>Soovid kaupa osta suuremas koguses? Vaata antud toodet ka meie HULGI poest\u00a0<a href=\"https:\/\/toidulisandidhulgi.ee\/product\/kollageen-lisa-400g\/\"><strong>SIIT<\/strong><\/a>!<\/p>\n","protected":false},"excerpt":{"rendered":"<ul>\n<li>Tugevdab luustikku ja liigeseid<\/li>\n<li>Kasulik Sinu nahale ja juustele<\/li>\n<li>Saadaval maitsega &#8211; saad tarbida seda veega v\u00f5i lisada smuuti segudesse<\/li>\n<li>Teaduslikes uuringutes t\u00f5estatud liigesevalusid leevendav toime<\/li>\n<\/ul>\n<p><strong>Kollageen &amp; Lisa<\/strong> tootes on kombineeritud h\u00fcdrol\u00fc\u00fcsitud kollageeni, MSM, Kaltsium, Kondroitiin ja Kaltsium ning parimaks toimeks ja imendumiseks lisatud C vitamiini. See kombinatsioon toimib veel paremini kui k\u00f5ik selle kiidetud koostisosad eraldi ning on ideaalne kasutada nii liigesevalude korral kui ka oma juuste, k\u00fc\u00fcnte ja naha tervise heaks.<\/p>\n","protected":false},"featured_media":85272,"comment_status":"open","ping_status":"closed","template":"","meta":[],"product_brand":[],"product_cat":[1636,2341,527,2342,1326,1454],"product_tag":[1723,1724,1725],"giftcard-category":[],"class_list":{"0":"post-37570","1":"product","2":"type-product","3":"status-publish","4":"has-post-thumbnail","6":"product_cat-collagen-en","7":"product_cat-glucosamine-en","8":"product_cat-joint-support-en","9":"product_cat-msm-en","10":"product_cat-proactive-en","11":"product_cat-superfoods-health-foods-en","12":"product_tag-hudroluusitud-kollageen-en","13":"product_tag-kollageen-en","14":"product_tag-liigesed-en","15":"pa_maitse-arbuus-en","16":"pa_maitse-lemon","17":"pa_maitse-mango-en","18":"pa_maitse-orange","19":"pa_maitse-viinamarja-en","21":"first","22":"instock","23":"sale","24":"taxable","25":"shipping-taxable","26":"purchasable","27":"product-type-variable"},"yoast_head":"<!-- This site is optimized with the Yoast SEO plugin v27.3 - https:\/\/yoast.com\/product\/yoast-seo-wordpress\/ -->\n<title>Kollageen &amp; Lisa (400g) - Suurep\u00e4rane hind 13,89\u20ac\/400g- Tarne: 1-3 p\u00e4eva<\/title>\n<meta name=\"description\" content=\"Kollageen &amp; Lisa tootes on kombineeritud h\u00fcdrol\u00fc\u00fcsitud kollageeni, MSM, Kaltsium ja Kaltsium ning parimaks toimeks ja imendumiseks lisatud C-vitamiin.\" \/>\n<meta name=\"robots\" content=\"index, follow, max-snippet:-1, max-image-preview:large, max-video-preview:-1\" \/>\n<link rel=\"canonical\" href=\"https:\/\/fit360.ee\/en\/pood\/product-groups\/superfoods-health-foods-en\/glucosamine-en\/kollagen-ja-lisa\/\" \/>\n<meta property=\"og:locale\" content=\"en_US\" \/>\n<meta property=\"og:type\" content=\"article\" \/>\n<meta property=\"og:title\" content=\"Kollageen &amp; Lisa (400g) - Suurep\u00e4rane hind 13,89\u20ac\/400g- Tarne: 1-3 p\u00e4eva\" \/>\n<meta property=\"og:description\" content=\"Kollageen &amp; Lisa tootes on kombineeritud h\u00fcdrol\u00fc\u00fcsitud kollageeni, MSM, Kaltsium ja Kaltsium ning parimaks toimeks ja imendumiseks lisatud C-vitamiin.\" \/>\n<meta property=\"og:url\" content=\"https:\/\/fit360.ee\/en\/pood\/product-groups\/superfoods-health-foods-en\/glucosamine-en\/kollagen-ja-lisa\/\" \/>\n<meta property=\"og:site_name\" content=\"Fit360\" \/>\n<meta property=\"article:modified_time\" content=\"2026-04-10T13:42:10+00:00\" \/>\n<meta property=\"og:image\" content=\"https:\/\/fit360.ee\/wp-content\/uploads\/2020\/07\/kollageen-ja-lisa-liigese-kompleks-fit360.ee_.png\" \/>\n\t<meta property=\"og:image:width\" content=\"391\" \/>\n\t<meta property=\"og:image:height\" content=\"411\" \/>\n\t<meta property=\"og:image:type\" content=\"image\/png\" \/>\n<meta name=\"twitter:card\" content=\"summary_large_image\" \/>\n<meta name=\"twitter:label1\" content=\"Est. reading time\" \/>\n\t<meta name=\"twitter:data1\" content=\"1 minute\" \/>\n<script type=\"application\/ld+json\" class=\"yoast-schema-graph\">{\"@context\":\"https:\\\/\\\/schema.org\",\"@graph\":[{\"@type\":\"WebPage\",\"@id\":\"https:\\\/\\\/fit360.ee\\\/en\\\/pood\\\/product-groups\\\/superfoods-health-foods-en\\\/glucosamine-en\\\/kollagen-ja-lisa\\\/\",\"url\":\"https:\\\/\\\/fit360.ee\\\/en\\\/pood\\\/product-groups\\\/superfoods-health-foods-en\\\/glucosamine-en\\\/kollagen-ja-lisa\\\/\",\"name\":\"Kollageen &amp; Lisa (400g) - Suurep\u00e4rane hind 13,89\u20ac\\\/400g- Tarne: 1-3 p\u00e4eva\",\"isPartOf\":{\"@id\":\"https:\\\/\\\/fit360.ee\\\/en\\\/#website\"},\"primaryImageOfPage\":{\"@id\":\"https:\\\/\\\/fit360.ee\\\/en\\\/pood\\\/product-groups\\\/superfoods-health-foods-en\\\/glucosamine-en\\\/kollagen-ja-lisa\\\/#primaryimage\"},\"image\":{\"@id\":\"https:\\\/\\\/fit360.ee\\\/en\\\/pood\\\/product-groups\\\/superfoods-health-foods-en\\\/glucosamine-en\\\/kollagen-ja-lisa\\\/#primaryimage\"},\"thumbnailUrl\":\"https:\\\/\\\/fit360.ee\\\/wp-content\\\/uploads\\\/2020\\\/07\\\/kollageen-ja-lisa-liigese-kompleks-fit360.ee_.png\",\"datePublished\":\"2020-07-03T12:03:16+00:00\",\"dateModified\":\"2026-04-10T13:42:10+00:00\",\"description\":\"Kollageen & Lisa tootes on kombineeritud h\u00fcdrol\u00fc\u00fcsitud kollageeni, MSM, Kaltsium ja Kaltsium ning parimaks toimeks ja imendumiseks lisatud C-vitamiin.\",\"breadcrumb\":{\"@id\":\"https:\\\/\\\/fit360.ee\\\/en\\\/pood\\\/product-groups\\\/superfoods-health-foods-en\\\/glucosamine-en\\\/kollagen-ja-lisa\\\/#breadcrumb\"},\"inLanguage\":\"en-US\",\"potentialAction\":[{\"@type\":\"ReadAction\",\"target\":[\"https:\\\/\\\/fit360.ee\\\/en\\\/pood\\\/product-groups\\\/superfoods-health-foods-en\\\/glucosamine-en\\\/kollagen-ja-lisa\\\/\"]}]},{\"@type\":\"ImageObject\",\"inLanguage\":\"en-US\",\"@id\":\"https:\\\/\\\/fit360.ee\\\/en\\\/pood\\\/product-groups\\\/superfoods-health-foods-en\\\/glucosamine-en\\\/kollagen-ja-lisa\\\/#primaryimage\",\"url\":\"https:\\\/\\\/fit360.ee\\\/wp-content\\\/uploads\\\/2020\\\/07\\\/kollageen-ja-lisa-liigese-kompleks-fit360.ee_.png\",\"contentUrl\":\"https:\\\/\\\/fit360.ee\\\/wp-content\\\/uploads\\\/2020\\\/07\\\/kollageen-ja-lisa-liigese-kompleks-fit360.ee_.png\",\"width\":391,\"height\":411,\"caption\":\"kollageen ja lisa liigese kompleks - fit360.ee\"},{\"@type\":\"BreadcrumbList\",\"@id\":\"https:\\\/\\\/fit360.ee\\\/en\\\/pood\\\/product-groups\\\/superfoods-health-foods-en\\\/glucosamine-en\\\/kollagen-ja-lisa\\\/#breadcrumb\",\"itemListElement\":[{\"@type\":\"ListItem\",\"position\":1,\"name\":\"Home\",\"item\":\"https:\\\/\\\/fit360.ee\\\/en\\\/\"},{\"@type\":\"ListItem\",\"position\":2,\"name\":\"Shop\",\"item\":\"https:\\\/\\\/fit360.ee\\\/en\\\/shop\\\/\"},{\"@type\":\"ListItem\",\"position\":3,\"name\":\"Kollageen &amp; Lisa (400g)\"}]},{\"@type\":\"WebSite\",\"@id\":\"https:\\\/\\\/fit360.ee\\\/en\\\/#website\",\"url\":\"https:\\\/\\\/fit360.ee\\\/en\\\/\",\"name\":\"Fit360\",\"description\":\"\",\"publisher\":{\"@id\":\"https:\\\/\\\/fit360.ee\\\/en\\\/#organization\"},\"potentialAction\":[{\"@type\":\"SearchAction\",\"target\":{\"@type\":\"EntryPoint\",\"urlTemplate\":\"https:\\\/\\\/fit360.ee\\\/en\\\/?s={search_term_string}\"},\"query-input\":{\"@type\":\"PropertyValueSpecification\",\"valueRequired\":true,\"valueName\":\"search_term_string\"}}],\"inLanguage\":\"en-US\"},{\"@type\":\"Organization\",\"@id\":\"https:\\\/\\\/fit360.ee\\\/en\\\/#organization\",\"name\":\"Fit360\",\"url\":\"https:\\\/\\\/fit360.ee\\\/en\\\/\",\"logo\":{\"@type\":\"ImageObject\",\"inLanguage\":\"en-US\",\"@id\":\"https:\\\/\\\/fit360.ee\\\/en\\\/#\\\/schema\\\/logo\\\/image\\\/\",\"url\":\"https:\\\/\\\/fit360.ee\\\/wp-content\\\/uploads\\\/2017\\\/01\\\/logo-fit360.png\",\"contentUrl\":\"https:\\\/\\\/fit360.ee\\\/wp-content\\\/uploads\\\/2017\\\/01\\\/logo-fit360.png\",\"width\":180,\"height\":66,\"caption\":\"Fit360\"},\"image\":{\"@id\":\"https:\\\/\\\/fit360.ee\\\/en\\\/#\\\/schema\\\/logo\\\/image\\\/\"}}]}<\/script>\n<!-- \/ Yoast SEO plugin. -->","yoast_head_json":{"title":"Kollageen &amp; Lisa (400g) - Suurep\u00e4rane hind 13,89\u20ac\/400g- Tarne: 1-3 p\u00e4eva","description":"Kollageen & Lisa tootes on kombineeritud h\u00fcdrol\u00fc\u00fcsitud kollageeni, MSM, Kaltsium ja Kaltsium ning parimaks toimeks ja imendumiseks lisatud C-vitamiin.","robots":{"index":"index","follow":"follow","max-snippet":"max-snippet:-1","max-image-preview":"max-image-preview:large","max-video-preview":"max-video-preview:-1"},"canonical":"https:\/\/fit360.ee\/en\/pood\/product-groups\/superfoods-health-foods-en\/glucosamine-en\/kollagen-ja-lisa\/","og_locale":"en_US","og_type":"article","og_title":"Kollageen &amp; Lisa (400g) - Suurep\u00e4rane hind 13,89\u20ac\/400g- Tarne: 1-3 p\u00e4eva","og_description":"Kollageen & Lisa tootes on kombineeritud h\u00fcdrol\u00fc\u00fcsitud kollageeni, MSM, Kaltsium ja Kaltsium ning parimaks toimeks ja imendumiseks lisatud C-vitamiin.","og_url":"https:\/\/fit360.ee\/en\/pood\/product-groups\/superfoods-health-foods-en\/glucosamine-en\/kollagen-ja-lisa\/","og_site_name":"Fit360","article_modified_time":"2026-04-10T13:42:10+00:00","og_image":[{"width":391,"height":411,"url":"https:\/\/fit360.ee\/wp-content\/uploads\/2020\/07\/kollageen-ja-lisa-liigese-kompleks-fit360.ee_.png","type":"image\/png"}],"twitter_card":"summary_large_image","twitter_misc":{"Est. reading time":"1 minute"},"schema":{"@context":"https:\/\/schema.org","@graph":[{"@type":"WebPage","@id":"https:\/\/fit360.ee\/en\/pood\/product-groups\/superfoods-health-foods-en\/glucosamine-en\/kollagen-ja-lisa\/","url":"https:\/\/fit360.ee\/en\/pood\/product-groups\/superfoods-health-foods-en\/glucosamine-en\/kollagen-ja-lisa\/","name":"Kollageen &amp; Lisa (400g) - Suurep\u00e4rane hind 13,89\u20ac\/400g- Tarne: 1-3 p\u00e4eva","isPartOf":{"@id":"https:\/\/fit360.ee\/en\/#website"},"primaryImageOfPage":{"@id":"https:\/\/fit360.ee\/en\/pood\/product-groups\/superfoods-health-foods-en\/glucosamine-en\/kollagen-ja-lisa\/#primaryimage"},"image":{"@id":"https:\/\/fit360.ee\/en\/pood\/product-groups\/superfoods-health-foods-en\/glucosamine-en\/kollagen-ja-lisa\/#primaryimage"},"thumbnailUrl":"https:\/\/fit360.ee\/wp-content\/uploads\/2020\/07\/kollageen-ja-lisa-liigese-kompleks-fit360.ee_.png","datePublished":"2020-07-03T12:03:16+00:00","dateModified":"2026-04-10T13:42:10+00:00","description":"Kollageen & Lisa tootes on kombineeritud h\u00fcdrol\u00fc\u00fcsitud kollageeni, MSM, Kaltsium ja Kaltsium ning parimaks toimeks ja imendumiseks lisatud C-vitamiin.","breadcrumb":{"@id":"https:\/\/fit360.ee\/en\/pood\/product-groups\/superfoods-health-foods-en\/glucosamine-en\/kollagen-ja-lisa\/#breadcrumb"},"inLanguage":"en-US","potentialAction":[{"@type":"ReadAction","target":["https:\/\/fit360.ee\/en\/pood\/product-groups\/superfoods-health-foods-en\/glucosamine-en\/kollagen-ja-lisa\/"]}]},{"@type":"ImageObject","inLanguage":"en-US","@id":"https:\/\/fit360.ee\/en\/pood\/product-groups\/superfoods-health-foods-en\/glucosamine-en\/kollagen-ja-lisa\/#primaryimage","url":"https:\/\/fit360.ee\/wp-content\/uploads\/2020\/07\/kollageen-ja-lisa-liigese-kompleks-fit360.ee_.png","contentUrl":"https:\/\/fit360.ee\/wp-content\/uploads\/2020\/07\/kollageen-ja-lisa-liigese-kompleks-fit360.ee_.png","width":391,"height":411,"caption":"kollageen ja lisa liigese kompleks - fit360.ee"},{"@type":"BreadcrumbList","@id":"https:\/\/fit360.ee\/en\/pood\/product-groups\/superfoods-health-foods-en\/glucosamine-en\/kollagen-ja-lisa\/#breadcrumb","itemListElement":[{"@type":"ListItem","position":1,"name":"Home","item":"https:\/\/fit360.ee\/en\/"},{"@type":"ListItem","position":2,"name":"Shop","item":"https:\/\/fit360.ee\/en\/shop\/"},{"@type":"ListItem","position":3,"name":"Kollageen &amp; Lisa (400g)"}]},{"@type":"WebSite","@id":"https:\/\/fit360.ee\/en\/#website","url":"https:\/\/fit360.ee\/en\/","name":"Fit360","description":"","publisher":{"@id":"https:\/\/fit360.ee\/en\/#organization"},"potentialAction":[{"@type":"SearchAction","target":{"@type":"EntryPoint","urlTemplate":"https:\/\/fit360.ee\/en\/?s={search_term_string}"},"query-input":{"@type":"PropertyValueSpecification","valueRequired":true,"valueName":"search_term_string"}}],"inLanguage":"en-US"},{"@type":"Organization","@id":"https:\/\/fit360.ee\/en\/#organization","name":"Fit360","url":"https:\/\/fit360.ee\/en\/","logo":{"@type":"ImageObject","inLanguage":"en-US","@id":"https:\/\/fit360.ee\/en\/#\/schema\/logo\/image\/","url":"https:\/\/fit360.ee\/wp-content\/uploads\/2017\/01\/logo-fit360.png","contentUrl":"https:\/\/fit360.ee\/wp-content\/uploads\/2017\/01\/logo-fit360.png","width":180,"height":66,"caption":"Fit360"},"image":{"@id":"https:\/\/fit360.ee\/en\/#\/schema\/logo\/image\/"}}]}},"_links":{"self":[{"href":"https:\/\/fit360.ee\/en\/wp-json\/wp\/v2\/product\/37570","targetHints":{"allow":["GET"]}}],"collection":[{"href":"https:\/\/fit360.ee\/en\/wp-json\/wp\/v2\/product"}],"about":[{"href":"https:\/\/fit360.ee\/en\/wp-json\/wp\/v2\/types\/product"}],"replies":[{"embeddable":true,"href":"https:\/\/fit360.ee\/en\/wp-json\/wp\/v2\/comments?post=37570"}],"wp:featuredmedia":[{"embeddable":true,"href":"https:\/\/fit360.ee\/en\/wp-json\/wp\/v2\/media\/85272"}],"wp:attachment":[{"href":"https:\/\/fit360.ee\/en\/wp-json\/wp\/v2\/media?parent=37570"}],"wp:term":[{"taxonomy":"product_brand","embeddable":true,"href":"https:\/\/fit360.ee\/en\/wp-json\/wp\/v2\/product_brand?post=37570"},{"taxonomy":"product_cat","embeddable":true,"href":"https:\/\/fit360.ee\/en\/wp-json\/wp\/v2\/product_cat?post=37570"},{"taxonomy":"product_tag","embeddable":true,"href":"https:\/\/fit360.ee\/en\/wp-json\/wp\/v2\/product_tag?post=37570"},{"taxonomy":"giftcard-category","embeddable":true,"href":"https:\/\/fit360.ee\/en\/wp-json\/wp\/v2\/giftcard-category?post=37570"}],"curies":[{"name":"wp","href":"https:\/\/api.w.org\/{rel}","templated":true}]}}