{"id":37601,"date":"2020-07-03T16:03:04","date_gmt":"2020-07-03T14:03:04","guid":{"rendered":"https:\/\/fit360.ee\/pood\/uncategorized\/whey-protein-100-25g\/"},"modified":"2025-08-13T07:39:14","modified_gmt":"2025-08-13T05:39:14","slug":"whey-protein-100-25g","status":"publish","type":"product","link":"https:\/\/fit360.ee\/en\/pood\/product-groups\/protein-poweders-en\/whey-protein-en\/whey-protein-100-25g\/","title":{"rendered":"Whey Protein 100% (25g)"},"content":{"rendered":"<p><strong>KASUTAMINE: <\/strong>Lisada 25 g paki sisule 250-300 ml vett v\u00f5i muud meelep\u00e4rast jooki ja loksutada pudelis v\u00f5i \u0161eikeris. Tarvita vastavalt vajadusele treeningu eel, ajal v\u00f5i p\u00e4rast treeningut. Hoida lastele k\u00e4ttesaamatus kohas.<\/p>\n<p><strong>KOOSTISOSAD: <\/strong>\u00a0vadakuvalgu isolaat, vadakuvalgu kontsentraat (sisaldab sojaletsitiin), gluteenivaba k\u00fcpsise puru 2.5%, maitse- ja l\u00f5hnaained, paksendaja (naatriumkarboks\u00fcmet\u00fc\u00fcltselluloos), sool, magusaine (sukraloos), toiduv\u00e4rv (sulfit-ammoniaagi karamell).<\/p>\n<p><strong>MAITSED: <\/strong>Cookies &amp; Cream maasika<\/p>\n<p><strong>PAKEND: <\/strong>25g<\/p>\n","protected":false},"excerpt":{"rendered":"<p><strong>Whey Proteiin 100%<\/strong>\u00a0valgupulber on 72%-lise valgu (proteiini) sisaldusega joogipulber magusainega on puhas, t\u00f5eliselt hea maitsega h\u00e4stisegunev valgu (proteiini) pulber. Tegemist on kvaliteetse ning t\u00f5husa lisandiga iga aktiivse inimese toidule.<\/p>\n<ul>\n<li>Esmaklassiline toitev\u00e4\u00e4rtus: madal su\u0308sivesikute, suhkrute ning rasva sisaldus.<\/li>\n<li>Suurep\u00e4rased maitsed.<\/li>\n<li>Lahustub v\u00e4ga h\u00e4sti.<\/li>\n<li>Karbis 24 tk (600 g).<\/li>\n<li>Puhas ning kvaliteetne, 72%-lise valgu (proteiini) sisaldusega toode.<\/li>\n<li>Sisaldab 7 g asendamatuid aminohappeid.<\/li>\n<li>M\u00f5istlik hind t\u00f5eliselt kvaliteetsele tootele.<\/li>\n<li>Ei sisalda magustajat aspartaami.<\/li>\n<\/ul>\n","protected":false},"featured_media":37598,"comment_status":"open","ping_status":"closed","template":"","meta":[],"product_brand":[],"product_cat":[1571,535,2420],"product_tag":[],"giftcard-category":[],"class_list":{"0":"post-37601","1":"product","2":"type-product","3":"status-publish","4":"has-post-thumbnail","6":"product_cat-365jp-en","7":"product_cat-protein-poweders-en","8":"product_cat-whey-protein-en","9":"pa_maitse-cream-cookie","10":"pa_maitse-strawberry-2","12":"first","13":"instock","14":"taxable","15":"shipping-taxable","16":"purchasable","17":"product-type-variable"},"yoast_head":"<!-- This site is optimized with the Yoast SEO plugin v27.3 - https:\/\/yoast.com\/product\/yoast-seo-wordpress\/ -->\n<title>Whey Protein 100% (25g) - Fit360<\/title>\n<meta name=\"robots\" content=\"index, follow, max-snippet:-1, max-image-preview:large, max-video-preview:-1\" \/>\n<link rel=\"canonical\" href=\"https:\/\/fit360.ee\/en\/pood\/product-groups\/protein-poweders-en\/whey-protein-en\/whey-protein-100-25g\/\" \/>\n<meta property=\"og:locale\" content=\"en_US\" \/>\n<meta property=\"og:type\" content=\"article\" \/>\n<meta property=\"og:title\" content=\"Whey Protein 100% (25g) - Fit360\" \/>\n<meta property=\"og:description\" content=\"Whey Proteiin 100%\u00a0valgupulber on 72%-lise valgu (proteiini) sisaldusega joogipulber magusainega on puhas, t\u00f5eliselt hea maitsega h\u00e4stisegunev valgu (proteiini) pulber. Tegemist on kvaliteetse ning t\u00f5husa lisandiga iga aktiivse inimese toidule.   Esmaklassiline toitev\u00e4\u00e4rtus: madal su\u0308sivesikute, suhkrute ning rasva sisaldus.  Suurep\u00e4rased maitsed.  Lahustub v\u00e4ga h\u00e4sti.  Karbis 24 tk (600 g).  Puhas ning kvaliteetne, 72%-lise valgu (proteiini) sisaldusega toode.  Sisaldab 7 g asendamatuid aminohappeid.  M\u00f5istlik hind t\u00f5eliselt kvaliteetsele tootele.  Ei sisalda magustajat aspartaami.\" \/>\n<meta property=\"og:url\" content=\"https:\/\/fit360.ee\/en\/pood\/product-groups\/protein-poweders-en\/whey-protein-en\/whey-protein-100-25g\/\" \/>\n<meta property=\"og:site_name\" content=\"Fit360\" \/>\n<meta property=\"article:modified_time\" content=\"2025-08-13T05:39:14+00:00\" \/>\n<meta property=\"og:image\" content=\"https:\/\/fit360.ee\/wp-content\/uploads\/2020\/07\/0aba7ebfd0784461256df66d55f46459.jpg\" \/>\n\t<meta property=\"og:image:width\" content=\"1400\" \/>\n\t<meta property=\"og:image:height\" content=\"1915\" \/>\n\t<meta property=\"og:image:type\" content=\"image\/jpeg\" \/>\n<meta name=\"twitter:card\" content=\"summary_large_image\" \/>\n<meta name=\"twitter:label1\" content=\"Est. reading time\" \/>\n\t<meta name=\"twitter:data1\" content=\"1 minute\" \/>\n<script type=\"application\/ld+json\" class=\"yoast-schema-graph\">{\"@context\":\"https:\\\/\\\/schema.org\",\"@graph\":[{\"@type\":\"WebPage\",\"@id\":\"https:\\\/\\\/fit360.ee\\\/en\\\/pood\\\/product-groups\\\/protein-poweders-en\\\/whey-protein-en\\\/whey-protein-100-25g\\\/\",\"url\":\"https:\\\/\\\/fit360.ee\\\/en\\\/pood\\\/product-groups\\\/protein-poweders-en\\\/whey-protein-en\\\/whey-protein-100-25g\\\/\",\"name\":\"Whey Protein 100% (25g) - Fit360\",\"isPartOf\":{\"@id\":\"https:\\\/\\\/fit360.ee\\\/en\\\/#website\"},\"primaryImageOfPage\":{\"@id\":\"https:\\\/\\\/fit360.ee\\\/en\\\/pood\\\/product-groups\\\/protein-poweders-en\\\/whey-protein-en\\\/whey-protein-100-25g\\\/#primaryimage\"},\"image\":{\"@id\":\"https:\\\/\\\/fit360.ee\\\/en\\\/pood\\\/product-groups\\\/protein-poweders-en\\\/whey-protein-en\\\/whey-protein-100-25g\\\/#primaryimage\"},\"thumbnailUrl\":\"https:\\\/\\\/fit360.ee\\\/wp-content\\\/uploads\\\/2020\\\/07\\\/0aba7ebfd0784461256df66d55f46459.jpg\",\"datePublished\":\"2020-07-03T14:03:04+00:00\",\"dateModified\":\"2025-08-13T05:39:14+00:00\",\"breadcrumb\":{\"@id\":\"https:\\\/\\\/fit360.ee\\\/en\\\/pood\\\/product-groups\\\/protein-poweders-en\\\/whey-protein-en\\\/whey-protein-100-25g\\\/#breadcrumb\"},\"inLanguage\":\"en-US\",\"potentialAction\":[{\"@type\":\"ReadAction\",\"target\":[\"https:\\\/\\\/fit360.ee\\\/en\\\/pood\\\/product-groups\\\/protein-poweders-en\\\/whey-protein-en\\\/whey-protein-100-25g\\\/\"]}]},{\"@type\":\"ImageObject\",\"inLanguage\":\"en-US\",\"@id\":\"https:\\\/\\\/fit360.ee\\\/en\\\/pood\\\/product-groups\\\/protein-poweders-en\\\/whey-protein-en\\\/whey-protein-100-25g\\\/#primaryimage\",\"url\":\"https:\\\/\\\/fit360.ee\\\/wp-content\\\/uploads\\\/2020\\\/07\\\/0aba7ebfd0784461256df66d55f46459.jpg\",\"contentUrl\":\"https:\\\/\\\/fit360.ee\\\/wp-content\\\/uploads\\\/2020\\\/07\\\/0aba7ebfd0784461256df66d55f46459.jpg\",\"width\":1400,\"height\":1915,\"caption\":\"maitsev vadakuvalgu proteiinipulber\"},{\"@type\":\"BreadcrumbList\",\"@id\":\"https:\\\/\\\/fit360.ee\\\/en\\\/pood\\\/product-groups\\\/protein-poweders-en\\\/whey-protein-en\\\/whey-protein-100-25g\\\/#breadcrumb\",\"itemListElement\":[{\"@type\":\"ListItem\",\"position\":1,\"name\":\"Home\",\"item\":\"https:\\\/\\\/fit360.ee\\\/en\\\/\"},{\"@type\":\"ListItem\",\"position\":2,\"name\":\"Shop\",\"item\":\"https:\\\/\\\/fit360.ee\\\/en\\\/shop\\\/\"},{\"@type\":\"ListItem\",\"position\":3,\"name\":\"Whey Protein 100% (25g)\"}]},{\"@type\":\"WebSite\",\"@id\":\"https:\\\/\\\/fit360.ee\\\/en\\\/#website\",\"url\":\"https:\\\/\\\/fit360.ee\\\/en\\\/\",\"name\":\"Fit360\",\"description\":\"\",\"publisher\":{\"@id\":\"https:\\\/\\\/fit360.ee\\\/en\\\/#organization\"},\"potentialAction\":[{\"@type\":\"SearchAction\",\"target\":{\"@type\":\"EntryPoint\",\"urlTemplate\":\"https:\\\/\\\/fit360.ee\\\/en\\\/?s={search_term_string}\"},\"query-input\":{\"@type\":\"PropertyValueSpecification\",\"valueRequired\":true,\"valueName\":\"search_term_string\"}}],\"inLanguage\":\"en-US\"},{\"@type\":\"Organization\",\"@id\":\"https:\\\/\\\/fit360.ee\\\/en\\\/#organization\",\"name\":\"Fit360\",\"url\":\"https:\\\/\\\/fit360.ee\\\/en\\\/\",\"logo\":{\"@type\":\"ImageObject\",\"inLanguage\":\"en-US\",\"@id\":\"https:\\\/\\\/fit360.ee\\\/en\\\/#\\\/schema\\\/logo\\\/image\\\/\",\"url\":\"https:\\\/\\\/fit360.ee\\\/wp-content\\\/uploads\\\/2017\\\/01\\\/logo-fit360.png\",\"contentUrl\":\"https:\\\/\\\/fit360.ee\\\/wp-content\\\/uploads\\\/2017\\\/01\\\/logo-fit360.png\",\"width\":180,\"height\":66,\"caption\":\"Fit360\"},\"image\":{\"@id\":\"https:\\\/\\\/fit360.ee\\\/en\\\/#\\\/schema\\\/logo\\\/image\\\/\"}}]}<\/script>\n<!-- \/ Yoast SEO plugin. -->","yoast_head_json":{"title":"Whey Protein 100% (25g) - Fit360","robots":{"index":"index","follow":"follow","max-snippet":"max-snippet:-1","max-image-preview":"max-image-preview:large","max-video-preview":"max-video-preview:-1"},"canonical":"https:\/\/fit360.ee\/en\/pood\/product-groups\/protein-poweders-en\/whey-protein-en\/whey-protein-100-25g\/","og_locale":"en_US","og_type":"article","og_title":"Whey Protein 100% (25g) - Fit360","og_description":"Whey Proteiin 100%\u00a0valgupulber on 72%-lise valgu (proteiini) sisaldusega joogipulber magusainega on puhas, t\u00f5eliselt hea maitsega h\u00e4stisegunev valgu (proteiini) pulber. Tegemist on kvaliteetse ning t\u00f5husa lisandiga iga aktiivse inimese toidule.   Esmaklassiline toitev\u00e4\u00e4rtus: madal su\u0308sivesikute, suhkrute ning rasva sisaldus.  Suurep\u00e4rased maitsed.  Lahustub v\u00e4ga h\u00e4sti.  Karbis 24 tk (600 g).  Puhas ning kvaliteetne, 72%-lise valgu (proteiini) sisaldusega toode.  Sisaldab 7 g asendamatuid aminohappeid.  M\u00f5istlik hind t\u00f5eliselt kvaliteetsele tootele.  Ei sisalda magustajat aspartaami.","og_url":"https:\/\/fit360.ee\/en\/pood\/product-groups\/protein-poweders-en\/whey-protein-en\/whey-protein-100-25g\/","og_site_name":"Fit360","article_modified_time":"2025-08-13T05:39:14+00:00","og_image":[{"width":1400,"height":1915,"url":"https:\/\/fit360.ee\/wp-content\/uploads\/2020\/07\/0aba7ebfd0784461256df66d55f46459.jpg","type":"image\/jpeg"}],"twitter_card":"summary_large_image","twitter_misc":{"Est. reading time":"1 minute"},"schema":{"@context":"https:\/\/schema.org","@graph":[{"@type":"WebPage","@id":"https:\/\/fit360.ee\/en\/pood\/product-groups\/protein-poweders-en\/whey-protein-en\/whey-protein-100-25g\/","url":"https:\/\/fit360.ee\/en\/pood\/product-groups\/protein-poweders-en\/whey-protein-en\/whey-protein-100-25g\/","name":"Whey Protein 100% (25g) - Fit360","isPartOf":{"@id":"https:\/\/fit360.ee\/en\/#website"},"primaryImageOfPage":{"@id":"https:\/\/fit360.ee\/en\/pood\/product-groups\/protein-poweders-en\/whey-protein-en\/whey-protein-100-25g\/#primaryimage"},"image":{"@id":"https:\/\/fit360.ee\/en\/pood\/product-groups\/protein-poweders-en\/whey-protein-en\/whey-protein-100-25g\/#primaryimage"},"thumbnailUrl":"https:\/\/fit360.ee\/wp-content\/uploads\/2020\/07\/0aba7ebfd0784461256df66d55f46459.jpg","datePublished":"2020-07-03T14:03:04+00:00","dateModified":"2025-08-13T05:39:14+00:00","breadcrumb":{"@id":"https:\/\/fit360.ee\/en\/pood\/product-groups\/protein-poweders-en\/whey-protein-en\/whey-protein-100-25g\/#breadcrumb"},"inLanguage":"en-US","potentialAction":[{"@type":"ReadAction","target":["https:\/\/fit360.ee\/en\/pood\/product-groups\/protein-poweders-en\/whey-protein-en\/whey-protein-100-25g\/"]}]},{"@type":"ImageObject","inLanguage":"en-US","@id":"https:\/\/fit360.ee\/en\/pood\/product-groups\/protein-poweders-en\/whey-protein-en\/whey-protein-100-25g\/#primaryimage","url":"https:\/\/fit360.ee\/wp-content\/uploads\/2020\/07\/0aba7ebfd0784461256df66d55f46459.jpg","contentUrl":"https:\/\/fit360.ee\/wp-content\/uploads\/2020\/07\/0aba7ebfd0784461256df66d55f46459.jpg","width":1400,"height":1915,"caption":"maitsev vadakuvalgu proteiinipulber"},{"@type":"BreadcrumbList","@id":"https:\/\/fit360.ee\/en\/pood\/product-groups\/protein-poweders-en\/whey-protein-en\/whey-protein-100-25g\/#breadcrumb","itemListElement":[{"@type":"ListItem","position":1,"name":"Home","item":"https:\/\/fit360.ee\/en\/"},{"@type":"ListItem","position":2,"name":"Shop","item":"https:\/\/fit360.ee\/en\/shop\/"},{"@type":"ListItem","position":3,"name":"Whey Protein 100% (25g)"}]},{"@type":"WebSite","@id":"https:\/\/fit360.ee\/en\/#website","url":"https:\/\/fit360.ee\/en\/","name":"Fit360","description":"","publisher":{"@id":"https:\/\/fit360.ee\/en\/#organization"},"potentialAction":[{"@type":"SearchAction","target":{"@type":"EntryPoint","urlTemplate":"https:\/\/fit360.ee\/en\/?s={search_term_string}"},"query-input":{"@type":"PropertyValueSpecification","valueRequired":true,"valueName":"search_term_string"}}],"inLanguage":"en-US"},{"@type":"Organization","@id":"https:\/\/fit360.ee\/en\/#organization","name":"Fit360","url":"https:\/\/fit360.ee\/en\/","logo":{"@type":"ImageObject","inLanguage":"en-US","@id":"https:\/\/fit360.ee\/en\/#\/schema\/logo\/image\/","url":"https:\/\/fit360.ee\/wp-content\/uploads\/2017\/01\/logo-fit360.png","contentUrl":"https:\/\/fit360.ee\/wp-content\/uploads\/2017\/01\/logo-fit360.png","width":180,"height":66,"caption":"Fit360"},"image":{"@id":"https:\/\/fit360.ee\/en\/#\/schema\/logo\/image\/"}}]}},"_links":{"self":[{"href":"https:\/\/fit360.ee\/en\/wp-json\/wp\/v2\/product\/37601","targetHints":{"allow":["GET"]}}],"collection":[{"href":"https:\/\/fit360.ee\/en\/wp-json\/wp\/v2\/product"}],"about":[{"href":"https:\/\/fit360.ee\/en\/wp-json\/wp\/v2\/types\/product"}],"replies":[{"embeddable":true,"href":"https:\/\/fit360.ee\/en\/wp-json\/wp\/v2\/comments?post=37601"}],"wp:featuredmedia":[{"embeddable":true,"href":"https:\/\/fit360.ee\/en\/wp-json\/wp\/v2\/media\/37598"}],"wp:attachment":[{"href":"https:\/\/fit360.ee\/en\/wp-json\/wp\/v2\/media?parent=37601"}],"wp:term":[{"taxonomy":"product_brand","embeddable":true,"href":"https:\/\/fit360.ee\/en\/wp-json\/wp\/v2\/product_brand?post=37601"},{"taxonomy":"product_cat","embeddable":true,"href":"https:\/\/fit360.ee\/en\/wp-json\/wp\/v2\/product_cat?post=37601"},{"taxonomy":"product_tag","embeddable":true,"href":"https:\/\/fit360.ee\/en\/wp-json\/wp\/v2\/product_tag?post=37601"},{"taxonomy":"giftcard-category","embeddable":true,"href":"https:\/\/fit360.ee\/en\/wp-json\/wp\/v2\/giftcard-category?post=37601"}],"curies":[{"name":"wp","href":"https:\/\/api.w.org\/{rel}","templated":true}]}}