{"id":37646,"date":"2020-07-07T17:43:16","date_gmt":"2020-07-07T15:43:16","guid":{"rendered":"https:\/\/fit360.ee\/pood\/uncategorized\/swanson-kaltsiumtsitraat-calcium-citrate-60caps\/"},"modified":"2026-01-21T16:49:18","modified_gmt":"2026-01-21T14:49:18","slug":"kaltsium-kaltsiumtsitraat-swanson","status":"publish","type":"product","link":"https:\/\/fit360.ee\/en\/pood\/product-groups\/vitamins-and-minerals-en\/calcium-en\/kaltsium-kaltsiumtsitraat-swanson\/","title":{"rendered":"Swanson Kaltsiumtsitraat &#8211; Calcium Citrate (60caps)"},"content":{"rendered":"<h1>Swanson Kaltsiumi tabletid (kapslid)<\/h1>\n<p><strong>Kaltsium<\/strong> on inimorganismis k\u00f5ige suuremas koguses esinev mineraal, millest 99% esineb luudes ja hammastes. Kaltsiumi on vaja luude ja hammaste moodustamiseks, vere h\u00fc\u00fcbimise, n\u00e4rvirakkude signaalide edastamise ja lihaskontratsiooni jaoks.<\/p>\n<p><strong>Teised Koostisosad:\u00a0<\/strong>\u017eelatiin, magneesiumstearaat<\/p>\n<p><strong>Kasutamine: <\/strong>\u00a0V\u00f5ta 1 kapsel 2 korda p\u00e4evas koos toiduga.<\/p>\n<p><strong>Suurus<\/strong>: 60 kapslit<\/p>\n<table>\n<tbody>\n<tr>\n<td width=\"210\"><strong>Toimeained<\/strong><\/td>\n<td width=\"207\"><strong>1 kapsel<\/strong><\/td>\n<td width=\"206\"><strong>SPK %<\/strong><\/td>\n<\/tr>\n<tr>\n<td width=\"210\">Kaltsium (Kaltsiumtsiraadist)<\/td>\n<td width=\"207\">200mg<\/td>\n<td width=\"206\">15%<\/td>\n<\/tr>\n<\/tbody>\n<\/table>\n<p><strong>* &#8211; SPK (Soovitatud p\u00e4evane kogus)<\/strong><\/p>\n<p>&nbsp;<\/p>\n<p>Soovid kaupa osta suuremas koguses? Vaata antud toodet ka meie HULGI poest\u00a0<a href=\"https:\/\/toidulisandidhulgi.ee\/product\/kaltsium-kaltsiumtsitraat-swanson\/\"><strong>SIIT<\/strong><\/a>!<\/p>\n","protected":false},"excerpt":{"rendered":"<h2><strong>Kaltsiumi positiivsed omadused<\/strong>:<\/h2>\n<ul>\n<li>aitab kaasa normaalsele lihast\u00f6\u00f6le<\/li>\n<li>aitab verel h\u00fc\u00fcbida<\/li>\n<li>toetab seedeens\u00fc\u00fcmide normaalset t\u00f6\u00f6d<\/li>\n<li>leevendab premenstruaals\u00fcndroomi s\u00fcmptomeid naistel<\/li>\n<li>Osteporoosi tekkeriski v\u00e4hendamine<\/li>\n<\/ul>\n<p><strong>Kaltsium<\/strong> on inimorganismis k\u00f5ige suuremas koguses esinev mineraal, millest 99% esineb luudes ja hammastes. Kaltsiumi on vaja luude ja hammaste moodustamiseks, vere h\u00fc\u00fcbimise, n\u00e4rvirakkude signaalide edastamise ja lihaskontratsiooni jaoks. Osteoporoosi tekkeriski v\u00e4hendamine on kaltsiumi \u00fcks peamisi teada-tuntud rolle. Kaltsiumi puhul on leitud, et see v\u00f5ib leevendada ka premenstruaals\u00fcndroomi s\u00fcmptomeid naistel.<\/p>\n","protected":false},"featured_media":37648,"comment_status":"open","ping_status":"closed","template":"","meta":[],"product_brand":[],"product_cat":[2267,527,1651,536],"product_tag":[1746,1747],"giftcard-category":[],"class_list":{"0":"post-37646","1":"product","2":"type-product","3":"status-publish","4":"has-post-thumbnail","6":"product_cat-calcium-en","7":"product_cat-joint-support-en","8":"product_cat-swanson-en","9":"product_cat-vitamins-and-minerals-en","10":"product_tag-kaltsium-en","11":"product_tag-kaltsiumtsitraat-en","12":"pa_toidulisand-branddd-swanson","13":"pa_tootegruppp-for-joints","14":"pa_tootegruppp-kaltsium-en","15":"pa_tootegruppp-vitamins-and-minerals","17":"first","18":"instock","19":"sale","20":"taxable","21":"shipping-taxable","22":"purchasable","23":"product-type-simple"},"yoast_head":"<!-- This site is optimized with the Yoast SEO plugin v27.3 - https:\/\/yoast.com\/product\/yoast-seo-wordpress\/ -->\n<title>Kaltsium (60caps) - Kaltsiumtsitraat - Kaltsiumi tabletid - Tarne: 1-3 p\u00e4eva<\/title>\n<meta name=\"description\" content=\"Kaltsium on organismi \u00fcks olulisemaid mineraale. Swansoni kaltsiumtsitraat on 100% puhas - ei mingeid lisaaineid. Tugevda oma organismi kvaliteediga!\" \/>\n<meta name=\"robots\" content=\"index, follow, max-snippet:-1, max-image-preview:large, max-video-preview:-1\" \/>\n<link rel=\"canonical\" href=\"https:\/\/fit360.ee\/en\/pood\/product-groups\/vitamins-and-minerals-en\/calcium-en\/kaltsium-kaltsiumtsitraat-swanson\/\" \/>\n<meta property=\"og:locale\" content=\"en_US\" \/>\n<meta property=\"og:type\" content=\"article\" \/>\n<meta property=\"og:title\" content=\"Kaltsium (60caps) - Kaltsiumtsitraat - Kaltsiumi tabletid - Tarne: 1-3 p\u00e4eva\" \/>\n<meta property=\"og:description\" content=\"Kaltsium on organismi \u00fcks olulisemaid mineraale. Swansoni kaltsiumtsitraat on 100% puhas - ei mingeid lisaaineid. Tugevda oma organismi kvaliteediga!\" \/>\n<meta property=\"og:url\" content=\"https:\/\/fit360.ee\/en\/pood\/product-groups\/vitamins-and-minerals-en\/calcium-en\/kaltsium-kaltsiumtsitraat-swanson\/\" \/>\n<meta property=\"og:site_name\" content=\"Fit360\" \/>\n<meta property=\"article:modified_time\" content=\"2026-01-21T14:49:18+00:00\" \/>\n<meta property=\"og:image\" content=\"https:\/\/fit360.ee\/wp-content\/uploads\/2020\/07\/61LvIjttsSL._SX466_.jpg\" \/>\n\t<meta property=\"og:image:width\" content=\"466\" \/>\n\t<meta property=\"og:image:height\" content=\"466\" \/>\n\t<meta property=\"og:image:type\" content=\"image\/jpeg\" \/>\n<meta name=\"twitter:card\" content=\"summary_large_image\" \/>\n<meta name=\"twitter:label1\" content=\"Est. reading time\" \/>\n\t<meta name=\"twitter:data1\" content=\"1 minute\" \/>\n<script type=\"application\/ld+json\" class=\"yoast-schema-graph\">{\"@context\":\"https:\\\/\\\/schema.org\",\"@graph\":[{\"@type\":\"WebPage\",\"@id\":\"https:\\\/\\\/fit360.ee\\\/en\\\/pood\\\/product-groups\\\/vitamins-and-minerals-en\\\/calcium-en\\\/kaltsium-kaltsiumtsitraat-swanson\\\/\",\"url\":\"https:\\\/\\\/fit360.ee\\\/en\\\/pood\\\/product-groups\\\/vitamins-and-minerals-en\\\/calcium-en\\\/kaltsium-kaltsiumtsitraat-swanson\\\/\",\"name\":\"Kaltsium (60caps) - Kaltsiumtsitraat - Kaltsiumi tabletid - Tarne: 1-3 p\u00e4eva\",\"isPartOf\":{\"@id\":\"https:\\\/\\\/fit360.ee\\\/en\\\/#website\"},\"primaryImageOfPage\":{\"@id\":\"https:\\\/\\\/fit360.ee\\\/en\\\/pood\\\/product-groups\\\/vitamins-and-minerals-en\\\/calcium-en\\\/kaltsium-kaltsiumtsitraat-swanson\\\/#primaryimage\"},\"image\":{\"@id\":\"https:\\\/\\\/fit360.ee\\\/en\\\/pood\\\/product-groups\\\/vitamins-and-minerals-en\\\/calcium-en\\\/kaltsium-kaltsiumtsitraat-swanson\\\/#primaryimage\"},\"thumbnailUrl\":\"https:\\\/\\\/fit360.ee\\\/wp-content\\\/uploads\\\/2020\\\/07\\\/61LvIjttsSL._SX466_.jpg\",\"datePublished\":\"2020-07-07T15:43:16+00:00\",\"dateModified\":\"2026-01-21T14:49:18+00:00\",\"description\":\"Kaltsium on organismi \u00fcks olulisemaid mineraale. Swansoni kaltsiumtsitraat on 100% puhas - ei mingeid lisaaineid. Tugevda oma organismi kvaliteediga!\",\"breadcrumb\":{\"@id\":\"https:\\\/\\\/fit360.ee\\\/en\\\/pood\\\/product-groups\\\/vitamins-and-minerals-en\\\/calcium-en\\\/kaltsium-kaltsiumtsitraat-swanson\\\/#breadcrumb\"},\"inLanguage\":\"en-US\",\"potentialAction\":[{\"@type\":\"ReadAction\",\"target\":[\"https:\\\/\\\/fit360.ee\\\/en\\\/pood\\\/product-groups\\\/vitamins-and-minerals-en\\\/calcium-en\\\/kaltsium-kaltsiumtsitraat-swanson\\\/\"]}]},{\"@type\":\"ImageObject\",\"inLanguage\":\"en-US\",\"@id\":\"https:\\\/\\\/fit360.ee\\\/en\\\/pood\\\/product-groups\\\/vitamins-and-minerals-en\\\/calcium-en\\\/kaltsium-kaltsiumtsitraat-swanson\\\/#primaryimage\",\"url\":\"https:\\\/\\\/fit360.ee\\\/wp-content\\\/uploads\\\/2020\\\/07\\\/61LvIjttsSL._SX466_.jpg\",\"contentUrl\":\"https:\\\/\\\/fit360.ee\\\/wp-content\\\/uploads\\\/2020\\\/07\\\/61LvIjttsSL._SX466_.jpg\",\"width\":466,\"height\":466,\"caption\":\"Kaltsiumi tabletid Sinu tervise jaoks\"},{\"@type\":\"BreadcrumbList\",\"@id\":\"https:\\\/\\\/fit360.ee\\\/en\\\/pood\\\/product-groups\\\/vitamins-and-minerals-en\\\/calcium-en\\\/kaltsium-kaltsiumtsitraat-swanson\\\/#breadcrumb\",\"itemListElement\":[{\"@type\":\"ListItem\",\"position\":1,\"name\":\"Home\",\"item\":\"https:\\\/\\\/fit360.ee\\\/en\\\/\"},{\"@type\":\"ListItem\",\"position\":2,\"name\":\"Shop\",\"item\":\"https:\\\/\\\/fit360.ee\\\/en\\\/shop\\\/\"},{\"@type\":\"ListItem\",\"position\":3,\"name\":\"Swanson Kaltsiumtsitraat &#8211; Calcium Citrate (60caps)\"}]},{\"@type\":\"WebSite\",\"@id\":\"https:\\\/\\\/fit360.ee\\\/en\\\/#website\",\"url\":\"https:\\\/\\\/fit360.ee\\\/en\\\/\",\"name\":\"Fit360\",\"description\":\"\",\"publisher\":{\"@id\":\"https:\\\/\\\/fit360.ee\\\/en\\\/#organization\"},\"potentialAction\":[{\"@type\":\"SearchAction\",\"target\":{\"@type\":\"EntryPoint\",\"urlTemplate\":\"https:\\\/\\\/fit360.ee\\\/en\\\/?s={search_term_string}\"},\"query-input\":{\"@type\":\"PropertyValueSpecification\",\"valueRequired\":true,\"valueName\":\"search_term_string\"}}],\"inLanguage\":\"en-US\"},{\"@type\":\"Organization\",\"@id\":\"https:\\\/\\\/fit360.ee\\\/en\\\/#organization\",\"name\":\"Fit360\",\"url\":\"https:\\\/\\\/fit360.ee\\\/en\\\/\",\"logo\":{\"@type\":\"ImageObject\",\"inLanguage\":\"en-US\",\"@id\":\"https:\\\/\\\/fit360.ee\\\/en\\\/#\\\/schema\\\/logo\\\/image\\\/\",\"url\":\"https:\\\/\\\/fit360.ee\\\/wp-content\\\/uploads\\\/2017\\\/01\\\/logo-fit360.png\",\"contentUrl\":\"https:\\\/\\\/fit360.ee\\\/wp-content\\\/uploads\\\/2017\\\/01\\\/logo-fit360.png\",\"width\":180,\"height\":66,\"caption\":\"Fit360\"},\"image\":{\"@id\":\"https:\\\/\\\/fit360.ee\\\/en\\\/#\\\/schema\\\/logo\\\/image\\\/\"}}]}<\/script>\n<!-- \/ Yoast SEO plugin. -->","yoast_head_json":{"title":"Kaltsium (60caps) - Kaltsiumtsitraat - Kaltsiumi tabletid - Tarne: 1-3 p\u00e4eva","description":"Kaltsium on organismi \u00fcks olulisemaid mineraale. Swansoni kaltsiumtsitraat on 100% puhas - ei mingeid lisaaineid. Tugevda oma organismi kvaliteediga!","robots":{"index":"index","follow":"follow","max-snippet":"max-snippet:-1","max-image-preview":"max-image-preview:large","max-video-preview":"max-video-preview:-1"},"canonical":"https:\/\/fit360.ee\/en\/pood\/product-groups\/vitamins-and-minerals-en\/calcium-en\/kaltsium-kaltsiumtsitraat-swanson\/","og_locale":"en_US","og_type":"article","og_title":"Kaltsium (60caps) - Kaltsiumtsitraat - Kaltsiumi tabletid - Tarne: 1-3 p\u00e4eva","og_description":"Kaltsium on organismi \u00fcks olulisemaid mineraale. Swansoni kaltsiumtsitraat on 100% puhas - ei mingeid lisaaineid. Tugevda oma organismi kvaliteediga!","og_url":"https:\/\/fit360.ee\/en\/pood\/product-groups\/vitamins-and-minerals-en\/calcium-en\/kaltsium-kaltsiumtsitraat-swanson\/","og_site_name":"Fit360","article_modified_time":"2026-01-21T14:49:18+00:00","og_image":[{"width":466,"height":466,"url":"https:\/\/fit360.ee\/wp-content\/uploads\/2020\/07\/61LvIjttsSL._SX466_.jpg","type":"image\/jpeg"}],"twitter_card":"summary_large_image","twitter_misc":{"Est. reading time":"1 minute"},"schema":{"@context":"https:\/\/schema.org","@graph":[{"@type":"WebPage","@id":"https:\/\/fit360.ee\/en\/pood\/product-groups\/vitamins-and-minerals-en\/calcium-en\/kaltsium-kaltsiumtsitraat-swanson\/","url":"https:\/\/fit360.ee\/en\/pood\/product-groups\/vitamins-and-minerals-en\/calcium-en\/kaltsium-kaltsiumtsitraat-swanson\/","name":"Kaltsium (60caps) - Kaltsiumtsitraat - Kaltsiumi tabletid - Tarne: 1-3 p\u00e4eva","isPartOf":{"@id":"https:\/\/fit360.ee\/en\/#website"},"primaryImageOfPage":{"@id":"https:\/\/fit360.ee\/en\/pood\/product-groups\/vitamins-and-minerals-en\/calcium-en\/kaltsium-kaltsiumtsitraat-swanson\/#primaryimage"},"image":{"@id":"https:\/\/fit360.ee\/en\/pood\/product-groups\/vitamins-and-minerals-en\/calcium-en\/kaltsium-kaltsiumtsitraat-swanson\/#primaryimage"},"thumbnailUrl":"https:\/\/fit360.ee\/wp-content\/uploads\/2020\/07\/61LvIjttsSL._SX466_.jpg","datePublished":"2020-07-07T15:43:16+00:00","dateModified":"2026-01-21T14:49:18+00:00","description":"Kaltsium on organismi \u00fcks olulisemaid mineraale. Swansoni kaltsiumtsitraat on 100% puhas - ei mingeid lisaaineid. Tugevda oma organismi kvaliteediga!","breadcrumb":{"@id":"https:\/\/fit360.ee\/en\/pood\/product-groups\/vitamins-and-minerals-en\/calcium-en\/kaltsium-kaltsiumtsitraat-swanson\/#breadcrumb"},"inLanguage":"en-US","potentialAction":[{"@type":"ReadAction","target":["https:\/\/fit360.ee\/en\/pood\/product-groups\/vitamins-and-minerals-en\/calcium-en\/kaltsium-kaltsiumtsitraat-swanson\/"]}]},{"@type":"ImageObject","inLanguage":"en-US","@id":"https:\/\/fit360.ee\/en\/pood\/product-groups\/vitamins-and-minerals-en\/calcium-en\/kaltsium-kaltsiumtsitraat-swanson\/#primaryimage","url":"https:\/\/fit360.ee\/wp-content\/uploads\/2020\/07\/61LvIjttsSL._SX466_.jpg","contentUrl":"https:\/\/fit360.ee\/wp-content\/uploads\/2020\/07\/61LvIjttsSL._SX466_.jpg","width":466,"height":466,"caption":"Kaltsiumi tabletid Sinu tervise jaoks"},{"@type":"BreadcrumbList","@id":"https:\/\/fit360.ee\/en\/pood\/product-groups\/vitamins-and-minerals-en\/calcium-en\/kaltsium-kaltsiumtsitraat-swanson\/#breadcrumb","itemListElement":[{"@type":"ListItem","position":1,"name":"Home","item":"https:\/\/fit360.ee\/en\/"},{"@type":"ListItem","position":2,"name":"Shop","item":"https:\/\/fit360.ee\/en\/shop\/"},{"@type":"ListItem","position":3,"name":"Swanson Kaltsiumtsitraat &#8211; Calcium Citrate (60caps)"}]},{"@type":"WebSite","@id":"https:\/\/fit360.ee\/en\/#website","url":"https:\/\/fit360.ee\/en\/","name":"Fit360","description":"","publisher":{"@id":"https:\/\/fit360.ee\/en\/#organization"},"potentialAction":[{"@type":"SearchAction","target":{"@type":"EntryPoint","urlTemplate":"https:\/\/fit360.ee\/en\/?s={search_term_string}"},"query-input":{"@type":"PropertyValueSpecification","valueRequired":true,"valueName":"search_term_string"}}],"inLanguage":"en-US"},{"@type":"Organization","@id":"https:\/\/fit360.ee\/en\/#organization","name":"Fit360","url":"https:\/\/fit360.ee\/en\/","logo":{"@type":"ImageObject","inLanguage":"en-US","@id":"https:\/\/fit360.ee\/en\/#\/schema\/logo\/image\/","url":"https:\/\/fit360.ee\/wp-content\/uploads\/2017\/01\/logo-fit360.png","contentUrl":"https:\/\/fit360.ee\/wp-content\/uploads\/2017\/01\/logo-fit360.png","width":180,"height":66,"caption":"Fit360"},"image":{"@id":"https:\/\/fit360.ee\/en\/#\/schema\/logo\/image\/"}}]}},"_links":{"self":[{"href":"https:\/\/fit360.ee\/en\/wp-json\/wp\/v2\/product\/37646","targetHints":{"allow":["GET"]}}],"collection":[{"href":"https:\/\/fit360.ee\/en\/wp-json\/wp\/v2\/product"}],"about":[{"href":"https:\/\/fit360.ee\/en\/wp-json\/wp\/v2\/types\/product"}],"replies":[{"embeddable":true,"href":"https:\/\/fit360.ee\/en\/wp-json\/wp\/v2\/comments?post=37646"}],"wp:featuredmedia":[{"embeddable":true,"href":"https:\/\/fit360.ee\/en\/wp-json\/wp\/v2\/media\/37648"}],"wp:attachment":[{"href":"https:\/\/fit360.ee\/en\/wp-json\/wp\/v2\/media?parent=37646"}],"wp:term":[{"taxonomy":"product_brand","embeddable":true,"href":"https:\/\/fit360.ee\/en\/wp-json\/wp\/v2\/product_brand?post=37646"},{"taxonomy":"product_cat","embeddable":true,"href":"https:\/\/fit360.ee\/en\/wp-json\/wp\/v2\/product_cat?post=37646"},{"taxonomy":"product_tag","embeddable":true,"href":"https:\/\/fit360.ee\/en\/wp-json\/wp\/v2\/product_tag?post=37646"},{"taxonomy":"giftcard-category","embeddable":true,"href":"https:\/\/fit360.ee\/en\/wp-json\/wp\/v2\/giftcard-category?post=37646"}],"curies":[{"name":"wp","href":"https:\/\/api.w.org\/{rel}","templated":true}]}}