{"id":37755,"date":"2020-07-15T18:57:56","date_gmt":"2020-07-15T16:57:56","guid":{"rendered":"https:\/\/fit360.ee\/pood\/uncategorized\/evolite-omega-3\/"},"modified":"2026-04-11T10:42:29","modified_gmt":"2026-04-11T08:42:29","slug":"evolite-omega-3","status":"publish","type":"product","link":"https:\/\/fit360.ee\/en\/pood\/product-groups\/essential-fats-en\/omega-3-en\/evolite-omega-3\/","title":{"rendered":"Evolite Omega 3 (100 caps)"},"content":{"rendered":"<h1>EVOLITE OMEGA 3<\/h1>\n<p>Evolite Omega 3 &#8211; vajalikud rasvhapped Teie kehale.<\/p>\n<p><strong>Koostisosad<\/strong>: Kala\u00f5li, \u017eelatiin, gl\u00fctseriin, vesi<\/p>\n<p><strong>Kasutamine<\/strong>: V\u00f5ta kuni 3 kapslit p\u00e4evas (koos kolme s\u00f6\u00f6gikorraga) v\u00f5i vastavalt arsti soovitustele.<\/p>\n<p>\u00dche serveeringu suurus: 1 kapsel<\/p>\n<p><strong>Suurus<\/strong>: 100 kapslit &#8211; 100 serveeringut<\/p>\n<table>\n<tbody>\n<tr>\n<td width=\"307\"><strong>Anal\u00fc\u00fcs<\/strong><\/td>\n<td width=\"307\"><strong>\u00dche serveeringu kohta<\/strong><\/td>\n<\/tr>\n<tr>\n<td width=\"307\">Kala\u00f5li<\/td>\n<td width=\"307\">1000mg<\/td>\n<\/tr>\n<tr>\n<td width=\"307\">EPA<\/td>\n<td width=\"307\">180mg<\/td>\n<\/tr>\n<tr>\n<td width=\"307\">DHA<\/td>\n<td width=\"307\">120mg<\/td>\n<\/tr>\n<\/tbody>\n<\/table>\n<p>Soovid teha suuremat tellimust? Vaata antud toodet meie HULGI lehelt\u00a0<a href=\"https:\/\/toidulisandidhulgi.ee\/product\/evolite-omega-3-100-caps\/\"><strong>SIIT<\/strong><\/a>!<\/p>\n","protected":false},"excerpt":{"rendered":"<h2><strong>Evolite Omega 3 rasvhapped<\/strong><\/h2>\n<p>Sisaldab puhtaimat kala\u00f5li, milles on suur kogus omega-3 rasvhappeid EPA ja DHA. Need rasvhapped on olulised organismi ainevahetuses ning samuti v\u00e4hendavad need kolesterooli ja kaitsevad s\u00fcdant ning artereid. Evolite Omega 3 sisaldab 180 mg EPA ja 120 mg DHA-d \u00fche kapsli kohta.<\/p>\n<ul>\n<li>Positiivne m\u00f5ju \u00fcldisele tervisele ja heaolule<\/li>\n<li>Positiivne m\u00f5ju s\u00fcdamele ja arteritele<\/li>\n<li>V\u00e4hendab kolesterooli<\/li>\n<li>Stimuleerib m\u00e4lu ja keskendumisv\u00f5imet<\/li>\n<li>Suurendab toiteainete transportimist lihasrakkudesse<\/li>\n<li>Laboratoorselt testitud ja ohutu<\/li>\n<\/ul>\n","protected":false},"featured_media":37754,"comment_status":"open","ping_status":"closed","template":"","meta":[],"product_brand":[],"product_cat":[525,1618,2438],"product_tag":[1773,1774,1775],"giftcard-category":[],"class_list":{"0":"post-37755","1":"product","2":"type-product","3":"status-publish","4":"has-post-thumbnail","6":"product_cat-essential-fats-en","7":"product_cat-evolite-en","8":"product_cat-omega-3-en","9":"product_tag-evolite-en","10":"product_tag-kasulikud-rasvhapped-en","11":"product_tag-omega-3-en","12":"pa_kogus-100-capsules","13":"pa_toidulisand-branddd-evolite","14":"pa_tootegruppp-omega-3-en","15":"pa_tootegruppp-useful-fatty-acids","17":"first","18":"instock","19":"sale","20":"taxable","21":"shipping-taxable","22":"purchasable","23":"product-type-simple"},"yoast_head":"<!-- This site is optimized with the Yoast SEO plugin v27.3 - https:\/\/yoast.com\/product\/yoast-seo-wordpress\/ -->\n<title>Evolite Omega 3 (100caps) - Omega 3 - Kasulikud rasvhapped - Fit360<\/title>\n<meta name=\"description\" content=\"Evolite Omega 3 sisaldab puhtaimat kala\u00f5li, milles on suur kogus omega-3 rasvhappeid EPA ja DHA. \u00dclikiire kauba tarne: 1-3 p\u00e4eva.\" \/>\n<meta name=\"robots\" content=\"index, follow, max-snippet:-1, max-image-preview:large, max-video-preview:-1\" \/>\n<link rel=\"canonical\" href=\"https:\/\/fit360.ee\/en\/pood\/product-groups\/essential-fats-en\/omega-3-en\/evolite-omega-3\/\" \/>\n<meta property=\"og:locale\" content=\"en_US\" \/>\n<meta property=\"og:type\" content=\"article\" \/>\n<meta property=\"og:title\" content=\"Evolite Omega 3 (100caps) - Omega 3 - Kasulikud rasvhapped - Fit360\" \/>\n<meta property=\"og:description\" content=\"Evolite Omega 3 sisaldab puhtaimat kala\u00f5li, milles on suur kogus omega-3 rasvhappeid EPA ja DHA. \u00dclikiire kauba tarne: 1-3 p\u00e4eva.\" \/>\n<meta property=\"og:url\" content=\"https:\/\/fit360.ee\/en\/pood\/product-groups\/essential-fats-en\/omega-3-en\/evolite-omega-3\/\" \/>\n<meta property=\"og:site_name\" content=\"Fit360\" \/>\n<meta property=\"article:modified_time\" content=\"2026-04-11T08:42:29+00:00\" \/>\n<meta property=\"og:image\" content=\"https:\/\/fit360.ee\/wp-content\/uploads\/2020\/07\/evolite-omega-3-100-kaps.jpg\" \/>\n\t<meta property=\"og:image:width\" content=\"558\" \/>\n\t<meta property=\"og:image:height\" content=\"558\" \/>\n\t<meta property=\"og:image:type\" content=\"image\/jpeg\" \/>\n<meta name=\"twitter:card\" content=\"summary_large_image\" \/>\n<meta name=\"twitter:label1\" content=\"Est. reading time\" \/>\n\t<meta name=\"twitter:data1\" content=\"1 minute\" \/>\n<script type=\"application\/ld+json\" class=\"yoast-schema-graph\">{\"@context\":\"https:\\\/\\\/schema.org\",\"@graph\":[{\"@type\":\"WebPage\",\"@id\":\"https:\\\/\\\/fit360.ee\\\/en\\\/pood\\\/product-groups\\\/essential-fats-en\\\/omega-3-en\\\/evolite-omega-3\\\/\",\"url\":\"https:\\\/\\\/fit360.ee\\\/en\\\/pood\\\/product-groups\\\/essential-fats-en\\\/omega-3-en\\\/evolite-omega-3\\\/\",\"name\":\"Evolite Omega 3 (100caps) - Omega 3 - Kasulikud rasvhapped - Fit360\",\"isPartOf\":{\"@id\":\"https:\\\/\\\/fit360.ee\\\/en\\\/#website\"},\"primaryImageOfPage\":{\"@id\":\"https:\\\/\\\/fit360.ee\\\/en\\\/pood\\\/product-groups\\\/essential-fats-en\\\/omega-3-en\\\/evolite-omega-3\\\/#primaryimage\"},\"image\":{\"@id\":\"https:\\\/\\\/fit360.ee\\\/en\\\/pood\\\/product-groups\\\/essential-fats-en\\\/omega-3-en\\\/evolite-omega-3\\\/#primaryimage\"},\"thumbnailUrl\":\"https:\\\/\\\/fit360.ee\\\/wp-content\\\/uploads\\\/2020\\\/07\\\/evolite-omega-3-100-kaps.jpg\",\"datePublished\":\"2020-07-15T16:57:56+00:00\",\"dateModified\":\"2026-04-11T08:42:29+00:00\",\"description\":\"Evolite Omega 3 sisaldab puhtaimat kala\u00f5li, milles on suur kogus omega-3 rasvhappeid EPA ja DHA. \u00dclikiire kauba tarne: 1-3 p\u00e4eva.\",\"breadcrumb\":{\"@id\":\"https:\\\/\\\/fit360.ee\\\/en\\\/pood\\\/product-groups\\\/essential-fats-en\\\/omega-3-en\\\/evolite-omega-3\\\/#breadcrumb\"},\"inLanguage\":\"en-US\",\"potentialAction\":[{\"@type\":\"ReadAction\",\"target\":[\"https:\\\/\\\/fit360.ee\\\/en\\\/pood\\\/product-groups\\\/essential-fats-en\\\/omega-3-en\\\/evolite-omega-3\\\/\"]}]},{\"@type\":\"ImageObject\",\"inLanguage\":\"en-US\",\"@id\":\"https:\\\/\\\/fit360.ee\\\/en\\\/pood\\\/product-groups\\\/essential-fats-en\\\/omega-3-en\\\/evolite-omega-3\\\/#primaryimage\",\"url\":\"https:\\\/\\\/fit360.ee\\\/wp-content\\\/uploads\\\/2020\\\/07\\\/evolite-omega-3-100-kaps.jpg\",\"contentUrl\":\"https:\\\/\\\/fit360.ee\\\/wp-content\\\/uploads\\\/2020\\\/07\\\/evolite-omega-3-100-kaps.jpg\",\"width\":558,\"height\":558,\"caption\":\"Evolite Omega 3 fit360.ee\"},{\"@type\":\"BreadcrumbList\",\"@id\":\"https:\\\/\\\/fit360.ee\\\/en\\\/pood\\\/product-groups\\\/essential-fats-en\\\/omega-3-en\\\/evolite-omega-3\\\/#breadcrumb\",\"itemListElement\":[{\"@type\":\"ListItem\",\"position\":1,\"name\":\"Home\",\"item\":\"https:\\\/\\\/fit360.ee\\\/en\\\/\"},{\"@type\":\"ListItem\",\"position\":2,\"name\":\"Shop\",\"item\":\"https:\\\/\\\/fit360.ee\\\/en\\\/shop\\\/\"},{\"@type\":\"ListItem\",\"position\":3,\"name\":\"Evolite Omega 3 (100 caps)\"}]},{\"@type\":\"WebSite\",\"@id\":\"https:\\\/\\\/fit360.ee\\\/en\\\/#website\",\"url\":\"https:\\\/\\\/fit360.ee\\\/en\\\/\",\"name\":\"Fit360\",\"description\":\"\",\"publisher\":{\"@id\":\"https:\\\/\\\/fit360.ee\\\/en\\\/#organization\"},\"potentialAction\":[{\"@type\":\"SearchAction\",\"target\":{\"@type\":\"EntryPoint\",\"urlTemplate\":\"https:\\\/\\\/fit360.ee\\\/en\\\/?s={search_term_string}\"},\"query-input\":{\"@type\":\"PropertyValueSpecification\",\"valueRequired\":true,\"valueName\":\"search_term_string\"}}],\"inLanguage\":\"en-US\"},{\"@type\":\"Organization\",\"@id\":\"https:\\\/\\\/fit360.ee\\\/en\\\/#organization\",\"name\":\"Fit360\",\"url\":\"https:\\\/\\\/fit360.ee\\\/en\\\/\",\"logo\":{\"@type\":\"ImageObject\",\"inLanguage\":\"en-US\",\"@id\":\"https:\\\/\\\/fit360.ee\\\/en\\\/#\\\/schema\\\/logo\\\/image\\\/\",\"url\":\"https:\\\/\\\/fit360.ee\\\/wp-content\\\/uploads\\\/2017\\\/01\\\/logo-fit360.png\",\"contentUrl\":\"https:\\\/\\\/fit360.ee\\\/wp-content\\\/uploads\\\/2017\\\/01\\\/logo-fit360.png\",\"width\":180,\"height\":66,\"caption\":\"Fit360\"},\"image\":{\"@id\":\"https:\\\/\\\/fit360.ee\\\/en\\\/#\\\/schema\\\/logo\\\/image\\\/\"}}]}<\/script>\n<!-- \/ Yoast SEO plugin. -->","yoast_head_json":{"title":"Evolite Omega 3 (100caps) - Omega 3 - Kasulikud rasvhapped - Fit360","description":"Evolite Omega 3 sisaldab puhtaimat kala\u00f5li, milles on suur kogus omega-3 rasvhappeid EPA ja DHA. \u00dclikiire kauba tarne: 1-3 p\u00e4eva.","robots":{"index":"index","follow":"follow","max-snippet":"max-snippet:-1","max-image-preview":"max-image-preview:large","max-video-preview":"max-video-preview:-1"},"canonical":"https:\/\/fit360.ee\/en\/pood\/product-groups\/essential-fats-en\/omega-3-en\/evolite-omega-3\/","og_locale":"en_US","og_type":"article","og_title":"Evolite Omega 3 (100caps) - Omega 3 - Kasulikud rasvhapped - Fit360","og_description":"Evolite Omega 3 sisaldab puhtaimat kala\u00f5li, milles on suur kogus omega-3 rasvhappeid EPA ja DHA. \u00dclikiire kauba tarne: 1-3 p\u00e4eva.","og_url":"https:\/\/fit360.ee\/en\/pood\/product-groups\/essential-fats-en\/omega-3-en\/evolite-omega-3\/","og_site_name":"Fit360","article_modified_time":"2026-04-11T08:42:29+00:00","og_image":[{"width":558,"height":558,"url":"https:\/\/fit360.ee\/wp-content\/uploads\/2020\/07\/evolite-omega-3-100-kaps.jpg","type":"image\/jpeg"}],"twitter_card":"summary_large_image","twitter_misc":{"Est. reading time":"1 minute"},"schema":{"@context":"https:\/\/schema.org","@graph":[{"@type":"WebPage","@id":"https:\/\/fit360.ee\/en\/pood\/product-groups\/essential-fats-en\/omega-3-en\/evolite-omega-3\/","url":"https:\/\/fit360.ee\/en\/pood\/product-groups\/essential-fats-en\/omega-3-en\/evolite-omega-3\/","name":"Evolite Omega 3 (100caps) - Omega 3 - Kasulikud rasvhapped - Fit360","isPartOf":{"@id":"https:\/\/fit360.ee\/en\/#website"},"primaryImageOfPage":{"@id":"https:\/\/fit360.ee\/en\/pood\/product-groups\/essential-fats-en\/omega-3-en\/evolite-omega-3\/#primaryimage"},"image":{"@id":"https:\/\/fit360.ee\/en\/pood\/product-groups\/essential-fats-en\/omega-3-en\/evolite-omega-3\/#primaryimage"},"thumbnailUrl":"https:\/\/fit360.ee\/wp-content\/uploads\/2020\/07\/evolite-omega-3-100-kaps.jpg","datePublished":"2020-07-15T16:57:56+00:00","dateModified":"2026-04-11T08:42:29+00:00","description":"Evolite Omega 3 sisaldab puhtaimat kala\u00f5li, milles on suur kogus omega-3 rasvhappeid EPA ja DHA. \u00dclikiire kauba tarne: 1-3 p\u00e4eva.","breadcrumb":{"@id":"https:\/\/fit360.ee\/en\/pood\/product-groups\/essential-fats-en\/omega-3-en\/evolite-omega-3\/#breadcrumb"},"inLanguage":"en-US","potentialAction":[{"@type":"ReadAction","target":["https:\/\/fit360.ee\/en\/pood\/product-groups\/essential-fats-en\/omega-3-en\/evolite-omega-3\/"]}]},{"@type":"ImageObject","inLanguage":"en-US","@id":"https:\/\/fit360.ee\/en\/pood\/product-groups\/essential-fats-en\/omega-3-en\/evolite-omega-3\/#primaryimage","url":"https:\/\/fit360.ee\/wp-content\/uploads\/2020\/07\/evolite-omega-3-100-kaps.jpg","contentUrl":"https:\/\/fit360.ee\/wp-content\/uploads\/2020\/07\/evolite-omega-3-100-kaps.jpg","width":558,"height":558,"caption":"Evolite Omega 3 fit360.ee"},{"@type":"BreadcrumbList","@id":"https:\/\/fit360.ee\/en\/pood\/product-groups\/essential-fats-en\/omega-3-en\/evolite-omega-3\/#breadcrumb","itemListElement":[{"@type":"ListItem","position":1,"name":"Home","item":"https:\/\/fit360.ee\/en\/"},{"@type":"ListItem","position":2,"name":"Shop","item":"https:\/\/fit360.ee\/en\/shop\/"},{"@type":"ListItem","position":3,"name":"Evolite Omega 3 (100 caps)"}]},{"@type":"WebSite","@id":"https:\/\/fit360.ee\/en\/#website","url":"https:\/\/fit360.ee\/en\/","name":"Fit360","description":"","publisher":{"@id":"https:\/\/fit360.ee\/en\/#organization"},"potentialAction":[{"@type":"SearchAction","target":{"@type":"EntryPoint","urlTemplate":"https:\/\/fit360.ee\/en\/?s={search_term_string}"},"query-input":{"@type":"PropertyValueSpecification","valueRequired":true,"valueName":"search_term_string"}}],"inLanguage":"en-US"},{"@type":"Organization","@id":"https:\/\/fit360.ee\/en\/#organization","name":"Fit360","url":"https:\/\/fit360.ee\/en\/","logo":{"@type":"ImageObject","inLanguage":"en-US","@id":"https:\/\/fit360.ee\/en\/#\/schema\/logo\/image\/","url":"https:\/\/fit360.ee\/wp-content\/uploads\/2017\/01\/logo-fit360.png","contentUrl":"https:\/\/fit360.ee\/wp-content\/uploads\/2017\/01\/logo-fit360.png","width":180,"height":66,"caption":"Fit360"},"image":{"@id":"https:\/\/fit360.ee\/en\/#\/schema\/logo\/image\/"}}]}},"_links":{"self":[{"href":"https:\/\/fit360.ee\/en\/wp-json\/wp\/v2\/product\/37755","targetHints":{"allow":["GET"]}}],"collection":[{"href":"https:\/\/fit360.ee\/en\/wp-json\/wp\/v2\/product"}],"about":[{"href":"https:\/\/fit360.ee\/en\/wp-json\/wp\/v2\/types\/product"}],"replies":[{"embeddable":true,"href":"https:\/\/fit360.ee\/en\/wp-json\/wp\/v2\/comments?post=37755"}],"wp:featuredmedia":[{"embeddable":true,"href":"https:\/\/fit360.ee\/en\/wp-json\/wp\/v2\/media\/37754"}],"wp:attachment":[{"href":"https:\/\/fit360.ee\/en\/wp-json\/wp\/v2\/media?parent=37755"}],"wp:term":[{"taxonomy":"product_brand","embeddable":true,"href":"https:\/\/fit360.ee\/en\/wp-json\/wp\/v2\/product_brand?post=37755"},{"taxonomy":"product_cat","embeddable":true,"href":"https:\/\/fit360.ee\/en\/wp-json\/wp\/v2\/product_cat?post=37755"},{"taxonomy":"product_tag","embeddable":true,"href":"https:\/\/fit360.ee\/en\/wp-json\/wp\/v2\/product_tag?post=37755"},{"taxonomy":"giftcard-category","embeddable":true,"href":"https:\/\/fit360.ee\/en\/wp-json\/wp\/v2\/giftcard-category?post=37755"}],"curies":[{"name":"wp","href":"https:\/\/api.w.org\/{rel}","templated":true}]}}