{"id":37768,"date":"2020-07-15T19:25:08","date_gmt":"2020-07-15T17:25:08","guid":{"rendered":"https:\/\/fit360.ee\/pood\/uncategorized\/evolite-kreatiini-kapslid-300caps\/"},"modified":"2025-08-13T07:38:45","modified_gmt":"2025-08-13T05:38:45","slug":"evolite-kreatiini-kapslid-300caps","status":"publish","type":"product","link":"https:\/\/fit360.ee\/en\/pood\/product-groups\/creatine-en\/creatine-monohydrate-en\/evolite-kreatiini-kapslid-300caps\/","title":{"rendered":"Evolite Creatine Monohydrate Xtreme Caps (300 caps)"},"content":{"rendered":"<h2><strong>Evolite kreatiini kapslid<\/strong><\/h2>\n<p>Evolite kreatiini kapslid on Mega kapslid: 1 kapsel sisaldav 1,125g<\/p>\n<h4><strong>Kreatiini kapslid<\/strong><\/h4>\n<p>Kreatiin on orgaaniline keemiline \u00fchend, mis esineb inimkehas looduslikult. Tavaliselt tarnitakse seda koos loomsete saadustega, st liha, muna v\u00f5i kalaga. Selle kasulik toime p\u00f5hineb lihtsal mehhanismil, mis fosfokreatiini lihastes lagundades vabastab energia suure energiaga ATP (adenosiintrifosfaat) molekulide kujul. Hoolimata asjaolust, et kreatiini leidub ka toidus, on seda seal siiski imepisikestes kogustes, mist\u00f5ttu 100% kreatiiniga k\u00fcllastuse tekkimiseks on oluline seda juurde v\u00f5tta pulbri\/kapsli kujul.<\/p>\n<p><strong>Kreatiinmonoh\u00fcdraat:<\/strong><\/p>\n<ul>\n<li>Kasvatab puhast lihasmassi.<\/li>\n<li>Kiirendab taastumist treeningutest.<\/li>\n<li>Lisab plahvatuslikku j\u00f5udu.<\/li>\n<li>Suurendab valgus\u00fcnteesi.<\/li>\n<\/ul>\n<p><strong>Kreatiinmonoh\u00fcdraat<\/strong>\u00a0on maailma \u00fcks populaarseimaid toidulisandeid, mis aitab lisada j\u00f5udu, v\u00f5imsust (plahvatuslikku j\u00f5udu) ja lihasmassi. Mitmed teadust\u00f6\u00f6d on n\u00e4idanud, et kreatiin v\u00e4hendab treeningul vajaminevat taastusaega. Kreatiinmonoh\u00fcdraat imendub k\u00f5ige paremini, kui seda tarbida koos s\u00fcsivesikurikka joogiga.<\/p>\n<p><strong style=\"font-size: 14.4px;\">Koostisosad<\/strong><span style=\"font-size: 14.4px;\">: <\/span>Kreatiinmonoh\u00fcdraat,\u00a0tauriin, \u00a0\u017eelatiin (kapslis), v\u00e4rvaine: must raudoksiid<\/p>\n<p><strong>Kasutamine<\/strong>: V\u00f5ta \u00fcks serveering 4,5g (4 kapslit) \u00fcks kord p\u00e4evas koos mahla v\u00f5i veega.<\/p>\n<p><strong>Suurus<\/strong>: 300 kapslit \u2013 75 serveeringut. Hoiustada kuivas ja jahedas kohas.<\/p>\n<table width=\"844\">\n<tbody>\n<tr>\n<td width=\"155\"><strong>Toimeained<\/strong><\/td>\n<td width=\"66\"><strong>1 kapsel:<\/strong><\/td>\n<td width=\"54\"><strong>% SPK<\/strong><\/td>\n<td width=\"122\"><strong>1 serveering (4 kapslit)<\/strong><\/td>\n<td width=\"54\"><strong>% SPK<\/strong><\/td>\n<td width=\"278\"><strong>2 portsjonit (8 kapslit)<\/strong><\/td>\n<td width=\"71\"><strong>% SPK<\/strong><\/td>\n<\/tr>\n<tr>\n<td width=\"155\">Kreatiinmonoh\u00fcdraat<\/td>\n<td width=\"66\">1023mg<\/td>\n<td width=\"54\">**<\/td>\n<td width=\"122\">4095 mg<\/td>\n<td width=\"54\">**<\/td>\n<td width=\"278\">8190 mg<\/td>\n<td width=\"71\">**<\/td>\n<\/tr>\n<\/tbody>\n<\/table>\n<p>% SPK \u2013 p\u00e4evasest soovitatavast kogusest, ** \u2013 SPK ei ole kindlaks tehtud.<\/p>\n<p>Vaata ka meie teisi Kreatiine <a href=\"https:\/\/fit360.ee\/en\/product-category\/product-groups\/creatine-en\/\"><strong>SIIT<\/strong><\/a> v\u00f5i Kreatiin Monoh\u00fcdraate <a href=\"https:\/\/fit360.ee\/en\/product-category\/product-groups\/creatine-en\/creatine-monohydrate-en\/\"><strong>SIIT<\/strong><\/a>!<\/p>\n<p>Soovid teha suuremat tellimust? Vaata antud toodet meie HULGI lehelt\u00a0<a href=\"https:\/\/toidulisandidhulgi.ee\/product\/evolite-kreatiini-kapslid-300caps\/\"><strong>SIIT<\/strong><\/a>!<\/p>\n","protected":false},"excerpt":{"rendered":"<ul>\n<li>Kasvatab puhast lihasmassi.<\/li>\n<li>Kiirendab taastumist treeningutest.<\/li>\n<li>Lisab plahvatuslikku j\u00f5udu.<\/li>\n<li>Suurendab valgus\u00fcnteesi.<\/li>\n<\/ul>\n<p>&nbsp;<\/p>\n","protected":false},"featured_media":85365,"comment_status":"open","ping_status":"closed","template":"","meta":[],"product_brand":[],"product_cat":[526,2412,1618],"product_tag":[1779,1780,1781],"giftcard-category":[],"class_list":{"0":"post-37768","1":"product","2":"type-product","3":"status-publish","4":"has-post-thumbnail","6":"product_cat-creatine-en","7":"product_cat-creatine-monohydrate-en","8":"product_cat-evolite-en","9":"product_tag-kreatiin-en","10":"product_tag-kreatiin-monohudraat-en","11":"product_tag-kreatiini-kapslid-en","12":"pa_toidulisand-branddd-evolite","13":"pa_tootegruppp-creatine","14":"pa_tootegruppp-kreatiin-monohudraat-en","16":"first","17":"instock","18":"sale","19":"taxable","20":"shipping-taxable","21":"purchasable","22":"product-type-simple"},"yoast_head":"<!-- This site is optimized with the Yoast SEO plugin v27.3 - https:\/\/yoast.com\/product\/yoast-seo-wordpress\/ -->\n<title>Evolite Kreatiini kapslid 300tk - Kreatiin Monoh\u00fcdraat - Tarne: 1-3 p\u00e4eva<\/title>\n<meta name=\"description\" content=\"Evolite kreatiini kapslid aitavad lisada j\u00f5udu ja v\u00f5imsust (plahvatuslik j\u00f5ud). 1 mega kapsel sisaldab koguni 1,125g kreatiin monoh\u00fcdraati. Proovi j\u00e4rgi!\" \/>\n<meta name=\"robots\" content=\"index, follow, max-snippet:-1, max-image-preview:large, max-video-preview:-1\" \/>\n<link rel=\"canonical\" href=\"https:\/\/fit360.ee\/en\/pood\/product-groups\/creatine-en\/creatine-monohydrate-en\/evolite-kreatiini-kapslid-300caps\/\" \/>\n<meta property=\"og:locale\" content=\"en_US\" \/>\n<meta property=\"og:type\" content=\"article\" \/>\n<meta property=\"og:title\" content=\"Evolite Kreatiini kapslid 300tk - Kreatiin Monoh\u00fcdraat - Tarne: 1-3 p\u00e4eva\" \/>\n<meta property=\"og:description\" content=\"Evolite kreatiini kapslid aitavad lisada j\u00f5udu ja v\u00f5imsust (plahvatuslik j\u00f5ud). 1 mega kapsel sisaldab koguni 1,125g kreatiin monoh\u00fcdraati. Proovi j\u00e4rgi!\" \/>\n<meta property=\"og:url\" content=\"https:\/\/fit360.ee\/en\/pood\/product-groups\/creatine-en\/creatine-monohydrate-en\/evolite-kreatiini-kapslid-300caps\/\" \/>\n<meta property=\"og:site_name\" content=\"Fit360\" \/>\n<meta property=\"article:modified_time\" content=\"2025-08-13T05:38:45+00:00\" \/>\n<meta property=\"og:image\" content=\"https:\/\/fit360.ee\/wp-content\/uploads\/2020\/07\/evolite-kreatiini-kapslid-fit360.ee-1.png\" \/>\n\t<meta property=\"og:image:width\" content=\"1000\" \/>\n\t<meta property=\"og:image:height\" content=\"1000\" \/>\n\t<meta property=\"og:image:type\" content=\"image\/png\" \/>\n<meta name=\"twitter:card\" content=\"summary_large_image\" \/>\n<meta name=\"twitter:label1\" content=\"Est. reading time\" \/>\n\t<meta name=\"twitter:data1\" content=\"1 minute\" \/>\n<script type=\"application\/ld+json\" class=\"yoast-schema-graph\">{\"@context\":\"https:\\\/\\\/schema.org\",\"@graph\":[{\"@type\":\"WebPage\",\"@id\":\"https:\\\/\\\/fit360.ee\\\/en\\\/pood\\\/product-groups\\\/creatine-en\\\/creatine-monohydrate-en\\\/evolite-kreatiini-kapslid-300caps\\\/\",\"url\":\"https:\\\/\\\/fit360.ee\\\/en\\\/pood\\\/product-groups\\\/creatine-en\\\/creatine-monohydrate-en\\\/evolite-kreatiini-kapslid-300caps\\\/\",\"name\":\"Evolite Kreatiini kapslid 300tk - Kreatiin Monoh\u00fcdraat - Tarne: 1-3 p\u00e4eva\",\"isPartOf\":{\"@id\":\"https:\\\/\\\/fit360.ee\\\/en\\\/#website\"},\"primaryImageOfPage\":{\"@id\":\"https:\\\/\\\/fit360.ee\\\/en\\\/pood\\\/product-groups\\\/creatine-en\\\/creatine-monohydrate-en\\\/evolite-kreatiini-kapslid-300caps\\\/#primaryimage\"},\"image\":{\"@id\":\"https:\\\/\\\/fit360.ee\\\/en\\\/pood\\\/product-groups\\\/creatine-en\\\/creatine-monohydrate-en\\\/evolite-kreatiini-kapslid-300caps\\\/#primaryimage\"},\"thumbnailUrl\":\"https:\\\/\\\/fit360.ee\\\/wp-content\\\/uploads\\\/2020\\\/07\\\/evolite-kreatiini-kapslid-fit360.ee-1.png\",\"datePublished\":\"2020-07-15T17:25:08+00:00\",\"dateModified\":\"2025-08-13T05:38:45+00:00\",\"description\":\"Evolite kreatiini kapslid aitavad lisada j\u00f5udu ja v\u00f5imsust (plahvatuslik j\u00f5ud). 1 mega kapsel sisaldab koguni 1,125g kreatiin monoh\u00fcdraati. Proovi j\u00e4rgi!\",\"breadcrumb\":{\"@id\":\"https:\\\/\\\/fit360.ee\\\/en\\\/pood\\\/product-groups\\\/creatine-en\\\/creatine-monohydrate-en\\\/evolite-kreatiini-kapslid-300caps\\\/#breadcrumb\"},\"inLanguage\":\"en-US\",\"potentialAction\":[{\"@type\":\"ReadAction\",\"target\":[\"https:\\\/\\\/fit360.ee\\\/en\\\/pood\\\/product-groups\\\/creatine-en\\\/creatine-monohydrate-en\\\/evolite-kreatiini-kapslid-300caps\\\/\"]}]},{\"@type\":\"ImageObject\",\"inLanguage\":\"en-US\",\"@id\":\"https:\\\/\\\/fit360.ee\\\/en\\\/pood\\\/product-groups\\\/creatine-en\\\/creatine-monohydrate-en\\\/evolite-kreatiini-kapslid-300caps\\\/#primaryimage\",\"url\":\"https:\\\/\\\/fit360.ee\\\/wp-content\\\/uploads\\\/2020\\\/07\\\/evolite-kreatiini-kapslid-fit360.ee-1.png\",\"contentUrl\":\"https:\\\/\\\/fit360.ee\\\/wp-content\\\/uploads\\\/2020\\\/07\\\/evolite-kreatiini-kapslid-fit360.ee-1.png\",\"width\":1000,\"height\":1000,\"caption\":\"evolite kreatiini kapslid - fit360.ee\"},{\"@type\":\"BreadcrumbList\",\"@id\":\"https:\\\/\\\/fit360.ee\\\/en\\\/pood\\\/product-groups\\\/creatine-en\\\/creatine-monohydrate-en\\\/evolite-kreatiini-kapslid-300caps\\\/#breadcrumb\",\"itemListElement\":[{\"@type\":\"ListItem\",\"position\":1,\"name\":\"Home\",\"item\":\"https:\\\/\\\/fit360.ee\\\/en\\\/\"},{\"@type\":\"ListItem\",\"position\":2,\"name\":\"Shop\",\"item\":\"https:\\\/\\\/fit360.ee\\\/en\\\/shop\\\/\"},{\"@type\":\"ListItem\",\"position\":3,\"name\":\"Evolite Creatine Monohydrate Xtreme Caps (300 caps)\"}]},{\"@type\":\"WebSite\",\"@id\":\"https:\\\/\\\/fit360.ee\\\/en\\\/#website\",\"url\":\"https:\\\/\\\/fit360.ee\\\/en\\\/\",\"name\":\"Fit360\",\"description\":\"\",\"publisher\":{\"@id\":\"https:\\\/\\\/fit360.ee\\\/en\\\/#organization\"},\"potentialAction\":[{\"@type\":\"SearchAction\",\"target\":{\"@type\":\"EntryPoint\",\"urlTemplate\":\"https:\\\/\\\/fit360.ee\\\/en\\\/?s={search_term_string}\"},\"query-input\":{\"@type\":\"PropertyValueSpecification\",\"valueRequired\":true,\"valueName\":\"search_term_string\"}}],\"inLanguage\":\"en-US\"},{\"@type\":\"Organization\",\"@id\":\"https:\\\/\\\/fit360.ee\\\/en\\\/#organization\",\"name\":\"Fit360\",\"url\":\"https:\\\/\\\/fit360.ee\\\/en\\\/\",\"logo\":{\"@type\":\"ImageObject\",\"inLanguage\":\"en-US\",\"@id\":\"https:\\\/\\\/fit360.ee\\\/en\\\/#\\\/schema\\\/logo\\\/image\\\/\",\"url\":\"https:\\\/\\\/fit360.ee\\\/wp-content\\\/uploads\\\/2017\\\/01\\\/logo-fit360.png\",\"contentUrl\":\"https:\\\/\\\/fit360.ee\\\/wp-content\\\/uploads\\\/2017\\\/01\\\/logo-fit360.png\",\"width\":180,\"height\":66,\"caption\":\"Fit360\"},\"image\":{\"@id\":\"https:\\\/\\\/fit360.ee\\\/en\\\/#\\\/schema\\\/logo\\\/image\\\/\"}}]}<\/script>\n<!-- \/ Yoast SEO plugin. -->","yoast_head_json":{"title":"Evolite Kreatiini kapslid 300tk - Kreatiin Monoh\u00fcdraat - Tarne: 1-3 p\u00e4eva","description":"Evolite kreatiini kapslid aitavad lisada j\u00f5udu ja v\u00f5imsust (plahvatuslik j\u00f5ud). 1 mega kapsel sisaldab koguni 1,125g kreatiin monoh\u00fcdraati. Proovi j\u00e4rgi!","robots":{"index":"index","follow":"follow","max-snippet":"max-snippet:-1","max-image-preview":"max-image-preview:large","max-video-preview":"max-video-preview:-1"},"canonical":"https:\/\/fit360.ee\/en\/pood\/product-groups\/creatine-en\/creatine-monohydrate-en\/evolite-kreatiini-kapslid-300caps\/","og_locale":"en_US","og_type":"article","og_title":"Evolite Kreatiini kapslid 300tk - Kreatiin Monoh\u00fcdraat - Tarne: 1-3 p\u00e4eva","og_description":"Evolite kreatiini kapslid aitavad lisada j\u00f5udu ja v\u00f5imsust (plahvatuslik j\u00f5ud). 1 mega kapsel sisaldab koguni 1,125g kreatiin monoh\u00fcdraati. Proovi j\u00e4rgi!","og_url":"https:\/\/fit360.ee\/en\/pood\/product-groups\/creatine-en\/creatine-monohydrate-en\/evolite-kreatiini-kapslid-300caps\/","og_site_name":"Fit360","article_modified_time":"2025-08-13T05:38:45+00:00","og_image":[{"width":1000,"height":1000,"url":"https:\/\/fit360.ee\/wp-content\/uploads\/2020\/07\/evolite-kreatiini-kapslid-fit360.ee-1.png","type":"image\/png"}],"twitter_card":"summary_large_image","twitter_misc":{"Est. reading time":"1 minute"},"schema":{"@context":"https:\/\/schema.org","@graph":[{"@type":"WebPage","@id":"https:\/\/fit360.ee\/en\/pood\/product-groups\/creatine-en\/creatine-monohydrate-en\/evolite-kreatiini-kapslid-300caps\/","url":"https:\/\/fit360.ee\/en\/pood\/product-groups\/creatine-en\/creatine-monohydrate-en\/evolite-kreatiini-kapslid-300caps\/","name":"Evolite Kreatiini kapslid 300tk - Kreatiin Monoh\u00fcdraat - Tarne: 1-3 p\u00e4eva","isPartOf":{"@id":"https:\/\/fit360.ee\/en\/#website"},"primaryImageOfPage":{"@id":"https:\/\/fit360.ee\/en\/pood\/product-groups\/creatine-en\/creatine-monohydrate-en\/evolite-kreatiini-kapslid-300caps\/#primaryimage"},"image":{"@id":"https:\/\/fit360.ee\/en\/pood\/product-groups\/creatine-en\/creatine-monohydrate-en\/evolite-kreatiini-kapslid-300caps\/#primaryimage"},"thumbnailUrl":"https:\/\/fit360.ee\/wp-content\/uploads\/2020\/07\/evolite-kreatiini-kapslid-fit360.ee-1.png","datePublished":"2020-07-15T17:25:08+00:00","dateModified":"2025-08-13T05:38:45+00:00","description":"Evolite kreatiini kapslid aitavad lisada j\u00f5udu ja v\u00f5imsust (plahvatuslik j\u00f5ud). 1 mega kapsel sisaldab koguni 1,125g kreatiin monoh\u00fcdraati. Proovi j\u00e4rgi!","breadcrumb":{"@id":"https:\/\/fit360.ee\/en\/pood\/product-groups\/creatine-en\/creatine-monohydrate-en\/evolite-kreatiini-kapslid-300caps\/#breadcrumb"},"inLanguage":"en-US","potentialAction":[{"@type":"ReadAction","target":["https:\/\/fit360.ee\/en\/pood\/product-groups\/creatine-en\/creatine-monohydrate-en\/evolite-kreatiini-kapslid-300caps\/"]}]},{"@type":"ImageObject","inLanguage":"en-US","@id":"https:\/\/fit360.ee\/en\/pood\/product-groups\/creatine-en\/creatine-monohydrate-en\/evolite-kreatiini-kapslid-300caps\/#primaryimage","url":"https:\/\/fit360.ee\/wp-content\/uploads\/2020\/07\/evolite-kreatiini-kapslid-fit360.ee-1.png","contentUrl":"https:\/\/fit360.ee\/wp-content\/uploads\/2020\/07\/evolite-kreatiini-kapslid-fit360.ee-1.png","width":1000,"height":1000,"caption":"evolite kreatiini kapslid - fit360.ee"},{"@type":"BreadcrumbList","@id":"https:\/\/fit360.ee\/en\/pood\/product-groups\/creatine-en\/creatine-monohydrate-en\/evolite-kreatiini-kapslid-300caps\/#breadcrumb","itemListElement":[{"@type":"ListItem","position":1,"name":"Home","item":"https:\/\/fit360.ee\/en\/"},{"@type":"ListItem","position":2,"name":"Shop","item":"https:\/\/fit360.ee\/en\/shop\/"},{"@type":"ListItem","position":3,"name":"Evolite Creatine Monohydrate Xtreme Caps (300 caps)"}]},{"@type":"WebSite","@id":"https:\/\/fit360.ee\/en\/#website","url":"https:\/\/fit360.ee\/en\/","name":"Fit360","description":"","publisher":{"@id":"https:\/\/fit360.ee\/en\/#organization"},"potentialAction":[{"@type":"SearchAction","target":{"@type":"EntryPoint","urlTemplate":"https:\/\/fit360.ee\/en\/?s={search_term_string}"},"query-input":{"@type":"PropertyValueSpecification","valueRequired":true,"valueName":"search_term_string"}}],"inLanguage":"en-US"},{"@type":"Organization","@id":"https:\/\/fit360.ee\/en\/#organization","name":"Fit360","url":"https:\/\/fit360.ee\/en\/","logo":{"@type":"ImageObject","inLanguage":"en-US","@id":"https:\/\/fit360.ee\/en\/#\/schema\/logo\/image\/","url":"https:\/\/fit360.ee\/wp-content\/uploads\/2017\/01\/logo-fit360.png","contentUrl":"https:\/\/fit360.ee\/wp-content\/uploads\/2017\/01\/logo-fit360.png","width":180,"height":66,"caption":"Fit360"},"image":{"@id":"https:\/\/fit360.ee\/en\/#\/schema\/logo\/image\/"}}]}},"_links":{"self":[{"href":"https:\/\/fit360.ee\/en\/wp-json\/wp\/v2\/product\/37768","targetHints":{"allow":["GET"]}}],"collection":[{"href":"https:\/\/fit360.ee\/en\/wp-json\/wp\/v2\/product"}],"about":[{"href":"https:\/\/fit360.ee\/en\/wp-json\/wp\/v2\/types\/product"}],"replies":[{"embeddable":true,"href":"https:\/\/fit360.ee\/en\/wp-json\/wp\/v2\/comments?post=37768"}],"wp:featuredmedia":[{"embeddable":true,"href":"https:\/\/fit360.ee\/en\/wp-json\/wp\/v2\/media\/85365"}],"wp:attachment":[{"href":"https:\/\/fit360.ee\/en\/wp-json\/wp\/v2\/media?parent=37768"}],"wp:term":[{"taxonomy":"product_brand","embeddable":true,"href":"https:\/\/fit360.ee\/en\/wp-json\/wp\/v2\/product_brand?post=37768"},{"taxonomy":"product_cat","embeddable":true,"href":"https:\/\/fit360.ee\/en\/wp-json\/wp\/v2\/product_cat?post=37768"},{"taxonomy":"product_tag","embeddable":true,"href":"https:\/\/fit360.ee\/en\/wp-json\/wp\/v2\/product_tag?post=37768"},{"taxonomy":"giftcard-category","embeddable":true,"href":"https:\/\/fit360.ee\/en\/wp-json\/wp\/v2\/giftcard-category?post=37768"}],"curies":[{"name":"wp","href":"https:\/\/api.w.org\/{rel}","templated":true}]}}