{"id":38104,"date":"2020-08-11T16:52:47","date_gmt":"2020-08-11T14:52:47","guid":{"rendered":"https:\/\/fit360.ee\/pood\/uncategorized\/bcaa-instant-1000g\/"},"modified":"2026-04-10T14:42:36","modified_gmt":"2026-04-10T12:42:36","slug":"bcaa-instant-1000g","status":"publish","type":"product","link":"https:\/\/fit360.ee\/en\/pood\/product-groups\/amino-acids-bcaa\/bcaa-en\/bcaa-instant-1000g\/","title":{"rendered":"BCAA Instant (1000g)"},"content":{"rendered":"<h1>BCAA Instant &#8211; maitsega BCAA pulber<\/h1>\n<p>BCAA Instant &#8211; aminohappe pulber.<\/p>\n<p><strong>Koostisosad<\/strong>: L-leutsiin, L-isoleutsiin, L-valiin, sidrunhape, sojaletsitiin, l\u00f5hnained, sukraloos, v\u00e4rvained.<\/p>\n<p><strong>Kasutamine<\/strong>: Tarbi \u00fcks annus (5,7g) toodet 200 ml vee v\u00f5i mahlaga kuni kolm\u00a0korda p\u00e4evas. Mitte \u00fcletada soovitatud p\u00e4evast kogust. Toode ei ole m\u00f5eldud rasedatele, rinnaga toitvatele naistele ega lastele.<\/p>\n<p><strong>Suurus<\/strong>: 1000g \u2013 163 serveeringut. Hoiustada kuivas ja jahedas kohas.<\/p>\n<table width=\"449\">\n<tbody>\n<tr>\n<td width=\"90\"><strong>Toimeained<\/strong><\/td>\n<td width=\"123\"><strong>1 portsjon (5,7 g)<\/strong><\/td>\n<td width=\"57\"><strong>SPK%<\/strong><\/td>\n<td width=\"123\"><strong>2 portsjonit (11,4 g)<\/strong><\/td>\n<td width=\"57\"><strong>SPK%<\/strong><\/td>\n<\/tr>\n<tr>\n<td width=\"90\">L-leutsiin<\/td>\n<td width=\"123\">2,5 g<\/td>\n<td width=\"57\">**<\/td>\n<td width=\"123\">5 g<\/td>\n<td width=\"57\">**<\/td>\n<\/tr>\n<tr>\n<td width=\"90\">L-isoleutsiin<\/td>\n<td width=\"123\">1,25 g<\/td>\n<td width=\"57\">**<\/td>\n<td width=\"123\">2,5 g<\/td>\n<td width=\"57\">**<\/td>\n<\/tr>\n<tr>\n<td width=\"90\">L-valiin<\/td>\n<td width=\"123\">1,25 g<\/td>\n<td width=\"57\">**<\/td>\n<td width=\"123\">2,5 g<\/td>\n<td width=\"57\">**<\/td>\n<\/tr>\n<\/tbody>\n<\/table>\n<p>% SPK \u2013 p\u00e4evasest soovitatavast kogusest, ** \u2013 SPK ei ole kindlaks tehtud.<\/p>\n<p><strong>Suurus<\/strong>: 400g<\/p>\n<p><strong>S\u00dcSIVESIKUVABA, MAITSESTATUD, 2:1:1 SUHTEGA BCAA PULBER.<\/strong><\/p>\n<ul>\n<li>0 g gluteeni<\/li>\n<li>0 g laktoosi<\/li>\n<li>0 g s\u00fcsivesikuid<\/li>\n<li>0 g rasva<\/li>\n<li>Maitsestatud pulbrina<\/li>\n<li>Madal soolasisaldus<\/li>\n<li>S\u00e4ilitusaineteta<\/li>\n<li>Aspartaamivaba<\/li>\n<li>Dopinguvaba<\/li>\n<\/ul>\n<p><strong>LIHASE KASVATAMINE JA ENERGIA ANDMINE<\/strong><br \/>\nReal Pharmi maitsestatud BCAA Instant aminohappepulber sisaldab 2:1:1 suhtes leutsiini, isoleutsiini ja valiini, mis tugevdavad teineteise toimeid lihase kasvatamises ja energia andmises ja nad on naturaalses, lihastele omases proportsioonis. Oleme lisanud ka vitamiini B6 tootele, mis toetab normaalset valgu ja gl\u00fckogeeni ainevahetust ning v\u00e4simuse ja kurnatuse v\u00e4hendamist.<\/p>\n<p><strong>KUI ME \u00dcTLEME NULL SIIS ME M\u00d5TLEME NULL<\/strong><br \/>\nBCAA Instant on pulbri kujul aminohape, mis sobib k\u00f5igi treeningmeetodtega. Oleme tootes nullinud k\u00f5ik mittevajaliku: seal puudub gluteen, laktoos, aspartaam, s\u00fcsivesikud, s\u00e4ilitusained ja suhkur.<\/p>\n<p><strong>Kellele BCAA Instanti soovitatakse?<\/strong><\/p>\n<ul>\n<li>Nii meestele kui naistele<\/li>\n<li>K\u00f5igi treeningmeetodite jaoks<\/li>\n<li>Kiireks ja madala kalorsusega aminohappega varustamiseks enne treeningut<\/li>\n<li>Lihase s\u00e4ilitamiseks pikenenud treeningul<\/li>\n<li>Dieedil olevatele inimestele<\/li>\n<li>Fitnessv\u00f5istluseks ette valmistuvatele inimestele<\/li>\n<li>Diabeeti p\u00f5devatele<\/li>\n<li>Laktoositundlikele<\/li>\n<li>Gluteenitundlikele<\/li>\n<\/ul>\n<p><strong>MIKS SA VAJAD AMINOHAPPEID?<\/strong><br \/>\nAminohapped on \u00fche meie p\u00f5hitoitaine, valgu ehitusmaterjaliks. Seda leidub k\u00f5ikjal inimkehas. On aminohappeid, mida inimkeha suudab toota (asendatavad aminohapped), samas kui teise gruppi kuuluvaid aminohappeid (asendamatud aminohapped) saadakse toidust. K\u00f5igist erinevatest aminohapetest vaid 20 osalevad valkude struktuuri kujundamises. Aminohapped on elulise t\u00e4htsusega k\u00f5igis keha funktsioonides nagu seedimine, maksa toimimine v\u00f5i haavade parandamine. Aminohapped toidavad nahka, sidemeid, lihaseid, siseorganeid, n\u00e4\u00e4rmeid, juukseid ja k\u00fc\u00fcsi. Nad toetavad ka hormoonide ja neurotransmitterite ning ens\u00fc\u00fcmide toodangut. Lisaks on nad t\u00e4htis v\u00e4line energiaallikas ning rasva ja s\u00fcsivesikuid tootev toitaine. Rikkalikumad peamiste aminohapete allikad on loomsed toidud, samas kui taimsed toidud ei sisalda tihti k\u00f5iki aminohappeid.<\/p>\n<h3><strong>HARGNENUD AHELAGA AMINOHAPPED<\/strong><\/h3>\n<p>BCAAd ehk hargnenud ahelaga aminohapped koosnevad tegelikult kolmest aminohappest: vallinist, isoleutsiinist ja leutsiinist, mis k\u00f5ik on v\u00e4ga t\u00e4htsad lihase ehitamisel. Valiin on lihaste energia allikaks ja see toetab tugevalt raku ainevahetust. Isoleutsiin on aminohape, mida vajatakse hemoglobiini tootmises ning ka see toetab taastumist. Leutsiin toetab luude, naha ja lihaste taastumist ning v\u00f5ib parandada valgu imendumist. Need kolm aminohapet v\u00f5imendavad tugevalt teineteise lihaseid kasvatavaid ja energiat andvaid toimeid ja neil on loomulik spetsiifiline suhe inimeste lihastes.<\/p>\n<p><strong>JUHISED<\/strong>: Sega \u00fcks serveering (2 m\u00f5\u00f5tlusikat\u00e4it) 300 ml veega ja joo 15 minutit enne v\u00f5i peale treeningut v\u00f5i selle ajal<\/p>\n<p>Soovid kaupa osta suuremas koguses? Vaata antud toodet ka meie HULGI poest\u00a0<a href=\"https:\/\/toidulisandidhulgi.ee\/product\/bcaa-instant-1000g\/\"><strong>SIIT<\/strong><\/a>!<\/p>\n","protected":false},"excerpt":{"rendered":"<h2><strong>BCAA Instant<\/strong> &#8211; <strong>S\u00dcSIVESIKUVABA, MAITSESTATUD, 2:1:1 SUHTEGA BCAA PULBER.<\/strong><\/h2>\n<ul>\n<li>0 g gluteeni<\/li>\n<li>0 g laktoosi<\/li>\n<li>0 g s\u00fcsivesikuid<\/li>\n<li>0 g rasva<\/li>\n<li>Maitsestatud pulbrina<\/li>\n<li>Madal soolasisaldus<\/li>\n<li>S\u00e4ilitusaineteta<\/li>\n<li>Aspartaamivaba<\/li>\n<li>Dopinguvaba<\/li>\n<\/ul>\n<p><strong>LIHASE KASVATAMINE JA ENERGIA ANDMINE<\/strong><br \/>\nReal Pharmi maitsestatud BCAA Instant aminohappe pulber sisaldab 2:1:1 suhtes leutsiini, isoleutsiini ja valiini, mis tugevdavad teineteise toimeid lihase kasvatamises ja energia andmises ja nad on naturaalses, lihastele omases proportsioonis. BCAA pulber toetab normaalset valgu ja gl\u00fckogeeni ainevahetust ning v\u00e4simuse ja kurnatuse v\u00e4hendamist.<\/p>\n","protected":false},"featured_media":38103,"comment_status":"open","ping_status":"closed","template":"","meta":[],"product_brand":[],"product_cat":[520,2299,2331,2335,515,531],"product_tag":[1787,1791,1792],"giftcard-category":[],"class_list":{"0":"post-38104","1":"product","2":"type-product","3":"status-publish","4":"has-post-thumbnail","6":"product_cat-amino-acids-bcaa","7":"product_cat-bcaa-en","8":"product_cat-essential-amino-acids-eaa-en","9":"product_cat-leucine-en","10":"product_cat-real-pharm","11":"product_cat-recovery-post-workout-en","12":"product_tag-aminohapped-en","13":"product_tag-bcaa-en","14":"product_tag-bcaa-pulber-en","15":"pa_maitse-lemon","16":"pa_maitse-orange","18":"first","19":"instock","20":"sale","21":"taxable","22":"shipping-taxable","23":"purchasable","24":"product-type-variable"},"yoast_head":"<!-- This site is optimized with the Yoast SEO plugin v27.3 - https:\/\/yoast.com\/product\/yoast-seo-wordpress\/ -->\n<title>BCAA Instant (1000g) - BCAA Pulber - Aminohapped - Kiire tarne:1-3 p\u00e4eva<\/title>\n<meta name=\"description\" content=\"BCAA Instant on aminohappe pulber, mis sisaldab 2:1:1 suhtes leutsiini, isoleutsiini ja valiini, mis annab lisaenergiat Sinu treeningutele. Hitt-toode!\" \/>\n<meta name=\"robots\" content=\"index, follow, max-snippet:-1, max-image-preview:large, max-video-preview:-1\" \/>\n<link rel=\"canonical\" href=\"https:\/\/fit360.ee\/en\/pood\/product-groups\/amino-acids-bcaa\/bcaa-en\/bcaa-instant-1000g\/\" \/>\n<meta property=\"og:locale\" content=\"en_US\" \/>\n<meta property=\"og:type\" content=\"article\" \/>\n<meta property=\"og:title\" content=\"BCAA Instant (1000g) - BCAA Pulber - Aminohapped - Kiire tarne:1-3 p\u00e4eva\" \/>\n<meta property=\"og:description\" content=\"BCAA Instant on aminohappe pulber, mis sisaldab 2:1:1 suhtes leutsiini, isoleutsiini ja valiini, mis annab lisaenergiat Sinu treeningutele. Hitt-toode!\" \/>\n<meta property=\"og:url\" content=\"https:\/\/fit360.ee\/en\/pood\/product-groups\/amino-acids-bcaa\/bcaa-en\/bcaa-instant-1000g\/\" \/>\n<meta property=\"og:site_name\" content=\"Fit360\" \/>\n<meta property=\"article:modified_time\" content=\"2026-04-10T12:42:36+00:00\" \/>\n<meta property=\"og:image\" content=\"https:\/\/fit360.ee\/wp-content\/uploads\/2020\/08\/real-pharm-bcaa-instant-1000g.png\" \/>\n\t<meta property=\"og:image:width\" content=\"800\" \/>\n\t<meta property=\"og:image:height\" content=\"800\" \/>\n\t<meta property=\"og:image:type\" content=\"image\/png\" \/>\n<meta name=\"twitter:card\" content=\"summary_large_image\" \/>\n<meta name=\"twitter:label1\" content=\"Est. reading time\" \/>\n\t<meta name=\"twitter:data1\" content=\"3 minutes\" \/>\n<script type=\"application\/ld+json\" class=\"yoast-schema-graph\">{\"@context\":\"https:\\\/\\\/schema.org\",\"@graph\":[{\"@type\":\"WebPage\",\"@id\":\"https:\\\/\\\/fit360.ee\\\/en\\\/pood\\\/product-groups\\\/amino-acids-bcaa\\\/bcaa-en\\\/bcaa-instant-1000g\\\/\",\"url\":\"https:\\\/\\\/fit360.ee\\\/en\\\/pood\\\/product-groups\\\/amino-acids-bcaa\\\/bcaa-en\\\/bcaa-instant-1000g\\\/\",\"name\":\"BCAA Instant (1000g) - BCAA Pulber - Aminohapped - Kiire tarne:1-3 p\u00e4eva\",\"isPartOf\":{\"@id\":\"https:\\\/\\\/fit360.ee\\\/en\\\/#website\"},\"primaryImageOfPage\":{\"@id\":\"https:\\\/\\\/fit360.ee\\\/en\\\/pood\\\/product-groups\\\/amino-acids-bcaa\\\/bcaa-en\\\/bcaa-instant-1000g\\\/#primaryimage\"},\"image\":{\"@id\":\"https:\\\/\\\/fit360.ee\\\/en\\\/pood\\\/product-groups\\\/amino-acids-bcaa\\\/bcaa-en\\\/bcaa-instant-1000g\\\/#primaryimage\"},\"thumbnailUrl\":\"https:\\\/\\\/fit360.ee\\\/wp-content\\\/uploads\\\/2020\\\/08\\\/real-pharm-bcaa-instant-1000g.png\",\"datePublished\":\"2020-08-11T14:52:47+00:00\",\"dateModified\":\"2026-04-10T12:42:36+00:00\",\"description\":\"BCAA Instant on aminohappe pulber, mis sisaldab 2:1:1 suhtes leutsiini, isoleutsiini ja valiini, mis annab lisaenergiat Sinu treeningutele. Hitt-toode!\",\"breadcrumb\":{\"@id\":\"https:\\\/\\\/fit360.ee\\\/en\\\/pood\\\/product-groups\\\/amino-acids-bcaa\\\/bcaa-en\\\/bcaa-instant-1000g\\\/#breadcrumb\"},\"inLanguage\":\"en-US\",\"potentialAction\":[{\"@type\":\"ReadAction\",\"target\":[\"https:\\\/\\\/fit360.ee\\\/en\\\/pood\\\/product-groups\\\/amino-acids-bcaa\\\/bcaa-en\\\/bcaa-instant-1000g\\\/\"]}]},{\"@type\":\"ImageObject\",\"inLanguage\":\"en-US\",\"@id\":\"https:\\\/\\\/fit360.ee\\\/en\\\/pood\\\/product-groups\\\/amino-acids-bcaa\\\/bcaa-en\\\/bcaa-instant-1000g\\\/#primaryimage\",\"url\":\"https:\\\/\\\/fit360.ee\\\/wp-content\\\/uploads\\\/2020\\\/08\\\/real-pharm-bcaa-instant-1000g.png\",\"contentUrl\":\"https:\\\/\\\/fit360.ee\\\/wp-content\\\/uploads\\\/2020\\\/08\\\/real-pharm-bcaa-instant-1000g.png\",\"width\":800,\"height\":800,\"caption\":\"BCAA Instant - fit360.ee\"},{\"@type\":\"BreadcrumbList\",\"@id\":\"https:\\\/\\\/fit360.ee\\\/en\\\/pood\\\/product-groups\\\/amino-acids-bcaa\\\/bcaa-en\\\/bcaa-instant-1000g\\\/#breadcrumb\",\"itemListElement\":[{\"@type\":\"ListItem\",\"position\":1,\"name\":\"Home\",\"item\":\"https:\\\/\\\/fit360.ee\\\/en\\\/\"},{\"@type\":\"ListItem\",\"position\":2,\"name\":\"Shop\",\"item\":\"https:\\\/\\\/fit360.ee\\\/en\\\/shop\\\/\"},{\"@type\":\"ListItem\",\"position\":3,\"name\":\"BCAA Instant (1000g)\"}]},{\"@type\":\"WebSite\",\"@id\":\"https:\\\/\\\/fit360.ee\\\/en\\\/#website\",\"url\":\"https:\\\/\\\/fit360.ee\\\/en\\\/\",\"name\":\"Fit360\",\"description\":\"\",\"publisher\":{\"@id\":\"https:\\\/\\\/fit360.ee\\\/en\\\/#organization\"},\"potentialAction\":[{\"@type\":\"SearchAction\",\"target\":{\"@type\":\"EntryPoint\",\"urlTemplate\":\"https:\\\/\\\/fit360.ee\\\/en\\\/?s={search_term_string}\"},\"query-input\":{\"@type\":\"PropertyValueSpecification\",\"valueRequired\":true,\"valueName\":\"search_term_string\"}}],\"inLanguage\":\"en-US\"},{\"@type\":\"Organization\",\"@id\":\"https:\\\/\\\/fit360.ee\\\/en\\\/#organization\",\"name\":\"Fit360\",\"url\":\"https:\\\/\\\/fit360.ee\\\/en\\\/\",\"logo\":{\"@type\":\"ImageObject\",\"inLanguage\":\"en-US\",\"@id\":\"https:\\\/\\\/fit360.ee\\\/en\\\/#\\\/schema\\\/logo\\\/image\\\/\",\"url\":\"https:\\\/\\\/fit360.ee\\\/wp-content\\\/uploads\\\/2017\\\/01\\\/logo-fit360.png\",\"contentUrl\":\"https:\\\/\\\/fit360.ee\\\/wp-content\\\/uploads\\\/2017\\\/01\\\/logo-fit360.png\",\"width\":180,\"height\":66,\"caption\":\"Fit360\"},\"image\":{\"@id\":\"https:\\\/\\\/fit360.ee\\\/en\\\/#\\\/schema\\\/logo\\\/image\\\/\"}}]}<\/script>\n<!-- \/ Yoast SEO plugin. -->","yoast_head_json":{"title":"BCAA Instant (1000g) - BCAA Pulber - Aminohapped - Kiire tarne:1-3 p\u00e4eva","description":"BCAA Instant on aminohappe pulber, mis sisaldab 2:1:1 suhtes leutsiini, isoleutsiini ja valiini, mis annab lisaenergiat Sinu treeningutele. Hitt-toode!","robots":{"index":"index","follow":"follow","max-snippet":"max-snippet:-1","max-image-preview":"max-image-preview:large","max-video-preview":"max-video-preview:-1"},"canonical":"https:\/\/fit360.ee\/en\/pood\/product-groups\/amino-acids-bcaa\/bcaa-en\/bcaa-instant-1000g\/","og_locale":"en_US","og_type":"article","og_title":"BCAA Instant (1000g) - BCAA Pulber - Aminohapped - Kiire tarne:1-3 p\u00e4eva","og_description":"BCAA Instant on aminohappe pulber, mis sisaldab 2:1:1 suhtes leutsiini, isoleutsiini ja valiini, mis annab lisaenergiat Sinu treeningutele. Hitt-toode!","og_url":"https:\/\/fit360.ee\/en\/pood\/product-groups\/amino-acids-bcaa\/bcaa-en\/bcaa-instant-1000g\/","og_site_name":"Fit360","article_modified_time":"2026-04-10T12:42:36+00:00","og_image":[{"width":800,"height":800,"url":"https:\/\/fit360.ee\/wp-content\/uploads\/2020\/08\/real-pharm-bcaa-instant-1000g.png","type":"image\/png"}],"twitter_card":"summary_large_image","twitter_misc":{"Est. reading time":"3 minutes"},"schema":{"@context":"https:\/\/schema.org","@graph":[{"@type":"WebPage","@id":"https:\/\/fit360.ee\/en\/pood\/product-groups\/amino-acids-bcaa\/bcaa-en\/bcaa-instant-1000g\/","url":"https:\/\/fit360.ee\/en\/pood\/product-groups\/amino-acids-bcaa\/bcaa-en\/bcaa-instant-1000g\/","name":"BCAA Instant (1000g) - BCAA Pulber - Aminohapped - Kiire tarne:1-3 p\u00e4eva","isPartOf":{"@id":"https:\/\/fit360.ee\/en\/#website"},"primaryImageOfPage":{"@id":"https:\/\/fit360.ee\/en\/pood\/product-groups\/amino-acids-bcaa\/bcaa-en\/bcaa-instant-1000g\/#primaryimage"},"image":{"@id":"https:\/\/fit360.ee\/en\/pood\/product-groups\/amino-acids-bcaa\/bcaa-en\/bcaa-instant-1000g\/#primaryimage"},"thumbnailUrl":"https:\/\/fit360.ee\/wp-content\/uploads\/2020\/08\/real-pharm-bcaa-instant-1000g.png","datePublished":"2020-08-11T14:52:47+00:00","dateModified":"2026-04-10T12:42:36+00:00","description":"BCAA Instant on aminohappe pulber, mis sisaldab 2:1:1 suhtes leutsiini, isoleutsiini ja valiini, mis annab lisaenergiat Sinu treeningutele. Hitt-toode!","breadcrumb":{"@id":"https:\/\/fit360.ee\/en\/pood\/product-groups\/amino-acids-bcaa\/bcaa-en\/bcaa-instant-1000g\/#breadcrumb"},"inLanguage":"en-US","potentialAction":[{"@type":"ReadAction","target":["https:\/\/fit360.ee\/en\/pood\/product-groups\/amino-acids-bcaa\/bcaa-en\/bcaa-instant-1000g\/"]}]},{"@type":"ImageObject","inLanguage":"en-US","@id":"https:\/\/fit360.ee\/en\/pood\/product-groups\/amino-acids-bcaa\/bcaa-en\/bcaa-instant-1000g\/#primaryimage","url":"https:\/\/fit360.ee\/wp-content\/uploads\/2020\/08\/real-pharm-bcaa-instant-1000g.png","contentUrl":"https:\/\/fit360.ee\/wp-content\/uploads\/2020\/08\/real-pharm-bcaa-instant-1000g.png","width":800,"height":800,"caption":"BCAA Instant - fit360.ee"},{"@type":"BreadcrumbList","@id":"https:\/\/fit360.ee\/en\/pood\/product-groups\/amino-acids-bcaa\/bcaa-en\/bcaa-instant-1000g\/#breadcrumb","itemListElement":[{"@type":"ListItem","position":1,"name":"Home","item":"https:\/\/fit360.ee\/en\/"},{"@type":"ListItem","position":2,"name":"Shop","item":"https:\/\/fit360.ee\/en\/shop\/"},{"@type":"ListItem","position":3,"name":"BCAA Instant (1000g)"}]},{"@type":"WebSite","@id":"https:\/\/fit360.ee\/en\/#website","url":"https:\/\/fit360.ee\/en\/","name":"Fit360","description":"","publisher":{"@id":"https:\/\/fit360.ee\/en\/#organization"},"potentialAction":[{"@type":"SearchAction","target":{"@type":"EntryPoint","urlTemplate":"https:\/\/fit360.ee\/en\/?s={search_term_string}"},"query-input":{"@type":"PropertyValueSpecification","valueRequired":true,"valueName":"search_term_string"}}],"inLanguage":"en-US"},{"@type":"Organization","@id":"https:\/\/fit360.ee\/en\/#organization","name":"Fit360","url":"https:\/\/fit360.ee\/en\/","logo":{"@type":"ImageObject","inLanguage":"en-US","@id":"https:\/\/fit360.ee\/en\/#\/schema\/logo\/image\/","url":"https:\/\/fit360.ee\/wp-content\/uploads\/2017\/01\/logo-fit360.png","contentUrl":"https:\/\/fit360.ee\/wp-content\/uploads\/2017\/01\/logo-fit360.png","width":180,"height":66,"caption":"Fit360"},"image":{"@id":"https:\/\/fit360.ee\/en\/#\/schema\/logo\/image\/"}}]}},"_links":{"self":[{"href":"https:\/\/fit360.ee\/en\/wp-json\/wp\/v2\/product\/38104","targetHints":{"allow":["GET"]}}],"collection":[{"href":"https:\/\/fit360.ee\/en\/wp-json\/wp\/v2\/product"}],"about":[{"href":"https:\/\/fit360.ee\/en\/wp-json\/wp\/v2\/types\/product"}],"replies":[{"embeddable":true,"href":"https:\/\/fit360.ee\/en\/wp-json\/wp\/v2\/comments?post=38104"}],"wp:featuredmedia":[{"embeddable":true,"href":"https:\/\/fit360.ee\/en\/wp-json\/wp\/v2\/media\/38103"}],"wp:attachment":[{"href":"https:\/\/fit360.ee\/en\/wp-json\/wp\/v2\/media?parent=38104"}],"wp:term":[{"taxonomy":"product_brand","embeddable":true,"href":"https:\/\/fit360.ee\/en\/wp-json\/wp\/v2\/product_brand?post=38104"},{"taxonomy":"product_cat","embeddable":true,"href":"https:\/\/fit360.ee\/en\/wp-json\/wp\/v2\/product_cat?post=38104"},{"taxonomy":"product_tag","embeddable":true,"href":"https:\/\/fit360.ee\/en\/wp-json\/wp\/v2\/product_tag?post=38104"},{"taxonomy":"giftcard-category","embeddable":true,"href":"https:\/\/fit360.ee\/en\/wp-json\/wp\/v2\/giftcard-category?post=38104"}],"curies":[{"name":"wp","href":"https:\/\/api.w.org\/{rel}","templated":true}]}}