{"id":38111,"date":"2020-08-11T17:01:31","date_gmt":"2020-08-11T15:01:31","guid":{"rendered":"https:\/\/fit360.ee\/pood\/uncategorized\/magneesiumtsitraat-max-mag-b6-90tbl\/"},"modified":"2026-02-10T15:51:26","modified_gmt":"2026-02-10T13:51:26","slug":"magneesiumtsitraat-max-mag-b6-90tbl","status":"publish","type":"product","link":"https:\/\/fit360.ee\/en\/pood\/product-groups\/vitamins-and-minerals-en\/magnesium-en\/magneesiumtsitraat-max-mag-b6-90tbl\/","title":{"rendered":"Magneesiumtsitraat Max Mag+B6 (90tbl)"},"content":{"rendered":"<h1>Magneesiumtsitraat tableti kujul<\/h1>\n<p><strong>Magneesiumtsitraat<\/strong>\u00a0on mineraalaine, mis on vajalik tervete luude ja hammaste arenemiseks, s\u00e4ilimiseks ning eriti s\u00fcdamelihaste, aju ja n\u00e4rvis\u00fcsteemi toimimiseks. Samuti toetab\u00a0<strong>Magneesium<\/strong>\u00a0ainevahetust ja m\u00f5jub soodsalt veresuhkrule. Oma antioks\u00fcdatiivsete omaduste t\u00f5ttu aitab\u00a0Magneesium\u00a0immuuns\u00fcsteemi tugevdada. Samuti reguleerib\u00a0Magneesium\u00a0kaltsiumi imendumist organismis.<\/p>\n<p><strong>Magneesiumi<\/strong>\u00a0vajab inimene tervise s\u00e4ilitamiseks rohkelt, sest see aine kuulub enam kui 300 ens\u00fc\u00fcmi e. biokatal\u00fcsaatori koostisse.<\/p>\n<p><strong>Magneesium<\/strong>\u00a0m\u00f5jub soodsalt stressi alandamisele ning l\u00f5\u00f5gastab lihaseid ja rahustab n\u00e4rve.\u00a0Magneesiumi\u00a0t\u00f5us organismis tekib tavaliselt 6 n\u00e4dala jooksul peale Magneesiumi tarvitamist.<\/p>\n<p><strong>Koostisosad<\/strong>: magneesiumisoolad sidrunhappest (magneesiumtsitraat), mikrokristalliline tselluloos &#8211; mahuaine, magneesiumisoolad steariinhappest, r\u00e4nidioksiid &#8211; paakumisvastane aine, \u00a0p\u00fcridioksiinvesinikkloriid<\/p>\n<p><strong>Kasutamine<\/strong>: V\u00f5ta 1\u20132 tabletti\u00a0p\u00e4evas p\u00e4rast s\u00f6\u00f6gikorda. \u00c4rge \u00fcletage maksimaalselt etten\u00e4htud kogust.<\/p>\n<p><strong>NB<\/strong>: Toidulisandid ei asenda mitmek\u00fclgeset toitumist. Hoiustada kuivas ja jahedas kohas, eemal otsest p\u00e4evavalgusest.<\/p>\n<p><strong>Suurus<\/strong>: 90 tabletti \u2013\u00a090 serveeringut<\/p>\n<table width=\"390\">\n<tbody>\n<tr>\n<td width=\"145\"><strong>Anal\u00fc\u00fcs<\/strong><\/td>\n<td width=\"59\"><strong>1 tablett<\/strong><\/td>\n<td width=\"62\"><strong>SPK%<\/strong><\/td>\n<td width=\"63\"><strong>2 tabletti<\/strong><\/td>\n<td width=\"62\"><strong>SPK%<\/strong><\/td>\n<\/tr>\n<tr>\n<td width=\"145\">Magneesium (Magneesiumtsitraat)<\/td>\n<td width=\"59\">100 mg<\/td>\n<td width=\"62\">27%<\/td>\n<td width=\"63\">200 mg<\/td>\n<td width=\"62\">54%<\/td>\n<\/tr>\n<tr>\n<td width=\"145\">Vitamiin B6<\/td>\n<td width=\"59\">5 mg<\/td>\n<td width=\"62\">357%<\/td>\n<td width=\"63\">10 mg<\/td>\n<td width=\"62\">714%<\/td>\n<\/tr>\n<\/tbody>\n<\/table>\n<p>Soovid kaupa osta suuremas koguses? Vaata antud toodet ka meie HULGI poest\u00a0<a href=\"https:\/\/toidulisandidhulgi.ee\/product\/magneesiumtsitraat-max-magb6-90tbl\/\"><strong>SIIT<\/strong><\/a>!<\/p>\n","protected":false},"excerpt":{"rendered":"<h2><strong>Magneesium + B6:<\/strong><\/h2>\n<ul>\n<li>Aitab lihaskrampide vastu.<\/li>\n<li>Toetab n\u00e4rvis\u00fcsteemi t\u00f6\u00f6d.<\/li>\n<li>Aitab lihasv\u00e4simuse vastu.<\/li>\n<li>Hea taastaja peale rasket f\u00fc\u00fcsilist t\u00f6\u00f6d v\u00f5i treeningut.<\/li>\n<\/ul>\n<div class=\"woocommerce-container\">\n<section id=\"content\" class=\"\">\n<div id=\"product-23019\" class=\"product type-product post-23019 status-publish first instock product_cat-enne-treeningut product_cat-magneesium product_cat-mineraalained product_cat-mineraalained-veganitele product_cat-peale-treeningut product_cat-sporditooted product_cat-taimetoitlastele-ja-veganitele product_cat-treeningu-ajal product_cat-vasimus product_tag-lihaskrambid product_tag-lihasvasimus product_tag-magasorb product_tag-magneesium product_tag-magneesiumi-pulber product_tag-magneesiumtsitraat product_tag-pulber product_tag-vasimus has-post-thumbnail taxable shipping-taxable purchasable product-type-simple\">\n<div class=\"post-content woocommerce-product-details__short-description\">\n<p><strong>Magneesium<\/strong> on oluline mineraalaine luustiku arenguks, n\u00e4rvi- ja lihasfunktsioonide korrap\u00e4raseks funktsioneerimiseks, rasvhapete ja rakkude tootmiseks ning elektrol\u00fc\u00fctide tasakaalu s\u00e4ilitamiseks. Lisaks aitab magneesium toetada energia tootmist, on vastutav \u00fcle 300 ens\u00fc\u00fcm-reaktsiooni eest kehas, aktiveerib B-grupi vitamiine, l\u00f5\u00f5gastab lihaseid ning aitab kaasa insuliini sekretsioonile ja toimimisele.<\/p>\n<\/div>\n<\/div>\n<\/section>\n<\/div>\n","protected":false},"featured_media":38108,"comment_status":"open","ping_status":"closed","template":"","meta":[],"product_brand":[],"product_cat":[527,1915,515,536],"product_tag":[1894,1895,1896,1803],"giftcard-category":[],"class_list":{"0":"post-38111","1":"product","2":"type-product","3":"status-publish","4":"has-post-thumbnail","6":"product_cat-joint-support-en","7":"product_cat-magnesium-en","8":"product_cat-real-pharm","9":"product_cat-vitamins-and-minerals-en","10":"product_tag-magneesium-b6-en","11":"product_tag-magneesiumtsitraat-en","12":"product_tag-mineraalid-en","13":"product_tag-real-pharm-en","14":"pa_toidulisand-branddd-real-pharm","15":"pa_tootegruppp-for-joints","16":"pa_tootegruppp-magneesium-en","17":"pa_tootegruppp-vitamins-and-minerals","19":"first","20":"instock","21":"sale","22":"taxable","23":"shipping-taxable","24":"purchasable","25":"product-type-simple"},"yoast_head":"<!-- This site is optimized with the Yoast SEO plugin v27.3 - https:\/\/yoast.com\/product\/yoast-seo-wordpress\/ -->\n<title>Magneesiumtsitraat - Magneesium + B6 - Magneesiumi tabletid - Kvaliteet<\/title>\n<meta name=\"description\" content=\"Magneesiumtsitraat on oluline mineraalaine luustiku arenguks, n\u00e4rvi- ja lihasfunktsioonide korrap\u00e4raseks funktsioneerimiseks. Kiire tarne: 1-3 p\u00e4eva!\" \/>\n<meta name=\"robots\" content=\"index, follow, max-snippet:-1, max-image-preview:large, max-video-preview:-1\" \/>\n<link rel=\"canonical\" href=\"https:\/\/fit360.ee\/en\/pood\/product-groups\/vitamins-and-minerals-en\/magnesium-en\/magneesiumtsitraat-max-mag-b6-90tbl\/\" \/>\n<meta property=\"og:locale\" content=\"en_US\" \/>\n<meta property=\"og:type\" content=\"article\" \/>\n<meta property=\"og:title\" content=\"Magneesiumtsitraat - Magneesium + B6 - Magneesiumi tabletid - Kvaliteet\" \/>\n<meta property=\"og:description\" content=\"Magneesiumtsitraat on oluline mineraalaine luustiku arenguks, n\u00e4rvi- ja lihasfunktsioonide korrap\u00e4raseks funktsioneerimiseks. Kiire tarne: 1-3 p\u00e4eva!\" \/>\n<meta property=\"og:url\" content=\"https:\/\/fit360.ee\/en\/pood\/product-groups\/vitamins-and-minerals-en\/magnesium-en\/magneesiumtsitraat-max-mag-b6-90tbl\/\" \/>\n<meta property=\"og:site_name\" content=\"Fit360\" \/>\n<meta property=\"article:modified_time\" content=\"2026-02-10T13:51:26+00:00\" \/>\n<meta property=\"og:image\" content=\"https:\/\/fit360.ee\/wp-content\/uploads\/2020\/08\/real-pharm-max-magb6-90-tabl.png\" \/>\n\t<meta property=\"og:image:width\" content=\"600\" \/>\n\t<meta property=\"og:image:height\" content=\"600\" \/>\n\t<meta property=\"og:image:type\" content=\"image\/png\" \/>\n<meta name=\"twitter:card\" content=\"summary_large_image\" \/>\n<meta name=\"twitter:label1\" content=\"Est. reading time\" \/>\n\t<meta name=\"twitter:data1\" content=\"1 minute\" \/>\n<script type=\"application\/ld+json\" class=\"yoast-schema-graph\">{\"@context\":\"https:\\\/\\\/schema.org\",\"@graph\":[{\"@type\":\"WebPage\",\"@id\":\"https:\\\/\\\/fit360.ee\\\/en\\\/pood\\\/product-groups\\\/vitamins-and-minerals-en\\\/magnesium-en\\\/magneesiumtsitraat-max-mag-b6-90tbl\\\/\",\"url\":\"https:\\\/\\\/fit360.ee\\\/en\\\/pood\\\/product-groups\\\/vitamins-and-minerals-en\\\/magnesium-en\\\/magneesiumtsitraat-max-mag-b6-90tbl\\\/\",\"name\":\"Magneesiumtsitraat - Magneesium + B6 - Magneesiumi tabletid - Kvaliteet\",\"isPartOf\":{\"@id\":\"https:\\\/\\\/fit360.ee\\\/en\\\/#website\"},\"primaryImageOfPage\":{\"@id\":\"https:\\\/\\\/fit360.ee\\\/en\\\/pood\\\/product-groups\\\/vitamins-and-minerals-en\\\/magnesium-en\\\/magneesiumtsitraat-max-mag-b6-90tbl\\\/#primaryimage\"},\"image\":{\"@id\":\"https:\\\/\\\/fit360.ee\\\/en\\\/pood\\\/product-groups\\\/vitamins-and-minerals-en\\\/magnesium-en\\\/magneesiumtsitraat-max-mag-b6-90tbl\\\/#primaryimage\"},\"thumbnailUrl\":\"https:\\\/\\\/fit360.ee\\\/wp-content\\\/uploads\\\/2020\\\/08\\\/real-pharm-max-magb6-90-tabl.png\",\"datePublished\":\"2020-08-11T15:01:31+00:00\",\"dateModified\":\"2026-02-10T13:51:26+00:00\",\"description\":\"Magneesiumtsitraat on oluline mineraalaine luustiku arenguks, n\u00e4rvi- ja lihasfunktsioonide korrap\u00e4raseks funktsioneerimiseks. Kiire tarne: 1-3 p\u00e4eva!\",\"breadcrumb\":{\"@id\":\"https:\\\/\\\/fit360.ee\\\/en\\\/pood\\\/product-groups\\\/vitamins-and-minerals-en\\\/magnesium-en\\\/magneesiumtsitraat-max-mag-b6-90tbl\\\/#breadcrumb\"},\"inLanguage\":\"en-US\",\"potentialAction\":[{\"@type\":\"ReadAction\",\"target\":[\"https:\\\/\\\/fit360.ee\\\/en\\\/pood\\\/product-groups\\\/vitamins-and-minerals-en\\\/magnesium-en\\\/magneesiumtsitraat-max-mag-b6-90tbl\\\/\"]}]},{\"@type\":\"ImageObject\",\"inLanguage\":\"en-US\",\"@id\":\"https:\\\/\\\/fit360.ee\\\/en\\\/pood\\\/product-groups\\\/vitamins-and-minerals-en\\\/magnesium-en\\\/magneesiumtsitraat-max-mag-b6-90tbl\\\/#primaryimage\",\"url\":\"https:\\\/\\\/fit360.ee\\\/wp-content\\\/uploads\\\/2020\\\/08\\\/real-pharm-max-magb6-90-tabl.png\",\"contentUrl\":\"https:\\\/\\\/fit360.ee\\\/wp-content\\\/uploads\\\/2020\\\/08\\\/real-pharm-max-magb6-90-tabl.png\",\"width\":600,\"height\":600,\"caption\":\"magneesiumtsitraat Max Mag - fit360.ee\"},{\"@type\":\"BreadcrumbList\",\"@id\":\"https:\\\/\\\/fit360.ee\\\/en\\\/pood\\\/product-groups\\\/vitamins-and-minerals-en\\\/magnesium-en\\\/magneesiumtsitraat-max-mag-b6-90tbl\\\/#breadcrumb\",\"itemListElement\":[{\"@type\":\"ListItem\",\"position\":1,\"name\":\"Home\",\"item\":\"https:\\\/\\\/fit360.ee\\\/en\\\/\"},{\"@type\":\"ListItem\",\"position\":2,\"name\":\"Shop\",\"item\":\"https:\\\/\\\/fit360.ee\\\/en\\\/shop\\\/\"},{\"@type\":\"ListItem\",\"position\":3,\"name\":\"Magneesiumtsitraat Max Mag+B6 (90tbl)\"}]},{\"@type\":\"WebSite\",\"@id\":\"https:\\\/\\\/fit360.ee\\\/en\\\/#website\",\"url\":\"https:\\\/\\\/fit360.ee\\\/en\\\/\",\"name\":\"Fit360\",\"description\":\"\",\"publisher\":{\"@id\":\"https:\\\/\\\/fit360.ee\\\/en\\\/#organization\"},\"potentialAction\":[{\"@type\":\"SearchAction\",\"target\":{\"@type\":\"EntryPoint\",\"urlTemplate\":\"https:\\\/\\\/fit360.ee\\\/en\\\/?s={search_term_string}\"},\"query-input\":{\"@type\":\"PropertyValueSpecification\",\"valueRequired\":true,\"valueName\":\"search_term_string\"}}],\"inLanguage\":\"en-US\"},{\"@type\":\"Organization\",\"@id\":\"https:\\\/\\\/fit360.ee\\\/en\\\/#organization\",\"name\":\"Fit360\",\"url\":\"https:\\\/\\\/fit360.ee\\\/en\\\/\",\"logo\":{\"@type\":\"ImageObject\",\"inLanguage\":\"en-US\",\"@id\":\"https:\\\/\\\/fit360.ee\\\/en\\\/#\\\/schema\\\/logo\\\/image\\\/\",\"url\":\"https:\\\/\\\/fit360.ee\\\/wp-content\\\/uploads\\\/2017\\\/01\\\/logo-fit360.png\",\"contentUrl\":\"https:\\\/\\\/fit360.ee\\\/wp-content\\\/uploads\\\/2017\\\/01\\\/logo-fit360.png\",\"width\":180,\"height\":66,\"caption\":\"Fit360\"},\"image\":{\"@id\":\"https:\\\/\\\/fit360.ee\\\/en\\\/#\\\/schema\\\/logo\\\/image\\\/\"}}]}<\/script>\n<!-- \/ Yoast SEO plugin. -->","yoast_head_json":{"title":"Magneesiumtsitraat - Magneesium + B6 - Magneesiumi tabletid - Kvaliteet","description":"Magneesiumtsitraat on oluline mineraalaine luustiku arenguks, n\u00e4rvi- ja lihasfunktsioonide korrap\u00e4raseks funktsioneerimiseks. Kiire tarne: 1-3 p\u00e4eva!","robots":{"index":"index","follow":"follow","max-snippet":"max-snippet:-1","max-image-preview":"max-image-preview:large","max-video-preview":"max-video-preview:-1"},"canonical":"https:\/\/fit360.ee\/en\/pood\/product-groups\/vitamins-and-minerals-en\/magnesium-en\/magneesiumtsitraat-max-mag-b6-90tbl\/","og_locale":"en_US","og_type":"article","og_title":"Magneesiumtsitraat - Magneesium + B6 - Magneesiumi tabletid - Kvaliteet","og_description":"Magneesiumtsitraat on oluline mineraalaine luustiku arenguks, n\u00e4rvi- ja lihasfunktsioonide korrap\u00e4raseks funktsioneerimiseks. Kiire tarne: 1-3 p\u00e4eva!","og_url":"https:\/\/fit360.ee\/en\/pood\/product-groups\/vitamins-and-minerals-en\/magnesium-en\/magneesiumtsitraat-max-mag-b6-90tbl\/","og_site_name":"Fit360","article_modified_time":"2026-02-10T13:51:26+00:00","og_image":[{"width":600,"height":600,"url":"https:\/\/fit360.ee\/wp-content\/uploads\/2020\/08\/real-pharm-max-magb6-90-tabl.png","type":"image\/png"}],"twitter_card":"summary_large_image","twitter_misc":{"Est. reading time":"1 minute"},"schema":{"@context":"https:\/\/schema.org","@graph":[{"@type":"WebPage","@id":"https:\/\/fit360.ee\/en\/pood\/product-groups\/vitamins-and-minerals-en\/magnesium-en\/magneesiumtsitraat-max-mag-b6-90tbl\/","url":"https:\/\/fit360.ee\/en\/pood\/product-groups\/vitamins-and-minerals-en\/magnesium-en\/magneesiumtsitraat-max-mag-b6-90tbl\/","name":"Magneesiumtsitraat - Magneesium + B6 - Magneesiumi tabletid - Kvaliteet","isPartOf":{"@id":"https:\/\/fit360.ee\/en\/#website"},"primaryImageOfPage":{"@id":"https:\/\/fit360.ee\/en\/pood\/product-groups\/vitamins-and-minerals-en\/magnesium-en\/magneesiumtsitraat-max-mag-b6-90tbl\/#primaryimage"},"image":{"@id":"https:\/\/fit360.ee\/en\/pood\/product-groups\/vitamins-and-minerals-en\/magnesium-en\/magneesiumtsitraat-max-mag-b6-90tbl\/#primaryimage"},"thumbnailUrl":"https:\/\/fit360.ee\/wp-content\/uploads\/2020\/08\/real-pharm-max-magb6-90-tabl.png","datePublished":"2020-08-11T15:01:31+00:00","dateModified":"2026-02-10T13:51:26+00:00","description":"Magneesiumtsitraat on oluline mineraalaine luustiku arenguks, n\u00e4rvi- ja lihasfunktsioonide korrap\u00e4raseks funktsioneerimiseks. Kiire tarne: 1-3 p\u00e4eva!","breadcrumb":{"@id":"https:\/\/fit360.ee\/en\/pood\/product-groups\/vitamins-and-minerals-en\/magnesium-en\/magneesiumtsitraat-max-mag-b6-90tbl\/#breadcrumb"},"inLanguage":"en-US","potentialAction":[{"@type":"ReadAction","target":["https:\/\/fit360.ee\/en\/pood\/product-groups\/vitamins-and-minerals-en\/magnesium-en\/magneesiumtsitraat-max-mag-b6-90tbl\/"]}]},{"@type":"ImageObject","inLanguage":"en-US","@id":"https:\/\/fit360.ee\/en\/pood\/product-groups\/vitamins-and-minerals-en\/magnesium-en\/magneesiumtsitraat-max-mag-b6-90tbl\/#primaryimage","url":"https:\/\/fit360.ee\/wp-content\/uploads\/2020\/08\/real-pharm-max-magb6-90-tabl.png","contentUrl":"https:\/\/fit360.ee\/wp-content\/uploads\/2020\/08\/real-pharm-max-magb6-90-tabl.png","width":600,"height":600,"caption":"magneesiumtsitraat Max Mag - fit360.ee"},{"@type":"BreadcrumbList","@id":"https:\/\/fit360.ee\/en\/pood\/product-groups\/vitamins-and-minerals-en\/magnesium-en\/magneesiumtsitraat-max-mag-b6-90tbl\/#breadcrumb","itemListElement":[{"@type":"ListItem","position":1,"name":"Home","item":"https:\/\/fit360.ee\/en\/"},{"@type":"ListItem","position":2,"name":"Shop","item":"https:\/\/fit360.ee\/en\/shop\/"},{"@type":"ListItem","position":3,"name":"Magneesiumtsitraat Max Mag+B6 (90tbl)"}]},{"@type":"WebSite","@id":"https:\/\/fit360.ee\/en\/#website","url":"https:\/\/fit360.ee\/en\/","name":"Fit360","description":"","publisher":{"@id":"https:\/\/fit360.ee\/en\/#organization"},"potentialAction":[{"@type":"SearchAction","target":{"@type":"EntryPoint","urlTemplate":"https:\/\/fit360.ee\/en\/?s={search_term_string}"},"query-input":{"@type":"PropertyValueSpecification","valueRequired":true,"valueName":"search_term_string"}}],"inLanguage":"en-US"},{"@type":"Organization","@id":"https:\/\/fit360.ee\/en\/#organization","name":"Fit360","url":"https:\/\/fit360.ee\/en\/","logo":{"@type":"ImageObject","inLanguage":"en-US","@id":"https:\/\/fit360.ee\/en\/#\/schema\/logo\/image\/","url":"https:\/\/fit360.ee\/wp-content\/uploads\/2017\/01\/logo-fit360.png","contentUrl":"https:\/\/fit360.ee\/wp-content\/uploads\/2017\/01\/logo-fit360.png","width":180,"height":66,"caption":"Fit360"},"image":{"@id":"https:\/\/fit360.ee\/en\/#\/schema\/logo\/image\/"}}]}},"_links":{"self":[{"href":"https:\/\/fit360.ee\/en\/wp-json\/wp\/v2\/product\/38111","targetHints":{"allow":["GET"]}}],"collection":[{"href":"https:\/\/fit360.ee\/en\/wp-json\/wp\/v2\/product"}],"about":[{"href":"https:\/\/fit360.ee\/en\/wp-json\/wp\/v2\/types\/product"}],"replies":[{"embeddable":true,"href":"https:\/\/fit360.ee\/en\/wp-json\/wp\/v2\/comments?post=38111"}],"wp:featuredmedia":[{"embeddable":true,"href":"https:\/\/fit360.ee\/en\/wp-json\/wp\/v2\/media\/38108"}],"wp:attachment":[{"href":"https:\/\/fit360.ee\/en\/wp-json\/wp\/v2\/media?parent=38111"}],"wp:term":[{"taxonomy":"product_brand","embeddable":true,"href":"https:\/\/fit360.ee\/en\/wp-json\/wp\/v2\/product_brand?post=38111"},{"taxonomy":"product_cat","embeddable":true,"href":"https:\/\/fit360.ee\/en\/wp-json\/wp\/v2\/product_cat?post=38111"},{"taxonomy":"product_tag","embeddable":true,"href":"https:\/\/fit360.ee\/en\/wp-json\/wp\/v2\/product_tag?post=38111"},{"taxonomy":"giftcard-category","embeddable":true,"href":"https:\/\/fit360.ee\/en\/wp-json\/wp\/v2\/giftcard-category?post=38111"}],"curies":[{"name":"wp","href":"https:\/\/api.w.org\/{rel}","templated":true}]}}