{"id":38234,"date":"2020-08-18T19:20:37","date_gmt":"2020-08-18T17:20:37","guid":{"rendered":"https:\/\/fit360.ee\/pood\/uncategorized\/fat-burner-extreme-90caps\/"},"modified":"2026-04-11T10:57:07","modified_gmt":"2026-04-11T08:57:07","slug":"fat-burner-extreme-90caps","status":"publish","type":"product","link":"https:\/\/fit360.ee\/en\/pood\/product-groups\/fat-burners-en\/fat-burner-extreme-90caps\/","title":{"rendered":"Fat Burner eXtreme (90caps)"},"content":{"rendered":"<h1>Fat Burner eXtreme &#8211; t\u00f5hus rasvap\u00f5letaja<\/h1>\n<p>Fat Burner eXtreme on rasvap\u00f5letaja kapsli kujul.<\/p>\n<p><strong>Koostisosad<\/strong>: L-t\u00fcrosiin, L-karnitiin tartraat, rohelise kohvioa ekstrakt (Coffea arabica L.) &#8211; 50% klorogeenhapet ja 5% kofeiini, rohelise tee lehtede ekstrakt (Camellia sinensis (L.) Kuntze) &#8211; 40% pol\u00fcfenoole, ingverijuure ekstrakt (Zingiber officinale Rosc.) &#8211; 5% gingerola, veevaba kofeiin, Aafrika mango seemneekstrakt (Irvingia gabonensis L.) DER 10: 1, \u017een\u0161enni lehtede ja varte ekstrakt (Panax ginseng CA Mey.) &#8211; 20% ginsenosides, paakumisvastase aine vastu: r\u00e4nidioksiid; musta pipra puuviljaekstrakt (Piper nigrum L.) &#8211; 95% piperine, kapslikoore (\u017eelatiin, vesi, v\u00e4rvained: titaandioksiid, punane raudoksiid, punane allure AC *, punane ko\u0161enill A *, kollane kinoliin *), kroompikolinaat (kroom) )<\/p>\n<p><a href=\"https:\/\/fit360.ee\/en\/product-category\/product-groups\/fat-burners-en\/l-carnitine-en\/\"><strong>L-karnitiin<\/strong><\/a> &#8211; keemiline orgaaniline \u00fchend aminohapete r\u00fchmast, mis looduslikult esinevad meie kehas. Toetab rasvap\u00f5letusprotsesse (rasvade energiatarbimine).<br \/>\nRohelise teelehe ekstrakt &#8211; toetab t\u00f5husalt kaalu alandamise protsessi, stimuleerib rasvarakkude lagunemist ja hoiab \u00e4ra nende uuesti laienemise.<br \/>\n<a href=\"https:\/\/fit360.ee\/en\/product-category\/product-groups\/amino-acids-bcaa\/tyrosine-en\/\"><strong>L-t\u00fcrosiin<\/strong><\/a> &#8211; v\u00f5imaldab teil paremini taluda pikkade ja raskete redutseerivate dieetide k\u00f5rvaltoimeid, kus meie keha on s\u00fcgavas kalorite puuduses. See parandab m\u00e4lu ja meie heaolu.<br \/>\nKofeiin &#8211; aitab kiirendada ainevahetust, stimuleerib, lisab energiat, toetab tarbetu rasva v\u00e4hendamist,<br \/>\nAafrika mangoseemne ekstrakt &#8211; v\u00f5ib m\u00f5jutada leptiini (s\u00f6\u00f6giisu p\u00f5hjustava hormooni) taseme reguleerimist, reguleerib ainevahetust ja toetab lipiidide (rasvade) metabolismi<br \/>\n<a href=\"https:\/\/fit360.ee\/en\/pood\/product-groups\/superfoods-health-foods-en\/green-tea-extract-en\/roheline-kohvi-90vcaps\/\"><strong>Rohelise kohviekstrakt<\/strong><\/a> &#8211; see v\u00f5ib v\u00e4hendada rasvade ainevahetust, kiirendada ainevahetust ja on suurep\u00e4rane antioks\u00fcdant.<br \/>\nIngveri juureekstrakt &#8211; toetab seedimist, t\u00f5stab immuunsust ja &#8220;v\u00f5itleb&#8221; vabade radikaalidega.<\/p>\n<p>K\u00f5igil Fat Burneri Extreme komponentidel on \u00fcksteisele s\u00fcnergistlik m\u00f5ju ja need aitavad hea figuuri saavutamisele v\u00e4ga palju kaasa. V\u00e4\u00e4rib m\u00e4rkimist, et esitatud toidulisandil on k\u00f5ige pikemaajalisem toime, mis v\u00f5imaldab teil kaotada keharasva mitte ainult aktiivselt treenides, vaid ka p\u00e4rast treeningut &#8211; kogu p\u00e4eva!<\/p>\n<p>Kvaliteetne spordilisand, mis on loodud spetsiaalselt aktiivseks v\u00f5itluseks liigse keharasva vastu. See kuulub rasvap\u00f5letite klassi ja soodustab kiiret kaalukaotust. T\u00e4nu ainulaadsele kokkupuutemehhanismile h\u00e4vitatakse ravimi v\u00f5tmisel kiiresti rasvavarud ja vabanenud energia tarnitakse lihastele, mis v\u00f5imaldab mitte ainult kaalust alla v\u00f5tta, vaid ka luua t\u00e4helepanuv\u00e4\u00e4rseid lihaseid.Toidulisandi toimep\u00f5him\u00f5te p\u00f5hineb ainevahetuse stimuleerimisel, n\u00e4lja mahasurumisel, s\u00fcsivesikute ja rasvade imendumise v\u00e4hendamisel, rasvkoe arengu ennetamisel, samuti liigse vedeliku kiirel eemaldamisel. T\u00f5hus OstrovitFatBurneri rasvap\u00f5letus kiirendab rasvarakkude lagunemist ja aitab muuta need energiat\u00f5husaks treeninguks.<\/p>\n<h3><strong>Fat Burner eXtreme omadused:<\/strong><\/h3>\n<ul>\n<li>See stimuleerib rasvarakkude p\u00f5lemist,<\/li>\n<li>Soodustab treeningu ajal j\u00f5u kasvu<\/li>\n<li>V\u00e4hendab v\u00e4simust<\/li>\n<li>V\u00e4hendab s\u00f6\u00f6giisu.<\/li>\n<\/ul>\n<p><strong>Kasutamine<\/strong>: Tarbi 1 serveering ( 3 kapslit ) p\u00e4evas koos veega.<\/p>\n<table>\n<tbody>\n<tr>\n<td width=\"213\"><strong>Anal\u00fc\u00fcs<\/strong><\/td>\n<td width=\"213\"><strong>3 kapslit ( 1 serveering)<\/strong><\/td>\n<\/tr>\n<tr>\n<td width=\"213\">L-t\u00fcrosiin<\/td>\n<td width=\"213\">500mg<\/td>\n<\/tr>\n<tr>\n<td width=\"213\">L-karnitiin tartraat<\/td>\n<td width=\"213\">300mg<\/td>\n<\/tr>\n<tr>\n<td width=\"213\"><em>millest<\/em> L-karnitiin<\/td>\n<td width=\"213\">201,6mg<\/td>\n<\/tr>\n<tr>\n<td width=\"213\">rohelise kohvioa ekstrakti<\/td>\n<td width=\"213\">200mg<\/td>\n<\/tr>\n<tr>\n<td width=\"213\"><em>sealhulgas<\/em> klorogeenhape 50%<\/td>\n<td width=\"213\">100mg<\/td>\n<\/tr>\n<tr>\n<td width=\"213\"><em>sealhulgas<\/em> kofeiin 5%<\/td>\n<td width=\"213\">10mg<\/td>\n<\/tr>\n<tr>\n<td width=\"213\">Rohelise teelehe ekstrakt<\/td>\n<td width=\"213\">200mg<\/td>\n<\/tr>\n<tr>\n<td width=\"213\">koos pol\u00fcfenoolidega 40%<\/td>\n<td width=\"213\">80mg<\/td>\n<\/tr>\n<tr>\n<td width=\"213\">Ingverijuure ekstrakt<\/td>\n<td width=\"213\">200mg<\/td>\n<\/tr>\n<tr>\n<td width=\"213\">Veevaba kofeiin<\/td>\n<td width=\"213\">200mg<\/td>\n<\/tr>\n<tr>\n<td width=\"213\">Aafrika mango seemneekstrakt DER 10:1<\/td>\n<td width=\"213\">150mg<\/td>\n<\/tr>\n<tr>\n<td width=\"213\">\u017den\u0161enni lehtede ja varte ekstrakt<\/td>\n<td width=\"213\">50 mg<\/td>\n<\/tr>\n<tr>\n<td width=\"213\"><em>sealhulgas<\/em> ginsenosides 20%<\/td>\n<td width=\"213\">10mg<\/td>\n<\/tr>\n<tr>\n<td width=\"213\">Musta pipra puuviljaekstrakt<\/td>\n<td width=\"213\">20mg<\/td>\n<\/tr>\n<tr>\n<td width=\"213\"><em>sealhulgas<\/em> Piperine<\/td>\n<td width=\"213\">19mg<\/td>\n<\/tr>\n<tr>\n<td width=\"213\">Kroom<\/td>\n<td width=\"213\">100mcg<\/td>\n<\/tr>\n<\/tbody>\n<\/table>\n<p>Vaata ka meie teisi Rasvap\u00f5letajaid <a href=\"https:\/\/fit360.ee\/en\/product-category\/product-groups\/fat-burners-en\/\"><strong>SIIT<\/strong><\/a>!<\/p>\n<p>Soovid kaupa osta suuremas koguses? Vaata antud toodet meie HULGI lehelt <a href=\"https:\/\/toidulisandidhulgi.ee\/product\/fat-burner-extreme-90caps\/\"><strong>SIIT<\/strong><\/a>!<\/p>\n","protected":false},"excerpt":{"rendered":"<h2><strong>Fat Burner eXtreme omadused:<\/strong><\/h2>\n<ul>\n<li>P\u00e4rsib n\u00e4ljatunnet<\/li>\n<li>Stimuleerib ainevahetust<\/li>\n<li>Toetab lipol\u00fc\u00fcsi protsessi<\/li>\n<li>Toetab rasvap\u00f5letust<\/li>\n<li>Parandab meeleolu<\/li>\n<li>Toetab f\u00fc\u00fcsilist ja vaimset ajutegevust<\/li>\n<li>Aitab s\u00e4ilitada tervislikku kehakaalu<\/li>\n<\/ul>\n<p><strong>L-karnitiin<\/strong> &#8211; keemiline orgaaniline \u00fchend aminohapete r\u00fchmast, mis looduslikult esinevad meie kehas. Toetab rasvap\u00f5letusprotsesse (rasvade energiatarbimine).<br \/>\n<strong>Rohelise teelehe ekstrakt<\/strong> &#8211; toetab t\u00f5husalt kaalu alandamise protsessi, stimuleerib rasvarakkude lagunemist ja hoiab \u00e4ra nende uuesti laienemise.<br \/>\n<strong>L-t\u00fcrosiin<\/strong> &#8211; v\u00f5imaldab teil paremini taluda pikkade ja raskete redutseerivate dieetide k\u00f5rvaltoimeid, kus meie keha on s\u00fcgavas kalorite puuduses. See parandab m\u00e4lu ja meie heaolu.<br \/>\n<strong>Kofeiin<\/strong> &#8211; aitab kiirendada ainevahetust, stimuleerib, lisab energiat, toetab tarbetu rasva v\u00e4hendamist,<br \/>\n<strong>Aafrika mangoseemne ekstrakt<\/strong> &#8211; v\u00f5ib m\u00f5jutada leptiini (s\u00f6\u00f6giisu p\u00f5hjustava hormooni) taseme reguleerimist, reguleerib ainevahetust ja toetab lipiidide (rasvade) metabolismi<br \/>\n<strong>Rohelise kohviekstrakt<\/strong> &#8211; see v\u00f5ib v\u00e4hendada rasvade ainevahetust, kiirendada ainevahetust ja on suurep\u00e4rane antioks\u00fcdant.<br \/>\n<strong>Ingveri juureekstrakt<\/strong> &#8211; toetab seedimist, t\u00f5stab immuunsust ja &#8220;v\u00f5itleb&#8221; vabade radikaalidega.<\/p>\n","protected":false},"featured_media":84357,"comment_status":"open","ping_status":"closed","template":"","meta":[],"product_brand":[],"product_cat":[530,1329],"product_tag":[1923,1924,1925,1881],"giftcard-category":[],"class_list":{"0":"post-38234","1":"product","2":"type-product","3":"status-publish","4":"has-post-thumbnail","6":"product_cat-fat-burners-en","7":"product_cat-ostrovit-en","8":"product_tag-fat-burner-extreme-en","9":"product_tag-ostrovit-en","10":"product_tag-rasvapoletaja-en","11":"product_tag-rasvapoletus-en","12":"pa_toidulisand-branddd-ostrovit","13":"pa_tootegruppp-weight-loss","15":"first","16":"instock","17":"sale","18":"taxable","19":"shipping-taxable","20":"purchasable","21":"product-type-simple"},"yoast_head":"<!-- This site is optimized with the Yoast SEO plugin v27.3 - https:\/\/yoast.com\/product\/yoast-seo-wordpress\/ -->\n<title>Fat Burner eXtreme (90caps) - Rasvap\u00f5letus - Rasvap\u00f5letaja - Fit360<\/title>\n<meta name=\"description\" content=\"Fat Burner Extreme komponentidel on \u00fcksteisele s\u00fcnergistlik m\u00f5ju ja need aitavad hea figuuri saavutamisele palju kaasa. Tarne: 1-3 p\u00e4eva\" \/>\n<meta name=\"robots\" content=\"index, follow, max-snippet:-1, max-image-preview:large, max-video-preview:-1\" \/>\n<link rel=\"canonical\" href=\"https:\/\/fit360.ee\/en\/pood\/product-groups\/fat-burners-en\/fat-burner-extreme-90caps\/\" \/>\n<meta property=\"og:locale\" content=\"en_US\" \/>\n<meta property=\"og:type\" content=\"article\" \/>\n<meta property=\"og:title\" content=\"Fat Burner eXtreme (90caps) - Rasvap\u00f5letus - Rasvap\u00f5letaja - Fit360\" \/>\n<meta property=\"og:description\" content=\"Fat Burner Extreme komponentidel on \u00fcksteisele s\u00fcnergistlik m\u00f5ju ja need aitavad hea figuuri saavutamisele palju kaasa. Tarne: 1-3 p\u00e4eva\" \/>\n<meta property=\"og:url\" content=\"https:\/\/fit360.ee\/en\/pood\/product-groups\/fat-burners-en\/fat-burner-extreme-90caps\/\" \/>\n<meta property=\"og:site_name\" content=\"Fit360\" \/>\n<meta property=\"article:modified_time\" content=\"2026-04-11T08:57:07+00:00\" \/>\n<meta property=\"og:image\" content=\"https:\/\/fit360.ee\/wp-content\/uploads\/2020\/08\/fat-burner-extreme-rasvapoletaja-fit360.ee-1.png\" \/>\n\t<meta property=\"og:image:width\" content=\"450\" \/>\n\t<meta property=\"og:image:height\" content=\"450\" \/>\n\t<meta property=\"og:image:type\" content=\"image\/png\" \/>\n<meta name=\"twitter:card\" content=\"summary_large_image\" \/>\n<meta name=\"twitter:label1\" content=\"Est. reading time\" \/>\n\t<meta name=\"twitter:data1\" content=\"3 minutes\" \/>\n<script type=\"application\/ld+json\" class=\"yoast-schema-graph\">{\"@context\":\"https:\\\/\\\/schema.org\",\"@graph\":[{\"@type\":\"WebPage\",\"@id\":\"https:\\\/\\\/fit360.ee\\\/en\\\/pood\\\/product-groups\\\/fat-burners-en\\\/fat-burner-extreme-90caps\\\/\",\"url\":\"https:\\\/\\\/fit360.ee\\\/en\\\/pood\\\/product-groups\\\/fat-burners-en\\\/fat-burner-extreme-90caps\\\/\",\"name\":\"Fat Burner eXtreme (90caps) - Rasvap\u00f5letus - Rasvap\u00f5letaja - Fit360\",\"isPartOf\":{\"@id\":\"https:\\\/\\\/fit360.ee\\\/en\\\/#website\"},\"primaryImageOfPage\":{\"@id\":\"https:\\\/\\\/fit360.ee\\\/en\\\/pood\\\/product-groups\\\/fat-burners-en\\\/fat-burner-extreme-90caps\\\/#primaryimage\"},\"image\":{\"@id\":\"https:\\\/\\\/fit360.ee\\\/en\\\/pood\\\/product-groups\\\/fat-burners-en\\\/fat-burner-extreme-90caps\\\/#primaryimage\"},\"thumbnailUrl\":\"https:\\\/\\\/fit360.ee\\\/wp-content\\\/uploads\\\/2020\\\/08\\\/fat-burner-extreme-rasvapoletaja-fit360.ee-1.png\",\"datePublished\":\"2020-08-18T17:20:37+00:00\",\"dateModified\":\"2026-04-11T08:57:07+00:00\",\"description\":\"Fat Burner Extreme komponentidel on \u00fcksteisele s\u00fcnergistlik m\u00f5ju ja need aitavad hea figuuri saavutamisele palju kaasa. Tarne: 1-3 p\u00e4eva\",\"breadcrumb\":{\"@id\":\"https:\\\/\\\/fit360.ee\\\/en\\\/pood\\\/product-groups\\\/fat-burners-en\\\/fat-burner-extreme-90caps\\\/#breadcrumb\"},\"inLanguage\":\"en-US\",\"potentialAction\":[{\"@type\":\"ReadAction\",\"target\":[\"https:\\\/\\\/fit360.ee\\\/en\\\/pood\\\/product-groups\\\/fat-burners-en\\\/fat-burner-extreme-90caps\\\/\"]}]},{\"@type\":\"ImageObject\",\"inLanguage\":\"en-US\",\"@id\":\"https:\\\/\\\/fit360.ee\\\/en\\\/pood\\\/product-groups\\\/fat-burners-en\\\/fat-burner-extreme-90caps\\\/#primaryimage\",\"url\":\"https:\\\/\\\/fit360.ee\\\/wp-content\\\/uploads\\\/2020\\\/08\\\/fat-burner-extreme-rasvapoletaja-fit360.ee-1.png\",\"contentUrl\":\"https:\\\/\\\/fit360.ee\\\/wp-content\\\/uploads\\\/2020\\\/08\\\/fat-burner-extreme-rasvapoletaja-fit360.ee-1.png\",\"width\":450,\"height\":450,\"caption\":\"fat burner extreme rasvap\u00f5letaja - fit360.ee\"},{\"@type\":\"BreadcrumbList\",\"@id\":\"https:\\\/\\\/fit360.ee\\\/en\\\/pood\\\/product-groups\\\/fat-burners-en\\\/fat-burner-extreme-90caps\\\/#breadcrumb\",\"itemListElement\":[{\"@type\":\"ListItem\",\"position\":1,\"name\":\"Home\",\"item\":\"https:\\\/\\\/fit360.ee\\\/en\\\/\"},{\"@type\":\"ListItem\",\"position\":2,\"name\":\"Shop\",\"item\":\"https:\\\/\\\/fit360.ee\\\/en\\\/shop\\\/\"},{\"@type\":\"ListItem\",\"position\":3,\"name\":\"Fat Burner eXtreme (90caps)\"}]},{\"@type\":\"WebSite\",\"@id\":\"https:\\\/\\\/fit360.ee\\\/en\\\/#website\",\"url\":\"https:\\\/\\\/fit360.ee\\\/en\\\/\",\"name\":\"Fit360\",\"description\":\"\",\"publisher\":{\"@id\":\"https:\\\/\\\/fit360.ee\\\/en\\\/#organization\"},\"potentialAction\":[{\"@type\":\"SearchAction\",\"target\":{\"@type\":\"EntryPoint\",\"urlTemplate\":\"https:\\\/\\\/fit360.ee\\\/en\\\/?s={search_term_string}\"},\"query-input\":{\"@type\":\"PropertyValueSpecification\",\"valueRequired\":true,\"valueName\":\"search_term_string\"}}],\"inLanguage\":\"en-US\"},{\"@type\":\"Organization\",\"@id\":\"https:\\\/\\\/fit360.ee\\\/en\\\/#organization\",\"name\":\"Fit360\",\"url\":\"https:\\\/\\\/fit360.ee\\\/en\\\/\",\"logo\":{\"@type\":\"ImageObject\",\"inLanguage\":\"en-US\",\"@id\":\"https:\\\/\\\/fit360.ee\\\/en\\\/#\\\/schema\\\/logo\\\/image\\\/\",\"url\":\"https:\\\/\\\/fit360.ee\\\/wp-content\\\/uploads\\\/2017\\\/01\\\/logo-fit360.png\",\"contentUrl\":\"https:\\\/\\\/fit360.ee\\\/wp-content\\\/uploads\\\/2017\\\/01\\\/logo-fit360.png\",\"width\":180,\"height\":66,\"caption\":\"Fit360\"},\"image\":{\"@id\":\"https:\\\/\\\/fit360.ee\\\/en\\\/#\\\/schema\\\/logo\\\/image\\\/\"}}]}<\/script>\n<!-- \/ Yoast SEO plugin. -->","yoast_head_json":{"title":"Fat Burner eXtreme (90caps) - Rasvap\u00f5letus - Rasvap\u00f5letaja - Fit360","description":"Fat Burner Extreme komponentidel on \u00fcksteisele s\u00fcnergistlik m\u00f5ju ja need aitavad hea figuuri saavutamisele palju kaasa. Tarne: 1-3 p\u00e4eva","robots":{"index":"index","follow":"follow","max-snippet":"max-snippet:-1","max-image-preview":"max-image-preview:large","max-video-preview":"max-video-preview:-1"},"canonical":"https:\/\/fit360.ee\/en\/pood\/product-groups\/fat-burners-en\/fat-burner-extreme-90caps\/","og_locale":"en_US","og_type":"article","og_title":"Fat Burner eXtreme (90caps) - Rasvap\u00f5letus - Rasvap\u00f5letaja - Fit360","og_description":"Fat Burner Extreme komponentidel on \u00fcksteisele s\u00fcnergistlik m\u00f5ju ja need aitavad hea figuuri saavutamisele palju kaasa. Tarne: 1-3 p\u00e4eva","og_url":"https:\/\/fit360.ee\/en\/pood\/product-groups\/fat-burners-en\/fat-burner-extreme-90caps\/","og_site_name":"Fit360","article_modified_time":"2026-04-11T08:57:07+00:00","og_image":[{"width":450,"height":450,"url":"https:\/\/fit360.ee\/wp-content\/uploads\/2020\/08\/fat-burner-extreme-rasvapoletaja-fit360.ee-1.png","type":"image\/png"}],"twitter_card":"summary_large_image","twitter_misc":{"Est. reading time":"3 minutes"},"schema":{"@context":"https:\/\/schema.org","@graph":[{"@type":"WebPage","@id":"https:\/\/fit360.ee\/en\/pood\/product-groups\/fat-burners-en\/fat-burner-extreme-90caps\/","url":"https:\/\/fit360.ee\/en\/pood\/product-groups\/fat-burners-en\/fat-burner-extreme-90caps\/","name":"Fat Burner eXtreme (90caps) - Rasvap\u00f5letus - Rasvap\u00f5letaja - Fit360","isPartOf":{"@id":"https:\/\/fit360.ee\/en\/#website"},"primaryImageOfPage":{"@id":"https:\/\/fit360.ee\/en\/pood\/product-groups\/fat-burners-en\/fat-burner-extreme-90caps\/#primaryimage"},"image":{"@id":"https:\/\/fit360.ee\/en\/pood\/product-groups\/fat-burners-en\/fat-burner-extreme-90caps\/#primaryimage"},"thumbnailUrl":"https:\/\/fit360.ee\/wp-content\/uploads\/2020\/08\/fat-burner-extreme-rasvapoletaja-fit360.ee-1.png","datePublished":"2020-08-18T17:20:37+00:00","dateModified":"2026-04-11T08:57:07+00:00","description":"Fat Burner Extreme komponentidel on \u00fcksteisele s\u00fcnergistlik m\u00f5ju ja need aitavad hea figuuri saavutamisele palju kaasa. Tarne: 1-3 p\u00e4eva","breadcrumb":{"@id":"https:\/\/fit360.ee\/en\/pood\/product-groups\/fat-burners-en\/fat-burner-extreme-90caps\/#breadcrumb"},"inLanguage":"en-US","potentialAction":[{"@type":"ReadAction","target":["https:\/\/fit360.ee\/en\/pood\/product-groups\/fat-burners-en\/fat-burner-extreme-90caps\/"]}]},{"@type":"ImageObject","inLanguage":"en-US","@id":"https:\/\/fit360.ee\/en\/pood\/product-groups\/fat-burners-en\/fat-burner-extreme-90caps\/#primaryimage","url":"https:\/\/fit360.ee\/wp-content\/uploads\/2020\/08\/fat-burner-extreme-rasvapoletaja-fit360.ee-1.png","contentUrl":"https:\/\/fit360.ee\/wp-content\/uploads\/2020\/08\/fat-burner-extreme-rasvapoletaja-fit360.ee-1.png","width":450,"height":450,"caption":"fat burner extreme rasvap\u00f5letaja - fit360.ee"},{"@type":"BreadcrumbList","@id":"https:\/\/fit360.ee\/en\/pood\/product-groups\/fat-burners-en\/fat-burner-extreme-90caps\/#breadcrumb","itemListElement":[{"@type":"ListItem","position":1,"name":"Home","item":"https:\/\/fit360.ee\/en\/"},{"@type":"ListItem","position":2,"name":"Shop","item":"https:\/\/fit360.ee\/en\/shop\/"},{"@type":"ListItem","position":3,"name":"Fat Burner eXtreme (90caps)"}]},{"@type":"WebSite","@id":"https:\/\/fit360.ee\/en\/#website","url":"https:\/\/fit360.ee\/en\/","name":"Fit360","description":"","publisher":{"@id":"https:\/\/fit360.ee\/en\/#organization"},"potentialAction":[{"@type":"SearchAction","target":{"@type":"EntryPoint","urlTemplate":"https:\/\/fit360.ee\/en\/?s={search_term_string}"},"query-input":{"@type":"PropertyValueSpecification","valueRequired":true,"valueName":"search_term_string"}}],"inLanguage":"en-US"},{"@type":"Organization","@id":"https:\/\/fit360.ee\/en\/#organization","name":"Fit360","url":"https:\/\/fit360.ee\/en\/","logo":{"@type":"ImageObject","inLanguage":"en-US","@id":"https:\/\/fit360.ee\/en\/#\/schema\/logo\/image\/","url":"https:\/\/fit360.ee\/wp-content\/uploads\/2017\/01\/logo-fit360.png","contentUrl":"https:\/\/fit360.ee\/wp-content\/uploads\/2017\/01\/logo-fit360.png","width":180,"height":66,"caption":"Fit360"},"image":{"@id":"https:\/\/fit360.ee\/en\/#\/schema\/logo\/image\/"}}]}},"_links":{"self":[{"href":"https:\/\/fit360.ee\/en\/wp-json\/wp\/v2\/product\/38234","targetHints":{"allow":["GET"]}}],"collection":[{"href":"https:\/\/fit360.ee\/en\/wp-json\/wp\/v2\/product"}],"about":[{"href":"https:\/\/fit360.ee\/en\/wp-json\/wp\/v2\/types\/product"}],"replies":[{"embeddable":true,"href":"https:\/\/fit360.ee\/en\/wp-json\/wp\/v2\/comments?post=38234"}],"wp:featuredmedia":[{"embeddable":true,"href":"https:\/\/fit360.ee\/en\/wp-json\/wp\/v2\/media\/84357"}],"wp:attachment":[{"href":"https:\/\/fit360.ee\/en\/wp-json\/wp\/v2\/media?parent=38234"}],"wp:term":[{"taxonomy":"product_brand","embeddable":true,"href":"https:\/\/fit360.ee\/en\/wp-json\/wp\/v2\/product_brand?post=38234"},{"taxonomy":"product_cat","embeddable":true,"href":"https:\/\/fit360.ee\/en\/wp-json\/wp\/v2\/product_cat?post=38234"},{"taxonomy":"product_tag","embeddable":true,"href":"https:\/\/fit360.ee\/en\/wp-json\/wp\/v2\/product_tag?post=38234"},{"taxonomy":"giftcard-category","embeddable":true,"href":"https:\/\/fit360.ee\/en\/wp-json\/wp\/v2\/giftcard-category?post=38234"}],"curies":[{"name":"wp","href":"https:\/\/api.w.org\/{rel}","templated":true}]}}