{"id":38242,"date":"2020-08-18T19:52:34","date_gmt":"2020-08-18T17:52:34","guid":{"rendered":"https:\/\/fit360.ee\/pood\/uncategorized\/vitamiin-d3-2000iu-120-softgels\/"},"modified":"2025-10-31T12:08:27","modified_gmt":"2025-10-31T10:08:27","slug":"vitamiin-d3-2000iu-120-softgels","status":"publish","type":"product","link":"https:\/\/fit360.ee\/en\/pood\/product-groups\/vitamins-and-minerals-en\/d-vitamin-en\/vitamiin-d3-2000iu-120-softgels\/","title":{"rendered":"Evolite Vitamiin D3 2000IU (120 softgels)"},"content":{"rendered":"<h2>Vitamiin D3 geelkapslid<\/h2>\n<p>Vitamiin D3 (kolekaltsiferool) tugevdab Sinu luid ja liigeseid ning omab olulist rolli rakkude ainevahetuses. Kuna me toiduga D-vitamiini saame v\u00e4ga v\u00e4he siis v\u00e4ga tihti organism kannatab D vitamiini puuduse all. Samuti kaitseb ja toidab D3 vitamiin nahka ja eluskudet ning muudab naha kaunimaks ja nooremaks. Vitamiin D3 regulaarne kasutamine parandab soolestikus kaltsiumi ja magneesiumi ainevahetust ja imendumist.<\/p>\n<p><strong>Teised koostisosad<\/strong>: P\u00e4evalille\u00f5li, <em>Extra Virgin<\/em> oliivi\u00f5li, \u017eelatiin, niisutusaine: gl\u00fctserool.<\/p>\n<p><strong>Kasutamine<\/strong>: V\u00f5ta 1-2 kapslit p\u00e4evas koos toiduga.<\/p>\n<table>\n<tbody>\n<tr>\n<td width=\"205\"><strong>Toimeaine<\/strong><\/td>\n<td width=\"205\"><strong>1 geelkapsel<\/strong><\/td>\n<td width=\"205\"><strong>% SPK<\/strong><\/td>\n<\/tr>\n<tr>\n<td width=\"205\">Vitamin D3<\/td>\n<td width=\"205\">50\u03bcg (2000IU)<\/td>\n<td width=\"205\">1000%<\/td>\n<\/tr>\n<\/tbody>\n<\/table>\n<p><strong>Hoiusta<\/strong> kuivas ja jahedas kohas, eemal otsesest p\u00e4evavalgusest.<\/p>\n<p><strong>Vitamiin D3 &#8211; ilmselt k\u00f5ige t\u00e4htsam vitamiin!<\/strong><\/p>\n<ul>\n<li>D-vitamiin on pigem hormoon, mis osaleb magneesiumi, kaltsiumi ja fosfori t\u00f6\u00f6tlemises<\/li>\n<li>Ladustab kaltsiumi luudesse<\/li>\n<li>Eriti t\u00e4htis kasvuperioodil k\u00f5hrkoe, luukoe ja hammaste arengus. On vajalik luude ja hammaste tugevnemisel. Loob kaitse hammaste v\u00e4ljalangemise ja igemep\u00f5letiku vastu. Luude h\u00f5renemisest tervenemiseks tarvitada raviks pikka aega 14000 IU-d. Sama kogus ravib ka artroosi.<\/li>\n<li>Piisava koguse D3 korral on hea m\u00e4lu ja kiire infot\u00f6\u00f6tlus, parem meeleolu ja f\u00fc\u00fcsiline aktiivsus<\/li>\n<li>Takistab organismi vananemist<\/li>\n<li>Aitab psoriaasist lahtisaamisel, tugevdades samas immuuns\u00fcsteemi<\/li>\n<li>Kaitseb v\u00e4hi ja p\u00f5letike eest<\/li>\n<li>Takistab v\u00e4hirakkude kasvu. V\u00e4hendab v\u00e4hisurma ohtu kuni 77%. V\u00e4hendab riski haigestuda soolev\u00e4hki. Risk haigestuda eesn\u00e4\u00e4rmev\u00e4hki langeb kahe-kordselt. Kasvajate t\u00f5rjes on raviannuseks 10000 IU\/p\u00e4evas.<\/li>\n<li>Oluline laste aju arenemisel. T\u00f5rjub Altzheimeri ja Parkinsoni t\u00f5be.<\/li>\n<li>Tuberkuloosi ravi<\/li>\n<li>Kaitseb n\u00e4rvirakke v\u00f5i juhib m\u00f5nede keemiliste reaktsioonide ahelaid \u00f5iges suunas v\u00f5i teeb seda k\u00f5ike korraga<\/li>\n<li>Pidurdab v\u00f5i lausa peatab astma ja kroonilise bronhiidi<\/li>\n<li>Takistab veresoonte p\u00f5letike teket ja nende lubjastumist<\/li>\n<li>T\u00f5rjub grippi ja hingamisteede nakkushaigusi<\/li>\n<li>Hoiab terved n\u00e4rvid, naha, s\u00fcdame ja lihased<\/li>\n<li>Toetab organismi immuuns\u00fcsteemi, v\u00f5imaldab verel h\u00fc\u00fcbida<\/li>\n<li>Suurendab gl\u00fckoositaluvust<\/li>\n<\/ul>\n","protected":false},"excerpt":{"rendered":"<h2><strong>Evolite VITAMIIN D3<\/strong>:<\/h2>\n<ul>\n<li>Aitab s\u00e4ilitada tugevat luustiku<\/li>\n<li>Tugevdab immuuns\u00fcsteemi<\/li>\n<li>Annab lisaenergiat<\/li>\n<li>Geelkapsli vorm &#8211; parim imendumine<\/li>\n<\/ul>\n<p><strong>Evolite Vitamiin D-3<\/strong> geelkapslid varustavad keha \u00fche k\u00f5ige olulisema vitamiiniga vedelal geelkapsli kujul. Vitamiin D k\u00e4ttesaadavus toidust ja p\u00e4ikesest j\u00e4\u00e4b tihti peale v\u00e4heseks, arvesatades inimese vajadusi.\u00a0 Vali Evolite Vitamiin D ja v\u00f5id kindel olla, et Sinu keha t\u00e4nab Sind!<\/p>\n<p>&nbsp;<\/p>\n","protected":false},"featured_media":85352,"comment_status":"open","ping_status":"closed","template":"","meta":[],"product_brand":[],"product_cat":[1913,1618,5320,527,536],"product_tag":[1773,1931,1932,1933],"giftcard-category":[],"class_list":{"0":"post-38242","1":"product","2":"type-product","3":"status-publish","4":"has-post-thumbnail","6":"product_cat-d-vitamin-en","7":"product_cat-evolite-en","8":"product_cat-for-immunity-en","9":"product_cat-joint-support-en","10":"product_cat-vitamins-and-minerals-en","11":"product_tag-evolite-en","12":"product_tag-vitamiin-d-en","13":"product_tag-vitamiin-d3-en","14":"product_tag-vitamiinid-en","15":"pa_toidulisand-branddd-evolite","16":"pa_tootegruppp-d-vitamiin-en","17":"pa_tootegruppp-for-joints","18":"pa_tootegruppp-immuunsusteem-en","19":"pa_tootegruppp-vitamins-and-minerals","21":"first","22":"outofstock","23":"sale","24":"taxable","25":"shipping-taxable","26":"purchasable","27":"product-type-simple"},"yoast_head":"<!-- This site is optimized with the Yoast SEO plugin v27.3 - https:\/\/yoast.com\/product\/yoast-seo-wordpress\/ -->\n<title>Vitamiin D3 2000IU (120softgels) - Vitamiin D - D Vitamiini puudus - Fit360<\/title>\n<meta name=\"description\" content=\"Vitamiin D3 on k\u00f5ige olulisem vitamiin - tugevdab Teie organismi; aitab s\u00e4ilitada tugevat luustikku ning annab eluks vajalikku energiat.\" \/>\n<meta name=\"robots\" content=\"index, follow, max-snippet:-1, max-image-preview:large, max-video-preview:-1\" \/>\n<link rel=\"canonical\" href=\"https:\/\/fit360.ee\/en\/pood\/product-groups\/vitamins-and-minerals-en\/d-vitamin-en\/vitamiin-d3-2000iu-120-softgels\/\" \/>\n<meta property=\"og:locale\" content=\"en_US\" \/>\n<meta property=\"og:type\" content=\"article\" \/>\n<meta property=\"og:title\" content=\"Vitamiin D3 2000IU (120softgels) - Vitamiin D - D Vitamiini puudus - Fit360\" \/>\n<meta property=\"og:description\" content=\"Vitamiin D3 on k\u00f5ige olulisem vitamiin - tugevdab Teie organismi; aitab s\u00e4ilitada tugevat luustikku ning annab eluks vajalikku energiat.\" \/>\n<meta property=\"og:url\" content=\"https:\/\/fit360.ee\/en\/pood\/product-groups\/vitamins-and-minerals-en\/d-vitamin-en\/vitamiin-d3-2000iu-120-softgels\/\" \/>\n<meta property=\"og:site_name\" content=\"Fit360\" \/>\n<meta property=\"article:modified_time\" content=\"2025-10-31T10:08:27+00:00\" \/>\n<meta property=\"og:image\" content=\"https:\/\/fit360.ee\/wp-content\/uploads\/2020\/08\/4000-iu-d3-vitamiin-fit360.ee_.jpg\" \/>\n\t<meta property=\"og:image:width\" content=\"700\" \/>\n\t<meta property=\"og:image:height\" content=\"700\" \/>\n\t<meta property=\"og:image:type\" content=\"image\/jpeg\" \/>\n<meta name=\"twitter:card\" content=\"summary_large_image\" \/>\n<meta name=\"twitter:label1\" content=\"Est. reading time\" \/>\n\t<meta name=\"twitter:data1\" content=\"2 minutes\" \/>\n<script type=\"application\/ld+json\" class=\"yoast-schema-graph\">{\"@context\":\"https:\\\/\\\/schema.org\",\"@graph\":[{\"@type\":\"WebPage\",\"@id\":\"https:\\\/\\\/fit360.ee\\\/en\\\/pood\\\/product-groups\\\/vitamins-and-minerals-en\\\/d-vitamin-en\\\/vitamiin-d3-2000iu-120-softgels\\\/\",\"url\":\"https:\\\/\\\/fit360.ee\\\/en\\\/pood\\\/product-groups\\\/vitamins-and-minerals-en\\\/d-vitamin-en\\\/vitamiin-d3-2000iu-120-softgels\\\/\",\"name\":\"Vitamiin D3 2000IU (120softgels) - Vitamiin D - D Vitamiini puudus - Fit360\",\"isPartOf\":{\"@id\":\"https:\\\/\\\/fit360.ee\\\/en\\\/#website\"},\"primaryImageOfPage\":{\"@id\":\"https:\\\/\\\/fit360.ee\\\/en\\\/pood\\\/product-groups\\\/vitamins-and-minerals-en\\\/d-vitamin-en\\\/vitamiin-d3-2000iu-120-softgels\\\/#primaryimage\"},\"image\":{\"@id\":\"https:\\\/\\\/fit360.ee\\\/en\\\/pood\\\/product-groups\\\/vitamins-and-minerals-en\\\/d-vitamin-en\\\/vitamiin-d3-2000iu-120-softgels\\\/#primaryimage\"},\"thumbnailUrl\":\"https:\\\/\\\/fit360.ee\\\/wp-content\\\/uploads\\\/2020\\\/08\\\/4000-iu-d3-vitamiin-fit360.ee_.jpg\",\"datePublished\":\"2020-08-18T17:52:34+00:00\",\"dateModified\":\"2025-10-31T10:08:27+00:00\",\"description\":\"Vitamiin D3 on k\u00f5ige olulisem vitamiin - tugevdab Teie organismi; aitab s\u00e4ilitada tugevat luustikku ning annab eluks vajalikku energiat.\",\"breadcrumb\":{\"@id\":\"https:\\\/\\\/fit360.ee\\\/en\\\/pood\\\/product-groups\\\/vitamins-and-minerals-en\\\/d-vitamin-en\\\/vitamiin-d3-2000iu-120-softgels\\\/#breadcrumb\"},\"inLanguage\":\"en-US\",\"potentialAction\":[{\"@type\":\"ReadAction\",\"target\":[\"https:\\\/\\\/fit360.ee\\\/en\\\/pood\\\/product-groups\\\/vitamins-and-minerals-en\\\/d-vitamin-en\\\/vitamiin-d3-2000iu-120-softgels\\\/\"]}]},{\"@type\":\"ImageObject\",\"inLanguage\":\"en-US\",\"@id\":\"https:\\\/\\\/fit360.ee\\\/en\\\/pood\\\/product-groups\\\/vitamins-and-minerals-en\\\/d-vitamin-en\\\/vitamiin-d3-2000iu-120-softgels\\\/#primaryimage\",\"url\":\"https:\\\/\\\/fit360.ee\\\/wp-content\\\/uploads\\\/2020\\\/08\\\/4000-iu-d3-vitamiin-fit360.ee_.jpg\",\"contentUrl\":\"https:\\\/\\\/fit360.ee\\\/wp-content\\\/uploads\\\/2020\\\/08\\\/4000-iu-d3-vitamiin-fit360.ee_.jpg\",\"width\":700,\"height\":700,\"caption\":\"vitamiin d3 4000 iu - fit360.ee\"},{\"@type\":\"BreadcrumbList\",\"@id\":\"https:\\\/\\\/fit360.ee\\\/en\\\/pood\\\/product-groups\\\/vitamins-and-minerals-en\\\/d-vitamin-en\\\/vitamiin-d3-2000iu-120-softgels\\\/#breadcrumb\",\"itemListElement\":[{\"@type\":\"ListItem\",\"position\":1,\"name\":\"Home\",\"item\":\"https:\\\/\\\/fit360.ee\\\/en\\\/\"},{\"@type\":\"ListItem\",\"position\":2,\"name\":\"Shop\",\"item\":\"https:\\\/\\\/fit360.ee\\\/en\\\/shop\\\/\"},{\"@type\":\"ListItem\",\"position\":3,\"name\":\"Evolite Vitamiin D3 2000IU (120 softgels)\"}]},{\"@type\":\"WebSite\",\"@id\":\"https:\\\/\\\/fit360.ee\\\/en\\\/#website\",\"url\":\"https:\\\/\\\/fit360.ee\\\/en\\\/\",\"name\":\"Fit360\",\"description\":\"\",\"publisher\":{\"@id\":\"https:\\\/\\\/fit360.ee\\\/en\\\/#organization\"},\"potentialAction\":[{\"@type\":\"SearchAction\",\"target\":{\"@type\":\"EntryPoint\",\"urlTemplate\":\"https:\\\/\\\/fit360.ee\\\/en\\\/?s={search_term_string}\"},\"query-input\":{\"@type\":\"PropertyValueSpecification\",\"valueRequired\":true,\"valueName\":\"search_term_string\"}}],\"inLanguage\":\"en-US\"},{\"@type\":\"Organization\",\"@id\":\"https:\\\/\\\/fit360.ee\\\/en\\\/#organization\",\"name\":\"Fit360\",\"url\":\"https:\\\/\\\/fit360.ee\\\/en\\\/\",\"logo\":{\"@type\":\"ImageObject\",\"inLanguage\":\"en-US\",\"@id\":\"https:\\\/\\\/fit360.ee\\\/en\\\/#\\\/schema\\\/logo\\\/image\\\/\",\"url\":\"https:\\\/\\\/fit360.ee\\\/wp-content\\\/uploads\\\/2017\\\/01\\\/logo-fit360.png\",\"contentUrl\":\"https:\\\/\\\/fit360.ee\\\/wp-content\\\/uploads\\\/2017\\\/01\\\/logo-fit360.png\",\"width\":180,\"height\":66,\"caption\":\"Fit360\"},\"image\":{\"@id\":\"https:\\\/\\\/fit360.ee\\\/en\\\/#\\\/schema\\\/logo\\\/image\\\/\"}}]}<\/script>\n<!-- \/ Yoast SEO plugin. -->","yoast_head_json":{"title":"Vitamiin D3 2000IU (120softgels) - Vitamiin D - D Vitamiini puudus - Fit360","description":"Vitamiin D3 on k\u00f5ige olulisem vitamiin - tugevdab Teie organismi; aitab s\u00e4ilitada tugevat luustikku ning annab eluks vajalikku energiat.","robots":{"index":"index","follow":"follow","max-snippet":"max-snippet:-1","max-image-preview":"max-image-preview:large","max-video-preview":"max-video-preview:-1"},"canonical":"https:\/\/fit360.ee\/en\/pood\/product-groups\/vitamins-and-minerals-en\/d-vitamin-en\/vitamiin-d3-2000iu-120-softgels\/","og_locale":"en_US","og_type":"article","og_title":"Vitamiin D3 2000IU (120softgels) - Vitamiin D - D Vitamiini puudus - Fit360","og_description":"Vitamiin D3 on k\u00f5ige olulisem vitamiin - tugevdab Teie organismi; aitab s\u00e4ilitada tugevat luustikku ning annab eluks vajalikku energiat.","og_url":"https:\/\/fit360.ee\/en\/pood\/product-groups\/vitamins-and-minerals-en\/d-vitamin-en\/vitamiin-d3-2000iu-120-softgels\/","og_site_name":"Fit360","article_modified_time":"2025-10-31T10:08:27+00:00","og_image":[{"width":700,"height":700,"url":"https:\/\/fit360.ee\/wp-content\/uploads\/2020\/08\/4000-iu-d3-vitamiin-fit360.ee_.jpg","type":"image\/jpeg"}],"twitter_card":"summary_large_image","twitter_misc":{"Est. reading time":"2 minutes"},"schema":{"@context":"https:\/\/schema.org","@graph":[{"@type":"WebPage","@id":"https:\/\/fit360.ee\/en\/pood\/product-groups\/vitamins-and-minerals-en\/d-vitamin-en\/vitamiin-d3-2000iu-120-softgels\/","url":"https:\/\/fit360.ee\/en\/pood\/product-groups\/vitamins-and-minerals-en\/d-vitamin-en\/vitamiin-d3-2000iu-120-softgels\/","name":"Vitamiin D3 2000IU (120softgels) - Vitamiin D - D Vitamiini puudus - Fit360","isPartOf":{"@id":"https:\/\/fit360.ee\/en\/#website"},"primaryImageOfPage":{"@id":"https:\/\/fit360.ee\/en\/pood\/product-groups\/vitamins-and-minerals-en\/d-vitamin-en\/vitamiin-d3-2000iu-120-softgels\/#primaryimage"},"image":{"@id":"https:\/\/fit360.ee\/en\/pood\/product-groups\/vitamins-and-minerals-en\/d-vitamin-en\/vitamiin-d3-2000iu-120-softgels\/#primaryimage"},"thumbnailUrl":"https:\/\/fit360.ee\/wp-content\/uploads\/2020\/08\/4000-iu-d3-vitamiin-fit360.ee_.jpg","datePublished":"2020-08-18T17:52:34+00:00","dateModified":"2025-10-31T10:08:27+00:00","description":"Vitamiin D3 on k\u00f5ige olulisem vitamiin - tugevdab Teie organismi; aitab s\u00e4ilitada tugevat luustikku ning annab eluks vajalikku energiat.","breadcrumb":{"@id":"https:\/\/fit360.ee\/en\/pood\/product-groups\/vitamins-and-minerals-en\/d-vitamin-en\/vitamiin-d3-2000iu-120-softgels\/#breadcrumb"},"inLanguage":"en-US","potentialAction":[{"@type":"ReadAction","target":["https:\/\/fit360.ee\/en\/pood\/product-groups\/vitamins-and-minerals-en\/d-vitamin-en\/vitamiin-d3-2000iu-120-softgels\/"]}]},{"@type":"ImageObject","inLanguage":"en-US","@id":"https:\/\/fit360.ee\/en\/pood\/product-groups\/vitamins-and-minerals-en\/d-vitamin-en\/vitamiin-d3-2000iu-120-softgels\/#primaryimage","url":"https:\/\/fit360.ee\/wp-content\/uploads\/2020\/08\/4000-iu-d3-vitamiin-fit360.ee_.jpg","contentUrl":"https:\/\/fit360.ee\/wp-content\/uploads\/2020\/08\/4000-iu-d3-vitamiin-fit360.ee_.jpg","width":700,"height":700,"caption":"vitamiin d3 4000 iu - fit360.ee"},{"@type":"BreadcrumbList","@id":"https:\/\/fit360.ee\/en\/pood\/product-groups\/vitamins-and-minerals-en\/d-vitamin-en\/vitamiin-d3-2000iu-120-softgels\/#breadcrumb","itemListElement":[{"@type":"ListItem","position":1,"name":"Home","item":"https:\/\/fit360.ee\/en\/"},{"@type":"ListItem","position":2,"name":"Shop","item":"https:\/\/fit360.ee\/en\/shop\/"},{"@type":"ListItem","position":3,"name":"Evolite Vitamiin D3 2000IU (120 softgels)"}]},{"@type":"WebSite","@id":"https:\/\/fit360.ee\/en\/#website","url":"https:\/\/fit360.ee\/en\/","name":"Fit360","description":"","publisher":{"@id":"https:\/\/fit360.ee\/en\/#organization"},"potentialAction":[{"@type":"SearchAction","target":{"@type":"EntryPoint","urlTemplate":"https:\/\/fit360.ee\/en\/?s={search_term_string}"},"query-input":{"@type":"PropertyValueSpecification","valueRequired":true,"valueName":"search_term_string"}}],"inLanguage":"en-US"},{"@type":"Organization","@id":"https:\/\/fit360.ee\/en\/#organization","name":"Fit360","url":"https:\/\/fit360.ee\/en\/","logo":{"@type":"ImageObject","inLanguage":"en-US","@id":"https:\/\/fit360.ee\/en\/#\/schema\/logo\/image\/","url":"https:\/\/fit360.ee\/wp-content\/uploads\/2017\/01\/logo-fit360.png","contentUrl":"https:\/\/fit360.ee\/wp-content\/uploads\/2017\/01\/logo-fit360.png","width":180,"height":66,"caption":"Fit360"},"image":{"@id":"https:\/\/fit360.ee\/en\/#\/schema\/logo\/image\/"}}]}},"_links":{"self":[{"href":"https:\/\/fit360.ee\/en\/wp-json\/wp\/v2\/product\/38242","targetHints":{"allow":["GET"]}}],"collection":[{"href":"https:\/\/fit360.ee\/en\/wp-json\/wp\/v2\/product"}],"about":[{"href":"https:\/\/fit360.ee\/en\/wp-json\/wp\/v2\/types\/product"}],"replies":[{"embeddable":true,"href":"https:\/\/fit360.ee\/en\/wp-json\/wp\/v2\/comments?post=38242"}],"wp:featuredmedia":[{"embeddable":true,"href":"https:\/\/fit360.ee\/en\/wp-json\/wp\/v2\/media\/85352"}],"wp:attachment":[{"href":"https:\/\/fit360.ee\/en\/wp-json\/wp\/v2\/media?parent=38242"}],"wp:term":[{"taxonomy":"product_brand","embeddable":true,"href":"https:\/\/fit360.ee\/en\/wp-json\/wp\/v2\/product_brand?post=38242"},{"taxonomy":"product_cat","embeddable":true,"href":"https:\/\/fit360.ee\/en\/wp-json\/wp\/v2\/product_cat?post=38242"},{"taxonomy":"product_tag","embeddable":true,"href":"https:\/\/fit360.ee\/en\/wp-json\/wp\/v2\/product_tag?post=38242"},{"taxonomy":"giftcard-category","embeddable":true,"href":"https:\/\/fit360.ee\/en\/wp-json\/wp\/v2\/giftcard-category?post=38242"}],"curies":[{"name":"wp","href":"https:\/\/api.w.org\/{rel}","templated":true}]}}