{"id":38371,"date":"2020-08-30T13:15:08","date_gmt":"2020-08-30T11:15:08","guid":{"rendered":"https:\/\/fit360.ee\/pood\/uncategorized\/pandy-proteiinibatoon-35g\/"},"modified":"2026-01-09T14:34:15","modified_gmt":"2026-01-09T12:34:15","slug":"pandy-proteiinibatoon-35g","status":"publish","type":"product","link":"https:\/\/fit360.ee\/en\/pood\/product-groups\/protein-bars-and-snacks\/pandy-proteiinibatoon-35g\/","title":{"rendered":"P\u00e4ndy proteiinibatoon (35g)"},"content":{"rendered":"<h1>P\u00c4NDY VALGUBATOON:<\/h1>\n<ul>\n<li>Parim maitse<\/li>\n<li>12g proteiini<\/li>\n<li>Ainult 1g suhkruid<\/li>\n<\/ul>\n<p>P\u00e4ndy valgubatoonid on t\u00e4iusliku suuruse v\u00e4ljan\u00e4gemise ja maitsega. Suurus 35g on tehtud nii, et see sobiks k\u00f5igile, mitte liiga v\u00e4ike ja mitte liiga suur. H\u00e4mmastav l\u00f5hna- ja maitseaine koos tipptasemel toitev\u00e4\u00e4rtusega- 12 grammi valku\/proteiini ja ainult 1g suhkrut batooni kohta, teeb sellest \u00fche parima proteiinibatooni maailmas.<\/p>\n<p><strong>Koostisosad*<\/strong>: piimaproteiin, \u0161okolaadi kattega (21,5%), niiskuses\u00e4ilitaja: gl\u00fctserool, kollageeni h\u00fcdrol\u00fcsaat, magusainetega: maltitool, sukraloos: isomalto-oligosahhariid, kakaov\u00f5i, t\u00e4ispiimapulber, r\u00f6stitud sarapuup\u00e4hklid (5%), vesi, kakaomass, palmirasv, emulgaator: sojaletsitiin, naturaalne l\u00f5hna- ja maitseaine, suhkur, sarapuup\u00e4hklit\u00e4idis (0,34%), kakao, v\u00e4herasvane kakaopulber, rapsi\u00f5li, osaliselt h\u00fcdrogeenitud rapsirasv.<\/p>\n<p>*- t\u00f5lgitud on p\u00e4hkli-\u0161okolaadi maitse. Koostisosad v\u00f5ivad maitseti erineda. K\u00fcsimuste korral kirjuta: info@fit360.ee<\/p>\n<p><strong>Allergeenid<\/strong>: piim, soja. V\u00f5ib sisalda muna, gluteeni, maap\u00e4hklite ja muude p\u00e4hkiosakesi.<\/p>\n<p><strong>Kasutamine<\/strong>: Tarbi vastavalt vajadusele<\/p>\n<table>\n<tbody>\n<tr>\n<td width=\"221\"><strong>Anal\u00fc\u00fcs<\/strong><\/td>\n<td width=\"214\"><strong>100g<\/strong><\/td>\n<td width=\"203\"><strong>35g<\/strong><\/td>\n<\/tr>\n<tr>\n<td width=\"221\">Energia<\/td>\n<td width=\"214\">373kcal\/1560kJ<\/td>\n<td width=\"203\">131kcal\/546kJ<\/td>\n<\/tr>\n<tr>\n<td width=\"221\">Rasvad<\/td>\n<td width=\"214\">14g<\/td>\n<td width=\"203\">5g<\/td>\n<\/tr>\n<tr>\n<td width=\"221\"><em>millest k\u00fcllastunud rasvhapped<\/em><\/td>\n<td width=\"214\">8,4g<\/td>\n<td width=\"203\">2,9g<\/td>\n<\/tr>\n<tr>\n<td width=\"221\">S\u00fcsivesikud<\/td>\n<td width=\"214\">31g<\/td>\n<td width=\"203\">11g<\/td>\n<\/tr>\n<tr>\n<td width=\"221\"><em>millest suhkrud<\/em><\/td>\n<td width=\"214\">3,2g<\/td>\n<td width=\"203\">1,1g<\/td>\n<\/tr>\n<tr>\n<td width=\"221\">Valgud<\/td>\n<td width=\"214\">35g<\/td>\n<td width=\"203\">12g<\/td>\n<\/tr>\n<tr>\n<td width=\"221\">Sool<\/td>\n<td width=\"214\">0,65g<\/td>\n<td width=\"203\">0,23g<\/td>\n<\/tr>\n<\/tbody>\n<\/table>\n<p>Soovid kaupa osta suuremas koguses? Vaata antud toodet ka meie HULGI poest\u00a0<a href=\"https:\/\/toidulisandidhulgi.ee\/product\/pandy-proteiinibatoon\/\"><strong>SIIT<\/strong><\/a>!<\/p>\n","protected":false},"excerpt":{"rendered":"<h2>P\u00c4NDY proteiinibatoon<\/h2>\n<ul>\n<li>Parim maitse<\/li>\n<li>12g proteiini<\/li>\n<li>Ainult 1g suhkruid<\/li>\n<\/ul>\n<p>P\u00e4ndy valgubatoonid on t\u00e4iusliku suuruse v\u00e4ljan\u00e4gemise ja maitsega. Suurus 35g on tehtud nii, et see sobiks k\u00f5igile, mitte liiga v\u00e4ike ja mitte liiga suur. H\u00e4mmastav l\u00f5hna- ja maitseaine koos tipptasemel toitev\u00e4\u00e4rtusega- 12 grammi valku\/proteiini ja ainult 1g suhkrut batooni kohta, teeb sellest \u00fche parima proteiinibatooni maailmas.<\/p>\n","protected":false},"featured_media":38366,"comment_status":"open","ping_status":"closed","template":"","meta":[],"product_brand":[],"product_cat":[1963,534],"product_tag":[1964],"giftcard-category":[],"class_list":{"0":"post-38371","1":"product","2":"type-product","3":"status-publish","4":"has-post-thumbnail","6":"product_cat-pandy-en","7":"product_cat-protein-bars-and-snacks","8":"product_tag-pandy-en","9":"pa_maitse-chocolate-caramel","10":"pa_maitse-chocolate-peanut","11":"pa_maitse-maasika-valge-sokolaad-en","12":"pa_maitse-milk-chocolate","13":"pa_maitse-salted-caramel-en","14":"pa_maitse-valge-sokolaadi-mandli-en","16":"first","17":"instock","18":"sale","19":"taxable","20":"shipping-taxable","21":"purchasable","22":"product-type-variable"},"yoast_head":"<!-- This site is optimized with the Yoast SEO plugin v27.3 - https:\/\/yoast.com\/product\/yoast-seo-wordpress\/ -->\n<title>P\u00e4ndy proteiinibatoon (35g) - Proteiinibatoon - Valgubatoon - Kiire tarne<\/title>\n<meta name=\"description\" content=\"P\u00e4ndy proteiinibatoonid on k\u00f5ige maitsvamad valgubatoonid, mida Te kunagi saanud olete. Proovi j\u00e4rgi ning me garanteerime, et j\u00e4\u00e4d rahule.\" \/>\n<meta name=\"robots\" content=\"index, follow, max-snippet:-1, max-image-preview:large, max-video-preview:-1\" \/>\n<link rel=\"canonical\" href=\"https:\/\/fit360.ee\/en\/pood\/product-groups\/protein-bars-and-snacks\/pandy-proteiinibatoon-35g\/\" \/>\n<meta property=\"og:locale\" content=\"en_US\" \/>\n<meta property=\"og:type\" content=\"article\" \/>\n<meta property=\"og:title\" content=\"P\u00e4ndy proteiinibatoon (35g) - Proteiinibatoon - Valgubatoon - Kiire tarne\" \/>\n<meta property=\"og:description\" content=\"P\u00e4ndy proteiinibatoonid on k\u00f5ige maitsvamad valgubatoonid, mida Te kunagi saanud olete. Proovi j\u00e4rgi ning me garanteerime, et j\u00e4\u00e4d rahule.\" \/>\n<meta property=\"og:url\" content=\"https:\/\/fit360.ee\/en\/pood\/product-groups\/protein-bars-and-snacks\/pandy-proteiinibatoon-35g\/\" \/>\n<meta property=\"og:site_name\" content=\"Fit360\" \/>\n<meta property=\"article:modified_time\" content=\"2026-01-09T12:34:15+00:00\" \/>\n<meta property=\"og:image\" content=\"https:\/\/fit360.ee\/wp-content\/uploads\/2020\/08\/creamymilk4-43-600x600-1.jpg\" \/>\n\t<meta property=\"og:image:width\" content=\"600\" \/>\n\t<meta property=\"og:image:height\" content=\"600\" \/>\n\t<meta property=\"og:image:type\" content=\"image\/jpeg\" \/>\n<meta name=\"twitter:card\" content=\"summary_large_image\" \/>\n<meta name=\"twitter:label1\" content=\"Est. reading time\" \/>\n\t<meta name=\"twitter:data1\" content=\"2 minutes\" \/>\n<script type=\"application\/ld+json\" class=\"yoast-schema-graph\">{\"@context\":\"https:\\\/\\\/schema.org\",\"@graph\":[{\"@type\":\"WebPage\",\"@id\":\"https:\\\/\\\/fit360.ee\\\/en\\\/pood\\\/product-groups\\\/protein-bars-and-snacks\\\/pandy-proteiinibatoon-35g\\\/\",\"url\":\"https:\\\/\\\/fit360.ee\\\/en\\\/pood\\\/product-groups\\\/protein-bars-and-snacks\\\/pandy-proteiinibatoon-35g\\\/\",\"name\":\"P\u00e4ndy proteiinibatoon (35g) - Proteiinibatoon - Valgubatoon - Kiire tarne\",\"isPartOf\":{\"@id\":\"https:\\\/\\\/fit360.ee\\\/en\\\/#website\"},\"primaryImageOfPage\":{\"@id\":\"https:\\\/\\\/fit360.ee\\\/en\\\/pood\\\/product-groups\\\/protein-bars-and-snacks\\\/pandy-proteiinibatoon-35g\\\/#primaryimage\"},\"image\":{\"@id\":\"https:\\\/\\\/fit360.ee\\\/en\\\/pood\\\/product-groups\\\/protein-bars-and-snacks\\\/pandy-proteiinibatoon-35g\\\/#primaryimage\"},\"thumbnailUrl\":\"https:\\\/\\\/fit360.ee\\\/wp-content\\\/uploads\\\/2020\\\/08\\\/creamymilk4-43-600x600-1.jpg\",\"datePublished\":\"2020-08-30T11:15:08+00:00\",\"dateModified\":\"2026-01-09T12:34:15+00:00\",\"description\":\"P\u00e4ndy proteiinibatoonid on k\u00f5ige maitsvamad valgubatoonid, mida Te kunagi saanud olete. Proovi j\u00e4rgi ning me garanteerime, et j\u00e4\u00e4d rahule.\",\"breadcrumb\":{\"@id\":\"https:\\\/\\\/fit360.ee\\\/en\\\/pood\\\/product-groups\\\/protein-bars-and-snacks\\\/pandy-proteiinibatoon-35g\\\/#breadcrumb\"},\"inLanguage\":\"en-US\",\"potentialAction\":[{\"@type\":\"ReadAction\",\"target\":[\"https:\\\/\\\/fit360.ee\\\/en\\\/pood\\\/product-groups\\\/protein-bars-and-snacks\\\/pandy-proteiinibatoon-35g\\\/\"]}]},{\"@type\":\"ImageObject\",\"inLanguage\":\"en-US\",\"@id\":\"https:\\\/\\\/fit360.ee\\\/en\\\/pood\\\/product-groups\\\/protein-bars-and-snacks\\\/pandy-proteiinibatoon-35g\\\/#primaryimage\",\"url\":\"https:\\\/\\\/fit360.ee\\\/wp-content\\\/uploads\\\/2020\\\/08\\\/creamymilk4-43-600x600-1.jpg\",\"contentUrl\":\"https:\\\/\\\/fit360.ee\\\/wp-content\\\/uploads\\\/2020\\\/08\\\/creamymilk4-43-600x600-1.jpg\",\"width\":600,\"height\":600,\"caption\":\"P\u00e4ndy proteiinibatoon - valgubatoon - fit360.ee\"},{\"@type\":\"BreadcrumbList\",\"@id\":\"https:\\\/\\\/fit360.ee\\\/en\\\/pood\\\/product-groups\\\/protein-bars-and-snacks\\\/pandy-proteiinibatoon-35g\\\/#breadcrumb\",\"itemListElement\":[{\"@type\":\"ListItem\",\"position\":1,\"name\":\"Home\",\"item\":\"https:\\\/\\\/fit360.ee\\\/en\\\/\"},{\"@type\":\"ListItem\",\"position\":2,\"name\":\"Shop\",\"item\":\"https:\\\/\\\/fit360.ee\\\/en\\\/shop\\\/\"},{\"@type\":\"ListItem\",\"position\":3,\"name\":\"P\u00e4ndy proteiinibatoon (35g)\"}]},{\"@type\":\"WebSite\",\"@id\":\"https:\\\/\\\/fit360.ee\\\/en\\\/#website\",\"url\":\"https:\\\/\\\/fit360.ee\\\/en\\\/\",\"name\":\"Fit360\",\"description\":\"\",\"publisher\":{\"@id\":\"https:\\\/\\\/fit360.ee\\\/en\\\/#organization\"},\"potentialAction\":[{\"@type\":\"SearchAction\",\"target\":{\"@type\":\"EntryPoint\",\"urlTemplate\":\"https:\\\/\\\/fit360.ee\\\/en\\\/?s={search_term_string}\"},\"query-input\":{\"@type\":\"PropertyValueSpecification\",\"valueRequired\":true,\"valueName\":\"search_term_string\"}}],\"inLanguage\":\"en-US\"},{\"@type\":\"Organization\",\"@id\":\"https:\\\/\\\/fit360.ee\\\/en\\\/#organization\",\"name\":\"Fit360\",\"url\":\"https:\\\/\\\/fit360.ee\\\/en\\\/\",\"logo\":{\"@type\":\"ImageObject\",\"inLanguage\":\"en-US\",\"@id\":\"https:\\\/\\\/fit360.ee\\\/en\\\/#\\\/schema\\\/logo\\\/image\\\/\",\"url\":\"https:\\\/\\\/fit360.ee\\\/wp-content\\\/uploads\\\/2017\\\/01\\\/logo-fit360.png\",\"contentUrl\":\"https:\\\/\\\/fit360.ee\\\/wp-content\\\/uploads\\\/2017\\\/01\\\/logo-fit360.png\",\"width\":180,\"height\":66,\"caption\":\"Fit360\"},\"image\":{\"@id\":\"https:\\\/\\\/fit360.ee\\\/en\\\/#\\\/schema\\\/logo\\\/image\\\/\"}}]}<\/script>\n<!-- \/ Yoast SEO plugin. -->","yoast_head_json":{"title":"P\u00e4ndy proteiinibatoon (35g) - Proteiinibatoon - Valgubatoon - Kiire tarne","description":"P\u00e4ndy proteiinibatoonid on k\u00f5ige maitsvamad valgubatoonid, mida Te kunagi saanud olete. Proovi j\u00e4rgi ning me garanteerime, et j\u00e4\u00e4d rahule.","robots":{"index":"index","follow":"follow","max-snippet":"max-snippet:-1","max-image-preview":"max-image-preview:large","max-video-preview":"max-video-preview:-1"},"canonical":"https:\/\/fit360.ee\/en\/pood\/product-groups\/protein-bars-and-snacks\/pandy-proteiinibatoon-35g\/","og_locale":"en_US","og_type":"article","og_title":"P\u00e4ndy proteiinibatoon (35g) - Proteiinibatoon - Valgubatoon - Kiire tarne","og_description":"P\u00e4ndy proteiinibatoonid on k\u00f5ige maitsvamad valgubatoonid, mida Te kunagi saanud olete. Proovi j\u00e4rgi ning me garanteerime, et j\u00e4\u00e4d rahule.","og_url":"https:\/\/fit360.ee\/en\/pood\/product-groups\/protein-bars-and-snacks\/pandy-proteiinibatoon-35g\/","og_site_name":"Fit360","article_modified_time":"2026-01-09T12:34:15+00:00","og_image":[{"width":600,"height":600,"url":"https:\/\/fit360.ee\/wp-content\/uploads\/2020\/08\/creamymilk4-43-600x600-1.jpg","type":"image\/jpeg"}],"twitter_card":"summary_large_image","twitter_misc":{"Est. reading time":"2 minutes"},"schema":{"@context":"https:\/\/schema.org","@graph":[{"@type":"WebPage","@id":"https:\/\/fit360.ee\/en\/pood\/product-groups\/protein-bars-and-snacks\/pandy-proteiinibatoon-35g\/","url":"https:\/\/fit360.ee\/en\/pood\/product-groups\/protein-bars-and-snacks\/pandy-proteiinibatoon-35g\/","name":"P\u00e4ndy proteiinibatoon (35g) - Proteiinibatoon - Valgubatoon - Kiire tarne","isPartOf":{"@id":"https:\/\/fit360.ee\/en\/#website"},"primaryImageOfPage":{"@id":"https:\/\/fit360.ee\/en\/pood\/product-groups\/protein-bars-and-snacks\/pandy-proteiinibatoon-35g\/#primaryimage"},"image":{"@id":"https:\/\/fit360.ee\/en\/pood\/product-groups\/protein-bars-and-snacks\/pandy-proteiinibatoon-35g\/#primaryimage"},"thumbnailUrl":"https:\/\/fit360.ee\/wp-content\/uploads\/2020\/08\/creamymilk4-43-600x600-1.jpg","datePublished":"2020-08-30T11:15:08+00:00","dateModified":"2026-01-09T12:34:15+00:00","description":"P\u00e4ndy proteiinibatoonid on k\u00f5ige maitsvamad valgubatoonid, mida Te kunagi saanud olete. Proovi j\u00e4rgi ning me garanteerime, et j\u00e4\u00e4d rahule.","breadcrumb":{"@id":"https:\/\/fit360.ee\/en\/pood\/product-groups\/protein-bars-and-snacks\/pandy-proteiinibatoon-35g\/#breadcrumb"},"inLanguage":"en-US","potentialAction":[{"@type":"ReadAction","target":["https:\/\/fit360.ee\/en\/pood\/product-groups\/protein-bars-and-snacks\/pandy-proteiinibatoon-35g\/"]}]},{"@type":"ImageObject","inLanguage":"en-US","@id":"https:\/\/fit360.ee\/en\/pood\/product-groups\/protein-bars-and-snacks\/pandy-proteiinibatoon-35g\/#primaryimage","url":"https:\/\/fit360.ee\/wp-content\/uploads\/2020\/08\/creamymilk4-43-600x600-1.jpg","contentUrl":"https:\/\/fit360.ee\/wp-content\/uploads\/2020\/08\/creamymilk4-43-600x600-1.jpg","width":600,"height":600,"caption":"P\u00e4ndy proteiinibatoon - valgubatoon - fit360.ee"},{"@type":"BreadcrumbList","@id":"https:\/\/fit360.ee\/en\/pood\/product-groups\/protein-bars-and-snacks\/pandy-proteiinibatoon-35g\/#breadcrumb","itemListElement":[{"@type":"ListItem","position":1,"name":"Home","item":"https:\/\/fit360.ee\/en\/"},{"@type":"ListItem","position":2,"name":"Shop","item":"https:\/\/fit360.ee\/en\/shop\/"},{"@type":"ListItem","position":3,"name":"P\u00e4ndy proteiinibatoon (35g)"}]},{"@type":"WebSite","@id":"https:\/\/fit360.ee\/en\/#website","url":"https:\/\/fit360.ee\/en\/","name":"Fit360","description":"","publisher":{"@id":"https:\/\/fit360.ee\/en\/#organization"},"potentialAction":[{"@type":"SearchAction","target":{"@type":"EntryPoint","urlTemplate":"https:\/\/fit360.ee\/en\/?s={search_term_string}"},"query-input":{"@type":"PropertyValueSpecification","valueRequired":true,"valueName":"search_term_string"}}],"inLanguage":"en-US"},{"@type":"Organization","@id":"https:\/\/fit360.ee\/en\/#organization","name":"Fit360","url":"https:\/\/fit360.ee\/en\/","logo":{"@type":"ImageObject","inLanguage":"en-US","@id":"https:\/\/fit360.ee\/en\/#\/schema\/logo\/image\/","url":"https:\/\/fit360.ee\/wp-content\/uploads\/2017\/01\/logo-fit360.png","contentUrl":"https:\/\/fit360.ee\/wp-content\/uploads\/2017\/01\/logo-fit360.png","width":180,"height":66,"caption":"Fit360"},"image":{"@id":"https:\/\/fit360.ee\/en\/#\/schema\/logo\/image\/"}}]}},"_links":{"self":[{"href":"https:\/\/fit360.ee\/en\/wp-json\/wp\/v2\/product\/38371","targetHints":{"allow":["GET"]}}],"collection":[{"href":"https:\/\/fit360.ee\/en\/wp-json\/wp\/v2\/product"}],"about":[{"href":"https:\/\/fit360.ee\/en\/wp-json\/wp\/v2\/types\/product"}],"replies":[{"embeddable":true,"href":"https:\/\/fit360.ee\/en\/wp-json\/wp\/v2\/comments?post=38371"}],"wp:featuredmedia":[{"embeddable":true,"href":"https:\/\/fit360.ee\/en\/wp-json\/wp\/v2\/media\/38366"}],"wp:attachment":[{"href":"https:\/\/fit360.ee\/en\/wp-json\/wp\/v2\/media?parent=38371"}],"wp:term":[{"taxonomy":"product_brand","embeddable":true,"href":"https:\/\/fit360.ee\/en\/wp-json\/wp\/v2\/product_brand?post=38371"},{"taxonomy":"product_cat","embeddable":true,"href":"https:\/\/fit360.ee\/en\/wp-json\/wp\/v2\/product_cat?post=38371"},{"taxonomy":"product_tag","embeddable":true,"href":"https:\/\/fit360.ee\/en\/wp-json\/wp\/v2\/product_tag?post=38371"},{"taxonomy":"giftcard-category","embeddable":true,"href":"https:\/\/fit360.ee\/en\/wp-json\/wp\/v2\/giftcard-category?post=38371"}],"curies":[{"name":"wp","href":"https:\/\/api.w.org\/{rel}","templated":true}]}}