{"id":38394,"date":"2020-08-30T13:56:36","date_gmt":"2020-08-30T11:56:36","guid":{"rendered":"https:\/\/fit360.ee\/pood\/uncategorized\/pandy-kummikommid-50g\/"},"modified":"2025-08-13T07:35:07","modified_gmt":"2025-08-13T05:35:07","slug":"pandy-kummikommid-50g","status":"publish","type":"product","link":"https:\/\/fit360.ee\/en\/pood\/product-groups\/protein-bars-and-snacks\/pandy-kummikommid-50g\/","title":{"rendered":"P\u00c4NDY kummikommid (50g)"},"content":{"rendered":"<h1>P\u00c4NDY KUMMIKOMMID:<\/h1>\n<p>Kui teile meeldivad hapud kommid, siis hakkate neid armastama! Sisaldab segu sidruni- ja mustikamaitselistest kaladest.<br \/>\nP\u00e4ndy kummikommid on madala suhkrusisaldusega kommid on ainulaadne toode, mis maitseb sama h\u00e4sti (kui isegi mitte paremini) kui tavalised kommid, kuid sisaldavad ainult 1 grammi suhkrut paki kohta. Suhkur asendatakse looduslike kiudainete ja k\u00f5rgkvaliteetsete magusainetega.<\/p>\n<p><strong style=\"font-size: 14.4px;\">Kasutamine<\/strong><span style=\"font-size: 14.4px;\">: Tarbi vastavalt vajadusele<\/span><\/p>\n<p><strong>Koostisosad<\/strong>: Mahuaine (pol\u00fcdekstroos), isomalto-oligosahhariidid, magusaine (er\u00fctritool), \u017eelatiin, happesuse regulaatorid (E296, E330), l\u00f5hna- ja maitseained, toiduv\u00e4rv (E120, E141), glaseeraine (E903), magusained (kaaliumatsesulfaam, sukraloos).<\/p>\n<p><strong>Suurus<\/strong>: 50g<\/p>\n<p><strong>Maitsed<\/strong>: Armsad S\u00fcdamed; Bubble Gum, Arbuus<\/p>\n<table>\n<tbody>\n<tr>\n<td width=\"221\"><strong>Anal\u00fc\u00fcs<\/strong><\/td>\n<td width=\"214\"><strong>100g<\/strong><\/td>\n<td width=\"203\"><strong>50g<\/strong><\/td>\n<\/tr>\n<tr>\n<td width=\"221\">Energia<\/td>\n<td width=\"214\">160kcal\/671kJ<\/td>\n<td width=\"203\">80kcal\/335kJ<\/td>\n<\/tr>\n<tr>\n<td width=\"221\">Rasvad<\/td>\n<td width=\"214\">&lt;0,1g<\/td>\n<td width=\"203\">&lt;0,1g<\/td>\n<\/tr>\n<tr>\n<td width=\"221\"><em>millest k\u00fcllastunud rasvhapped<\/em><\/td>\n<td width=\"214\">&lt;0,1g<\/td>\n<td width=\"203\">&lt;0,1g<\/td>\n<\/tr>\n<tr>\n<td width=\"221\">S\u00fcsivesikud<\/td>\n<td width=\"214\">26g<\/td>\n<td width=\"203\">13g<\/td>\n<\/tr>\n<tr>\n<td width=\"221\"><em>millest suhkrud<\/em><\/td>\n<td width=\"214\">2g<\/td>\n<td width=\"203\">1g<\/td>\n<\/tr>\n<tr>\n<td width=\"221\">Kiudained<\/td>\n<td width=\"214\">51g<\/td>\n<td width=\"203\">26g<\/td>\n<\/tr>\n<tr>\n<td width=\"221\">Valgud<\/td>\n<td width=\"214\">6,7g<\/td>\n<td width=\"203\">3,3g<\/td>\n<\/tr>\n<tr>\n<td width=\"221\">Sool<\/td>\n<td width=\"214\">0,09g<\/td>\n<td width=\"203\">0,04g<\/td>\n<\/tr>\n<\/tbody>\n<\/table>\n<p>Soovid kaupa osta suuremas koguses? Vaata antud toodet ka meie HULGI poest\u00a0<a href=\"https:\/\/toidulisandidhulgi.ee\/product\/pandy-kummikommid\/\"><strong>SIIT<\/strong><\/a>!<\/p>\n","protected":false},"excerpt":{"rendered":"<h2>P\u00e4ndy kummikommid:<\/h2>\n<ul>\n<li>1g Suhkruid paki kohta<\/li>\n<li>Sama hea maitse nagu tavalistel kummikommidel<\/li>\n<li>K\u00f5rge kiudaine sisaldus<\/li>\n<\/ul>\n<p><strong>P\u00e4ndy kummikommid<\/strong> &#8211; Kui teile meeldivad hapud kommid, siis hakkate neid armastama! Sisaldab segu sidruni- ja mustikamaitselistest kaladest.<br \/>\nP\u00e4ndy kummikommid on madala suhkrusisaldusega kommid on ainulaadne toode, mis maitseb sama h\u00e4sti (kui isegi mitte paremini) kui tavalised kommid, kuid sisaldavad ainult 1 grammi suhkrut paki kohta. Suhkur asendatakse looduslike kiudainete ja k\u00f5rgkvaliteetsete magusainetega.<\/p>\n","protected":false},"featured_media":38389,"comment_status":"open","ping_status":"closed","template":"","meta":[],"product_brand":[],"product_cat":[1963,534],"product_tag":[1964],"giftcard-category":[],"class_list":{"0":"post-38394","1":"product","2":"type-product","3":"status-publish","4":"has-post-thumbnail","6":"product_cat-pandy-en","7":"product_cat-protein-bars-and-snacks","8":"product_tag-pandy-en","9":"pa_maitse-arbuus-en","10":"pa_maitse-armsad-sudamed-en","11":"pa_maitse-bubble-gum-en","12":"pa_maitse-cola-en","13":"pa_maitse-tropic-trio-en","15":"first","16":"instock","17":"sale","18":"taxable","19":"shipping-taxable","20":"purchasable","21":"product-type-variable"},"yoast_head":"<!-- This site is optimized with the Yoast SEO plugin v27.3 - https:\/\/yoast.com\/product\/yoast-seo-wordpress\/ -->\n<title>P\u00e4ndy kummikommid 50g - 1g Suhkrut paki kohta - Imeline maitse - Fit360<\/title>\n<meta name=\"description\" content=\"P\u00e4ndy kummikommid on ainulaadne toode, mis maitseb sama h\u00e4sti (kui isegi mitte paremini) kui tavalised kommid. Vaid 1g suhkruid paki kohta\" \/>\n<meta name=\"robots\" content=\"index, follow, max-snippet:-1, max-image-preview:large, max-video-preview:-1\" \/>\n<link rel=\"canonical\" href=\"https:\/\/fit360.ee\/en\/pood\/product-groups\/protein-bars-and-snacks\/pandy-kummikommid-50g\/\" \/>\n<meta property=\"og:locale\" content=\"en_US\" \/>\n<meta property=\"og:type\" content=\"article\" \/>\n<meta property=\"og:title\" content=\"P\u00e4ndy kummikommid 50g - 1g Suhkrut paki kohta - Imeline maitse - Fit360\" \/>\n<meta property=\"og:description\" content=\"P\u00e4ndy kummikommid on ainulaadne toode, mis maitseb sama h\u00e4sti (kui isegi mitte paremini) kui tavalised kommid. Vaid 1g suhkruid paki kohta\" \/>\n<meta property=\"og:url\" content=\"https:\/\/fit360.ee\/en\/pood\/product-groups\/protein-bars-and-snacks\/pandy-kummikommid-50g\/\" \/>\n<meta property=\"og:site_name\" content=\"Fit360\" \/>\n<meta property=\"article:modified_time\" content=\"2025-08-13T05:35:07+00:00\" \/>\n<meta property=\"og:image\" content=\"https:\/\/fit360.ee\/wp-content\/uploads\/2020\/08\/Artboard-Copy-22-5-1.jpg\" \/>\n\t<meta property=\"og:image:width\" content=\"1024\" \/>\n\t<meta property=\"og:image:height\" content=\"900\" \/>\n\t<meta property=\"og:image:type\" content=\"image\/jpeg\" \/>\n<meta name=\"twitter:card\" content=\"summary_large_image\" \/>\n<meta name=\"twitter:label1\" content=\"Est. reading time\" \/>\n\t<meta name=\"twitter:data1\" content=\"1 minute\" \/>\n<script type=\"application\/ld+json\" class=\"yoast-schema-graph\">{\"@context\":\"https:\\\/\\\/schema.org\",\"@graph\":[{\"@type\":\"WebPage\",\"@id\":\"https:\\\/\\\/fit360.ee\\\/en\\\/pood\\\/product-groups\\\/protein-bars-and-snacks\\\/pandy-kummikommid-50g\\\/\",\"url\":\"https:\\\/\\\/fit360.ee\\\/en\\\/pood\\\/product-groups\\\/protein-bars-and-snacks\\\/pandy-kummikommid-50g\\\/\",\"name\":\"P\u00e4ndy kummikommid 50g - 1g Suhkrut paki kohta - Imeline maitse - Fit360\",\"isPartOf\":{\"@id\":\"https:\\\/\\\/fit360.ee\\\/en\\\/#website\"},\"primaryImageOfPage\":{\"@id\":\"https:\\\/\\\/fit360.ee\\\/en\\\/pood\\\/product-groups\\\/protein-bars-and-snacks\\\/pandy-kummikommid-50g\\\/#primaryimage\"},\"image\":{\"@id\":\"https:\\\/\\\/fit360.ee\\\/en\\\/pood\\\/product-groups\\\/protein-bars-and-snacks\\\/pandy-kummikommid-50g\\\/#primaryimage\"},\"thumbnailUrl\":\"https:\\\/\\\/fit360.ee\\\/wp-content\\\/uploads\\\/2020\\\/08\\\/Artboard-Copy-22-5-1.jpg\",\"datePublished\":\"2020-08-30T11:56:36+00:00\",\"dateModified\":\"2025-08-13T05:35:07+00:00\",\"description\":\"P\u00e4ndy kummikommid on ainulaadne toode, mis maitseb sama h\u00e4sti (kui isegi mitte paremini) kui tavalised kommid. Vaid 1g suhkruid paki kohta\",\"breadcrumb\":{\"@id\":\"https:\\\/\\\/fit360.ee\\\/en\\\/pood\\\/product-groups\\\/protein-bars-and-snacks\\\/pandy-kummikommid-50g\\\/#breadcrumb\"},\"inLanguage\":\"en-US\",\"potentialAction\":[{\"@type\":\"ReadAction\",\"target\":[\"https:\\\/\\\/fit360.ee\\\/en\\\/pood\\\/product-groups\\\/protein-bars-and-snacks\\\/pandy-kummikommid-50g\\\/\"]}]},{\"@type\":\"ImageObject\",\"inLanguage\":\"en-US\",\"@id\":\"https:\\\/\\\/fit360.ee\\\/en\\\/pood\\\/product-groups\\\/protein-bars-and-snacks\\\/pandy-kummikommid-50g\\\/#primaryimage\",\"url\":\"https:\\\/\\\/fit360.ee\\\/wp-content\\\/uploads\\\/2020\\\/08\\\/Artboard-Copy-22-5-1.jpg\",\"contentUrl\":\"https:\\\/\\\/fit360.ee\\\/wp-content\\\/uploads\\\/2020\\\/08\\\/Artboard-Copy-22-5-1.jpg\",\"width\":1024,\"height\":900,\"caption\":\"P\u00e4ndy kummikommid - P\u00e4ndy proteiinibatoonid - fit360.ee\"},{\"@type\":\"BreadcrumbList\",\"@id\":\"https:\\\/\\\/fit360.ee\\\/en\\\/pood\\\/product-groups\\\/protein-bars-and-snacks\\\/pandy-kummikommid-50g\\\/#breadcrumb\",\"itemListElement\":[{\"@type\":\"ListItem\",\"position\":1,\"name\":\"Home\",\"item\":\"https:\\\/\\\/fit360.ee\\\/en\\\/\"},{\"@type\":\"ListItem\",\"position\":2,\"name\":\"Shop\",\"item\":\"https:\\\/\\\/fit360.ee\\\/en\\\/shop\\\/\"},{\"@type\":\"ListItem\",\"position\":3,\"name\":\"P\u00c4NDY kummikommid (50g)\"}]},{\"@type\":\"WebSite\",\"@id\":\"https:\\\/\\\/fit360.ee\\\/en\\\/#website\",\"url\":\"https:\\\/\\\/fit360.ee\\\/en\\\/\",\"name\":\"Fit360\",\"description\":\"\",\"publisher\":{\"@id\":\"https:\\\/\\\/fit360.ee\\\/en\\\/#organization\"},\"potentialAction\":[{\"@type\":\"SearchAction\",\"target\":{\"@type\":\"EntryPoint\",\"urlTemplate\":\"https:\\\/\\\/fit360.ee\\\/en\\\/?s={search_term_string}\"},\"query-input\":{\"@type\":\"PropertyValueSpecification\",\"valueRequired\":true,\"valueName\":\"search_term_string\"}}],\"inLanguage\":\"en-US\"},{\"@type\":\"Organization\",\"@id\":\"https:\\\/\\\/fit360.ee\\\/en\\\/#organization\",\"name\":\"Fit360\",\"url\":\"https:\\\/\\\/fit360.ee\\\/en\\\/\",\"logo\":{\"@type\":\"ImageObject\",\"inLanguage\":\"en-US\",\"@id\":\"https:\\\/\\\/fit360.ee\\\/en\\\/#\\\/schema\\\/logo\\\/image\\\/\",\"url\":\"https:\\\/\\\/fit360.ee\\\/wp-content\\\/uploads\\\/2017\\\/01\\\/logo-fit360.png\",\"contentUrl\":\"https:\\\/\\\/fit360.ee\\\/wp-content\\\/uploads\\\/2017\\\/01\\\/logo-fit360.png\",\"width\":180,\"height\":66,\"caption\":\"Fit360\"},\"image\":{\"@id\":\"https:\\\/\\\/fit360.ee\\\/en\\\/#\\\/schema\\\/logo\\\/image\\\/\"}}]}<\/script>\n<!-- \/ Yoast SEO plugin. -->","yoast_head_json":{"title":"P\u00e4ndy kummikommid 50g - 1g Suhkrut paki kohta - Imeline maitse - Fit360","description":"P\u00e4ndy kummikommid on ainulaadne toode, mis maitseb sama h\u00e4sti (kui isegi mitte paremini) kui tavalised kommid. Vaid 1g suhkruid paki kohta","robots":{"index":"index","follow":"follow","max-snippet":"max-snippet:-1","max-image-preview":"max-image-preview:large","max-video-preview":"max-video-preview:-1"},"canonical":"https:\/\/fit360.ee\/en\/pood\/product-groups\/protein-bars-and-snacks\/pandy-kummikommid-50g\/","og_locale":"en_US","og_type":"article","og_title":"P\u00e4ndy kummikommid 50g - 1g Suhkrut paki kohta - Imeline maitse - Fit360","og_description":"P\u00e4ndy kummikommid on ainulaadne toode, mis maitseb sama h\u00e4sti (kui isegi mitte paremini) kui tavalised kommid. Vaid 1g suhkruid paki kohta","og_url":"https:\/\/fit360.ee\/en\/pood\/product-groups\/protein-bars-and-snacks\/pandy-kummikommid-50g\/","og_site_name":"Fit360","article_modified_time":"2025-08-13T05:35:07+00:00","og_image":[{"width":1024,"height":900,"url":"https:\/\/fit360.ee\/wp-content\/uploads\/2020\/08\/Artboard-Copy-22-5-1.jpg","type":"image\/jpeg"}],"twitter_card":"summary_large_image","twitter_misc":{"Est. reading time":"1 minute"},"schema":{"@context":"https:\/\/schema.org","@graph":[{"@type":"WebPage","@id":"https:\/\/fit360.ee\/en\/pood\/product-groups\/protein-bars-and-snacks\/pandy-kummikommid-50g\/","url":"https:\/\/fit360.ee\/en\/pood\/product-groups\/protein-bars-and-snacks\/pandy-kummikommid-50g\/","name":"P\u00e4ndy kummikommid 50g - 1g Suhkrut paki kohta - Imeline maitse - Fit360","isPartOf":{"@id":"https:\/\/fit360.ee\/en\/#website"},"primaryImageOfPage":{"@id":"https:\/\/fit360.ee\/en\/pood\/product-groups\/protein-bars-and-snacks\/pandy-kummikommid-50g\/#primaryimage"},"image":{"@id":"https:\/\/fit360.ee\/en\/pood\/product-groups\/protein-bars-and-snacks\/pandy-kummikommid-50g\/#primaryimage"},"thumbnailUrl":"https:\/\/fit360.ee\/wp-content\/uploads\/2020\/08\/Artboard-Copy-22-5-1.jpg","datePublished":"2020-08-30T11:56:36+00:00","dateModified":"2025-08-13T05:35:07+00:00","description":"P\u00e4ndy kummikommid on ainulaadne toode, mis maitseb sama h\u00e4sti (kui isegi mitte paremini) kui tavalised kommid. Vaid 1g suhkruid paki kohta","breadcrumb":{"@id":"https:\/\/fit360.ee\/en\/pood\/product-groups\/protein-bars-and-snacks\/pandy-kummikommid-50g\/#breadcrumb"},"inLanguage":"en-US","potentialAction":[{"@type":"ReadAction","target":["https:\/\/fit360.ee\/en\/pood\/product-groups\/protein-bars-and-snacks\/pandy-kummikommid-50g\/"]}]},{"@type":"ImageObject","inLanguage":"en-US","@id":"https:\/\/fit360.ee\/en\/pood\/product-groups\/protein-bars-and-snacks\/pandy-kummikommid-50g\/#primaryimage","url":"https:\/\/fit360.ee\/wp-content\/uploads\/2020\/08\/Artboard-Copy-22-5-1.jpg","contentUrl":"https:\/\/fit360.ee\/wp-content\/uploads\/2020\/08\/Artboard-Copy-22-5-1.jpg","width":1024,"height":900,"caption":"P\u00e4ndy kummikommid - P\u00e4ndy proteiinibatoonid - fit360.ee"},{"@type":"BreadcrumbList","@id":"https:\/\/fit360.ee\/en\/pood\/product-groups\/protein-bars-and-snacks\/pandy-kummikommid-50g\/#breadcrumb","itemListElement":[{"@type":"ListItem","position":1,"name":"Home","item":"https:\/\/fit360.ee\/en\/"},{"@type":"ListItem","position":2,"name":"Shop","item":"https:\/\/fit360.ee\/en\/shop\/"},{"@type":"ListItem","position":3,"name":"P\u00c4NDY kummikommid (50g)"}]},{"@type":"WebSite","@id":"https:\/\/fit360.ee\/en\/#website","url":"https:\/\/fit360.ee\/en\/","name":"Fit360","description":"","publisher":{"@id":"https:\/\/fit360.ee\/en\/#organization"},"potentialAction":[{"@type":"SearchAction","target":{"@type":"EntryPoint","urlTemplate":"https:\/\/fit360.ee\/en\/?s={search_term_string}"},"query-input":{"@type":"PropertyValueSpecification","valueRequired":true,"valueName":"search_term_string"}}],"inLanguage":"en-US"},{"@type":"Organization","@id":"https:\/\/fit360.ee\/en\/#organization","name":"Fit360","url":"https:\/\/fit360.ee\/en\/","logo":{"@type":"ImageObject","inLanguage":"en-US","@id":"https:\/\/fit360.ee\/en\/#\/schema\/logo\/image\/","url":"https:\/\/fit360.ee\/wp-content\/uploads\/2017\/01\/logo-fit360.png","contentUrl":"https:\/\/fit360.ee\/wp-content\/uploads\/2017\/01\/logo-fit360.png","width":180,"height":66,"caption":"Fit360"},"image":{"@id":"https:\/\/fit360.ee\/en\/#\/schema\/logo\/image\/"}}]}},"_links":{"self":[{"href":"https:\/\/fit360.ee\/en\/wp-json\/wp\/v2\/product\/38394","targetHints":{"allow":["GET"]}}],"collection":[{"href":"https:\/\/fit360.ee\/en\/wp-json\/wp\/v2\/product"}],"about":[{"href":"https:\/\/fit360.ee\/en\/wp-json\/wp\/v2\/types\/product"}],"replies":[{"embeddable":true,"href":"https:\/\/fit360.ee\/en\/wp-json\/wp\/v2\/comments?post=38394"}],"wp:featuredmedia":[{"embeddable":true,"href":"https:\/\/fit360.ee\/en\/wp-json\/wp\/v2\/media\/38389"}],"wp:attachment":[{"href":"https:\/\/fit360.ee\/en\/wp-json\/wp\/v2\/media?parent=38394"}],"wp:term":[{"taxonomy":"product_brand","embeddable":true,"href":"https:\/\/fit360.ee\/en\/wp-json\/wp\/v2\/product_brand?post=38394"},{"taxonomy":"product_cat","embeddable":true,"href":"https:\/\/fit360.ee\/en\/wp-json\/wp\/v2\/product_cat?post=38394"},{"taxonomy":"product_tag","embeddable":true,"href":"https:\/\/fit360.ee\/en\/wp-json\/wp\/v2\/product_tag?post=38394"},{"taxonomy":"giftcard-category","embeddable":true,"href":"https:\/\/fit360.ee\/en\/wp-json\/wp\/v2\/giftcard-category?post=38394"}],"curies":[{"name":"wp","href":"https:\/\/api.w.org\/{rel}","templated":true}]}}